{"id":1344612,"date":"2022-10-18T07:21:54","date_gmt":"2022-10-18T05:21:54","guid":{"rendered":"https:\/\/www.calibereurope.com\/energiesparende-elektrische-heizung\/"},"modified":"2022-10-18T07:22:09","modified_gmt":"2022-10-18T05:22:09","slug":"energiesparende-elektrische-heizung","status":"publish","type":"page","link":"https:\/\/www.calibereurope.com\/de\/energiesparende-elektrische-heizung\/","title":{"rendered":"Energiesparende elektrische Heizung"},"content":{"rendered":"<div class=\"wpb-content-wrapper\"><p>[vc_row][vc_column width=&#8221;1\/2&#8243; el_id=&#8221;blaupunkt-verwarming-info&#8221;]<div class=\"porto-u-heading  wpb_custom_52e6752a7c190360b2b12d149e70cb2e porto-u-ad87e2eaf3f9c495180fe0156ddf3eb0 \"><div class=\"porto-u-main-heading\"><h2  >Blaupunkt Elektroheizung<\/h2><\/div><style>.porto-u-ad87e2eaf3f9c495180fe0156ddf3eb0.porto-u-heading{text-align:left}<\/style><\/div>[vc_column_text]F\u00fcr viele Menschen sind die Gasrechnungen heutzutage unerschwinglich. Ein \u00f6lgef\u00fcllter Heizk\u00f6rper ist daher die ideale L\u00f6sung f\u00fcr Menschen, die bei der monatlichen Rechnung sparen wollen. Dieses Heizger\u00e4t wird mit Strom betrieben und ist daher sehr sparsam im Verbrauch. Das \u00d6l im Heizger\u00e4t erw\u00e4rmt sich schnell und strahlt auch lange Zeit W\u00e4rme ab. Auch l\u00e4stige Ger\u00e4usche werden Sie nicht st\u00f6ren, denn der \u00d6lradiator ist im Betrieb v\u00f6llig ger\u00e4uschlos. Die Heizk\u00f6rper sind in 3 verschiedenen Varianten erh\u00e4ltlich; der HOR301 hat eine Leistung von 1500 Watt und kann damit R\u00e4ume bis zu 14m2 beheizen. Der HOR401 mit einer Leistung von 2000 Watt ist f\u00fcr R\u00e4ume bis zu 18m2 geeignet. Und schlie\u00dflich der HOR501 mit einer Leistung von nicht weniger als 2500 Watt, der f\u00fcr R\u00e4ume bis zu 22 m2 geeignet ist. Alle Heizk\u00f6rper haben einen eingebauten Sicherheitsschalter, einen \u00dcberhitzungsschutz und sind dank der R\u00e4der und Tragegriffe leicht zu transportieren. Mit 3 W\u00e4rmestufen k\u00f6nnen Sie ganz einfach diejenige einstellen, die Ihnen am besten gef\u00e4llt. \u00dcbersetzt mit www.DeepL.com\/Translator (kostenlose Version)[\/vc_column_text][\/vc_column][vc_column width=&#8221;1\/2&#8243;][vc_single_image image=&#8221;1341186&#8243; img_size=&#8221;full&#8221; alignment=&#8221;center&#8221;][\/vc_column][\/vc_row][vc_row][vc_column][vc_separator]<div class=\"woocommerce columns-3 \"><\/div>[\/vc_column][\/vc_row]<\/p>\n<\/div>","protected":false},"excerpt":{"rendered":"<p>[vc_row][vc_column width=&#8221;1\/2&#8243; el_id=&#8221;blaupunkt-verwarming-info&#8221;][vc_column_text]F\u00fcr viele Menschen sind die Gasrechnungen heutzutage unerschwinglich. Ein \u00f6lgef\u00fcllter Heizk\u00f6rper ist daher die ideale L\u00f6sung f\u00fcr Menschen, die bei der monatlichen Rechnung sparen wollen. Dieses Heizger\u00e4t wird mit Strom betrieben und ist daher sehr sparsam im Verbrauch. Das \u00d6l im Heizger\u00e4t erw\u00e4rmt sich schnell und strahlt auch lange Zeit W\u00e4rme ab. Auch [&hellip;]<\/p>\n","protected":false},"author":1,"featured_media":0,"parent":0,"menu_order":0,"comment_status":"closed","ping_status":"closed","template":"","meta":{"inline_featured_image":false,"footnotes":""},"class_list":["post-1344612","page","type-page","status-publish","hentry"],"yoast_head":"<!-- This site is optimized with the Yoast SEO plugin v24.4 - https:\/\/yoast.com\/wordpress\/plugins\/seo\/ -->\n<title>Energiesparende elektrische Heizung | Caliber<\/title>\n<meta name=\"robots\" content=\"index, follow, max-snippet:-1, max-image-preview:large, max-video-preview:-1\" \/>\n<link rel=\"canonical\" href=\"https:\/\/www.calibereurope.com\/de\/energiesparende-elektrische-heizung\/\" \/>\n<meta property=\"og:locale\" content=\"de_DE\" \/>\n<meta property=\"og:type\" content=\"article\" \/>\n<meta property=\"og:title\" content=\"Energiesparende elektrische Heizung | Caliber\" \/>\n<meta property=\"og:description\" content=\"[vc_row][vc_column width=&#8221;1\/2&#8243; el_id=&#8221;blaupunkt-verwarming-info&#8221;][vc_column_text]F\u00fcr viele Menschen sind die Gasrechnungen heutzutage unerschwinglich. Ein \u00f6lgef\u00fcllter Heizk\u00f6rper ist daher die ideale L\u00f6sung f\u00fcr Menschen, die bei der monatlichen Rechnung sparen wollen. Dieses Heizger\u00e4t wird mit Strom betrieben und ist daher sehr sparsam im Verbrauch. Das \u00d6l im Heizger\u00e4t erw\u00e4rmt sich schnell und strahlt auch lange Zeit W\u00e4rme ab. Auch [&hellip;]\" \/>\n<meta property=\"og:url\" content=\"https:\/\/www.calibereurope.com\/de\/energiesparende-elektrische-heizung\/\" \/>\n<meta property=\"og:site_name\" content=\"Caliber\" \/>\n<meta property=\"article:publisher\" content=\"https:\/\/facebook.com\/CaliberEurope\/\" \/>\n<meta property=\"article:modified_time\" content=\"2022-10-18T05:22:09+00:00\" \/>\n<meta property=\"og:image\" content=\"https:\/\/www.calibereurope.com\/wp-content\/uploads\/2023\/05\/Caliber-logo-opengraphs.jpg\" \/>\n\t<meta property=\"og:image:width\" content=\"1050\" \/>\n\t<meta property=\"og:image:height\" content=\"525\" \/>\n\t<meta property=\"og:image:type\" content=\"image\/jpeg\" \/>\n<meta name=\"twitter:card\" content=\"summary_large_image\" \/>\n<meta name=\"twitter:site\" content=\"@calibereurope\" \/>\n<meta name=\"twitter:label1\" content=\"Gesch\u00e4tzte Lesezeit\" \/>\n\t<meta name=\"twitter:data1\" content=\"1\u00a0Minute\" \/>\n<script type=\"application\/ld+json\" class=\"yoast-schema-graph\">{\"@context\":\"https:\/\/schema.org\",\"@graph\":[{\"@type\":\"WebPage\",\"@id\":\"https:\/\/www.calibereurope.com\/de\/energiesparende-elektrische-heizung\/\",\"url\":\"https:\/\/www.calibereurope.com\/de\/energiesparende-elektrische-heizung\/\",\"name\":\"Energiesparende elektrische Heizung | Caliber\",\"isPartOf\":{\"@id\":\"https:\/\/www.calibereurope.com\/de\/#website\"},\"datePublished\":\"2022-10-18T05:21:54+00:00\",\"dateModified\":\"2022-10-18T05:22:09+00:00\",\"breadcrumb\":{\"@id\":\"https:\/\/www.calibereurope.com\/de\/energiesparende-elektrische-heizung\/#breadcrumb\"},\"inLanguage\":\"de\",\"potentialAction\":[{\"@type\":\"ReadAction\",\"target\":[\"https:\/\/www.calibereurope.com\/de\/energiesparende-elektrische-heizung\/\"]}]},{\"@type\":\"BreadcrumbList\",\"@id\":\"https:\/\/www.calibereurope.com\/de\/energiesparende-elektrische-heizung\/#breadcrumb\",\"itemListElement\":[{\"@type\":\"ListItem\",\"position\":1,\"name\":\"Home\",\"item\":\"https:\/\/www.calibereurope.com\/de\/\"},{\"@type\":\"ListItem\",\"position\":2,\"name\":\"Energiesparende elektrische Heizung\"}]},{\"@type\":\"WebSite\",\"@id\":\"https:\/\/www.calibereurope.com\/de\/#website\",\"url\":\"https:\/\/www.calibereurope.com\/de\/\",\"name\":\"Caliber\",\"description\":\"Sounds good!\",\"publisher\":{\"@id\":\"https:\/\/www.calibereurope.com\/de\/#organization\"},\"potentialAction\":[{\"@type\":\"SearchAction\",\"target\":{\"@type\":\"EntryPoint\",\"urlTemplate\":\"https:\/\/www.calibereurope.com\/de\/?s={search_term_string}\"},\"query-input\":{\"@type\":\"PropertyValueSpecification\",\"valueRequired\":true,\"valueName\":\"search_term_string\"}}],\"inLanguage\":\"de\"},{\"@type\":\"Organization\",\"@id\":\"https:\/\/www.calibereurope.com\/de\/#organization\",\"name\":\"Caliber Europe B.V.\",\"url\":\"https:\/\/www.calibereurope.com\/de\/\",\"logo\":{\"@type\":\"ImageObject\",\"inLanguage\":\"de\",\"@id\":\"https:\/\/www.calibereurope.com\/de\/#\/schema\/logo\/image\/\",\"url\":\"https:\/\/www.calibereurope.com\/wp-content\/uploads\/2019\/11\/Logo-Caliber-e1574846289621.png\",\"contentUrl\":\"https:\/\/www.calibereurope.com\/wp-content\/uploads\/2019\/11\/Logo-Caliber-e1574846289621.png\",\"width\":400,\"height\":69,\"caption\":\"Caliber Europe B.V.\"},\"image\":{\"@id\":\"https:\/\/www.calibereurope.com\/de\/#\/schema\/logo\/image\/\"},\"sameAs\":[\"https:\/\/facebook.com\/CaliberEurope\/\",\"https:\/\/x.com\/calibereurope\",\"https:\/\/www.instagram.com\/calibereurope\/\"]}]}<\/script>\n<!-- \/ Yoast SEO plugin. -->","yoast_head_json":{"title":"Energiesparende elektrische Heizung | Caliber","robots":{"index":"index","follow":"follow","max-snippet":"max-snippet:-1","max-image-preview":"max-image-preview:large","max-video-preview":"max-video-preview:-1"},"canonical":"https:\/\/www.calibereurope.com\/de\/energiesparende-elektrische-heizung\/","og_locale":"de_DE","og_type":"article","og_title":"Energiesparende elektrische Heizung | Caliber","og_description":"[vc_row][vc_column width=&#8221;1\/2&#8243; el_id=&#8221;blaupunkt-verwarming-info&#8221;][vc_column_text]F\u00fcr viele Menschen sind die Gasrechnungen heutzutage unerschwinglich. Ein \u00f6lgef\u00fcllter Heizk\u00f6rper ist daher die ideale L\u00f6sung f\u00fcr Menschen, die bei der monatlichen Rechnung sparen wollen. Dieses Heizger\u00e4t wird mit Strom betrieben und ist daher sehr sparsam im Verbrauch. Das \u00d6l im Heizger\u00e4t erw\u00e4rmt sich schnell und strahlt auch lange Zeit W\u00e4rme ab. Auch [&hellip;]","og_url":"https:\/\/www.calibereurope.com\/de\/energiesparende-elektrische-heizung\/","og_site_name":"Caliber","article_publisher":"https:\/\/facebook.com\/CaliberEurope\/","article_modified_time":"2022-10-18T05:22:09+00:00","og_image":[{"width":1050,"height":525,"url":"https:\/\/www.calibereurope.com\/wp-content\/uploads\/2023\/05\/Caliber-logo-opengraphs.jpg","type":"image\/jpeg"}],"twitter_card":"summary_large_image","twitter_site":"@calibereurope","twitter_misc":{"Gesch\u00e4tzte Lesezeit":"1\u00a0Minute"},"schema":{"@context":"https:\/\/schema.org","@graph":[{"@type":"WebPage","@id":"https:\/\/www.calibereurope.com\/de\/energiesparende-elektrische-heizung\/","url":"https:\/\/www.calibereurope.com\/de\/energiesparende-elektrische-heizung\/","name":"Energiesparende elektrische Heizung | Caliber","isPartOf":{"@id":"https:\/\/www.calibereurope.com\/de\/#website"},"datePublished":"2022-10-18T05:21:54+00:00","dateModified":"2022-10-18T05:22:09+00:00","breadcrumb":{"@id":"https:\/\/www.calibereurope.com\/de\/energiesparende-elektrische-heizung\/#breadcrumb"},"inLanguage":"de","potentialAction":[{"@type":"ReadAction","target":["https:\/\/www.calibereurope.com\/de\/energiesparende-elektrische-heizung\/"]}]},{"@type":"BreadcrumbList","@id":"https:\/\/www.calibereurope.com\/de\/energiesparende-elektrische-heizung\/#breadcrumb","itemListElement":[{"@type":"ListItem","position":1,"name":"Home","item":"https:\/\/www.calibereurope.com\/de\/"},{"@type":"ListItem","position":2,"name":"Energiesparende elektrische Heizung"}]},{"@type":"WebSite","@id":"https:\/\/www.calibereurope.com\/de\/#website","url":"https:\/\/www.calibereurope.com\/de\/","name":"Caliber","description":"Sounds good!","publisher":{"@id":"https:\/\/www.calibereurope.com\/de\/#organization"},"potentialAction":[{"@type":"SearchAction","target":{"@type":"EntryPoint","urlTemplate":"https:\/\/www.calibereurope.com\/de\/?s={search_term_string}"},"query-input":{"@type":"PropertyValueSpecification","valueRequired":true,"valueName":"search_term_string"}}],"inLanguage":"de"},{"@type":"Organization","@id":"https:\/\/www.calibereurope.com\/de\/#organization","name":"Caliber Europe B.V.","url":"https:\/\/www.calibereurope.com\/de\/","logo":{"@type":"ImageObject","inLanguage":"de","@id":"https:\/\/www.calibereurope.com\/de\/#\/schema\/logo\/image\/","url":"https:\/\/www.calibereurope.com\/wp-content\/uploads\/2019\/11\/Logo-Caliber-e1574846289621.png","contentUrl":"https:\/\/www.calibereurope.com\/wp-content\/uploads\/2019\/11\/Logo-Caliber-e1574846289621.png","width":400,"height":69,"caption":"Caliber Europe B.V."},"image":{"@id":"https:\/\/www.calibereurope.com\/de\/#\/schema\/logo\/image\/"},"sameAs":["https:\/\/facebook.com\/CaliberEurope\/","https:\/\/x.com\/calibereurope","https:\/\/www.instagram.com\/calibereurope\/"]}]}},"_links":{"self":[{"href":"https:\/\/www.calibereurope.com\/de\/wp-json\/wp\/v2\/pages\/1344612","targetHints":{"allow":["GET"]}}],"collection":[{"href":"https:\/\/www.calibereurope.com\/de\/wp-json\/wp\/v2\/pages"}],"about":[{"href":"https:\/\/www.calibereurope.com\/de\/wp-json\/wp\/v2\/types\/page"}],"author":[{"embeddable":true,"href":"https:\/\/www.calibereurope.com\/de\/wp-json\/wp\/v2\/users\/1"}],"replies":[{"embeddable":true,"href":"https:\/\/www.calibereurope.com\/de\/wp-json\/wp\/v2\/comments?post=1344612"}],"version-history":[{"count":5,"href":"https:\/\/www.calibereurope.com\/de\/wp-json\/wp\/v2\/pages\/1344612\/revisions"}],"predecessor-version":[{"id":1344619,"href":"https:\/\/www.calibereurope.com\/de\/wp-json\/wp\/v2\/pages\/1344612\/revisions\/1344619"}],"wp:attachment":[{"href":"https:\/\/www.calibereurope.com\/de\/wp-json\/wp\/v2\/media?parent=1344612"}],"curies":[{"name":"wp","href":"https:\/\/api.w.org\/{rel}","templated":true}]}}