{"id":39779,"date":"2020-05-20T13:56:34","date_gmt":"2020-05-20T11:56:34","guid":{"rendered":"https:\/\/www.calibereurope.com\/kundendienst\/bestellung-und-bezahlung\/"},"modified":"2020-09-16T13:19:04","modified_gmt":"2020-09-16T11:19:04","slug":"bestellung-und-bezahlung","status":"publish","type":"page","link":"https:\/\/www.calibereurope.com\/de\/kundendienst\/bestellung-und-bezahlung\/","title":{"rendered":"Bestellung und Bezahlung"},"content":{"rendered":"<div class=\"wpb-content-wrapper\"><p>[vc_row][vc_column][vc_column_text]Sie k\u00f6nnen einen Artikel wie folgt online kaufen:<\/p>\n<ul>\n<li>Legen Sie Ihren Artikel in den Warenkorb<\/li>\n<li>Klicken Sie im Warenkorb auf die Schaltfl\u00e4che &#8220;Zur Kasse gehen&#8221;.<\/li>\n<li>Loggen Sie sich ein und\/oder geben Sie Ihre Daten ein<\/li>\n<li>W\u00e4hlen Sie nun die gew\u00fcnschte Zahlungsmethode<\/li>\n<li>\u00dcberpr\u00fcfen Sie Ihre Angaben und bestellen Sie<\/li>\n<li>Nachdem Sie die Allgemeinen Gesch\u00e4ftsbedingungen akzeptiert haben, klicken Sie auf &#8220;Bestellung aufgeben&#8221; oder &#8220;Zur\u00fcck&#8221;.<\/li>\n<li>Sie k\u00f6nnen die Zahlung jetzt in einer sicheren Zahlungsumgebung durchf\u00fchren<\/li>\n<li>Nach Best\u00e4tigung der Bestellung erhalten Sie eine Auftragsbest\u00e4tigung per E-Mail. Sollte dies nicht geschehen, kontaktieren Sie uns bitte. <\/li>\n<\/ul>\n<p>Caliber wird den Auftrag nun weiter bearbeiten.<\/p>\n<p><strong>Versandkosten Niederlande und Belgien<\/strong><br \/>\nDie Lieferungen werden ohne Versandkosten versandt. Wir haben daf\u00fcr keinen Mindestbestellwert. <\/p>\n<p><strong>Versandkosten Deutschland<\/strong><br \/>\nF\u00fcr Deutschland verwenden wir ab einem Bestellwert von 49,95 \u20ac keine Versandkosten. Nachstehend berechnen wir 6,95 \u20ac Versandkosten. <\/p>\n<p><strong>Versandkosten Frankreich und Luxemburg<\/strong><br \/>\nF\u00fcr Deutschland verwenden wir ab einem Bestellwert von \u20ac79,95 keine Versandkosten. Nachstehend berechnen wir 9,95 \u20ac Versandkosten. <\/p>\n<p><strong>Zahlungsmethoden<\/strong><br \/>\nBei uns k\u00f6nnen Sie aus den folgenden Zahlungsmethoden w\u00e4hlen: iDEAL &#8211; Sie k\u00f6nnen direkt mit Online-Banking Kreditkarte bezahlen &#8211; Sie k\u00f6nnen mit Visa, American Express und MasterCard bezahlen.<\/p>\n<p><strong>Sicherheit<\/strong><br \/>\nCaliber nimmt Ihre Sicherheit sehr ernst und jede Transaktion wird verschl\u00fcsselt und \u00fcber das Internet gesendet. Caliber verwendet zu diesem Zweck hoch entwickelte Verschl\u00fcsselungstechnologien. Au\u00dferdem erh\u00e4lt Caliber nicht die Bankdaten, sondern kommuniziert direkt mit der Bank. Alle Zahlungen erfolgen \u00fcber eine hochsichere Verbindung, \u00fcber die Ihre Daten sicher und verschl\u00fcsselt \u00fcbertragen werden.[\/vc_column_text][\/vc_column][\/vc_row]<\/p>\n<\/div>","protected":false},"excerpt":{"rendered":"<p>[vc_row][vc_column][vc_column_text]Sie k\u00f6nnen einen Artikel wie folgt online kaufen: Legen Sie Ihren Artikel in den Warenkorb Klicken Sie im Warenkorb auf die Schaltfl\u00e4che &#8220;Zur Kasse gehen&#8221;. Loggen Sie sich ein und\/oder geben Sie Ihre Daten ein W\u00e4hlen Sie nun die gew\u00fcnschte Zahlungsmethode \u00dcberpr\u00fcfen Sie Ihre Angaben und bestellen Sie Nachdem Sie die Allgemeinen Gesch\u00e4ftsbedingungen akzeptiert haben, [&hellip;]<\/p>\n","protected":false},"author":1,"featured_media":0,"parent":39764,"menu_order":0,"comment_status":"closed","ping_status":"closed","template":"","meta":{"inline_featured_image":false,"footnotes":""},"class_list":["post-39779","page","type-page","status-publish","hentry"],"yoast_head":"<!-- This site is optimized with the Yoast SEO plugin v24.4 - https:\/\/yoast.com\/wordpress\/plugins\/seo\/ -->\n<title>Bestellung und Bezahlung | Caliber<\/title>\n<meta name=\"robots\" content=\"index, follow, max-snippet:-1, max-image-preview:large, max-video-preview:-1\" \/>\n<link rel=\"canonical\" href=\"https:\/\/www.calibereurope.com\/de\/kundendienst\/bestellung-und-bezahlung\/\" \/>\n<meta property=\"og:locale\" content=\"de_DE\" \/>\n<meta property=\"og:type\" content=\"article\" \/>\n<meta property=\"og:title\" content=\"Bestellung und Bezahlung | Caliber\" \/>\n<meta property=\"og:description\" content=\"[vc_row][vc_column][vc_column_text]Sie k\u00f6nnen einen Artikel wie folgt online kaufen: Legen Sie Ihren Artikel in den Warenkorb Klicken Sie im Warenkorb auf die Schaltfl\u00e4che &#8220;Zur Kasse gehen&#8221;. Loggen Sie sich ein und\/oder geben Sie Ihre Daten ein W\u00e4hlen Sie nun die gew\u00fcnschte Zahlungsmethode \u00dcberpr\u00fcfen Sie Ihre Angaben und bestellen Sie Nachdem Sie die Allgemeinen Gesch\u00e4ftsbedingungen akzeptiert haben, [&hellip;]\" \/>\n<meta property=\"og:url\" content=\"https:\/\/www.calibereurope.com\/de\/kundendienst\/bestellung-und-bezahlung\/\" \/>\n<meta property=\"og:site_name\" content=\"Caliber\" \/>\n<meta property=\"article:publisher\" content=\"https:\/\/facebook.com\/CaliberEurope\/\" \/>\n<meta property=\"article:modified_time\" content=\"2020-09-16T11:19:04+00:00\" \/>\n<meta property=\"og:image\" content=\"https:\/\/www.calibereurope.com\/wp-content\/uploads\/2023\/05\/Caliber-logo-opengraphs.jpg\" \/>\n\t<meta property=\"og:image:width\" content=\"1050\" \/>\n\t<meta property=\"og:image:height\" content=\"525\" \/>\n\t<meta property=\"og:image:type\" content=\"image\/jpeg\" \/>\n<meta name=\"twitter:card\" content=\"summary_large_image\" \/>\n<meta name=\"twitter:site\" content=\"@calibereurope\" \/>\n<meta name=\"twitter:label1\" content=\"Gesch\u00e4tzte Lesezeit\" \/>\n\t<meta name=\"twitter:data1\" content=\"1\u00a0Minute\" \/>\n<script type=\"application\/ld+json\" class=\"yoast-schema-graph\">{\"@context\":\"https:\/\/schema.org\",\"@graph\":[{\"@type\":\"WebPage\",\"@id\":\"https:\/\/www.calibereurope.com\/de\/kundendienst\/bestellung-und-bezahlung\/\",\"url\":\"https:\/\/www.calibereurope.com\/de\/kundendienst\/bestellung-und-bezahlung\/\",\"name\":\"Bestellung und Bezahlung | Caliber\",\"isPartOf\":{\"@id\":\"https:\/\/www.calibereurope.com\/de\/#website\"},\"datePublished\":\"2020-05-20T11:56:34+00:00\",\"dateModified\":\"2020-09-16T11:19:04+00:00\",\"breadcrumb\":{\"@id\":\"https:\/\/www.calibereurope.com\/de\/kundendienst\/bestellung-und-bezahlung\/#breadcrumb\"},\"inLanguage\":\"de\",\"potentialAction\":[{\"@type\":\"ReadAction\",\"target\":[\"https:\/\/www.calibereurope.com\/de\/kundendienst\/bestellung-und-bezahlung\/\"]}]},{\"@type\":\"BreadcrumbList\",\"@id\":\"https:\/\/www.calibereurope.com\/de\/kundendienst\/bestellung-und-bezahlung\/#breadcrumb\",\"itemListElement\":[{\"@type\":\"ListItem\",\"position\":1,\"name\":\"Home\",\"item\":\"https:\/\/www.calibereurope.com\/de\/\"},{\"@type\":\"ListItem\",\"position\":2,\"name\":\"Kundendienst\",\"item\":\"https:\/\/www.calibereurope.com\/de\/kundendienst\/\"},{\"@type\":\"ListItem\",\"position\":3,\"name\":\"Bestellung und Bezahlung\"}]},{\"@type\":\"WebSite\",\"@id\":\"https:\/\/www.calibereurope.com\/de\/#website\",\"url\":\"https:\/\/www.calibereurope.com\/de\/\",\"name\":\"Caliber\",\"description\":\"Sounds good!\",\"publisher\":{\"@id\":\"https:\/\/www.calibereurope.com\/de\/#organization\"},\"potentialAction\":[{\"@type\":\"SearchAction\",\"target\":{\"@type\":\"EntryPoint\",\"urlTemplate\":\"https:\/\/www.calibereurope.com\/de\/?s={search_term_string}\"},\"query-input\":{\"@type\":\"PropertyValueSpecification\",\"valueRequired\":true,\"valueName\":\"search_term_string\"}}],\"inLanguage\":\"de\"},{\"@type\":\"Organization\",\"@id\":\"https:\/\/www.calibereurope.com\/de\/#organization\",\"name\":\"Caliber Europe B.V.\",\"url\":\"https:\/\/www.calibereurope.com\/de\/\",\"logo\":{\"@type\":\"ImageObject\",\"inLanguage\":\"de\",\"@id\":\"https:\/\/www.calibereurope.com\/de\/#\/schema\/logo\/image\/\",\"url\":\"https:\/\/www.calibereurope.com\/wp-content\/uploads\/2019\/11\/Logo-Caliber-e1574846289621.png\",\"contentUrl\":\"https:\/\/www.calibereurope.com\/wp-content\/uploads\/2019\/11\/Logo-Caliber-e1574846289621.png\",\"width\":400,\"height\":69,\"caption\":\"Caliber Europe B.V.\"},\"image\":{\"@id\":\"https:\/\/www.calibereurope.com\/de\/#\/schema\/logo\/image\/\"},\"sameAs\":[\"https:\/\/facebook.com\/CaliberEurope\/\",\"https:\/\/x.com\/calibereurope\",\"https:\/\/www.instagram.com\/calibereurope\/\"]}]}<\/script>\n<!-- \/ Yoast SEO plugin. -->","yoast_head_json":{"title":"Bestellung und Bezahlung | Caliber","robots":{"index":"index","follow":"follow","max-snippet":"max-snippet:-1","max-image-preview":"max-image-preview:large","max-video-preview":"max-video-preview:-1"},"canonical":"https:\/\/www.calibereurope.com\/de\/kundendienst\/bestellung-und-bezahlung\/","og_locale":"de_DE","og_type":"article","og_title":"Bestellung und Bezahlung | Caliber","og_description":"[vc_row][vc_column][vc_column_text]Sie k\u00f6nnen einen Artikel wie folgt online kaufen: Legen Sie Ihren Artikel in den Warenkorb Klicken Sie im Warenkorb auf die Schaltfl\u00e4che &#8220;Zur Kasse gehen&#8221;. Loggen Sie sich ein und\/oder geben Sie Ihre Daten ein W\u00e4hlen Sie nun die gew\u00fcnschte Zahlungsmethode \u00dcberpr\u00fcfen Sie Ihre Angaben und bestellen Sie Nachdem Sie die Allgemeinen Gesch\u00e4ftsbedingungen akzeptiert haben, [&hellip;]","og_url":"https:\/\/www.calibereurope.com\/de\/kundendienst\/bestellung-und-bezahlung\/","og_site_name":"Caliber","article_publisher":"https:\/\/facebook.com\/CaliberEurope\/","article_modified_time":"2020-09-16T11:19:04+00:00","og_image":[{"width":1050,"height":525,"url":"https:\/\/www.calibereurope.com\/wp-content\/uploads\/2023\/05\/Caliber-logo-opengraphs.jpg","type":"image\/jpeg"}],"twitter_card":"summary_large_image","twitter_site":"@calibereurope","twitter_misc":{"Gesch\u00e4tzte Lesezeit":"1\u00a0Minute"},"schema":{"@context":"https:\/\/schema.org","@graph":[{"@type":"WebPage","@id":"https:\/\/www.calibereurope.com\/de\/kundendienst\/bestellung-und-bezahlung\/","url":"https:\/\/www.calibereurope.com\/de\/kundendienst\/bestellung-und-bezahlung\/","name":"Bestellung und Bezahlung | Caliber","isPartOf":{"@id":"https:\/\/www.calibereurope.com\/de\/#website"},"datePublished":"2020-05-20T11:56:34+00:00","dateModified":"2020-09-16T11:19:04+00:00","breadcrumb":{"@id":"https:\/\/www.calibereurope.com\/de\/kundendienst\/bestellung-und-bezahlung\/#breadcrumb"},"inLanguage":"de","potentialAction":[{"@type":"ReadAction","target":["https:\/\/www.calibereurope.com\/de\/kundendienst\/bestellung-und-bezahlung\/"]}]},{"@type":"BreadcrumbList","@id":"https:\/\/www.calibereurope.com\/de\/kundendienst\/bestellung-und-bezahlung\/#breadcrumb","itemListElement":[{"@type":"ListItem","position":1,"name":"Home","item":"https:\/\/www.calibereurope.com\/de\/"},{"@type":"ListItem","position":2,"name":"Kundendienst","item":"https:\/\/www.calibereurope.com\/de\/kundendienst\/"},{"@type":"ListItem","position":3,"name":"Bestellung und Bezahlung"}]},{"@type":"WebSite","@id":"https:\/\/www.calibereurope.com\/de\/#website","url":"https:\/\/www.calibereurope.com\/de\/","name":"Caliber","description":"Sounds good!","publisher":{"@id":"https:\/\/www.calibereurope.com\/de\/#organization"},"potentialAction":[{"@type":"SearchAction","target":{"@type":"EntryPoint","urlTemplate":"https:\/\/www.calibereurope.com\/de\/?s={search_term_string}"},"query-input":{"@type":"PropertyValueSpecification","valueRequired":true,"valueName":"search_term_string"}}],"inLanguage":"de"},{"@type":"Organization","@id":"https:\/\/www.calibereurope.com\/de\/#organization","name":"Caliber Europe B.V.","url":"https:\/\/www.calibereurope.com\/de\/","logo":{"@type":"ImageObject","inLanguage":"de","@id":"https:\/\/www.calibereurope.com\/de\/#\/schema\/logo\/image\/","url":"https:\/\/www.calibereurope.com\/wp-content\/uploads\/2019\/11\/Logo-Caliber-e1574846289621.png","contentUrl":"https:\/\/www.calibereurope.com\/wp-content\/uploads\/2019\/11\/Logo-Caliber-e1574846289621.png","width":400,"height":69,"caption":"Caliber Europe B.V."},"image":{"@id":"https:\/\/www.calibereurope.com\/de\/#\/schema\/logo\/image\/"},"sameAs":["https:\/\/facebook.com\/CaliberEurope\/","https:\/\/x.com\/calibereurope","https:\/\/www.instagram.com\/calibereurope\/"]}]}},"_links":{"self":[{"href":"https:\/\/www.calibereurope.com\/de\/wp-json\/wp\/v2\/pages\/39779","targetHints":{"allow":["GET"]}}],"collection":[{"href":"https:\/\/www.calibereurope.com\/de\/wp-json\/wp\/v2\/pages"}],"about":[{"href":"https:\/\/www.calibereurope.com\/de\/wp-json\/wp\/v2\/types\/page"}],"author":[{"embeddable":true,"href":"https:\/\/www.calibereurope.com\/de\/wp-json\/wp\/v2\/users\/1"}],"replies":[{"embeddable":true,"href":"https:\/\/www.calibereurope.com\/de\/wp-json\/wp\/v2\/comments?post=39779"}],"version-history":[{"count":5,"href":"https:\/\/www.calibereurope.com\/de\/wp-json\/wp\/v2\/pages\/39779\/revisions"}],"predecessor-version":[{"id":104934,"href":"https:\/\/www.calibereurope.com\/de\/wp-json\/wp\/v2\/pages\/39779\/revisions\/104934"}],"up":[{"embeddable":true,"href":"https:\/\/www.calibereurope.com\/de\/wp-json\/wp\/v2\/pages\/39764"}],"wp:attachment":[{"href":"https:\/\/www.calibereurope.com\/de\/wp-json\/wp\/v2\/media?parent=39779"}],"curies":[{"name":"wp","href":"https:\/\/api.w.org\/{rel}","templated":true}]}}