{"id":1013389,"date":"2025-10-27T01:00:00","date_gmt":"2025-10-27T00:00:00","guid":{"rendered":""},"modified":"2026-02-25T15:47:35","modified_gmt":"2026-02-25T14:47:35","slug":"M-DL7000D-de_DE","status":"publish","type":"product","link":"https:\/\/www.calibereurope.com\/de\/produkt\/M-DL7000D-de_DE\/","title":{"rendered":"Macrom M-DL7000D- 4x40W 2 Din Autoradio mit 6,8-Zoll Monitor CarPlay Android Auto"},"content":{"rendered":"<div>Das M-DL7000D ist ein 4&#215;40-W-Doppel-Din-Autoradio mit 6,8-Zoll-Monitor, das CarPlay, Android Auto und Online-Navigation bietet.<\/div>\n<div>Entwickelt f\u00fcr alle, die eine perfekte Integration des Smartphones mit dem Infotainmentsystem w\u00fcnschen. Mit dem M-DL7000D k\u00f6nnen Sie die neueste Generation von Smartphones \u00fcber CarPlay\u2122 und&nbsp;<\/div>\n<div>Android Auto\u2122.<\/div>\n<div>Der M-DL7000 ist mit DAB \/ DAB+ Radio, FM Radio mit rds, TP und AF ausgestattet. F\u00fcr den DAB\/DAB+-Empfang ist eine&nbsp; DAB-Antenne erforderlich, die&nbsp; im Lieferumfang enthalten ist.<\/div>\n<div><\/div>\n<div>Bluetooth:<\/div>\n<div>Der M-DL7000D verf\u00fcgt \u00fcber Bluetooth zum Telefonieren und Musikh\u00f6ren, f\u00fcr das Telefonieren ist ein Adressbuch m\u00f6glich<\/div>\n<div><\/div>\n<div>Zus\u00e4tzliche Merkmale:<\/div>\n<div>Um das Einparken zu erleichtern, kann eine optionale R\u00fcckfahrkamera angeschlossen werden. Es ist auch m\u00f6glich, die Lenkradsteuerung anzuschlie\u00dfen, wenn Ihr Fahrzeug \u00fcber diese Funktion verf\u00fcgt. Als Option sind spezielle Anschlusskabel erforderlich.<\/div>\n<div>\u00dcber USB k\u00f6nnen Sie ganz einfach Ihre Musik oder Videos abspielen. Der USB unterst\u00fctzt Audioformate: MP3 \/ WMA \/ FLAC und Videoformate: MPEG \/ AVI \/ DIVX \/ JPG<\/div>\n<div>Das Ger\u00e4t hat auch 4 RCA-Ausg\u00e4nge und 1 Subwoofer-Ausgang, die Frequenz am Subwoofer-Ausgang ist am Ger\u00e4t einstellbar.<\/div>\n<div><\/div>\n<div><\/div>\n<div><\/div>\n","protected":false},"excerpt":{"rendered":"<p>Das M-DL7000D ist ein 4&#215;40-W-Doppel-Din-Autoradio mit 6,8-Zoll-Monitor, das CarPlay, Android Auto und Online-Navigation bietet. Entwickelt f\u00fcr alle, die eine perfekte Integration des Smartphones mit dem Infotainmentsystem w\u00fcnschen. Mit dem M-DL7000D k\u00f6nnen Sie die neueste Generation von Smartphones \u00fcber CarPlay\u2122 und&nbsp; Android Auto\u2122. Der M-DL7000 ist mit DAB \/ DAB+ Radio, FM Radio mit rds, TP [&hellip;]<\/p>\n","protected":false},"featured_media":1679760,"comment_status":"open","ping_status":"closed","template":"","meta":{"inline_featured_image":false},"product_brand":[],"product_cat":[7768,7807],"product_tag":[],"class_list":{"0":"post-1013389","1":"product","2":"type-product","3":"status-publish","4":"has-post-thumbnail","6":"product_cat-auto_de_de","7":"product_cat-radios_auto_de_DE","9":"first","10":"instock","11":"taxable","12":"shipping-taxable","13":"purchasable","14":"product-type-simple"},"yoast_head":"<!-- This site is optimized with the Yoast SEO plugin v24.4 - https:\/\/yoast.com\/wordpress\/plugins\/seo\/ -->\n<title>Macrom M-DL7000D- 4x40W 2 Din Autoradio mit 6,8-Zoll Monitor CarPlay Android Auto | Caliber<\/title>\n<meta name=\"robots\" content=\"index, follow, max-snippet:-1, max-image-preview:large, max-video-preview:-1\" \/>\n<link rel=\"canonical\" href=\"https:\/\/www.calibereurope.com\/de\/produkt\/M-DL7000D-de_DE\/\" \/>\n<meta property=\"og:locale\" content=\"de_DE\" \/>\n<meta property=\"og:type\" content=\"article\" \/>\n<meta property=\"og:title\" content=\"Macrom M-DL7000D- 4x40W 2 Din Autoradio mit 6,8-Zoll Monitor CarPlay Android Auto | Caliber\" \/>\n<meta property=\"og:description\" content=\"Das M-DL7000D ist ein 4&#215;40-W-Doppel-Din-Autoradio mit 6,8-Zoll-Monitor, das CarPlay, Android Auto und Online-Navigation bietet. Entwickelt f\u00fcr alle, die eine perfekte Integration des Smartphones mit dem Infotainmentsystem w\u00fcnschen. Mit dem M-DL7000D k\u00f6nnen Sie die neueste Generation von Smartphones \u00fcber CarPlay\u2122 und&nbsp; Android Auto\u2122. Der M-DL7000 ist mit DAB \/ DAB+ Radio, FM Radio mit rds, TP [&hellip;]\" \/>\n<meta property=\"og:url\" content=\"https:\/\/www.calibereurope.com\/de\/produkt\/M-DL7000D-de_DE\/\" \/>\n<meta property=\"og:site_name\" content=\"Caliber\" \/>\n<meta property=\"article:publisher\" content=\"https:\/\/facebook.com\/CaliberEurope\/\" \/>\n<meta property=\"article:modified_time\" content=\"2026-02-25T14:47:35+00:00\" \/>\n<meta property=\"og:image\" content=\"https:\/\/www.calibereurope.com\/wp-content\/uploads\/2022\/12\/10bba0cd9f1b69fd78816ff840f2f088243a6d7b_M_DL7000_lato.png\" \/>\n\t<meta property=\"og:image:width\" content=\"1000\" \/>\n\t<meta property=\"og:image:height\" content=\"740\" \/>\n\t<meta property=\"og:image:type\" content=\"image\/png\" \/>\n<meta name=\"twitter:card\" content=\"summary_large_image\" \/>\n<meta name=\"twitter:site\" content=\"@calibereurope\" \/>\n<meta name=\"twitter:label1\" content=\"Preis\" \/>\n\t<meta name=\"twitter:data1\" content=\"399,00\" \/>\n\t<meta name=\"twitter:label2\" content=\"Availability\" \/>\n\t<meta name=\"twitter:data2\" content=\"In stock\" \/>\n<script type=\"application\/ld+json\" class=\"yoast-schema-graph\">{\"@context\":\"https:\/\/schema.org\",\"@graph\":[{\"@type\":\"WebPage\",\"@id\":\"https:\/\/www.calibereurope.com\/de\/produkt\/M-DL7000D-de_DE\/\",\"url\":\"https:\/\/www.calibereurope.com\/de\/produkt\/M-DL7000D-de_DE\/\",\"name\":\"Macrom M-DL7000D- 4x40W 2 Din Autoradio mit 6,8-Zoll Monitor CarPlay Android Auto | Caliber\",\"isPartOf\":{\"@id\":\"https:\/\/www.calibereurope.com\/de\/#website\"},\"primaryImageOfPage\":{\"@id\":\"https:\/\/www.calibereurope.com\/de\/produkt\/M-DL7000D-de_DE\/#primaryimage\"},\"image\":{\"@id\":\"https:\/\/www.calibereurope.com\/de\/produkt\/M-DL7000D-de_DE\/#primaryimage\"},\"thumbnailUrl\":\"https:\/\/www.calibereurope.com\/wp-content\/uploads\/2025\/10\/10bba0cd9f1b69fd78816ff840f2f088243a6d7b_M_DL7000_lato.png\",\"datePublished\":\"2025-10-27T00:00:00+00:00\",\"dateModified\":\"2026-02-25T14:47:35+00:00\",\"breadcrumb\":{\"@id\":\"https:\/\/www.calibereurope.com\/de\/produkt\/M-DL7000D-de_DE\/#breadcrumb\"},\"inLanguage\":\"de\",\"potentialAction\":[{\"@type\":\"ReadAction\",\"target\":[\"https:\/\/www.calibereurope.com\/de\/produkt\/M-DL7000D-de_DE\/\"]}]},{\"@type\":\"ImageObject\",\"inLanguage\":\"de\",\"@id\":\"https:\/\/www.calibereurope.com\/de\/produkt\/M-DL7000D-de_DE\/#primaryimage\",\"url\":\"https:\/\/www.calibereurope.com\/wp-content\/uploads\/2025\/10\/10bba0cd9f1b69fd78816ff840f2f088243a6d7b_M_DL7000_lato.png\",\"contentUrl\":\"https:\/\/www.calibereurope.com\/wp-content\/uploads\/2025\/10\/10bba0cd9f1b69fd78816ff840f2f088243a6d7b_M_DL7000_lato.png\",\"width\":1000,\"height\":740},{\"@type\":\"BreadcrumbList\",\"@id\":\"https:\/\/www.calibereurope.com\/de\/produkt\/M-DL7000D-de_DE\/#breadcrumb\",\"itemListElement\":[{\"@type\":\"ListItem\",\"position\":1,\"name\":\"Home\",\"item\":\"https:\/\/www.calibereurope.com\/de\/\"},{\"@type\":\"ListItem\",\"position\":2,\"name\":\"Webshop\",\"item\":\"https:\/\/www.calibereurope.com\/de\/webshop\/\"},{\"@type\":\"ListItem\",\"position\":3,\"name\":\"Auto\",\"item\":\"https:\/\/www.calibereurope.com\/de\/auto_de_de\/\"},{\"@type\":\"ListItem\",\"position\":4,\"name\":\"Radios\",\"item\":\"https:\/\/www.calibereurope.com\/de\/auto_de_de\/radios_auto_de_DE\/\"},{\"@type\":\"ListItem\",\"position\":5,\"name\":\"Macrom M-DL7000D- 4x40W 2 Din Autoradio mit 6,8-Zoll Monitor CarPlay Android Auto\"}]},{\"@type\":\"WebSite\",\"@id\":\"https:\/\/www.calibereurope.com\/de\/#website\",\"url\":\"https:\/\/www.calibereurope.com\/de\/\",\"name\":\"Caliber\",\"description\":\"Sounds good!\",\"publisher\":{\"@id\":\"https:\/\/www.calibereurope.com\/de\/#organization\"},\"potentialAction\":[{\"@type\":\"SearchAction\",\"target\":{\"@type\":\"EntryPoint\",\"urlTemplate\":\"https:\/\/www.calibereurope.com\/de\/?s={search_term_string}\"},\"query-input\":{\"@type\":\"PropertyValueSpecification\",\"valueRequired\":true,\"valueName\":\"search_term_string\"}}],\"inLanguage\":\"de\"},{\"@type\":\"Organization\",\"@id\":\"https:\/\/www.calibereurope.com\/de\/#organization\",\"name\":\"Caliber Europe B.V.\",\"url\":\"https:\/\/www.calibereurope.com\/de\/\",\"logo\":{\"@type\":\"ImageObject\",\"inLanguage\":\"de\",\"@id\":\"https:\/\/www.calibereurope.com\/de\/#\/schema\/logo\/image\/\",\"url\":\"https:\/\/www.calibereurope.com\/wp-content\/uploads\/2019\/11\/Logo-Caliber-e1574846289621.png\",\"contentUrl\":\"https:\/\/www.calibereurope.com\/wp-content\/uploads\/2019\/11\/Logo-Caliber-e1574846289621.png\",\"width\":400,\"height\":69,\"caption\":\"Caliber Europe B.V.\"},\"image\":{\"@id\":\"https:\/\/www.calibereurope.com\/de\/#\/schema\/logo\/image\/\"},\"sameAs\":[\"https:\/\/facebook.com\/CaliberEurope\/\",\"https:\/\/x.com\/calibereurope\",\"https:\/\/www.instagram.com\/calibereurope\/\"]}]}<\/script>\n<meta property=\"product:price:amount\" content=\"399.00\" \/>\n<meta property=\"product:price:currency\" content=\"EUR\" \/>\n<meta property=\"og:availability\" content=\"instock\" \/>\n<meta property=\"product:availability\" content=\"instock\" \/>\n<meta property=\"product:retailer_item_id\" content=\"M-DL7000D\" \/>\n<meta property=\"product:condition\" content=\"new\" \/>\n<!-- \/ Yoast SEO plugin. -->","yoast_head_json":{"title":"Macrom M-DL7000D- 4x40W 2 Din Autoradio mit 6,8-Zoll Monitor CarPlay Android Auto | Caliber","robots":{"index":"index","follow":"follow","max-snippet":"max-snippet:-1","max-image-preview":"max-image-preview:large","max-video-preview":"max-video-preview:-1"},"canonical":"https:\/\/www.calibereurope.com\/de\/produkt\/M-DL7000D-de_DE\/","og_locale":"de_DE","og_type":"article","og_title":"Macrom M-DL7000D- 4x40W 2 Din Autoradio mit 6,8-Zoll Monitor CarPlay Android Auto | Caliber","og_description":"Das M-DL7000D ist ein 4&#215;40-W-Doppel-Din-Autoradio mit 6,8-Zoll-Monitor, das CarPlay, Android Auto und Online-Navigation bietet. Entwickelt f\u00fcr alle, die eine perfekte Integration des Smartphones mit dem Infotainmentsystem w\u00fcnschen. Mit dem M-DL7000D k\u00f6nnen Sie die neueste Generation von Smartphones \u00fcber CarPlay\u2122 und&nbsp; Android Auto\u2122. Der M-DL7000 ist mit DAB \/ DAB+ Radio, FM Radio mit rds, TP [&hellip;]","og_url":"https:\/\/www.calibereurope.com\/de\/produkt\/M-DL7000D-de_DE\/","og_site_name":"Caliber","article_publisher":"https:\/\/facebook.com\/CaliberEurope\/","article_modified_time":"2026-02-25T14:47:35+00:00","og_image":[{"width":1000,"height":740,"url":"https:\/\/www.calibereurope.com\/wp-content\/uploads\/2022\/12\/10bba0cd9f1b69fd78816ff840f2f088243a6d7b_M_DL7000_lato.png","type":"image\/png"}],"twitter_card":"summary_large_image","twitter_site":"@calibereurope","twitter_misc":{"Preis":"399,00","Availability":"In stock"},"schema":{"@context":"https:\/\/schema.org","@graph":[{"@type":"WebPage","@id":"https:\/\/www.calibereurope.com\/de\/produkt\/M-DL7000D-de_DE\/","url":"https:\/\/www.calibereurope.com\/de\/produkt\/M-DL7000D-de_DE\/","name":"Macrom M-DL7000D- 4x40W 2 Din Autoradio mit 6,8-Zoll Monitor CarPlay Android Auto | Caliber","isPartOf":{"@id":"https:\/\/www.calibereurope.com\/de\/#website"},"primaryImageOfPage":{"@id":"https:\/\/www.calibereurope.com\/de\/produkt\/M-DL7000D-de_DE\/#primaryimage"},"image":{"@id":"https:\/\/www.calibereurope.com\/de\/produkt\/M-DL7000D-de_DE\/#primaryimage"},"thumbnailUrl":"https:\/\/www.calibereurope.com\/wp-content\/uploads\/2025\/10\/10bba0cd9f1b69fd78816ff840f2f088243a6d7b_M_DL7000_lato.png","datePublished":"2025-10-27T00:00:00+00:00","dateModified":"2026-02-25T14:47:35+00:00","breadcrumb":{"@id":"https:\/\/www.calibereurope.com\/de\/produkt\/M-DL7000D-de_DE\/#breadcrumb"},"inLanguage":"de","potentialAction":[{"@type":"ReadAction","target":["https:\/\/www.calibereurope.com\/de\/produkt\/M-DL7000D-de_DE\/"]}]},{"@type":"ImageObject","inLanguage":"de","@id":"https:\/\/www.calibereurope.com\/de\/produkt\/M-DL7000D-de_DE\/#primaryimage","url":"https:\/\/www.calibereurope.com\/wp-content\/uploads\/2025\/10\/10bba0cd9f1b69fd78816ff840f2f088243a6d7b_M_DL7000_lato.png","contentUrl":"https:\/\/www.calibereurope.com\/wp-content\/uploads\/2025\/10\/10bba0cd9f1b69fd78816ff840f2f088243a6d7b_M_DL7000_lato.png","width":1000,"height":740},{"@type":"BreadcrumbList","@id":"https:\/\/www.calibereurope.com\/de\/produkt\/M-DL7000D-de_DE\/#breadcrumb","itemListElement":[{"@type":"ListItem","position":1,"name":"Home","item":"https:\/\/www.calibereurope.com\/de\/"},{"@type":"ListItem","position":2,"name":"Webshop","item":"https:\/\/www.calibereurope.com\/de\/webshop\/"},{"@type":"ListItem","position":3,"name":"Auto","item":"https:\/\/www.calibereurope.com\/de\/auto_de_de\/"},{"@type":"ListItem","position":4,"name":"Radios","item":"https:\/\/www.calibereurope.com\/de\/auto_de_de\/radios_auto_de_DE\/"},{"@type":"ListItem","position":5,"name":"Macrom M-DL7000D- 4x40W 2 Din Autoradio mit 6,8-Zoll Monitor CarPlay Android Auto"}]},{"@type":"WebSite","@id":"https:\/\/www.calibereurope.com\/de\/#website","url":"https:\/\/www.calibereurope.com\/de\/","name":"Caliber","description":"Sounds good!","publisher":{"@id":"https:\/\/www.calibereurope.com\/de\/#organization"},"potentialAction":[{"@type":"SearchAction","target":{"@type":"EntryPoint","urlTemplate":"https:\/\/www.calibereurope.com\/de\/?s={search_term_string}"},"query-input":{"@type":"PropertyValueSpecification","valueRequired":true,"valueName":"search_term_string"}}],"inLanguage":"de"},{"@type":"Organization","@id":"https:\/\/www.calibereurope.com\/de\/#organization","name":"Caliber Europe B.V.","url":"https:\/\/www.calibereurope.com\/de\/","logo":{"@type":"ImageObject","inLanguage":"de","@id":"https:\/\/www.calibereurope.com\/de\/#\/schema\/logo\/image\/","url":"https:\/\/www.calibereurope.com\/wp-content\/uploads\/2019\/11\/Logo-Caliber-e1574846289621.png","contentUrl":"https:\/\/www.calibereurope.com\/wp-content\/uploads\/2019\/11\/Logo-Caliber-e1574846289621.png","width":400,"height":69,"caption":"Caliber Europe B.V."},"image":{"@id":"https:\/\/www.calibereurope.com\/de\/#\/schema\/logo\/image\/"},"sameAs":["https:\/\/facebook.com\/CaliberEurope\/","https:\/\/x.com\/calibereurope","https:\/\/www.instagram.com\/calibereurope\/"]}]},"product_price_amount":"399.00","product_price_currency":"EUR","og_availability":"instock","product_availability":"instock","product_retailer_item_id":"M-DL7000D","product_condition":"new"},"_links":{"self":[{"href":"https:\/\/www.calibereurope.com\/de\/wp-json\/wp\/v2\/product\/1013389","targetHints":{"allow":["GET"]}}],"collection":[{"href":"https:\/\/www.calibereurope.com\/de\/wp-json\/wp\/v2\/product"}],"about":[{"href":"https:\/\/www.calibereurope.com\/de\/wp-json\/wp\/v2\/types\/product"}],"replies":[{"embeddable":true,"href":"https:\/\/www.calibereurope.com\/de\/wp-json\/wp\/v2\/comments?post=1013389"}],"wp:featuredmedia":[{"embeddable":true,"href":"https:\/\/www.calibereurope.com\/de\/wp-json\/wp\/v2\/media\/1679760"}],"wp:attachment":[{"href":"https:\/\/www.calibereurope.com\/de\/wp-json\/wp\/v2\/media?parent=1013389"}],"wp:term":[{"taxonomy":"product_brand","embeddable":true,"href":"https:\/\/www.calibereurope.com\/de\/wp-json\/wp\/v2\/product_brand?post=1013389"},{"taxonomy":"product_cat","embeddable":true,"href":"https:\/\/www.calibereurope.com\/de\/wp-json\/wp\/v2\/product_cat?post=1013389"},{"taxonomy":"product_tag","embeddable":true,"href":"https:\/\/www.calibereurope.com\/de\/wp-json\/wp\/v2\/product_tag?post=1013389"}],"curies":[{"name":"wp","href":"https:\/\/api.w.org\/{rel}","templated":true}]}}