{"id":1054614,"date":"2023-03-22T01:00:00","date_gmt":"2023-03-22T00:00:00","guid":{"rendered":""},"modified":"2026-02-27T08:41:34","modified_gmt":"2026-02-27T07:41:34","slug":"RMD213DAB-BT-de_DE","status":"publish","type":"product","link":"https:\/\/www.calibereurope.com\/de\/produkt\/RMD213DAB-BT-de_DE\/","title":{"rendered":"Autoradio mit eingebauten Lautsprechern &#8211; Bluetooth, USB, SD und AUX &#8211; DAB+ und FM Radio (RMD213DAB-BT)"},"content":{"rendered":"<p>Wo auch immer Sie fahren, mit diesem Caliber RMD213DAB-BT Autoradio mit Bluetooth\u00ae genie\u00dfen Sie gute Musik. Mit den <strong>eingebauten Lautsprechern <\/strong>ist das <strong>DAB+ Autoradio <\/strong>ideal f\u00fcr Fahrzeuge, die keine Lautsprecher haben, wie z.B. Gabelstapler und Traktoren. Wenn Sie das Fahrzeug ausschalten, kann die Musik dank der <strong>Akkufunktion <\/strong>des Bluetooth\u00ae Autoradios weiterlaufen. Verbinden Sie Ihr Telefon einfach \u00fcber <strong>Bluetooth\u00ae <\/strong>und h\u00f6ren Sie unterwegs oder bei der Arbeit Ihre Lieblings-Playlists. Sie k\u00f6nnen auch Musik \u00fcber <strong>AUX, USB und SD <\/strong>abspielen und alle <strong>DAB+ und FM-Radiosender <\/strong>empfangen.<\/p>\n<p><\/p>\n<p><strong>Merkmale:<\/strong><\/p>\n<ul>\n<li>1DIN-Format mit festem Panel<\/li>\n<li>2 eingebaute Lautsprecher (2 x 25Watt)<\/li>\n<li>Mit Akkufunktion f\u00fcr 1 Stunde Wiedergabe<\/li>\n<li>DAB\/FM-Radio mit 18 Voreinstellungen<\/li>\n<li>Anschluss von zus\u00e4tzlichen Lautsprechern \u00fcber den ISO-Anschluss<\/li>\n<li>USB und SD bis zu 16 GB<\/li>\n<li>Interner Speicher f\u00fcr Einstellungen<\/li>\n<li>AUX-Eingang (3,5 mm)<\/li>\n<li>Eingebautes Mikrofon<\/li>\n<\/ul>\n<h3>Unendliche H\u00f6rm\u00f6glichkeiten<\/h3>\n<p>Was auch immer Ihr Musikgeschmack ist, Sie h\u00f6ren es auf diesem 1DIN Autoradio, wenn Sie Ihr Smartphone \u00fcber Bluetooth\u00ae oder AUX anschlie\u00dfen. Sie k\u00f6nnen auch Musik von einem USB-Stick oder einer SD-Karte \u00fcber das Autoradio abspielen. Haben Sie keine Lust, selbst auszuw\u00e4hlen, was Sie h\u00f6ren m\u00f6chten, oder h\u00f6ren Sie an einem Morgen immer Ihre Lieblingssendung im Radio? Dann k\u00f6nnen Sie ganz einfach einen Radiosender \u00fcber FM oder DAB+ Autoradio einstellen.<\/p>\n<h3>Ideal f\u00fcr Arbeitsfahrzeuge<\/h3>\n<p>Sind Sie regelm\u00e4\u00dfig mit einem Boot, Golfwagen, Gabelstapler, Traktor oder einem anderen landwirtschaftlichen Fahrzeug unterwegs? Dann ist dieses Bluetooth\u00ae-Radio dank seiner eingebauten Lautsprecher ideal. Selbst wenn Sie das Fahrzeug f\u00fcr eine Weile abstellen, sorgt der Akku daf\u00fcr, dass Sie Ihre Beats noch bis zu 1 Stunde lang genie\u00dfen k\u00f6nnen. Au\u00dferdem sorgt der interne Speicher daf\u00fcr, dass alle Einstellungen erhalten bleiben, wenn das Fahrzeug vom Strom getrennt wird. Am n\u00e4chsten Tag k\u00f6nnen Sie also wie gewohnt weiterh\u00f6ren.<\/p>\n<h3>Einfach zu benutzen<\/h3>\n<p>Die Batterie dieses DAB+ Autoradios mit USB und Bluetooth\u00ae funktioniert sowohl mit 12 als auch mit 24 V, sodass Sie das verwenden k\u00f6nnen, was Ihnen am besten passt. Dank der Standard-1DIN-Gr\u00f6\u00dfe des Autoradios ist es einfach einzubauen und Sie k\u00f6nnen sich von Ihrem alten Radio ohne Bluetooth\u00ae verabschieden.<\/p>\n<p><strong><br \/> Mitgeliefert:<\/strong><\/p>\n<ul>\n<li>Caliber RMD213DAB-BT Autoradio mit Bluetooth<\/li>\n<li>Magnetische Antenne<\/li>\n<\/ul>\n","protected":false},"excerpt":{"rendered":"<p>Wo auch immer Sie fahren, mit diesem Caliber RMD213DAB-BT Autoradio mit Bluetooth\u00ae genie\u00dfen Sie gute Musik. Mit den eingebauten Lautsprechern ist das DAB+ Autoradio ideal f\u00fcr Fahrzeuge, die keine Lautsprecher haben, wie z.B. Gabelstapler und Traktoren. Wenn Sie das Fahrzeug ausschalten, kann die Musik dank der Akkufunktion des Bluetooth\u00ae Autoradios weiterlaufen. Verbinden Sie Ihr Telefon [&hellip;]<\/p>\n","protected":false},"featured_media":1471069,"comment_status":"open","ping_status":"closed","template":"","meta":{"inline_featured_image":false},"product_brand":[],"product_cat":[7768,7807],"product_tag":[],"class_list":{"0":"post-1054614","1":"product","2":"type-product","3":"status-publish","4":"has-post-thumbnail","6":"product_cat-auto_de_de","7":"product_cat-radios_auto_de_DE","9":"first","10":"outofstock","11":"taxable","12":"shipping-taxable","13":"purchasable","14":"product-type-simple"},"yoast_head":"<!-- This site is optimized with the Yoast SEO plugin v24.4 - https:\/\/yoast.com\/wordpress\/plugins\/seo\/ -->\n<title>Autoradio mit eingebauten Lautsprechern - Bluetooth, USB, SD und AUX - DAB+ und FM Radio (RMD213DAB-BT) | Caliber<\/title>\n<meta name=\"robots\" content=\"index, follow, max-snippet:-1, max-image-preview:large, max-video-preview:-1\" \/>\n<link rel=\"canonical\" href=\"https:\/\/www.calibereurope.com\/de\/produkt\/RMD213DAB-BT-de_DE\/\" \/>\n<meta property=\"og:locale\" content=\"de_DE\" \/>\n<meta property=\"og:type\" content=\"article\" \/>\n<meta property=\"og:title\" content=\"Autoradio mit eingebauten Lautsprechern - Bluetooth, USB, SD und AUX - DAB+ und FM Radio (RMD213DAB-BT) | Caliber\" \/>\n<meta property=\"og:description\" content=\"Wo auch immer Sie fahren, mit diesem Caliber RMD213DAB-BT Autoradio mit Bluetooth\u00ae genie\u00dfen Sie gute Musik. Mit den eingebauten Lautsprechern ist das DAB+ Autoradio ideal f\u00fcr Fahrzeuge, die keine Lautsprecher haben, wie z.B. Gabelstapler und Traktoren. Wenn Sie das Fahrzeug ausschalten, kann die Musik dank der Akkufunktion des Bluetooth\u00ae Autoradios weiterlaufen. Verbinden Sie Ihr Telefon [&hellip;]\" \/>\n<meta property=\"og:url\" content=\"https:\/\/www.calibereurope.com\/de\/produkt\/RMD213DAB-BT-de_DE\/\" \/>\n<meta property=\"og:site_name\" content=\"Caliber\" \/>\n<meta property=\"article:publisher\" content=\"https:\/\/facebook.com\/CaliberEurope\/\" \/>\n<meta property=\"article:modified_time\" content=\"2026-02-27T07:41:34+00:00\" \/>\n<meta property=\"og:image\" content=\"https:\/\/www.calibereurope.com\/wp-content\/uploads\/2023\/01\/eba47cf1956c2a34fe33ec3ca24ecc86246530fa_RMD213DAB__BT-4.jpg\" \/>\n\t<meta property=\"og:image:width\" content=\"1024\" \/>\n\t<meta property=\"og:image:height\" content=\"769\" \/>\n\t<meta property=\"og:image:type\" content=\"image\/jpeg\" \/>\n<meta name=\"twitter:card\" content=\"summary_large_image\" \/>\n<meta name=\"twitter:site\" content=\"@calibereurope\" \/>\n<meta name=\"twitter:label1\" content=\"Preis\" \/>\n\t<meta name=\"twitter:data1\" content=\"149,00\" \/>\n\t<meta name=\"twitter:label2\" content=\"Availability\" \/>\n\t<meta name=\"twitter:data2\" content=\"Out of stock\" \/>\n<script type=\"application\/ld+json\" class=\"yoast-schema-graph\">{\"@context\":\"https:\/\/schema.org\",\"@graph\":[{\"@type\":\"WebPage\",\"@id\":\"https:\/\/www.calibereurope.com\/de\/produkt\/RMD213DAB-BT-de_DE\/\",\"url\":\"https:\/\/www.calibereurope.com\/de\/produkt\/RMD213DAB-BT-de_DE\/\",\"name\":\"Autoradio mit eingebauten Lautsprechern - Bluetooth, USB, SD und AUX - DAB+ und FM Radio (RMD213DAB-BT) | Caliber\",\"isPartOf\":{\"@id\":\"https:\/\/www.calibereurope.com\/de\/#website\"},\"primaryImageOfPage\":{\"@id\":\"https:\/\/www.calibereurope.com\/de\/produkt\/RMD213DAB-BT-de_DE\/#primaryimage\"},\"image\":{\"@id\":\"https:\/\/www.calibereurope.com\/de\/produkt\/RMD213DAB-BT-de_DE\/#primaryimage\"},\"thumbnailUrl\":\"https:\/\/www.calibereurope.com\/wp-content\/uploads\/2023\/03\/eba47cf1956c2a34fe33ec3ca24ecc86246530fa_RMD213DAB__BT-1.jpg\",\"datePublished\":\"2023-03-22T00:00:00+00:00\",\"dateModified\":\"2026-02-27T07:41:34+00:00\",\"breadcrumb\":{\"@id\":\"https:\/\/www.calibereurope.com\/de\/produkt\/RMD213DAB-BT-de_DE\/#breadcrumb\"},\"inLanguage\":\"de\",\"potentialAction\":[{\"@type\":\"ReadAction\",\"target\":[\"https:\/\/www.calibereurope.com\/de\/produkt\/RMD213DAB-BT-de_DE\/\"]}]},{\"@type\":\"ImageObject\",\"inLanguage\":\"de\",\"@id\":\"https:\/\/www.calibereurope.com\/de\/produkt\/RMD213DAB-BT-de_DE\/#primaryimage\",\"url\":\"https:\/\/www.calibereurope.com\/wp-content\/uploads\/2023\/03\/eba47cf1956c2a34fe33ec3ca24ecc86246530fa_RMD213DAB__BT-1.jpg\",\"contentUrl\":\"https:\/\/www.calibereurope.com\/wp-content\/uploads\/2023\/03\/eba47cf1956c2a34fe33ec3ca24ecc86246530fa_RMD213DAB__BT-1.jpg\",\"width\":1024,\"height\":769},{\"@type\":\"BreadcrumbList\",\"@id\":\"https:\/\/www.calibereurope.com\/de\/produkt\/RMD213DAB-BT-de_DE\/#breadcrumb\",\"itemListElement\":[{\"@type\":\"ListItem\",\"position\":1,\"name\":\"Home\",\"item\":\"https:\/\/www.calibereurope.com\/de\/\"},{\"@type\":\"ListItem\",\"position\":2,\"name\":\"Webshop\",\"item\":\"https:\/\/www.calibereurope.com\/de\/webshop\/\"},{\"@type\":\"ListItem\",\"position\":3,\"name\":\"Auto\",\"item\":\"https:\/\/www.calibereurope.com\/de\/auto_de_de\/\"},{\"@type\":\"ListItem\",\"position\":4,\"name\":\"Radios\",\"item\":\"https:\/\/www.calibereurope.com\/de\/auto_de_de\/radios_auto_de_DE\/\"},{\"@type\":\"ListItem\",\"position\":5,\"name\":\"Auto Radio mit gebauten Lautsprechern &#8211; Bluetooth, USB, SD und Aux &#8211; DAB+ und FM -Radio (RMD213DAB -BT)\"}]},{\"@type\":\"WebSite\",\"@id\":\"https:\/\/www.calibereurope.com\/de\/#website\",\"url\":\"https:\/\/www.calibereurope.com\/de\/\",\"name\":\"Caliber\",\"description\":\"Sounds good!\",\"publisher\":{\"@id\":\"https:\/\/www.calibereurope.com\/de\/#organization\"},\"potentialAction\":[{\"@type\":\"SearchAction\",\"target\":{\"@type\":\"EntryPoint\",\"urlTemplate\":\"https:\/\/www.calibereurope.com\/de\/?s={search_term_string}\"},\"query-input\":{\"@type\":\"PropertyValueSpecification\",\"valueRequired\":true,\"valueName\":\"search_term_string\"}}],\"inLanguage\":\"de\"},{\"@type\":\"Organization\",\"@id\":\"https:\/\/www.calibereurope.com\/de\/#organization\",\"name\":\"Caliber Europe B.V.\",\"url\":\"https:\/\/www.calibereurope.com\/de\/\",\"logo\":{\"@type\":\"ImageObject\",\"inLanguage\":\"de\",\"@id\":\"https:\/\/www.calibereurope.com\/de\/#\/schema\/logo\/image\/\",\"url\":\"https:\/\/www.calibereurope.com\/wp-content\/uploads\/2019\/11\/Logo-Caliber-e1574846289621.png\",\"contentUrl\":\"https:\/\/www.calibereurope.com\/wp-content\/uploads\/2019\/11\/Logo-Caliber-e1574846289621.png\",\"width\":400,\"height\":69,\"caption\":\"Caliber Europe B.V.\"},\"image\":{\"@id\":\"https:\/\/www.calibereurope.com\/de\/#\/schema\/logo\/image\/\"},\"sameAs\":[\"https:\/\/facebook.com\/CaliberEurope\/\",\"https:\/\/x.com\/calibereurope\",\"https:\/\/www.instagram.com\/calibereurope\/\"]}]}<\/script>\n<meta property=\"product:price:amount\" content=\"149.00\" \/>\n<meta property=\"product:price:currency\" content=\"EUR\" \/>\n<meta property=\"og:availability\" content=\"out of stock\" \/>\n<meta property=\"product:availability\" content=\"out of stock\" \/>\n<meta property=\"product:retailer_item_id\" content=\"RMD213DAB-BT\" \/>\n<meta property=\"product:condition\" content=\"new\" \/>\n<!-- \/ Yoast SEO plugin. -->","yoast_head_json":{"title":"Autoradio mit eingebauten Lautsprechern - Bluetooth, USB, SD und AUX - DAB+ und FM Radio (RMD213DAB-BT) | Caliber","robots":{"index":"index","follow":"follow","max-snippet":"max-snippet:-1","max-image-preview":"max-image-preview:large","max-video-preview":"max-video-preview:-1"},"canonical":"https:\/\/www.calibereurope.com\/de\/produkt\/RMD213DAB-BT-de_DE\/","og_locale":"de_DE","og_type":"article","og_title":"Autoradio mit eingebauten Lautsprechern - Bluetooth, USB, SD und AUX - DAB+ und FM Radio (RMD213DAB-BT) | Caliber","og_description":"Wo auch immer Sie fahren, mit diesem Caliber RMD213DAB-BT Autoradio mit Bluetooth\u00ae genie\u00dfen Sie gute Musik. Mit den eingebauten Lautsprechern ist das DAB+ Autoradio ideal f\u00fcr Fahrzeuge, die keine Lautsprecher haben, wie z.B. Gabelstapler und Traktoren. Wenn Sie das Fahrzeug ausschalten, kann die Musik dank der Akkufunktion des Bluetooth\u00ae Autoradios weiterlaufen. Verbinden Sie Ihr Telefon [&hellip;]","og_url":"https:\/\/www.calibereurope.com\/de\/produkt\/RMD213DAB-BT-de_DE\/","og_site_name":"Caliber","article_publisher":"https:\/\/facebook.com\/CaliberEurope\/","article_modified_time":"2026-02-27T07:41:34+00:00","og_image":[{"width":1024,"height":769,"url":"https:\/\/www.calibereurope.com\/wp-content\/uploads\/2023\/01\/eba47cf1956c2a34fe33ec3ca24ecc86246530fa_RMD213DAB__BT-4.jpg","type":"image\/jpeg"}],"twitter_card":"summary_large_image","twitter_site":"@calibereurope","twitter_misc":{"Preis":"149,00","Availability":"Out of stock"},"schema":{"@context":"https:\/\/schema.org","@graph":[{"@type":"WebPage","@id":"https:\/\/www.calibereurope.com\/de\/produkt\/RMD213DAB-BT-de_DE\/","url":"https:\/\/www.calibereurope.com\/de\/produkt\/RMD213DAB-BT-de_DE\/","name":"Autoradio mit eingebauten Lautsprechern - Bluetooth, USB, SD und AUX - DAB+ und FM Radio (RMD213DAB-BT) | Caliber","isPartOf":{"@id":"https:\/\/www.calibereurope.com\/de\/#website"},"primaryImageOfPage":{"@id":"https:\/\/www.calibereurope.com\/de\/produkt\/RMD213DAB-BT-de_DE\/#primaryimage"},"image":{"@id":"https:\/\/www.calibereurope.com\/de\/produkt\/RMD213DAB-BT-de_DE\/#primaryimage"},"thumbnailUrl":"https:\/\/www.calibereurope.com\/wp-content\/uploads\/2023\/03\/eba47cf1956c2a34fe33ec3ca24ecc86246530fa_RMD213DAB__BT-1.jpg","datePublished":"2023-03-22T00:00:00+00:00","dateModified":"2026-02-27T07:41:34+00:00","breadcrumb":{"@id":"https:\/\/www.calibereurope.com\/de\/produkt\/RMD213DAB-BT-de_DE\/#breadcrumb"},"inLanguage":"de","potentialAction":[{"@type":"ReadAction","target":["https:\/\/www.calibereurope.com\/de\/produkt\/RMD213DAB-BT-de_DE\/"]}]},{"@type":"ImageObject","inLanguage":"de","@id":"https:\/\/www.calibereurope.com\/de\/produkt\/RMD213DAB-BT-de_DE\/#primaryimage","url":"https:\/\/www.calibereurope.com\/wp-content\/uploads\/2023\/03\/eba47cf1956c2a34fe33ec3ca24ecc86246530fa_RMD213DAB__BT-1.jpg","contentUrl":"https:\/\/www.calibereurope.com\/wp-content\/uploads\/2023\/03\/eba47cf1956c2a34fe33ec3ca24ecc86246530fa_RMD213DAB__BT-1.jpg","width":1024,"height":769},{"@type":"BreadcrumbList","@id":"https:\/\/www.calibereurope.com\/de\/produkt\/RMD213DAB-BT-de_DE\/#breadcrumb","itemListElement":[{"@type":"ListItem","position":1,"name":"Home","item":"https:\/\/www.calibereurope.com\/de\/"},{"@type":"ListItem","position":2,"name":"Webshop","item":"https:\/\/www.calibereurope.com\/de\/webshop\/"},{"@type":"ListItem","position":3,"name":"Auto","item":"https:\/\/www.calibereurope.com\/de\/auto_de_de\/"},{"@type":"ListItem","position":4,"name":"Radios","item":"https:\/\/www.calibereurope.com\/de\/auto_de_de\/radios_auto_de_DE\/"},{"@type":"ListItem","position":5,"name":"Auto Radio mit gebauten Lautsprechern &#8211; Bluetooth, USB, SD und Aux &#8211; DAB+ und FM -Radio (RMD213DAB -BT)"}]},{"@type":"WebSite","@id":"https:\/\/www.calibereurope.com\/de\/#website","url":"https:\/\/www.calibereurope.com\/de\/","name":"Caliber","description":"Sounds good!","publisher":{"@id":"https:\/\/www.calibereurope.com\/de\/#organization"},"potentialAction":[{"@type":"SearchAction","target":{"@type":"EntryPoint","urlTemplate":"https:\/\/www.calibereurope.com\/de\/?s={search_term_string}"},"query-input":{"@type":"PropertyValueSpecification","valueRequired":true,"valueName":"search_term_string"}}],"inLanguage":"de"},{"@type":"Organization","@id":"https:\/\/www.calibereurope.com\/de\/#organization","name":"Caliber Europe B.V.","url":"https:\/\/www.calibereurope.com\/de\/","logo":{"@type":"ImageObject","inLanguage":"de","@id":"https:\/\/www.calibereurope.com\/de\/#\/schema\/logo\/image\/","url":"https:\/\/www.calibereurope.com\/wp-content\/uploads\/2019\/11\/Logo-Caliber-e1574846289621.png","contentUrl":"https:\/\/www.calibereurope.com\/wp-content\/uploads\/2019\/11\/Logo-Caliber-e1574846289621.png","width":400,"height":69,"caption":"Caliber Europe B.V."},"image":{"@id":"https:\/\/www.calibereurope.com\/de\/#\/schema\/logo\/image\/"},"sameAs":["https:\/\/facebook.com\/CaliberEurope\/","https:\/\/x.com\/calibereurope","https:\/\/www.instagram.com\/calibereurope\/"]}]},"product_price_amount":"149.00","product_price_currency":"EUR","og_availability":"out of stock","product_availability":"out of stock","product_retailer_item_id":"RMD213DAB-BT","product_condition":"new"},"_links":{"self":[{"href":"https:\/\/www.calibereurope.com\/de\/wp-json\/wp\/v2\/product\/1054614","targetHints":{"allow":["GET"]}}],"collection":[{"href":"https:\/\/www.calibereurope.com\/de\/wp-json\/wp\/v2\/product"}],"about":[{"href":"https:\/\/www.calibereurope.com\/de\/wp-json\/wp\/v2\/types\/product"}],"replies":[{"embeddable":true,"href":"https:\/\/www.calibereurope.com\/de\/wp-json\/wp\/v2\/comments?post=1054614"}],"wp:featuredmedia":[{"embeddable":true,"href":"https:\/\/www.calibereurope.com\/de\/wp-json\/wp\/v2\/media\/1471069"}],"wp:attachment":[{"href":"https:\/\/www.calibereurope.com\/de\/wp-json\/wp\/v2\/media?parent=1054614"}],"wp:term":[{"taxonomy":"product_brand","embeddable":true,"href":"https:\/\/www.calibereurope.com\/de\/wp-json\/wp\/v2\/product_brand?post=1054614"},{"taxonomy":"product_cat","embeddable":true,"href":"https:\/\/www.calibereurope.com\/de\/wp-json\/wp\/v2\/product_cat?post=1054614"},{"taxonomy":"product_tag","embeddable":true,"href":"https:\/\/www.calibereurope.com\/de\/wp-json\/wp\/v2\/product_tag?post=1054614"}],"curies":[{"name":"wp","href":"https:\/\/api.w.org\/{rel}","templated":true}]}}