{"id":1097178,"date":"2023-10-04T02:00:00","date_gmt":"2023-10-04T00:00:00","guid":{"rendered":""},"modified":"2023-10-04T08:51:48","modified_gmt":"2023-10-04T06:51:48","slug":"PARTY-MEDIUM-de_DE","status":"publish","type":"product","link":"https:\/\/www.calibereurope.com\/de\/produkt\/PARTY-MEDIUM-de_DE\/","title":{"rendered":"Party-Lautsprecher mit Bluetooth\u00ae Technologie, USB, Akku und Beleuchtung (PARTY MEDIUM)"},"content":{"rendered":"<div>Der Caliber PARTY MEDIUM ist ein Lautsprecher, den Sie f\u00fcr Geburtstagsfeiern, Hochzeiten, Karaoke-Abende oder andere Partys verwenden k\u00f6nnen. Diese Box mit festlicher LED-Beleuchtung verf\u00fcgt sowohl \u00fcber einen Gitarren- als auch einen Mikrofoneingang, so dass man auch als Duo auf einer Party eine fetzige Performance abliefern kann. Anschlie\u00dfend k\u00f6nnen Sie Ihre Lieblings-Party-Playlist auflegen, indem Sie Ihr Smartphone oder Ihren Laptop \u00fcber&nbsp;<span style=\"font-size:11.0pt;line-height:107%;\nfont-family:&quot;Calibri&quot;,sans-serif;mso-ascii-theme-font:minor-latin;mso-fareast-font-family:\nCalibri;mso-fareast-theme-font:minor-latin;mso-hansi-theme-font:minor-latin;\nmso-bidi-font-family:&quot;Times New Roman&quot;;mso-bidi-theme-font:minor-bidi;\nmso-ansi-language:NL;mso-fareast-language:EN-US;mso-bidi-language:AR-SA\">Bluetooth\u00ae<br \/>\nTechnologie&nbsp;<\/span>verbinden.<\/div>\n<div><\/div>\n<div><span style=\"font-weight: bold;\">Lautst\u00e4rke- und Tonregler<\/span><\/div>\n<div>Mit dem PARTY MEDIUM geht Ihnen das Volumen nicht aus. Die 2 Lautsprecher haben eine Ausgangsleistung von nicht weniger als 60 Watt, genug f\u00fcr einen kleinen Partyraum. Um den Klang noch ein bisschen besser zu machen, verf\u00fcgt dieser Bluetooth-Lautsprecher \u00fcber Regler f\u00fcr B\u00e4sse und H\u00f6hen. Dar\u00fcber hinaus k\u00f6nnen Sie dem Gesang mehr Raum geben, indem Sie Hall hinzuf\u00fcgen. Die Gitarrenlautst\u00e4rke kann separat eingestellt werden, so dass die eine die andere nicht \u00fcbert\u00f6nt.<\/div>\n<div><span style=\"font-weight: bold;\"><br \/><\/span><\/div>\n<div><span style=\"font-weight: bold;\">Bedienelemente und Batterie<\/span><\/div>\n<div>Das Bedienfeld von PARTY MEDIUM verf\u00fcgt \u00fcber Tasten f\u00fcr Pause\/Wiedergabe, R\u00fccklauf, Vorlauf, Ein\/Aus, Aufnahme und Wiederholung. F\u00fcr Ihren Komfort ist eine Fernbedienung im Lieferumfang enthalten. Der Akku h\u00e4lt nicht weniger als 7 Stunden, lange genug, um eine Party zu \u00fcberstehen. Sie k\u00f6nnen es mit dem mitgelieferten Adapter aufladen.<\/div>\n","protected":false},"excerpt":{"rendered":"<p>Caliber PARTY MEDIUM Bluetooth\u00ae Technologie-Party-Lautsprecher mit USB, SD und Verlichtung<\/p>\n","protected":false},"featured_media":1524655,"comment_status":"open","ping_status":"closed","template":"","meta":{"inline_featured_image":false},"product_brand":[],"product_cat":[7873,7861],"product_tag":[],"class_list":{"0":"post-1097178","1":"product","2":"type-product","3":"status-publish","4":"has-post-thumbnail","6":"product_cat-party_karaoke_speakers_de_DE","7":"product_cat-geluid_de_DE","9":"first","10":"outofstock","11":"taxable","12":"shipping-taxable","13":"purchasable","14":"product-type-simple"},"yoast_head":"<!-- This site is optimized with the Yoast SEO plugin v24.4 - https:\/\/yoast.com\/wordpress\/plugins\/seo\/ -->\n<title>Party-Lautsprecher mit Bluetooth\u00ae Technologie, USB, Akku und Beleuchtung (PARTY MEDIUM) | Caliber<\/title>\n<meta name=\"robots\" content=\"index, follow, max-snippet:-1, max-image-preview:large, max-video-preview:-1\" \/>\n<link rel=\"canonical\" href=\"https:\/\/www.calibereurope.com\/de\/produkt\/PARTY-MEDIUM-de_DE\/\" \/>\n<meta property=\"og:locale\" content=\"de_DE\" \/>\n<meta property=\"og:type\" content=\"article\" \/>\n<meta property=\"og:title\" content=\"Party-Lautsprecher mit Bluetooth\u00ae Technologie, USB, Akku und Beleuchtung (PARTY MEDIUM) | Caliber\" \/>\n<meta property=\"og:description\" content=\"Caliber PARTY MEDIUM Bluetooth\u00ae Technologie-Party-Lautsprecher mit USB, SD und Verlichtung\" \/>\n<meta property=\"og:url\" content=\"https:\/\/www.calibereurope.com\/de\/produkt\/PARTY-MEDIUM-de_DE\/\" \/>\n<meta property=\"og:site_name\" content=\"Caliber\" \/>\n<meta property=\"article:publisher\" content=\"https:\/\/facebook.com\/CaliberEurope\/\" \/>\n<meta property=\"article:modified_time\" content=\"2023-10-04T06:51:48+00:00\" \/>\n<meta property=\"og:image\" content=\"https:\/\/www.calibereurope.com\/wp-content\/uploads\/2022\/10\/7d7d96779a723024e5619bbe715f53d32385f8bf_HPA502BTL-1024x768.png\" \/>\n\t<meta property=\"og:image:width\" content=\"1024\" \/>\n\t<meta property=\"og:image:height\" content=\"768\" \/>\n\t<meta property=\"og:image:type\" content=\"image\/png\" \/>\n<meta name=\"twitter:card\" content=\"summary_large_image\" \/>\n<meta name=\"twitter:site\" content=\"@calibereurope\" \/>\n<meta name=\"twitter:label1\" content=\"Preis\" \/>\n\t<meta name=\"twitter:data1\" content=\"109,95\" \/>\n\t<meta name=\"twitter:label2\" content=\"Availability\" \/>\n\t<meta name=\"twitter:data2\" content=\"Out of stock\" \/>\n<script type=\"application\/ld+json\" class=\"yoast-schema-graph\">{\"@context\":\"https:\/\/schema.org\",\"@graph\":[{\"@type\":\"WebPage\",\"@id\":\"https:\/\/www.calibereurope.com\/de\/produkt\/PARTY-MEDIUM-de_DE\/\",\"url\":\"https:\/\/www.calibereurope.com\/de\/produkt\/PARTY-MEDIUM-de_DE\/\",\"name\":\"Party-Lautsprecher mit Bluetooth\u00ae Technologie, USB, Akku und Beleuchtung (PARTY MEDIUM) | Caliber\",\"isPartOf\":{\"@id\":\"https:\/\/www.calibereurope.com\/de\/#website\"},\"primaryImageOfPage\":{\"@id\":\"https:\/\/www.calibereurope.com\/de\/produkt\/PARTY-MEDIUM-de_DE\/#primaryimage\"},\"image\":{\"@id\":\"https:\/\/www.calibereurope.com\/de\/produkt\/PARTY-MEDIUM-de_DE\/#primaryimage\"},\"thumbnailUrl\":\"https:\/\/www.calibereurope.com\/wp-content\/uploads\/2023\/10\/7d7d96779a723024e5619bbe715f53d32385f8bf_HPA502BTL-scaled.png\",\"datePublished\":\"2023-10-04T00:00:00+00:00\",\"dateModified\":\"2023-10-04T06:51:48+00:00\",\"breadcrumb\":{\"@id\":\"https:\/\/www.calibereurope.com\/de\/produkt\/PARTY-MEDIUM-de_DE\/#breadcrumb\"},\"inLanguage\":\"de\",\"potentialAction\":[{\"@type\":\"ReadAction\",\"target\":[\"https:\/\/www.calibereurope.com\/de\/produkt\/PARTY-MEDIUM-de_DE\/\"]}]},{\"@type\":\"ImageObject\",\"inLanguage\":\"de\",\"@id\":\"https:\/\/www.calibereurope.com\/de\/produkt\/PARTY-MEDIUM-de_DE\/#primaryimage\",\"url\":\"https:\/\/www.calibereurope.com\/wp-content\/uploads\/2023\/10\/7d7d96779a723024e5619bbe715f53d32385f8bf_HPA502BTL-scaled.png\",\"contentUrl\":\"https:\/\/www.calibereurope.com\/wp-content\/uploads\/2023\/10\/7d7d96779a723024e5619bbe715f53d32385f8bf_HPA502BTL-scaled.png\",\"width\":2560,\"height\":1920},{\"@type\":\"BreadcrumbList\",\"@id\":\"https:\/\/www.calibereurope.com\/de\/produkt\/PARTY-MEDIUM-de_DE\/#breadcrumb\",\"itemListElement\":[{\"@type\":\"ListItem\",\"position\":1,\"name\":\"Home\",\"item\":\"https:\/\/www.calibereurope.com\/de\/\"},{\"@type\":\"ListItem\",\"position\":2,\"name\":\"Webshop\",\"item\":\"https:\/\/www.calibereurope.com\/de\/webshop\/\"},{\"@type\":\"ListItem\",\"position\":3,\"name\":\"Ton\",\"item\":\"https:\/\/www.calibereurope.com\/de\/geluid_de_DE\/\"},{\"@type\":\"ListItem\",\"position\":4,\"name\":\"Partei-\/Karaoke-Sprecher\",\"item\":\"https:\/\/www.calibereurope.com\/de\/geluid_de_DE\/party_karaoke_speakers_de_DE\/\"},{\"@type\":\"ListItem\",\"position\":5,\"name\":\"Party-Lautsprecher mit Bluetooth\u00ae Technologie, USB, Akku und Beleuchtung (PARTY MEDIUM)\"}]},{\"@type\":\"WebSite\",\"@id\":\"https:\/\/www.calibereurope.com\/de\/#website\",\"url\":\"https:\/\/www.calibereurope.com\/de\/\",\"name\":\"Caliber\",\"description\":\"Sounds good!\",\"publisher\":{\"@id\":\"https:\/\/www.calibereurope.com\/de\/#organization\"},\"potentialAction\":[{\"@type\":\"SearchAction\",\"target\":{\"@type\":\"EntryPoint\",\"urlTemplate\":\"https:\/\/www.calibereurope.com\/de\/?s={search_term_string}\"},\"query-input\":{\"@type\":\"PropertyValueSpecification\",\"valueRequired\":true,\"valueName\":\"search_term_string\"}}],\"inLanguage\":\"de\"},{\"@type\":\"Organization\",\"@id\":\"https:\/\/www.calibereurope.com\/de\/#organization\",\"name\":\"Caliber Europe B.V.\",\"url\":\"https:\/\/www.calibereurope.com\/de\/\",\"logo\":{\"@type\":\"ImageObject\",\"inLanguage\":\"de\",\"@id\":\"https:\/\/www.calibereurope.com\/de\/#\/schema\/logo\/image\/\",\"url\":\"https:\/\/www.calibereurope.com\/wp-content\/uploads\/2019\/11\/Logo-Caliber-e1574846289621.png\",\"contentUrl\":\"https:\/\/www.calibereurope.com\/wp-content\/uploads\/2019\/11\/Logo-Caliber-e1574846289621.png\",\"width\":400,\"height\":69,\"caption\":\"Caliber Europe B.V.\"},\"image\":{\"@id\":\"https:\/\/www.calibereurope.com\/de\/#\/schema\/logo\/image\/\"},\"sameAs\":[\"https:\/\/facebook.com\/CaliberEurope\/\",\"https:\/\/x.com\/calibereurope\",\"https:\/\/www.instagram.com\/calibereurope\/\"]}]}<\/script>\n<meta property=\"product:price:amount\" content=\"109.95\" \/>\n<meta property=\"product:price:currency\" content=\"EUR\" \/>\n<meta property=\"og:availability\" content=\"out of stock\" \/>\n<meta property=\"product:availability\" content=\"out of stock\" \/>\n<meta property=\"product:retailer_item_id\" content=\"PARTY-MEDIUM\" \/>\n<meta property=\"product:condition\" content=\"new\" \/>\n<!-- \/ Yoast SEO plugin. -->","yoast_head_json":{"title":"Party-Lautsprecher mit Bluetooth\u00ae Technologie, USB, Akku und Beleuchtung (PARTY MEDIUM) | Caliber","robots":{"index":"index","follow":"follow","max-snippet":"max-snippet:-1","max-image-preview":"max-image-preview:large","max-video-preview":"max-video-preview:-1"},"canonical":"https:\/\/www.calibereurope.com\/de\/produkt\/PARTY-MEDIUM-de_DE\/","og_locale":"de_DE","og_type":"article","og_title":"Party-Lautsprecher mit Bluetooth\u00ae Technologie, USB, Akku und Beleuchtung (PARTY MEDIUM) | Caliber","og_description":"Caliber PARTY MEDIUM Bluetooth\u00ae Technologie-Party-Lautsprecher mit USB, SD und Verlichtung","og_url":"https:\/\/www.calibereurope.com\/de\/produkt\/PARTY-MEDIUM-de_DE\/","og_site_name":"Caliber","article_publisher":"https:\/\/facebook.com\/CaliberEurope\/","article_modified_time":"2023-10-04T06:51:48+00:00","og_image":[{"width":1024,"height":768,"url":"https:\/\/www.calibereurope.com\/wp-content\/uploads\/2022\/10\/7d7d96779a723024e5619bbe715f53d32385f8bf_HPA502BTL-1024x768.png","type":"image\/png"}],"twitter_card":"summary_large_image","twitter_site":"@calibereurope","twitter_misc":{"Preis":"109,95","Availability":"Out of stock"},"schema":{"@context":"https:\/\/schema.org","@graph":[{"@type":"WebPage","@id":"https:\/\/www.calibereurope.com\/de\/produkt\/PARTY-MEDIUM-de_DE\/","url":"https:\/\/www.calibereurope.com\/de\/produkt\/PARTY-MEDIUM-de_DE\/","name":"Party-Lautsprecher mit Bluetooth\u00ae Technologie, USB, Akku und Beleuchtung (PARTY MEDIUM) | Caliber","isPartOf":{"@id":"https:\/\/www.calibereurope.com\/de\/#website"},"primaryImageOfPage":{"@id":"https:\/\/www.calibereurope.com\/de\/produkt\/PARTY-MEDIUM-de_DE\/#primaryimage"},"image":{"@id":"https:\/\/www.calibereurope.com\/de\/produkt\/PARTY-MEDIUM-de_DE\/#primaryimage"},"thumbnailUrl":"https:\/\/www.calibereurope.com\/wp-content\/uploads\/2023\/10\/7d7d96779a723024e5619bbe715f53d32385f8bf_HPA502BTL-scaled.png","datePublished":"2023-10-04T00:00:00+00:00","dateModified":"2023-10-04T06:51:48+00:00","breadcrumb":{"@id":"https:\/\/www.calibereurope.com\/de\/produkt\/PARTY-MEDIUM-de_DE\/#breadcrumb"},"inLanguage":"de","potentialAction":[{"@type":"ReadAction","target":["https:\/\/www.calibereurope.com\/de\/produkt\/PARTY-MEDIUM-de_DE\/"]}]},{"@type":"ImageObject","inLanguage":"de","@id":"https:\/\/www.calibereurope.com\/de\/produkt\/PARTY-MEDIUM-de_DE\/#primaryimage","url":"https:\/\/www.calibereurope.com\/wp-content\/uploads\/2023\/10\/7d7d96779a723024e5619bbe715f53d32385f8bf_HPA502BTL-scaled.png","contentUrl":"https:\/\/www.calibereurope.com\/wp-content\/uploads\/2023\/10\/7d7d96779a723024e5619bbe715f53d32385f8bf_HPA502BTL-scaled.png","width":2560,"height":1920},{"@type":"BreadcrumbList","@id":"https:\/\/www.calibereurope.com\/de\/produkt\/PARTY-MEDIUM-de_DE\/#breadcrumb","itemListElement":[{"@type":"ListItem","position":1,"name":"Home","item":"https:\/\/www.calibereurope.com\/de\/"},{"@type":"ListItem","position":2,"name":"Webshop","item":"https:\/\/www.calibereurope.com\/de\/webshop\/"},{"@type":"ListItem","position":3,"name":"Ton","item":"https:\/\/www.calibereurope.com\/de\/geluid_de_DE\/"},{"@type":"ListItem","position":4,"name":"Partei-\/Karaoke-Sprecher","item":"https:\/\/www.calibereurope.com\/de\/geluid_de_DE\/party_karaoke_speakers_de_DE\/"},{"@type":"ListItem","position":5,"name":"Party-Lautsprecher mit Bluetooth\u00ae Technologie, USB, Akku und Beleuchtung (PARTY MEDIUM)"}]},{"@type":"WebSite","@id":"https:\/\/www.calibereurope.com\/de\/#website","url":"https:\/\/www.calibereurope.com\/de\/","name":"Caliber","description":"Sounds good!","publisher":{"@id":"https:\/\/www.calibereurope.com\/de\/#organization"},"potentialAction":[{"@type":"SearchAction","target":{"@type":"EntryPoint","urlTemplate":"https:\/\/www.calibereurope.com\/de\/?s={search_term_string}"},"query-input":{"@type":"PropertyValueSpecification","valueRequired":true,"valueName":"search_term_string"}}],"inLanguage":"de"},{"@type":"Organization","@id":"https:\/\/www.calibereurope.com\/de\/#organization","name":"Caliber Europe B.V.","url":"https:\/\/www.calibereurope.com\/de\/","logo":{"@type":"ImageObject","inLanguage":"de","@id":"https:\/\/www.calibereurope.com\/de\/#\/schema\/logo\/image\/","url":"https:\/\/www.calibereurope.com\/wp-content\/uploads\/2019\/11\/Logo-Caliber-e1574846289621.png","contentUrl":"https:\/\/www.calibereurope.com\/wp-content\/uploads\/2019\/11\/Logo-Caliber-e1574846289621.png","width":400,"height":69,"caption":"Caliber Europe B.V."},"image":{"@id":"https:\/\/www.calibereurope.com\/de\/#\/schema\/logo\/image\/"},"sameAs":["https:\/\/facebook.com\/CaliberEurope\/","https:\/\/x.com\/calibereurope","https:\/\/www.instagram.com\/calibereurope\/"]}]},"product_price_amount":"109.95","product_price_currency":"EUR","og_availability":"out of stock","product_availability":"out of stock","product_retailer_item_id":"PARTY-MEDIUM","product_condition":"new"},"_links":{"self":[{"href":"https:\/\/www.calibereurope.com\/de\/wp-json\/wp\/v2\/product\/1097178","targetHints":{"allow":["GET"]}}],"collection":[{"href":"https:\/\/www.calibereurope.com\/de\/wp-json\/wp\/v2\/product"}],"about":[{"href":"https:\/\/www.calibereurope.com\/de\/wp-json\/wp\/v2\/types\/product"}],"replies":[{"embeddable":true,"href":"https:\/\/www.calibereurope.com\/de\/wp-json\/wp\/v2\/comments?post=1097178"}],"wp:featuredmedia":[{"embeddable":true,"href":"https:\/\/www.calibereurope.com\/de\/wp-json\/wp\/v2\/media\/1524655"}],"wp:attachment":[{"href":"https:\/\/www.calibereurope.com\/de\/wp-json\/wp\/v2\/media?parent=1097178"}],"wp:term":[{"taxonomy":"product_brand","embeddable":true,"href":"https:\/\/www.calibereurope.com\/de\/wp-json\/wp\/v2\/product_brand?post=1097178"},{"taxonomy":"product_cat","embeddable":true,"href":"https:\/\/www.calibereurope.com\/de\/wp-json\/wp\/v2\/product_cat?post=1097178"},{"taxonomy":"product_tag","embeddable":true,"href":"https:\/\/www.calibereurope.com\/de\/wp-json\/wp\/v2\/product_tag?post=1097178"}],"curies":[{"name":"wp","href":"https:\/\/api.w.org\/{rel}","templated":true}]}}