{"id":1111426,"date":"2025-02-05T01:00:00","date_gmt":"2025-02-05T00:00:00","guid":{"rendered":""},"modified":"2025-03-03T10:06:20","modified_gmt":"2025-03-03T09:06:20","slug":"RMD055DAB-BT-de_DE","status":"publish","type":"product","link":"https:\/\/www.calibereurope.com\/de\/produkt\/RMD055DAB-BT-de_DE\/","title":{"rendered":"Autoradio mit DAB+ Bluetooth\u00ae Technologie FM USB 4x 75Watt &#8211; Farbdisplay (RMD055DAB-BT)"},"content":{"rendered":"<p>Das Caliber RMD055DAB-BT ist ein DAB+ Bluetooth\u00ae Technologie-Autoradio. Damit erhalten Sie ein qualitativ hochwertiges Funksignal. Dieses moderne Radio eignet sich f\u00fcr kabellose Musikwiedergabe und Freisprechen \u00fcber Bluetooth\u00ae Technologie.<\/p>\n<p><\/p>\n<p><span style=\"font-weight: bold;\">DAB+ Qualit\u00e4t<\/span><\/p>\n<p>DAB+ hat eine bessere Klangqualit\u00e4t als das \u00e4ltere UKW. Der Empfang ist besser und es gibt weniger L\u00e4rm. DAB+ sorgt f\u00fcr einen sch\u00e4rferen Klang, so dass Sie Ihre Lieblingshits und Radiosendungen noch besser genie\u00dfen k\u00f6nnen.<\/p>\n<p><\/p>\n<p><span style=\"font-weight: bold;\">Musikwiedergabe<\/span><\/p>\n<p>Der RMD055DAB-BT hat mehrere physikalische Anschl\u00fcsse. Sie k\u00f6nnen einen USB-Stick, eine SD-Karte mit maximal 32 GB Speicher oder ein Zusatzkabel anschlie\u00dfen. \u00dcber den USB-Anschluss k\u00f6nnen Sie auch Ihr Smartphone aufladen. Das Bluetooth\u00ae Technologie-Streaming ist dank der Profile A2DP und AVRCP klar und deutlich. Mit 4 x 75 Watt Leistung wird es Ihnen nicht an Lautst\u00e4rke mangeln, um Ihre Lieblingshits w\u00e4hrend der Fahrt zu genie\u00dfen.<\/p>\n<p><\/p>\n<p><span style=\"font-weight: bold;\">Zus\u00e4tzliche Merkmale<\/span><\/p>\n<p>Diese Headunit verf\u00fcgt \u00fcber einen RCA-Ausgang, an den Sie einen separaten Verst\u00e4rker f\u00fcr Ihre Lautsprecher anschlie\u00dfen k\u00f6nnen. So k\u00f6nnen Sie den Klang in Ihrem Auto individuell anpassen. RDS EON zeigt n\u00fctzliche Informationen auf dem Bildschirm an, z. B. den Titel der Sendung oder den Namen des Senders, den Sie gerade h\u00f6ren. Mit dieser Funktion k\u00f6nnen Sie z. B. auch Verkehrsinformationen weitergeben. Dieses Radio hat die Standard-1-DIN-Gr\u00f6\u00dfe, so dass Sie Ihr altes Autoradio problemlos ersetzen k\u00f6nnen.<\/p>\n","protected":false},"excerpt":{"rendered":"<p>Das Caliber RMD055DAB-BT ist ein DAB+ Bluetooth\u00ae Technologie-Autoradio. Damit erhalten Sie ein qualitativ hochwertiges Funksignal. Dieses moderne Radio eignet sich f\u00fcr kabellose Musikwiedergabe und Freisprechen \u00fcber Bluetooth\u00ae Technologie. DAB+ Qualit\u00e4t DAB+ hat eine bessere Klangqualit\u00e4t als das \u00e4ltere UKW. Der Empfang ist besser und es gibt weniger L\u00e4rm. DAB+ sorgt f\u00fcr einen sch\u00e4rferen Klang, so [&hellip;]<\/p>\n","protected":false},"featured_media":1675918,"comment_status":"open","ping_status":"closed","template":"","meta":{"inline_featured_image":false},"product_brand":[],"product_cat":[7768,7807],"product_tag":[],"class_list":{"0":"post-1111426","1":"product","2":"type-product","3":"status-publish","4":"has-post-thumbnail","6":"product_cat-auto_de_de","7":"product_cat-radios_auto_de_DE","9":"first","10":"outofstock","11":"taxable","12":"shipping-taxable","13":"purchasable","14":"product-type-simple"},"yoast_head":"<!-- This site is optimized with the Yoast SEO plugin v24.4 - https:\/\/yoast.com\/wordpress\/plugins\/seo\/ -->\n<title>Autoradio mit DAB+ Bluetooth\u00ae Technologie FM USB 4x 75Watt - Farbdisplay (RMD055DAB-BT) | Caliber<\/title>\n<meta name=\"robots\" content=\"index, follow, max-snippet:-1, max-image-preview:large, max-video-preview:-1\" \/>\n<link rel=\"canonical\" href=\"https:\/\/www.calibereurope.com\/de\/produkt\/RMD055DAB-BT-de_DE\/\" \/>\n<meta property=\"og:locale\" content=\"de_DE\" \/>\n<meta property=\"og:type\" content=\"article\" \/>\n<meta property=\"og:title\" content=\"Autoradio mit DAB+ Bluetooth\u00ae Technologie FM USB 4x 75Watt - Farbdisplay (RMD055DAB-BT) | Caliber\" \/>\n<meta property=\"og:description\" content=\"Das Caliber RMD055DAB-BT ist ein DAB+ Bluetooth\u00ae Technologie-Autoradio. Damit erhalten Sie ein qualitativ hochwertiges Funksignal. Dieses moderne Radio eignet sich f\u00fcr kabellose Musikwiedergabe und Freisprechen \u00fcber Bluetooth\u00ae Technologie. DAB+ Qualit\u00e4t DAB+ hat eine bessere Klangqualit\u00e4t als das \u00e4ltere UKW. Der Empfang ist besser und es gibt weniger L\u00e4rm. DAB+ sorgt f\u00fcr einen sch\u00e4rferen Klang, so [&hellip;]\" \/>\n<meta property=\"og:url\" content=\"https:\/\/www.calibereurope.com\/de\/produkt\/RMD055DAB-BT-de_DE\/\" \/>\n<meta property=\"og:site_name\" content=\"Caliber\" \/>\n<meta property=\"article:publisher\" content=\"https:\/\/facebook.com\/CaliberEurope\/\" \/>\n<meta property=\"article:modified_time\" content=\"2025-03-03T09:06:20+00:00\" \/>\n<meta property=\"og:image\" content=\"https:\/\/www.calibereurope.com\/wp-content\/uploads\/2022\/11\/4fa4c26f1d4b1d61627256ae6b850a44ec032d8f_RMD055DAB_BT.jpg\" \/>\n\t<meta property=\"og:image:width\" content=\"1024\" \/>\n\t<meta property=\"og:image:height\" content=\"768\" \/>\n\t<meta property=\"og:image:type\" content=\"image\/jpeg\" \/>\n<meta name=\"twitter:card\" content=\"summary_large_image\" \/>\n<meta name=\"twitter:site\" content=\"@calibereurope\" \/>\n<meta name=\"twitter:label1\" content=\"Preis\" \/>\n\t<meta name=\"twitter:data1\" content=\"59,00\" \/>\n\t<meta name=\"twitter:label2\" content=\"Availability\" \/>\n\t<meta name=\"twitter:data2\" content=\"Out of stock\" \/>\n<script type=\"application\/ld+json\" class=\"yoast-schema-graph\">{\"@context\":\"https:\/\/schema.org\",\"@graph\":[{\"@type\":\"WebPage\",\"@id\":\"https:\/\/www.calibereurope.com\/de\/produkt\/RMD055DAB-BT-de_DE\/\",\"url\":\"https:\/\/www.calibereurope.com\/de\/produkt\/RMD055DAB-BT-de_DE\/\",\"name\":\"Autoradio mit DAB+ Bluetooth\u00ae Technologie FM USB 4x 75Watt - Farbdisplay (RMD055DAB-BT) | Caliber\",\"isPartOf\":{\"@id\":\"https:\/\/www.calibereurope.com\/de\/#website\"},\"primaryImageOfPage\":{\"@id\":\"https:\/\/www.calibereurope.com\/de\/produkt\/RMD055DAB-BT-de_DE\/#primaryimage\"},\"image\":{\"@id\":\"https:\/\/www.calibereurope.com\/de\/produkt\/RMD055DAB-BT-de_DE\/#primaryimage\"},\"thumbnailUrl\":\"https:\/\/www.calibereurope.com\/wp-content\/uploads\/2025\/02\/4fa4c26f1d4b1d61627256ae6b850a44ec032d8f_RMD055DAB_BT.jpg\",\"datePublished\":\"2025-02-05T00:00:00+00:00\",\"dateModified\":\"2025-03-03T09:06:20+00:00\",\"breadcrumb\":{\"@id\":\"https:\/\/www.calibereurope.com\/de\/produkt\/RMD055DAB-BT-de_DE\/#breadcrumb\"},\"inLanguage\":\"de\",\"potentialAction\":[{\"@type\":\"ReadAction\",\"target\":[\"https:\/\/www.calibereurope.com\/de\/produkt\/RMD055DAB-BT-de_DE\/\"]}]},{\"@type\":\"ImageObject\",\"inLanguage\":\"de\",\"@id\":\"https:\/\/www.calibereurope.com\/de\/produkt\/RMD055DAB-BT-de_DE\/#primaryimage\",\"url\":\"https:\/\/www.calibereurope.com\/wp-content\/uploads\/2025\/02\/4fa4c26f1d4b1d61627256ae6b850a44ec032d8f_RMD055DAB_BT.jpg\",\"contentUrl\":\"https:\/\/www.calibereurope.com\/wp-content\/uploads\/2025\/02\/4fa4c26f1d4b1d61627256ae6b850a44ec032d8f_RMD055DAB_BT.jpg\",\"width\":1024,\"height\":768},{\"@type\":\"BreadcrumbList\",\"@id\":\"https:\/\/www.calibereurope.com\/de\/produkt\/RMD055DAB-BT-de_DE\/#breadcrumb\",\"itemListElement\":[{\"@type\":\"ListItem\",\"position\":1,\"name\":\"Home\",\"item\":\"https:\/\/www.calibereurope.com\/de\/\"},{\"@type\":\"ListItem\",\"position\":2,\"name\":\"Webshop\",\"item\":\"https:\/\/www.calibereurope.com\/de\/webshop\/\"},{\"@type\":\"ListItem\",\"position\":3,\"name\":\"Auto\",\"item\":\"https:\/\/www.calibereurope.com\/de\/auto_de_de\/\"},{\"@type\":\"ListItem\",\"position\":4,\"name\":\"Radios\",\"item\":\"https:\/\/www.calibereurope.com\/de\/auto_de_de\/radios_auto_de_DE\/\"},{\"@type\":\"ListItem\",\"position\":5,\"name\":\"Autoradio mit DAB+ Bluetooth\u00ae Technologie FM USB 4x 75Watt &#8211; Farbdisplay (RMD055DAB-BT)\"}]},{\"@type\":\"WebSite\",\"@id\":\"https:\/\/www.calibereurope.com\/de\/#website\",\"url\":\"https:\/\/www.calibereurope.com\/de\/\",\"name\":\"Caliber\",\"description\":\"Sounds good!\",\"publisher\":{\"@id\":\"https:\/\/www.calibereurope.com\/de\/#organization\"},\"potentialAction\":[{\"@type\":\"SearchAction\",\"target\":{\"@type\":\"EntryPoint\",\"urlTemplate\":\"https:\/\/www.calibereurope.com\/de\/?s={search_term_string}\"},\"query-input\":{\"@type\":\"PropertyValueSpecification\",\"valueRequired\":true,\"valueName\":\"search_term_string\"}}],\"inLanguage\":\"de\"},{\"@type\":\"Organization\",\"@id\":\"https:\/\/www.calibereurope.com\/de\/#organization\",\"name\":\"Caliber Europe B.V.\",\"url\":\"https:\/\/www.calibereurope.com\/de\/\",\"logo\":{\"@type\":\"ImageObject\",\"inLanguage\":\"de\",\"@id\":\"https:\/\/www.calibereurope.com\/de\/#\/schema\/logo\/image\/\",\"url\":\"https:\/\/www.calibereurope.com\/wp-content\/uploads\/2019\/11\/Logo-Caliber-e1574846289621.png\",\"contentUrl\":\"https:\/\/www.calibereurope.com\/wp-content\/uploads\/2019\/11\/Logo-Caliber-e1574846289621.png\",\"width\":400,\"height\":69,\"caption\":\"Caliber Europe B.V.\"},\"image\":{\"@id\":\"https:\/\/www.calibereurope.com\/de\/#\/schema\/logo\/image\/\"},\"sameAs\":[\"https:\/\/facebook.com\/CaliberEurope\/\",\"https:\/\/x.com\/calibereurope\",\"https:\/\/www.instagram.com\/calibereurope\/\"]}]}<\/script>\n<meta property=\"product:price:amount\" content=\"59.00\" \/>\n<meta property=\"product:price:currency\" content=\"EUR\" \/>\n<meta property=\"og:availability\" content=\"out of stock\" \/>\n<meta property=\"product:availability\" content=\"out of stock\" \/>\n<meta property=\"product:retailer_item_id\" content=\"RMD055DAB-BT\" \/>\n<meta property=\"product:condition\" content=\"new\" \/>\n<!-- \/ Yoast SEO plugin. -->","yoast_head_json":{"title":"Autoradio mit DAB+ Bluetooth\u00ae Technologie FM USB 4x 75Watt - Farbdisplay (RMD055DAB-BT) | Caliber","robots":{"index":"index","follow":"follow","max-snippet":"max-snippet:-1","max-image-preview":"max-image-preview:large","max-video-preview":"max-video-preview:-1"},"canonical":"https:\/\/www.calibereurope.com\/de\/produkt\/RMD055DAB-BT-de_DE\/","og_locale":"de_DE","og_type":"article","og_title":"Autoradio mit DAB+ Bluetooth\u00ae Technologie FM USB 4x 75Watt - Farbdisplay (RMD055DAB-BT) | Caliber","og_description":"Das Caliber RMD055DAB-BT ist ein DAB+ Bluetooth\u00ae Technologie-Autoradio. Damit erhalten Sie ein qualitativ hochwertiges Funksignal. Dieses moderne Radio eignet sich f\u00fcr kabellose Musikwiedergabe und Freisprechen \u00fcber Bluetooth\u00ae Technologie. DAB+ Qualit\u00e4t DAB+ hat eine bessere Klangqualit\u00e4t als das \u00e4ltere UKW. Der Empfang ist besser und es gibt weniger L\u00e4rm. DAB+ sorgt f\u00fcr einen sch\u00e4rferen Klang, so [&hellip;]","og_url":"https:\/\/www.calibereurope.com\/de\/produkt\/RMD055DAB-BT-de_DE\/","og_site_name":"Caliber","article_publisher":"https:\/\/facebook.com\/CaliberEurope\/","article_modified_time":"2025-03-03T09:06:20+00:00","og_image":[{"width":1024,"height":768,"url":"https:\/\/www.calibereurope.com\/wp-content\/uploads\/2022\/11\/4fa4c26f1d4b1d61627256ae6b850a44ec032d8f_RMD055DAB_BT.jpg","type":"image\/jpeg"}],"twitter_card":"summary_large_image","twitter_site":"@calibereurope","twitter_misc":{"Preis":"59,00","Availability":"Out of stock"},"schema":{"@context":"https:\/\/schema.org","@graph":[{"@type":"WebPage","@id":"https:\/\/www.calibereurope.com\/de\/produkt\/RMD055DAB-BT-de_DE\/","url":"https:\/\/www.calibereurope.com\/de\/produkt\/RMD055DAB-BT-de_DE\/","name":"Autoradio mit DAB+ Bluetooth\u00ae Technologie FM USB 4x 75Watt - Farbdisplay (RMD055DAB-BT) | Caliber","isPartOf":{"@id":"https:\/\/www.calibereurope.com\/de\/#website"},"primaryImageOfPage":{"@id":"https:\/\/www.calibereurope.com\/de\/produkt\/RMD055DAB-BT-de_DE\/#primaryimage"},"image":{"@id":"https:\/\/www.calibereurope.com\/de\/produkt\/RMD055DAB-BT-de_DE\/#primaryimage"},"thumbnailUrl":"https:\/\/www.calibereurope.com\/wp-content\/uploads\/2025\/02\/4fa4c26f1d4b1d61627256ae6b850a44ec032d8f_RMD055DAB_BT.jpg","datePublished":"2025-02-05T00:00:00+00:00","dateModified":"2025-03-03T09:06:20+00:00","breadcrumb":{"@id":"https:\/\/www.calibereurope.com\/de\/produkt\/RMD055DAB-BT-de_DE\/#breadcrumb"},"inLanguage":"de","potentialAction":[{"@type":"ReadAction","target":["https:\/\/www.calibereurope.com\/de\/produkt\/RMD055DAB-BT-de_DE\/"]}]},{"@type":"ImageObject","inLanguage":"de","@id":"https:\/\/www.calibereurope.com\/de\/produkt\/RMD055DAB-BT-de_DE\/#primaryimage","url":"https:\/\/www.calibereurope.com\/wp-content\/uploads\/2025\/02\/4fa4c26f1d4b1d61627256ae6b850a44ec032d8f_RMD055DAB_BT.jpg","contentUrl":"https:\/\/www.calibereurope.com\/wp-content\/uploads\/2025\/02\/4fa4c26f1d4b1d61627256ae6b850a44ec032d8f_RMD055DAB_BT.jpg","width":1024,"height":768},{"@type":"BreadcrumbList","@id":"https:\/\/www.calibereurope.com\/de\/produkt\/RMD055DAB-BT-de_DE\/#breadcrumb","itemListElement":[{"@type":"ListItem","position":1,"name":"Home","item":"https:\/\/www.calibereurope.com\/de\/"},{"@type":"ListItem","position":2,"name":"Webshop","item":"https:\/\/www.calibereurope.com\/de\/webshop\/"},{"@type":"ListItem","position":3,"name":"Auto","item":"https:\/\/www.calibereurope.com\/de\/auto_de_de\/"},{"@type":"ListItem","position":4,"name":"Radios","item":"https:\/\/www.calibereurope.com\/de\/auto_de_de\/radios_auto_de_DE\/"},{"@type":"ListItem","position":5,"name":"Autoradio mit DAB+ Bluetooth\u00ae Technologie FM USB 4x 75Watt &#8211; Farbdisplay (RMD055DAB-BT)"}]},{"@type":"WebSite","@id":"https:\/\/www.calibereurope.com\/de\/#website","url":"https:\/\/www.calibereurope.com\/de\/","name":"Caliber","description":"Sounds good!","publisher":{"@id":"https:\/\/www.calibereurope.com\/de\/#organization"},"potentialAction":[{"@type":"SearchAction","target":{"@type":"EntryPoint","urlTemplate":"https:\/\/www.calibereurope.com\/de\/?s={search_term_string}"},"query-input":{"@type":"PropertyValueSpecification","valueRequired":true,"valueName":"search_term_string"}}],"inLanguage":"de"},{"@type":"Organization","@id":"https:\/\/www.calibereurope.com\/de\/#organization","name":"Caliber Europe B.V.","url":"https:\/\/www.calibereurope.com\/de\/","logo":{"@type":"ImageObject","inLanguage":"de","@id":"https:\/\/www.calibereurope.com\/de\/#\/schema\/logo\/image\/","url":"https:\/\/www.calibereurope.com\/wp-content\/uploads\/2019\/11\/Logo-Caliber-e1574846289621.png","contentUrl":"https:\/\/www.calibereurope.com\/wp-content\/uploads\/2019\/11\/Logo-Caliber-e1574846289621.png","width":400,"height":69,"caption":"Caliber Europe B.V."},"image":{"@id":"https:\/\/www.calibereurope.com\/de\/#\/schema\/logo\/image\/"},"sameAs":["https:\/\/facebook.com\/CaliberEurope\/","https:\/\/x.com\/calibereurope","https:\/\/www.instagram.com\/calibereurope\/"]}]},"product_price_amount":"59.00","product_price_currency":"EUR","og_availability":"out of stock","product_availability":"out of stock","product_retailer_item_id":"RMD055DAB-BT","product_condition":"new"},"_links":{"self":[{"href":"https:\/\/www.calibereurope.com\/de\/wp-json\/wp\/v2\/product\/1111426","targetHints":{"allow":["GET"]}}],"collection":[{"href":"https:\/\/www.calibereurope.com\/de\/wp-json\/wp\/v2\/product"}],"about":[{"href":"https:\/\/www.calibereurope.com\/de\/wp-json\/wp\/v2\/types\/product"}],"replies":[{"embeddable":true,"href":"https:\/\/www.calibereurope.com\/de\/wp-json\/wp\/v2\/comments?post=1111426"}],"wp:featuredmedia":[{"embeddable":true,"href":"https:\/\/www.calibereurope.com\/de\/wp-json\/wp\/v2\/media\/1675918"}],"wp:attachment":[{"href":"https:\/\/www.calibereurope.com\/de\/wp-json\/wp\/v2\/media?parent=1111426"}],"wp:term":[{"taxonomy":"product_brand","embeddable":true,"href":"https:\/\/www.calibereurope.com\/de\/wp-json\/wp\/v2\/product_brand?post=1111426"},{"taxonomy":"product_cat","embeddable":true,"href":"https:\/\/www.calibereurope.com\/de\/wp-json\/wp\/v2\/product_cat?post=1111426"},{"taxonomy":"product_tag","embeddable":true,"href":"https:\/\/www.calibereurope.com\/de\/wp-json\/wp\/v2\/product_tag?post=1111426"}],"curies":[{"name":"wp","href":"https:\/\/api.w.org\/{rel}","templated":true}]}}