{"id":1185439,"date":"2023-10-04T00:00:00","date_gmt":"2023-10-04T00:00:00","guid":{"rendered":""},"modified":"2023-10-04T08:52:47","modified_gmt":"2023-10-04T06:52:47","slug":"CYCLO-DISCOVER-CONNECT-de_DE","status":"publish","type":"product","link":"https:\/\/www.calibereurope.com\/de\/produkt\/CYCLO-DISCOVER-CONNECT-de_DE\/","title":{"rendered":"Mio Cyclo Discover Connect"},"content":{"rendered":"<div><span style=\"font-weight: bold;\">Lassen Sie sich von der MioShare-App inspirieren, wann immer Sie Lust auf eine Reise haben.<\/span><\/div>\n<div>Mit ein paar einfachen Schritten k\u00f6nnen Sie Ihr Ger\u00e4t einrichten und loslegen. Mit der MioShare\u2122-App k\u00f6nnen Sie Ihr Ger\u00e4t ganz einfach mit mehreren Routenplanungsdiensten verbinden, Routen durch Auswahl von Monat und Aktivit\u00e4tstyp finden und historische Aufzeichnungen auf Ihrem Smartphone anzeigen.<\/div>\n<div><\/div>\n<div><span style=\"font-weight: bold;\">NeverMiss \u2122 was Sie unterwegs sehen und tun k\u00f6nnen.<\/span><\/div>\n<div>Cyclo\u2122 Discover Connect ist ein Fahrrad-Notizbuch in Ihrer Tasche. Benachrichtigungen erscheinen, wenn Sie sich einem Routenpunkt n\u00e4hern. Scannen Sie den QR-Code, um Ihre gespeicherten Online-Notizen zu lesen. Sie sind Ihr eigener F\u00fchrer!<\/div>\n<div><\/div>\n<div><\/div>\n<div><\/div>\n<div><span style=\"font-weight: bold;\">Mit der Surprise Me\u2122-Anwendung macht es Spa\u00df<\/span><\/div>\n<div>Verwenden Sie die Surprise Me-Funktion des Ger\u00e4ts f\u00fcr mehr Abenteuer und Spa\u00df, wenn Sie das n\u00e4chste Mal mit dem Fahrrad unterwegs sind. W\u00e4hlen Sie aus drei verschiedenen Routen nach Zeit oder Entfernung aus und machen Sie sich auf den Weg, um etwas Neues auf zwei R\u00e4dern zu entdecken.<\/div>\n<div><\/div>\n<div><span style=\"font-weight: bold;\">Neues cloudbasiertes Routenplanungstool<\/span><\/div>\n<div>Bei der Erstellung einer Route hilft Ihnen die neue Funktion NeverMiss, bestimmte Stopps auf dem Weg zu notieren. F\u00fcgen Sie einfach einen Link ein, und die Standortinformationen werden automatisch f\u00fcr Sie ausgef\u00fcllt. Die Planung einer Route war noch nie so einfach.<\/div>\n<div><\/div>\n<div><span style=\"font-weight: bold;\">Erweitern Sie Ihre Routen mit Komoot, RouteYou und STRAVA Route Integration<\/span><\/div>\n<div>Entdecken Sie mehr mit Komoot, RouteYou und STRAVA Route tracks. Die Daten k\u00f6nnen direkt mit Ihrem Ger\u00e4t synchronisiert werden, so dass Sie keine GPX-Dateien mehr herunterladen und manuell importieren m\u00fcssen.<\/div>\n","protected":false},"excerpt":{"rendered":"<p>Lassen Sie sich von der MioShare-App inspirieren, wann immer Sie Lust auf eine Reise haben. Mit ein paar einfachen Schritten k\u00f6nnen Sie Ihr Ger\u00e4t einrichten und loslegen. Mit der MioShare\u2122-App k\u00f6nnen Sie Ihr Ger\u00e4t ganz einfach mit mehreren Routenplanungsdiensten verbinden, Routen durch Auswahl von Monat und Aktivit\u00e4tstyp finden und historische Aufzeichnungen auf Ihrem Smartphone anzeigen. [&hellip;]<\/p>\n","protected":false},"featured_media":1253032,"comment_status":"open","ping_status":"open","template":"","meta":{"inline_featured_image":false},"product_brand":[],"product_cat":[7926,7935],"product_tag":[],"class_list":{"0":"post-1185439","1":"product","2":"type-product","3":"status-publish","4":"has-post-thumbnail","6":"product_cat-navigatie_telefonie_de_DE","7":"product_cat-navigatiesystemen_de_DE","9":"first","10":"outofstock","11":"taxable","12":"shipping-taxable","13":"purchasable","14":"product-type-simple"},"yoast_head":"<!-- This site is optimized with the Yoast SEO plugin v24.4 - https:\/\/yoast.com\/wordpress\/plugins\/seo\/ -->\n<title>Mio Cyclo Discover Connect | Caliber<\/title>\n<meta name=\"robots\" content=\"index, follow, max-snippet:-1, max-image-preview:large, max-video-preview:-1\" \/>\n<link rel=\"canonical\" href=\"https:\/\/www.calibereurope.com\/de\/produkt\/CYCLO-DISCOVER-CONNECT-de_DE\/\" \/>\n<meta property=\"og:locale\" content=\"de_DE\" \/>\n<meta property=\"og:type\" content=\"article\" \/>\n<meta property=\"og:title\" content=\"Mio Cyclo Discover Connect | Caliber\" \/>\n<meta property=\"og:description\" content=\"Lassen Sie sich von der MioShare-App inspirieren, wann immer Sie Lust auf eine Reise haben. Mit ein paar einfachen Schritten k\u00f6nnen Sie Ihr Ger\u00e4t einrichten und loslegen. Mit der MioShare\u2122-App k\u00f6nnen Sie Ihr Ger\u00e4t ganz einfach mit mehreren Routenplanungsdiensten verbinden, Routen durch Auswahl von Monat und Aktivit\u00e4tstyp finden und historische Aufzeichnungen auf Ihrem Smartphone anzeigen. [&hellip;]\" \/>\n<meta property=\"og:url\" content=\"https:\/\/www.calibereurope.com\/de\/produkt\/CYCLO-DISCOVER-CONNECT-de_DE\/\" \/>\n<meta property=\"og:site_name\" content=\"Caliber\" \/>\n<meta property=\"article:publisher\" content=\"https:\/\/facebook.com\/CaliberEurope\/\" \/>\n<meta property=\"article:modified_time\" content=\"2023-10-04T06:52:47+00:00\" \/>\n<meta property=\"og:image\" content=\"https:\/\/www.calibereurope.com\/wp-content\/uploads\/2022\/05\/1d0f95e0716caa21a6513ae65594a95b47d9aee9_cyclo_discover_connect_panel_front_screen_on_home_1-19.png\" \/>\n\t<meta property=\"og:image:width\" content=\"550\" \/>\n\t<meta property=\"og:image:height\" content=\"550\" \/>\n\t<meta property=\"og:image:type\" content=\"image\/png\" \/>\n<meta name=\"twitter:card\" content=\"summary_large_image\" \/>\n<meta name=\"twitter:site\" content=\"@calibereurope\" \/>\n<meta name=\"twitter:label1\" content=\"Preis\" \/>\n\t<meta name=\"twitter:data1\" content=\"353,99\" \/>\n\t<meta name=\"twitter:label2\" content=\"Availability\" \/>\n\t<meta name=\"twitter:data2\" content=\"Out of stock\" \/>\n<script type=\"application\/ld+json\" class=\"yoast-schema-graph\">{\"@context\":\"https:\/\/schema.org\",\"@graph\":[{\"@type\":\"WebPage\",\"@id\":\"https:\/\/www.calibereurope.com\/de\/produkt\/CYCLO-DISCOVER-CONNECT-de_DE\/\",\"url\":\"https:\/\/www.calibereurope.com\/de\/produkt\/CYCLO-DISCOVER-CONNECT-de_DE\/\",\"name\":\"Mio Cyclo Discover Connect | Caliber\",\"isPartOf\":{\"@id\":\"https:\/\/www.calibereurope.com\/de\/#website\"},\"primaryImageOfPage\":{\"@id\":\"https:\/\/www.calibereurope.com\/de\/produkt\/CYCLO-DISCOVER-CONNECT-de_DE\/#primaryimage\"},\"image\":{\"@id\":\"https:\/\/www.calibereurope.com\/de\/produkt\/CYCLO-DISCOVER-CONNECT-de_DE\/#primaryimage\"},\"thumbnailUrl\":\"https:\/\/www.calibereurope.com\/wp-content\/uploads\/2022\/05\/1d0f95e0716caa21a6513ae65594a95b47d9aee9_cyclo_discover_connect_panel_front_screen_on_home_1-19.png\",\"datePublished\":\"2023-10-04T00:00:00+00:00\",\"dateModified\":\"2023-10-04T06:52:47+00:00\",\"breadcrumb\":{\"@id\":\"https:\/\/www.calibereurope.com\/de\/produkt\/CYCLO-DISCOVER-CONNECT-de_DE\/#breadcrumb\"},\"inLanguage\":\"de\",\"potentialAction\":[{\"@type\":\"ReadAction\",\"target\":[\"https:\/\/www.calibereurope.com\/de\/produkt\/CYCLO-DISCOVER-CONNECT-de_DE\/\"]}]},{\"@type\":\"ImageObject\",\"inLanguage\":\"de\",\"@id\":\"https:\/\/www.calibereurope.com\/de\/produkt\/CYCLO-DISCOVER-CONNECT-de_DE\/#primaryimage\",\"url\":\"https:\/\/www.calibereurope.com\/wp-content\/uploads\/2022\/05\/1d0f95e0716caa21a6513ae65594a95b47d9aee9_cyclo_discover_connect_panel_front_screen_on_home_1-19.png\",\"contentUrl\":\"https:\/\/www.calibereurope.com\/wp-content\/uploads\/2022\/05\/1d0f95e0716caa21a6513ae65594a95b47d9aee9_cyclo_discover_connect_panel_front_screen_on_home_1-19.png\",\"width\":550,\"height\":550},{\"@type\":\"BreadcrumbList\",\"@id\":\"https:\/\/www.calibereurope.com\/de\/produkt\/CYCLO-DISCOVER-CONNECT-de_DE\/#breadcrumb\",\"itemListElement\":[{\"@type\":\"ListItem\",\"position\":1,\"name\":\"Home\",\"item\":\"https:\/\/www.calibereurope.com\/de\/\"},{\"@type\":\"ListItem\",\"position\":2,\"name\":\"Webshop\",\"item\":\"https:\/\/www.calibereurope.com\/de\/webshop\/\"},{\"@type\":\"ListItem\",\"position\":3,\"name\":\"Navigation und Telefonie\",\"item\":\"https:\/\/www.calibereurope.com\/de\/navigatie_telefonie_de_DE\/\"},{\"@type\":\"ListItem\",\"position\":4,\"name\":\"Navigationssysteme\",\"item\":\"https:\/\/www.calibereurope.com\/de\/navigatie_telefonie_de_DE\/navigatiesystemen_de_DE\/\"},{\"@type\":\"ListItem\",\"position\":5,\"name\":\"Mio Cyclo Discover Connect\"}]},{\"@type\":\"WebSite\",\"@id\":\"https:\/\/www.calibereurope.com\/de\/#website\",\"url\":\"https:\/\/www.calibereurope.com\/de\/\",\"name\":\"Caliber\",\"description\":\"Sounds good!\",\"publisher\":{\"@id\":\"https:\/\/www.calibereurope.com\/de\/#organization\"},\"potentialAction\":[{\"@type\":\"SearchAction\",\"target\":{\"@type\":\"EntryPoint\",\"urlTemplate\":\"https:\/\/www.calibereurope.com\/de\/?s={search_term_string}\"},\"query-input\":{\"@type\":\"PropertyValueSpecification\",\"valueRequired\":true,\"valueName\":\"search_term_string\"}}],\"inLanguage\":\"de\"},{\"@type\":\"Organization\",\"@id\":\"https:\/\/www.calibereurope.com\/de\/#organization\",\"name\":\"Caliber Europe B.V.\",\"url\":\"https:\/\/www.calibereurope.com\/de\/\",\"logo\":{\"@type\":\"ImageObject\",\"inLanguage\":\"de\",\"@id\":\"https:\/\/www.calibereurope.com\/de\/#\/schema\/logo\/image\/\",\"url\":\"https:\/\/www.calibereurope.com\/wp-content\/uploads\/2019\/11\/Logo-Caliber-e1574846289621.png\",\"contentUrl\":\"https:\/\/www.calibereurope.com\/wp-content\/uploads\/2019\/11\/Logo-Caliber-e1574846289621.png\",\"width\":400,\"height\":69,\"caption\":\"Caliber Europe B.V.\"},\"image\":{\"@id\":\"https:\/\/www.calibereurope.com\/de\/#\/schema\/logo\/image\/\"},\"sameAs\":[\"https:\/\/facebook.com\/CaliberEurope\/\",\"https:\/\/x.com\/calibereurope\",\"https:\/\/www.instagram.com\/calibereurope\/\"]}]}<\/script>\n<meta property=\"product:price:amount\" content=\"353.99\" \/>\n<meta property=\"product:price:currency\" content=\"EUR\" \/>\n<meta property=\"og:availability\" content=\"out of stock\" \/>\n<meta property=\"product:availability\" content=\"out of stock\" \/>\n<meta property=\"product:retailer_item_id\" content=\"CYCLO-DISCOVER-CONNECT\" \/>\n<meta property=\"product:condition\" content=\"new\" \/>\n<!-- \/ Yoast SEO plugin. -->","yoast_head_json":{"title":"Mio Cyclo Discover Connect | Caliber","robots":{"index":"index","follow":"follow","max-snippet":"max-snippet:-1","max-image-preview":"max-image-preview:large","max-video-preview":"max-video-preview:-1"},"canonical":"https:\/\/www.calibereurope.com\/de\/produkt\/CYCLO-DISCOVER-CONNECT-de_DE\/","og_locale":"de_DE","og_type":"article","og_title":"Mio Cyclo Discover Connect | Caliber","og_description":"Lassen Sie sich von der MioShare-App inspirieren, wann immer Sie Lust auf eine Reise haben. Mit ein paar einfachen Schritten k\u00f6nnen Sie Ihr Ger\u00e4t einrichten und loslegen. Mit der MioShare\u2122-App k\u00f6nnen Sie Ihr Ger\u00e4t ganz einfach mit mehreren Routenplanungsdiensten verbinden, Routen durch Auswahl von Monat und Aktivit\u00e4tstyp finden und historische Aufzeichnungen auf Ihrem Smartphone anzeigen. [&hellip;]","og_url":"https:\/\/www.calibereurope.com\/de\/produkt\/CYCLO-DISCOVER-CONNECT-de_DE\/","og_site_name":"Caliber","article_publisher":"https:\/\/facebook.com\/CaliberEurope\/","article_modified_time":"2023-10-04T06:52:47+00:00","og_image":[{"width":550,"height":550,"url":"https:\/\/www.calibereurope.com\/wp-content\/uploads\/2022\/05\/1d0f95e0716caa21a6513ae65594a95b47d9aee9_cyclo_discover_connect_panel_front_screen_on_home_1-19.png","type":"image\/png"}],"twitter_card":"summary_large_image","twitter_site":"@calibereurope","twitter_misc":{"Preis":"353,99","Availability":"Out of stock"},"schema":{"@context":"https:\/\/schema.org","@graph":[{"@type":"WebPage","@id":"https:\/\/www.calibereurope.com\/de\/produkt\/CYCLO-DISCOVER-CONNECT-de_DE\/","url":"https:\/\/www.calibereurope.com\/de\/produkt\/CYCLO-DISCOVER-CONNECT-de_DE\/","name":"Mio Cyclo Discover Connect | Caliber","isPartOf":{"@id":"https:\/\/www.calibereurope.com\/de\/#website"},"primaryImageOfPage":{"@id":"https:\/\/www.calibereurope.com\/de\/produkt\/CYCLO-DISCOVER-CONNECT-de_DE\/#primaryimage"},"image":{"@id":"https:\/\/www.calibereurope.com\/de\/produkt\/CYCLO-DISCOVER-CONNECT-de_DE\/#primaryimage"},"thumbnailUrl":"https:\/\/www.calibereurope.com\/wp-content\/uploads\/2022\/05\/1d0f95e0716caa21a6513ae65594a95b47d9aee9_cyclo_discover_connect_panel_front_screen_on_home_1-19.png","datePublished":"2023-10-04T00:00:00+00:00","dateModified":"2023-10-04T06:52:47+00:00","breadcrumb":{"@id":"https:\/\/www.calibereurope.com\/de\/produkt\/CYCLO-DISCOVER-CONNECT-de_DE\/#breadcrumb"},"inLanguage":"de","potentialAction":[{"@type":"ReadAction","target":["https:\/\/www.calibereurope.com\/de\/produkt\/CYCLO-DISCOVER-CONNECT-de_DE\/"]}]},{"@type":"ImageObject","inLanguage":"de","@id":"https:\/\/www.calibereurope.com\/de\/produkt\/CYCLO-DISCOVER-CONNECT-de_DE\/#primaryimage","url":"https:\/\/www.calibereurope.com\/wp-content\/uploads\/2022\/05\/1d0f95e0716caa21a6513ae65594a95b47d9aee9_cyclo_discover_connect_panel_front_screen_on_home_1-19.png","contentUrl":"https:\/\/www.calibereurope.com\/wp-content\/uploads\/2022\/05\/1d0f95e0716caa21a6513ae65594a95b47d9aee9_cyclo_discover_connect_panel_front_screen_on_home_1-19.png","width":550,"height":550},{"@type":"BreadcrumbList","@id":"https:\/\/www.calibereurope.com\/de\/produkt\/CYCLO-DISCOVER-CONNECT-de_DE\/#breadcrumb","itemListElement":[{"@type":"ListItem","position":1,"name":"Home","item":"https:\/\/www.calibereurope.com\/de\/"},{"@type":"ListItem","position":2,"name":"Webshop","item":"https:\/\/www.calibereurope.com\/de\/webshop\/"},{"@type":"ListItem","position":3,"name":"Navigation und Telefonie","item":"https:\/\/www.calibereurope.com\/de\/navigatie_telefonie_de_DE\/"},{"@type":"ListItem","position":4,"name":"Navigationssysteme","item":"https:\/\/www.calibereurope.com\/de\/navigatie_telefonie_de_DE\/navigatiesystemen_de_DE\/"},{"@type":"ListItem","position":5,"name":"Mio Cyclo Discover Connect"}]},{"@type":"WebSite","@id":"https:\/\/www.calibereurope.com\/de\/#website","url":"https:\/\/www.calibereurope.com\/de\/","name":"Caliber","description":"Sounds good!","publisher":{"@id":"https:\/\/www.calibereurope.com\/de\/#organization"},"potentialAction":[{"@type":"SearchAction","target":{"@type":"EntryPoint","urlTemplate":"https:\/\/www.calibereurope.com\/de\/?s={search_term_string}"},"query-input":{"@type":"PropertyValueSpecification","valueRequired":true,"valueName":"search_term_string"}}],"inLanguage":"de"},{"@type":"Organization","@id":"https:\/\/www.calibereurope.com\/de\/#organization","name":"Caliber Europe B.V.","url":"https:\/\/www.calibereurope.com\/de\/","logo":{"@type":"ImageObject","inLanguage":"de","@id":"https:\/\/www.calibereurope.com\/de\/#\/schema\/logo\/image\/","url":"https:\/\/www.calibereurope.com\/wp-content\/uploads\/2019\/11\/Logo-Caliber-e1574846289621.png","contentUrl":"https:\/\/www.calibereurope.com\/wp-content\/uploads\/2019\/11\/Logo-Caliber-e1574846289621.png","width":400,"height":69,"caption":"Caliber Europe B.V."},"image":{"@id":"https:\/\/www.calibereurope.com\/de\/#\/schema\/logo\/image\/"},"sameAs":["https:\/\/facebook.com\/CaliberEurope\/","https:\/\/x.com\/calibereurope","https:\/\/www.instagram.com\/calibereurope\/"]}]},"product_price_amount":"353.99","product_price_currency":"EUR","og_availability":"out of stock","product_availability":"out of stock","product_retailer_item_id":"CYCLO-DISCOVER-CONNECT","product_condition":"new"},"_links":{"self":[{"href":"https:\/\/www.calibereurope.com\/de\/wp-json\/wp\/v2\/product\/1185439","targetHints":{"allow":["GET"]}}],"collection":[{"href":"https:\/\/www.calibereurope.com\/de\/wp-json\/wp\/v2\/product"}],"about":[{"href":"https:\/\/www.calibereurope.com\/de\/wp-json\/wp\/v2\/types\/product"}],"replies":[{"embeddable":true,"href":"https:\/\/www.calibereurope.com\/de\/wp-json\/wp\/v2\/comments?post=1185439"}],"wp:featuredmedia":[{"embeddable":true,"href":"https:\/\/www.calibereurope.com\/de\/wp-json\/wp\/v2\/media\/1253032"}],"wp:attachment":[{"href":"https:\/\/www.calibereurope.com\/de\/wp-json\/wp\/v2\/media?parent=1185439"}],"wp:term":[{"taxonomy":"product_brand","embeddable":true,"href":"https:\/\/www.calibereurope.com\/de\/wp-json\/wp\/v2\/product_brand?post=1185439"},{"taxonomy":"product_cat","embeddable":true,"href":"https:\/\/www.calibereurope.com\/de\/wp-json\/wp\/v2\/product_cat?post=1185439"},{"taxonomy":"product_tag","embeddable":true,"href":"https:\/\/www.calibereurope.com\/de\/wp-json\/wp\/v2\/product_tag?post=1185439"}],"curies":[{"name":"wp","href":"https:\/\/api.w.org\/{rel}","templated":true}]}}