{"id":1345197,"date":"2024-12-10T01:00:00","date_gmt":"2024-12-10T00:00:00","guid":{"rendered":""},"modified":"2024-12-10T08:03:44","modified_gmt":"2024-12-10T07:03:44","slug":"BC120US-de_DE","status":"publish","type":"product","link":"https:\/\/www.calibereurope.com\/de\/produkt\/BC120US-de_DE\/","title":{"rendered":"Auto-Subwoofer mit Verst\u00e4rker &#8211; 100 Watt RMS &#8211; 500 Watt Spitzenleistung &#8211; RCA &#8211; 8-Zoll-Tieft\u00f6ner (BC120US)"},"content":{"rendered":"<p>Holen Sie das Beste aus Ihrer Musik heraus mit dem Caliber BC120US Auto-Subwoofer mit Verst\u00e4rker f\u00fcr den <strong>Untersitz<\/strong>. Dieser Subwoofer verst\u00e4rkt die B\u00e4sse Ihrer Musik f\u00fcr ein noch intensiveres Erlebnis. Stellen Sie den Auto-Subwoofer einfach mit dem <strong>mitgelieferten Anschlussmaterial <\/strong>unter die Sitze Ihres Autos. Der Subwoofer mit Verst\u00e4rker kann per <strong>Fernbedienung gesteuert werden<\/strong>, sodass jeder im Auto die Kontrolle \u00fcbernehmen kann. Der Auto-Subwoofer hat eine <strong>RMS-Leistung von 100 Watt <\/strong>und einen <strong>Frequenzbereich von 50 Hz &#8211; 150 Hz<\/strong>.<\/p>\n<p><\/p>\n<p><strong>Merkmale:<\/strong><\/p>\n<ul>\n<li>Aktiver Subwoofer unter den Sitzen<\/li>\n<li>Mit eingebautem Verst\u00e4rker<\/li>\n<li>500 Watt max. \/ 100 Watt RMS<\/li>\n<li>Sehr kompakt: 29 x 21 x 7,2 cm<\/li>\n<li>Mit kabelgebundener Fernbedienung (5 m)<\/li>\n<li>Inklusive verschmolzenem Anschlussmaterial<\/li>\n<li>RCA-Eingang: 130 mV &#8211; 2 V<\/li>\n<li>Voller Bereich: 50 Hz &#8211; 150 Hz<\/li>\n<li>Phasenschalter 0\/180 Grad<\/li>\n<li>Bass Boost 0-12 DB, 45 Hz<\/li>\n<\/ul>\n<h3>Das optimale Klangerlebnis<\/h3>\n<p>H\u00f6ren Sie jeden Morgen auf dem Weg zur Arbeit Radio? Dann verst\u00e4rken Sie den Sound mit diesem Subwoofer mit Verst\u00e4rker f\u00fcr den Untersitz. Der Subwoofer hat eine RMS-Leistung von 100 Watt und eine maximale Leistung von 500 Watt. So haben Sie immer ausreichend Volumen. Der Subwoofer unter den Sitzen l\u00e4sst die Basst\u00f6ne in der Musik noch besser zur Geltung kommen. Es verleiht auch den Spezialeffekten eine neue Dimension.<\/p>\n<h3>Leicht zu installieren<\/h3>\n<p>Auch ohne technisches Verst\u00e4ndnis k\u00f6nnen Sie diesen Auto-Subwoofer leicht installieren. Verwenden Sie einfach das abgesicherte Anschlussmaterial, das \u00fcber einen W\u00e4rmeschutz verf\u00fcgt. Der Subwoofer ist klein und kompakt, sodass er leicht unter den Sitzen oder im Kofferraum untergebracht werden kann. Da der Subwoofer nur sehr wenig Platz ben\u00f6tigt, bleibt viel Raum f\u00fcr den Transport von Personen und Gegenst\u00e4nden.<\/p>\n<h3>Von \u00fcberall aus bedienbar<\/h3>\n<p>Der Subwoofer wird mit einer Fernbedienung geliefert. Das Kabel dieser Fernbedienung ist 5 Meter lang. Dank dieser gro\u00dfz\u00fcgigen L\u00e4nge kann jeder im Auto den Subwoofer bedienen. Der Subwoofer ist au\u00dferdem mit einem Cinch-Ausgang ausgestattet, sodass auch externe Boxen oder Verst\u00e4rker angeschlossen werden k\u00f6nnen. Perfekt f\u00fcr lange Autoreisen!<\/p>\n<p><\/p>\n<p><strong>Mitgeliefert:<\/strong><\/p>\n<ul>\n<li>Caliber BC120US Untersitz-Subwoofer mit Verst\u00e4rker<\/li>\n<li>Fernbedienung<\/li>\n<li>Anschlussmaterial<\/li>\n<\/ul>\n","protected":false},"excerpt":{"rendered":"<p>Holen Sie das Beste aus Ihrer Musik heraus mit dem Caliber BC120US Auto-Subwoofer mit Verst\u00e4rker f\u00fcr den Untersitz. Dieser Subwoofer verst\u00e4rkt die B\u00e4sse Ihrer Musik f\u00fcr ein noch intensiveres Erlebnis. Stellen Sie den Auto-Subwoofer einfach mit dem mitgelieferten Anschlussmaterial unter die Sitze Ihres Autos. Der Subwoofer mit Verst\u00e4rker kann per Fernbedienung gesteuert werden, sodass jeder [&hellip;]<\/p>\n","protected":false},"featured_media":1656315,"comment_status":"open","ping_status":"closed","template":"","meta":{"inline_featured_image":false},"product_brand":[],"product_cat":[7768,12361],"product_tag":[],"class_list":{"0":"post-1345197","1":"product","2":"type-product","3":"status-publish","4":"has-post-thumbnail","6":"product_cat-auto_de_de","7":"product_cat-subwoofers_de_DE","9":"first","10":"instock","11":"taxable","12":"shipping-taxable","13":"purchasable","14":"product-type-simple"},"yoast_head":"<!-- This site is optimized with the Yoast SEO plugin v24.4 - https:\/\/yoast.com\/wordpress\/plugins\/seo\/ -->\n<title>Auto-Subwoofer mit Verst\u00e4rker - 100 Watt RMS - 500 Watt Spitzenleistung - RCA - 8-Zoll-Tieft\u00f6ner (BC120US) | Caliber<\/title>\n<meta name=\"robots\" content=\"index, follow, max-snippet:-1, max-image-preview:large, max-video-preview:-1\" \/>\n<link rel=\"canonical\" href=\"https:\/\/www.calibereurope.com\/de\/produkt\/BC120US-de_DE\/\" \/>\n<meta property=\"og:locale\" content=\"de_DE\" \/>\n<meta property=\"og:type\" content=\"article\" \/>\n<meta property=\"og:title\" content=\"Auto-Subwoofer mit Verst\u00e4rker - 100 Watt RMS - 500 Watt Spitzenleistung - RCA - 8-Zoll-Tieft\u00f6ner (BC120US) | Caliber\" \/>\n<meta property=\"og:description\" content=\"Holen Sie das Beste aus Ihrer Musik heraus mit dem Caliber BC120US Auto-Subwoofer mit Verst\u00e4rker f\u00fcr den Untersitz. Dieser Subwoofer verst\u00e4rkt die B\u00e4sse Ihrer Musik f\u00fcr ein noch intensiveres Erlebnis. Stellen Sie den Auto-Subwoofer einfach mit dem mitgelieferten Anschlussmaterial unter die Sitze Ihres Autos. Der Subwoofer mit Verst\u00e4rker kann per Fernbedienung gesteuert werden, sodass jeder [&hellip;]\" \/>\n<meta property=\"og:url\" content=\"https:\/\/www.calibereurope.com\/de\/produkt\/BC120US-de_DE\/\" \/>\n<meta property=\"og:site_name\" content=\"Caliber\" \/>\n<meta property=\"article:publisher\" content=\"https:\/\/facebook.com\/CaliberEurope\/\" \/>\n<meta property=\"article:modified_time\" content=\"2024-12-10T07:03:44+00:00\" \/>\n<meta property=\"og:image\" content=\"https:\/\/www.calibereurope.com\/wp-content\/uploads\/2022\/12\/3fc6837260c435d133817de64c1d8e59a5ec4e36_BC120US_Top.jpg\" \/>\n\t<meta property=\"og:image:width\" content=\"1024\" \/>\n\t<meta property=\"og:image:height\" content=\"768\" \/>\n\t<meta property=\"og:image:type\" content=\"image\/jpeg\" \/>\n<meta name=\"twitter:card\" content=\"summary_large_image\" \/>\n<meta name=\"twitter:site\" content=\"@calibereurope\" \/>\n<meta name=\"twitter:label1\" content=\"Preis\" \/>\n\t<meta name=\"twitter:data1\" content=\"119,00\" \/>\n\t<meta name=\"twitter:label2\" content=\"Availability\" \/>\n\t<meta name=\"twitter:data2\" content=\"In stock\" \/>\n<script type=\"application\/ld+json\" class=\"yoast-schema-graph\">{\"@context\":\"https:\/\/schema.org\",\"@graph\":[{\"@type\":\"WebPage\",\"@id\":\"https:\/\/www.calibereurope.com\/de\/produkt\/BC120US-de_DE\/\",\"url\":\"https:\/\/www.calibereurope.com\/de\/produkt\/BC120US-de_DE\/\",\"name\":\"Auto-Subwoofer mit Verst\u00e4rker - 100 Watt RMS - 500 Watt Spitzenleistung - RCA - 8-Zoll-Tieft\u00f6ner (BC120US) | Caliber\",\"isPartOf\":{\"@id\":\"https:\/\/www.calibereurope.com\/de\/#website\"},\"primaryImageOfPage\":{\"@id\":\"https:\/\/www.calibereurope.com\/de\/produkt\/BC120US-de_DE\/#primaryimage\"},\"image\":{\"@id\":\"https:\/\/www.calibereurope.com\/de\/produkt\/BC120US-de_DE\/#primaryimage\"},\"thumbnailUrl\":\"https:\/\/www.calibereurope.com\/wp-content\/uploads\/2024\/12\/3fc6837260c435d133817de64c1d8e59a5ec4e36_BC120US_Top.jpg\",\"datePublished\":\"2024-12-10T00:00:00+00:00\",\"dateModified\":\"2024-12-10T07:03:44+00:00\",\"breadcrumb\":{\"@id\":\"https:\/\/www.calibereurope.com\/de\/produkt\/BC120US-de_DE\/#breadcrumb\"},\"inLanguage\":\"de\",\"potentialAction\":[{\"@type\":\"ReadAction\",\"target\":[\"https:\/\/www.calibereurope.com\/de\/produkt\/BC120US-de_DE\/\"]}]},{\"@type\":\"ImageObject\",\"inLanguage\":\"de\",\"@id\":\"https:\/\/www.calibereurope.com\/de\/produkt\/BC120US-de_DE\/#primaryimage\",\"url\":\"https:\/\/www.calibereurope.com\/wp-content\/uploads\/2024\/12\/3fc6837260c435d133817de64c1d8e59a5ec4e36_BC120US_Top.jpg\",\"contentUrl\":\"https:\/\/www.calibereurope.com\/wp-content\/uploads\/2024\/12\/3fc6837260c435d133817de64c1d8e59a5ec4e36_BC120US_Top.jpg\",\"width\":1024,\"height\":768},{\"@type\":\"BreadcrumbList\",\"@id\":\"https:\/\/www.calibereurope.com\/de\/produkt\/BC120US-de_DE\/#breadcrumb\",\"itemListElement\":[{\"@type\":\"ListItem\",\"position\":1,\"name\":\"Home\",\"item\":\"https:\/\/www.calibereurope.com\/de\/\"},{\"@type\":\"ListItem\",\"position\":2,\"name\":\"Webshop\",\"item\":\"https:\/\/www.calibereurope.com\/de\/webshop\/\"},{\"@type\":\"ListItem\",\"position\":3,\"name\":\"Auto\",\"item\":\"https:\/\/www.calibereurope.com\/de\/auto_de_de\/\"},{\"@type\":\"ListItem\",\"position\":4,\"name\":\"Subwoofers\",\"item\":\"https:\/\/www.calibereurope.com\/de\/auto_de_de\/subwoofers_de_DE\/\"},{\"@type\":\"ListItem\",\"position\":5,\"name\":\"Aktiver Subwoofer Auto &#8211; Untersitz &#8211; 500 Watt &#8211; 8 Zoll &#8211; Schwarz (BC120US)\"}]},{\"@type\":\"WebSite\",\"@id\":\"https:\/\/www.calibereurope.com\/de\/#website\",\"url\":\"https:\/\/www.calibereurope.com\/de\/\",\"name\":\"Caliber\",\"description\":\"Sounds good!\",\"publisher\":{\"@id\":\"https:\/\/www.calibereurope.com\/de\/#organization\"},\"potentialAction\":[{\"@type\":\"SearchAction\",\"target\":{\"@type\":\"EntryPoint\",\"urlTemplate\":\"https:\/\/www.calibereurope.com\/de\/?s={search_term_string}\"},\"query-input\":{\"@type\":\"PropertyValueSpecification\",\"valueRequired\":true,\"valueName\":\"search_term_string\"}}],\"inLanguage\":\"de\"},{\"@type\":\"Organization\",\"@id\":\"https:\/\/www.calibereurope.com\/de\/#organization\",\"name\":\"Caliber Europe B.V.\",\"url\":\"https:\/\/www.calibereurope.com\/de\/\",\"logo\":{\"@type\":\"ImageObject\",\"inLanguage\":\"de\",\"@id\":\"https:\/\/www.calibereurope.com\/de\/#\/schema\/logo\/image\/\",\"url\":\"https:\/\/www.calibereurope.com\/wp-content\/uploads\/2019\/11\/Logo-Caliber-e1574846289621.png\",\"contentUrl\":\"https:\/\/www.calibereurope.com\/wp-content\/uploads\/2019\/11\/Logo-Caliber-e1574846289621.png\",\"width\":400,\"height\":69,\"caption\":\"Caliber Europe B.V.\"},\"image\":{\"@id\":\"https:\/\/www.calibereurope.com\/de\/#\/schema\/logo\/image\/\"},\"sameAs\":[\"https:\/\/facebook.com\/CaliberEurope\/\",\"https:\/\/x.com\/calibereurope\",\"https:\/\/www.instagram.com\/calibereurope\/\"]}]}<\/script>\n<meta property=\"product:price:amount\" content=\"119.00\" \/>\n<meta property=\"product:price:currency\" content=\"EUR\" \/>\n<meta property=\"og:availability\" content=\"instock\" \/>\n<meta property=\"product:availability\" content=\"instock\" \/>\n<meta property=\"product:retailer_item_id\" content=\"BC120US\" \/>\n<meta property=\"product:condition\" content=\"new\" \/>\n<!-- \/ Yoast SEO plugin. -->","yoast_head_json":{"title":"Auto-Subwoofer mit Verst\u00e4rker - 100 Watt RMS - 500 Watt Spitzenleistung - RCA - 8-Zoll-Tieft\u00f6ner (BC120US) | Caliber","robots":{"index":"index","follow":"follow","max-snippet":"max-snippet:-1","max-image-preview":"max-image-preview:large","max-video-preview":"max-video-preview:-1"},"canonical":"https:\/\/www.calibereurope.com\/de\/produkt\/BC120US-de_DE\/","og_locale":"de_DE","og_type":"article","og_title":"Auto-Subwoofer mit Verst\u00e4rker - 100 Watt RMS - 500 Watt Spitzenleistung - RCA - 8-Zoll-Tieft\u00f6ner (BC120US) | Caliber","og_description":"Holen Sie das Beste aus Ihrer Musik heraus mit dem Caliber BC120US Auto-Subwoofer mit Verst\u00e4rker f\u00fcr den Untersitz. Dieser Subwoofer verst\u00e4rkt die B\u00e4sse Ihrer Musik f\u00fcr ein noch intensiveres Erlebnis. Stellen Sie den Auto-Subwoofer einfach mit dem mitgelieferten Anschlussmaterial unter die Sitze Ihres Autos. Der Subwoofer mit Verst\u00e4rker kann per Fernbedienung gesteuert werden, sodass jeder [&hellip;]","og_url":"https:\/\/www.calibereurope.com\/de\/produkt\/BC120US-de_DE\/","og_site_name":"Caliber","article_publisher":"https:\/\/facebook.com\/CaliberEurope\/","article_modified_time":"2024-12-10T07:03:44+00:00","og_image":[{"width":1024,"height":768,"url":"https:\/\/www.calibereurope.com\/wp-content\/uploads\/2022\/12\/3fc6837260c435d133817de64c1d8e59a5ec4e36_BC120US_Top.jpg","type":"image\/jpeg"}],"twitter_card":"summary_large_image","twitter_site":"@calibereurope","twitter_misc":{"Preis":"119,00","Availability":"In stock"},"schema":{"@context":"https:\/\/schema.org","@graph":[{"@type":"WebPage","@id":"https:\/\/www.calibereurope.com\/de\/produkt\/BC120US-de_DE\/","url":"https:\/\/www.calibereurope.com\/de\/produkt\/BC120US-de_DE\/","name":"Auto-Subwoofer mit Verst\u00e4rker - 100 Watt RMS - 500 Watt Spitzenleistung - RCA - 8-Zoll-Tieft\u00f6ner (BC120US) | Caliber","isPartOf":{"@id":"https:\/\/www.calibereurope.com\/de\/#website"},"primaryImageOfPage":{"@id":"https:\/\/www.calibereurope.com\/de\/produkt\/BC120US-de_DE\/#primaryimage"},"image":{"@id":"https:\/\/www.calibereurope.com\/de\/produkt\/BC120US-de_DE\/#primaryimage"},"thumbnailUrl":"https:\/\/www.calibereurope.com\/wp-content\/uploads\/2024\/12\/3fc6837260c435d133817de64c1d8e59a5ec4e36_BC120US_Top.jpg","datePublished":"2024-12-10T00:00:00+00:00","dateModified":"2024-12-10T07:03:44+00:00","breadcrumb":{"@id":"https:\/\/www.calibereurope.com\/de\/produkt\/BC120US-de_DE\/#breadcrumb"},"inLanguage":"de","potentialAction":[{"@type":"ReadAction","target":["https:\/\/www.calibereurope.com\/de\/produkt\/BC120US-de_DE\/"]}]},{"@type":"ImageObject","inLanguage":"de","@id":"https:\/\/www.calibereurope.com\/de\/produkt\/BC120US-de_DE\/#primaryimage","url":"https:\/\/www.calibereurope.com\/wp-content\/uploads\/2024\/12\/3fc6837260c435d133817de64c1d8e59a5ec4e36_BC120US_Top.jpg","contentUrl":"https:\/\/www.calibereurope.com\/wp-content\/uploads\/2024\/12\/3fc6837260c435d133817de64c1d8e59a5ec4e36_BC120US_Top.jpg","width":1024,"height":768},{"@type":"BreadcrumbList","@id":"https:\/\/www.calibereurope.com\/de\/produkt\/BC120US-de_DE\/#breadcrumb","itemListElement":[{"@type":"ListItem","position":1,"name":"Home","item":"https:\/\/www.calibereurope.com\/de\/"},{"@type":"ListItem","position":2,"name":"Webshop","item":"https:\/\/www.calibereurope.com\/de\/webshop\/"},{"@type":"ListItem","position":3,"name":"Auto","item":"https:\/\/www.calibereurope.com\/de\/auto_de_de\/"},{"@type":"ListItem","position":4,"name":"Subwoofers","item":"https:\/\/www.calibereurope.com\/de\/auto_de_de\/subwoofers_de_DE\/"},{"@type":"ListItem","position":5,"name":"Aktiver Subwoofer Auto &#8211; Untersitz &#8211; 500 Watt &#8211; 8 Zoll &#8211; Schwarz (BC120US)"}]},{"@type":"WebSite","@id":"https:\/\/www.calibereurope.com\/de\/#website","url":"https:\/\/www.calibereurope.com\/de\/","name":"Caliber","description":"Sounds good!","publisher":{"@id":"https:\/\/www.calibereurope.com\/de\/#organization"},"potentialAction":[{"@type":"SearchAction","target":{"@type":"EntryPoint","urlTemplate":"https:\/\/www.calibereurope.com\/de\/?s={search_term_string}"},"query-input":{"@type":"PropertyValueSpecification","valueRequired":true,"valueName":"search_term_string"}}],"inLanguage":"de"},{"@type":"Organization","@id":"https:\/\/www.calibereurope.com\/de\/#organization","name":"Caliber Europe B.V.","url":"https:\/\/www.calibereurope.com\/de\/","logo":{"@type":"ImageObject","inLanguage":"de","@id":"https:\/\/www.calibereurope.com\/de\/#\/schema\/logo\/image\/","url":"https:\/\/www.calibereurope.com\/wp-content\/uploads\/2019\/11\/Logo-Caliber-e1574846289621.png","contentUrl":"https:\/\/www.calibereurope.com\/wp-content\/uploads\/2019\/11\/Logo-Caliber-e1574846289621.png","width":400,"height":69,"caption":"Caliber Europe B.V."},"image":{"@id":"https:\/\/www.calibereurope.com\/de\/#\/schema\/logo\/image\/"},"sameAs":["https:\/\/facebook.com\/CaliberEurope\/","https:\/\/x.com\/calibereurope","https:\/\/www.instagram.com\/calibereurope\/"]}]},"product_price_amount":"119.00","product_price_currency":"EUR","og_availability":"instock","product_availability":"instock","product_retailer_item_id":"BC120US","product_condition":"new"},"_links":{"self":[{"href":"https:\/\/www.calibereurope.com\/de\/wp-json\/wp\/v2\/product\/1345197","targetHints":{"allow":["GET"]}}],"collection":[{"href":"https:\/\/www.calibereurope.com\/de\/wp-json\/wp\/v2\/product"}],"about":[{"href":"https:\/\/www.calibereurope.com\/de\/wp-json\/wp\/v2\/types\/product"}],"replies":[{"embeddable":true,"href":"https:\/\/www.calibereurope.com\/de\/wp-json\/wp\/v2\/comments?post=1345197"}],"wp:featuredmedia":[{"embeddable":true,"href":"https:\/\/www.calibereurope.com\/de\/wp-json\/wp\/v2\/media\/1656315"}],"wp:attachment":[{"href":"https:\/\/www.calibereurope.com\/de\/wp-json\/wp\/v2\/media?parent=1345197"}],"wp:term":[{"taxonomy":"product_brand","embeddable":true,"href":"https:\/\/www.calibereurope.com\/de\/wp-json\/wp\/v2\/product_brand?post=1345197"},{"taxonomy":"product_cat","embeddable":true,"href":"https:\/\/www.calibereurope.com\/de\/wp-json\/wp\/v2\/product_cat?post=1345197"},{"taxonomy":"product_tag","embeddable":true,"href":"https:\/\/www.calibereurope.com\/de\/wp-json\/wp\/v2\/product_tag?post=1345197"}],"curies":[{"name":"wp","href":"https:\/\/api.w.org\/{rel}","templated":true}]}}