{"id":1345285,"date":"2026-01-05T01:00:00","date_gmt":"2026-01-05T00:00:00","guid":{"rendered":"0"},"modified":"2026-01-05T14:10:35","modified_gmt":"2026-01-05T13:10:35","slug":"BC121US-de_DE","status":"publish","type":"product","link":"https:\/\/www.calibereurope.com\/de\/produkt\/BC121US-de_DE\/","title":{"rendered":"Auto-Subwoofer mit Verst\u00e4rker &#8211; RCA-Eingang &#8211; Max 500 Watt &#8211; 100 Watt RMS &#8211; 8-Zoll-Tieft\u00f6ner (BC121US)"},"content":{"rendered":"<p>Machen Sie den Sound in Ihrem Auto noch besser mit diesem Caliber BC121US Untersitz-Subwoofer mit Verst\u00e4rker. Der Subwoofer hat eine <strong>kompakte Gr\u00f6\u00dfe<\/strong>, sodass Sie ihn leicht unter den Autositzen platzieren k\u00f6nnen. <strong>Anschlussmaterial ist im Lieferumfang enthalten<\/strong>, sodass Sie den Subwoofer im Handumdrehen einsatzbereit haben. Dank des <strong>eingebauten Verst\u00e4rkers <\/strong>genie\u00dfen Sie bei jeder Autofahrt gro\u00dfartigen Klang. Sie k\u00f6nnen den Verst\u00e4rker mit der <strong>mitgelieferten Fernbedienung <\/strong>von \u00fcberall im Auto aus steuern. Der Subwoofer hat eine <strong>Leistung von 100 Watt RMS<\/strong>.<\/p>\n<p><\/p>\n<p><strong>Merkmale:<\/strong><\/p>\n<ul>\n<li>Aktiver Untersitz-Subwoofer<\/li>\n<li>Mit eingebautem Verst\u00e4rker<\/li>\n<li>500 Watt max. \/ 100 Watt RMS<\/li>\n<li>Sehr kompakt: 29 x 21 x 7,2 cm<\/li>\n<li>Mit kabelgebundener Fernbedienung (5 m)<\/li>\n<li>Inklusive verschmolzenem Anschlussmaterial<\/li>\n<li>RCA-Eingang: 130 mV &#8211; 2 V<\/li>\n<li>Voller Bereich: 50 Hz &#8211; 150 Hz<\/li>\n<li>Phasenschalter 0\/180 Grad<\/li>\n<li>Bass Boost 0-12 DB, 45 Hz<\/li>\n<\/ul>\n<h3>Umgeben von gutem Klang<\/h3>\n<p>Wenn Sie w\u00e4hrend Ihrer Autofahrten gerne Ihre Lieblingssongs h\u00f6ren, ist guter Sound ein Muss. Wenn Sie diesen Subwoofer zu Ihrem Audiosystem hinzuf\u00fcgen, verleihen Sie dem Klang ein echtes Upgrade. Mit dem Subwoofer im Auto kommen die Basst\u00f6ne in der Musik noch besser zur Geltung. So k\u00f6nnen Sie bei jeder Fahrt das beste Klangerlebnis genie\u00dfen.<\/p>\n<h3>Aus jedem Winkel bedienbar<\/h3>\n<p>Der Subwoofer hat eine RMS-Leistung von 100 Watt und eine maximale Leistung von 500 Watt. Das bedeutet, dass Ihre Musik kraftvoll im ganzen Auto verteilt wird. Dank des RCA-Eingangs k\u00f6nnen Sie auch einen zus\u00e4tzlichen Auto-Verst\u00e4rker anschlie\u00dfen. Auf diese Weise erzeugen Sie noch mehr Klang. Sie steuern den Auto-Subwoofer \u00fcber die mitgelieferte Fernbedienung. Das Kabel der Fernbedienung ist nicht weniger als 5 Meter lang, sodass der Subwoofer von jedem Sitzplatz aus gesteuert werden kann.<\/p>\n<h3>Leicht zu installieren<\/h3>\n<p>Der Auto-Subwoofer mit Verst\u00e4rker ist sehr kompakt, sodass Sie ihn leicht unter einen Sitz oder in den Kofferraum fast aller Autos stellen k\u00f6nnen. Dank seiner geringen Gr\u00f6\u00dfe nimmt der Subwoofer nur sehr wenig Platz ein, sodass viel Raum f\u00fcr Passagiere und Gep\u00e4ck bleibt. Der Auto-Subwoofer wird mit verschwei\u00dftem Anschlussmaterial geliefert, sodass Sie den Subwoofer im Handumdrehen anschlie\u00dfen k\u00f6nnen.<\/p>\n<p><\/p>\n<p><strong>Mitgeliefert:<\/strong><\/p>\n<ul>\n<li>Caliber BC121US Untersitz-Subwoofer mit Verst\u00e4rker<\/li>\n<li>Fernbedienung<\/li>\n<li>Geschmolzenes und thermisch gesch\u00fctztes Anschlussmaterial<\/li>\n<\/ul>\n","protected":false},"excerpt":{"rendered":"<p>Machen Sie den Sound in Ihrem Auto noch besser mit diesem Caliber BC121US Untersitz-Subwoofer mit Verst\u00e4rker. Der Subwoofer hat eine kompakte Gr\u00f6\u00dfe, sodass Sie ihn leicht unter den Autositzen platzieren k\u00f6nnen. Anschlussmaterial ist im Lieferumfang enthalten, sodass Sie den Subwoofer im Handumdrehen einsatzbereit haben. Dank des eingebauten Verst\u00e4rkers genie\u00dfen Sie bei jeder Autofahrt gro\u00dfartigen Klang. [&hellip;]<\/p>\n","protected":false},"featured_media":1682079,"comment_status":"open","ping_status":"closed","template":"","meta":{"inline_featured_image":false},"product_brand":[],"product_cat":[7768,12361],"product_tag":[],"class_list":{"0":"post-1345285","1":"product","2":"type-product","3":"status-publish","4":"has-post-thumbnail","6":"product_cat-auto_de_de","7":"product_cat-subwoofers_de_DE","9":"first","10":"instock","11":"taxable","12":"shipping-taxable","13":"purchasable","14":"product-type-simple"},"yoast_head":"<!-- This site is optimized with the Yoast SEO plugin v24.4 - https:\/\/yoast.com\/wordpress\/plugins\/seo\/ -->\n<title>Auto-Subwoofer mit Verst\u00e4rker - RCA-Eingang - Max 500 Watt - 100 Watt RMS - 8-Zoll-Tieft\u00f6ner (BC121US) | Caliber<\/title>\n<meta name=\"robots\" content=\"index, follow, max-snippet:-1, max-image-preview:large, max-video-preview:-1\" \/>\n<link rel=\"canonical\" href=\"https:\/\/www.calibereurope.com\/de\/produkt\/BC121US-de_DE\/\" \/>\n<meta property=\"og:locale\" content=\"de_DE\" \/>\n<meta property=\"og:type\" content=\"article\" \/>\n<meta property=\"og:title\" content=\"Auto-Subwoofer mit Verst\u00e4rker - RCA-Eingang - Max 500 Watt - 100 Watt RMS - 8-Zoll-Tieft\u00f6ner (BC121US) | Caliber\" \/>\n<meta property=\"og:description\" content=\"Machen Sie den Sound in Ihrem Auto noch besser mit diesem Caliber BC121US Untersitz-Subwoofer mit Verst\u00e4rker. Der Subwoofer hat eine kompakte Gr\u00f6\u00dfe, sodass Sie ihn leicht unter den Autositzen platzieren k\u00f6nnen. Anschlussmaterial ist im Lieferumfang enthalten, sodass Sie den Subwoofer im Handumdrehen einsatzbereit haben. Dank des eingebauten Verst\u00e4rkers genie\u00dfen Sie bei jeder Autofahrt gro\u00dfartigen Klang. [&hellip;]\" \/>\n<meta property=\"og:url\" content=\"https:\/\/www.calibereurope.com\/de\/produkt\/BC121US-de_DE\/\" \/>\n<meta property=\"og:site_name\" content=\"Caliber\" \/>\n<meta property=\"article:publisher\" content=\"https:\/\/facebook.com\/CaliberEurope\/\" \/>\n<meta property=\"article:modified_time\" content=\"2026-01-05T13:10:35+00:00\" \/>\n<meta property=\"og:image\" content=\"https:\/\/www.calibereurope.com\/wp-content\/uploads\/2022\/12\/4fe0dc865f17f52518f4f9ac8cfc40a47b498409_BC120US_Top.jpg\" \/>\n\t<meta property=\"og:image:width\" content=\"1024\" \/>\n\t<meta property=\"og:image:height\" content=\"768\" \/>\n\t<meta property=\"og:image:type\" content=\"image\/jpeg\" \/>\n<meta name=\"twitter:card\" content=\"summary_large_image\" \/>\n<meta name=\"twitter:site\" content=\"@calibereurope\" \/>\n<meta name=\"twitter:label1\" content=\"Preis\" \/>\n\t<meta name=\"twitter:data1\" content=\"129,00\" \/>\n\t<meta name=\"twitter:label2\" content=\"Availability\" \/>\n\t<meta name=\"twitter:data2\" content=\"In stock\" \/>\n<script type=\"application\/ld+json\" class=\"yoast-schema-graph\">{\"@context\":\"https:\/\/schema.org\",\"@graph\":[{\"@type\":\"WebPage\",\"@id\":\"https:\/\/www.calibereurope.com\/de\/produkt\/BC121US-de_DE\/\",\"url\":\"https:\/\/www.calibereurope.com\/de\/produkt\/BC121US-de_DE\/\",\"name\":\"Auto-Subwoofer mit Verst\u00e4rker - RCA-Eingang - Max 500 Watt - 100 Watt RMS - 8-Zoll-Tieft\u00f6ner (BC121US) | Caliber\",\"isPartOf\":{\"@id\":\"https:\/\/www.calibereurope.com\/de\/#website\"},\"primaryImageOfPage\":{\"@id\":\"https:\/\/www.calibereurope.com\/de\/produkt\/BC121US-de_DE\/#primaryimage\"},\"image\":{\"@id\":\"https:\/\/www.calibereurope.com\/de\/produkt\/BC121US-de_DE\/#primaryimage\"},\"thumbnailUrl\":\"https:\/\/www.calibereurope.com\/wp-content\/uploads\/2026\/01\/4fe0dc865f17f52518f4f9ac8cfc40a47b498409_BC120US_Top.jpg\",\"datePublished\":\"2026-01-05T00:00:00+00:00\",\"dateModified\":\"2026-01-05T13:10:35+00:00\",\"breadcrumb\":{\"@id\":\"https:\/\/www.calibereurope.com\/de\/produkt\/BC121US-de_DE\/#breadcrumb\"},\"inLanguage\":\"de\",\"potentialAction\":[{\"@type\":\"ReadAction\",\"target\":[\"https:\/\/www.calibereurope.com\/de\/produkt\/BC121US-de_DE\/\"]}]},{\"@type\":\"ImageObject\",\"inLanguage\":\"de\",\"@id\":\"https:\/\/www.calibereurope.com\/de\/produkt\/BC121US-de_DE\/#primaryimage\",\"url\":\"https:\/\/www.calibereurope.com\/wp-content\/uploads\/2026\/01\/4fe0dc865f17f52518f4f9ac8cfc40a47b498409_BC120US_Top.jpg\",\"contentUrl\":\"https:\/\/www.calibereurope.com\/wp-content\/uploads\/2026\/01\/4fe0dc865f17f52518f4f9ac8cfc40a47b498409_BC120US_Top.jpg\",\"width\":1024,\"height\":768},{\"@type\":\"BreadcrumbList\",\"@id\":\"https:\/\/www.calibereurope.com\/de\/produkt\/BC121US-de_DE\/#breadcrumb\",\"itemListElement\":[{\"@type\":\"ListItem\",\"position\":1,\"name\":\"Home\",\"item\":\"https:\/\/www.calibereurope.com\/de\/\"},{\"@type\":\"ListItem\",\"position\":2,\"name\":\"Webshop\",\"item\":\"https:\/\/www.calibereurope.com\/de\/webshop\/\"},{\"@type\":\"ListItem\",\"position\":3,\"name\":\"Auto\",\"item\":\"https:\/\/www.calibereurope.com\/de\/auto_de_de\/\"},{\"@type\":\"ListItem\",\"position\":4,\"name\":\"Subwoofers\",\"item\":\"https:\/\/www.calibereurope.com\/de\/auto_de_de\/subwoofers_de_DE\/\"},{\"@type\":\"ListItem\",\"position\":5,\"name\":\"Aktiver Subwoofer Auto &#8211; Untersitz &#8211; 500 Watt &#8211; 8 Zoll &#8211; Schwarz (BC121US)\"}]},{\"@type\":\"WebSite\",\"@id\":\"https:\/\/www.calibereurope.com\/de\/#website\",\"url\":\"https:\/\/www.calibereurope.com\/de\/\",\"name\":\"Caliber\",\"description\":\"Sounds good!\",\"publisher\":{\"@id\":\"https:\/\/www.calibereurope.com\/de\/#organization\"},\"potentialAction\":[{\"@type\":\"SearchAction\",\"target\":{\"@type\":\"EntryPoint\",\"urlTemplate\":\"https:\/\/www.calibereurope.com\/de\/?s={search_term_string}\"},\"query-input\":{\"@type\":\"PropertyValueSpecification\",\"valueRequired\":true,\"valueName\":\"search_term_string\"}}],\"inLanguage\":\"de\"},{\"@type\":\"Organization\",\"@id\":\"https:\/\/www.calibereurope.com\/de\/#organization\",\"name\":\"Caliber Europe B.V.\",\"url\":\"https:\/\/www.calibereurope.com\/de\/\",\"logo\":{\"@type\":\"ImageObject\",\"inLanguage\":\"de\",\"@id\":\"https:\/\/www.calibereurope.com\/de\/#\/schema\/logo\/image\/\",\"url\":\"https:\/\/www.calibereurope.com\/wp-content\/uploads\/2019\/11\/Logo-Caliber-e1574846289621.png\",\"contentUrl\":\"https:\/\/www.calibereurope.com\/wp-content\/uploads\/2019\/11\/Logo-Caliber-e1574846289621.png\",\"width\":400,\"height\":69,\"caption\":\"Caliber Europe B.V.\"},\"image\":{\"@id\":\"https:\/\/www.calibereurope.com\/de\/#\/schema\/logo\/image\/\"},\"sameAs\":[\"https:\/\/facebook.com\/CaliberEurope\/\",\"https:\/\/x.com\/calibereurope\",\"https:\/\/www.instagram.com\/calibereurope\/\"]}]}<\/script>\n<meta property=\"product:price:amount\" content=\"129.00\" \/>\n<meta property=\"product:price:currency\" content=\"EUR\" \/>\n<meta property=\"og:availability\" content=\"instock\" \/>\n<meta property=\"product:availability\" content=\"instock\" \/>\n<meta property=\"product:retailer_item_id\" content=\"BC121US\" \/>\n<meta property=\"product:condition\" content=\"new\" \/>\n<!-- \/ Yoast SEO plugin. -->","yoast_head_json":{"title":"Auto-Subwoofer mit Verst\u00e4rker - RCA-Eingang - Max 500 Watt - 100 Watt RMS - 8-Zoll-Tieft\u00f6ner (BC121US) | Caliber","robots":{"index":"index","follow":"follow","max-snippet":"max-snippet:-1","max-image-preview":"max-image-preview:large","max-video-preview":"max-video-preview:-1"},"canonical":"https:\/\/www.calibereurope.com\/de\/produkt\/BC121US-de_DE\/","og_locale":"de_DE","og_type":"article","og_title":"Auto-Subwoofer mit Verst\u00e4rker - RCA-Eingang - Max 500 Watt - 100 Watt RMS - 8-Zoll-Tieft\u00f6ner (BC121US) | Caliber","og_description":"Machen Sie den Sound in Ihrem Auto noch besser mit diesem Caliber BC121US Untersitz-Subwoofer mit Verst\u00e4rker. Der Subwoofer hat eine kompakte Gr\u00f6\u00dfe, sodass Sie ihn leicht unter den Autositzen platzieren k\u00f6nnen. Anschlussmaterial ist im Lieferumfang enthalten, sodass Sie den Subwoofer im Handumdrehen einsatzbereit haben. Dank des eingebauten Verst\u00e4rkers genie\u00dfen Sie bei jeder Autofahrt gro\u00dfartigen Klang. [&hellip;]","og_url":"https:\/\/www.calibereurope.com\/de\/produkt\/BC121US-de_DE\/","og_site_name":"Caliber","article_publisher":"https:\/\/facebook.com\/CaliberEurope\/","article_modified_time":"2026-01-05T13:10:35+00:00","og_image":[{"width":1024,"height":768,"url":"https:\/\/www.calibereurope.com\/wp-content\/uploads\/2022\/12\/4fe0dc865f17f52518f4f9ac8cfc40a47b498409_BC120US_Top.jpg","type":"image\/jpeg"}],"twitter_card":"summary_large_image","twitter_site":"@calibereurope","twitter_misc":{"Preis":"129,00","Availability":"In stock"},"schema":{"@context":"https:\/\/schema.org","@graph":[{"@type":"WebPage","@id":"https:\/\/www.calibereurope.com\/de\/produkt\/BC121US-de_DE\/","url":"https:\/\/www.calibereurope.com\/de\/produkt\/BC121US-de_DE\/","name":"Auto-Subwoofer mit Verst\u00e4rker - RCA-Eingang - Max 500 Watt - 100 Watt RMS - 8-Zoll-Tieft\u00f6ner (BC121US) | Caliber","isPartOf":{"@id":"https:\/\/www.calibereurope.com\/de\/#website"},"primaryImageOfPage":{"@id":"https:\/\/www.calibereurope.com\/de\/produkt\/BC121US-de_DE\/#primaryimage"},"image":{"@id":"https:\/\/www.calibereurope.com\/de\/produkt\/BC121US-de_DE\/#primaryimage"},"thumbnailUrl":"https:\/\/www.calibereurope.com\/wp-content\/uploads\/2026\/01\/4fe0dc865f17f52518f4f9ac8cfc40a47b498409_BC120US_Top.jpg","datePublished":"2026-01-05T00:00:00+00:00","dateModified":"2026-01-05T13:10:35+00:00","breadcrumb":{"@id":"https:\/\/www.calibereurope.com\/de\/produkt\/BC121US-de_DE\/#breadcrumb"},"inLanguage":"de","potentialAction":[{"@type":"ReadAction","target":["https:\/\/www.calibereurope.com\/de\/produkt\/BC121US-de_DE\/"]}]},{"@type":"ImageObject","inLanguage":"de","@id":"https:\/\/www.calibereurope.com\/de\/produkt\/BC121US-de_DE\/#primaryimage","url":"https:\/\/www.calibereurope.com\/wp-content\/uploads\/2026\/01\/4fe0dc865f17f52518f4f9ac8cfc40a47b498409_BC120US_Top.jpg","contentUrl":"https:\/\/www.calibereurope.com\/wp-content\/uploads\/2026\/01\/4fe0dc865f17f52518f4f9ac8cfc40a47b498409_BC120US_Top.jpg","width":1024,"height":768},{"@type":"BreadcrumbList","@id":"https:\/\/www.calibereurope.com\/de\/produkt\/BC121US-de_DE\/#breadcrumb","itemListElement":[{"@type":"ListItem","position":1,"name":"Home","item":"https:\/\/www.calibereurope.com\/de\/"},{"@type":"ListItem","position":2,"name":"Webshop","item":"https:\/\/www.calibereurope.com\/de\/webshop\/"},{"@type":"ListItem","position":3,"name":"Auto","item":"https:\/\/www.calibereurope.com\/de\/auto_de_de\/"},{"@type":"ListItem","position":4,"name":"Subwoofers","item":"https:\/\/www.calibereurope.com\/de\/auto_de_de\/subwoofers_de_DE\/"},{"@type":"ListItem","position":5,"name":"Aktiver Subwoofer Auto &#8211; Untersitz &#8211; 500 Watt &#8211; 8 Zoll &#8211; Schwarz (BC121US)"}]},{"@type":"WebSite","@id":"https:\/\/www.calibereurope.com\/de\/#website","url":"https:\/\/www.calibereurope.com\/de\/","name":"Caliber","description":"Sounds good!","publisher":{"@id":"https:\/\/www.calibereurope.com\/de\/#organization"},"potentialAction":[{"@type":"SearchAction","target":{"@type":"EntryPoint","urlTemplate":"https:\/\/www.calibereurope.com\/de\/?s={search_term_string}"},"query-input":{"@type":"PropertyValueSpecification","valueRequired":true,"valueName":"search_term_string"}}],"inLanguage":"de"},{"@type":"Organization","@id":"https:\/\/www.calibereurope.com\/de\/#organization","name":"Caliber Europe B.V.","url":"https:\/\/www.calibereurope.com\/de\/","logo":{"@type":"ImageObject","inLanguage":"de","@id":"https:\/\/www.calibereurope.com\/de\/#\/schema\/logo\/image\/","url":"https:\/\/www.calibereurope.com\/wp-content\/uploads\/2019\/11\/Logo-Caliber-e1574846289621.png","contentUrl":"https:\/\/www.calibereurope.com\/wp-content\/uploads\/2019\/11\/Logo-Caliber-e1574846289621.png","width":400,"height":69,"caption":"Caliber Europe B.V."},"image":{"@id":"https:\/\/www.calibereurope.com\/de\/#\/schema\/logo\/image\/"},"sameAs":["https:\/\/facebook.com\/CaliberEurope\/","https:\/\/x.com\/calibereurope","https:\/\/www.instagram.com\/calibereurope\/"]}]},"product_price_amount":"129.00","product_price_currency":"EUR","og_availability":"instock","product_availability":"instock","product_retailer_item_id":"BC121US","product_condition":"new"},"_links":{"self":[{"href":"https:\/\/www.calibereurope.com\/de\/wp-json\/wp\/v2\/product\/1345285","targetHints":{"allow":["GET"]}}],"collection":[{"href":"https:\/\/www.calibereurope.com\/de\/wp-json\/wp\/v2\/product"}],"about":[{"href":"https:\/\/www.calibereurope.com\/de\/wp-json\/wp\/v2\/types\/product"}],"replies":[{"embeddable":true,"href":"https:\/\/www.calibereurope.com\/de\/wp-json\/wp\/v2\/comments?post=1345285"}],"wp:featuredmedia":[{"embeddable":true,"href":"https:\/\/www.calibereurope.com\/de\/wp-json\/wp\/v2\/media\/1682079"}],"wp:attachment":[{"href":"https:\/\/www.calibereurope.com\/de\/wp-json\/wp\/v2\/media?parent=1345285"}],"wp:term":[{"taxonomy":"product_brand","embeddable":true,"href":"https:\/\/www.calibereurope.com\/de\/wp-json\/wp\/v2\/product_brand?post=1345285"},{"taxonomy":"product_cat","embeddable":true,"href":"https:\/\/www.calibereurope.com\/de\/wp-json\/wp\/v2\/product_cat?post=1345285"},{"taxonomy":"product_tag","embeddable":true,"href":"https:\/\/www.calibereurope.com\/de\/wp-json\/wp\/v2\/product_tag?post=1345285"}],"curies":[{"name":"wp","href":"https:\/\/api.w.org\/{rel}","templated":true}]}}