{"id":1444926,"date":"2026-01-05T01:00:00","date_gmt":"2026-01-05T00:00:00","guid":{"rendered":"0"},"modified":"2026-01-05T14:10:51","modified_gmt":"2026-01-05T13:10:51","slug":"CDS4G-de_DE","status":"publish","type":"product","link":"https:\/\/www.calibereurope.com\/de\/produkt\/CDS4G-de_DE\/","title":{"rendered":"Autolautsprecher &#8211; Lautsprecher Set 10 cm &#8211; 2 Stra\u00dfenlautsprecher &#8211; 30 mm Hocht\u00f6ner &#8211; 80 W Max (CDS4G)"},"content":{"rendered":"<p> Der CDS4G -Autosprecher besteht aus einem <strong> -Spreis von zwei Lautsprechern mit Grill. <\/strong> Dies erm\u00f6glicht es Ihnen, immer die beste Klangqualit\u00e4t zu genie\u00dfen. Die Autolautsprecher von <strong> 10 cm <\/strong> haben <strong> 2 Stra\u00dfen koaxiale Lautsprecher <\/strong> und <strong> 30 mm Hocht\u00f6ner <\/strong>. Dies gew\u00e4hrleistet einen optimalen Klang. Mit einer maximalen Leistung von <strong> 80 Watt und 40 Watt RMS <\/strong> k\u00f6nnen Sie alle Ger\u00e4usche der Musik h\u00f6ren. Der Lautsprechersatz hat eine <strong> -Anbautiefe von 44 mm <\/strong> und einen <strong> -In -Durchmesser von 100 mm <\/strong>. Dank der gelieferten Materialien k\u00f6nnen Sie sie problemlos in Ihrem Auto installieren!&nbsp;<\/p>\n<p><\/p>\n<ul>\n<li> Autolautsprecher von 10 cm <\/li>\n<li> 2 Stra\u00dfensystem <\/li>\n<li> 30 mm Hocht\u00f6ner <\/li>\n<li> 40 Watt RMS <\/li>\n<li> Maximum Kraft: 80 Watt <\/li>\n<li> Empfindlichkeit: 92db\/w\/m <\/li>\n<li> Montagetiefe: 44 mm <\/li>\n<li> Durchmesser einbauen: 100 mm <\/li>\n<li> mit IMPP-Kegel im Kevlar-Look <\/li>\n<li> einschlie\u00dflich Grill <\/li>\n<\/ul>\n<h3> Ausgezeichnete Klangqualit\u00e4t <\/h3>\n<p> Mit diesem Lautsprecher-Set k\u00f6nnen Sie jetzt die beste Klangqualit\u00e4t in Ihrem genie\u00dfen Wagen. Dank dieser 2 Stra\u00dfenlautsprecher mit gebauten 30 -mm -Hocht\u00f6nern unterscheiden sich hohe T\u00f6ne gut von niedrigen T\u00f6nen. Auf diese Weise k\u00f6nnen Sie Ihre Lieblingsmusik optimal genie\u00dfen. Die Kraft der Autolautsprecher ist gro\u00dfartig. Mit einer minimalen Leistung von 40 Watt RMS und einer maximalen Leistung von 80 Watt k\u00f6nnen Sie w\u00e4hrend einer Autofahrt stundenlang Musik h\u00f6ren. <\/p>\n<h3> Guter Schutz <\/h3>\n<p> Die Lautsprecher f\u00fcr das Auto werden einschlie\u00dflich Grill geliefert. Der Grill sorgt daf\u00fcr, dass die Autolautsprecher gut gesch\u00fctzt sind. Auf diese Weise bleiben die Hocht\u00f6ner gut und Sie verhindern Sch\u00e4den, die w\u00e4hrend des Transports oder aufgrund der Unaufmerksamkeit der Passagiere auftreten k\u00f6nnen. <\/p>\n<h3> Einfach zu installieren <\/h3>\n<p> Die Lautsprecher f\u00fcr das Auto werden geliefert, einschlie\u00dflich Schrauben und Clips, damit Sie sie gut befestigen k\u00f6nnen. Die Autolautsprecher haben einen durchl\u00e4ssigen Durchmesser von 100 mm und eine Installationstiefe von 44 mm. Wenn Sie die mitgelieferten Materialien verwenden, k\u00f6nnen Sie Lautsprecher problemlos selbst in Ihrem Auto befestigen.&nbsp;<\/p>\n<p><\/p>\n<ul>\n<li> Caliber CDS4G -Autolautsprecher <\/li>\n<li> Montage -Material: Schrauben und Clips <\/li>\n<li> Grill <\/li>\n<\/ul>\n","protected":false},"excerpt":{"rendered":"<p>Der CDS4G -Autosprecher besteht aus einem -Spreis von zwei Lautsprechern mit Grill. Dies erm\u00f6glicht es Ihnen, immer die beste Klangqualit\u00e4t zu genie\u00dfen. Die Autolautsprecher von 10 cm haben 2 Stra\u00dfen koaxiale Lautsprecher und 30 mm Hocht\u00f6ner . Dies gew\u00e4hrleistet einen optimalen Klang. Mit einer maximalen Leistung von 80 Watt und 40 Watt RMS k\u00f6nnen Sie [&hellip;]<\/p>\n","protected":false},"featured_media":1682159,"comment_status":"open","ping_status":"closed","template":"","meta":{"inline_featured_image":false},"product_brand":[],"product_cat":[7804],"product_tag":[],"class_list":{"0":"post-1444926","1":"product","2":"type-product","3":"status-publish","4":"has-post-thumbnail","6":"product_cat-luidsprekers_auto_de_DE","8":"first","9":"outofstock","10":"taxable","11":"shipping-taxable","12":"purchasable","13":"product-type-simple"},"yoast_head":"<!-- This site is optimized with the Yoast SEO plugin v24.4 - https:\/\/yoast.com\/wordpress\/plugins\/seo\/ -->\n<title>Autolautsprecher - Lautsprecher Set 10 cm - 2 Stra\u00dfenlautsprecher - 30 mm Hocht\u00f6ner - 80 W Max (CDS4G) | Caliber<\/title>\n<meta name=\"robots\" content=\"index, follow, max-snippet:-1, max-image-preview:large, max-video-preview:-1\" \/>\n<link rel=\"canonical\" href=\"https:\/\/www.calibereurope.com\/de\/produkt\/CDS4G-de_DE\/\" \/>\n<meta property=\"og:locale\" content=\"de_DE\" \/>\n<meta property=\"og:type\" content=\"article\" \/>\n<meta property=\"og:title\" content=\"Autolautsprecher - Lautsprecher Set 10 cm - 2 Stra\u00dfenlautsprecher - 30 mm Hocht\u00f6ner - 80 W Max (CDS4G) | Caliber\" \/>\n<meta property=\"og:description\" content=\"Der CDS4G -Autosprecher besteht aus einem -Spreis von zwei Lautsprechern mit Grill. Dies erm\u00f6glicht es Ihnen, immer die beste Klangqualit\u00e4t zu genie\u00dfen. Die Autolautsprecher von 10 cm haben 2 Stra\u00dfen koaxiale Lautsprecher und 30 mm Hocht\u00f6ner . Dies gew\u00e4hrleistet einen optimalen Klang. Mit einer maximalen Leistung von 80 Watt und 40 Watt RMS k\u00f6nnen Sie [&hellip;]\" \/>\n<meta property=\"og:url\" content=\"https:\/\/www.calibereurope.com\/de\/produkt\/CDS4G-de_DE\/\" \/>\n<meta property=\"og:site_name\" content=\"Caliber\" \/>\n<meta property=\"article:publisher\" content=\"https:\/\/facebook.com\/CaliberEurope\/\" \/>\n<meta property=\"article:modified_time\" content=\"2026-01-05T13:10:51+00:00\" \/>\n<meta property=\"og:image\" content=\"https:\/\/www.calibereurope.com\/wp-content\/uploads\/2023\/05\/Caliber-logo-opengraphs.jpg\" \/>\n\t<meta property=\"og:image:width\" content=\"1050\" \/>\n\t<meta property=\"og:image:height\" content=\"525\" \/>\n\t<meta property=\"og:image:type\" content=\"image\/jpeg\" \/>\n<meta name=\"twitter:card\" content=\"summary_large_image\" \/>\n<meta name=\"twitter:site\" content=\"@calibereurope\" \/>\n<meta name=\"twitter:label1\" content=\"Preis\" \/>\n\t<meta name=\"twitter:data1\" content=\"26,95\" \/>\n\t<meta name=\"twitter:label2\" content=\"Availability\" \/>\n\t<meta name=\"twitter:data2\" content=\"Out of stock\" \/>\n<script type=\"application\/ld+json\" class=\"yoast-schema-graph\">{\"@context\":\"https:\/\/schema.org\",\"@graph\":[{\"@type\":\"WebPage\",\"@id\":\"https:\/\/www.calibereurope.com\/de\/produkt\/CDS4G-de_DE\/\",\"url\":\"https:\/\/www.calibereurope.com\/de\/produkt\/CDS4G-de_DE\/\",\"name\":\"Autolautsprecher - Lautsprecher Set 10 cm - 2 Stra\u00dfenlautsprecher - 30 mm Hocht\u00f6ner - 80 W Max (CDS4G) | Caliber\",\"isPartOf\":{\"@id\":\"https:\/\/www.calibereurope.com\/de\/#website\"},\"primaryImageOfPage\":{\"@id\":\"https:\/\/www.calibereurope.com\/de\/produkt\/CDS4G-de_DE\/#primaryimage\"},\"image\":{\"@id\":\"https:\/\/www.calibereurope.com\/de\/produkt\/CDS4G-de_DE\/#primaryimage\"},\"thumbnailUrl\":\"https:\/\/www.calibereurope.com\/wp-content\/uploads\/2026\/01\/10f10cdaeb48ed1e627b116662cf053c4b7ccc52_CDS4G_top.jpg\",\"datePublished\":\"2026-01-05T00:00:00+00:00\",\"dateModified\":\"2026-01-05T13:10:51+00:00\",\"breadcrumb\":{\"@id\":\"https:\/\/www.calibereurope.com\/de\/produkt\/CDS4G-de_DE\/#breadcrumb\"},\"inLanguage\":\"de\",\"potentialAction\":[{\"@type\":\"ReadAction\",\"target\":[\"https:\/\/www.calibereurope.com\/de\/produkt\/CDS4G-de_DE\/\"]}]},{\"@type\":\"ImageObject\",\"inLanguage\":\"de\",\"@id\":\"https:\/\/www.calibereurope.com\/de\/produkt\/CDS4G-de_DE\/#primaryimage\",\"url\":\"https:\/\/www.calibereurope.com\/wp-content\/uploads\/2026\/01\/10f10cdaeb48ed1e627b116662cf053c4b7ccc52_CDS4G_top.jpg\",\"contentUrl\":\"https:\/\/www.calibereurope.com\/wp-content\/uploads\/2026\/01\/10f10cdaeb48ed1e627b116662cf053c4b7ccc52_CDS4G_top.jpg\",\"width\":1024,\"height\":768},{\"@type\":\"BreadcrumbList\",\"@id\":\"https:\/\/www.calibereurope.com\/de\/produkt\/CDS4G-de_DE\/#breadcrumb\",\"itemListElement\":[{\"@type\":\"ListItem\",\"position\":1,\"name\":\"Home\",\"item\":\"https:\/\/www.calibereurope.com\/de\/\"},{\"@type\":\"ListItem\",\"position\":2,\"name\":\"Webshop\",\"item\":\"https:\/\/www.calibereurope.com\/de\/webshop\/\"},{\"@type\":\"ListItem\",\"position\":3,\"name\":\"Auto\",\"item\":\"https:\/\/www.calibereurope.com\/de\/auto_de_de\/\"},{\"@type\":\"ListItem\",\"position\":4,\"name\":\"Redner\",\"item\":\"https:\/\/www.calibereurope.com\/de\/auto_de_de\/luidsprekers_auto_de_DE\/\"},{\"@type\":\"ListItem\",\"position\":5,\"name\":\"Autolautsprecher &#8211; Lautsprecher Set 10 cm &#8211; 2 Stra\u00dfenlautsprecher &#8211; 30 mm Hocht\u00f6ner &#8211; 80 W Max (CDS4G)\"}]},{\"@type\":\"WebSite\",\"@id\":\"https:\/\/www.calibereurope.com\/de\/#website\",\"url\":\"https:\/\/www.calibereurope.com\/de\/\",\"name\":\"Caliber\",\"description\":\"Sounds good!\",\"publisher\":{\"@id\":\"https:\/\/www.calibereurope.com\/de\/#organization\"},\"potentialAction\":[{\"@type\":\"SearchAction\",\"target\":{\"@type\":\"EntryPoint\",\"urlTemplate\":\"https:\/\/www.calibereurope.com\/de\/?s={search_term_string}\"},\"query-input\":{\"@type\":\"PropertyValueSpecification\",\"valueRequired\":true,\"valueName\":\"search_term_string\"}}],\"inLanguage\":\"de\"},{\"@type\":\"Organization\",\"@id\":\"https:\/\/www.calibereurope.com\/de\/#organization\",\"name\":\"Caliber Europe B.V.\",\"url\":\"https:\/\/www.calibereurope.com\/de\/\",\"logo\":{\"@type\":\"ImageObject\",\"inLanguage\":\"de\",\"@id\":\"https:\/\/www.calibereurope.com\/de\/#\/schema\/logo\/image\/\",\"url\":\"https:\/\/www.calibereurope.com\/wp-content\/uploads\/2019\/11\/Logo-Caliber-e1574846289621.png\",\"contentUrl\":\"https:\/\/www.calibereurope.com\/wp-content\/uploads\/2019\/11\/Logo-Caliber-e1574846289621.png\",\"width\":400,\"height\":69,\"caption\":\"Caliber Europe B.V.\"},\"image\":{\"@id\":\"https:\/\/www.calibereurope.com\/de\/#\/schema\/logo\/image\/\"},\"sameAs\":[\"https:\/\/facebook.com\/CaliberEurope\/\",\"https:\/\/x.com\/calibereurope\",\"https:\/\/www.instagram.com\/calibereurope\/\"]}]}<\/script>\n<meta property=\"product:price:amount\" content=\"26.95\" \/>\n<meta property=\"product:price:currency\" content=\"EUR\" \/>\n<meta property=\"og:availability\" content=\"out of stock\" \/>\n<meta property=\"product:availability\" content=\"out of stock\" \/>\n<meta property=\"product:retailer_item_id\" content=\"CDS4G\" \/>\n<meta property=\"product:condition\" content=\"new\" \/>\n<!-- \/ Yoast SEO plugin. -->","yoast_head_json":{"title":"Autolautsprecher - Lautsprecher Set 10 cm - 2 Stra\u00dfenlautsprecher - 30 mm Hocht\u00f6ner - 80 W Max (CDS4G) | Caliber","robots":{"index":"index","follow":"follow","max-snippet":"max-snippet:-1","max-image-preview":"max-image-preview:large","max-video-preview":"max-video-preview:-1"},"canonical":"https:\/\/www.calibereurope.com\/de\/produkt\/CDS4G-de_DE\/","og_locale":"de_DE","og_type":"article","og_title":"Autolautsprecher - Lautsprecher Set 10 cm - 2 Stra\u00dfenlautsprecher - 30 mm Hocht\u00f6ner - 80 W Max (CDS4G) | Caliber","og_description":"Der CDS4G -Autosprecher besteht aus einem -Spreis von zwei Lautsprechern mit Grill. Dies erm\u00f6glicht es Ihnen, immer die beste Klangqualit\u00e4t zu genie\u00dfen. Die Autolautsprecher von 10 cm haben 2 Stra\u00dfen koaxiale Lautsprecher und 30 mm Hocht\u00f6ner . Dies gew\u00e4hrleistet einen optimalen Klang. Mit einer maximalen Leistung von 80 Watt und 40 Watt RMS k\u00f6nnen Sie [&hellip;]","og_url":"https:\/\/www.calibereurope.com\/de\/produkt\/CDS4G-de_DE\/","og_site_name":"Caliber","article_publisher":"https:\/\/facebook.com\/CaliberEurope\/","article_modified_time":"2026-01-05T13:10:51+00:00","og_image":[{"width":1050,"height":525,"url":"https:\/\/www.calibereurope.com\/wp-content\/uploads\/2023\/05\/Caliber-logo-opengraphs.jpg","type":"image\/jpeg"}],"twitter_card":"summary_large_image","twitter_site":"@calibereurope","twitter_misc":{"Preis":"26,95","Availability":"Out of stock"},"schema":{"@context":"https:\/\/schema.org","@graph":[{"@type":"WebPage","@id":"https:\/\/www.calibereurope.com\/de\/produkt\/CDS4G-de_DE\/","url":"https:\/\/www.calibereurope.com\/de\/produkt\/CDS4G-de_DE\/","name":"Autolautsprecher - Lautsprecher Set 10 cm - 2 Stra\u00dfenlautsprecher - 30 mm Hocht\u00f6ner - 80 W Max (CDS4G) | Caliber","isPartOf":{"@id":"https:\/\/www.calibereurope.com\/de\/#website"},"primaryImageOfPage":{"@id":"https:\/\/www.calibereurope.com\/de\/produkt\/CDS4G-de_DE\/#primaryimage"},"image":{"@id":"https:\/\/www.calibereurope.com\/de\/produkt\/CDS4G-de_DE\/#primaryimage"},"thumbnailUrl":"https:\/\/www.calibereurope.com\/wp-content\/uploads\/2026\/01\/10f10cdaeb48ed1e627b116662cf053c4b7ccc52_CDS4G_top.jpg","datePublished":"2026-01-05T00:00:00+00:00","dateModified":"2026-01-05T13:10:51+00:00","breadcrumb":{"@id":"https:\/\/www.calibereurope.com\/de\/produkt\/CDS4G-de_DE\/#breadcrumb"},"inLanguage":"de","potentialAction":[{"@type":"ReadAction","target":["https:\/\/www.calibereurope.com\/de\/produkt\/CDS4G-de_DE\/"]}]},{"@type":"ImageObject","inLanguage":"de","@id":"https:\/\/www.calibereurope.com\/de\/produkt\/CDS4G-de_DE\/#primaryimage","url":"https:\/\/www.calibereurope.com\/wp-content\/uploads\/2026\/01\/10f10cdaeb48ed1e627b116662cf053c4b7ccc52_CDS4G_top.jpg","contentUrl":"https:\/\/www.calibereurope.com\/wp-content\/uploads\/2026\/01\/10f10cdaeb48ed1e627b116662cf053c4b7ccc52_CDS4G_top.jpg","width":1024,"height":768},{"@type":"BreadcrumbList","@id":"https:\/\/www.calibereurope.com\/de\/produkt\/CDS4G-de_DE\/#breadcrumb","itemListElement":[{"@type":"ListItem","position":1,"name":"Home","item":"https:\/\/www.calibereurope.com\/de\/"},{"@type":"ListItem","position":2,"name":"Webshop","item":"https:\/\/www.calibereurope.com\/de\/webshop\/"},{"@type":"ListItem","position":3,"name":"Auto","item":"https:\/\/www.calibereurope.com\/de\/auto_de_de\/"},{"@type":"ListItem","position":4,"name":"Redner","item":"https:\/\/www.calibereurope.com\/de\/auto_de_de\/luidsprekers_auto_de_DE\/"},{"@type":"ListItem","position":5,"name":"Autolautsprecher &#8211; Lautsprecher Set 10 cm &#8211; 2 Stra\u00dfenlautsprecher &#8211; 30 mm Hocht\u00f6ner &#8211; 80 W Max (CDS4G)"}]},{"@type":"WebSite","@id":"https:\/\/www.calibereurope.com\/de\/#website","url":"https:\/\/www.calibereurope.com\/de\/","name":"Caliber","description":"Sounds good!","publisher":{"@id":"https:\/\/www.calibereurope.com\/de\/#organization"},"potentialAction":[{"@type":"SearchAction","target":{"@type":"EntryPoint","urlTemplate":"https:\/\/www.calibereurope.com\/de\/?s={search_term_string}"},"query-input":{"@type":"PropertyValueSpecification","valueRequired":true,"valueName":"search_term_string"}}],"inLanguage":"de"},{"@type":"Organization","@id":"https:\/\/www.calibereurope.com\/de\/#organization","name":"Caliber Europe B.V.","url":"https:\/\/www.calibereurope.com\/de\/","logo":{"@type":"ImageObject","inLanguage":"de","@id":"https:\/\/www.calibereurope.com\/de\/#\/schema\/logo\/image\/","url":"https:\/\/www.calibereurope.com\/wp-content\/uploads\/2019\/11\/Logo-Caliber-e1574846289621.png","contentUrl":"https:\/\/www.calibereurope.com\/wp-content\/uploads\/2019\/11\/Logo-Caliber-e1574846289621.png","width":400,"height":69,"caption":"Caliber Europe B.V."},"image":{"@id":"https:\/\/www.calibereurope.com\/de\/#\/schema\/logo\/image\/"},"sameAs":["https:\/\/facebook.com\/CaliberEurope\/","https:\/\/x.com\/calibereurope","https:\/\/www.instagram.com\/calibereurope\/"]}]},"product_price_amount":"26.95","product_price_currency":"EUR","og_availability":"out of stock","product_availability":"out of stock","product_retailer_item_id":"CDS4G","product_condition":"new"},"_links":{"self":[{"href":"https:\/\/www.calibereurope.com\/de\/wp-json\/wp\/v2\/product\/1444926","targetHints":{"allow":["GET"]}}],"collection":[{"href":"https:\/\/www.calibereurope.com\/de\/wp-json\/wp\/v2\/product"}],"about":[{"href":"https:\/\/www.calibereurope.com\/de\/wp-json\/wp\/v2\/types\/product"}],"replies":[{"embeddable":true,"href":"https:\/\/www.calibereurope.com\/de\/wp-json\/wp\/v2\/comments?post=1444926"}],"wp:featuredmedia":[{"embeddable":true,"href":"https:\/\/www.calibereurope.com\/de\/wp-json\/wp\/v2\/media\/1682159"}],"wp:attachment":[{"href":"https:\/\/www.calibereurope.com\/de\/wp-json\/wp\/v2\/media?parent=1444926"}],"wp:term":[{"taxonomy":"product_brand","embeddable":true,"href":"https:\/\/www.calibereurope.com\/de\/wp-json\/wp\/v2\/product_brand?post=1444926"},{"taxonomy":"product_cat","embeddable":true,"href":"https:\/\/www.calibereurope.com\/de\/wp-json\/wp\/v2\/product_cat?post=1444926"},{"taxonomy":"product_tag","embeddable":true,"href":"https:\/\/www.calibereurope.com\/de\/wp-json\/wp\/v2\/product_tag?post=1444926"}],"curies":[{"name":"wp","href":"https:\/\/api.w.org\/{rel}","templated":true}]}}