{"id":1445042,"date":"2026-01-05T01:00:00","date_gmt":"2026-01-05T00:00:00","guid":{"rendered":"0"},"modified":"2026-01-05T14:11:12","modified_gmt":"2026-01-05T13:11:12","slug":"CDS4-de_DE","status":"publish","type":"product","link":"https:\/\/www.calibereurope.com\/de\/produkt\/CDS4-de_DE\/","title":{"rendered":"Autolautsprecher &#8211; Lautsprecher Set 10 cm &#8211; 80W Max &#8211; 2 Stra\u00dfenlautsprecher &#8211; 30 mm Hocht\u00f6ner (CDS4)"},"content":{"rendered":"<p> Genie\u00dfen Sie Ihre Lieblingsmusik mit den CDS4 -Autolautsprechern. Dank des <strong> -Spets von zwei Lautsprechern <\/strong> k\u00f6nnen Sie immer den qualitativ hochwertigen Sound genie\u00dfen. Die <strong> zwei 10 cm 2 Stra\u00dfe Koaxiallautsprecher mit 30 mm Hocht\u00f6nern <\/strong> gew\u00e4hrleisten einen optimalen Klang mit einem feinen Bass. Mit einem Ger\u00e4usch von 40 Watt RMS und einer maximalen Leistung von <strong> 80 Watt <\/strong> k\u00f6nnen Sie alle Ger\u00e4usche der Musik h\u00f6ren, selbst die feinen Sounds sind h\u00f6rbar. Der Lautsprechersatz hat eine <strong> -Anbautiefe von 44 mm <\/strong> und einen <strong> -In -Durchmesser von 94 mm <\/strong>. Dies bedeutet, dass die Lautsprecher gut in Ihr Auto passen.<\/p>\n<p><\/p>\n<ul>\n<li>Autolautsprecher von 10 cm<\/li>\n<li>2 Stra\u00dfensystem<\/li>\n<li>30 mm Hocht\u00f6ner<\/li>\n<li>40 Watt RMS<\/li>\n<li>Gesamtkapital von 80 Watt<\/li>\n<li>Empfindlichkeit: 92db\/w\/m<\/li>\n<li>Montagetiefe: 44 mm<\/li>\n<li>Durchmesser installieren: 94 mm<\/li>\n<li>mit IMPP-Keggel In Kevlar -wook<\/li>\n<\/ul>\n<h3> F\u00fchle die Musik <\/h3>\n<p> mit diesen Autolautsprechern k\u00f6nnen Sie die Musik optimal h\u00f6ren, und dies macht es besser, Ihre Lieblingsmusik zu h\u00f6ren. Dank dieser 2 Stra\u00dfennachter mit gebauten 30 -mm -Hocht\u00f6nern unterscheiden sich die hohen T\u00f6ne gut von den niedrigen T\u00f6nen. Auf diese Weise k\u00f6nnen Sie optimal genie\u00dfen und Sie k\u00f6nnen alle Ger\u00e4usche und Sounds im Detail h\u00f6ren. <\/p>\n<h3> Gro\u00dfe Leistung <\/h3>\n<p> Die Leistung des Lautsprechersatzes ist sehr gro\u00df. Mit einer minimalen Leistung von 40 Watt RMS und einer maximalen Leistung von 80 Watt k\u00f6nnen Sie w\u00e4hrend Ihres Laufwerks stundenlang Musik h\u00f6ren. <\/p>\n<h3> Einfach zu platzieren <\/h3>\n<p> Die Lautsprecher f\u00fcr das Auto werden geliefert, einschlie\u00dflich Schrauben und Clips, um die Autolautsprecher zu befestigen. Dank des Installationsdurchmessers von 94 mm und einer gebauten Tiefe von 44 mm k\u00f6nnen Sie es selbst im Auto befestigen. Alles, was Sie tun m\u00fcssen, ist die gelieferten Materialien zu verwenden.&nbsp;<\/p>\n<p><\/p>\n<li> Caliber CDS4 Autospeakers <\/li>\n<li> Montage -Material: Schrauben und Clips <\/li>\n","protected":false},"excerpt":{"rendered":"<p>Genie\u00dfen Sie Ihre Lieblingsmusik mit den CDS4 -Autolautsprechern. Dank des -Spets von zwei Lautsprechern k\u00f6nnen Sie immer den qualitativ hochwertigen Sound genie\u00dfen. Die zwei 10 cm 2 Stra\u00dfe Koaxiallautsprecher mit 30 mm Hocht\u00f6nern gew\u00e4hrleisten einen optimalen Klang mit einem feinen Bass. Mit einem Ger\u00e4usch von 40 Watt RMS und einer maximalen Leistung von 80 Watt [&hellip;]<\/p>\n","protected":false},"featured_media":1682271,"comment_status":"open","ping_status":"closed","template":"","meta":{"inline_featured_image":false},"product_brand":[],"product_cat":[7768,7804],"product_tag":[],"class_list":{"0":"post-1445042","1":"product","2":"type-product","3":"status-publish","4":"has-post-thumbnail","6":"product_cat-auto_de_de","7":"product_cat-luidsprekers_auto_de_DE","9":"first","10":"outofstock","11":"taxable","12":"shipping-taxable","13":"purchasable","14":"product-type-simple"},"yoast_head":"<!-- This site is optimized with the Yoast SEO plugin v24.4 - https:\/\/yoast.com\/wordpress\/plugins\/seo\/ -->\n<title>Autolautsprecher - Lautsprecher Set 10 cm - 80W Max - 2 Stra\u00dfenlautsprecher - 30 mm Hocht\u00f6ner (CDS4) | Caliber<\/title>\n<meta name=\"robots\" content=\"index, follow, max-snippet:-1, max-image-preview:large, max-video-preview:-1\" \/>\n<link rel=\"canonical\" href=\"https:\/\/www.calibereurope.com\/de\/produkt\/CDS4-de_DE\/\" \/>\n<meta property=\"og:locale\" content=\"de_DE\" \/>\n<meta property=\"og:type\" content=\"article\" \/>\n<meta property=\"og:title\" content=\"Autolautsprecher - Lautsprecher Set 10 cm - 80W Max - 2 Stra\u00dfenlautsprecher - 30 mm Hocht\u00f6ner (CDS4) | Caliber\" \/>\n<meta property=\"og:description\" content=\"Genie\u00dfen Sie Ihre Lieblingsmusik mit den CDS4 -Autolautsprechern. Dank des -Spets von zwei Lautsprechern k\u00f6nnen Sie immer den qualitativ hochwertigen Sound genie\u00dfen. Die zwei 10 cm 2 Stra\u00dfe Koaxiallautsprecher mit 30 mm Hocht\u00f6nern gew\u00e4hrleisten einen optimalen Klang mit einem feinen Bass. Mit einem Ger\u00e4usch von 40 Watt RMS und einer maximalen Leistung von 80 Watt [&hellip;]\" \/>\n<meta property=\"og:url\" content=\"https:\/\/www.calibereurope.com\/de\/produkt\/CDS4-de_DE\/\" \/>\n<meta property=\"og:site_name\" content=\"Caliber\" \/>\n<meta property=\"article:publisher\" content=\"https:\/\/facebook.com\/CaliberEurope\/\" \/>\n<meta property=\"article:modified_time\" content=\"2026-01-05T13:11:12+00:00\" \/>\n<meta property=\"og:image\" content=\"https:\/\/www.calibereurope.com\/wp-content\/uploads\/2023\/05\/Caliber-logo-opengraphs.jpg\" \/>\n\t<meta property=\"og:image:width\" content=\"1050\" \/>\n\t<meta property=\"og:image:height\" content=\"525\" \/>\n\t<meta property=\"og:image:type\" content=\"image\/jpeg\" \/>\n<meta name=\"twitter:card\" content=\"summary_large_image\" \/>\n<meta name=\"twitter:site\" content=\"@calibereurope\" \/>\n<meta name=\"twitter:label1\" content=\"Preis\" \/>\n\t<meta name=\"twitter:data1\" content=\"25,00\" \/>\n\t<meta name=\"twitter:label2\" content=\"Availability\" \/>\n\t<meta name=\"twitter:data2\" content=\"Out of stock\" \/>\n<script type=\"application\/ld+json\" class=\"yoast-schema-graph\">{\"@context\":\"https:\/\/schema.org\",\"@graph\":[{\"@type\":\"WebPage\",\"@id\":\"https:\/\/www.calibereurope.com\/de\/produkt\/CDS4-de_DE\/\",\"url\":\"https:\/\/www.calibereurope.com\/de\/produkt\/CDS4-de_DE\/\",\"name\":\"Autolautsprecher - Lautsprecher Set 10 cm - 80W Max - 2 Stra\u00dfenlautsprecher - 30 mm Hocht\u00f6ner (CDS4) | Caliber\",\"isPartOf\":{\"@id\":\"https:\/\/www.calibereurope.com\/de\/#website\"},\"primaryImageOfPage\":{\"@id\":\"https:\/\/www.calibereurope.com\/de\/produkt\/CDS4-de_DE\/#primaryimage\"},\"image\":{\"@id\":\"https:\/\/www.calibereurope.com\/de\/produkt\/CDS4-de_DE\/#primaryimage\"},\"thumbnailUrl\":\"https:\/\/www.calibereurope.com\/wp-content\/uploads\/2026\/01\/055a772b2a9610586f250dbe800ec60e215a55e4_CDS4_top.jpg\",\"datePublished\":\"2026-01-05T00:00:00+00:00\",\"dateModified\":\"2026-01-05T13:11:12+00:00\",\"breadcrumb\":{\"@id\":\"https:\/\/www.calibereurope.com\/de\/produkt\/CDS4-de_DE\/#breadcrumb\"},\"inLanguage\":\"de\",\"potentialAction\":[{\"@type\":\"ReadAction\",\"target\":[\"https:\/\/www.calibereurope.com\/de\/produkt\/CDS4-de_DE\/\"]}]},{\"@type\":\"ImageObject\",\"inLanguage\":\"de\",\"@id\":\"https:\/\/www.calibereurope.com\/de\/produkt\/CDS4-de_DE\/#primaryimage\",\"url\":\"https:\/\/www.calibereurope.com\/wp-content\/uploads\/2026\/01\/055a772b2a9610586f250dbe800ec60e215a55e4_CDS4_top.jpg\",\"contentUrl\":\"https:\/\/www.calibereurope.com\/wp-content\/uploads\/2026\/01\/055a772b2a9610586f250dbe800ec60e215a55e4_CDS4_top.jpg\",\"width\":1024,\"height\":768},{\"@type\":\"BreadcrumbList\",\"@id\":\"https:\/\/www.calibereurope.com\/de\/produkt\/CDS4-de_DE\/#breadcrumb\",\"itemListElement\":[{\"@type\":\"ListItem\",\"position\":1,\"name\":\"Home\",\"item\":\"https:\/\/www.calibereurope.com\/de\/\"},{\"@type\":\"ListItem\",\"position\":2,\"name\":\"Webshop\",\"item\":\"https:\/\/www.calibereurope.com\/de\/webshop\/\"},{\"@type\":\"ListItem\",\"position\":3,\"name\":\"Auto\",\"item\":\"https:\/\/www.calibereurope.com\/de\/auto_de_de\/\"},{\"@type\":\"ListItem\",\"position\":4,\"name\":\"Redner\",\"item\":\"https:\/\/www.calibereurope.com\/de\/auto_de_de\/luidsprekers_auto_de_DE\/\"},{\"@type\":\"ListItem\",\"position\":5,\"name\":\"Autolautsprecher &#8211; Lautsprecher Set 10 cm &#8211; 80W Max &#8211; 2 Stra\u00dfenlautsprecher &#8211; 30 mm Hocht\u00f6ner (CDS4)\"}]},{\"@type\":\"WebSite\",\"@id\":\"https:\/\/www.calibereurope.com\/de\/#website\",\"url\":\"https:\/\/www.calibereurope.com\/de\/\",\"name\":\"Caliber\",\"description\":\"Sounds good!\",\"publisher\":{\"@id\":\"https:\/\/www.calibereurope.com\/de\/#organization\"},\"potentialAction\":[{\"@type\":\"SearchAction\",\"target\":{\"@type\":\"EntryPoint\",\"urlTemplate\":\"https:\/\/www.calibereurope.com\/de\/?s={search_term_string}\"},\"query-input\":{\"@type\":\"PropertyValueSpecification\",\"valueRequired\":true,\"valueName\":\"search_term_string\"}}],\"inLanguage\":\"de\"},{\"@type\":\"Organization\",\"@id\":\"https:\/\/www.calibereurope.com\/de\/#organization\",\"name\":\"Caliber Europe B.V.\",\"url\":\"https:\/\/www.calibereurope.com\/de\/\",\"logo\":{\"@type\":\"ImageObject\",\"inLanguage\":\"de\",\"@id\":\"https:\/\/www.calibereurope.com\/de\/#\/schema\/logo\/image\/\",\"url\":\"https:\/\/www.calibereurope.com\/wp-content\/uploads\/2019\/11\/Logo-Caliber-e1574846289621.png\",\"contentUrl\":\"https:\/\/www.calibereurope.com\/wp-content\/uploads\/2019\/11\/Logo-Caliber-e1574846289621.png\",\"width\":400,\"height\":69,\"caption\":\"Caliber Europe B.V.\"},\"image\":{\"@id\":\"https:\/\/www.calibereurope.com\/de\/#\/schema\/logo\/image\/\"},\"sameAs\":[\"https:\/\/facebook.com\/CaliberEurope\/\",\"https:\/\/x.com\/calibereurope\",\"https:\/\/www.instagram.com\/calibereurope\/\"]}]}<\/script>\n<meta property=\"product:price:amount\" content=\"25.00\" \/>\n<meta property=\"product:price:currency\" content=\"EUR\" \/>\n<meta property=\"og:availability\" content=\"out of stock\" \/>\n<meta property=\"product:availability\" content=\"out of stock\" \/>\n<meta property=\"product:retailer_item_id\" content=\"CDS4\" \/>\n<meta property=\"product:condition\" content=\"new\" \/>\n<!-- \/ Yoast SEO plugin. -->","yoast_head_json":{"title":"Autolautsprecher - Lautsprecher Set 10 cm - 80W Max - 2 Stra\u00dfenlautsprecher - 30 mm Hocht\u00f6ner (CDS4) | Caliber","robots":{"index":"index","follow":"follow","max-snippet":"max-snippet:-1","max-image-preview":"max-image-preview:large","max-video-preview":"max-video-preview:-1"},"canonical":"https:\/\/www.calibereurope.com\/de\/produkt\/CDS4-de_DE\/","og_locale":"de_DE","og_type":"article","og_title":"Autolautsprecher - Lautsprecher Set 10 cm - 80W Max - 2 Stra\u00dfenlautsprecher - 30 mm Hocht\u00f6ner (CDS4) | Caliber","og_description":"Genie\u00dfen Sie Ihre Lieblingsmusik mit den CDS4 -Autolautsprechern. Dank des -Spets von zwei Lautsprechern k\u00f6nnen Sie immer den qualitativ hochwertigen Sound genie\u00dfen. Die zwei 10 cm 2 Stra\u00dfe Koaxiallautsprecher mit 30 mm Hocht\u00f6nern gew\u00e4hrleisten einen optimalen Klang mit einem feinen Bass. Mit einem Ger\u00e4usch von 40 Watt RMS und einer maximalen Leistung von 80 Watt [&hellip;]","og_url":"https:\/\/www.calibereurope.com\/de\/produkt\/CDS4-de_DE\/","og_site_name":"Caliber","article_publisher":"https:\/\/facebook.com\/CaliberEurope\/","article_modified_time":"2026-01-05T13:11:12+00:00","og_image":[{"width":1050,"height":525,"url":"https:\/\/www.calibereurope.com\/wp-content\/uploads\/2023\/05\/Caliber-logo-opengraphs.jpg","type":"image\/jpeg"}],"twitter_card":"summary_large_image","twitter_site":"@calibereurope","twitter_misc":{"Preis":"25,00","Availability":"Out of stock"},"schema":{"@context":"https:\/\/schema.org","@graph":[{"@type":"WebPage","@id":"https:\/\/www.calibereurope.com\/de\/produkt\/CDS4-de_DE\/","url":"https:\/\/www.calibereurope.com\/de\/produkt\/CDS4-de_DE\/","name":"Autolautsprecher - Lautsprecher Set 10 cm - 80W Max - 2 Stra\u00dfenlautsprecher - 30 mm Hocht\u00f6ner (CDS4) | Caliber","isPartOf":{"@id":"https:\/\/www.calibereurope.com\/de\/#website"},"primaryImageOfPage":{"@id":"https:\/\/www.calibereurope.com\/de\/produkt\/CDS4-de_DE\/#primaryimage"},"image":{"@id":"https:\/\/www.calibereurope.com\/de\/produkt\/CDS4-de_DE\/#primaryimage"},"thumbnailUrl":"https:\/\/www.calibereurope.com\/wp-content\/uploads\/2026\/01\/055a772b2a9610586f250dbe800ec60e215a55e4_CDS4_top.jpg","datePublished":"2026-01-05T00:00:00+00:00","dateModified":"2026-01-05T13:11:12+00:00","breadcrumb":{"@id":"https:\/\/www.calibereurope.com\/de\/produkt\/CDS4-de_DE\/#breadcrumb"},"inLanguage":"de","potentialAction":[{"@type":"ReadAction","target":["https:\/\/www.calibereurope.com\/de\/produkt\/CDS4-de_DE\/"]}]},{"@type":"ImageObject","inLanguage":"de","@id":"https:\/\/www.calibereurope.com\/de\/produkt\/CDS4-de_DE\/#primaryimage","url":"https:\/\/www.calibereurope.com\/wp-content\/uploads\/2026\/01\/055a772b2a9610586f250dbe800ec60e215a55e4_CDS4_top.jpg","contentUrl":"https:\/\/www.calibereurope.com\/wp-content\/uploads\/2026\/01\/055a772b2a9610586f250dbe800ec60e215a55e4_CDS4_top.jpg","width":1024,"height":768},{"@type":"BreadcrumbList","@id":"https:\/\/www.calibereurope.com\/de\/produkt\/CDS4-de_DE\/#breadcrumb","itemListElement":[{"@type":"ListItem","position":1,"name":"Home","item":"https:\/\/www.calibereurope.com\/de\/"},{"@type":"ListItem","position":2,"name":"Webshop","item":"https:\/\/www.calibereurope.com\/de\/webshop\/"},{"@type":"ListItem","position":3,"name":"Auto","item":"https:\/\/www.calibereurope.com\/de\/auto_de_de\/"},{"@type":"ListItem","position":4,"name":"Redner","item":"https:\/\/www.calibereurope.com\/de\/auto_de_de\/luidsprekers_auto_de_DE\/"},{"@type":"ListItem","position":5,"name":"Autolautsprecher &#8211; Lautsprecher Set 10 cm &#8211; 80W Max &#8211; 2 Stra\u00dfenlautsprecher &#8211; 30 mm Hocht\u00f6ner (CDS4)"}]},{"@type":"WebSite","@id":"https:\/\/www.calibereurope.com\/de\/#website","url":"https:\/\/www.calibereurope.com\/de\/","name":"Caliber","description":"Sounds good!","publisher":{"@id":"https:\/\/www.calibereurope.com\/de\/#organization"},"potentialAction":[{"@type":"SearchAction","target":{"@type":"EntryPoint","urlTemplate":"https:\/\/www.calibereurope.com\/de\/?s={search_term_string}"},"query-input":{"@type":"PropertyValueSpecification","valueRequired":true,"valueName":"search_term_string"}}],"inLanguage":"de"},{"@type":"Organization","@id":"https:\/\/www.calibereurope.com\/de\/#organization","name":"Caliber Europe B.V.","url":"https:\/\/www.calibereurope.com\/de\/","logo":{"@type":"ImageObject","inLanguage":"de","@id":"https:\/\/www.calibereurope.com\/de\/#\/schema\/logo\/image\/","url":"https:\/\/www.calibereurope.com\/wp-content\/uploads\/2019\/11\/Logo-Caliber-e1574846289621.png","contentUrl":"https:\/\/www.calibereurope.com\/wp-content\/uploads\/2019\/11\/Logo-Caliber-e1574846289621.png","width":400,"height":69,"caption":"Caliber Europe B.V."},"image":{"@id":"https:\/\/www.calibereurope.com\/de\/#\/schema\/logo\/image\/"},"sameAs":["https:\/\/facebook.com\/CaliberEurope\/","https:\/\/x.com\/calibereurope","https:\/\/www.instagram.com\/calibereurope\/"]}]},"product_price_amount":"25.00","product_price_currency":"EUR","og_availability":"out of stock","product_availability":"out of stock","product_retailer_item_id":"CDS4","product_condition":"new"},"_links":{"self":[{"href":"https:\/\/www.calibereurope.com\/de\/wp-json\/wp\/v2\/product\/1445042","targetHints":{"allow":["GET"]}}],"collection":[{"href":"https:\/\/www.calibereurope.com\/de\/wp-json\/wp\/v2\/product"}],"about":[{"href":"https:\/\/www.calibereurope.com\/de\/wp-json\/wp\/v2\/types\/product"}],"replies":[{"embeddable":true,"href":"https:\/\/www.calibereurope.com\/de\/wp-json\/wp\/v2\/comments?post=1445042"}],"wp:featuredmedia":[{"embeddable":true,"href":"https:\/\/www.calibereurope.com\/de\/wp-json\/wp\/v2\/media\/1682271"}],"wp:attachment":[{"href":"https:\/\/www.calibereurope.com\/de\/wp-json\/wp\/v2\/media?parent=1445042"}],"wp:term":[{"taxonomy":"product_brand","embeddable":true,"href":"https:\/\/www.calibereurope.com\/de\/wp-json\/wp\/v2\/product_brand?post=1445042"},{"taxonomy":"product_cat","embeddable":true,"href":"https:\/\/www.calibereurope.com\/de\/wp-json\/wp\/v2\/product_cat?post=1445042"},{"taxonomy":"product_tag","embeddable":true,"href":"https:\/\/www.calibereurope.com\/de\/wp-json\/wp\/v2\/product_tag?post=1445042"}],"curies":[{"name":"wp","href":"https:\/\/api.w.org\/{rel}","templated":true}]}}