{"id":1486815,"date":"2026-01-05T01:00:00","date_gmt":"2026-01-05T00:00:00","guid":{"rendered":"0"},"modified":"2026-01-05T14:13:49","modified_gmt":"2026-01-05T13:13:49","slug":"SSG-BLUE-de_DE","status":"publish","type":"product","link":"https:\/\/www.calibereurope.com\/de\/produkt\/SSG-BLUE-de_DE\/","title":{"rendered":"Soundglasses Intelligente Audio-Sonnenbrille Bluetooth &#8211; Polarisierte Gl\u00e4ser &#8211; Einfache Bedienung &#8211; Mikrofon &#8211; Blau"},"content":{"rendered":"<p>Entdecken Sie das ultimative Gadget, mit dem Sie&nbsp;<b>Musik streamen<\/b>&nbsp;und&nbsp;<b>freih\u00e4ndig telefonieren<\/b> k\u00f6nnen: diese fantastische Bluetooth\u00ae-Sonnenbrille! Mit dieser gro\u00dfartigen Brille k\u00f6nnen Sie nicht nur Ihre Lieblingsmusik genie\u00dfen, sondern auch m\u00fchelos telefonieren, ohne Ihre H\u00e4nde zu benutzen. Sie hat eine&nbsp;<b>Spielzeit von bis zu 6 Stunden,<\/b>&nbsp;damit Sie sich keine Sorgen machen m\u00fcssen, dass Ihnen die Musik ausgeht. Au\u00dferdem k\u00f6nnen Sie&nbsp;<b>bis zu 5 Stunden lang ungest\u00f6rt telefonieren<\/b>. Mit einer&nbsp;<b>Standby-Zeit von 200 Stunden<\/b>&nbsp;m\u00fcssen Sie nicht st\u00e4ndig aufladen. Und die beste Nachricht ist, dass sie&nbsp;<b>in nur 1,5 &#8211; 2 Stunden vollst\u00e4ndig aufgeladen<\/b> werden kann, mit dem mitgelieferten micro-USB Kabel. Mit einem&nbsp;<b>Gewicht von nur 31 Gramm<\/b> f\u00fchlt sich die Sonnenbrille nicht schwerer an als eine normale Sonnenbrille.<\/p>\n<p><b>Eigenschaften<\/b><\/p>\n<ul>\n<li>Musik streamen und freih\u00e4ndig telefonieren<\/li>\n<li>Rote UV400-polarisierte Gl\u00e4ser<\/li>\n<li>Spielzeit der Musik bis zu 6 Stunden<\/li>\n<li>Telefonierzeit bis zu 5 Stunden<\/li>\n<li>Standby-Zeit von 200 Stunden<\/li>\n<li>Ladezeit von 1,5 &#8211; 2 Stunden<\/li>\n<li>Aufladung \u00fcber das mitgelieferte micro-USB Kabel<\/li>\n<li>Bluetooth\u00ae-Reichweite von 10 &#8211; 15 Metern<\/li>\n<li>Leichtgewicht, nur 31 Gramm<\/li>\n<li>Inklusive Brillenetui<\/li>\n<\/ul>\n<h3>Musik und Anrufe per Bluetooth<\/h3>\n<p>Dank der integrierten Bluetooth\u00ae-Technologie k\u00f6nnen Sie drahtlos Musik von Ihrem Telefon, Tablet oder einem anderen kompatiblen Ger\u00e4t streamen. Mit einer Reichweite von 10 &#8211; 15 Metern k\u00f6nnen Sie Ihr Telefon sicher verstauen, w\u00e4hrend Sie Ihre Musik genie\u00dfen. Und als ob das nicht genug w\u00e4re, k\u00f6nnen Sie auch freih\u00e4ndige Gespr\u00e4che f\u00fchren, ohne Ihr Telefon halten zu m\u00fcssen. Es ist super praktisch und erm\u00f6glicht es Ihnen, sich frei zu bewegen, w\u00e4hrend Sie mit Ihren Freunden und Ihrer Familie in Verbindung bleiben.<\/p>\n<h3>Polarisierte Gl\u00e4ser<\/h3>\n<p>Aber unsere Sonnenbrille ist nicht nur funktional, sie sieht auch gro\u00dfartig aus, mit ihren UV400-polarisierten Gl\u00e4sern. Diese Gl\u00e4ser reduzieren Blendung und verbessern den Kontrast, sodass Sie auch an sonnigen Tagen eine klare und scharfe Sicht haben. Dar\u00fcber hinaus sch\u00fctzen sie Ihre Augen vor sch\u00e4dlichen UV-Strahlen. Mit dieser Brille vereinen Sie Stil und Augenschutz auf clevere Weise. Ein echter Gewinn auf ganzer Linie!<\/p>\n<h3>Leichtgewicht &amp; Komfortabel<\/h3>\n<p>Diese praktische Sonnenbrille ist perfekt f\u00fcr verschiedene Aktivit\u00e4ten. Egal, ob Sie einen Spaz iergang machen und einen fesselnden Podcast genie\u00dfen oder im Auto sitzen und freih\u00e4ndig telefonieren m\u00f6chten, diese Brille bietet die ideale L\u00f6sung. Es ist die ultimative Kombination aus Sonnenbrille und kabellosen Ohrh\u00f6rern, ohne das Durcheinander mit mehreren Ger\u00e4ten. Mit einem Gewicht von nur 31 Gramm ist sie auch leicht und angenehm zu tragen. Genie\u00dfen Sie also den Komfort und die Freiheit, die unsere Bluetooth-Sonnenbrille bietet, w\u00e4hrend Sie Ihre Lieblingsaktivit\u00e4ten uneingeschr\u00e4nkt ausf\u00fchren k\u00f6nnen.<\/p>\n<p><b>Im Lieferumfang enthalten:<\/b><\/p>\n<p><!-- x-tinymce\/html --><\/p>\n<ul>\n<li>Sonnenbrille<\/li>\n<li>Micro-USB Ladekabel<\/li>\n<li>Brillenetui<\/li>\n<\/ul>\n","protected":false},"excerpt":{"rendered":"<p>Entdecken Sie das ultimative Gadget, mit dem Sie&nbsp;Musik streamen&nbsp;und&nbsp;freih\u00e4ndig telefonieren k\u00f6nnen: diese fantastische Bluetooth\u00ae-Sonnenbrille! Mit dieser gro\u00dfartigen Brille k\u00f6nnen Sie nicht nur Ihre Lieblingsmusik genie\u00dfen, sondern auch m\u00fchelos telefonieren, ohne Ihre H\u00e4nde zu benutzen. Sie hat eine&nbsp;Spielzeit von bis zu 6 Stunden,&nbsp;damit Sie sich keine Sorgen machen m\u00fcssen, dass Ihnen die Musik ausgeht. Au\u00dferdem k\u00f6nnen [&hellip;]<\/p>\n","protected":false},"featured_media":1683124,"comment_status":"open","ping_status":"closed","template":"","meta":{"inline_featured_image":false},"product_brand":[],"product_cat":[2353],"product_tag":[],"class_list":{"0":"post-1486815","1":"product","2":"type-product","3":"status-publish","4":"has-post-thumbnail","6":"product_cat-geen-categorie","8":"first","9":"instock","10":"taxable","11":"shipping-taxable","12":"purchasable","13":"product-type-simple"},"yoast_head":"<!-- This site is optimized with the Yoast SEO plugin v24.4 - https:\/\/yoast.com\/wordpress\/plugins\/seo\/ -->\n<title>Soundglasses Intelligente Audio-Sonnenbrille Bluetooth - Polarisierte Gl\u00e4ser - Einfache Bedienung - Mikrofon - Blau | Caliber<\/title>\n<meta name=\"robots\" content=\"index, follow, max-snippet:-1, max-image-preview:large, max-video-preview:-1\" \/>\n<link rel=\"canonical\" href=\"https:\/\/www.calibereurope.com\/de\/produkt\/SSG-BLUE-de_DE\/\" \/>\n<meta property=\"og:locale\" content=\"de_DE\" \/>\n<meta property=\"og:type\" content=\"article\" \/>\n<meta property=\"og:title\" content=\"Soundglasses Intelligente Audio-Sonnenbrille Bluetooth - Polarisierte Gl\u00e4ser - Einfache Bedienung - Mikrofon - Blau | Caliber\" \/>\n<meta property=\"og:description\" content=\"Entdecken Sie das ultimative Gadget, mit dem Sie&nbsp;Musik streamen&nbsp;und&nbsp;freih\u00e4ndig telefonieren k\u00f6nnen: diese fantastische Bluetooth\u00ae-Sonnenbrille! Mit dieser gro\u00dfartigen Brille k\u00f6nnen Sie nicht nur Ihre Lieblingsmusik genie\u00dfen, sondern auch m\u00fchelos telefonieren, ohne Ihre H\u00e4nde zu benutzen. Sie hat eine&nbsp;Spielzeit von bis zu 6 Stunden,&nbsp;damit Sie sich keine Sorgen machen m\u00fcssen, dass Ihnen die Musik ausgeht. Au\u00dferdem k\u00f6nnen [&hellip;]\" \/>\n<meta property=\"og:url\" content=\"https:\/\/www.calibereurope.com\/de\/produkt\/SSG-BLUE-de_DE\/\" \/>\n<meta property=\"og:site_name\" content=\"Caliber\" \/>\n<meta property=\"article:publisher\" content=\"https:\/\/facebook.com\/CaliberEurope\/\" \/>\n<meta property=\"article:modified_time\" content=\"2026-01-05T13:13:49+00:00\" \/>\n<meta property=\"og:image\" content=\"https:\/\/www.calibereurope.com\/wp-content\/uploads\/2023\/05\/8f35267736b33054cc5871dc1e7ce53c9fa91c96_GS01__3_-3.jpg\" \/>\n\t<meta property=\"og:image:width\" content=\"1066\" \/>\n\t<meta property=\"og:image:height\" content=\"800\" \/>\n\t<meta property=\"og:image:type\" content=\"image\/jpeg\" \/>\n<meta name=\"twitter:card\" content=\"summary_large_image\" \/>\n<meta name=\"twitter:site\" content=\"@calibereurope\" \/>\n<meta name=\"twitter:label1\" content=\"Preis\" \/>\n\t<meta name=\"twitter:data1\" content=\"49,95\" \/>\n\t<meta name=\"twitter:label2\" content=\"Availability\" \/>\n\t<meta name=\"twitter:data2\" content=\"In stock\" \/>\n<script type=\"application\/ld+json\" class=\"yoast-schema-graph\">{\"@context\":\"https:\/\/schema.org\",\"@graph\":[{\"@type\":\"WebPage\",\"@id\":\"https:\/\/www.calibereurope.com\/de\/produkt\/SSG-BLUE-de_DE\/\",\"url\":\"https:\/\/www.calibereurope.com\/de\/produkt\/SSG-BLUE-de_DE\/\",\"name\":\"Soundglasses Intelligente Audio-Sonnenbrille Bluetooth - Polarisierte Gl\u00e4ser - Einfache Bedienung - Mikrofon - Blau | Caliber\",\"isPartOf\":{\"@id\":\"https:\/\/www.calibereurope.com\/de\/#website\"},\"primaryImageOfPage\":{\"@id\":\"https:\/\/www.calibereurope.com\/de\/produkt\/SSG-BLUE-de_DE\/#primaryimage\"},\"image\":{\"@id\":\"https:\/\/www.calibereurope.com\/de\/produkt\/SSG-BLUE-de_DE\/#primaryimage\"},\"thumbnailUrl\":\"https:\/\/www.calibereurope.com\/wp-content\/uploads\/2026\/01\/b1816c8cc96cea105062e36a7688e864705f40e9_SSG_BLUE_main-3.jpg\",\"datePublished\":\"2026-01-05T00:00:00+00:00\",\"dateModified\":\"2026-01-05T13:13:49+00:00\",\"breadcrumb\":{\"@id\":\"https:\/\/www.calibereurope.com\/de\/produkt\/SSG-BLUE-de_DE\/#breadcrumb\"},\"inLanguage\":\"de\",\"potentialAction\":[{\"@type\":\"ReadAction\",\"target\":[\"https:\/\/www.calibereurope.com\/de\/produkt\/SSG-BLUE-de_DE\/\"]}]},{\"@type\":\"ImageObject\",\"inLanguage\":\"de\",\"@id\":\"https:\/\/www.calibereurope.com\/de\/produkt\/SSG-BLUE-de_DE\/#primaryimage\",\"url\":\"https:\/\/www.calibereurope.com\/wp-content\/uploads\/2026\/01\/b1816c8cc96cea105062e36a7688e864705f40e9_SSG_BLUE_main-3.jpg\",\"contentUrl\":\"https:\/\/www.calibereurope.com\/wp-content\/uploads\/2026\/01\/b1816c8cc96cea105062e36a7688e864705f40e9_SSG_BLUE_main-3.jpg\",\"width\":1052,\"height\":789},{\"@type\":\"BreadcrumbList\",\"@id\":\"https:\/\/www.calibereurope.com\/de\/produkt\/SSG-BLUE-de_DE\/#breadcrumb\",\"itemListElement\":[{\"@type\":\"ListItem\",\"position\":1,\"name\":\"Home\",\"item\":\"https:\/\/www.calibereurope.com\/de\/\"},{\"@type\":\"ListItem\",\"position\":2,\"name\":\"Webshop\",\"item\":\"https:\/\/www.calibereurope.com\/de\/webshop\/\"},{\"@type\":\"ListItem\",\"position\":3,\"name\":\"Geen categorie\",\"item\":\"https:\/\/www.calibereurope.com\/nl\/geen-categorie\/\"},{\"@type\":\"ListItem\",\"position\":4,\"name\":\"Intelligente Bluetooth-Sonnenbrille &#8211; Gepolarisierte Gl\u00e4ser &#8211; Einfache Bedienung &#8211; Mikrofon &#8211; Blau\"}]},{\"@type\":\"WebSite\",\"@id\":\"https:\/\/www.calibereurope.com\/de\/#website\",\"url\":\"https:\/\/www.calibereurope.com\/de\/\",\"name\":\"Caliber\",\"description\":\"Sounds good!\",\"publisher\":{\"@id\":\"https:\/\/www.calibereurope.com\/de\/#organization\"},\"potentialAction\":[{\"@type\":\"SearchAction\",\"target\":{\"@type\":\"EntryPoint\",\"urlTemplate\":\"https:\/\/www.calibereurope.com\/de\/?s={search_term_string}\"},\"query-input\":{\"@type\":\"PropertyValueSpecification\",\"valueRequired\":true,\"valueName\":\"search_term_string\"}}],\"inLanguage\":\"de\"},{\"@type\":\"Organization\",\"@id\":\"https:\/\/www.calibereurope.com\/de\/#organization\",\"name\":\"Caliber Europe B.V.\",\"url\":\"https:\/\/www.calibereurope.com\/de\/\",\"logo\":{\"@type\":\"ImageObject\",\"inLanguage\":\"de\",\"@id\":\"https:\/\/www.calibereurope.com\/de\/#\/schema\/logo\/image\/\",\"url\":\"https:\/\/www.calibereurope.com\/wp-content\/uploads\/2019\/11\/Logo-Caliber-e1574846289621.png\",\"contentUrl\":\"https:\/\/www.calibereurope.com\/wp-content\/uploads\/2019\/11\/Logo-Caliber-e1574846289621.png\",\"width\":400,\"height\":69,\"caption\":\"Caliber Europe B.V.\"},\"image\":{\"@id\":\"https:\/\/www.calibereurope.com\/de\/#\/schema\/logo\/image\/\"},\"sameAs\":[\"https:\/\/facebook.com\/CaliberEurope\/\",\"https:\/\/x.com\/calibereurope\",\"https:\/\/www.instagram.com\/calibereurope\/\"]}]}<\/script>\n<meta property=\"product:price:amount\" content=\"49.95\" \/>\n<meta property=\"product:price:currency\" content=\"EUR\" \/>\n<meta property=\"og:availability\" content=\"instock\" \/>\n<meta property=\"product:availability\" content=\"instock\" \/>\n<meta property=\"product:retailer_item_id\" content=\"SSG-BLUE\" \/>\n<meta property=\"product:condition\" content=\"new\" \/>\n<!-- \/ Yoast SEO plugin. -->","yoast_head_json":{"title":"Soundglasses Intelligente Audio-Sonnenbrille Bluetooth - Polarisierte Gl\u00e4ser - Einfache Bedienung - Mikrofon - Blau | Caliber","robots":{"index":"index","follow":"follow","max-snippet":"max-snippet:-1","max-image-preview":"max-image-preview:large","max-video-preview":"max-video-preview:-1"},"canonical":"https:\/\/www.calibereurope.com\/de\/produkt\/SSG-BLUE-de_DE\/","og_locale":"de_DE","og_type":"article","og_title":"Soundglasses Intelligente Audio-Sonnenbrille Bluetooth - Polarisierte Gl\u00e4ser - Einfache Bedienung - Mikrofon - Blau | Caliber","og_description":"Entdecken Sie das ultimative Gadget, mit dem Sie&nbsp;Musik streamen&nbsp;und&nbsp;freih\u00e4ndig telefonieren k\u00f6nnen: diese fantastische Bluetooth\u00ae-Sonnenbrille! Mit dieser gro\u00dfartigen Brille k\u00f6nnen Sie nicht nur Ihre Lieblingsmusik genie\u00dfen, sondern auch m\u00fchelos telefonieren, ohne Ihre H\u00e4nde zu benutzen. Sie hat eine&nbsp;Spielzeit von bis zu 6 Stunden,&nbsp;damit Sie sich keine Sorgen machen m\u00fcssen, dass Ihnen die Musik ausgeht. Au\u00dferdem k\u00f6nnen [&hellip;]","og_url":"https:\/\/www.calibereurope.com\/de\/produkt\/SSG-BLUE-de_DE\/","og_site_name":"Caliber","article_publisher":"https:\/\/facebook.com\/CaliberEurope\/","article_modified_time":"2026-01-05T13:13:49+00:00","og_image":[{"width":1066,"height":800,"url":"https:\/\/www.calibereurope.com\/wp-content\/uploads\/2023\/05\/8f35267736b33054cc5871dc1e7ce53c9fa91c96_GS01__3_-3.jpg","type":"image\/jpeg"}],"twitter_card":"summary_large_image","twitter_site":"@calibereurope","twitter_misc":{"Preis":"49,95","Availability":"In stock"},"schema":{"@context":"https:\/\/schema.org","@graph":[{"@type":"WebPage","@id":"https:\/\/www.calibereurope.com\/de\/produkt\/SSG-BLUE-de_DE\/","url":"https:\/\/www.calibereurope.com\/de\/produkt\/SSG-BLUE-de_DE\/","name":"Soundglasses Intelligente Audio-Sonnenbrille Bluetooth - Polarisierte Gl\u00e4ser - Einfache Bedienung - Mikrofon - Blau | Caliber","isPartOf":{"@id":"https:\/\/www.calibereurope.com\/de\/#website"},"primaryImageOfPage":{"@id":"https:\/\/www.calibereurope.com\/de\/produkt\/SSG-BLUE-de_DE\/#primaryimage"},"image":{"@id":"https:\/\/www.calibereurope.com\/de\/produkt\/SSG-BLUE-de_DE\/#primaryimage"},"thumbnailUrl":"https:\/\/www.calibereurope.com\/wp-content\/uploads\/2026\/01\/b1816c8cc96cea105062e36a7688e864705f40e9_SSG_BLUE_main-3.jpg","datePublished":"2026-01-05T00:00:00+00:00","dateModified":"2026-01-05T13:13:49+00:00","breadcrumb":{"@id":"https:\/\/www.calibereurope.com\/de\/produkt\/SSG-BLUE-de_DE\/#breadcrumb"},"inLanguage":"de","potentialAction":[{"@type":"ReadAction","target":["https:\/\/www.calibereurope.com\/de\/produkt\/SSG-BLUE-de_DE\/"]}]},{"@type":"ImageObject","inLanguage":"de","@id":"https:\/\/www.calibereurope.com\/de\/produkt\/SSG-BLUE-de_DE\/#primaryimage","url":"https:\/\/www.calibereurope.com\/wp-content\/uploads\/2026\/01\/b1816c8cc96cea105062e36a7688e864705f40e9_SSG_BLUE_main-3.jpg","contentUrl":"https:\/\/www.calibereurope.com\/wp-content\/uploads\/2026\/01\/b1816c8cc96cea105062e36a7688e864705f40e9_SSG_BLUE_main-3.jpg","width":1052,"height":789},{"@type":"BreadcrumbList","@id":"https:\/\/www.calibereurope.com\/de\/produkt\/SSG-BLUE-de_DE\/#breadcrumb","itemListElement":[{"@type":"ListItem","position":1,"name":"Home","item":"https:\/\/www.calibereurope.com\/de\/"},{"@type":"ListItem","position":2,"name":"Webshop","item":"https:\/\/www.calibereurope.com\/de\/webshop\/"},{"@type":"ListItem","position":3,"name":"Geen categorie","item":"https:\/\/www.calibereurope.com\/nl\/geen-categorie\/"},{"@type":"ListItem","position":4,"name":"Intelligente Bluetooth-Sonnenbrille &#8211; Gepolarisierte Gl\u00e4ser &#8211; Einfache Bedienung &#8211; Mikrofon &#8211; Blau"}]},{"@type":"WebSite","@id":"https:\/\/www.calibereurope.com\/de\/#website","url":"https:\/\/www.calibereurope.com\/de\/","name":"Caliber","description":"Sounds good!","publisher":{"@id":"https:\/\/www.calibereurope.com\/de\/#organization"},"potentialAction":[{"@type":"SearchAction","target":{"@type":"EntryPoint","urlTemplate":"https:\/\/www.calibereurope.com\/de\/?s={search_term_string}"},"query-input":{"@type":"PropertyValueSpecification","valueRequired":true,"valueName":"search_term_string"}}],"inLanguage":"de"},{"@type":"Organization","@id":"https:\/\/www.calibereurope.com\/de\/#organization","name":"Caliber Europe B.V.","url":"https:\/\/www.calibereurope.com\/de\/","logo":{"@type":"ImageObject","inLanguage":"de","@id":"https:\/\/www.calibereurope.com\/de\/#\/schema\/logo\/image\/","url":"https:\/\/www.calibereurope.com\/wp-content\/uploads\/2019\/11\/Logo-Caliber-e1574846289621.png","contentUrl":"https:\/\/www.calibereurope.com\/wp-content\/uploads\/2019\/11\/Logo-Caliber-e1574846289621.png","width":400,"height":69,"caption":"Caliber Europe B.V."},"image":{"@id":"https:\/\/www.calibereurope.com\/de\/#\/schema\/logo\/image\/"},"sameAs":["https:\/\/facebook.com\/CaliberEurope\/","https:\/\/x.com\/calibereurope","https:\/\/www.instagram.com\/calibereurope\/"]}]},"product_price_amount":"49.95","product_price_currency":"EUR","og_availability":"instock","product_availability":"instock","product_retailer_item_id":"SSG-BLUE","product_condition":"new"},"_links":{"self":[{"href":"https:\/\/www.calibereurope.com\/de\/wp-json\/wp\/v2\/product\/1486815","targetHints":{"allow":["GET"]}}],"collection":[{"href":"https:\/\/www.calibereurope.com\/de\/wp-json\/wp\/v2\/product"}],"about":[{"href":"https:\/\/www.calibereurope.com\/de\/wp-json\/wp\/v2\/types\/product"}],"replies":[{"embeddable":true,"href":"https:\/\/www.calibereurope.com\/de\/wp-json\/wp\/v2\/comments?post=1486815"}],"wp:featuredmedia":[{"embeddable":true,"href":"https:\/\/www.calibereurope.com\/de\/wp-json\/wp\/v2\/media\/1683124"}],"wp:attachment":[{"href":"https:\/\/www.calibereurope.com\/de\/wp-json\/wp\/v2\/media?parent=1486815"}],"wp:term":[{"taxonomy":"product_brand","embeddable":true,"href":"https:\/\/www.calibereurope.com\/de\/wp-json\/wp\/v2\/product_brand?post=1486815"},{"taxonomy":"product_cat","embeddable":true,"href":"https:\/\/www.calibereurope.com\/de\/wp-json\/wp\/v2\/product_cat?post=1486815"},{"taxonomy":"product_tag","embeddable":true,"href":"https:\/\/www.calibereurope.com\/de\/wp-json\/wp\/v2\/product_tag?post=1486815"}],"curies":[{"name":"wp","href":"https:\/\/api.w.org\/{rel}","templated":true}]}}