{"id":162236,"date":"2023-08-30T02:00:00","date_gmt":"2023-08-30T00:00:00","guid":{"rendered":""},"modified":"2023-08-30T12:31:22","modified_gmt":"2023-08-30T10:31:22","slug":"PSQ10-B-de_DE","status":"publish","type":"product","link":"https:\/\/www.calibereurope.com\/de\/produkt\/PSQ10-B-de_DE\/","title":{"rendered":"Kabelloses Qi-Ladeger\u00e4t &#8211; Schwarz (PSQ10\/B) (PSQ10-B)"},"content":{"rendered":"<p>Mit dem Caliber PSQ10\/B QI-zertifizierten Ladeger\u00e4t ist das drahtlose Aufladen Ihres Telefons ein Kinderspiel. Das kabellose Ladeger\u00e4t ist universell einsetzbar und eignet sich daher f\u00fcr Smartphones wie Apple, Samsung, Nokia und andere Marken, die das kabellose Aufladen unterst\u00fctzen.<\/p>\n<p><strong>Einfaches kabelloses Aufladen<\/strong><br \/>Kabelloses Aufladen ist ideal, wenn Sie Ihr Telefon viel benutzen. Legen Sie zum Beispiel die Ladefl\u00e4che auf Ihren Schreibtisch. Mit einer geringen H\u00f6he von 4 mm nimmt sie auch wenig Platz ein. Stellen Sie Ihr Ger\u00e4t einfach auf die Plattform, wenn es nicht in Gebrauch ist. Wenn Sie eine Nachricht oder einen Anruf erhalten, nehmen Sie sie genauso einfach entgegen. Kein \u00c4rger mit Steckern und zu kurzen Ladekabeln.<\/p>\n<p><strong>\u00dcberall im Haus<\/strong><br \/> Legen Sie ein kabelloses Schnellladeger\u00e4t vom Typ Caliber auf einen Beistelltisch oder eine Fensterbank in der N\u00e4he Ihrer Sitzecke. Stellen Sie eine neben Ihrem Bett oder in der K\u00fcche auf. Jeder in der Familie kann sein Telefon darauf legen. Keine losen Kabel mehr und keine leeren Telefone.<\/p>\n","protected":false},"excerpt":{"rendered":"<p>Mit dem Caliber PSQ10\/B QI-zertifizierten Ladeger\u00e4t ist das drahtlose Aufladen Ihres Telefons ein Kinderspiel. Das kabellose Ladeger\u00e4t ist universell einsetzbar und eignet sich daher f\u00fcr Smartphones wie Apple, Samsung, Nokia und andere Marken, die das kabellose Aufladen unterst\u00fctzen. Einfaches kabelloses AufladenKabelloses Aufladen ist ideal, wenn Sie Ihr Telefon viel benutzen. Legen Sie zum Beispiel die [&hellip;]<\/p>\n","protected":false},"featured_media":1441453,"comment_status":"open","ping_status":"closed","template":"","meta":{"inline_featured_image":false},"product_brand":[],"product_cat":[7885,7900],"product_tag":[],"class_list":{"0":"post-162236","1":"product","2":"type-product","3":"status-publish","4":"has-post-thumbnail","6":"product_cat-wonen_de_DE","7":"product_cat-voeding_en_opladen_de_DE","9":"first","10":"instock","11":"taxable","12":"shipping-taxable","13":"purchasable","14":"product-type-simple"},"yoast_head":"<!-- This site is optimized with the Yoast SEO plugin v24.4 - https:\/\/yoast.com\/wordpress\/plugins\/seo\/ -->\n<title>Kabelloses Qi-Ladeger\u00e4t - Schwarz (PSQ10\/B) (PSQ10-B) | Caliber<\/title>\n<meta name=\"robots\" content=\"index, follow, max-snippet:-1, max-image-preview:large, max-video-preview:-1\" \/>\n<link rel=\"canonical\" href=\"https:\/\/www.calibereurope.com\/de\/produkt\/PSQ10-B-de_DE\/\" \/>\n<meta property=\"og:locale\" content=\"de_DE\" \/>\n<meta property=\"og:type\" content=\"article\" \/>\n<meta property=\"og:title\" content=\"Kabelloses Qi-Ladeger\u00e4t - Schwarz (PSQ10\/B) (PSQ10-B) | Caliber\" \/>\n<meta property=\"og:description\" content=\"Mit dem Caliber PSQ10\/B QI-zertifizierten Ladeger\u00e4t ist das drahtlose Aufladen Ihres Telefons ein Kinderspiel. Das kabellose Ladeger\u00e4t ist universell einsetzbar und eignet sich daher f\u00fcr Smartphones wie Apple, Samsung, Nokia und andere Marken, die das kabellose Aufladen unterst\u00fctzen. Einfaches kabelloses AufladenKabelloses Aufladen ist ideal, wenn Sie Ihr Telefon viel benutzen. Legen Sie zum Beispiel die [&hellip;]\" \/>\n<meta property=\"og:url\" content=\"https:\/\/www.calibereurope.com\/de\/produkt\/PSQ10-B-de_DE\/\" \/>\n<meta property=\"og:site_name\" content=\"Caliber\" \/>\n<meta property=\"article:publisher\" content=\"https:\/\/facebook.com\/CaliberEurope\/\" \/>\n<meta property=\"article:modified_time\" content=\"2023-08-30T10:31:22+00:00\" \/>\n<meta property=\"og:image\" content=\"https:\/\/www.calibereurope.com\/wp-content\/uploads\/2023\/01\/8250c4e642ee9af0219ed6e6ce26d01df38c0487_PSQ10_B_web-3.jpg\" \/>\n\t<meta property=\"og:image:width\" content=\"1024\" \/>\n\t<meta property=\"og:image:height\" content=\"768\" \/>\n\t<meta property=\"og:image:type\" content=\"image\/jpeg\" \/>\n<meta name=\"twitter:card\" content=\"summary_large_image\" \/>\n<meta name=\"twitter:site\" content=\"@calibereurope\" \/>\n<meta name=\"twitter:label1\" content=\"Preis\" \/>\n\t<meta name=\"twitter:data1\" content=\"12,95\" \/>\n\t<meta name=\"twitter:label2\" content=\"Availability\" \/>\n\t<meta name=\"twitter:data2\" content=\"In stock\" \/>\n<script type=\"application\/ld+json\" class=\"yoast-schema-graph\">{\"@context\":\"https:\/\/schema.org\",\"@graph\":[{\"@type\":\"WebPage\",\"@id\":\"https:\/\/www.calibereurope.com\/de\/produkt\/PSQ10-B-de_DE\/\",\"url\":\"https:\/\/www.calibereurope.com\/de\/produkt\/PSQ10-B-de_DE\/\",\"name\":\"Kabelloses Qi-Ladeger\u00e4t - Schwarz (PSQ10\/B) (PSQ10-B) | Caliber\",\"isPartOf\":{\"@id\":\"https:\/\/www.calibereurope.com\/de\/#website\"},\"primaryImageOfPage\":{\"@id\":\"https:\/\/www.calibereurope.com\/de\/produkt\/PSQ10-B-de_DE\/#primaryimage\"},\"image\":{\"@id\":\"https:\/\/www.calibereurope.com\/de\/produkt\/PSQ10-B-de_DE\/#primaryimage\"},\"thumbnailUrl\":\"https:\/\/www.calibereurope.com\/wp-content\/uploads\/2023\/01\/8250c4e642ee9af0219ed6e6ce26d01df38c0487_PSQ10_B_web-7.jpg\",\"datePublished\":\"2023-08-30T00:00:00+00:00\",\"dateModified\":\"2023-08-30T10:31:22+00:00\",\"breadcrumb\":{\"@id\":\"https:\/\/www.calibereurope.com\/de\/produkt\/PSQ10-B-de_DE\/#breadcrumb\"},\"inLanguage\":\"de\",\"potentialAction\":[{\"@type\":\"ReadAction\",\"target\":[\"https:\/\/www.calibereurope.com\/de\/produkt\/PSQ10-B-de_DE\/\"]}]},{\"@type\":\"ImageObject\",\"inLanguage\":\"de\",\"@id\":\"https:\/\/www.calibereurope.com\/de\/produkt\/PSQ10-B-de_DE\/#primaryimage\",\"url\":\"https:\/\/www.calibereurope.com\/wp-content\/uploads\/2023\/01\/8250c4e642ee9af0219ed6e6ce26d01df38c0487_PSQ10_B_web-7.jpg\",\"contentUrl\":\"https:\/\/www.calibereurope.com\/wp-content\/uploads\/2023\/01\/8250c4e642ee9af0219ed6e6ce26d01df38c0487_PSQ10_B_web-7.jpg\",\"width\":1024,\"height\":768},{\"@type\":\"BreadcrumbList\",\"@id\":\"https:\/\/www.calibereurope.com\/de\/produkt\/PSQ10-B-de_DE\/#breadcrumb\",\"itemListElement\":[{\"@type\":\"ListItem\",\"position\":1,\"name\":\"Home\",\"item\":\"https:\/\/www.calibereurope.com\/de\/\"},{\"@type\":\"ListItem\",\"position\":2,\"name\":\"Webshop\",\"item\":\"https:\/\/www.calibereurope.com\/de\/webshop\/\"},{\"@type\":\"ListItem\",\"position\":3,\"name\":\"Leben\",\"item\":\"https:\/\/www.calibereurope.com\/de\/wonen_de_DE\/\"},{\"@type\":\"ListItem\",\"position\":4,\"name\":\"Leistung und Aufladung\",\"item\":\"https:\/\/www.calibereurope.com\/de\/wonen_de_DE\/voeding_en_opladen_de_DE\/\"},{\"@type\":\"ListItem\",\"position\":5,\"name\":\"Kabelloses Qi-Ladeger\u00e4t &#8211; Schwarz (PSQ10\/B) (PSQ10-B)\"}]},{\"@type\":\"WebSite\",\"@id\":\"https:\/\/www.calibereurope.com\/de\/#website\",\"url\":\"https:\/\/www.calibereurope.com\/de\/\",\"name\":\"Caliber\",\"description\":\"Sounds good!\",\"publisher\":{\"@id\":\"https:\/\/www.calibereurope.com\/de\/#organization\"},\"potentialAction\":[{\"@type\":\"SearchAction\",\"target\":{\"@type\":\"EntryPoint\",\"urlTemplate\":\"https:\/\/www.calibereurope.com\/de\/?s={search_term_string}\"},\"query-input\":{\"@type\":\"PropertyValueSpecification\",\"valueRequired\":true,\"valueName\":\"search_term_string\"}}],\"inLanguage\":\"de\"},{\"@type\":\"Organization\",\"@id\":\"https:\/\/www.calibereurope.com\/de\/#organization\",\"name\":\"Caliber Europe B.V.\",\"url\":\"https:\/\/www.calibereurope.com\/de\/\",\"logo\":{\"@type\":\"ImageObject\",\"inLanguage\":\"de\",\"@id\":\"https:\/\/www.calibereurope.com\/de\/#\/schema\/logo\/image\/\",\"url\":\"https:\/\/www.calibereurope.com\/wp-content\/uploads\/2019\/11\/Logo-Caliber-e1574846289621.png\",\"contentUrl\":\"https:\/\/www.calibereurope.com\/wp-content\/uploads\/2019\/11\/Logo-Caliber-e1574846289621.png\",\"width\":400,\"height\":69,\"caption\":\"Caliber Europe B.V.\"},\"image\":{\"@id\":\"https:\/\/www.calibereurope.com\/de\/#\/schema\/logo\/image\/\"},\"sameAs\":[\"https:\/\/facebook.com\/CaliberEurope\/\",\"https:\/\/x.com\/calibereurope\",\"https:\/\/www.instagram.com\/calibereurope\/\"]}]}<\/script>\n<meta property=\"product:price:amount\" content=\"12.95\" \/>\n<meta property=\"product:price:currency\" content=\"EUR\" \/>\n<meta property=\"og:availability\" content=\"instock\" \/>\n<meta property=\"product:availability\" content=\"instock\" \/>\n<meta property=\"product:retailer_item_id\" content=\"PSQ10-B\" \/>\n<meta property=\"product:condition\" content=\"new\" \/>\n<!-- \/ Yoast SEO plugin. -->","yoast_head_json":{"title":"Kabelloses Qi-Ladeger\u00e4t - Schwarz (PSQ10\/B) (PSQ10-B) | Caliber","robots":{"index":"index","follow":"follow","max-snippet":"max-snippet:-1","max-image-preview":"max-image-preview:large","max-video-preview":"max-video-preview:-1"},"canonical":"https:\/\/www.calibereurope.com\/de\/produkt\/PSQ10-B-de_DE\/","og_locale":"de_DE","og_type":"article","og_title":"Kabelloses Qi-Ladeger\u00e4t - Schwarz (PSQ10\/B) (PSQ10-B) | Caliber","og_description":"Mit dem Caliber PSQ10\/B QI-zertifizierten Ladeger\u00e4t ist das drahtlose Aufladen Ihres Telefons ein Kinderspiel. Das kabellose Ladeger\u00e4t ist universell einsetzbar und eignet sich daher f\u00fcr Smartphones wie Apple, Samsung, Nokia und andere Marken, die das kabellose Aufladen unterst\u00fctzen. Einfaches kabelloses AufladenKabelloses Aufladen ist ideal, wenn Sie Ihr Telefon viel benutzen. Legen Sie zum Beispiel die [&hellip;]","og_url":"https:\/\/www.calibereurope.com\/de\/produkt\/PSQ10-B-de_DE\/","og_site_name":"Caliber","article_publisher":"https:\/\/facebook.com\/CaliberEurope\/","article_modified_time":"2023-08-30T10:31:22+00:00","og_image":[{"width":1024,"height":768,"url":"https:\/\/www.calibereurope.com\/wp-content\/uploads\/2023\/01\/8250c4e642ee9af0219ed6e6ce26d01df38c0487_PSQ10_B_web-3.jpg","type":"image\/jpeg"}],"twitter_card":"summary_large_image","twitter_site":"@calibereurope","twitter_misc":{"Preis":"12,95","Availability":"In stock"},"schema":{"@context":"https:\/\/schema.org","@graph":[{"@type":"WebPage","@id":"https:\/\/www.calibereurope.com\/de\/produkt\/PSQ10-B-de_DE\/","url":"https:\/\/www.calibereurope.com\/de\/produkt\/PSQ10-B-de_DE\/","name":"Kabelloses Qi-Ladeger\u00e4t - Schwarz (PSQ10\/B) (PSQ10-B) | Caliber","isPartOf":{"@id":"https:\/\/www.calibereurope.com\/de\/#website"},"primaryImageOfPage":{"@id":"https:\/\/www.calibereurope.com\/de\/produkt\/PSQ10-B-de_DE\/#primaryimage"},"image":{"@id":"https:\/\/www.calibereurope.com\/de\/produkt\/PSQ10-B-de_DE\/#primaryimage"},"thumbnailUrl":"https:\/\/www.calibereurope.com\/wp-content\/uploads\/2023\/01\/8250c4e642ee9af0219ed6e6ce26d01df38c0487_PSQ10_B_web-7.jpg","datePublished":"2023-08-30T00:00:00+00:00","dateModified":"2023-08-30T10:31:22+00:00","breadcrumb":{"@id":"https:\/\/www.calibereurope.com\/de\/produkt\/PSQ10-B-de_DE\/#breadcrumb"},"inLanguage":"de","potentialAction":[{"@type":"ReadAction","target":["https:\/\/www.calibereurope.com\/de\/produkt\/PSQ10-B-de_DE\/"]}]},{"@type":"ImageObject","inLanguage":"de","@id":"https:\/\/www.calibereurope.com\/de\/produkt\/PSQ10-B-de_DE\/#primaryimage","url":"https:\/\/www.calibereurope.com\/wp-content\/uploads\/2023\/01\/8250c4e642ee9af0219ed6e6ce26d01df38c0487_PSQ10_B_web-7.jpg","contentUrl":"https:\/\/www.calibereurope.com\/wp-content\/uploads\/2023\/01\/8250c4e642ee9af0219ed6e6ce26d01df38c0487_PSQ10_B_web-7.jpg","width":1024,"height":768},{"@type":"BreadcrumbList","@id":"https:\/\/www.calibereurope.com\/de\/produkt\/PSQ10-B-de_DE\/#breadcrumb","itemListElement":[{"@type":"ListItem","position":1,"name":"Home","item":"https:\/\/www.calibereurope.com\/de\/"},{"@type":"ListItem","position":2,"name":"Webshop","item":"https:\/\/www.calibereurope.com\/de\/webshop\/"},{"@type":"ListItem","position":3,"name":"Leben","item":"https:\/\/www.calibereurope.com\/de\/wonen_de_DE\/"},{"@type":"ListItem","position":4,"name":"Leistung und Aufladung","item":"https:\/\/www.calibereurope.com\/de\/wonen_de_DE\/voeding_en_opladen_de_DE\/"},{"@type":"ListItem","position":5,"name":"Kabelloses Qi-Ladeger\u00e4t &#8211; Schwarz (PSQ10\/B) (PSQ10-B)"}]},{"@type":"WebSite","@id":"https:\/\/www.calibereurope.com\/de\/#website","url":"https:\/\/www.calibereurope.com\/de\/","name":"Caliber","description":"Sounds good!","publisher":{"@id":"https:\/\/www.calibereurope.com\/de\/#organization"},"potentialAction":[{"@type":"SearchAction","target":{"@type":"EntryPoint","urlTemplate":"https:\/\/www.calibereurope.com\/de\/?s={search_term_string}"},"query-input":{"@type":"PropertyValueSpecification","valueRequired":true,"valueName":"search_term_string"}}],"inLanguage":"de"},{"@type":"Organization","@id":"https:\/\/www.calibereurope.com\/de\/#organization","name":"Caliber Europe B.V.","url":"https:\/\/www.calibereurope.com\/de\/","logo":{"@type":"ImageObject","inLanguage":"de","@id":"https:\/\/www.calibereurope.com\/de\/#\/schema\/logo\/image\/","url":"https:\/\/www.calibereurope.com\/wp-content\/uploads\/2019\/11\/Logo-Caliber-e1574846289621.png","contentUrl":"https:\/\/www.calibereurope.com\/wp-content\/uploads\/2019\/11\/Logo-Caliber-e1574846289621.png","width":400,"height":69,"caption":"Caliber Europe B.V."},"image":{"@id":"https:\/\/www.calibereurope.com\/de\/#\/schema\/logo\/image\/"},"sameAs":["https:\/\/facebook.com\/CaliberEurope\/","https:\/\/x.com\/calibereurope","https:\/\/www.instagram.com\/calibereurope\/"]}]},"product_price_amount":"12.95","product_price_currency":"EUR","og_availability":"instock","product_availability":"instock","product_retailer_item_id":"PSQ10-B","product_condition":"new"},"_links":{"self":[{"href":"https:\/\/www.calibereurope.com\/de\/wp-json\/wp\/v2\/product\/162236","targetHints":{"allow":["GET"]}}],"collection":[{"href":"https:\/\/www.calibereurope.com\/de\/wp-json\/wp\/v2\/product"}],"about":[{"href":"https:\/\/www.calibereurope.com\/de\/wp-json\/wp\/v2\/types\/product"}],"replies":[{"embeddable":true,"href":"https:\/\/www.calibereurope.com\/de\/wp-json\/wp\/v2\/comments?post=162236"}],"wp:featuredmedia":[{"embeddable":true,"href":"https:\/\/www.calibereurope.com\/de\/wp-json\/wp\/v2\/media\/1441453"}],"wp:attachment":[{"href":"https:\/\/www.calibereurope.com\/de\/wp-json\/wp\/v2\/media?parent=162236"}],"wp:term":[{"taxonomy":"product_brand","embeddable":true,"href":"https:\/\/www.calibereurope.com\/de\/wp-json\/wp\/v2\/product_brand?post=162236"},{"taxonomy":"product_cat","embeddable":true,"href":"https:\/\/www.calibereurope.com\/de\/wp-json\/wp\/v2\/product_cat?post=162236"},{"taxonomy":"product_tag","embeddable":true,"href":"https:\/\/www.calibereurope.com\/de\/wp-json\/wp\/v2\/product_tag?post=162236"}],"curies":[{"name":"wp","href":"https:\/\/api.w.org\/{rel}","templated":true}]}}