{"id":1680700,"date":"2026-01-05T01:00:00","date_gmt":"2026-01-05T00:00:00","guid":{"rendered":"0"},"modified":"2026-01-05T14:26:06","modified_gmt":"2026-01-05T13:26:06","slug":"RB-SK300-de_DE","status":"publish","type":"product","link":"https:\/\/www.calibereurope.com\/de\/produkt\/RB-SK300-de_DE\/","title":{"rendered":"ORACLE RED BULL RACING Radiowecker \u2013 Digitaler Wecker mit kabellosem Laden \u2013 Bluetooth-Lautsprecher \u2013 Mehrfarbige LED-Beleuchtung \u2013 30 W Max Leistung \u2013 TWS (RB-SK300)"},"content":{"rendered":"<p>Genie\u00dfe deine Lieblingsmusik, Radio oder beruhigende Kl\u00e4nge mit dem vielseitigen Oracle Red Bull Racing RB-SK300 Lautsprecher-Wecker. Dieser stilvolle <strong>Bluetooth-Lautsprecher mit Weckfunktion<\/strong> verf\u00fcgt \u00fcber <strong>kabelloses Laden<\/strong> f\u00fcr dein Smartphone, <strong>Farbbeleuchtung<\/strong> mit 13 Effekten und ein integriertes <strong>FM-Radio<\/strong>. Mit der <strong>TWS-Funktion<\/strong> koppelst du ganz einfach einen zweiten Lautsprecher f\u00fcr kraftvollen Stereoklang. Dank der integrierten <strong>Uhr und Weckfunktion<\/strong> ist dies die ideale Erg\u00e4nzung f\u00fcr Schlaf- oder Wohnzimmer.<\/p>\n<p><strong>Eigenschaften:<\/strong><\/p>\n<ul>\n<li>Bluetooth-Lautsprecher mit Uhr und Weckerfunktion<\/li>\n<li>Kabelloses Laden f\u00fcr dein Smartphone<\/li>\n<li>Integriertes FM-Radio<\/li>\n<li>TWS-Funktion zum Koppeln eines zweiten Lautsprechers<\/li>\n<li>White-Noise-Modus (Naturger\u00e4usche)<\/li>\n<li>Bis zu 8 Stunden Laufzeit mit Akku<\/li>\n<li>13 farbige Lichteffekte<\/li>\n<li>Unterst\u00fctzt TF, USB und AUX<\/li>\n<\/ul>\n<h3>Lautsprecher und Wecker in einem<\/h3>\n<p>Mit dem Caliber RB-SK300 holst du dir mehr als nur einen Lautsprecher ins Haus. Neben Musik h\u00f6ren \u00fcber Bluetooth, TF-Karte, USB oder AUX nutzt du ihn auch als Wecker. Stelle einfach einen Alarm ein und wache mit deinem Lieblingssound auf. Der automatische Ausschalt-Timer hilft dir, entspannt mit Musik oder White Noise einzuschlafen.<\/p>\n<h3>Kabelloses Laden<\/h3>\n<p>Dieser Lautsprecher verf\u00fcgt \u00fcber ein <strong>Qi-Ladepad<\/strong> auf der Oberseite. Lege dein Smartphone an die richtige Stelle und es beginnt automatisch zu laden. Ideal f\u00fcr den Nachttisch, damit du morgens mit vollem Akku aufwachst.<\/p>\n<h3>Kraftvoller Klang und TWS-Funktion<\/h3>\n<p>Mit einer Leistung von <strong>2x6W<\/strong> genie\u00dft du klaren und kraftvollen Klang. Du willst mehr Lautst\u00e4rke oder echtes Stereo-Gef\u00fchl? Kopple einen zweiten RB-SK300 \u00fcber die TWS-Funktion und erlebe synchronen Sound aus zwei Lautsprechern.<\/p>\n<h3>FM-Radio und White Noise<\/h3>\n<p>H\u00f6re dank des integrierten FM-Radios ganz einfach deine Lieblingssender. Schlie\u00dfe das USB-Kabel als Antenne an und lasse den Lautsprecher automatisch Sender suchen und speichern. F\u00fcr alle, die schwer einschlafen, gibt es au\u00dferdem einen <strong>White-Noise-Modus<\/strong> mit beruhigenden Ger\u00e4uschen zum Entspannen.<\/p>\n<h3>Stimmungsvolle Beleuchtung<\/h3>\n<p>Schaffe mit der integrierten <strong>LED-Beleuchtung<\/strong> die richtige Atmosph\u00e4re. W\u00e4hle aus 13 verschiedenen Farb- und Lichteffekten, die du mit einem Knopfdruck steuerst. Perfekt als Nachtlicht oder um den Raum gem\u00fctlicher zu machen.<\/p>\n","protected":false},"excerpt":{"rendered":"<p>Genie\u00dfe deine Lieblingsmusik, Radio oder beruhigende Kl\u00e4nge mit dem vielseitigen Oracle Red Bull Racing RB-SK300 Lautsprecher-Wecker. Dieser stilvolle Bluetooth-Lautsprecher mit Weckfunktion verf\u00fcgt \u00fcber kabelloses Laden f\u00fcr dein Smartphone, Farbbeleuchtung mit 13 Effekten und ein integriertes FM-Radio. Mit der TWS-Funktion koppelst du ganz einfach einen zweiten Lautsprecher f\u00fcr kraftvollen Stereoklang. Dank der integrierten Uhr und Weckfunktion [&hellip;]<\/p>\n","protected":false},"featured_media":1684607,"comment_status":"open","ping_status":"closed","template":"","meta":{"inline_featured_image":false},"product_brand":[],"product_cat":[7885,7903],"product_tag":[],"class_list":{"0":"post-1680700","1":"product","2":"type-product","3":"status-publish","4":"has-post-thumbnail","6":"product_cat-wonen_de_DE","7":"product_cat-wekker_radios_de_DE","9":"first","10":"instock","11":"virtual","12":"taxable","13":"purchasable","14":"product-type-simple"},"yoast_head":"<!-- This site is optimized with the Yoast SEO plugin v24.4 - https:\/\/yoast.com\/wordpress\/plugins\/seo\/ -->\n<title>ORACLE RED BULL RACING Radiowecker \u2013 Digitaler Wecker mit kabellosem Laden \u2013 Bluetooth-Lautsprecher \u2013 Mehrfarbige LED-Beleuchtung \u2013 30 W Max Leistung \u2013 TWS (RB-SK300) | Caliber<\/title>\n<meta name=\"robots\" content=\"index, follow, max-snippet:-1, max-image-preview:large, max-video-preview:-1\" \/>\n<link rel=\"canonical\" href=\"https:\/\/www.calibereurope.com\/de\/produkt\/RB-SK300-de_DE\/\" \/>\n<meta property=\"og:locale\" content=\"de_DE\" \/>\n<meta property=\"og:type\" content=\"article\" \/>\n<meta property=\"og:title\" content=\"ORACLE RED BULL RACING Radiowecker \u2013 Digitaler Wecker mit kabellosem Laden \u2013 Bluetooth-Lautsprecher \u2013 Mehrfarbige LED-Beleuchtung \u2013 30 W Max Leistung \u2013 TWS (RB-SK300) | Caliber\" \/>\n<meta property=\"og:description\" content=\"Genie\u00dfe deine Lieblingsmusik, Radio oder beruhigende Kl\u00e4nge mit dem vielseitigen Oracle Red Bull Racing RB-SK300 Lautsprecher-Wecker. Dieser stilvolle Bluetooth-Lautsprecher mit Weckfunktion verf\u00fcgt \u00fcber kabelloses Laden f\u00fcr dein Smartphone, Farbbeleuchtung mit 13 Effekten und ein integriertes FM-Radio. Mit der TWS-Funktion koppelst du ganz einfach einen zweiten Lautsprecher f\u00fcr kraftvollen Stereoklang. Dank der integrierten Uhr und Weckfunktion [&hellip;]\" \/>\n<meta property=\"og:url\" content=\"https:\/\/www.calibereurope.com\/de\/produkt\/RB-SK300-de_DE\/\" \/>\n<meta property=\"og:site_name\" content=\"Caliber\" \/>\n<meta property=\"article:publisher\" content=\"https:\/\/facebook.com\/CaliberEurope\/\" \/>\n<meta property=\"article:modified_time\" content=\"2026-01-05T13:26:06+00:00\" \/>\n<meta property=\"og:image\" content=\"https:\/\/www.calibereurope.com\/wp-content\/uploads\/2023\/05\/Caliber-logo-opengraphs.jpg\" \/>\n\t<meta property=\"og:image:width\" content=\"1050\" \/>\n\t<meta property=\"og:image:height\" content=\"525\" \/>\n\t<meta property=\"og:image:type\" content=\"image\/jpeg\" \/>\n<meta name=\"twitter:card\" content=\"summary_large_image\" \/>\n<meta name=\"twitter:site\" content=\"@calibereurope\" \/>\n<meta name=\"twitter:label1\" content=\"Preis\" \/>\n\t<meta name=\"twitter:data1\" content=\"39,00\" \/>\n\t<meta name=\"twitter:label2\" content=\"Availability\" \/>\n\t<meta name=\"twitter:data2\" content=\"In stock\" \/>\n<script type=\"application\/ld+json\" class=\"yoast-schema-graph\">{\"@context\":\"https:\/\/schema.org\",\"@graph\":[{\"@type\":\"WebPage\",\"@id\":\"https:\/\/www.calibereurope.com\/de\/produkt\/RB-SK300-de_DE\/\",\"url\":\"https:\/\/www.calibereurope.com\/de\/produkt\/RB-SK300-de_DE\/\",\"name\":\"ORACLE RED BULL RACING Radiowecker \u2013 Digitaler Wecker mit kabellosem Laden \u2013 Bluetooth-Lautsprecher \u2013 Mehrfarbige LED-Beleuchtung \u2013 30 W Max Leistung \u2013 TWS (RB-SK300) | Caliber\",\"isPartOf\":{\"@id\":\"https:\/\/www.calibereurope.com\/de\/#website\"},\"primaryImageOfPage\":{\"@id\":\"https:\/\/www.calibereurope.com\/de\/produkt\/RB-SK300-de_DE\/#primaryimage\"},\"image\":{\"@id\":\"https:\/\/www.calibereurope.com\/de\/produkt\/RB-SK300-de_DE\/#primaryimage\"},\"thumbnailUrl\":\"https:\/\/www.calibereurope.com\/wp-content\/uploads\/2026\/01\/6fe945c8779ce2445ff113c65ac3324bc3425e5c_SK300_ON_side_light.jpg\",\"datePublished\":\"2026-01-05T00:00:00+00:00\",\"dateModified\":\"2026-01-05T13:26:06+00:00\",\"breadcrumb\":{\"@id\":\"https:\/\/www.calibereurope.com\/de\/produkt\/RB-SK300-de_DE\/#breadcrumb\"},\"inLanguage\":\"de\",\"potentialAction\":[{\"@type\":\"ReadAction\",\"target\":[\"https:\/\/www.calibereurope.com\/de\/produkt\/RB-SK300-de_DE\/\"]}]},{\"@type\":\"ImageObject\",\"inLanguage\":\"de\",\"@id\":\"https:\/\/www.calibereurope.com\/de\/produkt\/RB-SK300-de_DE\/#primaryimage\",\"url\":\"https:\/\/www.calibereurope.com\/wp-content\/uploads\/2026\/01\/6fe945c8779ce2445ff113c65ac3324bc3425e5c_SK300_ON_side_light.jpg\",\"contentUrl\":\"https:\/\/www.calibereurope.com\/wp-content\/uploads\/2026\/01\/6fe945c8779ce2445ff113c65ac3324bc3425e5c_SK300_ON_side_light.jpg\",\"width\":2000,\"height\":2000},{\"@type\":\"BreadcrumbList\",\"@id\":\"https:\/\/www.calibereurope.com\/de\/produkt\/RB-SK300-de_DE\/#breadcrumb\",\"itemListElement\":[{\"@type\":\"ListItem\",\"position\":1,\"name\":\"Home\",\"item\":\"https:\/\/www.calibereurope.com\/de\/\"},{\"@type\":\"ListItem\",\"position\":2,\"name\":\"Webshop\",\"item\":\"https:\/\/www.calibereurope.com\/de\/webshop\/\"},{\"@type\":\"ListItem\",\"position\":3,\"name\":\"ORACLE RED BULL RACING Radiowecker \u2013 Digitaler Wecker mit kabellosem Laden \u2013 Bluetooth-Lautsprecher \u2013 Mehrfarbige LED-Beleuchtung \u2013 30 W Max Leistung \u2013 TWS (RB-SK300)\"}]},{\"@type\":\"WebSite\",\"@id\":\"https:\/\/www.calibereurope.com\/de\/#website\",\"url\":\"https:\/\/www.calibereurope.com\/de\/\",\"name\":\"Caliber\",\"description\":\"Sounds good!\",\"publisher\":{\"@id\":\"https:\/\/www.calibereurope.com\/de\/#organization\"},\"potentialAction\":[{\"@type\":\"SearchAction\",\"target\":{\"@type\":\"EntryPoint\",\"urlTemplate\":\"https:\/\/www.calibereurope.com\/de\/?s={search_term_string}\"},\"query-input\":{\"@type\":\"PropertyValueSpecification\",\"valueRequired\":true,\"valueName\":\"search_term_string\"}}],\"inLanguage\":\"de\"},{\"@type\":\"Organization\",\"@id\":\"https:\/\/www.calibereurope.com\/de\/#organization\",\"name\":\"Caliber Europe B.V.\",\"url\":\"https:\/\/www.calibereurope.com\/de\/\",\"logo\":{\"@type\":\"ImageObject\",\"inLanguage\":\"de\",\"@id\":\"https:\/\/www.calibereurope.com\/de\/#\/schema\/logo\/image\/\",\"url\":\"https:\/\/www.calibereurope.com\/wp-content\/uploads\/2019\/11\/Logo-Caliber-e1574846289621.png\",\"contentUrl\":\"https:\/\/www.calibereurope.com\/wp-content\/uploads\/2019\/11\/Logo-Caliber-e1574846289621.png\",\"width\":400,\"height\":69,\"caption\":\"Caliber Europe B.V.\"},\"image\":{\"@id\":\"https:\/\/www.calibereurope.com\/de\/#\/schema\/logo\/image\/\"},\"sameAs\":[\"https:\/\/facebook.com\/CaliberEurope\/\",\"https:\/\/x.com\/calibereurope\",\"https:\/\/www.instagram.com\/calibereurope\/\"]}]}<\/script>\n<meta property=\"product:price:amount\" content=\"39.00\" \/>\n<meta property=\"product:price:currency\" content=\"EUR\" \/>\n<meta property=\"og:availability\" content=\"instock\" \/>\n<meta property=\"product:availability\" content=\"instock\" \/>\n<meta property=\"product:retailer_item_id\" content=\"RB-SK300\" \/>\n<meta property=\"product:condition\" content=\"new\" \/>\n<!-- \/ Yoast SEO plugin. -->","yoast_head_json":{"title":"ORACLE RED BULL RACING Radiowecker \u2013 Digitaler Wecker mit kabellosem Laden \u2013 Bluetooth-Lautsprecher \u2013 Mehrfarbige LED-Beleuchtung \u2013 30 W Max Leistung \u2013 TWS (RB-SK300) | Caliber","robots":{"index":"index","follow":"follow","max-snippet":"max-snippet:-1","max-image-preview":"max-image-preview:large","max-video-preview":"max-video-preview:-1"},"canonical":"https:\/\/www.calibereurope.com\/de\/produkt\/RB-SK300-de_DE\/","og_locale":"de_DE","og_type":"article","og_title":"ORACLE RED BULL RACING Radiowecker \u2013 Digitaler Wecker mit kabellosem Laden \u2013 Bluetooth-Lautsprecher \u2013 Mehrfarbige LED-Beleuchtung \u2013 30 W Max Leistung \u2013 TWS (RB-SK300) | Caliber","og_description":"Genie\u00dfe deine Lieblingsmusik, Radio oder beruhigende Kl\u00e4nge mit dem vielseitigen Oracle Red Bull Racing RB-SK300 Lautsprecher-Wecker. Dieser stilvolle Bluetooth-Lautsprecher mit Weckfunktion verf\u00fcgt \u00fcber kabelloses Laden f\u00fcr dein Smartphone, Farbbeleuchtung mit 13 Effekten und ein integriertes FM-Radio. Mit der TWS-Funktion koppelst du ganz einfach einen zweiten Lautsprecher f\u00fcr kraftvollen Stereoklang. Dank der integrierten Uhr und Weckfunktion [&hellip;]","og_url":"https:\/\/www.calibereurope.com\/de\/produkt\/RB-SK300-de_DE\/","og_site_name":"Caliber","article_publisher":"https:\/\/facebook.com\/CaliberEurope\/","article_modified_time":"2026-01-05T13:26:06+00:00","og_image":[{"width":1050,"height":525,"url":"https:\/\/www.calibereurope.com\/wp-content\/uploads\/2023\/05\/Caliber-logo-opengraphs.jpg","type":"image\/jpeg"}],"twitter_card":"summary_large_image","twitter_site":"@calibereurope","twitter_misc":{"Preis":"39,00","Availability":"In stock"},"schema":{"@context":"https:\/\/schema.org","@graph":[{"@type":"WebPage","@id":"https:\/\/www.calibereurope.com\/de\/produkt\/RB-SK300-de_DE\/","url":"https:\/\/www.calibereurope.com\/de\/produkt\/RB-SK300-de_DE\/","name":"ORACLE RED BULL RACING Radiowecker \u2013 Digitaler Wecker mit kabellosem Laden \u2013 Bluetooth-Lautsprecher \u2013 Mehrfarbige LED-Beleuchtung \u2013 30 W Max Leistung \u2013 TWS (RB-SK300) | Caliber","isPartOf":{"@id":"https:\/\/www.calibereurope.com\/de\/#website"},"primaryImageOfPage":{"@id":"https:\/\/www.calibereurope.com\/de\/produkt\/RB-SK300-de_DE\/#primaryimage"},"image":{"@id":"https:\/\/www.calibereurope.com\/de\/produkt\/RB-SK300-de_DE\/#primaryimage"},"thumbnailUrl":"https:\/\/www.calibereurope.com\/wp-content\/uploads\/2026\/01\/6fe945c8779ce2445ff113c65ac3324bc3425e5c_SK300_ON_side_light.jpg","datePublished":"2026-01-05T00:00:00+00:00","dateModified":"2026-01-05T13:26:06+00:00","breadcrumb":{"@id":"https:\/\/www.calibereurope.com\/de\/produkt\/RB-SK300-de_DE\/#breadcrumb"},"inLanguage":"de","potentialAction":[{"@type":"ReadAction","target":["https:\/\/www.calibereurope.com\/de\/produkt\/RB-SK300-de_DE\/"]}]},{"@type":"ImageObject","inLanguage":"de","@id":"https:\/\/www.calibereurope.com\/de\/produkt\/RB-SK300-de_DE\/#primaryimage","url":"https:\/\/www.calibereurope.com\/wp-content\/uploads\/2026\/01\/6fe945c8779ce2445ff113c65ac3324bc3425e5c_SK300_ON_side_light.jpg","contentUrl":"https:\/\/www.calibereurope.com\/wp-content\/uploads\/2026\/01\/6fe945c8779ce2445ff113c65ac3324bc3425e5c_SK300_ON_side_light.jpg","width":2000,"height":2000},{"@type":"BreadcrumbList","@id":"https:\/\/www.calibereurope.com\/de\/produkt\/RB-SK300-de_DE\/#breadcrumb","itemListElement":[{"@type":"ListItem","position":1,"name":"Home","item":"https:\/\/www.calibereurope.com\/de\/"},{"@type":"ListItem","position":2,"name":"Webshop","item":"https:\/\/www.calibereurope.com\/de\/webshop\/"},{"@type":"ListItem","position":3,"name":"ORACLE RED BULL RACING Radiowecker \u2013 Digitaler Wecker mit kabellosem Laden \u2013 Bluetooth-Lautsprecher \u2013 Mehrfarbige LED-Beleuchtung \u2013 30 W Max Leistung \u2013 TWS (RB-SK300)"}]},{"@type":"WebSite","@id":"https:\/\/www.calibereurope.com\/de\/#website","url":"https:\/\/www.calibereurope.com\/de\/","name":"Caliber","description":"Sounds good!","publisher":{"@id":"https:\/\/www.calibereurope.com\/de\/#organization"},"potentialAction":[{"@type":"SearchAction","target":{"@type":"EntryPoint","urlTemplate":"https:\/\/www.calibereurope.com\/de\/?s={search_term_string}"},"query-input":{"@type":"PropertyValueSpecification","valueRequired":true,"valueName":"search_term_string"}}],"inLanguage":"de"},{"@type":"Organization","@id":"https:\/\/www.calibereurope.com\/de\/#organization","name":"Caliber Europe B.V.","url":"https:\/\/www.calibereurope.com\/de\/","logo":{"@type":"ImageObject","inLanguage":"de","@id":"https:\/\/www.calibereurope.com\/de\/#\/schema\/logo\/image\/","url":"https:\/\/www.calibereurope.com\/wp-content\/uploads\/2019\/11\/Logo-Caliber-e1574846289621.png","contentUrl":"https:\/\/www.calibereurope.com\/wp-content\/uploads\/2019\/11\/Logo-Caliber-e1574846289621.png","width":400,"height":69,"caption":"Caliber Europe B.V."},"image":{"@id":"https:\/\/www.calibereurope.com\/de\/#\/schema\/logo\/image\/"},"sameAs":["https:\/\/facebook.com\/CaliberEurope\/","https:\/\/x.com\/calibereurope","https:\/\/www.instagram.com\/calibereurope\/"]}]},"product_price_amount":"39.00","product_price_currency":"EUR","og_availability":"instock","product_availability":"instock","product_retailer_item_id":"RB-SK300","product_condition":"new"},"_links":{"self":[{"href":"https:\/\/www.calibereurope.com\/de\/wp-json\/wp\/v2\/product\/1680700","targetHints":{"allow":["GET"]}}],"collection":[{"href":"https:\/\/www.calibereurope.com\/de\/wp-json\/wp\/v2\/product"}],"about":[{"href":"https:\/\/www.calibereurope.com\/de\/wp-json\/wp\/v2\/types\/product"}],"replies":[{"embeddable":true,"href":"https:\/\/www.calibereurope.com\/de\/wp-json\/wp\/v2\/comments?post=1680700"}],"wp:featuredmedia":[{"embeddable":true,"href":"https:\/\/www.calibereurope.com\/de\/wp-json\/wp\/v2\/media\/1684607"}],"wp:attachment":[{"href":"https:\/\/www.calibereurope.com\/de\/wp-json\/wp\/v2\/media?parent=1680700"}],"wp:term":[{"taxonomy":"product_brand","embeddable":true,"href":"https:\/\/www.calibereurope.com\/de\/wp-json\/wp\/v2\/product_brand?post=1680700"},{"taxonomy":"product_cat","embeddable":true,"href":"https:\/\/www.calibereurope.com\/de\/wp-json\/wp\/v2\/product_cat?post=1680700"},{"taxonomy":"product_tag","embeddable":true,"href":"https:\/\/www.calibereurope.com\/de\/wp-json\/wp\/v2\/product_tag?post=1680700"}],"curies":[{"name":"wp","href":"https:\/\/api.w.org\/{rel}","templated":true}]}}