{"id":224612,"date":"2024-07-25T00:00:00","date_gmt":"2024-07-25T00:00:00","guid":{"rendered":""},"modified":"2024-07-25T16:08:07","modified_gmt":"2024-07-25T14:08:07","slug":"MIVUE-812-de_DE","status":"publish","type":"product","link":"https:\/\/www.calibereurope.com\/de\/produkt\/MIVUE-812-de_DE\/","title":{"rendered":"Mio MiVue 812 &#8211; 1440P GPS Dashboardcamera (MIVUE-812)"},"content":{"rendered":"<p>Der Mio-Mivue 812 garantiert ein hervorragendes visuelles Material in voller HD. Dank der gro\u00dfen Apertur von F \/ 1.8 zeichnet dieses Dashcam auch klare Videos in der Nacht auf. Der G-Sensor nimmt pl\u00f6tzliche Bewegungen direkt an und speichert die Aufnahmen dieser F\u00f6rderung. Dieses Dashcam verf\u00fcgt \u00fcber einen einstellbaren Kamerawinkel von weniger als 140 Grad. Auf diese Weise bestimmen Sie, welcher Teil Sie zeigen. Auf dem Weg haben Sie zus\u00e4tzliche Sicherheit mit der Warnung der GPS-Geschwindigkeitskamera, so dass Sie rechtzeitig f\u00fcr eine Geschwindigkeitskamera gewarnt werden. Dar\u00fcber hinaus vermeiden Sie Ziele mit den Warnungen der Durchschnittsgeschwindigkeitskamera. Die Geschwindigkeitsgrenze, verbleibende Zeit und Entfernung werden hier angezeigt. Dank des eingebauten GPS erhalten Sie Flash-Warnungen \u00fcber Smart Alert und Ihre Fahrgeschwindigkeit wird genau registriert. Die MIVUE ber\u00fccksichtigt auch Ihre Sicherheit. Auf diese Weise erhalten Sie eine Warnung, wenn Sie m\u00fcde Gefahr sind, und das Dashcam zieht Sie als Ergebnis eines m\u00f6glichen Zusammenpralls an. Selbst wenn Ihr Auto geparkt ist, steckt der Mivue stecken. So sammelt Ihr Bildmaterial, ob ein Einbrecher aktiv ist. Daf\u00fcr brauchen Sie eine Smartbox (nicht inbegriffen).<\/p>\n","protected":false},"excerpt":{"rendered":"<p>Der Mio-Mivue 812 garantiert ein hervorragendes visuelles Material in voller HD. Dank der gro\u00dfen Apertur von F \/ 1.8 zeichnet dieses Dashcam auch klare Videos in der Nacht auf. Der G-Sensor nimmt pl\u00f6tzliche Bewegungen direkt an und speichert die Aufnahmen dieser F\u00f6rderung. Dieses Dashcam verf\u00fcgt \u00fcber einen einstellbaren Kamerawinkel von weniger als 140 Grad. Auf [&hellip;]<\/p>\n","protected":false},"featured_media":1407355,"comment_status":"open","ping_status":"open","template":"","meta":{"inline_featured_image":false},"product_brand":[],"product_cat":[7816,7822],"product_tag":[],"class_list":{"0":"post-224612","1":"product","2":"type-product","3":"status-publish","4":"has-post-thumbnail","6":"product_cat-beeld_de_DE","7":"product_cat-dashcams_de_DE","9":"first","10":"outofstock","11":"taxable","12":"shipping-taxable","13":"purchasable","14":"product-type-simple"},"yoast_head":"<!-- This site is optimized with the Yoast SEO plugin v24.4 - https:\/\/yoast.com\/wordpress\/plugins\/seo\/ -->\n<title>Mio MiVue 812 - 1440P GPS Dashboardcamera (MIVUE-812) | Caliber<\/title>\n<meta name=\"robots\" content=\"index, follow, max-snippet:-1, max-image-preview:large, max-video-preview:-1\" \/>\n<link rel=\"canonical\" href=\"https:\/\/www.calibereurope.com\/de\/produkt\/MIVUE-812-de_DE\/\" \/>\n<meta property=\"og:locale\" content=\"de_DE\" \/>\n<meta property=\"og:type\" content=\"article\" \/>\n<meta property=\"og:title\" content=\"Mio MiVue 812 - 1440P GPS Dashboardcamera (MIVUE-812) | Caliber\" \/>\n<meta property=\"og:description\" content=\"Der Mio-Mivue 812 garantiert ein hervorragendes visuelles Material in voller HD. Dank der gro\u00dfen Apertur von F \/ 1.8 zeichnet dieses Dashcam auch klare Videos in der Nacht auf. Der G-Sensor nimmt pl\u00f6tzliche Bewegungen direkt an und speichert die Aufnahmen dieser F\u00f6rderung. Dieses Dashcam verf\u00fcgt \u00fcber einen einstellbaren Kamerawinkel von weniger als 140 Grad. Auf [&hellip;]\" \/>\n<meta property=\"og:url\" content=\"https:\/\/www.calibereurope.com\/de\/produkt\/MIVUE-812-de_DE\/\" \/>\n<meta property=\"og:site_name\" content=\"Caliber\" \/>\n<meta property=\"article:publisher\" content=\"https:\/\/facebook.com\/CaliberEurope\/\" \/>\n<meta property=\"article:modified_time\" content=\"2024-07-25T14:08:07+00:00\" \/>\n<meta property=\"og:image\" content=\"https:\/\/www.calibereurope.com\/wp-content\/uploads\/2023\/01\/372b776b952ad44116958865de39ccc04f4c0c40_MiVue_812_camera_angle_L45.jpg\" \/>\n\t<meta property=\"og:image:width\" content=\"1024\" \/>\n\t<meta property=\"og:image:height\" content=\"768\" \/>\n\t<meta property=\"og:image:type\" content=\"image\/jpeg\" \/>\n<meta name=\"twitter:card\" content=\"summary_large_image\" \/>\n<meta name=\"twitter:site\" content=\"@calibereurope\" \/>\n<meta name=\"twitter:label1\" content=\"Preis\" \/>\n\t<meta name=\"twitter:data1\" content=\"141,99\" \/>\n\t<meta name=\"twitter:label2\" content=\"Availability\" \/>\n\t<meta name=\"twitter:data2\" content=\"Out of stock\" \/>\n<script type=\"application\/ld+json\" class=\"yoast-schema-graph\">{\"@context\":\"https:\/\/schema.org\",\"@graph\":[{\"@type\":\"WebPage\",\"@id\":\"https:\/\/www.calibereurope.com\/de\/produkt\/MIVUE-812-de_DE\/\",\"url\":\"https:\/\/www.calibereurope.com\/de\/produkt\/MIVUE-812-de_DE\/\",\"name\":\"Mio MiVue 812 - 1440P GPS Dashboardcamera (MIVUE-812) | Caliber\",\"isPartOf\":{\"@id\":\"https:\/\/www.calibereurope.com\/de\/#website\"},\"primaryImageOfPage\":{\"@id\":\"https:\/\/www.calibereurope.com\/de\/produkt\/MIVUE-812-de_DE\/#primaryimage\"},\"image\":{\"@id\":\"https:\/\/www.calibereurope.com\/de\/produkt\/MIVUE-812-de_DE\/#primaryimage\"},\"thumbnailUrl\":\"https:\/\/www.calibereurope.com\/wp-content\/uploads\/2023\/01\/372b776b952ad44116958865de39ccc04f4c0c40_MiVue_812_camera_angle_L45.jpg\",\"datePublished\":\"2024-07-25T00:00:00+00:00\",\"dateModified\":\"2024-07-25T14:08:07+00:00\",\"breadcrumb\":{\"@id\":\"https:\/\/www.calibereurope.com\/de\/produkt\/MIVUE-812-de_DE\/#breadcrumb\"},\"inLanguage\":\"de\",\"potentialAction\":[{\"@type\":\"ReadAction\",\"target\":[\"https:\/\/www.calibereurope.com\/de\/produkt\/MIVUE-812-de_DE\/\"]}]},{\"@type\":\"ImageObject\",\"inLanguage\":\"de\",\"@id\":\"https:\/\/www.calibereurope.com\/de\/produkt\/MIVUE-812-de_DE\/#primaryimage\",\"url\":\"https:\/\/www.calibereurope.com\/wp-content\/uploads\/2023\/01\/372b776b952ad44116958865de39ccc04f4c0c40_MiVue_812_camera_angle_L45.jpg\",\"contentUrl\":\"https:\/\/www.calibereurope.com\/wp-content\/uploads\/2023\/01\/372b776b952ad44116958865de39ccc04f4c0c40_MiVue_812_camera_angle_L45.jpg\",\"width\":1024,\"height\":768},{\"@type\":\"BreadcrumbList\",\"@id\":\"https:\/\/www.calibereurope.com\/de\/produkt\/MIVUE-812-de_DE\/#breadcrumb\",\"itemListElement\":[{\"@type\":\"ListItem\",\"position\":1,\"name\":\"Home\",\"item\":\"https:\/\/www.calibereurope.com\/de\/\"},{\"@type\":\"ListItem\",\"position\":2,\"name\":\"Webshop\",\"item\":\"https:\/\/www.calibereurope.com\/de\/webshop\/\"},{\"@type\":\"ListItem\",\"position\":3,\"name\":\"Bild\",\"item\":\"https:\/\/www.calibereurope.com\/de\/beeld_de_DE\/\"},{\"@type\":\"ListItem\",\"position\":4,\"name\":\"Dashcams\",\"item\":\"https:\/\/www.calibereurope.com\/de\/beeld_de_DE\/dashcams_de_DE\/\"},{\"@type\":\"ListItem\",\"position\":5,\"name\":\"Mio MiVue 812 &#8211; 1440P GPS Dashboardcamera (MIVUE-812)\"}]},{\"@type\":\"WebSite\",\"@id\":\"https:\/\/www.calibereurope.com\/de\/#website\",\"url\":\"https:\/\/www.calibereurope.com\/de\/\",\"name\":\"Caliber\",\"description\":\"Sounds good!\",\"publisher\":{\"@id\":\"https:\/\/www.calibereurope.com\/de\/#organization\"},\"potentialAction\":[{\"@type\":\"SearchAction\",\"target\":{\"@type\":\"EntryPoint\",\"urlTemplate\":\"https:\/\/www.calibereurope.com\/de\/?s={search_term_string}\"},\"query-input\":{\"@type\":\"PropertyValueSpecification\",\"valueRequired\":true,\"valueName\":\"search_term_string\"}}],\"inLanguage\":\"de\"},{\"@type\":\"Organization\",\"@id\":\"https:\/\/www.calibereurope.com\/de\/#organization\",\"name\":\"Caliber Europe B.V.\",\"url\":\"https:\/\/www.calibereurope.com\/de\/\",\"logo\":{\"@type\":\"ImageObject\",\"inLanguage\":\"de\",\"@id\":\"https:\/\/www.calibereurope.com\/de\/#\/schema\/logo\/image\/\",\"url\":\"https:\/\/www.calibereurope.com\/wp-content\/uploads\/2019\/11\/Logo-Caliber-e1574846289621.png\",\"contentUrl\":\"https:\/\/www.calibereurope.com\/wp-content\/uploads\/2019\/11\/Logo-Caliber-e1574846289621.png\",\"width\":400,\"height\":69,\"caption\":\"Caliber Europe B.V.\"},\"image\":{\"@id\":\"https:\/\/www.calibereurope.com\/de\/#\/schema\/logo\/image\/\"},\"sameAs\":[\"https:\/\/facebook.com\/CaliberEurope\/\",\"https:\/\/x.com\/calibereurope\",\"https:\/\/www.instagram.com\/calibereurope\/\"]}]}<\/script>\n<meta property=\"product:price:amount\" content=\"141.99\" \/>\n<meta property=\"product:price:currency\" content=\"EUR\" \/>\n<meta property=\"og:availability\" content=\"out of stock\" \/>\n<meta property=\"product:availability\" content=\"out of stock\" \/>\n<meta property=\"product:retailer_item_id\" content=\"MIVUE-812\" \/>\n<meta property=\"product:condition\" content=\"new\" \/>\n<!-- \/ Yoast SEO plugin. -->","yoast_head_json":{"title":"Mio MiVue 812 - 1440P GPS Dashboardcamera (MIVUE-812) | Caliber","robots":{"index":"index","follow":"follow","max-snippet":"max-snippet:-1","max-image-preview":"max-image-preview:large","max-video-preview":"max-video-preview:-1"},"canonical":"https:\/\/www.calibereurope.com\/de\/produkt\/MIVUE-812-de_DE\/","og_locale":"de_DE","og_type":"article","og_title":"Mio MiVue 812 - 1440P GPS Dashboardcamera (MIVUE-812) | Caliber","og_description":"Der Mio-Mivue 812 garantiert ein hervorragendes visuelles Material in voller HD. Dank der gro\u00dfen Apertur von F \/ 1.8 zeichnet dieses Dashcam auch klare Videos in der Nacht auf. Der G-Sensor nimmt pl\u00f6tzliche Bewegungen direkt an und speichert die Aufnahmen dieser F\u00f6rderung. Dieses Dashcam verf\u00fcgt \u00fcber einen einstellbaren Kamerawinkel von weniger als 140 Grad. Auf [&hellip;]","og_url":"https:\/\/www.calibereurope.com\/de\/produkt\/MIVUE-812-de_DE\/","og_site_name":"Caliber","article_publisher":"https:\/\/facebook.com\/CaliberEurope\/","article_modified_time":"2024-07-25T14:08:07+00:00","og_image":[{"width":1024,"height":768,"url":"https:\/\/www.calibereurope.com\/wp-content\/uploads\/2023\/01\/372b776b952ad44116958865de39ccc04f4c0c40_MiVue_812_camera_angle_L45.jpg","type":"image\/jpeg"}],"twitter_card":"summary_large_image","twitter_site":"@calibereurope","twitter_misc":{"Preis":"141,99","Availability":"Out of stock"},"schema":{"@context":"https:\/\/schema.org","@graph":[{"@type":"WebPage","@id":"https:\/\/www.calibereurope.com\/de\/produkt\/MIVUE-812-de_DE\/","url":"https:\/\/www.calibereurope.com\/de\/produkt\/MIVUE-812-de_DE\/","name":"Mio MiVue 812 - 1440P GPS Dashboardcamera (MIVUE-812) | Caliber","isPartOf":{"@id":"https:\/\/www.calibereurope.com\/de\/#website"},"primaryImageOfPage":{"@id":"https:\/\/www.calibereurope.com\/de\/produkt\/MIVUE-812-de_DE\/#primaryimage"},"image":{"@id":"https:\/\/www.calibereurope.com\/de\/produkt\/MIVUE-812-de_DE\/#primaryimage"},"thumbnailUrl":"https:\/\/www.calibereurope.com\/wp-content\/uploads\/2023\/01\/372b776b952ad44116958865de39ccc04f4c0c40_MiVue_812_camera_angle_L45.jpg","datePublished":"2024-07-25T00:00:00+00:00","dateModified":"2024-07-25T14:08:07+00:00","breadcrumb":{"@id":"https:\/\/www.calibereurope.com\/de\/produkt\/MIVUE-812-de_DE\/#breadcrumb"},"inLanguage":"de","potentialAction":[{"@type":"ReadAction","target":["https:\/\/www.calibereurope.com\/de\/produkt\/MIVUE-812-de_DE\/"]}]},{"@type":"ImageObject","inLanguage":"de","@id":"https:\/\/www.calibereurope.com\/de\/produkt\/MIVUE-812-de_DE\/#primaryimage","url":"https:\/\/www.calibereurope.com\/wp-content\/uploads\/2023\/01\/372b776b952ad44116958865de39ccc04f4c0c40_MiVue_812_camera_angle_L45.jpg","contentUrl":"https:\/\/www.calibereurope.com\/wp-content\/uploads\/2023\/01\/372b776b952ad44116958865de39ccc04f4c0c40_MiVue_812_camera_angle_L45.jpg","width":1024,"height":768},{"@type":"BreadcrumbList","@id":"https:\/\/www.calibereurope.com\/de\/produkt\/MIVUE-812-de_DE\/#breadcrumb","itemListElement":[{"@type":"ListItem","position":1,"name":"Home","item":"https:\/\/www.calibereurope.com\/de\/"},{"@type":"ListItem","position":2,"name":"Webshop","item":"https:\/\/www.calibereurope.com\/de\/webshop\/"},{"@type":"ListItem","position":3,"name":"Bild","item":"https:\/\/www.calibereurope.com\/de\/beeld_de_DE\/"},{"@type":"ListItem","position":4,"name":"Dashcams","item":"https:\/\/www.calibereurope.com\/de\/beeld_de_DE\/dashcams_de_DE\/"},{"@type":"ListItem","position":5,"name":"Mio MiVue 812 &#8211; 1440P GPS Dashboardcamera (MIVUE-812)"}]},{"@type":"WebSite","@id":"https:\/\/www.calibereurope.com\/de\/#website","url":"https:\/\/www.calibereurope.com\/de\/","name":"Caliber","description":"Sounds good!","publisher":{"@id":"https:\/\/www.calibereurope.com\/de\/#organization"},"potentialAction":[{"@type":"SearchAction","target":{"@type":"EntryPoint","urlTemplate":"https:\/\/www.calibereurope.com\/de\/?s={search_term_string}"},"query-input":{"@type":"PropertyValueSpecification","valueRequired":true,"valueName":"search_term_string"}}],"inLanguage":"de"},{"@type":"Organization","@id":"https:\/\/www.calibereurope.com\/de\/#organization","name":"Caliber Europe B.V.","url":"https:\/\/www.calibereurope.com\/de\/","logo":{"@type":"ImageObject","inLanguage":"de","@id":"https:\/\/www.calibereurope.com\/de\/#\/schema\/logo\/image\/","url":"https:\/\/www.calibereurope.com\/wp-content\/uploads\/2019\/11\/Logo-Caliber-e1574846289621.png","contentUrl":"https:\/\/www.calibereurope.com\/wp-content\/uploads\/2019\/11\/Logo-Caliber-e1574846289621.png","width":400,"height":69,"caption":"Caliber Europe B.V."},"image":{"@id":"https:\/\/www.calibereurope.com\/de\/#\/schema\/logo\/image\/"},"sameAs":["https:\/\/facebook.com\/CaliberEurope\/","https:\/\/x.com\/calibereurope","https:\/\/www.instagram.com\/calibereurope\/"]}]},"product_price_amount":"141.99","product_price_currency":"EUR","og_availability":"out of stock","product_availability":"out of stock","product_retailer_item_id":"MIVUE-812","product_condition":"new"},"_links":{"self":[{"href":"https:\/\/www.calibereurope.com\/de\/wp-json\/wp\/v2\/product\/224612","targetHints":{"allow":["GET"]}}],"collection":[{"href":"https:\/\/www.calibereurope.com\/de\/wp-json\/wp\/v2\/product"}],"about":[{"href":"https:\/\/www.calibereurope.com\/de\/wp-json\/wp\/v2\/types\/product"}],"replies":[{"embeddable":true,"href":"https:\/\/www.calibereurope.com\/de\/wp-json\/wp\/v2\/comments?post=224612"}],"wp:featuredmedia":[{"embeddable":true,"href":"https:\/\/www.calibereurope.com\/de\/wp-json\/wp\/v2\/media\/1407355"}],"wp:attachment":[{"href":"https:\/\/www.calibereurope.com\/de\/wp-json\/wp\/v2\/media?parent=224612"}],"wp:term":[{"taxonomy":"product_brand","embeddable":true,"href":"https:\/\/www.calibereurope.com\/de\/wp-json\/wp\/v2\/product_brand?post=224612"},{"taxonomy":"product_cat","embeddable":true,"href":"https:\/\/www.calibereurope.com\/de\/wp-json\/wp\/v2\/product_cat?post=224612"},{"taxonomy":"product_tag","embeddable":true,"href":"https:\/\/www.calibereurope.com\/de\/wp-json\/wp\/v2\/product_tag?post=224612"}],"curies":[{"name":"wp","href":"https:\/\/api.w.org\/{rel}","templated":true}]}}