{"id":381385,"date":"2023-07-06T02:00:00","date_gmt":"2023-07-06T00:00:00","guid":{"rendered":""},"modified":"2023-07-06T09:47:31","modified_gmt":"2023-07-06T07:47:31","slug":"HBT-GATEWAY-de_DE","status":"publish","type":"product","link":"https:\/\/www.calibereurope.com\/de\/produkt\/HBT-GATEWAY-de_DE\/","title":{"rendered":"Intelligente Gl\u00fchbirne &#8211; Gateway (HBT-GATEWAY)"},"content":{"rendered":"<p>Das Caliber HBT Gateway ist eine Erweiterung der Caliber Smart-Ger\u00e4te aus der HBT-Serie. M\u00f6chten Sie Ihre HBT-Ger\u00e4te von \u00fcberall aus steuern? Denken Sie z.B. an Ihre Urlaubsadresse, das Haus von Freunden oder Familie oder an einen Ausgehabend. Verwenden Sie dann das HBT-Gateway. Hierf\u00fcr verwenden Sie Wifi. <\/p>\n<p>Das Bluetooth Mesh netwek verbindet sich \u00fcber Wifi mit dem Internet. Auf diese Weise m\u00fcssen Sie nicht innerhalb von 10 Metern bleiben, um die Beleuchtung \u00fcber die App zu steuern. Auf diese Weise nutzen Sie auch alle App-Funktionalit\u00e4ten optimal aus. Stellen Sie z.B. ein, dass die Beleuchtung bei Sonnenuntergang und Sonnenaufgang automatisch ein- und ausgeschaltet wird. Oder Geometrie festlegen. Das bedeutet, dass sich die HBT-Ger\u00e4te automatisch einschalten, wenn Sie in die N\u00e4he Ihrer Wohnung kommen, oder ausschalten, wenn Sie diese verlassen. Energie zu sparen war nie einfacher.<\/p>\n","protected":false},"excerpt":{"rendered":"<p>Das Caliber HBT Gateway ist eine Erweiterung der Caliber Smart-Ger\u00e4te aus der HBT-Serie. M\u00f6chten Sie Ihre HBT-Ger\u00e4te von \u00fcberall aus steuern? Denken Sie z.B. an Ihre Urlaubsadresse, das Haus von Freunden oder Familie oder an einen Ausgehabend. Verwenden Sie dann das HBT-Gateway. Hierf\u00fcr verwenden Sie Wifi. Das Bluetooth Mesh netwek verbindet sich \u00fcber Wifi mit [&hellip;]<\/p>\n","protected":false},"featured_media":1502731,"comment_status":"open","ping_status":"closed","template":"","meta":{"inline_featured_image":false},"product_brand":[],"product_cat":[6374,6362],"product_tag":[],"class_list":{"0":"post-381385","1":"product","2":"type-product","3":"status-publish","4":"has-post-thumbnail","6":"product_cat-lampen_de_DE","7":"product_cat-smarthome_de_DE","9":"first","10":"instock","11":"taxable","12":"shipping-taxable","13":"purchasable","14":"product-type-simple"},"yoast_head":"<!-- This site is optimized with the Yoast SEO plugin v24.4 - https:\/\/yoast.com\/wordpress\/plugins\/seo\/ -->\n<title>Intelligente Gl\u00fchbirne - Gateway (HBT-GATEWAY) | Caliber<\/title>\n<meta name=\"robots\" content=\"index, follow, max-snippet:-1, max-image-preview:large, max-video-preview:-1\" \/>\n<link rel=\"canonical\" href=\"https:\/\/www.calibereurope.com\/de\/produkt\/HBT-GATEWAY-de_DE\/\" \/>\n<meta property=\"og:locale\" content=\"de_DE\" \/>\n<meta property=\"og:type\" content=\"article\" \/>\n<meta property=\"og:title\" content=\"Intelligente Gl\u00fchbirne - Gateway (HBT-GATEWAY) | Caliber\" \/>\n<meta property=\"og:description\" content=\"Das Caliber HBT Gateway ist eine Erweiterung der Caliber Smart-Ger\u00e4te aus der HBT-Serie. M\u00f6chten Sie Ihre HBT-Ger\u00e4te von \u00fcberall aus steuern? Denken Sie z.B. an Ihre Urlaubsadresse, das Haus von Freunden oder Familie oder an einen Ausgehabend. Verwenden Sie dann das HBT-Gateway. Hierf\u00fcr verwenden Sie Wifi. Das Bluetooth Mesh netwek verbindet sich \u00fcber Wifi mit [&hellip;]\" \/>\n<meta property=\"og:url\" content=\"https:\/\/www.calibereurope.com\/de\/produkt\/HBT-GATEWAY-de_DE\/\" \/>\n<meta property=\"og:site_name\" content=\"Caliber\" \/>\n<meta property=\"article:publisher\" content=\"https:\/\/facebook.com\/CaliberEurope\/\" \/>\n<meta property=\"article:modified_time\" content=\"2023-07-06T07:47:31+00:00\" \/>\n<meta property=\"og:image\" content=\"https:\/\/www.calibereurope.com\/wp-content\/uploads\/2023\/01\/bebad2819813e2e2052e7a84138ea1bd91e3bad9_HBT_Gateway_verpakking2-7.jpg\" \/>\n\t<meta property=\"og:image:width\" content=\"1024\" \/>\n\t<meta property=\"og:image:height\" content=\"768\" \/>\n\t<meta property=\"og:image:type\" content=\"image\/jpeg\" \/>\n<meta name=\"twitter:card\" content=\"summary_large_image\" \/>\n<meta name=\"twitter:site\" content=\"@calibereurope\" \/>\n<meta name=\"twitter:label1\" content=\"Preis\" \/>\n\t<meta name=\"twitter:data1\" content=\"24,95\" \/>\n\t<meta name=\"twitter:label2\" content=\"Availability\" \/>\n\t<meta name=\"twitter:data2\" content=\"In stock\" \/>\n<script type=\"application\/ld+json\" class=\"yoast-schema-graph\">{\"@context\":\"https:\/\/schema.org\",\"@graph\":[{\"@type\":\"WebPage\",\"@id\":\"https:\/\/www.calibereurope.com\/de\/produkt\/HBT-GATEWAY-de_DE\/\",\"url\":\"https:\/\/www.calibereurope.com\/de\/produkt\/HBT-GATEWAY-de_DE\/\",\"name\":\"Intelligente Gl\u00fchbirne - Gateway (HBT-GATEWAY) | Caliber\",\"isPartOf\":{\"@id\":\"https:\/\/www.calibereurope.com\/de\/#website\"},\"primaryImageOfPage\":{\"@id\":\"https:\/\/www.calibereurope.com\/de\/produkt\/HBT-GATEWAY-de_DE\/#primaryimage\"},\"image\":{\"@id\":\"https:\/\/www.calibereurope.com\/de\/produkt\/HBT-GATEWAY-de_DE\/#primaryimage\"},\"thumbnailUrl\":\"https:\/\/www.calibereurope.com\/wp-content\/uploads\/2023\/07\/bebad2819813e2e2052e7a84138ea1bd91e3bad9_HBT_Gateway_verpakking2.jpg\",\"datePublished\":\"2023-07-06T00:00:00+00:00\",\"dateModified\":\"2023-07-06T07:47:31+00:00\",\"breadcrumb\":{\"@id\":\"https:\/\/www.calibereurope.com\/de\/produkt\/HBT-GATEWAY-de_DE\/#breadcrumb\"},\"inLanguage\":\"de\",\"potentialAction\":[{\"@type\":\"ReadAction\",\"target\":[\"https:\/\/www.calibereurope.com\/de\/produkt\/HBT-GATEWAY-de_DE\/\"]}]},{\"@type\":\"ImageObject\",\"inLanguage\":\"de\",\"@id\":\"https:\/\/www.calibereurope.com\/de\/produkt\/HBT-GATEWAY-de_DE\/#primaryimage\",\"url\":\"https:\/\/www.calibereurope.com\/wp-content\/uploads\/2023\/07\/bebad2819813e2e2052e7a84138ea1bd91e3bad9_HBT_Gateway_verpakking2.jpg\",\"contentUrl\":\"https:\/\/www.calibereurope.com\/wp-content\/uploads\/2023\/07\/bebad2819813e2e2052e7a84138ea1bd91e3bad9_HBT_Gateway_verpakking2.jpg\",\"width\":1024,\"height\":768},{\"@type\":\"BreadcrumbList\",\"@id\":\"https:\/\/www.calibereurope.com\/de\/produkt\/HBT-GATEWAY-de_DE\/#breadcrumb\",\"itemListElement\":[{\"@type\":\"ListItem\",\"position\":1,\"name\":\"Home\",\"item\":\"https:\/\/www.calibereurope.com\/de\/\"},{\"@type\":\"ListItem\",\"position\":2,\"name\":\"Webshop\",\"item\":\"https:\/\/www.calibereurope.com\/de\/webshop\/\"},{\"@type\":\"ListItem\",\"position\":3,\"name\":\"Smart Home\",\"item\":\"https:\/\/www.calibereurope.com\/de\/smarthome_de_DE\/\"},{\"@type\":\"ListItem\",\"position\":4,\"name\":\"Lampen\",\"item\":\"https:\/\/www.calibereurope.com\/de\/smarthome_de_DE\/lampen_de_DE\/\"},{\"@type\":\"ListItem\",\"position\":5,\"name\":\"Intelligente Gl\u00fchbirne &#8211; Gateway (HBT-GATEWAY)\"}]},{\"@type\":\"WebSite\",\"@id\":\"https:\/\/www.calibereurope.com\/de\/#website\",\"url\":\"https:\/\/www.calibereurope.com\/de\/\",\"name\":\"Caliber\",\"description\":\"Sounds good!\",\"publisher\":{\"@id\":\"https:\/\/www.calibereurope.com\/de\/#organization\"},\"potentialAction\":[{\"@type\":\"SearchAction\",\"target\":{\"@type\":\"EntryPoint\",\"urlTemplate\":\"https:\/\/www.calibereurope.com\/de\/?s={search_term_string}\"},\"query-input\":{\"@type\":\"PropertyValueSpecification\",\"valueRequired\":true,\"valueName\":\"search_term_string\"}}],\"inLanguage\":\"de\"},{\"@type\":\"Organization\",\"@id\":\"https:\/\/www.calibereurope.com\/de\/#organization\",\"name\":\"Caliber Europe B.V.\",\"url\":\"https:\/\/www.calibereurope.com\/de\/\",\"logo\":{\"@type\":\"ImageObject\",\"inLanguage\":\"de\",\"@id\":\"https:\/\/www.calibereurope.com\/de\/#\/schema\/logo\/image\/\",\"url\":\"https:\/\/www.calibereurope.com\/wp-content\/uploads\/2019\/11\/Logo-Caliber-e1574846289621.png\",\"contentUrl\":\"https:\/\/www.calibereurope.com\/wp-content\/uploads\/2019\/11\/Logo-Caliber-e1574846289621.png\",\"width\":400,\"height\":69,\"caption\":\"Caliber Europe B.V.\"},\"image\":{\"@id\":\"https:\/\/www.calibereurope.com\/de\/#\/schema\/logo\/image\/\"},\"sameAs\":[\"https:\/\/facebook.com\/CaliberEurope\/\",\"https:\/\/x.com\/calibereurope\",\"https:\/\/www.instagram.com\/calibereurope\/\"]}]}<\/script>\n<meta property=\"product:price:amount\" content=\"24.95\" \/>\n<meta property=\"product:price:currency\" content=\"EUR\" \/>\n<meta property=\"og:availability\" content=\"instock\" \/>\n<meta property=\"product:availability\" content=\"instock\" \/>\n<meta property=\"product:retailer_item_id\" content=\"HBT-GATEWAY\" \/>\n<meta property=\"product:condition\" content=\"new\" \/>\n<!-- \/ Yoast SEO plugin. -->","yoast_head_json":{"title":"Intelligente Gl\u00fchbirne - Gateway (HBT-GATEWAY) | Caliber","robots":{"index":"index","follow":"follow","max-snippet":"max-snippet:-1","max-image-preview":"max-image-preview:large","max-video-preview":"max-video-preview:-1"},"canonical":"https:\/\/www.calibereurope.com\/de\/produkt\/HBT-GATEWAY-de_DE\/","og_locale":"de_DE","og_type":"article","og_title":"Intelligente Gl\u00fchbirne - Gateway (HBT-GATEWAY) | Caliber","og_description":"Das Caliber HBT Gateway ist eine Erweiterung der Caliber Smart-Ger\u00e4te aus der HBT-Serie. M\u00f6chten Sie Ihre HBT-Ger\u00e4te von \u00fcberall aus steuern? Denken Sie z.B. an Ihre Urlaubsadresse, das Haus von Freunden oder Familie oder an einen Ausgehabend. Verwenden Sie dann das HBT-Gateway. Hierf\u00fcr verwenden Sie Wifi. Das Bluetooth Mesh netwek verbindet sich \u00fcber Wifi mit [&hellip;]","og_url":"https:\/\/www.calibereurope.com\/de\/produkt\/HBT-GATEWAY-de_DE\/","og_site_name":"Caliber","article_publisher":"https:\/\/facebook.com\/CaliberEurope\/","article_modified_time":"2023-07-06T07:47:31+00:00","og_image":[{"width":1024,"height":768,"url":"https:\/\/www.calibereurope.com\/wp-content\/uploads\/2023\/01\/bebad2819813e2e2052e7a84138ea1bd91e3bad9_HBT_Gateway_verpakking2-7.jpg","type":"image\/jpeg"}],"twitter_card":"summary_large_image","twitter_site":"@calibereurope","twitter_misc":{"Preis":"24,95","Availability":"In stock"},"schema":{"@context":"https:\/\/schema.org","@graph":[{"@type":"WebPage","@id":"https:\/\/www.calibereurope.com\/de\/produkt\/HBT-GATEWAY-de_DE\/","url":"https:\/\/www.calibereurope.com\/de\/produkt\/HBT-GATEWAY-de_DE\/","name":"Intelligente Gl\u00fchbirne - Gateway (HBT-GATEWAY) | Caliber","isPartOf":{"@id":"https:\/\/www.calibereurope.com\/de\/#website"},"primaryImageOfPage":{"@id":"https:\/\/www.calibereurope.com\/de\/produkt\/HBT-GATEWAY-de_DE\/#primaryimage"},"image":{"@id":"https:\/\/www.calibereurope.com\/de\/produkt\/HBT-GATEWAY-de_DE\/#primaryimage"},"thumbnailUrl":"https:\/\/www.calibereurope.com\/wp-content\/uploads\/2023\/07\/bebad2819813e2e2052e7a84138ea1bd91e3bad9_HBT_Gateway_verpakking2.jpg","datePublished":"2023-07-06T00:00:00+00:00","dateModified":"2023-07-06T07:47:31+00:00","breadcrumb":{"@id":"https:\/\/www.calibereurope.com\/de\/produkt\/HBT-GATEWAY-de_DE\/#breadcrumb"},"inLanguage":"de","potentialAction":[{"@type":"ReadAction","target":["https:\/\/www.calibereurope.com\/de\/produkt\/HBT-GATEWAY-de_DE\/"]}]},{"@type":"ImageObject","inLanguage":"de","@id":"https:\/\/www.calibereurope.com\/de\/produkt\/HBT-GATEWAY-de_DE\/#primaryimage","url":"https:\/\/www.calibereurope.com\/wp-content\/uploads\/2023\/07\/bebad2819813e2e2052e7a84138ea1bd91e3bad9_HBT_Gateway_verpakking2.jpg","contentUrl":"https:\/\/www.calibereurope.com\/wp-content\/uploads\/2023\/07\/bebad2819813e2e2052e7a84138ea1bd91e3bad9_HBT_Gateway_verpakking2.jpg","width":1024,"height":768},{"@type":"BreadcrumbList","@id":"https:\/\/www.calibereurope.com\/de\/produkt\/HBT-GATEWAY-de_DE\/#breadcrumb","itemListElement":[{"@type":"ListItem","position":1,"name":"Home","item":"https:\/\/www.calibereurope.com\/de\/"},{"@type":"ListItem","position":2,"name":"Webshop","item":"https:\/\/www.calibereurope.com\/de\/webshop\/"},{"@type":"ListItem","position":3,"name":"Smart Home","item":"https:\/\/www.calibereurope.com\/de\/smarthome_de_DE\/"},{"@type":"ListItem","position":4,"name":"Lampen","item":"https:\/\/www.calibereurope.com\/de\/smarthome_de_DE\/lampen_de_DE\/"},{"@type":"ListItem","position":5,"name":"Intelligente Gl\u00fchbirne &#8211; Gateway (HBT-GATEWAY)"}]},{"@type":"WebSite","@id":"https:\/\/www.calibereurope.com\/de\/#website","url":"https:\/\/www.calibereurope.com\/de\/","name":"Caliber","description":"Sounds good!","publisher":{"@id":"https:\/\/www.calibereurope.com\/de\/#organization"},"potentialAction":[{"@type":"SearchAction","target":{"@type":"EntryPoint","urlTemplate":"https:\/\/www.calibereurope.com\/de\/?s={search_term_string}"},"query-input":{"@type":"PropertyValueSpecification","valueRequired":true,"valueName":"search_term_string"}}],"inLanguage":"de"},{"@type":"Organization","@id":"https:\/\/www.calibereurope.com\/de\/#organization","name":"Caliber Europe B.V.","url":"https:\/\/www.calibereurope.com\/de\/","logo":{"@type":"ImageObject","inLanguage":"de","@id":"https:\/\/www.calibereurope.com\/de\/#\/schema\/logo\/image\/","url":"https:\/\/www.calibereurope.com\/wp-content\/uploads\/2019\/11\/Logo-Caliber-e1574846289621.png","contentUrl":"https:\/\/www.calibereurope.com\/wp-content\/uploads\/2019\/11\/Logo-Caliber-e1574846289621.png","width":400,"height":69,"caption":"Caliber Europe B.V."},"image":{"@id":"https:\/\/www.calibereurope.com\/de\/#\/schema\/logo\/image\/"},"sameAs":["https:\/\/facebook.com\/CaliberEurope\/","https:\/\/x.com\/calibereurope","https:\/\/www.instagram.com\/calibereurope\/"]}]},"product_price_amount":"24.95","product_price_currency":"EUR","og_availability":"instock","product_availability":"instock","product_retailer_item_id":"HBT-GATEWAY","product_condition":"new"},"_links":{"self":[{"href":"https:\/\/www.calibereurope.com\/de\/wp-json\/wp\/v2\/product\/381385","targetHints":{"allow":["GET"]}}],"collection":[{"href":"https:\/\/www.calibereurope.com\/de\/wp-json\/wp\/v2\/product"}],"about":[{"href":"https:\/\/www.calibereurope.com\/de\/wp-json\/wp\/v2\/types\/product"}],"replies":[{"embeddable":true,"href":"https:\/\/www.calibereurope.com\/de\/wp-json\/wp\/v2\/comments?post=381385"}],"wp:featuredmedia":[{"embeddable":true,"href":"https:\/\/www.calibereurope.com\/de\/wp-json\/wp\/v2\/media\/1502731"}],"wp:attachment":[{"href":"https:\/\/www.calibereurope.com\/de\/wp-json\/wp\/v2\/media?parent=381385"}],"wp:term":[{"taxonomy":"product_brand","embeddable":true,"href":"https:\/\/www.calibereurope.com\/de\/wp-json\/wp\/v2\/product_brand?post=381385"},{"taxonomy":"product_cat","embeddable":true,"href":"https:\/\/www.calibereurope.com\/de\/wp-json\/wp\/v2\/product_cat?post=381385"},{"taxonomy":"product_tag","embeddable":true,"href":"https:\/\/www.calibereurope.com\/de\/wp-json\/wp\/v2\/product_tag?post=381385"}],"curies":[{"name":"wp","href":"https:\/\/api.w.org\/{rel}","templated":true}]}}