{"id":381762,"date":"2026-01-05T01:00:00","date_gmt":"2026-01-05T00:00:00","guid":{"rendered":"0"},"modified":"2026-01-05T14:39:28","modified_gmt":"2026-01-05T13:39:28","slug":"HCG019QI-MG-de_DE","status":"publish","type":"product","link":"https:\/\/www.calibereurope.com\/de\/produkt\/HCG019QI-MG-de_DE\/","title":{"rendered":"Digitaler Wecker mit drahtlosem Ladeger\u00e4t &#8211; Dualer Wecker mit Wecklicht &#8211; Mitternachtsgr\u00fcn (HCG019QI-MG)"},"content":{"rendered":"<p>Mit dem Caliber HCG019QI-MG Digitalwecker mit drahtlosem Ladeger\u00e4t wachen Sie jeden Morgen p\u00fcnktlich mit einem aufgeladenen Telefon auf. Das drahtlose <strong>Ladeger\u00e4t <\/strong>arbeitet mit der <strong>Qi-Schnellladetechnologie <\/strong>und l\u00e4dt Ihr Telefon im Handumdrehen auf. Der Wecker ist mit einem <strong>Nachtlicht <\/strong>ausgestattet, das in <strong>verschiedenen Farben eingestellt werden kann<\/strong>. Wachen Sie am Morgen entspannt mit dem <strong>Wecklicht <\/strong>auf. M\u00f6chten Sie lieber noch ein bisschen l\u00e4nger im Bett bleiben? Verwenden Sie dann die <strong>Schlummerfunktion<\/strong>. Sie k\u00f6nnen <strong>zwei Weckzeiten <\/strong>einstellen, sodass Sie und Ihr Partner den Wecker gemeinsam benutzen k\u00f6nnen.<\/p>\n<p><\/p>\n<p><strong>Merkmale:<\/strong><\/p>\n<ul>\n<li>Mit drahtlosem Handy-Ladeger\u00e4t<\/li>\n<li>Gro\u00dfes wei\u00dfes Display<\/li>\n<li>2 einstellbare Alarmzeiten<\/li>\n<li>Dimmbares Display<\/li>\n<li>Schlummerfunktion<\/li>\n<li>Nachtlicht in verschiedenen Farben<\/li>\n<li>Licht zum Aufwachen<\/li>\n<li>Ersatzbatterie<\/li>\n<li>Farbe: iPhone Midnight Green<\/li>\n<li>Keine FM-Funktion<\/li>\n<\/ul>\n<h3>Immer ein aufgeladenes Telefon<\/h3>\n<p>\u00c4rger mit Kabeln auf Ihrem Nachttisch oder leeren Telefonen beim Aufwachen geh\u00f6ren mit diesem praktischen Caliber Wecker der Vergangenheit an. Der Digitalwecker ist mit der Qi-Technologie ausgestattet, die drahtloses Aufladen erm\u00f6glicht. Legen Sie Ihr Telefon einfach auf den Wecker und er beginnt zu laden! Bitte beachten Sie, dass nicht alle Telefone die Qi-Technologie unterst\u00fctzen. Pr\u00fcfen Sie also zun\u00e4chst, ob Ihr Telefon dies unterst\u00fctzt. Andernfalls k\u00f6nnen Sie ihn \u00fcber ein Ladekabel und den USB-Anschluss auf der R\u00fcckseite des Digitalweckers aufladen.<\/p>\n<h3>Ausgeruht aufwachen<\/h3>\n<p>Stellen Sie sich jeden Morgen ausgeruht neben Ihr Bett und wachen Sie langsam mit dem Wecklicht auf. Das weiche Licht gibt Ihrem K\u00f6rper Zeit, aufzustehen, und Ihre Augen k\u00f6nnen sich an das Tageslicht gew\u00f6hnen. Wenn Sie sich morgens beim Aufstehen gerne Zeit lassen, k\u00f6nnen Sie auch die Schlummerfunktion nutzen. Auf diese Weise k\u00f6nnen Sie sich ein wenig mehr bewegen, ohne gleich zu sp\u00e4t zur Arbeit zu kommen.<\/p>\n<h3>Stimmungslicht<\/h3>\n<p>Schaffen Sie mit dem Nachtlicht jede Nacht eine beruhigende Umgebung, indem Sie einfach eine Farbe w\u00e4hlen, die zu Ihrer Stimmung passt. W\u00e4hlen Sie zum Beispiel ein romantisches Rot oder schaffen Sie eine aufregende Stimmung mit violettem Licht. Dank seiner vielen M\u00f6glichkeiten ist der digitale Wecker ein unverzichtbarer Bestandteil jedes Schlafzimmers.<\/p>\n","protected":false},"excerpt":{"rendered":"<p>Mit dem Caliber HCG019QI-MG Digitalwecker mit drahtlosem Ladeger\u00e4t wachen Sie jeden Morgen p\u00fcnktlich mit einem aufgeladenen Telefon auf. Das drahtlose Ladeger\u00e4t arbeitet mit der Qi-Schnellladetechnologie und l\u00e4dt Ihr Telefon im Handumdrehen auf. Der Wecker ist mit einem Nachtlicht ausgestattet, das in verschiedenen Farben eingestellt werden kann. Wachen Sie am Morgen entspannt mit dem Wecklicht auf. [&hellip;]<\/p>\n","protected":false},"featured_media":1686859,"comment_status":"open","ping_status":"closed","template":"","meta":{"inline_featured_image":false},"product_brand":[],"product_cat":[7885,7903],"product_tag":[],"class_list":{"0":"post-381762","1":"product","2":"type-product","3":"status-publish","4":"has-post-thumbnail","6":"product_cat-wonen_de_DE","7":"product_cat-wekker_radios_de_DE","9":"first","10":"instock","11":"taxable","12":"shipping-taxable","13":"purchasable","14":"product-type-simple"},"yoast_head":"<!-- This site is optimized with the Yoast SEO plugin v24.4 - https:\/\/yoast.com\/wordpress\/plugins\/seo\/ -->\n<title>Digitaler Wecker mit drahtlosem Ladeger\u00e4t - Dualer Wecker mit Wecklicht - Mitternachtsgr\u00fcn (HCG019QI-MG) | Caliber<\/title>\n<meta name=\"robots\" content=\"index, follow, max-snippet:-1, max-image-preview:large, max-video-preview:-1\" \/>\n<link rel=\"canonical\" href=\"https:\/\/www.calibereurope.com\/de\/produkt\/HCG019QI-MG-de_DE\/\" \/>\n<meta property=\"og:locale\" content=\"de_DE\" \/>\n<meta property=\"og:type\" content=\"article\" \/>\n<meta property=\"og:title\" content=\"Digitaler Wecker mit drahtlosem Ladeger\u00e4t - Dualer Wecker mit Wecklicht - Mitternachtsgr\u00fcn (HCG019QI-MG) | Caliber\" \/>\n<meta property=\"og:description\" content=\"Mit dem Caliber HCG019QI-MG Digitalwecker mit drahtlosem Ladeger\u00e4t wachen Sie jeden Morgen p\u00fcnktlich mit einem aufgeladenen Telefon auf. Das drahtlose Ladeger\u00e4t arbeitet mit der Qi-Schnellladetechnologie und l\u00e4dt Ihr Telefon im Handumdrehen auf. Der Wecker ist mit einem Nachtlicht ausgestattet, das in verschiedenen Farben eingestellt werden kann. Wachen Sie am Morgen entspannt mit dem Wecklicht auf. [&hellip;]\" \/>\n<meta property=\"og:url\" content=\"https:\/\/www.calibereurope.com\/de\/produkt\/HCG019QI-MG-de_DE\/\" \/>\n<meta property=\"og:site_name\" content=\"Caliber\" \/>\n<meta property=\"article:publisher\" content=\"https:\/\/facebook.com\/CaliberEurope\/\" \/>\n<meta property=\"article:modified_time\" content=\"2026-01-05T13:39:28+00:00\" \/>\n<meta property=\"og:image\" content=\"https:\/\/www.calibereurope.com\/wp-content\/uploads\/2023\/06\/d51bd503c2ac7a21fb5a295b2ff6e1842218c91d_HCG019Qi_MG_iPhone.jpg\" \/>\n\t<meta property=\"og:image:width\" content=\"1024\" \/>\n\t<meta property=\"og:image:height\" content=\"768\" \/>\n\t<meta property=\"og:image:type\" content=\"image\/jpeg\" \/>\n<meta name=\"twitter:card\" content=\"summary_large_image\" \/>\n<meta name=\"twitter:site\" content=\"@calibereurope\" \/>\n<meta name=\"twitter:label1\" content=\"Preis\" \/>\n\t<meta name=\"twitter:data1\" content=\"37,95\" \/>\n\t<meta name=\"twitter:label2\" content=\"Availability\" \/>\n\t<meta name=\"twitter:data2\" content=\"In stock\" \/>\n<script type=\"application\/ld+json\" class=\"yoast-schema-graph\">{\"@context\":\"https:\/\/schema.org\",\"@graph\":[{\"@type\":\"WebPage\",\"@id\":\"https:\/\/www.calibereurope.com\/de\/produkt\/HCG019QI-MG-de_DE\/\",\"url\":\"https:\/\/www.calibereurope.com\/de\/produkt\/HCG019QI-MG-de_DE\/\",\"name\":\"Digitaler Wecker mit drahtlosem Ladeger\u00e4t - Dualer Wecker mit Wecklicht - Mitternachtsgr\u00fcn (HCG019QI-MG) | Caliber\",\"isPartOf\":{\"@id\":\"https:\/\/www.calibereurope.com\/de\/#website\"},\"primaryImageOfPage\":{\"@id\":\"https:\/\/www.calibereurope.com\/de\/produkt\/HCG019QI-MG-de_DE\/#primaryimage\"},\"image\":{\"@id\":\"https:\/\/www.calibereurope.com\/de\/produkt\/HCG019QI-MG-de_DE\/#primaryimage\"},\"thumbnailUrl\":\"https:\/\/www.calibereurope.com\/wp-content\/uploads\/2026\/01\/62d85fcf17edcfdd12eede3c0b38ba0d926f7a6f_HCG019QI_PB_Enhanced_Images_MG_07.jpg\",\"datePublished\":\"2026-01-05T00:00:00+00:00\",\"dateModified\":\"2026-01-05T13:39:28+00:00\",\"breadcrumb\":{\"@id\":\"https:\/\/www.calibereurope.com\/de\/produkt\/HCG019QI-MG-de_DE\/#breadcrumb\"},\"inLanguage\":\"de\",\"potentialAction\":[{\"@type\":\"ReadAction\",\"target\":[\"https:\/\/www.calibereurope.com\/de\/produkt\/HCG019QI-MG-de_DE\/\"]}]},{\"@type\":\"ImageObject\",\"inLanguage\":\"de\",\"@id\":\"https:\/\/www.calibereurope.com\/de\/produkt\/HCG019QI-MG-de_DE\/#primaryimage\",\"url\":\"https:\/\/www.calibereurope.com\/wp-content\/uploads\/2026\/01\/62d85fcf17edcfdd12eede3c0b38ba0d926f7a6f_HCG019QI_PB_Enhanced_Images_MG_07.jpg\",\"contentUrl\":\"https:\/\/www.calibereurope.com\/wp-content\/uploads\/2026\/01\/62d85fcf17edcfdd12eede3c0b38ba0d926f7a6f_HCG019QI_PB_Enhanced_Images_MG_07.jpg\",\"width\":2500,\"height\":2500},{\"@type\":\"BreadcrumbList\",\"@id\":\"https:\/\/www.calibereurope.com\/de\/produkt\/HCG019QI-MG-de_DE\/#breadcrumb\",\"itemListElement\":[{\"@type\":\"ListItem\",\"position\":1,\"name\":\"Home\",\"item\":\"https:\/\/www.calibereurope.com\/de\/\"},{\"@type\":\"ListItem\",\"position\":2,\"name\":\"Webshop\",\"item\":\"https:\/\/www.calibereurope.com\/de\/webshop\/\"},{\"@type\":\"ListItem\",\"position\":3,\"name\":\"Leben\",\"item\":\"https:\/\/www.calibereurope.com\/de\/wonen_de_DE\/\"},{\"@type\":\"ListItem\",\"position\":4,\"name\":\"Wecker (Radios)\",\"item\":\"https:\/\/www.calibereurope.com\/de\/wonen_de_DE\/wekker_radios_de_DE\/\"},{\"@type\":\"ListItem\",\"position\":5,\"name\":\"Digitaler Wecker mit drahtlosem Ladeger\u00e4t &#8211; Dualer Wecker mit Wecklicht &#8211; Mitternachtsgr\u00fcn (HCG019QI-MG)\"}]},{\"@type\":\"WebSite\",\"@id\":\"https:\/\/www.calibereurope.com\/de\/#website\",\"url\":\"https:\/\/www.calibereurope.com\/de\/\",\"name\":\"Caliber\",\"description\":\"Sounds good!\",\"publisher\":{\"@id\":\"https:\/\/www.calibereurope.com\/de\/#organization\"},\"potentialAction\":[{\"@type\":\"SearchAction\",\"target\":{\"@type\":\"EntryPoint\",\"urlTemplate\":\"https:\/\/www.calibereurope.com\/de\/?s={search_term_string}\"},\"query-input\":{\"@type\":\"PropertyValueSpecification\",\"valueRequired\":true,\"valueName\":\"search_term_string\"}}],\"inLanguage\":\"de\"},{\"@type\":\"Organization\",\"@id\":\"https:\/\/www.calibereurope.com\/de\/#organization\",\"name\":\"Caliber Europe B.V.\",\"url\":\"https:\/\/www.calibereurope.com\/de\/\",\"logo\":{\"@type\":\"ImageObject\",\"inLanguage\":\"de\",\"@id\":\"https:\/\/www.calibereurope.com\/de\/#\/schema\/logo\/image\/\",\"url\":\"https:\/\/www.calibereurope.com\/wp-content\/uploads\/2019\/11\/Logo-Caliber-e1574846289621.png\",\"contentUrl\":\"https:\/\/www.calibereurope.com\/wp-content\/uploads\/2019\/11\/Logo-Caliber-e1574846289621.png\",\"width\":400,\"height\":69,\"caption\":\"Caliber Europe B.V.\"},\"image\":{\"@id\":\"https:\/\/www.calibereurope.com\/de\/#\/schema\/logo\/image\/\"},\"sameAs\":[\"https:\/\/facebook.com\/CaliberEurope\/\",\"https:\/\/x.com\/calibereurope\",\"https:\/\/www.instagram.com\/calibereurope\/\"]}]}<\/script>\n<meta property=\"product:price:amount\" content=\"37.95\" \/>\n<meta property=\"product:price:currency\" content=\"EUR\" \/>\n<meta property=\"og:availability\" content=\"instock\" \/>\n<meta property=\"product:availability\" content=\"instock\" \/>\n<meta property=\"product:retailer_item_id\" content=\"HCG019QI-MG\" \/>\n<meta property=\"product:condition\" content=\"new\" \/>\n<!-- \/ Yoast SEO plugin. -->","yoast_head_json":{"title":"Digitaler Wecker mit drahtlosem Ladeger\u00e4t - Dualer Wecker mit Wecklicht - Mitternachtsgr\u00fcn (HCG019QI-MG) | Caliber","robots":{"index":"index","follow":"follow","max-snippet":"max-snippet:-1","max-image-preview":"max-image-preview:large","max-video-preview":"max-video-preview:-1"},"canonical":"https:\/\/www.calibereurope.com\/de\/produkt\/HCG019QI-MG-de_DE\/","og_locale":"de_DE","og_type":"article","og_title":"Digitaler Wecker mit drahtlosem Ladeger\u00e4t - Dualer Wecker mit Wecklicht - Mitternachtsgr\u00fcn (HCG019QI-MG) | Caliber","og_description":"Mit dem Caliber HCG019QI-MG Digitalwecker mit drahtlosem Ladeger\u00e4t wachen Sie jeden Morgen p\u00fcnktlich mit einem aufgeladenen Telefon auf. Das drahtlose Ladeger\u00e4t arbeitet mit der Qi-Schnellladetechnologie und l\u00e4dt Ihr Telefon im Handumdrehen auf. Der Wecker ist mit einem Nachtlicht ausgestattet, das in verschiedenen Farben eingestellt werden kann. Wachen Sie am Morgen entspannt mit dem Wecklicht auf. [&hellip;]","og_url":"https:\/\/www.calibereurope.com\/de\/produkt\/HCG019QI-MG-de_DE\/","og_site_name":"Caliber","article_publisher":"https:\/\/facebook.com\/CaliberEurope\/","article_modified_time":"2026-01-05T13:39:28+00:00","og_image":[{"width":1024,"height":768,"url":"https:\/\/www.calibereurope.com\/wp-content\/uploads\/2023\/06\/d51bd503c2ac7a21fb5a295b2ff6e1842218c91d_HCG019Qi_MG_iPhone.jpg","type":"image\/jpeg"}],"twitter_card":"summary_large_image","twitter_site":"@calibereurope","twitter_misc":{"Preis":"37,95","Availability":"In stock"},"schema":{"@context":"https:\/\/schema.org","@graph":[{"@type":"WebPage","@id":"https:\/\/www.calibereurope.com\/de\/produkt\/HCG019QI-MG-de_DE\/","url":"https:\/\/www.calibereurope.com\/de\/produkt\/HCG019QI-MG-de_DE\/","name":"Digitaler Wecker mit drahtlosem Ladeger\u00e4t - Dualer Wecker mit Wecklicht - Mitternachtsgr\u00fcn (HCG019QI-MG) | Caliber","isPartOf":{"@id":"https:\/\/www.calibereurope.com\/de\/#website"},"primaryImageOfPage":{"@id":"https:\/\/www.calibereurope.com\/de\/produkt\/HCG019QI-MG-de_DE\/#primaryimage"},"image":{"@id":"https:\/\/www.calibereurope.com\/de\/produkt\/HCG019QI-MG-de_DE\/#primaryimage"},"thumbnailUrl":"https:\/\/www.calibereurope.com\/wp-content\/uploads\/2026\/01\/62d85fcf17edcfdd12eede3c0b38ba0d926f7a6f_HCG019QI_PB_Enhanced_Images_MG_07.jpg","datePublished":"2026-01-05T00:00:00+00:00","dateModified":"2026-01-05T13:39:28+00:00","breadcrumb":{"@id":"https:\/\/www.calibereurope.com\/de\/produkt\/HCG019QI-MG-de_DE\/#breadcrumb"},"inLanguage":"de","potentialAction":[{"@type":"ReadAction","target":["https:\/\/www.calibereurope.com\/de\/produkt\/HCG019QI-MG-de_DE\/"]}]},{"@type":"ImageObject","inLanguage":"de","@id":"https:\/\/www.calibereurope.com\/de\/produkt\/HCG019QI-MG-de_DE\/#primaryimage","url":"https:\/\/www.calibereurope.com\/wp-content\/uploads\/2026\/01\/62d85fcf17edcfdd12eede3c0b38ba0d926f7a6f_HCG019QI_PB_Enhanced_Images_MG_07.jpg","contentUrl":"https:\/\/www.calibereurope.com\/wp-content\/uploads\/2026\/01\/62d85fcf17edcfdd12eede3c0b38ba0d926f7a6f_HCG019QI_PB_Enhanced_Images_MG_07.jpg","width":2500,"height":2500},{"@type":"BreadcrumbList","@id":"https:\/\/www.calibereurope.com\/de\/produkt\/HCG019QI-MG-de_DE\/#breadcrumb","itemListElement":[{"@type":"ListItem","position":1,"name":"Home","item":"https:\/\/www.calibereurope.com\/de\/"},{"@type":"ListItem","position":2,"name":"Webshop","item":"https:\/\/www.calibereurope.com\/de\/webshop\/"},{"@type":"ListItem","position":3,"name":"Leben","item":"https:\/\/www.calibereurope.com\/de\/wonen_de_DE\/"},{"@type":"ListItem","position":4,"name":"Wecker (Radios)","item":"https:\/\/www.calibereurope.com\/de\/wonen_de_DE\/wekker_radios_de_DE\/"},{"@type":"ListItem","position":5,"name":"Digitaler Wecker mit drahtlosem Ladeger\u00e4t &#8211; Dualer Wecker mit Wecklicht &#8211; Mitternachtsgr\u00fcn (HCG019QI-MG)"}]},{"@type":"WebSite","@id":"https:\/\/www.calibereurope.com\/de\/#website","url":"https:\/\/www.calibereurope.com\/de\/","name":"Caliber","description":"Sounds good!","publisher":{"@id":"https:\/\/www.calibereurope.com\/de\/#organization"},"potentialAction":[{"@type":"SearchAction","target":{"@type":"EntryPoint","urlTemplate":"https:\/\/www.calibereurope.com\/de\/?s={search_term_string}"},"query-input":{"@type":"PropertyValueSpecification","valueRequired":true,"valueName":"search_term_string"}}],"inLanguage":"de"},{"@type":"Organization","@id":"https:\/\/www.calibereurope.com\/de\/#organization","name":"Caliber Europe B.V.","url":"https:\/\/www.calibereurope.com\/de\/","logo":{"@type":"ImageObject","inLanguage":"de","@id":"https:\/\/www.calibereurope.com\/de\/#\/schema\/logo\/image\/","url":"https:\/\/www.calibereurope.com\/wp-content\/uploads\/2019\/11\/Logo-Caliber-e1574846289621.png","contentUrl":"https:\/\/www.calibereurope.com\/wp-content\/uploads\/2019\/11\/Logo-Caliber-e1574846289621.png","width":400,"height":69,"caption":"Caliber Europe B.V."},"image":{"@id":"https:\/\/www.calibereurope.com\/de\/#\/schema\/logo\/image\/"},"sameAs":["https:\/\/facebook.com\/CaliberEurope\/","https:\/\/x.com\/calibereurope","https:\/\/www.instagram.com\/calibereurope\/"]}]},"product_price_amount":"37.95","product_price_currency":"EUR","og_availability":"instock","product_availability":"instock","product_retailer_item_id":"HCG019QI-MG","product_condition":"new"},"_links":{"self":[{"href":"https:\/\/www.calibereurope.com\/de\/wp-json\/wp\/v2\/product\/381762","targetHints":{"allow":["GET"]}}],"collection":[{"href":"https:\/\/www.calibereurope.com\/de\/wp-json\/wp\/v2\/product"}],"about":[{"href":"https:\/\/www.calibereurope.com\/de\/wp-json\/wp\/v2\/types\/product"}],"replies":[{"embeddable":true,"href":"https:\/\/www.calibereurope.com\/de\/wp-json\/wp\/v2\/comments?post=381762"}],"wp:featuredmedia":[{"embeddable":true,"href":"https:\/\/www.calibereurope.com\/de\/wp-json\/wp\/v2\/media\/1686859"}],"wp:attachment":[{"href":"https:\/\/www.calibereurope.com\/de\/wp-json\/wp\/v2\/media?parent=381762"}],"wp:term":[{"taxonomy":"product_brand","embeddable":true,"href":"https:\/\/www.calibereurope.com\/de\/wp-json\/wp\/v2\/product_brand?post=381762"},{"taxonomy":"product_cat","embeddable":true,"href":"https:\/\/www.calibereurope.com\/de\/wp-json\/wp\/v2\/product_cat?post=381762"},{"taxonomy":"product_tag","embeddable":true,"href":"https:\/\/www.calibereurope.com\/de\/wp-json\/wp\/v2\/product_tag?post=381762"}],"curies":[{"name":"wp","href":"https:\/\/api.w.org\/{rel}","templated":true}]}}