{"id":447346,"date":"2025-01-15T01:00:00","date_gmt":"2025-01-15T00:00:00","guid":{"rendered":""},"modified":"2025-01-15T08:42:37","modified_gmt":"2025-01-15T07:42:37","slug":"HBT-E27-de_DE","status":"publish","type":"product","link":"https:\/\/www.calibereurope.com\/de\/produkt\/HBT-E27-de_DE\/","title":{"rendered":"Intelligente Gl\u00fchbirne &#8211; separate Lampe &#8211; E27 &#8211; RGB und wei\u00dfe Farben (HBT-E27)"},"content":{"rendered":"<p>Die Caliber HBT-E27 ist eine intelligente LED-Lampe mit einer E27-Fassung (Lampenmodell A19). Die LED-Lampe hat eine Wattzahl von 9 Watt und eine Helligkeit von 720 Lumen. Die Lampe kann in jeder gew\u00fcnschten Farbe eingestellt werden, oder Sie k\u00f6nnen Wei\u00df mit einer Farbtemperatur von 2700K bis 9000K w\u00e4hlen, was f\u00fcr warmes Licht bis hin zu kaltwei\u00dfem Licht steht.<\/p>\n<p><strong>Verbinden Sie sich mit Ihrem Smartphone oder Tablet<\/strong><br \/>\nInstallieren Sie die Caliber Smart Home-App und verbinden Sie das intelligente Ger\u00e4t \u00fcber Bluetooth\u00ae mit Ihrem Smartphone oder Tablet. Geben Sie Ihre installierten Ger\u00e4te z. B. an Familie und Freunde weiter, damit jeder sie steuern kann. Dazu m\u00fcssen die Benutzer Bluetooth\u00ae auf ihrem Ger\u00e4t einschalten und sich im Umkreis von etwa 10 Metern um die intelligenten Ger\u00e4te befinden.<\/p>\n<p><strong>Erweiterung<\/strong><br \/>\nKombiniert man mehrere Lampen der HBT-Serie, entsteht ein sogenanntes &#8220;Bluetooth Low Energy Mesh&#8221;-Netzwerk. Der gro\u00dfe Vorteil dabei ist, dass diese intelligenten Ger\u00e4te auch dort funktionieren, wo es kein Wifi-Signal gibt. Das Mesh-Netzwerk funktioniert wie folgt: Ein Ger\u00e4t wird als &#8220;Master&#8221; zugewiesen. Von dort aus wird das Signal an das n\u00e4chste Ger\u00e4t und von diesem Ger\u00e4t aus weiter \u00fcbertragen. So kann das Ger\u00e4t das Signal sowohl empfangen als auch senden. Aus diesem Grund hat das Netzwerk eine sehr gro\u00dfe Reichweite und Sie ben\u00f6tigen z.B. keine Signalverst\u00e4rker.<\/p>\n<p><strong>immer funktionsf\u00e4hig (optional)<\/strong><br \/>\nM\u00f6chten Sie Ihre HBT-Ger\u00e4te von \u00fcberall aus steuern? Denken Sie z.B. an Ihre Urlaubsadresse, das Haus von Freunden oder Familie oder an einen Ausgehabend. Verwenden Sie dann das abnehmbare HBT-Gateway. Hierf\u00fcr nutzen Sie Wifi. Das Bluetooth Mesh-Netzwerk verbindet sich \u00fcber Wifi mit dem Internet. Sie m\u00fcssen also nicht mehr innerhalb von 10 Metern Abstand bleiben, um die Beleuchtung \u00fcber die App zu steuern. Auf diese Weise nutzen Sie auch alle App-Funktionalit\u00e4ten optimal aus. Stellen Sie z.B. ein, dass die Beleuchtung bei Sonnenuntergang und Sonnenaufgang automatisch ein- und ausgeschaltet wird. Oder Geometrie festlegen. Das bedeutet, dass sich die HBT-Ger\u00e4te automatisch einschalten, wenn Sie in die N\u00e4he Ihrer Wohnung kommen, oder ausschalten, wenn Sie diese verlassen. Energie zu sparen war nie einfacher.<\/p>\n","protected":false},"excerpt":{"rendered":"<p>Die Caliber HBT-E27 ist eine intelligente LED-Lampe mit einer E27-Fassung (Lampenmodell A19). Die LED-Lampe hat eine Wattzahl von 9 Watt und eine Helligkeit von 720 Lumen. Die Lampe kann in jeder gew\u00fcnschten Farbe eingestellt werden, oder Sie k\u00f6nnen Wei\u00df mit einer Farbtemperatur von 2700K bis 9000K w\u00e4hlen, was f\u00fcr warmes Licht bis hin zu kaltwei\u00dfem [&hellip;]<\/p>\n","protected":false},"featured_media":1670447,"comment_status":"open","ping_status":"closed","template":"","meta":{"inline_featured_image":false},"product_brand":[],"product_cat":[6374,6362],"product_tag":[],"class_list":{"0":"post-447346","1":"product","2":"type-product","3":"status-publish","4":"has-post-thumbnail","6":"product_cat-lampen_de_DE","7":"product_cat-smarthome_de_DE","9":"first","10":"instock","11":"taxable","12":"shipping-taxable","13":"purchasable","14":"product-type-simple"},"yoast_head":"<!-- This site is optimized with the Yoast SEO plugin v24.4 - https:\/\/yoast.com\/wordpress\/plugins\/seo\/ -->\n<title>Intelligente Gl\u00fchbirne - separate Lampe - E27 - RGB und wei\u00dfe Farben (HBT-E27) | Caliber<\/title>\n<meta name=\"robots\" content=\"index, follow, max-snippet:-1, max-image-preview:large, max-video-preview:-1\" \/>\n<link rel=\"canonical\" href=\"https:\/\/www.calibereurope.com\/de\/produkt\/HBT-E27-de_DE\/\" \/>\n<meta property=\"og:locale\" content=\"de_DE\" \/>\n<meta property=\"og:type\" content=\"article\" \/>\n<meta property=\"og:title\" content=\"Intelligente Gl\u00fchbirne - separate Lampe - E27 - RGB und wei\u00dfe Farben (HBT-E27) | Caliber\" \/>\n<meta property=\"og:description\" content=\"Die Caliber HBT-E27 ist eine intelligente LED-Lampe mit einer E27-Fassung (Lampenmodell A19). Die LED-Lampe hat eine Wattzahl von 9 Watt und eine Helligkeit von 720 Lumen. Die Lampe kann in jeder gew\u00fcnschten Farbe eingestellt werden, oder Sie k\u00f6nnen Wei\u00df mit einer Farbtemperatur von 2700K bis 9000K w\u00e4hlen, was f\u00fcr warmes Licht bis hin zu kaltwei\u00dfem [&hellip;]\" \/>\n<meta property=\"og:url\" content=\"https:\/\/www.calibereurope.com\/de\/produkt\/HBT-E27-de_DE\/\" \/>\n<meta property=\"og:site_name\" content=\"Caliber\" \/>\n<meta property=\"article:publisher\" content=\"https:\/\/facebook.com\/CaliberEurope\/\" \/>\n<meta property=\"article:modified_time\" content=\"2025-01-15T07:42:37+00:00\" \/>\n<meta property=\"og:image\" content=\"https:\/\/www.calibereurope.com\/wp-content\/uploads\/2023\/01\/1751c60ff920694e3fec0d8795e8ce4735095b15_HBT_E27_verpakking-4.jpg\" \/>\n\t<meta property=\"og:image:width\" content=\"1024\" \/>\n\t<meta property=\"og:image:height\" content=\"768\" \/>\n\t<meta property=\"og:image:type\" content=\"image\/jpeg\" \/>\n<meta name=\"twitter:card\" content=\"summary_large_image\" \/>\n<meta name=\"twitter:site\" content=\"@calibereurope\" \/>\n<meta name=\"twitter:label1\" content=\"Preis\" \/>\n\t<meta name=\"twitter:data1\" content=\"9,95\" \/>\n\t<meta name=\"twitter:label2\" content=\"Availability\" \/>\n\t<meta name=\"twitter:data2\" content=\"In stock\" \/>\n<script type=\"application\/ld+json\" class=\"yoast-schema-graph\">{\"@context\":\"https:\/\/schema.org\",\"@graph\":[{\"@type\":\"WebPage\",\"@id\":\"https:\/\/www.calibereurope.com\/de\/produkt\/HBT-E27-de_DE\/\",\"url\":\"https:\/\/www.calibereurope.com\/de\/produkt\/HBT-E27-de_DE\/\",\"name\":\"Intelligente Gl\u00fchbirne - separate Lampe - E27 - RGB und wei\u00dfe Farben (HBT-E27) | Caliber\",\"isPartOf\":{\"@id\":\"https:\/\/www.calibereurope.com\/de\/#website\"},\"primaryImageOfPage\":{\"@id\":\"https:\/\/www.calibereurope.com\/de\/produkt\/HBT-E27-de_DE\/#primaryimage\"},\"image\":{\"@id\":\"https:\/\/www.calibereurope.com\/de\/produkt\/HBT-E27-de_DE\/#primaryimage\"},\"thumbnailUrl\":\"https:\/\/www.calibereurope.com\/wp-content\/uploads\/2025\/01\/1751c60ff920694e3fec0d8795e8ce4735095b15_HBT_E27_verpakking.jpg\",\"datePublished\":\"2025-01-15T00:00:00+00:00\",\"dateModified\":\"2025-01-15T07:42:37+00:00\",\"breadcrumb\":{\"@id\":\"https:\/\/www.calibereurope.com\/de\/produkt\/HBT-E27-de_DE\/#breadcrumb\"},\"inLanguage\":\"de\",\"potentialAction\":[{\"@type\":\"ReadAction\",\"target\":[\"https:\/\/www.calibereurope.com\/de\/produkt\/HBT-E27-de_DE\/\"]}]},{\"@type\":\"ImageObject\",\"inLanguage\":\"de\",\"@id\":\"https:\/\/www.calibereurope.com\/de\/produkt\/HBT-E27-de_DE\/#primaryimage\",\"url\":\"https:\/\/www.calibereurope.com\/wp-content\/uploads\/2025\/01\/1751c60ff920694e3fec0d8795e8ce4735095b15_HBT_E27_verpakking.jpg\",\"contentUrl\":\"https:\/\/www.calibereurope.com\/wp-content\/uploads\/2025\/01\/1751c60ff920694e3fec0d8795e8ce4735095b15_HBT_E27_verpakking.jpg\",\"width\":1024,\"height\":768},{\"@type\":\"BreadcrumbList\",\"@id\":\"https:\/\/www.calibereurope.com\/de\/produkt\/HBT-E27-de_DE\/#breadcrumb\",\"itemListElement\":[{\"@type\":\"ListItem\",\"position\":1,\"name\":\"Home\",\"item\":\"https:\/\/www.calibereurope.com\/de\/\"},{\"@type\":\"ListItem\",\"position\":2,\"name\":\"Webshop\",\"item\":\"https:\/\/www.calibereurope.com\/de\/webshop\/\"},{\"@type\":\"ListItem\",\"position\":3,\"name\":\"Smart Home\",\"item\":\"https:\/\/www.calibereurope.com\/de\/smarthome_de_DE\/\"},{\"@type\":\"ListItem\",\"position\":4,\"name\":\"Lampen\",\"item\":\"https:\/\/www.calibereurope.com\/de\/smarthome_de_DE\/lampen_de_DE\/\"},{\"@type\":\"ListItem\",\"position\":5,\"name\":\"Intelligente Gl\u00fchbirne &#8211; separate Lampe &#8211; E27 &#8211; RGB und wei\u00dfe Farben (HBT-E27)\"}]},{\"@type\":\"WebSite\",\"@id\":\"https:\/\/www.calibereurope.com\/de\/#website\",\"url\":\"https:\/\/www.calibereurope.com\/de\/\",\"name\":\"Caliber\",\"description\":\"Sounds good!\",\"publisher\":{\"@id\":\"https:\/\/www.calibereurope.com\/de\/#organization\"},\"potentialAction\":[{\"@type\":\"SearchAction\",\"target\":{\"@type\":\"EntryPoint\",\"urlTemplate\":\"https:\/\/www.calibereurope.com\/de\/?s={search_term_string}\"},\"query-input\":{\"@type\":\"PropertyValueSpecification\",\"valueRequired\":true,\"valueName\":\"search_term_string\"}}],\"inLanguage\":\"de\"},{\"@type\":\"Organization\",\"@id\":\"https:\/\/www.calibereurope.com\/de\/#organization\",\"name\":\"Caliber Europe B.V.\",\"url\":\"https:\/\/www.calibereurope.com\/de\/\",\"logo\":{\"@type\":\"ImageObject\",\"inLanguage\":\"de\",\"@id\":\"https:\/\/www.calibereurope.com\/de\/#\/schema\/logo\/image\/\",\"url\":\"https:\/\/www.calibereurope.com\/wp-content\/uploads\/2019\/11\/Logo-Caliber-e1574846289621.png\",\"contentUrl\":\"https:\/\/www.calibereurope.com\/wp-content\/uploads\/2019\/11\/Logo-Caliber-e1574846289621.png\",\"width\":400,\"height\":69,\"caption\":\"Caliber Europe B.V.\"},\"image\":{\"@id\":\"https:\/\/www.calibereurope.com\/de\/#\/schema\/logo\/image\/\"},\"sameAs\":[\"https:\/\/facebook.com\/CaliberEurope\/\",\"https:\/\/x.com\/calibereurope\",\"https:\/\/www.instagram.com\/calibereurope\/\"]}]}<\/script>\n<meta property=\"product:price:amount\" content=\"9.95\" \/>\n<meta property=\"product:price:currency\" content=\"EUR\" \/>\n<meta property=\"og:availability\" content=\"instock\" \/>\n<meta property=\"product:availability\" content=\"instock\" \/>\n<meta property=\"product:retailer_item_id\" content=\"HBT-E27\" \/>\n<meta property=\"product:condition\" content=\"new\" \/>\n<!-- \/ Yoast SEO plugin. -->","yoast_head_json":{"title":"Intelligente Gl\u00fchbirne - separate Lampe - E27 - RGB und wei\u00dfe Farben (HBT-E27) | Caliber","robots":{"index":"index","follow":"follow","max-snippet":"max-snippet:-1","max-image-preview":"max-image-preview:large","max-video-preview":"max-video-preview:-1"},"canonical":"https:\/\/www.calibereurope.com\/de\/produkt\/HBT-E27-de_DE\/","og_locale":"de_DE","og_type":"article","og_title":"Intelligente Gl\u00fchbirne - separate Lampe - E27 - RGB und wei\u00dfe Farben (HBT-E27) | Caliber","og_description":"Die Caliber HBT-E27 ist eine intelligente LED-Lampe mit einer E27-Fassung (Lampenmodell A19). Die LED-Lampe hat eine Wattzahl von 9 Watt und eine Helligkeit von 720 Lumen. Die Lampe kann in jeder gew\u00fcnschten Farbe eingestellt werden, oder Sie k\u00f6nnen Wei\u00df mit einer Farbtemperatur von 2700K bis 9000K w\u00e4hlen, was f\u00fcr warmes Licht bis hin zu kaltwei\u00dfem [&hellip;]","og_url":"https:\/\/www.calibereurope.com\/de\/produkt\/HBT-E27-de_DE\/","og_site_name":"Caliber","article_publisher":"https:\/\/facebook.com\/CaliberEurope\/","article_modified_time":"2025-01-15T07:42:37+00:00","og_image":[{"width":1024,"height":768,"url":"https:\/\/www.calibereurope.com\/wp-content\/uploads\/2023\/01\/1751c60ff920694e3fec0d8795e8ce4735095b15_HBT_E27_verpakking-4.jpg","type":"image\/jpeg"}],"twitter_card":"summary_large_image","twitter_site":"@calibereurope","twitter_misc":{"Preis":"9,95","Availability":"In stock"},"schema":{"@context":"https:\/\/schema.org","@graph":[{"@type":"WebPage","@id":"https:\/\/www.calibereurope.com\/de\/produkt\/HBT-E27-de_DE\/","url":"https:\/\/www.calibereurope.com\/de\/produkt\/HBT-E27-de_DE\/","name":"Intelligente Gl\u00fchbirne - separate Lampe - E27 - RGB und wei\u00dfe Farben (HBT-E27) | Caliber","isPartOf":{"@id":"https:\/\/www.calibereurope.com\/de\/#website"},"primaryImageOfPage":{"@id":"https:\/\/www.calibereurope.com\/de\/produkt\/HBT-E27-de_DE\/#primaryimage"},"image":{"@id":"https:\/\/www.calibereurope.com\/de\/produkt\/HBT-E27-de_DE\/#primaryimage"},"thumbnailUrl":"https:\/\/www.calibereurope.com\/wp-content\/uploads\/2025\/01\/1751c60ff920694e3fec0d8795e8ce4735095b15_HBT_E27_verpakking.jpg","datePublished":"2025-01-15T00:00:00+00:00","dateModified":"2025-01-15T07:42:37+00:00","breadcrumb":{"@id":"https:\/\/www.calibereurope.com\/de\/produkt\/HBT-E27-de_DE\/#breadcrumb"},"inLanguage":"de","potentialAction":[{"@type":"ReadAction","target":["https:\/\/www.calibereurope.com\/de\/produkt\/HBT-E27-de_DE\/"]}]},{"@type":"ImageObject","inLanguage":"de","@id":"https:\/\/www.calibereurope.com\/de\/produkt\/HBT-E27-de_DE\/#primaryimage","url":"https:\/\/www.calibereurope.com\/wp-content\/uploads\/2025\/01\/1751c60ff920694e3fec0d8795e8ce4735095b15_HBT_E27_verpakking.jpg","contentUrl":"https:\/\/www.calibereurope.com\/wp-content\/uploads\/2025\/01\/1751c60ff920694e3fec0d8795e8ce4735095b15_HBT_E27_verpakking.jpg","width":1024,"height":768},{"@type":"BreadcrumbList","@id":"https:\/\/www.calibereurope.com\/de\/produkt\/HBT-E27-de_DE\/#breadcrumb","itemListElement":[{"@type":"ListItem","position":1,"name":"Home","item":"https:\/\/www.calibereurope.com\/de\/"},{"@type":"ListItem","position":2,"name":"Webshop","item":"https:\/\/www.calibereurope.com\/de\/webshop\/"},{"@type":"ListItem","position":3,"name":"Smart Home","item":"https:\/\/www.calibereurope.com\/de\/smarthome_de_DE\/"},{"@type":"ListItem","position":4,"name":"Lampen","item":"https:\/\/www.calibereurope.com\/de\/smarthome_de_DE\/lampen_de_DE\/"},{"@type":"ListItem","position":5,"name":"Intelligente Gl\u00fchbirne &#8211; separate Lampe &#8211; E27 &#8211; RGB und wei\u00dfe Farben (HBT-E27)"}]},{"@type":"WebSite","@id":"https:\/\/www.calibereurope.com\/de\/#website","url":"https:\/\/www.calibereurope.com\/de\/","name":"Caliber","description":"Sounds good!","publisher":{"@id":"https:\/\/www.calibereurope.com\/de\/#organization"},"potentialAction":[{"@type":"SearchAction","target":{"@type":"EntryPoint","urlTemplate":"https:\/\/www.calibereurope.com\/de\/?s={search_term_string}"},"query-input":{"@type":"PropertyValueSpecification","valueRequired":true,"valueName":"search_term_string"}}],"inLanguage":"de"},{"@type":"Organization","@id":"https:\/\/www.calibereurope.com\/de\/#organization","name":"Caliber Europe B.V.","url":"https:\/\/www.calibereurope.com\/de\/","logo":{"@type":"ImageObject","inLanguage":"de","@id":"https:\/\/www.calibereurope.com\/de\/#\/schema\/logo\/image\/","url":"https:\/\/www.calibereurope.com\/wp-content\/uploads\/2019\/11\/Logo-Caliber-e1574846289621.png","contentUrl":"https:\/\/www.calibereurope.com\/wp-content\/uploads\/2019\/11\/Logo-Caliber-e1574846289621.png","width":400,"height":69,"caption":"Caliber Europe B.V."},"image":{"@id":"https:\/\/www.calibereurope.com\/de\/#\/schema\/logo\/image\/"},"sameAs":["https:\/\/facebook.com\/CaliberEurope\/","https:\/\/x.com\/calibereurope","https:\/\/www.instagram.com\/calibereurope\/"]}]},"product_price_amount":"9.95","product_price_currency":"EUR","og_availability":"instock","product_availability":"instock","product_retailer_item_id":"HBT-E27","product_condition":"new"},"_links":{"self":[{"href":"https:\/\/www.calibereurope.com\/de\/wp-json\/wp\/v2\/product\/447346","targetHints":{"allow":["GET"]}}],"collection":[{"href":"https:\/\/www.calibereurope.com\/de\/wp-json\/wp\/v2\/product"}],"about":[{"href":"https:\/\/www.calibereurope.com\/de\/wp-json\/wp\/v2\/types\/product"}],"replies":[{"embeddable":true,"href":"https:\/\/www.calibereurope.com\/de\/wp-json\/wp\/v2\/comments?post=447346"}],"wp:featuredmedia":[{"embeddable":true,"href":"https:\/\/www.calibereurope.com\/de\/wp-json\/wp\/v2\/media\/1670447"}],"wp:attachment":[{"href":"https:\/\/www.calibereurope.com\/de\/wp-json\/wp\/v2\/media?parent=447346"}],"wp:term":[{"taxonomy":"product_brand","embeddable":true,"href":"https:\/\/www.calibereurope.com\/de\/wp-json\/wp\/v2\/product_brand?post=447346"},{"taxonomy":"product_cat","embeddable":true,"href":"https:\/\/www.calibereurope.com\/de\/wp-json\/wp\/v2\/product_cat?post=447346"},{"taxonomy":"product_tag","embeddable":true,"href":"https:\/\/www.calibereurope.com\/de\/wp-json\/wp\/v2\/product_tag?post=447346"}],"curies":[{"name":"wp","href":"https:\/\/api.w.org\/{rel}","templated":true}]}}