{"id":66882,"date":"2025-01-15T01:00:00","date_gmt":"2025-01-15T00:00:00","guid":{"rendered":""},"modified":"2026-02-24T11:32:52","modified_gmt":"2026-02-24T10:32:52","slug":"HWP121E-de_DE","status":"publish","type":"product","link":"https:\/\/www.calibereurope.com\/de\/produkt\/HWP121E-de_DE\/","title":{"rendered":"Doppelter Smart Plug &#8211; Smart Plug zum Energiesparen &#8211; Google Home, Amazon Alexa und Siri (HWP121E)"},"content":{"rendered":"<p>Verwandeln Sie eine Steckdose in zwei Steckdosen mit diesem Caliber HWP121E &nbsp;doppelten Smart Plug. Dank der WiFi-Buchse k\u00f6nnen Sie angeschlossene Ger\u00e4te <strong>\u00fcber die kostenlose App steuern<\/strong>. <strong>Stellen Sie Timer und Zeitpl\u00e4ne ein<\/strong>, um Ihre Lampen oder Ihre Kaffeemaschine zur richtigen Zeit ein- oder auszuschalten. Die beiden Steckdosen des Smart Plugs k\u00f6nnen auch <strong>separat <\/strong>\u00fcber die kostenlose App und die <strong>beiden physischen Ein-\/Ausschalter gesteuert werden. <\/strong>Mit der App k\u00f6nnen Sie auch Ihren <strong>Energieverbrauch \u00fcberwachen und verwalten<\/strong>.<\/p>\n<p><\/p>\n<p><strong>Merkmale:<\/strong><\/p>\n<ul>\n<li>Doppelstecker mit 2 Steckdosen<\/li>\n<li>Individuelle Steuerung \u00fcber kostenlose App<\/li>\n<li>Timer\/Zeitplan \u00fcber die App einstellen<\/li>\n<li>Energie\u00fcberwachung per App<\/li>\n<li>Google Home, Amazon Alexa und Siri<\/li>\n<li>2 physische Tasten zum Ein- und Ausschalten<\/li>\n<li>Kinderschutz<\/li>\n<li>Hackersicher (ISO27017:2015)<\/li>\n<\/ul>\n<h3>Aus der Ferne bedienbar<\/h3>\n<p>Der Smart Plug kann \u00fcber die kostenlose Caliber Smart Home App aus der Ferne gesteuert werden. \u00dcber WiFi steuern Sie die beiden Steckdosen des Steckers separat. Sie k\u00f6nnen auch einen Zeitplan festlegen, sodass der Smart Plug z.B. als Timer f\u00fcr eine Lampe fungiert. Au\u00dferdem k\u00f6nnen Sie den Sonnenaufgangs- und Sonnenuntergangssensor verwenden, um die Ger\u00e4te bei Einbruch der Dunkelheit einzuschalten. Besitzen Sie mehrere Caliber Smart Home Ger\u00e4te? Dann k\u00f6nnen Sie sie so miteinander verkn\u00fcpfen, dass sie gegenseitig Aktionen ausl\u00f6sen, z. B. das Einschalten einer Lampe, nachdem eine Bewegung erkannt wurde.<\/p>\n<h3>Verwalten Sie Ihren Stromverbrauch<\/h3>\n<p>Sie fragen sich, welche Ger\u00e4te den meisten Strom verbrauchen? Mit diesem intelligenten Doppelstecker werden Sie es herausfinden. Denn \u00fcber die App k\u00f6nnen Sie den Energieverbrauch der Smart Plugs einsehen. So erhalten Sie einen Einblick in Ihre Energiekosten und wie Sie diese senken k\u00f6nnen. Dank der verschiedenen Optionen in der App k\u00f6nnen Sie dann sofort Zeitpl\u00e4ne einrichten, um Ihren Stromverbrauch zu senken. Gut f\u00fcr die Umwelt und f\u00fcr Ihren Geldbeutel!<\/p>\n<h3>Zwei clevere K\u00f6pfe in einem<\/h3>\n<p>Mit diesem Smart Plug k\u00f6nnen Sie von einer einfachen zu einer doppelten Steckdose wechseln. Alle intelligenten Funktionen k\u00f6nnen separat verwaltet werden, sodass Sie \u00fcber zwei vollwertige Steckdosen verf\u00fcgen. Dar\u00fcber hinaus verf\u00fcgt die intelligente Steckdose \u00fcber zwei physische Ein-\/Aus-Schalter, mit denen Sie sie auch dann steuern k\u00f6nnen, wenn Ihr Smartphone nicht in der N\u00e4he ist.<\/p>\n","protected":false},"excerpt":{"rendered":"<p>Verwandeln Sie eine Steckdose in zwei Steckdosen mit diesem Caliber HWP121E &nbsp;doppelten Smart Plug. Dank der WiFi-Buchse k\u00f6nnen Sie angeschlossene Ger\u00e4te \u00fcber die kostenlose App steuern. Stellen Sie Timer und Zeitpl\u00e4ne ein, um Ihre Lampen oder Ihre Kaffeemaschine zur richtigen Zeit ein- oder auszuschalten. Die beiden Steckdosen des Smart Plugs k\u00f6nnen auch separat \u00fcber die [&hellip;]<\/p>\n","protected":false},"featured_media":1670339,"comment_status":"open","ping_status":"closed","template":"","meta":{"inline_featured_image":false},"product_brand":[],"product_cat":[6362,6380],"product_tag":[],"class_list":{"0":"post-66882","1":"product","2":"type-product","3":"status-publish","4":"has-post-thumbnail","6":"product_cat-smarthome_de_DE","7":"product_cat-stekkers_de_DE","9":"first","10":"outofstock","11":"taxable","12":"shipping-taxable","13":"purchasable","14":"product-type-simple"},"yoast_head":"<!-- This site is optimized with the Yoast SEO plugin v24.4 - https:\/\/yoast.com\/wordpress\/plugins\/seo\/ -->\n<title>Doppelter Smart Plug - Smart Plug zum Energiesparen - Google Home, Amazon Alexa und Siri (HWP121E) | Caliber<\/title>\n<meta name=\"robots\" content=\"index, follow, max-snippet:-1, max-image-preview:large, max-video-preview:-1\" \/>\n<link rel=\"canonical\" href=\"https:\/\/www.calibereurope.com\/de\/produkt\/HWP121E-de_DE\/\" \/>\n<meta property=\"og:locale\" content=\"de_DE\" \/>\n<meta property=\"og:type\" content=\"article\" \/>\n<meta property=\"og:title\" content=\"Doppelter Smart Plug - Smart Plug zum Energiesparen - Google Home, Amazon Alexa und Siri (HWP121E) | Caliber\" \/>\n<meta property=\"og:description\" content=\"Verwandeln Sie eine Steckdose in zwei Steckdosen mit diesem Caliber HWP121E &nbsp;doppelten Smart Plug. Dank der WiFi-Buchse k\u00f6nnen Sie angeschlossene Ger\u00e4te \u00fcber die kostenlose App steuern. Stellen Sie Timer und Zeitpl\u00e4ne ein, um Ihre Lampen oder Ihre Kaffeemaschine zur richtigen Zeit ein- oder auszuschalten. Die beiden Steckdosen des Smart Plugs k\u00f6nnen auch separat \u00fcber die [&hellip;]\" \/>\n<meta property=\"og:url\" content=\"https:\/\/www.calibereurope.com\/de\/produkt\/HWP121E-de_DE\/\" \/>\n<meta property=\"og:site_name\" content=\"Caliber\" \/>\n<meta property=\"article:publisher\" content=\"https:\/\/facebook.com\/CaliberEurope\/\" \/>\n<meta property=\"article:modified_time\" content=\"2026-02-24T10:32:52+00:00\" \/>\n<meta property=\"og:image\" content=\"https:\/\/www.calibereurope.com\/wp-content\/uploads\/2022\/09\/e98075d2cfa89ca060bb9bda48cd624d6df51a3b_HWP121E-8.jpg\" \/>\n\t<meta property=\"og:image:width\" content=\"1024\" \/>\n\t<meta property=\"og:image:height\" content=\"768\" \/>\n\t<meta property=\"og:image:type\" content=\"image\/jpeg\" \/>\n<meta name=\"twitter:card\" content=\"summary_large_image\" \/>\n<meta name=\"twitter:site\" content=\"@calibereurope\" \/>\n<meta name=\"twitter:label1\" content=\"Preis\" \/>\n\t<meta name=\"twitter:data1\" content=\"19,95\" \/>\n\t<meta name=\"twitter:label2\" content=\"Availability\" \/>\n\t<meta name=\"twitter:data2\" content=\"Out of stock\" \/>\n<script type=\"application\/ld+json\" class=\"yoast-schema-graph\">{\"@context\":\"https:\/\/schema.org\",\"@graph\":[{\"@type\":\"WebPage\",\"@id\":\"https:\/\/www.calibereurope.com\/de\/produkt\/HWP121E-de_DE\/\",\"url\":\"https:\/\/www.calibereurope.com\/de\/produkt\/HWP121E-de_DE\/\",\"name\":\"Doppelter Smart Plug - Smart Plug zum Energiesparen - Google Home, Amazon Alexa und Siri (HWP121E) | Caliber\",\"isPartOf\":{\"@id\":\"https:\/\/www.calibereurope.com\/de\/#website\"},\"primaryImageOfPage\":{\"@id\":\"https:\/\/www.calibereurope.com\/de\/produkt\/HWP121E-de_DE\/#primaryimage\"},\"image\":{\"@id\":\"https:\/\/www.calibereurope.com\/de\/produkt\/HWP121E-de_DE\/#primaryimage\"},\"thumbnailUrl\":\"https:\/\/www.calibereurope.com\/wp-content\/uploads\/2025\/01\/e98075d2cfa89ca060bb9bda48cd624d6df51a3b_HWP121E.jpg\",\"datePublished\":\"2025-01-15T00:00:00+00:00\",\"dateModified\":\"2026-02-24T10:32:52+00:00\",\"breadcrumb\":{\"@id\":\"https:\/\/www.calibereurope.com\/de\/produkt\/HWP121E-de_DE\/#breadcrumb\"},\"inLanguage\":\"de\",\"potentialAction\":[{\"@type\":\"ReadAction\",\"target\":[\"https:\/\/www.calibereurope.com\/de\/produkt\/HWP121E-de_DE\/\"]}]},{\"@type\":\"ImageObject\",\"inLanguage\":\"de\",\"@id\":\"https:\/\/www.calibereurope.com\/de\/produkt\/HWP121E-de_DE\/#primaryimage\",\"url\":\"https:\/\/www.calibereurope.com\/wp-content\/uploads\/2025\/01\/e98075d2cfa89ca060bb9bda48cd624d6df51a3b_HWP121E.jpg\",\"contentUrl\":\"https:\/\/www.calibereurope.com\/wp-content\/uploads\/2025\/01\/e98075d2cfa89ca060bb9bda48cd624d6df51a3b_HWP121E.jpg\",\"width\":1024,\"height\":768},{\"@type\":\"BreadcrumbList\",\"@id\":\"https:\/\/www.calibereurope.com\/de\/produkt\/HWP121E-de_DE\/#breadcrumb\",\"itemListElement\":[{\"@type\":\"ListItem\",\"position\":1,\"name\":\"Home\",\"item\":\"https:\/\/www.calibereurope.com\/de\/\"},{\"@type\":\"ListItem\",\"position\":2,\"name\":\"Webshop\",\"item\":\"https:\/\/www.calibereurope.com\/de\/webshop\/\"},{\"@type\":\"ListItem\",\"position\":3,\"name\":\"Smart Home\",\"item\":\"https:\/\/www.calibereurope.com\/de\/smarthome_de_DE\/\"},{\"@type\":\"ListItem\",\"position\":4,\"name\":\"Stecker und Steckdosen\",\"item\":\"https:\/\/www.calibereurope.com\/de\/smarthome_de_DE\/stekkers_de_DE\/\"},{\"@type\":\"ListItem\",\"position\":5,\"name\":\"Double Smart Plug &#8211; Smart Plug f\u00fcr Energieeinsparung &#8211; Google Home, Amazon Alexa und Siri (HWP121E)\"}]},{\"@type\":\"WebSite\",\"@id\":\"https:\/\/www.calibereurope.com\/de\/#website\",\"url\":\"https:\/\/www.calibereurope.com\/de\/\",\"name\":\"Caliber\",\"description\":\"Sounds good!\",\"publisher\":{\"@id\":\"https:\/\/www.calibereurope.com\/de\/#organization\"},\"potentialAction\":[{\"@type\":\"SearchAction\",\"target\":{\"@type\":\"EntryPoint\",\"urlTemplate\":\"https:\/\/www.calibereurope.com\/de\/?s={search_term_string}\"},\"query-input\":{\"@type\":\"PropertyValueSpecification\",\"valueRequired\":true,\"valueName\":\"search_term_string\"}}],\"inLanguage\":\"de\"},{\"@type\":\"Organization\",\"@id\":\"https:\/\/www.calibereurope.com\/de\/#organization\",\"name\":\"Caliber Europe B.V.\",\"url\":\"https:\/\/www.calibereurope.com\/de\/\",\"logo\":{\"@type\":\"ImageObject\",\"inLanguage\":\"de\",\"@id\":\"https:\/\/www.calibereurope.com\/de\/#\/schema\/logo\/image\/\",\"url\":\"https:\/\/www.calibereurope.com\/wp-content\/uploads\/2019\/11\/Logo-Caliber-e1574846289621.png\",\"contentUrl\":\"https:\/\/www.calibereurope.com\/wp-content\/uploads\/2019\/11\/Logo-Caliber-e1574846289621.png\",\"width\":400,\"height\":69,\"caption\":\"Caliber Europe B.V.\"},\"image\":{\"@id\":\"https:\/\/www.calibereurope.com\/de\/#\/schema\/logo\/image\/\"},\"sameAs\":[\"https:\/\/facebook.com\/CaliberEurope\/\",\"https:\/\/x.com\/calibereurope\",\"https:\/\/www.instagram.com\/calibereurope\/\"]}]}<\/script>\n<meta property=\"product:price:amount\" content=\"19.95\" \/>\n<meta property=\"product:price:currency\" content=\"EUR\" \/>\n<meta property=\"og:availability\" content=\"out of stock\" \/>\n<meta property=\"product:availability\" content=\"out of stock\" \/>\n<meta property=\"product:retailer_item_id\" content=\"HWP121E\" \/>\n<meta property=\"product:condition\" content=\"new\" \/>\n<!-- \/ Yoast SEO plugin. -->","yoast_head_json":{"title":"Doppelter Smart Plug - Smart Plug zum Energiesparen - Google Home, Amazon Alexa und Siri (HWP121E) | Caliber","robots":{"index":"index","follow":"follow","max-snippet":"max-snippet:-1","max-image-preview":"max-image-preview:large","max-video-preview":"max-video-preview:-1"},"canonical":"https:\/\/www.calibereurope.com\/de\/produkt\/HWP121E-de_DE\/","og_locale":"de_DE","og_type":"article","og_title":"Doppelter Smart Plug - Smart Plug zum Energiesparen - Google Home, Amazon Alexa und Siri (HWP121E) | Caliber","og_description":"Verwandeln Sie eine Steckdose in zwei Steckdosen mit diesem Caliber HWP121E &nbsp;doppelten Smart Plug. Dank der WiFi-Buchse k\u00f6nnen Sie angeschlossene Ger\u00e4te \u00fcber die kostenlose App steuern. Stellen Sie Timer und Zeitpl\u00e4ne ein, um Ihre Lampen oder Ihre Kaffeemaschine zur richtigen Zeit ein- oder auszuschalten. Die beiden Steckdosen des Smart Plugs k\u00f6nnen auch separat \u00fcber die [&hellip;]","og_url":"https:\/\/www.calibereurope.com\/de\/produkt\/HWP121E-de_DE\/","og_site_name":"Caliber","article_publisher":"https:\/\/facebook.com\/CaliberEurope\/","article_modified_time":"2026-02-24T10:32:52+00:00","og_image":[{"width":1024,"height":768,"url":"https:\/\/www.calibereurope.com\/wp-content\/uploads\/2022\/09\/e98075d2cfa89ca060bb9bda48cd624d6df51a3b_HWP121E-8.jpg","type":"image\/jpeg"}],"twitter_card":"summary_large_image","twitter_site":"@calibereurope","twitter_misc":{"Preis":"19,95","Availability":"Out of stock"},"schema":{"@context":"https:\/\/schema.org","@graph":[{"@type":"WebPage","@id":"https:\/\/www.calibereurope.com\/de\/produkt\/HWP121E-de_DE\/","url":"https:\/\/www.calibereurope.com\/de\/produkt\/HWP121E-de_DE\/","name":"Doppelter Smart Plug - Smart Plug zum Energiesparen - Google Home, Amazon Alexa und Siri (HWP121E) | Caliber","isPartOf":{"@id":"https:\/\/www.calibereurope.com\/de\/#website"},"primaryImageOfPage":{"@id":"https:\/\/www.calibereurope.com\/de\/produkt\/HWP121E-de_DE\/#primaryimage"},"image":{"@id":"https:\/\/www.calibereurope.com\/de\/produkt\/HWP121E-de_DE\/#primaryimage"},"thumbnailUrl":"https:\/\/www.calibereurope.com\/wp-content\/uploads\/2025\/01\/e98075d2cfa89ca060bb9bda48cd624d6df51a3b_HWP121E.jpg","datePublished":"2025-01-15T00:00:00+00:00","dateModified":"2026-02-24T10:32:52+00:00","breadcrumb":{"@id":"https:\/\/www.calibereurope.com\/de\/produkt\/HWP121E-de_DE\/#breadcrumb"},"inLanguage":"de","potentialAction":[{"@type":"ReadAction","target":["https:\/\/www.calibereurope.com\/de\/produkt\/HWP121E-de_DE\/"]}]},{"@type":"ImageObject","inLanguage":"de","@id":"https:\/\/www.calibereurope.com\/de\/produkt\/HWP121E-de_DE\/#primaryimage","url":"https:\/\/www.calibereurope.com\/wp-content\/uploads\/2025\/01\/e98075d2cfa89ca060bb9bda48cd624d6df51a3b_HWP121E.jpg","contentUrl":"https:\/\/www.calibereurope.com\/wp-content\/uploads\/2025\/01\/e98075d2cfa89ca060bb9bda48cd624d6df51a3b_HWP121E.jpg","width":1024,"height":768},{"@type":"BreadcrumbList","@id":"https:\/\/www.calibereurope.com\/de\/produkt\/HWP121E-de_DE\/#breadcrumb","itemListElement":[{"@type":"ListItem","position":1,"name":"Home","item":"https:\/\/www.calibereurope.com\/de\/"},{"@type":"ListItem","position":2,"name":"Webshop","item":"https:\/\/www.calibereurope.com\/de\/webshop\/"},{"@type":"ListItem","position":3,"name":"Smart Home","item":"https:\/\/www.calibereurope.com\/de\/smarthome_de_DE\/"},{"@type":"ListItem","position":4,"name":"Stecker und Steckdosen","item":"https:\/\/www.calibereurope.com\/de\/smarthome_de_DE\/stekkers_de_DE\/"},{"@type":"ListItem","position":5,"name":"Double Smart Plug &#8211; Smart Plug f\u00fcr Energieeinsparung &#8211; Google Home, Amazon Alexa und Siri (HWP121E)"}]},{"@type":"WebSite","@id":"https:\/\/www.calibereurope.com\/de\/#website","url":"https:\/\/www.calibereurope.com\/de\/","name":"Caliber","description":"Sounds good!","publisher":{"@id":"https:\/\/www.calibereurope.com\/de\/#organization"},"potentialAction":[{"@type":"SearchAction","target":{"@type":"EntryPoint","urlTemplate":"https:\/\/www.calibereurope.com\/de\/?s={search_term_string}"},"query-input":{"@type":"PropertyValueSpecification","valueRequired":true,"valueName":"search_term_string"}}],"inLanguage":"de"},{"@type":"Organization","@id":"https:\/\/www.calibereurope.com\/de\/#organization","name":"Caliber Europe B.V.","url":"https:\/\/www.calibereurope.com\/de\/","logo":{"@type":"ImageObject","inLanguage":"de","@id":"https:\/\/www.calibereurope.com\/de\/#\/schema\/logo\/image\/","url":"https:\/\/www.calibereurope.com\/wp-content\/uploads\/2019\/11\/Logo-Caliber-e1574846289621.png","contentUrl":"https:\/\/www.calibereurope.com\/wp-content\/uploads\/2019\/11\/Logo-Caliber-e1574846289621.png","width":400,"height":69,"caption":"Caliber Europe B.V."},"image":{"@id":"https:\/\/www.calibereurope.com\/de\/#\/schema\/logo\/image\/"},"sameAs":["https:\/\/facebook.com\/CaliberEurope\/","https:\/\/x.com\/calibereurope","https:\/\/www.instagram.com\/calibereurope\/"]}]},"product_price_amount":"19.95","product_price_currency":"EUR","og_availability":"out of stock","product_availability":"out of stock","product_retailer_item_id":"HWP121E","product_condition":"new"},"_links":{"self":[{"href":"https:\/\/www.calibereurope.com\/de\/wp-json\/wp\/v2\/product\/66882","targetHints":{"allow":["GET"]}}],"collection":[{"href":"https:\/\/www.calibereurope.com\/de\/wp-json\/wp\/v2\/product"}],"about":[{"href":"https:\/\/www.calibereurope.com\/de\/wp-json\/wp\/v2\/types\/product"}],"replies":[{"embeddable":true,"href":"https:\/\/www.calibereurope.com\/de\/wp-json\/wp\/v2\/comments?post=66882"}],"wp:featuredmedia":[{"embeddable":true,"href":"https:\/\/www.calibereurope.com\/de\/wp-json\/wp\/v2\/media\/1670339"}],"wp:attachment":[{"href":"https:\/\/www.calibereurope.com\/de\/wp-json\/wp\/v2\/media?parent=66882"}],"wp:term":[{"taxonomy":"product_brand","embeddable":true,"href":"https:\/\/www.calibereurope.com\/de\/wp-json\/wp\/v2\/product_brand?post=66882"},{"taxonomy":"product_cat","embeddable":true,"href":"https:\/\/www.calibereurope.com\/de\/wp-json\/wp\/v2\/product_cat?post=66882"},{"taxonomy":"product_tag","embeddable":true,"href":"https:\/\/www.calibereurope.com\/de\/wp-json\/wp\/v2\/product_tag?post=66882"}],"curies":[{"name":"wp","href":"https:\/\/api.w.org\/{rel}","templated":true}]}}