{"id":67052,"date":"2024-02-20T01:00:00","date_gmt":"2024-02-20T00:00:00","guid":{"rendered":""},"modified":"2024-02-20T13:45:41","modified_gmt":"2024-02-20T12:45:41","slug":"HWS301-de_DE","status":"publish","type":"product","link":"https:\/\/www.calibereurope.com\/de\/produkt\/HWS301-de_DE\/","title":{"rendered":"Intelligenter Bewegungssensor (HWS301)"},"content":{"rendered":"<p>Das Caliber HWS301 ist ein intelligenter Bewegungssensor, den Sie \u00fcberall im Haus aufh\u00e4ngen k\u00f6nnen. Platzieren Sie ihn an der Decke und der Sensor erfasst jede Bewegung im Raum. Die Stromversorgung erfolgt \u00fcber einen Adapter (nicht im Lieferumfang enthalten) oder \u00fcber die mitgelieferten Akkus.<\/p>\n<p><strong>Sicherheit<\/strong><br \/>Sie verwenden den HWS301 f\u00fcr verschiedene Zwecke. Auf der einen Seite machen Sie Ihr Zuhause etwas sicherer. Sie verbinden den Bewegungssensor \u00fcber die Caliber Smart Home App mit Ihrem Smartphone. Sie k\u00f6nnen den Sensor z.B. so einstellen, dass er eine Push-Mitteilung an Ihr Telefon sendet, wenn er eine Bewegung erkennt. Praktisch, wenn Sie nicht zu Hause sind. Ein weiteres praktisches Merkmal des HWS301 ist die Triggerfunktion. Schlie\u00dfen Sie den Sensor an Ihre intelligente Beleuchtung an, und das Licht geht an, wenn Sie den Raum betreten, in dem der Sensor h\u00e4ngt. Das ist sehr einfach, wenn man im Dunkeln nach Hause kommt, und es schreckt auch unerw\u00fcnschte Eindringlinge ab. Die Verwendung des HWS301 erfordert keinen Hub\/Gateway; Sie schlie\u00dfen ihn \u00fcber die App an eine (2,4Ghz) WiFi-Verbindung an und er ist einsatzbereit.<\/p>\n<p><strong>Verwenden Sie eine zus\u00e4tzliche Sirene<\/strong><br \/> Verwenden Sie den Sensor gegen Eindringlinge? Dann erweitern Sie sie mit der Sirene Kaliber HWS701. Dies l\u00f6st einen Alarm aus, wenn der Sensor eine Bewegung erkennt.<\/p>\n<p><strong>Zertifizierungen:<\/strong><br \/>Kaliber-Produkte tragen immer die erforderlichen Zertifizierungen und erf\u00fcllen die EU-Anforderungen an elektrische Produkte.<die verwendung=\"\" von=\"\" nicht=\"\" zertifizierten=\"\" elektrischen=\"\" produkten=\"\" kann=\"\" zu=\"\" gefahren=\"\" verletzungen=\"\" f\u00fcr=\"\" den=\"\" benutzer=\"\" und=\"\" oder=\"\" seine=\"\" umgebung=\"\" f\u00fchren.=\"\" die=\"\" zum=\"\" ausschluss=\"\" der=\"\" deckung=\"\" zahlung=\"\" ihrer=\"\" versicherung=\"\" <br=\"\"><br \/>Bitte beachten Sie dies beim Kauf eines Produktes.<\/die><\/p>\n","protected":false},"excerpt":{"rendered":"<p>Das Caliber HWS301 ist ein intelligenter Bewegungssensor, den Sie \u00fcberall im Haus aufh\u00e4ngen k\u00f6nnen. Platzieren Sie ihn an der Decke und der Sensor erfasst jede Bewegung im Raum. Die Stromversorgung erfolgt \u00fcber einen Adapter (nicht im Lieferumfang enthalten) oder \u00fcber die mitgelieferten Akkus. SicherheitSie verwenden den HWS301 f\u00fcr verschiedene Zwecke. Auf der einen Seite machen [&hellip;]<\/p>\n","protected":false},"featured_media":1567936,"comment_status":"open","ping_status":"closed","template":"","meta":{"inline_featured_image":false},"product_brand":[],"product_cat":[6377,6362],"product_tag":[],"class_list":{"0":"post-67052","1":"product","2":"type-product","3":"status-publish","4":"has-post-thumbnail","6":"product_cat-sensoren_de_DE","7":"product_cat-smarthome_de_DE","9":"first","10":"instock","11":"taxable","12":"shipping-taxable","13":"purchasable","14":"product-type-simple"},"yoast_head":"<!-- This site is optimized with the Yoast SEO plugin v24.4 - https:\/\/yoast.com\/wordpress\/plugins\/seo\/ -->\n<title>Intelligenter Bewegungssensor (HWS301) | Caliber<\/title>\n<meta name=\"robots\" content=\"index, follow, max-snippet:-1, max-image-preview:large, max-video-preview:-1\" \/>\n<link rel=\"canonical\" href=\"https:\/\/www.calibereurope.com\/de\/produkt\/HWS301-de_DE\/\" \/>\n<meta property=\"og:locale\" content=\"de_DE\" \/>\n<meta property=\"og:type\" content=\"article\" \/>\n<meta property=\"og:title\" content=\"Intelligenter Bewegungssensor (HWS301) | Caliber\" \/>\n<meta property=\"og:description\" content=\"Das Caliber HWS301 ist ein intelligenter Bewegungssensor, den Sie \u00fcberall im Haus aufh\u00e4ngen k\u00f6nnen. Platzieren Sie ihn an der Decke und der Sensor erfasst jede Bewegung im Raum. Die Stromversorgung erfolgt \u00fcber einen Adapter (nicht im Lieferumfang enthalten) oder \u00fcber die mitgelieferten Akkus. SicherheitSie verwenden den HWS301 f\u00fcr verschiedene Zwecke. Auf der einen Seite machen [&hellip;]\" \/>\n<meta property=\"og:url\" content=\"https:\/\/www.calibereurope.com\/de\/produkt\/HWS301-de_DE\/\" \/>\n<meta property=\"og:site_name\" content=\"Caliber\" \/>\n<meta property=\"article:publisher\" content=\"https:\/\/facebook.com\/CaliberEurope\/\" \/>\n<meta property=\"article:modified_time\" content=\"2024-02-20T12:45:41+00:00\" \/>\n<meta property=\"og:image\" content=\"https:\/\/www.calibereurope.com\/wp-content\/uploads\/2023\/01\/86986ddbe7e095ae76280813b4997ed74d5ed162_HWS301_3.jpg\" \/>\n\t<meta property=\"og:image:width\" content=\"1024\" \/>\n\t<meta property=\"og:image:height\" content=\"768\" \/>\n\t<meta property=\"og:image:type\" content=\"image\/jpeg\" \/>\n<meta name=\"twitter:card\" content=\"summary_large_image\" \/>\n<meta name=\"twitter:site\" content=\"@calibereurope\" \/>\n<meta name=\"twitter:label1\" content=\"Preis\" \/>\n\t<meta name=\"twitter:data1\" content=\"19,95\" \/>\n\t<meta name=\"twitter:label2\" content=\"Availability\" \/>\n\t<meta name=\"twitter:data2\" content=\"In stock\" \/>\n<script type=\"application\/ld+json\" class=\"yoast-schema-graph\">{\"@context\":\"https:\/\/schema.org\",\"@graph\":[{\"@type\":\"WebPage\",\"@id\":\"https:\/\/www.calibereurope.com\/de\/produkt\/HWS301-de_DE\/\",\"url\":\"https:\/\/www.calibereurope.com\/de\/produkt\/HWS301-de_DE\/\",\"name\":\"Intelligenter Bewegungssensor (HWS301) | Caliber\",\"isPartOf\":{\"@id\":\"https:\/\/www.calibereurope.com\/de\/#website\"},\"primaryImageOfPage\":{\"@id\":\"https:\/\/www.calibereurope.com\/de\/produkt\/HWS301-de_DE\/#primaryimage\"},\"image\":{\"@id\":\"https:\/\/www.calibereurope.com\/de\/produkt\/HWS301-de_DE\/#primaryimage\"},\"thumbnailUrl\":\"https:\/\/www.calibereurope.com\/wp-content\/uploads\/2024\/02\/86986ddbe7e095ae76280813b4997ed74d5ed162_HWS301_3.jpg\",\"datePublished\":\"2024-02-20T00:00:00+00:00\",\"dateModified\":\"2024-02-20T12:45:41+00:00\",\"breadcrumb\":{\"@id\":\"https:\/\/www.calibereurope.com\/de\/produkt\/HWS301-de_DE\/#breadcrumb\"},\"inLanguage\":\"de\",\"potentialAction\":[{\"@type\":\"ReadAction\",\"target\":[\"https:\/\/www.calibereurope.com\/de\/produkt\/HWS301-de_DE\/\"]}]},{\"@type\":\"ImageObject\",\"inLanguage\":\"de\",\"@id\":\"https:\/\/www.calibereurope.com\/de\/produkt\/HWS301-de_DE\/#primaryimage\",\"url\":\"https:\/\/www.calibereurope.com\/wp-content\/uploads\/2024\/02\/86986ddbe7e095ae76280813b4997ed74d5ed162_HWS301_3.jpg\",\"contentUrl\":\"https:\/\/www.calibereurope.com\/wp-content\/uploads\/2024\/02\/86986ddbe7e095ae76280813b4997ed74d5ed162_HWS301_3.jpg\",\"width\":1024,\"height\":768},{\"@type\":\"BreadcrumbList\",\"@id\":\"https:\/\/www.calibereurope.com\/de\/produkt\/HWS301-de_DE\/#breadcrumb\",\"itemListElement\":[{\"@type\":\"ListItem\",\"position\":1,\"name\":\"Home\",\"item\":\"https:\/\/www.calibereurope.com\/de\/\"},{\"@type\":\"ListItem\",\"position\":2,\"name\":\"Webshop\",\"item\":\"https:\/\/www.calibereurope.com\/de\/webshop\/\"},{\"@type\":\"ListItem\",\"position\":3,\"name\":\"Smart Home\",\"item\":\"https:\/\/www.calibereurope.com\/de\/smarthome_de_DE\/\"},{\"@type\":\"ListItem\",\"position\":4,\"name\":\"Sensoren\",\"item\":\"https:\/\/www.calibereurope.com\/de\/smarthome_de_DE\/sensoren_de_DE\/\"},{\"@type\":\"ListItem\",\"position\":5,\"name\":\"Intelligenter Bewegungssensor (HWS301)\"}]},{\"@type\":\"WebSite\",\"@id\":\"https:\/\/www.calibereurope.com\/de\/#website\",\"url\":\"https:\/\/www.calibereurope.com\/de\/\",\"name\":\"Caliber\",\"description\":\"Sounds good!\",\"publisher\":{\"@id\":\"https:\/\/www.calibereurope.com\/de\/#organization\"},\"potentialAction\":[{\"@type\":\"SearchAction\",\"target\":{\"@type\":\"EntryPoint\",\"urlTemplate\":\"https:\/\/www.calibereurope.com\/de\/?s={search_term_string}\"},\"query-input\":{\"@type\":\"PropertyValueSpecification\",\"valueRequired\":true,\"valueName\":\"search_term_string\"}}],\"inLanguage\":\"de\"},{\"@type\":\"Organization\",\"@id\":\"https:\/\/www.calibereurope.com\/de\/#organization\",\"name\":\"Caliber Europe B.V.\",\"url\":\"https:\/\/www.calibereurope.com\/de\/\",\"logo\":{\"@type\":\"ImageObject\",\"inLanguage\":\"de\",\"@id\":\"https:\/\/www.calibereurope.com\/de\/#\/schema\/logo\/image\/\",\"url\":\"https:\/\/www.calibereurope.com\/wp-content\/uploads\/2019\/11\/Logo-Caliber-e1574846289621.png\",\"contentUrl\":\"https:\/\/www.calibereurope.com\/wp-content\/uploads\/2019\/11\/Logo-Caliber-e1574846289621.png\",\"width\":400,\"height\":69,\"caption\":\"Caliber Europe B.V.\"},\"image\":{\"@id\":\"https:\/\/www.calibereurope.com\/de\/#\/schema\/logo\/image\/\"},\"sameAs\":[\"https:\/\/facebook.com\/CaliberEurope\/\",\"https:\/\/x.com\/calibereurope\",\"https:\/\/www.instagram.com\/calibereurope\/\"]}]}<\/script>\n<meta property=\"product:price:amount\" content=\"19.95\" \/>\n<meta property=\"product:price:currency\" content=\"EUR\" \/>\n<meta property=\"og:availability\" content=\"instock\" \/>\n<meta property=\"product:availability\" content=\"instock\" \/>\n<meta property=\"product:retailer_item_id\" content=\"HWS301\" \/>\n<meta property=\"product:condition\" content=\"new\" \/>\n<!-- \/ Yoast SEO plugin. -->","yoast_head_json":{"title":"Intelligenter Bewegungssensor (HWS301) | Caliber","robots":{"index":"index","follow":"follow","max-snippet":"max-snippet:-1","max-image-preview":"max-image-preview:large","max-video-preview":"max-video-preview:-1"},"canonical":"https:\/\/www.calibereurope.com\/de\/produkt\/HWS301-de_DE\/","og_locale":"de_DE","og_type":"article","og_title":"Intelligenter Bewegungssensor (HWS301) | Caliber","og_description":"Das Caliber HWS301 ist ein intelligenter Bewegungssensor, den Sie \u00fcberall im Haus aufh\u00e4ngen k\u00f6nnen. Platzieren Sie ihn an der Decke und der Sensor erfasst jede Bewegung im Raum. Die Stromversorgung erfolgt \u00fcber einen Adapter (nicht im Lieferumfang enthalten) oder \u00fcber die mitgelieferten Akkus. SicherheitSie verwenden den HWS301 f\u00fcr verschiedene Zwecke. Auf der einen Seite machen [&hellip;]","og_url":"https:\/\/www.calibereurope.com\/de\/produkt\/HWS301-de_DE\/","og_site_name":"Caliber","article_publisher":"https:\/\/facebook.com\/CaliberEurope\/","article_modified_time":"2024-02-20T12:45:41+00:00","og_image":[{"width":1024,"height":768,"url":"https:\/\/www.calibereurope.com\/wp-content\/uploads\/2023\/01\/86986ddbe7e095ae76280813b4997ed74d5ed162_HWS301_3.jpg","type":"image\/jpeg"}],"twitter_card":"summary_large_image","twitter_site":"@calibereurope","twitter_misc":{"Preis":"19,95","Availability":"In stock"},"schema":{"@context":"https:\/\/schema.org","@graph":[{"@type":"WebPage","@id":"https:\/\/www.calibereurope.com\/de\/produkt\/HWS301-de_DE\/","url":"https:\/\/www.calibereurope.com\/de\/produkt\/HWS301-de_DE\/","name":"Intelligenter Bewegungssensor (HWS301) | Caliber","isPartOf":{"@id":"https:\/\/www.calibereurope.com\/de\/#website"},"primaryImageOfPage":{"@id":"https:\/\/www.calibereurope.com\/de\/produkt\/HWS301-de_DE\/#primaryimage"},"image":{"@id":"https:\/\/www.calibereurope.com\/de\/produkt\/HWS301-de_DE\/#primaryimage"},"thumbnailUrl":"https:\/\/www.calibereurope.com\/wp-content\/uploads\/2024\/02\/86986ddbe7e095ae76280813b4997ed74d5ed162_HWS301_3.jpg","datePublished":"2024-02-20T00:00:00+00:00","dateModified":"2024-02-20T12:45:41+00:00","breadcrumb":{"@id":"https:\/\/www.calibereurope.com\/de\/produkt\/HWS301-de_DE\/#breadcrumb"},"inLanguage":"de","potentialAction":[{"@type":"ReadAction","target":["https:\/\/www.calibereurope.com\/de\/produkt\/HWS301-de_DE\/"]}]},{"@type":"ImageObject","inLanguage":"de","@id":"https:\/\/www.calibereurope.com\/de\/produkt\/HWS301-de_DE\/#primaryimage","url":"https:\/\/www.calibereurope.com\/wp-content\/uploads\/2024\/02\/86986ddbe7e095ae76280813b4997ed74d5ed162_HWS301_3.jpg","contentUrl":"https:\/\/www.calibereurope.com\/wp-content\/uploads\/2024\/02\/86986ddbe7e095ae76280813b4997ed74d5ed162_HWS301_3.jpg","width":1024,"height":768},{"@type":"BreadcrumbList","@id":"https:\/\/www.calibereurope.com\/de\/produkt\/HWS301-de_DE\/#breadcrumb","itemListElement":[{"@type":"ListItem","position":1,"name":"Home","item":"https:\/\/www.calibereurope.com\/de\/"},{"@type":"ListItem","position":2,"name":"Webshop","item":"https:\/\/www.calibereurope.com\/de\/webshop\/"},{"@type":"ListItem","position":3,"name":"Smart Home","item":"https:\/\/www.calibereurope.com\/de\/smarthome_de_DE\/"},{"@type":"ListItem","position":4,"name":"Sensoren","item":"https:\/\/www.calibereurope.com\/de\/smarthome_de_DE\/sensoren_de_DE\/"},{"@type":"ListItem","position":5,"name":"Intelligenter Bewegungssensor (HWS301)"}]},{"@type":"WebSite","@id":"https:\/\/www.calibereurope.com\/de\/#website","url":"https:\/\/www.calibereurope.com\/de\/","name":"Caliber","description":"Sounds good!","publisher":{"@id":"https:\/\/www.calibereurope.com\/de\/#organization"},"potentialAction":[{"@type":"SearchAction","target":{"@type":"EntryPoint","urlTemplate":"https:\/\/www.calibereurope.com\/de\/?s={search_term_string}"},"query-input":{"@type":"PropertyValueSpecification","valueRequired":true,"valueName":"search_term_string"}}],"inLanguage":"de"},{"@type":"Organization","@id":"https:\/\/www.calibereurope.com\/de\/#organization","name":"Caliber Europe B.V.","url":"https:\/\/www.calibereurope.com\/de\/","logo":{"@type":"ImageObject","inLanguage":"de","@id":"https:\/\/www.calibereurope.com\/de\/#\/schema\/logo\/image\/","url":"https:\/\/www.calibereurope.com\/wp-content\/uploads\/2019\/11\/Logo-Caliber-e1574846289621.png","contentUrl":"https:\/\/www.calibereurope.com\/wp-content\/uploads\/2019\/11\/Logo-Caliber-e1574846289621.png","width":400,"height":69,"caption":"Caliber Europe B.V."},"image":{"@id":"https:\/\/www.calibereurope.com\/de\/#\/schema\/logo\/image\/"},"sameAs":["https:\/\/facebook.com\/CaliberEurope\/","https:\/\/x.com\/calibereurope","https:\/\/www.instagram.com\/calibereurope\/"]}]},"product_price_amount":"19.95","product_price_currency":"EUR","og_availability":"instock","product_availability":"instock","product_retailer_item_id":"HWS301","product_condition":"new"},"_links":{"self":[{"href":"https:\/\/www.calibereurope.com\/de\/wp-json\/wp\/v2\/product\/67052","targetHints":{"allow":["GET"]}}],"collection":[{"href":"https:\/\/www.calibereurope.com\/de\/wp-json\/wp\/v2\/product"}],"about":[{"href":"https:\/\/www.calibereurope.com\/de\/wp-json\/wp\/v2\/types\/product"}],"replies":[{"embeddable":true,"href":"https:\/\/www.calibereurope.com\/de\/wp-json\/wp\/v2\/comments?post=67052"}],"wp:featuredmedia":[{"embeddable":true,"href":"https:\/\/www.calibereurope.com\/de\/wp-json\/wp\/v2\/media\/1567936"}],"wp:attachment":[{"href":"https:\/\/www.calibereurope.com\/de\/wp-json\/wp\/v2\/media?parent=67052"}],"wp:term":[{"taxonomy":"product_brand","embeddable":true,"href":"https:\/\/www.calibereurope.com\/de\/wp-json\/wp\/v2\/product_brand?post=67052"},{"taxonomy":"product_cat","embeddable":true,"href":"https:\/\/www.calibereurope.com\/de\/wp-json\/wp\/v2\/product_cat?post=67052"},{"taxonomy":"product_tag","embeddable":true,"href":"https:\/\/www.calibereurope.com\/de\/wp-json\/wp\/v2\/product_tag?post=67052"}],"curies":[{"name":"wp","href":"https:\/\/api.w.org\/{rel}","templated":true}]}}