{"id":68090,"date":"2025-10-27T01:00:00","date_gmt":"2025-10-27T00:00:00","guid":{"rendered":""},"modified":"2025-10-27T12:39:14","modified_gmt":"2025-10-27T11:39:14","slug":"HWC403PT-de_DE","status":"publish","type":"product","link":"https:\/\/www.calibereurope.com\/de\/produkt\/HWC403PT-de_DE\/","title":{"rendered":"Sicherheitskamera f\u00fcr den Au\u00dfenbereich &#8211; Nachtsicht &#8211; WiFi &#8211; Schwenk-\/Neigefunktion &#8211; Smart Home App &#8211; Wasserdicht (HWC403PT)"},"content":{"rendered":"<p>Behalten Sie Ihre Umgebung mit der Caliber HWC403PT \u00dcberwachungskamera f\u00fcr den Au\u00dfenbereich genau im Auge. Die <strong>Full HD-Kamera <\/strong>sorgt daf\u00fcr, dass Sie immer im Blick haben, was au\u00dferhalb Ihres Hauses oder B\u00fcros passiert. Selbst bei Nacht k\u00f6nnen Sie dank der <strong>Nachtsicht von bis zu 10 Metern <\/strong>genau sehen, was passiert. Sie k\u00f6nnen die Au\u00dfenkamera mit <strong>WiFi <\/strong>ganz einfach drahtlos \u00fcber die <strong>Smart Home App steuern<\/strong>. Dank der <strong>Bewegungserkennung <\/strong>erhalten Sie sofort eine Benachrichtigung auf Ihrem Smartphone, wenn eine Bewegung erkannt wird. Mit der <strong>intelligenten Verfolgungsfunktion <\/strong>werden sogar Bewegungen aufgezeichnet.<\/p>\n<p><\/p>\n<p><strong>Merkmale:<\/strong><\/p>\n<ul>\n<li>Full HD (1080P) Kamera<\/li>\n<li>Steuerung \u00fcber die kostenlose Caliber Smart Home App<\/li>\n<li>Wasserdicht (IP65)<\/li>\n<li>Nachtsicht bis zu 10 Meter<\/li>\n<li>Eingebauter IR-CUT-Filter<\/li>\n<li>Verbindung \u00fcber WiFi (2.4G) oder Kabel<\/li>\n<li>Schwenk-\/Neigefunktion<\/li>\n<li>Bewegungserkennung<\/li>\n<li>Intelligente Verfolgungsfunktion<\/li>\n<li>Funktion &#8220;Gegenseitiges Gespr\u00e4ch<\/li>\n<\/ul>\n<h3>Eine sichere Umgebung<\/h3>\n<p>Diese \u00dcberwachungskamera ist mit einer Full HD-Kamera ausgestattet. So k\u00f6nnen Sie alle Details sehen, damit Sie genau wissen, was au\u00dferhalb Ihres Hauses vor sich geht. Mit der Schwenk-\/Neigefunktion k\u00f6nnen Sie die Kamera vertikal und horizontal bewegen. Horizontal kann sich die Kamera um 350 Grad bewegen. In der Vertikalen kann er sich zwischen 5 und 95 Grad bewegen. Auf diese Weise ist die Kamera immer im richtigen Winkel ausgerichtet. Dank der Dual Talk-Funktion fungiert die Au\u00dfenkamera auch als Gegensprechanlage.<\/p>\n<h3>Verfolgen Sie jede Bewegung<\/h3>\n<p>Dank ihrer intelligenten Bewegungserkennungsfunktion \u00fcberwacht die Au\u00dfenkamera jede Bewegung genau. Sobald eine Bewegung erkannt wird, werden die Bilder automatisch aufgenommen und Sie werden auf Ihrem Smartphone benachrichtigt. Die Au\u00dfenkamera wird drahtlos \u00fcber WiFi mit der App verbunden, und dank der Smart Follow-Funktion kann die Kamera sogar Bewegungen verfolgen. Auf diese Weise nimmt die Au\u00dfenkamera jede Bewegung auf. M\u00f6chten Sie Bilder aufnehmen? Dann k\u00f6nnen Sie eine 128-GB-Micro-SD-Karte in die Kamera einsetzen, die \u00fcber die Loop-Aufnahmefunktion immer die neuesten Aufnahmen speichert.<\/p>\n<h3>Bestes Bild<\/h3>\n<p>Die Kamera kann auch nach Sonnenuntergang verwendet werden. Bei Nacht erm\u00f6glicht die Au\u00dfenkamera mit Nachtsichtfunktion eine Sichtweite von bis zu 10 Metern. Dies geschieht mit 10 Infrarotlampen. Der integrierte IR-CUT-Filter sorgt f\u00fcr weniger Farbstich und eine noch bessere Nachtsicht. Auch bei schlechtem Wetter gibt es keine Probleme. Denn die drahtlose WiFi-Kamera f\u00fcr den Au\u00dfenbereich ist wasserfest, sodass Sie sich unter allen Bedingungen auf sie verlassen k\u00f6nnen.<\/p>\n<p><strong><br \/>&nbsp;Mitgeliefert:<\/strong><\/p>\n<ul>\n<li>Caliber HWC403PT \u00dcberwachungskamera f\u00fcr den Au\u00dfenbereich<\/li>\n<li>230V Adapter<\/li>\n<li>Netzkabel<\/li>\n<\/ul>\n","protected":false},"excerpt":{"rendered":"<p>Behalten Sie Ihre Umgebung mit der Caliber HWC403PT \u00dcberwachungskamera f\u00fcr den Au\u00dfenbereich genau im Auge. Die Full HD-Kamera sorgt daf\u00fcr, dass Sie immer im Blick haben, was au\u00dferhalb Ihres Hauses oder B\u00fcros passiert. Selbst bei Nacht k\u00f6nnen Sie dank der Nachtsicht von bis zu 10 Metern genau sehen, was passiert. Sie k\u00f6nnen die Au\u00dfenkamera mit [&hellip;]<\/p>\n","protected":false},"featured_media":1681048,"comment_status":"open","ping_status":"closed","template":"","meta":{"inline_featured_image":false},"product_brand":[],"product_cat":[6383,6362],"product_tag":[],"class_list":{"0":"post-68090","1":"product","2":"type-product","3":"status-publish","4":"has-post-thumbnail","6":"product_cat-cameras_de_DE","7":"product_cat-smarthome_de_DE","9":"first","10":"outofstock","11":"taxable","12":"shipping-taxable","13":"purchasable","14":"product-type-simple"},"yoast_head":"<!-- This site is optimized with the Yoast SEO plugin v24.4 - https:\/\/yoast.com\/wordpress\/plugins\/seo\/ -->\n<title>Sicherheitskamera f\u00fcr den Au\u00dfenbereich - Nachtsicht - WiFi - Schwenk-\/Neigefunktion - Smart Home App - Wasserdicht (HWC403PT) | Caliber<\/title>\n<meta name=\"robots\" content=\"index, follow, max-snippet:-1, max-image-preview:large, max-video-preview:-1\" \/>\n<link rel=\"canonical\" href=\"https:\/\/www.calibereurope.com\/de\/produkt\/HWC403PT-de_DE\/\" \/>\n<meta property=\"og:locale\" content=\"de_DE\" \/>\n<meta property=\"og:type\" content=\"article\" \/>\n<meta property=\"og:title\" content=\"Sicherheitskamera f\u00fcr den Au\u00dfenbereich - Nachtsicht - WiFi - Schwenk-\/Neigefunktion - Smart Home App - Wasserdicht (HWC403PT) | Caliber\" \/>\n<meta property=\"og:description\" content=\"Behalten Sie Ihre Umgebung mit der Caliber HWC403PT \u00dcberwachungskamera f\u00fcr den Au\u00dfenbereich genau im Auge. Die Full HD-Kamera sorgt daf\u00fcr, dass Sie immer im Blick haben, was au\u00dferhalb Ihres Hauses oder B\u00fcros passiert. Selbst bei Nacht k\u00f6nnen Sie dank der Nachtsicht von bis zu 10 Metern genau sehen, was passiert. Sie k\u00f6nnen die Au\u00dfenkamera mit [&hellip;]\" \/>\n<meta property=\"og:url\" content=\"https:\/\/www.calibereurope.com\/de\/produkt\/HWC403PT-de_DE\/\" \/>\n<meta property=\"og:site_name\" content=\"Caliber\" \/>\n<meta property=\"article:publisher\" content=\"https:\/\/facebook.com\/CaliberEurope\/\" \/>\n<meta property=\"article:modified_time\" content=\"2025-10-27T11:39:14+00:00\" \/>\n<meta property=\"og:image\" content=\"https:\/\/www.calibereurope.com\/wp-content\/uploads\/2023\/01\/5352749dfb292e6586128e04843daa004ec33c4b_HWC403PT_YOU-4.jpg\" \/>\n\t<meta property=\"og:image:width\" content=\"1024\" \/>\n\t<meta property=\"og:image:height\" content=\"768\" \/>\n\t<meta property=\"og:image:type\" content=\"image\/jpeg\" \/>\n<meta name=\"twitter:card\" content=\"summary_large_image\" \/>\n<meta name=\"twitter:site\" content=\"@calibereurope\" \/>\n<meta name=\"twitter:label1\" content=\"Preis\" \/>\n\t<meta name=\"twitter:data1\" content=\"79,00\" \/>\n\t<meta name=\"twitter:label2\" content=\"Availability\" \/>\n\t<meta name=\"twitter:data2\" content=\"Out of stock\" \/>\n<script type=\"application\/ld+json\" class=\"yoast-schema-graph\">{\"@context\":\"https:\/\/schema.org\",\"@graph\":[{\"@type\":\"WebPage\",\"@id\":\"https:\/\/www.calibereurope.com\/de\/produkt\/HWC403PT-de_DE\/\",\"url\":\"https:\/\/www.calibereurope.com\/de\/produkt\/HWC403PT-de_DE\/\",\"name\":\"Sicherheitskamera f\u00fcr den Au\u00dfenbereich - Nachtsicht - WiFi - Schwenk-\/Neigefunktion - Smart Home App - Wasserdicht (HWC403PT) | Caliber\",\"isPartOf\":{\"@id\":\"https:\/\/www.calibereurope.com\/de\/#website\"},\"primaryImageOfPage\":{\"@id\":\"https:\/\/www.calibereurope.com\/de\/produkt\/HWC403PT-de_DE\/#primaryimage\"},\"image\":{\"@id\":\"https:\/\/www.calibereurope.com\/de\/produkt\/HWC403PT-de_DE\/#primaryimage\"},\"thumbnailUrl\":\"https:\/\/www.calibereurope.com\/wp-content\/uploads\/2025\/10\/5352749dfb292e6586128e04843daa004ec33c4b_HWC403PT_YOU.jpg\",\"datePublished\":\"2025-10-27T00:00:00+00:00\",\"dateModified\":\"2025-10-27T11:39:14+00:00\",\"breadcrumb\":{\"@id\":\"https:\/\/www.calibereurope.com\/de\/produkt\/HWC403PT-de_DE\/#breadcrumb\"},\"inLanguage\":\"de\",\"potentialAction\":[{\"@type\":\"ReadAction\",\"target\":[\"https:\/\/www.calibereurope.com\/de\/produkt\/HWC403PT-de_DE\/\"]}]},{\"@type\":\"ImageObject\",\"inLanguage\":\"de\",\"@id\":\"https:\/\/www.calibereurope.com\/de\/produkt\/HWC403PT-de_DE\/#primaryimage\",\"url\":\"https:\/\/www.calibereurope.com\/wp-content\/uploads\/2025\/10\/5352749dfb292e6586128e04843daa004ec33c4b_HWC403PT_YOU.jpg\",\"contentUrl\":\"https:\/\/www.calibereurope.com\/wp-content\/uploads\/2025\/10\/5352749dfb292e6586128e04843daa004ec33c4b_HWC403PT_YOU.jpg\",\"width\":1024,\"height\":768},{\"@type\":\"BreadcrumbList\",\"@id\":\"https:\/\/www.calibereurope.com\/de\/produkt\/HWC403PT-de_DE\/#breadcrumb\",\"itemListElement\":[{\"@type\":\"ListItem\",\"position\":1,\"name\":\"Home\",\"item\":\"https:\/\/www.calibereurope.com\/de\/\"},{\"@type\":\"ListItem\",\"position\":2,\"name\":\"Webshop\",\"item\":\"https:\/\/www.calibereurope.com\/de\/webshop\/\"},{\"@type\":\"ListItem\",\"position\":3,\"name\":\"Smart Home\",\"item\":\"https:\/\/www.calibereurope.com\/de\/smarthome_de_DE\/\"},{\"@type\":\"ListItem\",\"position\":4,\"name\":\"Kameras\",\"item\":\"https:\/\/www.calibereurope.com\/de\/smarthome_de_DE\/cameras_de_DE\/\"},{\"@type\":\"ListItem\",\"position\":5,\"name\":\"\u00dcberwachungskamera f\u00fcr au\u00dfen &#8211; Nachtansicht &#8211; WiFi &#8211; Pan\/Tilt &#8211; Smart Home App &#8211; wasserresistent (HWC403PT)\"}]},{\"@type\":\"WebSite\",\"@id\":\"https:\/\/www.calibereurope.com\/de\/#website\",\"url\":\"https:\/\/www.calibereurope.com\/de\/\",\"name\":\"Caliber\",\"description\":\"Sounds good!\",\"publisher\":{\"@id\":\"https:\/\/www.calibereurope.com\/de\/#organization\"},\"potentialAction\":[{\"@type\":\"SearchAction\",\"target\":{\"@type\":\"EntryPoint\",\"urlTemplate\":\"https:\/\/www.calibereurope.com\/de\/?s={search_term_string}\"},\"query-input\":{\"@type\":\"PropertyValueSpecification\",\"valueRequired\":true,\"valueName\":\"search_term_string\"}}],\"inLanguage\":\"de\"},{\"@type\":\"Organization\",\"@id\":\"https:\/\/www.calibereurope.com\/de\/#organization\",\"name\":\"Caliber Europe B.V.\",\"url\":\"https:\/\/www.calibereurope.com\/de\/\",\"logo\":{\"@type\":\"ImageObject\",\"inLanguage\":\"de\",\"@id\":\"https:\/\/www.calibereurope.com\/de\/#\/schema\/logo\/image\/\",\"url\":\"https:\/\/www.calibereurope.com\/wp-content\/uploads\/2019\/11\/Logo-Caliber-e1574846289621.png\",\"contentUrl\":\"https:\/\/www.calibereurope.com\/wp-content\/uploads\/2019\/11\/Logo-Caliber-e1574846289621.png\",\"width\":400,\"height\":69,\"caption\":\"Caliber Europe B.V.\"},\"image\":{\"@id\":\"https:\/\/www.calibereurope.com\/de\/#\/schema\/logo\/image\/\"},\"sameAs\":[\"https:\/\/facebook.com\/CaliberEurope\/\",\"https:\/\/x.com\/calibereurope\",\"https:\/\/www.instagram.com\/calibereurope\/\"]}]}<\/script>\n<meta property=\"product:price:amount\" content=\"79.00\" \/>\n<meta property=\"product:price:currency\" content=\"EUR\" \/>\n<meta property=\"og:availability\" content=\"out of stock\" \/>\n<meta property=\"product:availability\" content=\"out of stock\" \/>\n<meta property=\"product:retailer_item_id\" content=\"HWC403PT\" \/>\n<meta property=\"product:condition\" content=\"new\" \/>\n<!-- \/ Yoast SEO plugin. -->","yoast_head_json":{"title":"Sicherheitskamera f\u00fcr den Au\u00dfenbereich - Nachtsicht - WiFi - Schwenk-\/Neigefunktion - Smart Home App - Wasserdicht (HWC403PT) | Caliber","robots":{"index":"index","follow":"follow","max-snippet":"max-snippet:-1","max-image-preview":"max-image-preview:large","max-video-preview":"max-video-preview:-1"},"canonical":"https:\/\/www.calibereurope.com\/de\/produkt\/HWC403PT-de_DE\/","og_locale":"de_DE","og_type":"article","og_title":"Sicherheitskamera f\u00fcr den Au\u00dfenbereich - Nachtsicht - WiFi - Schwenk-\/Neigefunktion - Smart Home App - Wasserdicht (HWC403PT) | Caliber","og_description":"Behalten Sie Ihre Umgebung mit der Caliber HWC403PT \u00dcberwachungskamera f\u00fcr den Au\u00dfenbereich genau im Auge. Die Full HD-Kamera sorgt daf\u00fcr, dass Sie immer im Blick haben, was au\u00dferhalb Ihres Hauses oder B\u00fcros passiert. Selbst bei Nacht k\u00f6nnen Sie dank der Nachtsicht von bis zu 10 Metern genau sehen, was passiert. Sie k\u00f6nnen die Au\u00dfenkamera mit [&hellip;]","og_url":"https:\/\/www.calibereurope.com\/de\/produkt\/HWC403PT-de_DE\/","og_site_name":"Caliber","article_publisher":"https:\/\/facebook.com\/CaliberEurope\/","article_modified_time":"2025-10-27T11:39:14+00:00","og_image":[{"width":1024,"height":768,"url":"https:\/\/www.calibereurope.com\/wp-content\/uploads\/2023\/01\/5352749dfb292e6586128e04843daa004ec33c4b_HWC403PT_YOU-4.jpg","type":"image\/jpeg"}],"twitter_card":"summary_large_image","twitter_site":"@calibereurope","twitter_misc":{"Preis":"79,00","Availability":"Out of stock"},"schema":{"@context":"https:\/\/schema.org","@graph":[{"@type":"WebPage","@id":"https:\/\/www.calibereurope.com\/de\/produkt\/HWC403PT-de_DE\/","url":"https:\/\/www.calibereurope.com\/de\/produkt\/HWC403PT-de_DE\/","name":"Sicherheitskamera f\u00fcr den Au\u00dfenbereich - Nachtsicht - WiFi - Schwenk-\/Neigefunktion - Smart Home App - Wasserdicht (HWC403PT) | Caliber","isPartOf":{"@id":"https:\/\/www.calibereurope.com\/de\/#website"},"primaryImageOfPage":{"@id":"https:\/\/www.calibereurope.com\/de\/produkt\/HWC403PT-de_DE\/#primaryimage"},"image":{"@id":"https:\/\/www.calibereurope.com\/de\/produkt\/HWC403PT-de_DE\/#primaryimage"},"thumbnailUrl":"https:\/\/www.calibereurope.com\/wp-content\/uploads\/2025\/10\/5352749dfb292e6586128e04843daa004ec33c4b_HWC403PT_YOU.jpg","datePublished":"2025-10-27T00:00:00+00:00","dateModified":"2025-10-27T11:39:14+00:00","breadcrumb":{"@id":"https:\/\/www.calibereurope.com\/de\/produkt\/HWC403PT-de_DE\/#breadcrumb"},"inLanguage":"de","potentialAction":[{"@type":"ReadAction","target":["https:\/\/www.calibereurope.com\/de\/produkt\/HWC403PT-de_DE\/"]}]},{"@type":"ImageObject","inLanguage":"de","@id":"https:\/\/www.calibereurope.com\/de\/produkt\/HWC403PT-de_DE\/#primaryimage","url":"https:\/\/www.calibereurope.com\/wp-content\/uploads\/2025\/10\/5352749dfb292e6586128e04843daa004ec33c4b_HWC403PT_YOU.jpg","contentUrl":"https:\/\/www.calibereurope.com\/wp-content\/uploads\/2025\/10\/5352749dfb292e6586128e04843daa004ec33c4b_HWC403PT_YOU.jpg","width":1024,"height":768},{"@type":"BreadcrumbList","@id":"https:\/\/www.calibereurope.com\/de\/produkt\/HWC403PT-de_DE\/#breadcrumb","itemListElement":[{"@type":"ListItem","position":1,"name":"Home","item":"https:\/\/www.calibereurope.com\/de\/"},{"@type":"ListItem","position":2,"name":"Webshop","item":"https:\/\/www.calibereurope.com\/de\/webshop\/"},{"@type":"ListItem","position":3,"name":"Smart Home","item":"https:\/\/www.calibereurope.com\/de\/smarthome_de_DE\/"},{"@type":"ListItem","position":4,"name":"Kameras","item":"https:\/\/www.calibereurope.com\/de\/smarthome_de_DE\/cameras_de_DE\/"},{"@type":"ListItem","position":5,"name":"\u00dcberwachungskamera f\u00fcr au\u00dfen &#8211; Nachtansicht &#8211; WiFi &#8211; Pan\/Tilt &#8211; Smart Home App &#8211; wasserresistent (HWC403PT)"}]},{"@type":"WebSite","@id":"https:\/\/www.calibereurope.com\/de\/#website","url":"https:\/\/www.calibereurope.com\/de\/","name":"Caliber","description":"Sounds good!","publisher":{"@id":"https:\/\/www.calibereurope.com\/de\/#organization"},"potentialAction":[{"@type":"SearchAction","target":{"@type":"EntryPoint","urlTemplate":"https:\/\/www.calibereurope.com\/de\/?s={search_term_string}"},"query-input":{"@type":"PropertyValueSpecification","valueRequired":true,"valueName":"search_term_string"}}],"inLanguage":"de"},{"@type":"Organization","@id":"https:\/\/www.calibereurope.com\/de\/#organization","name":"Caliber Europe B.V.","url":"https:\/\/www.calibereurope.com\/de\/","logo":{"@type":"ImageObject","inLanguage":"de","@id":"https:\/\/www.calibereurope.com\/de\/#\/schema\/logo\/image\/","url":"https:\/\/www.calibereurope.com\/wp-content\/uploads\/2019\/11\/Logo-Caliber-e1574846289621.png","contentUrl":"https:\/\/www.calibereurope.com\/wp-content\/uploads\/2019\/11\/Logo-Caliber-e1574846289621.png","width":400,"height":69,"caption":"Caliber Europe B.V."},"image":{"@id":"https:\/\/www.calibereurope.com\/de\/#\/schema\/logo\/image\/"},"sameAs":["https:\/\/facebook.com\/CaliberEurope\/","https:\/\/x.com\/calibereurope","https:\/\/www.instagram.com\/calibereurope\/"]}]},"product_price_amount":"79.00","product_price_currency":"EUR","og_availability":"out of stock","product_availability":"out of stock","product_retailer_item_id":"HWC403PT","product_condition":"new"},"_links":{"self":[{"href":"https:\/\/www.calibereurope.com\/de\/wp-json\/wp\/v2\/product\/68090","targetHints":{"allow":["GET"]}}],"collection":[{"href":"https:\/\/www.calibereurope.com\/de\/wp-json\/wp\/v2\/product"}],"about":[{"href":"https:\/\/www.calibereurope.com\/de\/wp-json\/wp\/v2\/types\/product"}],"replies":[{"embeddable":true,"href":"https:\/\/www.calibereurope.com\/de\/wp-json\/wp\/v2\/comments?post=68090"}],"wp:featuredmedia":[{"embeddable":true,"href":"https:\/\/www.calibereurope.com\/de\/wp-json\/wp\/v2\/media\/1681048"}],"wp:attachment":[{"href":"https:\/\/www.calibereurope.com\/de\/wp-json\/wp\/v2\/media?parent=68090"}],"wp:term":[{"taxonomy":"product_brand","embeddable":true,"href":"https:\/\/www.calibereurope.com\/de\/wp-json\/wp\/v2\/product_brand?post=68090"},{"taxonomy":"product_cat","embeddable":true,"href":"https:\/\/www.calibereurope.com\/de\/wp-json\/wp\/v2\/product_cat?post=68090"},{"taxonomy":"product_tag","embeddable":true,"href":"https:\/\/www.calibereurope.com\/de\/wp-json\/wp\/v2\/product_tag?post=68090"}],"curies":[{"name":"wp","href":"https:\/\/api.w.org\/{rel}","templated":true}]}}