{"id":70914,"date":"2024-07-25T02:00:00","date_gmt":"2024-07-25T00:00:00","guid":{"rendered":""},"modified":"2024-07-25T15:49:16","modified_gmt":"2024-07-25T13:49:16","slug":"CDS13G-de_DE","status":"publish","type":"product","link":"https:\/\/www.calibereurope.com\/de\/produkt\/CDS13G-de_DE\/","title":{"rendered":"Autolautsprecher &#8211; 13cm Mit Gitter  2 Wege 100 Watt (CDS13G)"},"content":{"rendered":"<p>Das Autolautsprecherset Caliber CDS13G besteht aus 2 Lautsprechern von 13 Zentimetern (5,25 Zoll). Diese Lautsprecher verf\u00fcgen jeweils \u00fcber einen 5-Zoll-Tieft\u00f6ner und einen 30-Millimeter-Hocht\u00f6ner mit Mylar-Kalotte. Auf diese Weise k\u00f6nnen Sie die Details in Ihrer Musik w\u00e4hrend der Fahrt genie\u00dfen.<\/p>\n<p><strong>2-Wege-System<\/strong><br \/>Der Mylar-Dome-Hocht\u00f6ner ist solide gebaut und daher resistent gegen die Bewegungen beim Autofahren. Die Hocht\u00f6ner trennen die hohen T\u00f6ne in Ihrer Musik von den tiefen T\u00f6nen der Tieft\u00f6ner. Mit diesem 2-Wege-System k\u00f6nnen Sie einen pr\u00e4zisen Klang genie\u00dfen, bei dem H\u00f6hen und Tiefen gut gemischt sind. F\u00fcr zus\u00e4tzlichen Bass f\u00fcgen Sie beispielsweise einen zus\u00e4tzlichen Caliber Subwoofer<\/p>\n<p><strong>Power<\/strong><br \/> Die CDS13G-Lautsprecher k\u00f6nnen 40 Watt RMS verarbeiten, mit einer Spitzenleistung von 100 Watt. Mit einem Verst\u00e4rker bis zu 100 Watt in Ihrem Auto sind Sie damit gut bedient. F\u00fcr die stundenlange Musikwiedergabe wird ein Verst\u00e4rker mit bis zu 40 Watt empfohlen. Die Empfindlichkeit der Lautsprecher von 88 dB entspricht in etwa dem Ger\u00e4usch eines elektrischen Rasenm\u00e4hers. Genie\u00dfen Sie also auch unterwegs eine verst\u00e4ndliche Lautst\u00e4rke Ihrer Musik<\/p>\n<p><strong>Eingebaut<\/strong><br \/>Durch die Einbautiefe von 49 Millimetern bauen Sie den CDS13G-Lautsprechersatz einfach auf. Der Einbaudurchmesser der Lautsprecher betr\u00e4gt 11,5 Zentimeter. Ein Installationshandbuch wird als Standard mitgeliefert, so dass Sie im Handumdrehen loslegen k\u00f6nnen.<\/p>\n","protected":false},"excerpt":{"rendered":"<p>Das Autolautsprecherset Caliber CDS13G besteht aus 2 Lautsprechern von 13 Zentimetern (5,25 Zoll). Diese Lautsprecher verf\u00fcgen jeweils \u00fcber einen 5-Zoll-Tieft\u00f6ner und einen 30-Millimeter-Hocht\u00f6ner mit Mylar-Kalotte. Auf diese Weise k\u00f6nnen Sie die Details in Ihrer Musik w\u00e4hrend der Fahrt genie\u00dfen. 2-Wege-SystemDer Mylar-Dome-Hocht\u00f6ner ist solide gebaut und daher resistent gegen die Bewegungen beim Autofahren. Die Hocht\u00f6ner trennen [&hellip;]<\/p>\n","protected":false},"featured_media":1615633,"comment_status":"open","ping_status":"closed","template":"","meta":{"inline_featured_image":false},"product_brand":[],"product_cat":[7768,7804],"product_tag":[],"class_list":{"0":"post-70914","1":"product","2":"type-product","3":"status-publish","4":"has-post-thumbnail","6":"product_cat-auto_de_de","7":"product_cat-luidsprekers_auto_de_DE","9":"first","10":"outofstock","11":"taxable","12":"shipping-taxable","13":"purchasable","14":"product-type-simple"},"yoast_head":"<!-- This site is optimized with the Yoast SEO plugin v24.4 - https:\/\/yoast.com\/wordpress\/plugins\/seo\/ -->\n<title>Autolautsprecher - 13cm Mit Gitter 2 Wege 100 Watt (CDS13G) | Caliber<\/title>\n<meta name=\"robots\" content=\"index, follow, max-snippet:-1, max-image-preview:large, max-video-preview:-1\" \/>\n<link rel=\"canonical\" href=\"https:\/\/www.calibereurope.com\/de\/produkt\/CDS13G-de_DE\/\" \/>\n<meta property=\"og:locale\" content=\"de_DE\" \/>\n<meta property=\"og:type\" content=\"article\" \/>\n<meta property=\"og:title\" content=\"Autolautsprecher - 13cm Mit Gitter 2 Wege 100 Watt (CDS13G) | Caliber\" \/>\n<meta property=\"og:description\" content=\"Das Autolautsprecherset Caliber CDS13G besteht aus 2 Lautsprechern von 13 Zentimetern (5,25 Zoll). Diese Lautsprecher verf\u00fcgen jeweils \u00fcber einen 5-Zoll-Tieft\u00f6ner und einen 30-Millimeter-Hocht\u00f6ner mit Mylar-Kalotte. Auf diese Weise k\u00f6nnen Sie die Details in Ihrer Musik w\u00e4hrend der Fahrt genie\u00dfen. 2-Wege-SystemDer Mylar-Dome-Hocht\u00f6ner ist solide gebaut und daher resistent gegen die Bewegungen beim Autofahren. Die Hocht\u00f6ner trennen [&hellip;]\" \/>\n<meta property=\"og:url\" content=\"https:\/\/www.calibereurope.com\/de\/produkt\/CDS13G-de_DE\/\" \/>\n<meta property=\"og:site_name\" content=\"Caliber\" \/>\n<meta property=\"article:publisher\" content=\"https:\/\/facebook.com\/CaliberEurope\/\" \/>\n<meta property=\"article:modified_time\" content=\"2024-07-25T13:49:16+00:00\" \/>\n<meta property=\"og:image\" content=\"https:\/\/www.calibereurope.com\/wp-content\/uploads\/2022\/11\/4cb5b98c937e1e4492c57932df02fe08dd9f59f8_CDS13G-4-scaled.jpg\" \/>\n\t<meta property=\"og:image:width\" content=\"2560\" \/>\n\t<meta property=\"og:image:height\" content=\"1921\" \/>\n\t<meta property=\"og:image:type\" content=\"image\/jpeg\" \/>\n<meta name=\"twitter:card\" content=\"summary_large_image\" \/>\n<meta name=\"twitter:site\" content=\"@calibereurope\" \/>\n<meta name=\"twitter:label1\" content=\"Preis\" \/>\n\t<meta name=\"twitter:data1\" content=\"30,95\" \/>\n\t<meta name=\"twitter:label2\" content=\"Availability\" \/>\n\t<meta name=\"twitter:data2\" content=\"Out of stock\" \/>\n<script type=\"application\/ld+json\" class=\"yoast-schema-graph\">{\"@context\":\"https:\/\/schema.org\",\"@graph\":[{\"@type\":\"WebPage\",\"@id\":\"https:\/\/www.calibereurope.com\/de\/produkt\/CDS13G-de_DE\/\",\"url\":\"https:\/\/www.calibereurope.com\/de\/produkt\/CDS13G-de_DE\/\",\"name\":\"Autolautsprecher - 13cm Mit Gitter 2 Wege 100 Watt (CDS13G) | Caliber\",\"isPartOf\":{\"@id\":\"https:\/\/www.calibereurope.com\/de\/#website\"},\"primaryImageOfPage\":{\"@id\":\"https:\/\/www.calibereurope.com\/de\/produkt\/CDS13G-de_DE\/#primaryimage\"},\"image\":{\"@id\":\"https:\/\/www.calibereurope.com\/de\/produkt\/CDS13G-de_DE\/#primaryimage\"},\"thumbnailUrl\":\"https:\/\/www.calibereurope.com\/wp-content\/uploads\/2024\/07\/4cb5b98c937e1e4492c57932df02fe08dd9f59f8_CDS13G-scaled.jpg\",\"datePublished\":\"2024-07-25T00:00:00+00:00\",\"dateModified\":\"2024-07-25T13:49:16+00:00\",\"breadcrumb\":{\"@id\":\"https:\/\/www.calibereurope.com\/de\/produkt\/CDS13G-de_DE\/#breadcrumb\"},\"inLanguage\":\"de\",\"potentialAction\":[{\"@type\":\"ReadAction\",\"target\":[\"https:\/\/www.calibereurope.com\/de\/produkt\/CDS13G-de_DE\/\"]}]},{\"@type\":\"ImageObject\",\"inLanguage\":\"de\",\"@id\":\"https:\/\/www.calibereurope.com\/de\/produkt\/CDS13G-de_DE\/#primaryimage\",\"url\":\"https:\/\/www.calibereurope.com\/wp-content\/uploads\/2024\/07\/4cb5b98c937e1e4492c57932df02fe08dd9f59f8_CDS13G-scaled.jpg\",\"contentUrl\":\"https:\/\/www.calibereurope.com\/wp-content\/uploads\/2024\/07\/4cb5b98c937e1e4492c57932df02fe08dd9f59f8_CDS13G-scaled.jpg\",\"width\":2560,\"height\":1921},{\"@type\":\"BreadcrumbList\",\"@id\":\"https:\/\/www.calibereurope.com\/de\/produkt\/CDS13G-de_DE\/#breadcrumb\",\"itemListElement\":[{\"@type\":\"ListItem\",\"position\":1,\"name\":\"Home\",\"item\":\"https:\/\/www.calibereurope.com\/de\/\"},{\"@type\":\"ListItem\",\"position\":2,\"name\":\"Webshop\",\"item\":\"https:\/\/www.calibereurope.com\/de\/webshop\/\"},{\"@type\":\"ListItem\",\"position\":3,\"name\":\"Auto\",\"item\":\"https:\/\/www.calibereurope.com\/de\/auto_de_de\/\"},{\"@type\":\"ListItem\",\"position\":4,\"name\":\"Redner\",\"item\":\"https:\/\/www.calibereurope.com\/de\/auto_de_de\/luidsprekers_auto_de_DE\/\"},{\"@type\":\"ListItem\",\"position\":5,\"name\":\"Autolautsprecher &#8211; 13cm Mit Gitter 2 Wege 100 Watt (CDS13G)\"}]},{\"@type\":\"WebSite\",\"@id\":\"https:\/\/www.calibereurope.com\/de\/#website\",\"url\":\"https:\/\/www.calibereurope.com\/de\/\",\"name\":\"Caliber\",\"description\":\"Sounds good!\",\"publisher\":{\"@id\":\"https:\/\/www.calibereurope.com\/de\/#organization\"},\"potentialAction\":[{\"@type\":\"SearchAction\",\"target\":{\"@type\":\"EntryPoint\",\"urlTemplate\":\"https:\/\/www.calibereurope.com\/de\/?s={search_term_string}\"},\"query-input\":{\"@type\":\"PropertyValueSpecification\",\"valueRequired\":true,\"valueName\":\"search_term_string\"}}],\"inLanguage\":\"de\"},{\"@type\":\"Organization\",\"@id\":\"https:\/\/www.calibereurope.com\/de\/#organization\",\"name\":\"Caliber Europe B.V.\",\"url\":\"https:\/\/www.calibereurope.com\/de\/\",\"logo\":{\"@type\":\"ImageObject\",\"inLanguage\":\"de\",\"@id\":\"https:\/\/www.calibereurope.com\/de\/#\/schema\/logo\/image\/\",\"url\":\"https:\/\/www.calibereurope.com\/wp-content\/uploads\/2019\/11\/Logo-Caliber-e1574846289621.png\",\"contentUrl\":\"https:\/\/www.calibereurope.com\/wp-content\/uploads\/2019\/11\/Logo-Caliber-e1574846289621.png\",\"width\":400,\"height\":69,\"caption\":\"Caliber Europe B.V.\"},\"image\":{\"@id\":\"https:\/\/www.calibereurope.com\/de\/#\/schema\/logo\/image\/\"},\"sameAs\":[\"https:\/\/facebook.com\/CaliberEurope\/\",\"https:\/\/x.com\/calibereurope\",\"https:\/\/www.instagram.com\/calibereurope\/\"]}]}<\/script>\n<meta property=\"product:price:amount\" content=\"30.95\" \/>\n<meta property=\"product:price:currency\" content=\"EUR\" \/>\n<meta property=\"og:availability\" content=\"out of stock\" \/>\n<meta property=\"product:availability\" content=\"out of stock\" \/>\n<meta property=\"product:retailer_item_id\" content=\"CDS13G\" \/>\n<meta property=\"product:condition\" content=\"new\" \/>\n<!-- \/ Yoast SEO plugin. -->","yoast_head_json":{"title":"Autolautsprecher - 13cm Mit Gitter 2 Wege 100 Watt (CDS13G) | Caliber","robots":{"index":"index","follow":"follow","max-snippet":"max-snippet:-1","max-image-preview":"max-image-preview:large","max-video-preview":"max-video-preview:-1"},"canonical":"https:\/\/www.calibereurope.com\/de\/produkt\/CDS13G-de_DE\/","og_locale":"de_DE","og_type":"article","og_title":"Autolautsprecher - 13cm Mit Gitter 2 Wege 100 Watt (CDS13G) | Caliber","og_description":"Das Autolautsprecherset Caliber CDS13G besteht aus 2 Lautsprechern von 13 Zentimetern (5,25 Zoll). Diese Lautsprecher verf\u00fcgen jeweils \u00fcber einen 5-Zoll-Tieft\u00f6ner und einen 30-Millimeter-Hocht\u00f6ner mit Mylar-Kalotte. Auf diese Weise k\u00f6nnen Sie die Details in Ihrer Musik w\u00e4hrend der Fahrt genie\u00dfen. 2-Wege-SystemDer Mylar-Dome-Hocht\u00f6ner ist solide gebaut und daher resistent gegen die Bewegungen beim Autofahren. Die Hocht\u00f6ner trennen [&hellip;]","og_url":"https:\/\/www.calibereurope.com\/de\/produkt\/CDS13G-de_DE\/","og_site_name":"Caliber","article_publisher":"https:\/\/facebook.com\/CaliberEurope\/","article_modified_time":"2024-07-25T13:49:16+00:00","og_image":[{"width":2560,"height":1921,"url":"https:\/\/www.calibereurope.com\/wp-content\/uploads\/2022\/11\/4cb5b98c937e1e4492c57932df02fe08dd9f59f8_CDS13G-4-scaled.jpg","type":"image\/jpeg"}],"twitter_card":"summary_large_image","twitter_site":"@calibereurope","twitter_misc":{"Preis":"30,95","Availability":"Out of stock"},"schema":{"@context":"https:\/\/schema.org","@graph":[{"@type":"WebPage","@id":"https:\/\/www.calibereurope.com\/de\/produkt\/CDS13G-de_DE\/","url":"https:\/\/www.calibereurope.com\/de\/produkt\/CDS13G-de_DE\/","name":"Autolautsprecher - 13cm Mit Gitter 2 Wege 100 Watt (CDS13G) | Caliber","isPartOf":{"@id":"https:\/\/www.calibereurope.com\/de\/#website"},"primaryImageOfPage":{"@id":"https:\/\/www.calibereurope.com\/de\/produkt\/CDS13G-de_DE\/#primaryimage"},"image":{"@id":"https:\/\/www.calibereurope.com\/de\/produkt\/CDS13G-de_DE\/#primaryimage"},"thumbnailUrl":"https:\/\/www.calibereurope.com\/wp-content\/uploads\/2024\/07\/4cb5b98c937e1e4492c57932df02fe08dd9f59f8_CDS13G-scaled.jpg","datePublished":"2024-07-25T00:00:00+00:00","dateModified":"2024-07-25T13:49:16+00:00","breadcrumb":{"@id":"https:\/\/www.calibereurope.com\/de\/produkt\/CDS13G-de_DE\/#breadcrumb"},"inLanguage":"de","potentialAction":[{"@type":"ReadAction","target":["https:\/\/www.calibereurope.com\/de\/produkt\/CDS13G-de_DE\/"]}]},{"@type":"ImageObject","inLanguage":"de","@id":"https:\/\/www.calibereurope.com\/de\/produkt\/CDS13G-de_DE\/#primaryimage","url":"https:\/\/www.calibereurope.com\/wp-content\/uploads\/2024\/07\/4cb5b98c937e1e4492c57932df02fe08dd9f59f8_CDS13G-scaled.jpg","contentUrl":"https:\/\/www.calibereurope.com\/wp-content\/uploads\/2024\/07\/4cb5b98c937e1e4492c57932df02fe08dd9f59f8_CDS13G-scaled.jpg","width":2560,"height":1921},{"@type":"BreadcrumbList","@id":"https:\/\/www.calibereurope.com\/de\/produkt\/CDS13G-de_DE\/#breadcrumb","itemListElement":[{"@type":"ListItem","position":1,"name":"Home","item":"https:\/\/www.calibereurope.com\/de\/"},{"@type":"ListItem","position":2,"name":"Webshop","item":"https:\/\/www.calibereurope.com\/de\/webshop\/"},{"@type":"ListItem","position":3,"name":"Auto","item":"https:\/\/www.calibereurope.com\/de\/auto_de_de\/"},{"@type":"ListItem","position":4,"name":"Redner","item":"https:\/\/www.calibereurope.com\/de\/auto_de_de\/luidsprekers_auto_de_DE\/"},{"@type":"ListItem","position":5,"name":"Autolautsprecher &#8211; 13cm Mit Gitter 2 Wege 100 Watt (CDS13G)"}]},{"@type":"WebSite","@id":"https:\/\/www.calibereurope.com\/de\/#website","url":"https:\/\/www.calibereurope.com\/de\/","name":"Caliber","description":"Sounds good!","publisher":{"@id":"https:\/\/www.calibereurope.com\/de\/#organization"},"potentialAction":[{"@type":"SearchAction","target":{"@type":"EntryPoint","urlTemplate":"https:\/\/www.calibereurope.com\/de\/?s={search_term_string}"},"query-input":{"@type":"PropertyValueSpecification","valueRequired":true,"valueName":"search_term_string"}}],"inLanguage":"de"},{"@type":"Organization","@id":"https:\/\/www.calibereurope.com\/de\/#organization","name":"Caliber Europe B.V.","url":"https:\/\/www.calibereurope.com\/de\/","logo":{"@type":"ImageObject","inLanguage":"de","@id":"https:\/\/www.calibereurope.com\/de\/#\/schema\/logo\/image\/","url":"https:\/\/www.calibereurope.com\/wp-content\/uploads\/2019\/11\/Logo-Caliber-e1574846289621.png","contentUrl":"https:\/\/www.calibereurope.com\/wp-content\/uploads\/2019\/11\/Logo-Caliber-e1574846289621.png","width":400,"height":69,"caption":"Caliber Europe B.V."},"image":{"@id":"https:\/\/www.calibereurope.com\/de\/#\/schema\/logo\/image\/"},"sameAs":["https:\/\/facebook.com\/CaliberEurope\/","https:\/\/x.com\/calibereurope","https:\/\/www.instagram.com\/calibereurope\/"]}]},"product_price_amount":"30.95","product_price_currency":"EUR","og_availability":"out of stock","product_availability":"out of stock","product_retailer_item_id":"CDS13G","product_condition":"new"},"_links":{"self":[{"href":"https:\/\/www.calibereurope.com\/de\/wp-json\/wp\/v2\/product\/70914","targetHints":{"allow":["GET"]}}],"collection":[{"href":"https:\/\/www.calibereurope.com\/de\/wp-json\/wp\/v2\/product"}],"about":[{"href":"https:\/\/www.calibereurope.com\/de\/wp-json\/wp\/v2\/types\/product"}],"replies":[{"embeddable":true,"href":"https:\/\/www.calibereurope.com\/de\/wp-json\/wp\/v2\/comments?post=70914"}],"wp:featuredmedia":[{"embeddable":true,"href":"https:\/\/www.calibereurope.com\/de\/wp-json\/wp\/v2\/media\/1615633"}],"wp:attachment":[{"href":"https:\/\/www.calibereurope.com\/de\/wp-json\/wp\/v2\/media?parent=70914"}],"wp:term":[{"taxonomy":"product_brand","embeddable":true,"href":"https:\/\/www.calibereurope.com\/de\/wp-json\/wp\/v2\/product_brand?post=70914"},{"taxonomy":"product_cat","embeddable":true,"href":"https:\/\/www.calibereurope.com\/de\/wp-json\/wp\/v2\/product_cat?post=70914"},{"taxonomy":"product_tag","embeddable":true,"href":"https:\/\/www.calibereurope.com\/de\/wp-json\/wp\/v2\/product_tag?post=70914"}],"curies":[{"name":"wp","href":"https:\/\/api.w.org\/{rel}","templated":true}]}}