{"id":72255,"date":"2026-04-12T00:00:00","date_gmt":"2026-04-12T00:00:00","guid":{"rendered":"0"},"modified":"2026-04-12T11:35:54","modified_gmt":"2026-04-12T09:35:54","slug":"MPD278T-de_DE","status":"publish","type":"product","link":"https:\/\/www.calibereurope.com\/de\/produkt\/MPD278T-de_DE\/","title":{"rendered":"Tragbarer DVD-Player f\u00fcr das Auto &#8211; Set mit 2 Bildschirmen &#8211; 7 Zoll &#8211; mit Akku f\u00fcr 1,5 Stunden Spielzeit (MPD278T)"},"content":{"rendered":"<p>Genie\u00dfen Sie die besten Videos und Filme w\u00e4hrend einer langen Autofahrt zu Freunden und Familie mit dem Caliber MPD278T tragbaren DVD-Player. Der Auto-DVD-Player ist speziell f\u00fcr stundenlanges Fernsehvergn\u00fcgen konzipiert. Mit <strong>zwei 7-Zoll-Bildschirmen <\/strong>k\u00f6nnen die Insassen w\u00e4hrend der Fahrt ihre Lieblings-DVDs anschauen. Die Player k\u00f6nnen <strong>einzeln und zusammen verwendet werden<\/strong>. Der DVD-Player verf\u00fcgt \u00fcber eine <strong>Batterie<\/strong>, sodass Sie auch bei ausgeschaltetem Motor weiterschauen k\u00f6nnen. Sie k\u00f6nnen DVDs abspielen, aber auch \u00fcber <strong>USB <\/strong>oder <strong>SD <\/strong>abspielen. Die <strong>eingebauten Lautsprecher <\/strong>liefern einen guten Klang.<\/p>\n<p><\/p>\n<p><strong>Merkmale:<\/strong><\/p>\n<ul>\n<li>2 tragbare DVD-Player<\/li>\n<li>Einzeln und zusammen verwendbar<\/li>\n<li>7-Zoll-Bildschirm<\/li>\n<li>Inklusive Batterie f\u00fcr 1,5 Stunden Spielzeit<\/li>\n<li>12V\/24V Autoanschluss<\/li>\n<li>Aufl\u00f6sung 800 x 480<\/li>\n<li>USB und SD bis zu 32GB<\/li>\n<li>CD\/DVD\/VCD\/MP3\/MPEG4\/DivX und JPEG<\/li>\n<li>Eingebaute Lautsprecher<\/li>\n<li>AV-Eing\u00e4nge und -Ausg\u00e4nge<\/li>\n<li>3,5 mm Kopfh\u00f6rerbuchse<\/li>\n<\/ul>\n<h3>Genie\u00dfen Sie lange Autoreisen<\/h3>\n<p>Finden Sie lange Autofahrten langweilig? Mit diesen praktischen tragbaren DVD-Playern im Auto ist das f\u00fcr Kinder kein Problem mehr! Sie werden Ihre Lieblingsfilme, -serien oder -videos stundenlang unterwegs genie\u00dfen k\u00f6nnen. Der DVD-Player besteht aus 2 Bildschirmen, die separat genutzt werden k\u00f6nnen, sodass jeder im Auto seine eigenen Filme ausw\u00e4hlen kann. Sie k\u00f6nnen auch gemeinsam schauen und die Bildschirme miteinander verbinden, um gemeinsam zu genie\u00dfen. Dank des 7-Zoll-Bildschirms und der Aufl\u00f6sung von 800*480 werden Sie immer sch\u00f6ne Bilder genie\u00dfen k\u00f6nnen.<\/p>\n<h3>Gro\u00dfe Auswahl an Dateiformaten<\/h3>\n<p>Egal, ob Sie Ihre Filme auf DVDs, SD-Karten oder USB-Sticks speichern, mit diesen Auto-DVD-Bildschirmen k\u00f6nnen Sie sie alle abspielen. Sehen Sie sich also Videos im MP3-, MPEG4- und DivX-Format an oder betrachten Sie JPEG-Fotodateien, wo immer Sie sind.<\/p>\n<h3>\u00dcberall aufstellbar<\/h3>\n<p>Der DVD-Player kann mit dem mitgelieferten Befestigungssystem einfach an der Kopfst\u00fctze des Autos angebracht werden. Dank des eingebauten Tischst\u00e4nders k\u00f6nnen Sie den tragbaren DVD-Player auch \u00fcberall aufstellen. Verwenden Sie die Player zum Beispiel auf dem Campingplatz oder in einem Ferienhaus und versorgen Sie sie \u00fcber das PS32-Netzteil. Die eingebauten Lautsprecher sorgen daf\u00fcr, dass Sie in jeder Umgebung guten Klang genie\u00dfen k\u00f6nnen.<\/p>\n<p><\/p>\n<p><strong>&nbsp;Mitgeliefert:<\/strong><\/p>\n<ul>\n<li>2 tragbare DVD-Player<\/li>\n<li>Befestigungssystem f\u00fcr die Kopfst\u00fctze<\/li>\n<li>Verbindungskabel<\/li>\n<li>Kopfh\u00f6rer<\/li>\n<li>Kopfst\u00fctzb\u00e4nder<\/li>\n<li>12\/24V Zigarettenanz\u00fcnder-Stecker<\/li>\n<li>2 Fernbedienungen<\/li>\n<\/ul>\n","protected":false},"excerpt":{"rendered":"<p>Genie\u00dfen Sie die besten Videos und Filme w\u00e4hrend einer langen Autofahrt zu Freunden und Familie mit dem Caliber MPD278T tragbaren DVD-Player. Der Auto-DVD-Player ist speziell f\u00fcr stundenlanges Fernsehvergn\u00fcgen konzipiert. Mit zwei 7-Zoll-Bildschirmen k\u00f6nnen die Insassen w\u00e4hrend der Fahrt ihre Lieblings-DVDs anschauen. Die Player k\u00f6nnen einzeln und zusammen verwendet werden. Der DVD-Player verf\u00fcgt \u00fcber eine Batterie, [&hellip;]<\/p>\n","protected":false},"featured_media":1687953,"comment_status":"open","ping_status":"open","template":"","meta":{"inline_featured_image":false},"product_brand":[],"product_cat":[7816,7819],"product_tag":[],"class_list":{"0":"post-72255","1":"product","2":"type-product","3":"status-publish","4":"has-post-thumbnail","6":"product_cat-beeld_de_DE","7":"product_cat-dvd_en_dvb_t_de_DE","9":"first","10":"instock","11":"taxable","12":"shipping-taxable","13":"purchasable","14":"product-type-simple"},"yoast_head":"<!-- This site is optimized with the Yoast SEO plugin v24.4 - https:\/\/yoast.com\/wordpress\/plugins\/seo\/ -->\n<title>Tragbarer DVD-Player f\u00fcr das Auto - Set mit 2 Bildschirmen - 7 Zoll - mit Akku f\u00fcr 1,5 Stunden Spielzeit (MPD278T) | Caliber<\/title>\n<meta name=\"robots\" content=\"index, follow, max-snippet:-1, max-image-preview:large, max-video-preview:-1\" \/>\n<link rel=\"canonical\" href=\"https:\/\/www.calibereurope.com\/de\/produkt\/MPD278T-de_DE\/\" \/>\n<meta property=\"og:locale\" content=\"de_DE\" \/>\n<meta property=\"og:type\" content=\"article\" \/>\n<meta property=\"og:title\" content=\"Tragbarer DVD-Player f\u00fcr das Auto - Set mit 2 Bildschirmen - 7 Zoll - mit Akku f\u00fcr 1,5 Stunden Spielzeit (MPD278T) | Caliber\" \/>\n<meta property=\"og:description\" content=\"Genie\u00dfen Sie die besten Videos und Filme w\u00e4hrend einer langen Autofahrt zu Freunden und Familie mit dem Caliber MPD278T tragbaren DVD-Player. Der Auto-DVD-Player ist speziell f\u00fcr stundenlanges Fernsehvergn\u00fcgen konzipiert. Mit zwei 7-Zoll-Bildschirmen k\u00f6nnen die Insassen w\u00e4hrend der Fahrt ihre Lieblings-DVDs anschauen. Die Player k\u00f6nnen einzeln und zusammen verwendet werden. Der DVD-Player verf\u00fcgt \u00fcber eine Batterie, [&hellip;]\" \/>\n<meta property=\"og:url\" content=\"https:\/\/www.calibereurope.com\/de\/produkt\/MPD278T-de_DE\/\" \/>\n<meta property=\"og:site_name\" content=\"Caliber\" \/>\n<meta property=\"article:publisher\" content=\"https:\/\/facebook.com\/CaliberEurope\/\" \/>\n<meta property=\"article:modified_time\" content=\"2026-04-12T09:35:54+00:00\" \/>\n<meta property=\"og:image\" content=\"https:\/\/www.calibereurope.com\/wp-content\/uploads\/2023\/02\/f021dedbc1c6ece57914c2414dd9e9ecba9693d2_MPD278T_set_kids-3.jpg\" \/>\n\t<meta property=\"og:image:width\" content=\"1024\" \/>\n\t<meta property=\"og:image:height\" content=\"666\" \/>\n\t<meta property=\"og:image:type\" content=\"image\/jpeg\" \/>\n<meta name=\"twitter:card\" content=\"summary_large_image\" \/>\n<meta name=\"twitter:site\" content=\"@calibereurope\" \/>\n<meta name=\"twitter:label1\" content=\"Preis\" \/>\n\t<meta name=\"twitter:data1\" content=\"149,00\" \/>\n\t<meta name=\"twitter:label2\" content=\"Availability\" \/>\n\t<meta name=\"twitter:data2\" content=\"In stock\" \/>\n<script type=\"application\/ld+json\" class=\"yoast-schema-graph\">{\"@context\":\"https:\/\/schema.org\",\"@graph\":[{\"@type\":\"WebPage\",\"@id\":\"https:\/\/www.calibereurope.com\/de\/produkt\/MPD278T-de_DE\/\",\"url\":\"https:\/\/www.calibereurope.com\/de\/produkt\/MPD278T-de_DE\/\",\"name\":\"Tragbarer DVD-Player f\u00fcr das Auto - Set mit 2 Bildschirmen - 7 Zoll - mit Akku f\u00fcr 1,5 Stunden Spielzeit (MPD278T) | Caliber\",\"isPartOf\":{\"@id\":\"https:\/\/www.calibereurope.com\/de\/#website\"},\"primaryImageOfPage\":{\"@id\":\"https:\/\/www.calibereurope.com\/de\/produkt\/MPD278T-de_DE\/#primaryimage\"},\"image\":{\"@id\":\"https:\/\/www.calibereurope.com\/de\/produkt\/MPD278T-de_DE\/#primaryimage\"},\"thumbnailUrl\":\"https:\/\/www.calibereurope.com\/wp-content\/uploads\/2026\/04\/f021dedbc1c6ece57914c2414dd9e9ecba9693d2_MPD278T_set_kids-3.jpg\",\"datePublished\":\"2026-04-12T00:00:00+00:00\",\"dateModified\":\"2026-04-12T09:35:54+00:00\",\"breadcrumb\":{\"@id\":\"https:\/\/www.calibereurope.com\/de\/produkt\/MPD278T-de_DE\/#breadcrumb\"},\"inLanguage\":\"de\",\"potentialAction\":[{\"@type\":\"ReadAction\",\"target\":[\"https:\/\/www.calibereurope.com\/de\/produkt\/MPD278T-de_DE\/\"]}]},{\"@type\":\"ImageObject\",\"inLanguage\":\"de\",\"@id\":\"https:\/\/www.calibereurope.com\/de\/produkt\/MPD278T-de_DE\/#primaryimage\",\"url\":\"https:\/\/www.calibereurope.com\/wp-content\/uploads\/2026\/04\/f021dedbc1c6ece57914c2414dd9e9ecba9693d2_MPD278T_set_kids-3.jpg\",\"contentUrl\":\"https:\/\/www.calibereurope.com\/wp-content\/uploads\/2026\/04\/f021dedbc1c6ece57914c2414dd9e9ecba9693d2_MPD278T_set_kids-3.jpg\",\"width\":1024,\"height\":666},{\"@type\":\"BreadcrumbList\",\"@id\":\"https:\/\/www.calibereurope.com\/de\/produkt\/MPD278T-de_DE\/#breadcrumb\",\"itemListElement\":[{\"@type\":\"ListItem\",\"position\":1,\"name\":\"Home\",\"item\":\"https:\/\/www.calibereurope.com\/de\/\"},{\"@type\":\"ListItem\",\"position\":2,\"name\":\"Webshop\",\"item\":\"https:\/\/www.calibereurope.com\/de\/webshop\/\"},{\"@type\":\"ListItem\",\"position\":3,\"name\":\"Bild\",\"item\":\"https:\/\/www.calibereurope.com\/de\/beeld_de_DE\/\"},{\"@type\":\"ListItem\",\"position\":4,\"name\":\"DVD & DVB-t\",\"item\":\"https:\/\/www.calibereurope.com\/de\/beeld_de_DE\/dvd_en_dvb_t_de_DE\/\"},{\"@type\":\"ListItem\",\"position\":5,\"name\":\"Tragbarer DVD-Player f\u00fcr das Auto &#8211; Set mit 2 Bildschirmen &#8211; 7 Zoll &#8211; mit Akku f\u00fcr 1,5 Stunden Spielzeit (MPD278T)\"}]},{\"@type\":\"WebSite\",\"@id\":\"https:\/\/www.calibereurope.com\/de\/#website\",\"url\":\"https:\/\/www.calibereurope.com\/de\/\",\"name\":\"Caliber\",\"description\":\"Sounds good!\",\"publisher\":{\"@id\":\"https:\/\/www.calibereurope.com\/de\/#organization\"},\"potentialAction\":[{\"@type\":\"SearchAction\",\"target\":{\"@type\":\"EntryPoint\",\"urlTemplate\":\"https:\/\/www.calibereurope.com\/de\/?s={search_term_string}\"},\"query-input\":{\"@type\":\"PropertyValueSpecification\",\"valueRequired\":true,\"valueName\":\"search_term_string\"}}],\"inLanguage\":\"de\"},{\"@type\":\"Organization\",\"@id\":\"https:\/\/www.calibereurope.com\/de\/#organization\",\"name\":\"Caliber Europe B.V.\",\"url\":\"https:\/\/www.calibereurope.com\/de\/\",\"logo\":{\"@type\":\"ImageObject\",\"inLanguage\":\"de\",\"@id\":\"https:\/\/www.calibereurope.com\/de\/#\/schema\/logo\/image\/\",\"url\":\"https:\/\/www.calibereurope.com\/wp-content\/uploads\/2019\/11\/Logo-Caliber-e1574846289621.png\",\"contentUrl\":\"https:\/\/www.calibereurope.com\/wp-content\/uploads\/2019\/11\/Logo-Caliber-e1574846289621.png\",\"width\":400,\"height\":69,\"caption\":\"Caliber Europe B.V.\"},\"image\":{\"@id\":\"https:\/\/www.calibereurope.com\/de\/#\/schema\/logo\/image\/\"},\"sameAs\":[\"https:\/\/facebook.com\/CaliberEurope\/\",\"https:\/\/x.com\/calibereurope\",\"https:\/\/www.instagram.com\/calibereurope\/\"]}]}<\/script>\n<meta property=\"product:price:amount\" content=\"149.00\" \/>\n<meta property=\"product:price:currency\" content=\"EUR\" \/>\n<meta property=\"og:availability\" content=\"instock\" \/>\n<meta property=\"product:availability\" content=\"instock\" \/>\n<meta property=\"product:retailer_item_id\" content=\"MPD278T\" \/>\n<meta property=\"product:condition\" content=\"new\" \/>\n<!-- \/ Yoast SEO plugin. -->","yoast_head_json":{"title":"Tragbarer DVD-Player f\u00fcr das Auto - Set mit 2 Bildschirmen - 7 Zoll - mit Akku f\u00fcr 1,5 Stunden Spielzeit (MPD278T) | Caliber","robots":{"index":"index","follow":"follow","max-snippet":"max-snippet:-1","max-image-preview":"max-image-preview:large","max-video-preview":"max-video-preview:-1"},"canonical":"https:\/\/www.calibereurope.com\/de\/produkt\/MPD278T-de_DE\/","og_locale":"de_DE","og_type":"article","og_title":"Tragbarer DVD-Player f\u00fcr das Auto - Set mit 2 Bildschirmen - 7 Zoll - mit Akku f\u00fcr 1,5 Stunden Spielzeit (MPD278T) | Caliber","og_description":"Genie\u00dfen Sie die besten Videos und Filme w\u00e4hrend einer langen Autofahrt zu Freunden und Familie mit dem Caliber MPD278T tragbaren DVD-Player. Der Auto-DVD-Player ist speziell f\u00fcr stundenlanges Fernsehvergn\u00fcgen konzipiert. Mit zwei 7-Zoll-Bildschirmen k\u00f6nnen die Insassen w\u00e4hrend der Fahrt ihre Lieblings-DVDs anschauen. Die Player k\u00f6nnen einzeln und zusammen verwendet werden. Der DVD-Player verf\u00fcgt \u00fcber eine Batterie, [&hellip;]","og_url":"https:\/\/www.calibereurope.com\/de\/produkt\/MPD278T-de_DE\/","og_site_name":"Caliber","article_publisher":"https:\/\/facebook.com\/CaliberEurope\/","article_modified_time":"2026-04-12T09:35:54+00:00","og_image":[{"width":1024,"height":666,"url":"https:\/\/www.calibereurope.com\/wp-content\/uploads\/2023\/02\/f021dedbc1c6ece57914c2414dd9e9ecba9693d2_MPD278T_set_kids-3.jpg","type":"image\/jpeg"}],"twitter_card":"summary_large_image","twitter_site":"@calibereurope","twitter_misc":{"Preis":"149,00","Availability":"In stock"},"schema":{"@context":"https:\/\/schema.org","@graph":[{"@type":"WebPage","@id":"https:\/\/www.calibereurope.com\/de\/produkt\/MPD278T-de_DE\/","url":"https:\/\/www.calibereurope.com\/de\/produkt\/MPD278T-de_DE\/","name":"Tragbarer DVD-Player f\u00fcr das Auto - Set mit 2 Bildschirmen - 7 Zoll - mit Akku f\u00fcr 1,5 Stunden Spielzeit (MPD278T) | Caliber","isPartOf":{"@id":"https:\/\/www.calibereurope.com\/de\/#website"},"primaryImageOfPage":{"@id":"https:\/\/www.calibereurope.com\/de\/produkt\/MPD278T-de_DE\/#primaryimage"},"image":{"@id":"https:\/\/www.calibereurope.com\/de\/produkt\/MPD278T-de_DE\/#primaryimage"},"thumbnailUrl":"https:\/\/www.calibereurope.com\/wp-content\/uploads\/2026\/04\/f021dedbc1c6ece57914c2414dd9e9ecba9693d2_MPD278T_set_kids-3.jpg","datePublished":"2026-04-12T00:00:00+00:00","dateModified":"2026-04-12T09:35:54+00:00","breadcrumb":{"@id":"https:\/\/www.calibereurope.com\/de\/produkt\/MPD278T-de_DE\/#breadcrumb"},"inLanguage":"de","potentialAction":[{"@type":"ReadAction","target":["https:\/\/www.calibereurope.com\/de\/produkt\/MPD278T-de_DE\/"]}]},{"@type":"ImageObject","inLanguage":"de","@id":"https:\/\/www.calibereurope.com\/de\/produkt\/MPD278T-de_DE\/#primaryimage","url":"https:\/\/www.calibereurope.com\/wp-content\/uploads\/2026\/04\/f021dedbc1c6ece57914c2414dd9e9ecba9693d2_MPD278T_set_kids-3.jpg","contentUrl":"https:\/\/www.calibereurope.com\/wp-content\/uploads\/2026\/04\/f021dedbc1c6ece57914c2414dd9e9ecba9693d2_MPD278T_set_kids-3.jpg","width":1024,"height":666},{"@type":"BreadcrumbList","@id":"https:\/\/www.calibereurope.com\/de\/produkt\/MPD278T-de_DE\/#breadcrumb","itemListElement":[{"@type":"ListItem","position":1,"name":"Home","item":"https:\/\/www.calibereurope.com\/de\/"},{"@type":"ListItem","position":2,"name":"Webshop","item":"https:\/\/www.calibereurope.com\/de\/webshop\/"},{"@type":"ListItem","position":3,"name":"Bild","item":"https:\/\/www.calibereurope.com\/de\/beeld_de_DE\/"},{"@type":"ListItem","position":4,"name":"DVD & DVB-t","item":"https:\/\/www.calibereurope.com\/de\/beeld_de_DE\/dvd_en_dvb_t_de_DE\/"},{"@type":"ListItem","position":5,"name":"Tragbarer DVD-Player f\u00fcr das Auto &#8211; Set mit 2 Bildschirmen &#8211; 7 Zoll &#8211; mit Akku f\u00fcr 1,5 Stunden Spielzeit (MPD278T)"}]},{"@type":"WebSite","@id":"https:\/\/www.calibereurope.com\/de\/#website","url":"https:\/\/www.calibereurope.com\/de\/","name":"Caliber","description":"Sounds good!","publisher":{"@id":"https:\/\/www.calibereurope.com\/de\/#organization"},"potentialAction":[{"@type":"SearchAction","target":{"@type":"EntryPoint","urlTemplate":"https:\/\/www.calibereurope.com\/de\/?s={search_term_string}"},"query-input":{"@type":"PropertyValueSpecification","valueRequired":true,"valueName":"search_term_string"}}],"inLanguage":"de"},{"@type":"Organization","@id":"https:\/\/www.calibereurope.com\/de\/#organization","name":"Caliber Europe B.V.","url":"https:\/\/www.calibereurope.com\/de\/","logo":{"@type":"ImageObject","inLanguage":"de","@id":"https:\/\/www.calibereurope.com\/de\/#\/schema\/logo\/image\/","url":"https:\/\/www.calibereurope.com\/wp-content\/uploads\/2019\/11\/Logo-Caliber-e1574846289621.png","contentUrl":"https:\/\/www.calibereurope.com\/wp-content\/uploads\/2019\/11\/Logo-Caliber-e1574846289621.png","width":400,"height":69,"caption":"Caliber Europe B.V."},"image":{"@id":"https:\/\/www.calibereurope.com\/de\/#\/schema\/logo\/image\/"},"sameAs":["https:\/\/facebook.com\/CaliberEurope\/","https:\/\/x.com\/calibereurope","https:\/\/www.instagram.com\/calibereurope\/"]}]},"product_price_amount":"149.00","product_price_currency":"EUR","og_availability":"instock","product_availability":"instock","product_retailer_item_id":"MPD278T","product_condition":"new"},"_links":{"self":[{"href":"https:\/\/www.calibereurope.com\/de\/wp-json\/wp\/v2\/product\/72255","targetHints":{"allow":["GET"]}}],"collection":[{"href":"https:\/\/www.calibereurope.com\/de\/wp-json\/wp\/v2\/product"}],"about":[{"href":"https:\/\/www.calibereurope.com\/de\/wp-json\/wp\/v2\/types\/product"}],"replies":[{"embeddable":true,"href":"https:\/\/www.calibereurope.com\/de\/wp-json\/wp\/v2\/comments?post=72255"}],"wp:featuredmedia":[{"embeddable":true,"href":"https:\/\/www.calibereurope.com\/de\/wp-json\/wp\/v2\/media\/1687953"}],"wp:attachment":[{"href":"https:\/\/www.calibereurope.com\/de\/wp-json\/wp\/v2\/media?parent=72255"}],"wp:term":[{"taxonomy":"product_brand","embeddable":true,"href":"https:\/\/www.calibereurope.com\/de\/wp-json\/wp\/v2\/product_brand?post=72255"},{"taxonomy":"product_cat","embeddable":true,"href":"https:\/\/www.calibereurope.com\/de\/wp-json\/wp\/v2\/product_cat?post=72255"},{"taxonomy":"product_tag","embeddable":true,"href":"https:\/\/www.calibereurope.com\/de\/wp-json\/wp\/v2\/product_tag?post=72255"}],"curies":[{"name":"wp","href":"https:\/\/api.w.org\/{rel}","templated":true}]}}