{"id":730270,"date":"2024-07-25T00:00:00","date_gmt":"2024-07-25T00:00:00","guid":{"rendered":""},"modified":"2024-07-25T15:38:41","modified_gmt":"2024-07-25T13:38:41","slug":"CYCLO-FRONT-BIKE-MOUNT-PLUS-de_DE","status":"publish","type":"product","link":"https:\/\/www.calibereurope.com\/de\/produkt\/CYCLO-FRONT-BIKE-MOUNT-PLUS-de_DE\/","title":{"rendered":"Cyclo-Front-Bike-Mount-Plus (Cyclo-Front-Bike-Mount-Plus)"},"content":{"rendered":"<p>MIO-Front-Fahrradmontage<br \/>\nSorgt f\u00fcr eine gute Befestigung an den Lenker. Die Position des Steuerhalters ist f\u00fcr einen optimalen Blickwinkel anpassbar. Dieser Kontrollinhaber ist ein Upgrade im Gegensatz zu dem vom Mio Cyclo Cyclonavigati gelieferten Lenkinhaber. Die Steuerklemme sorgt f\u00fcr einen stabilen Anhang am Lenker, sodass Sie sich keine Sorgen machen m\u00fcssen, um Ihren MIO-Radcomputer zu verschieben. Mit dem Twist-Lock-System f\u00fcgen Sie die Fahrradnavigation in k\u00fcrzester Zeit an der Halterung an. Auf diese Weise genie\u00dfen Sie Ihre Mio-Cycling-Navigation optimal.<br \/>\nDieser Steuerungshalter ist mit allen Mio-Cyclo-Cycling-Navigationsmodellen kompatibel. Kann an der gesamten Lenkung mit einem Durchmesser von 25,4 bis 31,8 mm befestigt werden.<\/p>\n","protected":false},"excerpt":{"rendered":"<p>MIO-Front-Fahrradmontage Sorgt f\u00fcr eine gute Befestigung an den Lenker. Die Position des Steuerhalters ist f\u00fcr einen optimalen Blickwinkel anpassbar. Dieser Kontrollinhaber ist ein Upgrade im Gegensatz zu dem vom Mio Cyclo Cyclonavigati gelieferten Lenkinhaber. Die Steuerklemme sorgt f\u00fcr einen stabilen Anhang am Lenker, sodass Sie sich keine Sorgen machen m\u00fcssen, um Ihren MIO-Radcomputer zu verschieben. [&hellip;]<\/p>\n","protected":false},"featured_media":1615004,"comment_status":"open","ping_status":"open","template":"","meta":{"inline_featured_image":false},"product_brand":[],"product_cat":[7926,7929],"product_tag":[],"class_list":{"0":"post-730270","1":"product","2":"type-product","3":"status-publish","4":"has-post-thumbnail","6":"product_cat-navigatie_telefonie_de_DE","7":"product_cat-accessoires_navigatie_telefonie_de_DE","9":"first","10":"outofstock","11":"taxable","12":"shipping-taxable","13":"purchasable","14":"product-type-simple"},"yoast_head":"<!-- This site is optimized with the Yoast SEO plugin v24.4 - https:\/\/yoast.com\/wordpress\/plugins\/seo\/ -->\n<title>Cyclo-Front-Bike-Mount-Plus (Cyclo-Front-Bike-Mount-Plus) | Caliber<\/title>\n<meta name=\"robots\" content=\"index, follow, max-snippet:-1, max-image-preview:large, max-video-preview:-1\" \/>\n<link rel=\"canonical\" href=\"https:\/\/www.calibereurope.com\/de\/produkt\/CYCLO-FRONT-BIKE-MOUNT-PLUS-de_DE\/\" \/>\n<meta property=\"og:locale\" content=\"de_DE\" \/>\n<meta property=\"og:type\" content=\"article\" \/>\n<meta property=\"og:title\" content=\"Cyclo-Front-Bike-Mount-Plus (Cyclo-Front-Bike-Mount-Plus) | Caliber\" \/>\n<meta property=\"og:description\" content=\"MIO-Front-Fahrradmontage Sorgt f\u00fcr eine gute Befestigung an den Lenker. Die Position des Steuerhalters ist f\u00fcr einen optimalen Blickwinkel anpassbar. Dieser Kontrollinhaber ist ein Upgrade im Gegensatz zu dem vom Mio Cyclo Cyclonavigati gelieferten Lenkinhaber. Die Steuerklemme sorgt f\u00fcr einen stabilen Anhang am Lenker, sodass Sie sich keine Sorgen machen m\u00fcssen, um Ihren MIO-Radcomputer zu verschieben. [&hellip;]\" \/>\n<meta property=\"og:url\" content=\"https:\/\/www.calibereurope.com\/de\/produkt\/CYCLO-FRONT-BIKE-MOUNT-PLUS-de_DE\/\" \/>\n<meta property=\"og:site_name\" content=\"Caliber\" \/>\n<meta property=\"article:publisher\" content=\"https:\/\/facebook.com\/CaliberEurope\/\" \/>\n<meta property=\"article:modified_time\" content=\"2024-07-25T13:38:41+00:00\" \/>\n<meta property=\"og:image\" content=\"https:\/\/www.calibereurope.com\/wp-content\/uploads\/2022\/05\/e81bea76953d7a1006e1f7b753ad96c81df9c319_Front_Bike_Mount_Plus_1-3.jpg\" \/>\n\t<meta property=\"og:image:width\" content=\"1024\" \/>\n\t<meta property=\"og:image:height\" content=\"729\" \/>\n\t<meta property=\"og:image:type\" content=\"image\/jpeg\" \/>\n<meta name=\"twitter:card\" content=\"summary_large_image\" \/>\n<meta name=\"twitter:site\" content=\"@calibereurope\" \/>\n<meta name=\"twitter:label1\" content=\"Preis\" \/>\n\t<meta name=\"twitter:data1\" content=\"34,99\" \/>\n\t<meta name=\"twitter:label2\" content=\"Availability\" \/>\n\t<meta name=\"twitter:data2\" content=\"Out of stock\" \/>\n<script type=\"application\/ld+json\" class=\"yoast-schema-graph\">{\"@context\":\"https:\/\/schema.org\",\"@graph\":[{\"@type\":\"WebPage\",\"@id\":\"https:\/\/www.calibereurope.com\/de\/produkt\/CYCLO-FRONT-BIKE-MOUNT-PLUS-de_DE\/\",\"url\":\"https:\/\/www.calibereurope.com\/de\/produkt\/CYCLO-FRONT-BIKE-MOUNT-PLUS-de_DE\/\",\"name\":\"Cyclo-Front-Bike-Mount-Plus (Cyclo-Front-Bike-Mount-Plus) | Caliber\",\"isPartOf\":{\"@id\":\"https:\/\/www.calibereurope.com\/de\/#website\"},\"primaryImageOfPage\":{\"@id\":\"https:\/\/www.calibereurope.com\/de\/produkt\/CYCLO-FRONT-BIKE-MOUNT-PLUS-de_DE\/#primaryimage\"},\"image\":{\"@id\":\"https:\/\/www.calibereurope.com\/de\/produkt\/CYCLO-FRONT-BIKE-MOUNT-PLUS-de_DE\/#primaryimage\"},\"thumbnailUrl\":\"https:\/\/www.calibereurope.com\/wp-content\/uploads\/2024\/07\/e81bea76953d7a1006e1f7b753ad96c81df9c319_Front_Bike_Mount_Plus_1.jpg\",\"datePublished\":\"2024-07-25T00:00:00+00:00\",\"dateModified\":\"2024-07-25T13:38:41+00:00\",\"breadcrumb\":{\"@id\":\"https:\/\/www.calibereurope.com\/de\/produkt\/CYCLO-FRONT-BIKE-MOUNT-PLUS-de_DE\/#breadcrumb\"},\"inLanguage\":\"de\",\"potentialAction\":[{\"@type\":\"ReadAction\",\"target\":[\"https:\/\/www.calibereurope.com\/de\/produkt\/CYCLO-FRONT-BIKE-MOUNT-PLUS-de_DE\/\"]}]},{\"@type\":\"ImageObject\",\"inLanguage\":\"de\",\"@id\":\"https:\/\/www.calibereurope.com\/de\/produkt\/CYCLO-FRONT-BIKE-MOUNT-PLUS-de_DE\/#primaryimage\",\"url\":\"https:\/\/www.calibereurope.com\/wp-content\/uploads\/2024\/07\/e81bea76953d7a1006e1f7b753ad96c81df9c319_Front_Bike_Mount_Plus_1.jpg\",\"contentUrl\":\"https:\/\/www.calibereurope.com\/wp-content\/uploads\/2024\/07\/e81bea76953d7a1006e1f7b753ad96c81df9c319_Front_Bike_Mount_Plus_1.jpg\",\"width\":1024,\"height\":729},{\"@type\":\"BreadcrumbList\",\"@id\":\"https:\/\/www.calibereurope.com\/de\/produkt\/CYCLO-FRONT-BIKE-MOUNT-PLUS-de_DE\/#breadcrumb\",\"itemListElement\":[{\"@type\":\"ListItem\",\"position\":1,\"name\":\"Home\",\"item\":\"https:\/\/www.calibereurope.com\/de\/\"},{\"@type\":\"ListItem\",\"position\":2,\"name\":\"Webshop\",\"item\":\"https:\/\/www.calibereurope.com\/de\/webshop\/\"},{\"@type\":\"ListItem\",\"position\":3,\"name\":\"Navigation und Telefonie\",\"item\":\"https:\/\/www.calibereurope.com\/de\/navigatie_telefonie_de_DE\/\"},{\"@type\":\"ListItem\",\"position\":4,\"name\":\"Zubeh\u00f6r\",\"item\":\"https:\/\/www.calibereurope.com\/de\/navigatie_telefonie_de_DE\/accessoires_navigatie_telefonie_de_DE\/\"},{\"@type\":\"ListItem\",\"position\":5,\"name\":\"Cyclo-Front-Bike-Mount-Plus (Cyclo-Front-Bike-Mount-Plus)\"}]},{\"@type\":\"WebSite\",\"@id\":\"https:\/\/www.calibereurope.com\/de\/#website\",\"url\":\"https:\/\/www.calibereurope.com\/de\/\",\"name\":\"Caliber\",\"description\":\"Sounds good!\",\"publisher\":{\"@id\":\"https:\/\/www.calibereurope.com\/de\/#organization\"},\"potentialAction\":[{\"@type\":\"SearchAction\",\"target\":{\"@type\":\"EntryPoint\",\"urlTemplate\":\"https:\/\/www.calibereurope.com\/de\/?s={search_term_string}\"},\"query-input\":{\"@type\":\"PropertyValueSpecification\",\"valueRequired\":true,\"valueName\":\"search_term_string\"}}],\"inLanguage\":\"de\"},{\"@type\":\"Organization\",\"@id\":\"https:\/\/www.calibereurope.com\/de\/#organization\",\"name\":\"Caliber Europe B.V.\",\"url\":\"https:\/\/www.calibereurope.com\/de\/\",\"logo\":{\"@type\":\"ImageObject\",\"inLanguage\":\"de\",\"@id\":\"https:\/\/www.calibereurope.com\/de\/#\/schema\/logo\/image\/\",\"url\":\"https:\/\/www.calibereurope.com\/wp-content\/uploads\/2019\/11\/Logo-Caliber-e1574846289621.png\",\"contentUrl\":\"https:\/\/www.calibereurope.com\/wp-content\/uploads\/2019\/11\/Logo-Caliber-e1574846289621.png\",\"width\":400,\"height\":69,\"caption\":\"Caliber Europe B.V.\"},\"image\":{\"@id\":\"https:\/\/www.calibereurope.com\/de\/#\/schema\/logo\/image\/\"},\"sameAs\":[\"https:\/\/facebook.com\/CaliberEurope\/\",\"https:\/\/x.com\/calibereurope\",\"https:\/\/www.instagram.com\/calibereurope\/\"]}]}<\/script>\n<meta property=\"product:price:amount\" content=\"34.99\" \/>\n<meta property=\"product:price:currency\" content=\"EUR\" \/>\n<meta property=\"og:availability\" content=\"out of stock\" \/>\n<meta property=\"product:availability\" content=\"out of stock\" \/>\n<meta property=\"product:retailer_item_id\" content=\"CYCLO-FRONT-BIKE-MOUNT-PLUS\" \/>\n<meta property=\"product:condition\" content=\"new\" \/>\n<!-- \/ Yoast SEO plugin. -->","yoast_head_json":{"title":"Cyclo-Front-Bike-Mount-Plus (Cyclo-Front-Bike-Mount-Plus) | Caliber","robots":{"index":"index","follow":"follow","max-snippet":"max-snippet:-1","max-image-preview":"max-image-preview:large","max-video-preview":"max-video-preview:-1"},"canonical":"https:\/\/www.calibereurope.com\/de\/produkt\/CYCLO-FRONT-BIKE-MOUNT-PLUS-de_DE\/","og_locale":"de_DE","og_type":"article","og_title":"Cyclo-Front-Bike-Mount-Plus (Cyclo-Front-Bike-Mount-Plus) | Caliber","og_description":"MIO-Front-Fahrradmontage Sorgt f\u00fcr eine gute Befestigung an den Lenker. Die Position des Steuerhalters ist f\u00fcr einen optimalen Blickwinkel anpassbar. Dieser Kontrollinhaber ist ein Upgrade im Gegensatz zu dem vom Mio Cyclo Cyclonavigati gelieferten Lenkinhaber. Die Steuerklemme sorgt f\u00fcr einen stabilen Anhang am Lenker, sodass Sie sich keine Sorgen machen m\u00fcssen, um Ihren MIO-Radcomputer zu verschieben. [&hellip;]","og_url":"https:\/\/www.calibereurope.com\/de\/produkt\/CYCLO-FRONT-BIKE-MOUNT-PLUS-de_DE\/","og_site_name":"Caliber","article_publisher":"https:\/\/facebook.com\/CaliberEurope\/","article_modified_time":"2024-07-25T13:38:41+00:00","og_image":[{"width":1024,"height":729,"url":"https:\/\/www.calibereurope.com\/wp-content\/uploads\/2022\/05\/e81bea76953d7a1006e1f7b753ad96c81df9c319_Front_Bike_Mount_Plus_1-3.jpg","type":"image\/jpeg"}],"twitter_card":"summary_large_image","twitter_site":"@calibereurope","twitter_misc":{"Preis":"34,99","Availability":"Out of stock"},"schema":{"@context":"https:\/\/schema.org","@graph":[{"@type":"WebPage","@id":"https:\/\/www.calibereurope.com\/de\/produkt\/CYCLO-FRONT-BIKE-MOUNT-PLUS-de_DE\/","url":"https:\/\/www.calibereurope.com\/de\/produkt\/CYCLO-FRONT-BIKE-MOUNT-PLUS-de_DE\/","name":"Cyclo-Front-Bike-Mount-Plus (Cyclo-Front-Bike-Mount-Plus) | Caliber","isPartOf":{"@id":"https:\/\/www.calibereurope.com\/de\/#website"},"primaryImageOfPage":{"@id":"https:\/\/www.calibereurope.com\/de\/produkt\/CYCLO-FRONT-BIKE-MOUNT-PLUS-de_DE\/#primaryimage"},"image":{"@id":"https:\/\/www.calibereurope.com\/de\/produkt\/CYCLO-FRONT-BIKE-MOUNT-PLUS-de_DE\/#primaryimage"},"thumbnailUrl":"https:\/\/www.calibereurope.com\/wp-content\/uploads\/2024\/07\/e81bea76953d7a1006e1f7b753ad96c81df9c319_Front_Bike_Mount_Plus_1.jpg","datePublished":"2024-07-25T00:00:00+00:00","dateModified":"2024-07-25T13:38:41+00:00","breadcrumb":{"@id":"https:\/\/www.calibereurope.com\/de\/produkt\/CYCLO-FRONT-BIKE-MOUNT-PLUS-de_DE\/#breadcrumb"},"inLanguage":"de","potentialAction":[{"@type":"ReadAction","target":["https:\/\/www.calibereurope.com\/de\/produkt\/CYCLO-FRONT-BIKE-MOUNT-PLUS-de_DE\/"]}]},{"@type":"ImageObject","inLanguage":"de","@id":"https:\/\/www.calibereurope.com\/de\/produkt\/CYCLO-FRONT-BIKE-MOUNT-PLUS-de_DE\/#primaryimage","url":"https:\/\/www.calibereurope.com\/wp-content\/uploads\/2024\/07\/e81bea76953d7a1006e1f7b753ad96c81df9c319_Front_Bike_Mount_Plus_1.jpg","contentUrl":"https:\/\/www.calibereurope.com\/wp-content\/uploads\/2024\/07\/e81bea76953d7a1006e1f7b753ad96c81df9c319_Front_Bike_Mount_Plus_1.jpg","width":1024,"height":729},{"@type":"BreadcrumbList","@id":"https:\/\/www.calibereurope.com\/de\/produkt\/CYCLO-FRONT-BIKE-MOUNT-PLUS-de_DE\/#breadcrumb","itemListElement":[{"@type":"ListItem","position":1,"name":"Home","item":"https:\/\/www.calibereurope.com\/de\/"},{"@type":"ListItem","position":2,"name":"Webshop","item":"https:\/\/www.calibereurope.com\/de\/webshop\/"},{"@type":"ListItem","position":3,"name":"Navigation und Telefonie","item":"https:\/\/www.calibereurope.com\/de\/navigatie_telefonie_de_DE\/"},{"@type":"ListItem","position":4,"name":"Zubeh\u00f6r","item":"https:\/\/www.calibereurope.com\/de\/navigatie_telefonie_de_DE\/accessoires_navigatie_telefonie_de_DE\/"},{"@type":"ListItem","position":5,"name":"Cyclo-Front-Bike-Mount-Plus (Cyclo-Front-Bike-Mount-Plus)"}]},{"@type":"WebSite","@id":"https:\/\/www.calibereurope.com\/de\/#website","url":"https:\/\/www.calibereurope.com\/de\/","name":"Caliber","description":"Sounds good!","publisher":{"@id":"https:\/\/www.calibereurope.com\/de\/#organization"},"potentialAction":[{"@type":"SearchAction","target":{"@type":"EntryPoint","urlTemplate":"https:\/\/www.calibereurope.com\/de\/?s={search_term_string}"},"query-input":{"@type":"PropertyValueSpecification","valueRequired":true,"valueName":"search_term_string"}}],"inLanguage":"de"},{"@type":"Organization","@id":"https:\/\/www.calibereurope.com\/de\/#organization","name":"Caliber Europe B.V.","url":"https:\/\/www.calibereurope.com\/de\/","logo":{"@type":"ImageObject","inLanguage":"de","@id":"https:\/\/www.calibereurope.com\/de\/#\/schema\/logo\/image\/","url":"https:\/\/www.calibereurope.com\/wp-content\/uploads\/2019\/11\/Logo-Caliber-e1574846289621.png","contentUrl":"https:\/\/www.calibereurope.com\/wp-content\/uploads\/2019\/11\/Logo-Caliber-e1574846289621.png","width":400,"height":69,"caption":"Caliber Europe B.V."},"image":{"@id":"https:\/\/www.calibereurope.com\/de\/#\/schema\/logo\/image\/"},"sameAs":["https:\/\/facebook.com\/CaliberEurope\/","https:\/\/x.com\/calibereurope","https:\/\/www.instagram.com\/calibereurope\/"]}]},"product_price_amount":"34.99","product_price_currency":"EUR","og_availability":"out of stock","product_availability":"out of stock","product_retailer_item_id":"CYCLO-FRONT-BIKE-MOUNT-PLUS","product_condition":"new"},"_links":{"self":[{"href":"https:\/\/www.calibereurope.com\/de\/wp-json\/wp\/v2\/product\/730270","targetHints":{"allow":["GET"]}}],"collection":[{"href":"https:\/\/www.calibereurope.com\/de\/wp-json\/wp\/v2\/product"}],"about":[{"href":"https:\/\/www.calibereurope.com\/de\/wp-json\/wp\/v2\/types\/product"}],"replies":[{"embeddable":true,"href":"https:\/\/www.calibereurope.com\/de\/wp-json\/wp\/v2\/comments?post=730270"}],"wp:featuredmedia":[{"embeddable":true,"href":"https:\/\/www.calibereurope.com\/de\/wp-json\/wp\/v2\/media\/1615004"}],"wp:attachment":[{"href":"https:\/\/www.calibereurope.com\/de\/wp-json\/wp\/v2\/media?parent=730270"}],"wp:term":[{"taxonomy":"product_brand","embeddable":true,"href":"https:\/\/www.calibereurope.com\/de\/wp-json\/wp\/v2\/product_brand?post=730270"},{"taxonomy":"product_cat","embeddable":true,"href":"https:\/\/www.calibereurope.com\/de\/wp-json\/wp\/v2\/product_cat?post=730270"},{"taxonomy":"product_tag","embeddable":true,"href":"https:\/\/www.calibereurope.com\/de\/wp-json\/wp\/v2\/product_tag?post=730270"}],"curies":[{"name":"wp","href":"https:\/\/api.w.org\/{rel}","templated":true}]}}