{"id":730354,"date":"2024-07-25T02:00:00","date_gmt":"2024-07-25T00:00:00","guid":{"rendered":""},"modified":"2024-07-25T15:38:47","modified_gmt":"2024-07-25T13:38:47","slug":"MIVUE-C560-de_DE","status":"publish","type":"product","link":"https:\/\/www.calibereurope.com\/de\/produkt\/MIVUE-C560-de_DE\/","title":{"rendered":"MIVUE-C560 (MIVUE-C560)"},"content":{"rendered":"<p>Nehmen Sie die Umwelt Ihres Autos in hoher Qualit\u00e4t mit dem Mio Mivue C560. Der eingebaute Starvis-CMOS-Sensor sichert Ihre Route in Full HD in 30 Frames pro Sekunde. Fahren Sie oft am Abend oder nachts? Auch in niedrigem Licht zeichnet die Kamera Bilder mit einem hohen Kontrast und in hellen Farben auf. Dieser praktische Autoassistent sieht alle Details von enger und weit aus und Sie k\u00f6nnen besser demonstrieren, was nach einem Unfall passiert ist. Das gibt ein famili\u00e4res Gef\u00fchl. Im Falle einer unerwarteten Aktion, beispielsweise der schnelle Richtungs\u00e4nderung, nimmt der G-Sensor die Bewegungen direkt und die Aufnahmen dieser F\u00f6rderung werden gespeichert. Sie best\u00e4tigen einfach den Mivue C560 in der Windschutzscheibe und dank des intuitiven Men\u00fcs ist Ihr Dashcam innerhalb k\u00fcrzester Zeit einsatzbereit. Selbst wenn Ihr Auto geparkt ist, steckt der Mivue stecken. So sammelt Ihr Bildmaterial, ob ein Einbrecher aktiv ist. Daf\u00fcr brauchen Sie eine Smartbox (nicht inbegriffen).<\/p>\n","protected":false},"excerpt":{"rendered":"<p>Nehmen Sie die Umwelt Ihres Autos in hoher Qualit\u00e4t mit dem Mio Mivue C560. Der eingebaute Starvis-CMOS-Sensor sichert Ihre Route in Full HD in 30 Frames pro Sekunde. Fahren Sie oft am Abend oder nachts? Auch in niedrigem Licht zeichnet die Kamera Bilder mit einem hohen Kontrast und in hellen Farben auf. Dieser praktische Autoassistent [&hellip;]<\/p>\n","protected":false},"featured_media":1615024,"comment_status":"open","ping_status":"closed","template":"","meta":{"inline_featured_image":false},"product_brand":[],"product_cat":[7816,7822],"product_tag":[],"class_list":{"0":"post-730354","1":"product","2":"type-product","3":"status-publish","4":"has-post-thumbnail","6":"product_cat-beeld_de_DE","7":"product_cat-dashcams_de_DE","9":"first","10":"outofstock","11":"taxable","12":"shipping-taxable","13":"purchasable","14":"product-type-simple"},"yoast_head":"<!-- This site is optimized with the Yoast SEO plugin v24.4 - https:\/\/yoast.com\/wordpress\/plugins\/seo\/ -->\n<title>MIVUE-C560 (MIVUE-C560) | Caliber<\/title>\n<meta name=\"robots\" content=\"index, follow, max-snippet:-1, max-image-preview:large, max-video-preview:-1\" \/>\n<link rel=\"canonical\" href=\"https:\/\/www.calibereurope.com\/de\/produkt\/MIVUE-C560-de_DE\/\" \/>\n<meta property=\"og:locale\" content=\"de_DE\" \/>\n<meta property=\"og:type\" content=\"article\" \/>\n<meta property=\"og:title\" content=\"MIVUE-C560 (MIVUE-C560) | Caliber\" \/>\n<meta property=\"og:description\" content=\"Nehmen Sie die Umwelt Ihres Autos in hoher Qualit\u00e4t mit dem Mio Mivue C560. Der eingebaute Starvis-CMOS-Sensor sichert Ihre Route in Full HD in 30 Frames pro Sekunde. Fahren Sie oft am Abend oder nachts? Auch in niedrigem Licht zeichnet die Kamera Bilder mit einem hohen Kontrast und in hellen Farben auf. Dieser praktische Autoassistent [&hellip;]\" \/>\n<meta property=\"og:url\" content=\"https:\/\/www.calibereurope.com\/de\/produkt\/MIVUE-C560-de_DE\/\" \/>\n<meta property=\"og:site_name\" content=\"Caliber\" \/>\n<meta property=\"article:publisher\" content=\"https:\/\/facebook.com\/CaliberEurope\/\" \/>\n<meta property=\"article:modified_time\" content=\"2024-07-25T13:38:47+00:00\" \/>\n<meta property=\"og:image\" content=\"https:\/\/www.calibereurope.com\/wp-content\/uploads\/2022\/05\/b322712477349d93a805a204e10c723987db3e47_MiVueC540EU_camera_angle_L45-8.jpg\" \/>\n\t<meta property=\"og:image:width\" content=\"841\" \/>\n\t<meta property=\"og:image:height\" content=\"768\" \/>\n\t<meta property=\"og:image:type\" content=\"image\/jpeg\" \/>\n<meta name=\"twitter:card\" content=\"summary_large_image\" \/>\n<meta name=\"twitter:site\" content=\"@calibereurope\" \/>\n<meta name=\"twitter:label1\" content=\"Preis\" \/>\n\t<meta name=\"twitter:data1\" content=\"116,99\" \/>\n\t<meta name=\"twitter:label2\" content=\"Availability\" \/>\n\t<meta name=\"twitter:data2\" content=\"Out of stock\" \/>\n<script type=\"application\/ld+json\" class=\"yoast-schema-graph\">{\"@context\":\"https:\/\/schema.org\",\"@graph\":[{\"@type\":\"WebPage\",\"@id\":\"https:\/\/www.calibereurope.com\/de\/produkt\/MIVUE-C560-de_DE\/\",\"url\":\"https:\/\/www.calibereurope.com\/de\/produkt\/MIVUE-C560-de_DE\/\",\"name\":\"MIVUE-C560 (MIVUE-C560) | Caliber\",\"isPartOf\":{\"@id\":\"https:\/\/www.calibereurope.com\/de\/#website\"},\"primaryImageOfPage\":{\"@id\":\"https:\/\/www.calibereurope.com\/de\/produkt\/MIVUE-C560-de_DE\/#primaryimage\"},\"image\":{\"@id\":\"https:\/\/www.calibereurope.com\/de\/produkt\/MIVUE-C560-de_DE\/#primaryimage\"},\"thumbnailUrl\":\"https:\/\/www.calibereurope.com\/wp-content\/uploads\/2024\/07\/b322712477349d93a805a204e10c723987db3e47_MiVueC540EU_camera_angle_L45.jpg\",\"datePublished\":\"2024-07-25T00:00:00+00:00\",\"dateModified\":\"2024-07-25T13:38:47+00:00\",\"breadcrumb\":{\"@id\":\"https:\/\/www.calibereurope.com\/de\/produkt\/MIVUE-C560-de_DE\/#breadcrumb\"},\"inLanguage\":\"de\",\"potentialAction\":[{\"@type\":\"ReadAction\",\"target\":[\"https:\/\/www.calibereurope.com\/de\/produkt\/MIVUE-C560-de_DE\/\"]}]},{\"@type\":\"ImageObject\",\"inLanguage\":\"de\",\"@id\":\"https:\/\/www.calibereurope.com\/de\/produkt\/MIVUE-C560-de_DE\/#primaryimage\",\"url\":\"https:\/\/www.calibereurope.com\/wp-content\/uploads\/2024\/07\/b322712477349d93a805a204e10c723987db3e47_MiVueC540EU_camera_angle_L45.jpg\",\"contentUrl\":\"https:\/\/www.calibereurope.com\/wp-content\/uploads\/2024\/07\/b322712477349d93a805a204e10c723987db3e47_MiVueC540EU_camera_angle_L45.jpg\",\"width\":841,\"height\":768},{\"@type\":\"BreadcrumbList\",\"@id\":\"https:\/\/www.calibereurope.com\/de\/produkt\/MIVUE-C560-de_DE\/#breadcrumb\",\"itemListElement\":[{\"@type\":\"ListItem\",\"position\":1,\"name\":\"Home\",\"item\":\"https:\/\/www.calibereurope.com\/de\/\"},{\"@type\":\"ListItem\",\"position\":2,\"name\":\"Webshop\",\"item\":\"https:\/\/www.calibereurope.com\/de\/webshop\/\"},{\"@type\":\"ListItem\",\"position\":3,\"name\":\"Bild\",\"item\":\"https:\/\/www.calibereurope.com\/de\/beeld_de_DE\/\"},{\"@type\":\"ListItem\",\"position\":4,\"name\":\"Dashcams\",\"item\":\"https:\/\/www.calibereurope.com\/de\/beeld_de_DE\/dashcams_de_DE\/\"},{\"@type\":\"ListItem\",\"position\":5,\"name\":\"MIVUE-C560 (MIVUE-C560)\"}]},{\"@type\":\"WebSite\",\"@id\":\"https:\/\/www.calibereurope.com\/de\/#website\",\"url\":\"https:\/\/www.calibereurope.com\/de\/\",\"name\":\"Caliber\",\"description\":\"Sounds good!\",\"publisher\":{\"@id\":\"https:\/\/www.calibereurope.com\/de\/#organization\"},\"potentialAction\":[{\"@type\":\"SearchAction\",\"target\":{\"@type\":\"EntryPoint\",\"urlTemplate\":\"https:\/\/www.calibereurope.com\/de\/?s={search_term_string}\"},\"query-input\":{\"@type\":\"PropertyValueSpecification\",\"valueRequired\":true,\"valueName\":\"search_term_string\"}}],\"inLanguage\":\"de\"},{\"@type\":\"Organization\",\"@id\":\"https:\/\/www.calibereurope.com\/de\/#organization\",\"name\":\"Caliber Europe B.V.\",\"url\":\"https:\/\/www.calibereurope.com\/de\/\",\"logo\":{\"@type\":\"ImageObject\",\"inLanguage\":\"de\",\"@id\":\"https:\/\/www.calibereurope.com\/de\/#\/schema\/logo\/image\/\",\"url\":\"https:\/\/www.calibereurope.com\/wp-content\/uploads\/2019\/11\/Logo-Caliber-e1574846289621.png\",\"contentUrl\":\"https:\/\/www.calibereurope.com\/wp-content\/uploads\/2019\/11\/Logo-Caliber-e1574846289621.png\",\"width\":400,\"height\":69,\"caption\":\"Caliber Europe B.V.\"},\"image\":{\"@id\":\"https:\/\/www.calibereurope.com\/de\/#\/schema\/logo\/image\/\"},\"sameAs\":[\"https:\/\/facebook.com\/CaliberEurope\/\",\"https:\/\/x.com\/calibereurope\",\"https:\/\/www.instagram.com\/calibereurope\/\"]}]}<\/script>\n<meta property=\"product:price:amount\" content=\"116.99\" \/>\n<meta property=\"product:price:currency\" content=\"EUR\" \/>\n<meta property=\"og:availability\" content=\"out of stock\" \/>\n<meta property=\"product:availability\" content=\"out of stock\" \/>\n<meta property=\"product:retailer_item_id\" content=\"MIVUE-C560\" \/>\n<meta property=\"product:condition\" content=\"new\" \/>\n<!-- \/ Yoast SEO plugin. -->","yoast_head_json":{"title":"MIVUE-C560 (MIVUE-C560) | Caliber","robots":{"index":"index","follow":"follow","max-snippet":"max-snippet:-1","max-image-preview":"max-image-preview:large","max-video-preview":"max-video-preview:-1"},"canonical":"https:\/\/www.calibereurope.com\/de\/produkt\/MIVUE-C560-de_DE\/","og_locale":"de_DE","og_type":"article","og_title":"MIVUE-C560 (MIVUE-C560) | Caliber","og_description":"Nehmen Sie die Umwelt Ihres Autos in hoher Qualit\u00e4t mit dem Mio Mivue C560. Der eingebaute Starvis-CMOS-Sensor sichert Ihre Route in Full HD in 30 Frames pro Sekunde. Fahren Sie oft am Abend oder nachts? Auch in niedrigem Licht zeichnet die Kamera Bilder mit einem hohen Kontrast und in hellen Farben auf. Dieser praktische Autoassistent [&hellip;]","og_url":"https:\/\/www.calibereurope.com\/de\/produkt\/MIVUE-C560-de_DE\/","og_site_name":"Caliber","article_publisher":"https:\/\/facebook.com\/CaliberEurope\/","article_modified_time":"2024-07-25T13:38:47+00:00","og_image":[{"width":841,"height":768,"url":"https:\/\/www.calibereurope.com\/wp-content\/uploads\/2022\/05\/b322712477349d93a805a204e10c723987db3e47_MiVueC540EU_camera_angle_L45-8.jpg","type":"image\/jpeg"}],"twitter_card":"summary_large_image","twitter_site":"@calibereurope","twitter_misc":{"Preis":"116,99","Availability":"Out of stock"},"schema":{"@context":"https:\/\/schema.org","@graph":[{"@type":"WebPage","@id":"https:\/\/www.calibereurope.com\/de\/produkt\/MIVUE-C560-de_DE\/","url":"https:\/\/www.calibereurope.com\/de\/produkt\/MIVUE-C560-de_DE\/","name":"MIVUE-C560 (MIVUE-C560) | Caliber","isPartOf":{"@id":"https:\/\/www.calibereurope.com\/de\/#website"},"primaryImageOfPage":{"@id":"https:\/\/www.calibereurope.com\/de\/produkt\/MIVUE-C560-de_DE\/#primaryimage"},"image":{"@id":"https:\/\/www.calibereurope.com\/de\/produkt\/MIVUE-C560-de_DE\/#primaryimage"},"thumbnailUrl":"https:\/\/www.calibereurope.com\/wp-content\/uploads\/2024\/07\/b322712477349d93a805a204e10c723987db3e47_MiVueC540EU_camera_angle_L45.jpg","datePublished":"2024-07-25T00:00:00+00:00","dateModified":"2024-07-25T13:38:47+00:00","breadcrumb":{"@id":"https:\/\/www.calibereurope.com\/de\/produkt\/MIVUE-C560-de_DE\/#breadcrumb"},"inLanguage":"de","potentialAction":[{"@type":"ReadAction","target":["https:\/\/www.calibereurope.com\/de\/produkt\/MIVUE-C560-de_DE\/"]}]},{"@type":"ImageObject","inLanguage":"de","@id":"https:\/\/www.calibereurope.com\/de\/produkt\/MIVUE-C560-de_DE\/#primaryimage","url":"https:\/\/www.calibereurope.com\/wp-content\/uploads\/2024\/07\/b322712477349d93a805a204e10c723987db3e47_MiVueC540EU_camera_angle_L45.jpg","contentUrl":"https:\/\/www.calibereurope.com\/wp-content\/uploads\/2024\/07\/b322712477349d93a805a204e10c723987db3e47_MiVueC540EU_camera_angle_L45.jpg","width":841,"height":768},{"@type":"BreadcrumbList","@id":"https:\/\/www.calibereurope.com\/de\/produkt\/MIVUE-C560-de_DE\/#breadcrumb","itemListElement":[{"@type":"ListItem","position":1,"name":"Home","item":"https:\/\/www.calibereurope.com\/de\/"},{"@type":"ListItem","position":2,"name":"Webshop","item":"https:\/\/www.calibereurope.com\/de\/webshop\/"},{"@type":"ListItem","position":3,"name":"Bild","item":"https:\/\/www.calibereurope.com\/de\/beeld_de_DE\/"},{"@type":"ListItem","position":4,"name":"Dashcams","item":"https:\/\/www.calibereurope.com\/de\/beeld_de_DE\/dashcams_de_DE\/"},{"@type":"ListItem","position":5,"name":"MIVUE-C560 (MIVUE-C560)"}]},{"@type":"WebSite","@id":"https:\/\/www.calibereurope.com\/de\/#website","url":"https:\/\/www.calibereurope.com\/de\/","name":"Caliber","description":"Sounds good!","publisher":{"@id":"https:\/\/www.calibereurope.com\/de\/#organization"},"potentialAction":[{"@type":"SearchAction","target":{"@type":"EntryPoint","urlTemplate":"https:\/\/www.calibereurope.com\/de\/?s={search_term_string}"},"query-input":{"@type":"PropertyValueSpecification","valueRequired":true,"valueName":"search_term_string"}}],"inLanguage":"de"},{"@type":"Organization","@id":"https:\/\/www.calibereurope.com\/de\/#organization","name":"Caliber Europe B.V.","url":"https:\/\/www.calibereurope.com\/de\/","logo":{"@type":"ImageObject","inLanguage":"de","@id":"https:\/\/www.calibereurope.com\/de\/#\/schema\/logo\/image\/","url":"https:\/\/www.calibereurope.com\/wp-content\/uploads\/2019\/11\/Logo-Caliber-e1574846289621.png","contentUrl":"https:\/\/www.calibereurope.com\/wp-content\/uploads\/2019\/11\/Logo-Caliber-e1574846289621.png","width":400,"height":69,"caption":"Caliber Europe B.V."},"image":{"@id":"https:\/\/www.calibereurope.com\/de\/#\/schema\/logo\/image\/"},"sameAs":["https:\/\/facebook.com\/CaliberEurope\/","https:\/\/x.com\/calibereurope","https:\/\/www.instagram.com\/calibereurope\/"]}]},"product_price_amount":"116.99","product_price_currency":"EUR","og_availability":"out of stock","product_availability":"out of stock","product_retailer_item_id":"MIVUE-C560","product_condition":"new"},"_links":{"self":[{"href":"https:\/\/www.calibereurope.com\/de\/wp-json\/wp\/v2\/product\/730354","targetHints":{"allow":["GET"]}}],"collection":[{"href":"https:\/\/www.calibereurope.com\/de\/wp-json\/wp\/v2\/product"}],"about":[{"href":"https:\/\/www.calibereurope.com\/de\/wp-json\/wp\/v2\/types\/product"}],"replies":[{"embeddable":true,"href":"https:\/\/www.calibereurope.com\/de\/wp-json\/wp\/v2\/comments?post=730354"}],"wp:featuredmedia":[{"embeddable":true,"href":"https:\/\/www.calibereurope.com\/de\/wp-json\/wp\/v2\/media\/1615024"}],"wp:attachment":[{"href":"https:\/\/www.calibereurope.com\/de\/wp-json\/wp\/v2\/media?parent=730354"}],"wp:term":[{"taxonomy":"product_brand","embeddable":true,"href":"https:\/\/www.calibereurope.com\/de\/wp-json\/wp\/v2\/product_brand?post=730354"},{"taxonomy":"product_cat","embeddable":true,"href":"https:\/\/www.calibereurope.com\/de\/wp-json\/wp\/v2\/product_cat?post=730354"},{"taxonomy":"product_tag","embeddable":true,"href":"https:\/\/www.calibereurope.com\/de\/wp-json\/wp\/v2\/product_tag?post=730354"}],"curies":[{"name":"wp","href":"https:\/\/api.w.org\/{rel}","templated":true}]}}