{"id":79249,"date":"2024-06-04T02:00:00","date_gmt":"2024-06-04T00:00:00","guid":{"rendered":""},"modified":"2025-12-25T17:54:21","modified_gmt":"2025-12-25T16:54:21","slug":"HBC434DAB-BT-de_DE","status":"publish","type":"product","link":"https:\/\/www.calibereurope.com\/de\/produkt\/HBC434DAB-BT-de_DE\/","title":{"rendered":"Radio CD-Player mit Bluetooth und DAB+ &#8211; USB &#8211; AUX &#8211; LED-Display &#8211; Weckerfunktion (HBC434DAB-BT)"},"content":{"rendered":"<p>Mit dem Caliber HBC434DAB-BT Radio-CD-Player mit Bluetooth\u00ae haben Sie Ihre Lieblingsmusik immer griffbereit. Verbinden Sie Ihr Telefon mit <strong>Bluetooth\u00ae, um Ihre <\/strong>Lieblingssongs oder Podcasts jederzeit abspielen zu k\u00f6nnen. Verf\u00fcgt Ihr Telefon nicht \u00fcber Bluetooth? Dann k\u00f6nnen Sie Ihr Telefon \u00fcber <strong>USB <\/strong>oder <strong>AUX <\/strong>anschlie\u00dfen. Nat\u00fcrlich k\u00f6nnen Sie mit dem <strong>DAB+ und FM-Radio <\/strong>auch einfach nur Radiosender h\u00f6ren. Der Radio-CD-Player ist sogar mit einem <strong>Wecker, einer Schlaf- und einer Schlummerfunktion <\/strong>ausgestattet. Sie verwenden den CD-Player mit dem <strong>Stecker <\/strong>oder mit <strong>Batterien<\/strong>, wenn Sie ihn mitnehmen m\u00f6chten.<\/p>\n<p><\/p>\n<p><strong>Merkmale:<\/strong><\/p>\n<ul>\n<li>Bluetooth\u00ae Technologie<\/li>\n<li>USB und AUX<\/li>\n<li>DAB+ und AM\/FM-Radio<\/li>\n<li>Alarm-, Schlaf- und Schlummerfunktion<\/li>\n<li>Funktioniert mit Stecker oder Batterien<\/li>\n<li>6x 9V DC-Batterien erforderlich<\/li>\n<li>Mit Griff<\/li>\n<li>LED-Anzeige<\/li>\n<\/ul>\n<h3>Vollgepackt mit Wiedergabem\u00f6glichkeiten<\/h3>\n<p>Ob neue oder alte Musiksammlungen, der Caliber HBC434DAB-BT hat die richtige Wiedergabeoption. Von einem CD-Player der alten Schule bis hin zur neuesten Radio- und Bluetooth\u00ae-Technologie. Verbinden Sie Ihr Telefon einfach \u00fcber Bluetooth\u00ae und Sie k\u00f6nnen sofort mit dem H\u00f6ren beginnen. Au\u00dferdem k\u00f6nnen Sie auch ein USB-Kabel oder ein AUX-Kabel verwenden, um Ihr Telefon anzuschlie\u00dfen. Sie brauchen etwas Abwechslung? Dann k\u00f6nnen Sie das DAB+ oder UKW-Radio nutzen, um Ihre Lieblings-DJs, Talkshows oder Nachrichtensendungen zu h\u00f6ren. Mit diesem CD-Player werden Sie sich also nie wieder langweilen.<\/p>\n<h3>Leicht zu tragen<\/h3>\n<p>Wo auch immer Sie hingehen, mit dem CD-Player haben Sie die Musik immer dabei. Der Radio-CD-Player ist perfekt f\u00fcr den Gebrauch zu Hause mit dem Stecker. Werden Sie das Radio mitnehmen? Dann k\u00f6nnen Sie 6 C-Batterien verwenden, um auch unterwegs Musik zu h\u00f6ren (nicht im Lieferumfang enthalten). Dank des praktischen Griffs k\u00f6nnen Sie den CD-Player mit Radio einfach mitnehmen.<\/p>\n<h3>Kann als Wecker verwendet werden<\/h3>\n<p>Der tragbare CD-Player mit Bluetooth\u00ae ist sehr vielseitig. Er ist n\u00e4mlich mit einem Wecker, einer Schlaf- und einer Schlummerfunktion ausgestattet, sodass Sie ihn auch in Ihrem Schlafzimmer verwenden k\u00f6nnen. Es ist also ein Wecker, Radio und Lautsprecher in einem. Auf dem LED-Display k\u00f6nnen Sie die Uhrzeit ablesen und sehen, welcher Titel gerade gespielt wird. Der CD-Player kann dank seiner einfachen Bedienung auch von Kindern benutzt werden. Kurzum, dieses praktische Accessoire sollte in Ihrem Haus nicht fehlen!<\/p>\n","protected":false},"excerpt":{"rendered":"<p>Mit dem Caliber HBC434DAB-BT Radio-CD-Player mit Bluetooth\u00ae haben Sie Ihre Lieblingsmusik immer griffbereit. Verbinden Sie Ihr Telefon mit Bluetooth\u00ae, um Ihre Lieblingssongs oder Podcasts jederzeit abspielen zu k\u00f6nnen. Verf\u00fcgt Ihr Telefon nicht \u00fcber Bluetooth? Dann k\u00f6nnen Sie Ihr Telefon \u00fcber USB oder AUX anschlie\u00dfen. Nat\u00fcrlich k\u00f6nnen Sie mit dem DAB+ und FM-Radio auch einfach nur [&hellip;]<\/p>\n","protected":false},"featured_media":1455309,"comment_status":"open","ping_status":"closed","template":"","meta":{"inline_featured_image":false},"product_brand":[],"product_cat":[7882,7861],"product_tag":[],"class_list":{"0":"post-79249","1":"product","2":"type-product","3":"status-publish","4":"has-post-thumbnail","6":"product_cat-radios_geluid_de_DE","7":"product_cat-geluid_de_DE","9":"first","10":"outofstock","11":"taxable","12":"shipping-taxable","13":"purchasable","14":"product-type-simple"},"yoast_head":"<!-- This site is optimized with the Yoast SEO plugin v24.4 - https:\/\/yoast.com\/wordpress\/plugins\/seo\/ -->\n<title>Radio CD-Player mit Bluetooth und DAB+ - USB - AUX - LED-Display - Weckerfunktion (HBC434DAB-BT) | Caliber<\/title>\n<meta name=\"robots\" content=\"index, follow, max-snippet:-1, max-image-preview:large, max-video-preview:-1\" \/>\n<link rel=\"canonical\" href=\"https:\/\/www.calibereurope.com\/de\/produkt\/HBC434DAB-BT-de_DE\/\" \/>\n<meta property=\"og:locale\" content=\"de_DE\" \/>\n<meta property=\"og:type\" content=\"article\" \/>\n<meta property=\"og:title\" content=\"Radio CD-Player mit Bluetooth und DAB+ - USB - AUX - LED-Display - Weckerfunktion (HBC434DAB-BT) | Caliber\" \/>\n<meta property=\"og:description\" content=\"Mit dem Caliber HBC434DAB-BT Radio-CD-Player mit Bluetooth\u00ae haben Sie Ihre Lieblingsmusik immer griffbereit. Verbinden Sie Ihr Telefon mit Bluetooth\u00ae, um Ihre Lieblingssongs oder Podcasts jederzeit abspielen zu k\u00f6nnen. Verf\u00fcgt Ihr Telefon nicht \u00fcber Bluetooth? Dann k\u00f6nnen Sie Ihr Telefon \u00fcber USB oder AUX anschlie\u00dfen. Nat\u00fcrlich k\u00f6nnen Sie mit dem DAB+ und FM-Radio auch einfach nur [&hellip;]\" \/>\n<meta property=\"og:url\" content=\"https:\/\/www.calibereurope.com\/de\/produkt\/HBC434DAB-BT-de_DE\/\" \/>\n<meta property=\"og:site_name\" content=\"Caliber\" \/>\n<meta property=\"article:publisher\" content=\"https:\/\/facebook.com\/CaliberEurope\/\" \/>\n<meta property=\"article:modified_time\" content=\"2025-12-25T16:54:21+00:00\" \/>\n<meta property=\"og:image\" content=\"https:\/\/www.calibereurope.com\/wp-content\/uploads\/2023\/01\/9f3a5c6a3a1b4f4a64394034f5fb6d90404647b1_HBC434DAB_BT_Beautiful_from_this_Angel_web-7.jpg\" \/>\n\t<meta property=\"og:image:width\" content=\"1024\" \/>\n\t<meta property=\"og:image:height\" content=\"768\" \/>\n\t<meta property=\"og:image:type\" content=\"image\/jpeg\" \/>\n<meta name=\"twitter:card\" content=\"summary_large_image\" \/>\n<meta name=\"twitter:site\" content=\"@calibereurope\" \/>\n<meta name=\"twitter:label1\" content=\"Preis\" \/>\n\t<meta name=\"twitter:data1\" content=\"49,95\" \/>\n\t<meta name=\"twitter:label2\" content=\"Availability\" \/>\n\t<meta name=\"twitter:data2\" content=\"Out of stock\" \/>\n<script type=\"application\/ld+json\" class=\"yoast-schema-graph\">{\"@context\":\"https:\/\/schema.org\",\"@graph\":[{\"@type\":\"WebPage\",\"@id\":\"https:\/\/www.calibereurope.com\/de\/produkt\/HBC434DAB-BT-de_DE\/\",\"url\":\"https:\/\/www.calibereurope.com\/de\/produkt\/HBC434DAB-BT-de_DE\/\",\"name\":\"Radio CD-Player mit Bluetooth und DAB+ - USB - AUX - LED-Display - Weckerfunktion (HBC434DAB-BT) | Caliber\",\"isPartOf\":{\"@id\":\"https:\/\/www.calibereurope.com\/de\/#website\"},\"primaryImageOfPage\":{\"@id\":\"https:\/\/www.calibereurope.com\/de\/produkt\/HBC434DAB-BT-de_DE\/#primaryimage\"},\"image\":{\"@id\":\"https:\/\/www.calibereurope.com\/de\/produkt\/HBC434DAB-BT-de_DE\/#primaryimage\"},\"thumbnailUrl\":\"https:\/\/www.calibereurope.com\/wp-content\/uploads\/2023\/02\/9f3a5c6a3a1b4f4a64394034f5fb6d90404647b1_HBC434DAB_BT_Beautiful_from_this_Angel_web-3.jpg\",\"datePublished\":\"2024-06-04T00:00:00+00:00\",\"dateModified\":\"2025-12-25T16:54:21+00:00\",\"breadcrumb\":{\"@id\":\"https:\/\/www.calibereurope.com\/de\/produkt\/HBC434DAB-BT-de_DE\/#breadcrumb\"},\"inLanguage\":\"de\",\"potentialAction\":[{\"@type\":\"ReadAction\",\"target\":[\"https:\/\/www.calibereurope.com\/de\/produkt\/HBC434DAB-BT-de_DE\/\"]}]},{\"@type\":\"ImageObject\",\"inLanguage\":\"de\",\"@id\":\"https:\/\/www.calibereurope.com\/de\/produkt\/HBC434DAB-BT-de_DE\/#primaryimage\",\"url\":\"https:\/\/www.calibereurope.com\/wp-content\/uploads\/2023\/02\/9f3a5c6a3a1b4f4a64394034f5fb6d90404647b1_HBC434DAB_BT_Beautiful_from_this_Angel_web-3.jpg\",\"contentUrl\":\"https:\/\/www.calibereurope.com\/wp-content\/uploads\/2023\/02\/9f3a5c6a3a1b4f4a64394034f5fb6d90404647b1_HBC434DAB_BT_Beautiful_from_this_Angel_web-3.jpg\",\"width\":1024,\"height\":768},{\"@type\":\"BreadcrumbList\",\"@id\":\"https:\/\/www.calibereurope.com\/de\/produkt\/HBC434DAB-BT-de_DE\/#breadcrumb\",\"itemListElement\":[{\"@type\":\"ListItem\",\"position\":1,\"name\":\"Home\",\"item\":\"https:\/\/www.calibereurope.com\/de\/\"},{\"@type\":\"ListItem\",\"position\":2,\"name\":\"Webshop\",\"item\":\"https:\/\/www.calibereurope.com\/de\/webshop\/\"},{\"@type\":\"ListItem\",\"position\":3,\"name\":\"Ton\",\"item\":\"https:\/\/www.calibereurope.com\/de\/geluid_de_DE\/\"},{\"@type\":\"ListItem\",\"position\":4,\"name\":\"Radios\",\"item\":\"https:\/\/www.calibereurope.com\/de\/geluid_de_DE\/radios_geluid_de_DE\/\"},{\"@type\":\"ListItem\",\"position\":5,\"name\":\"Radio -CD -Player mit Bluetooth und DAB+ &#8211; USB &#8211; Aux &#8211; LED -Anzeige &#8211; WEKKER -Funktion (HBC434DAB -BT)\"}]},{\"@type\":\"WebSite\",\"@id\":\"https:\/\/www.calibereurope.com\/de\/#website\",\"url\":\"https:\/\/www.calibereurope.com\/de\/\",\"name\":\"Caliber\",\"description\":\"Sounds good!\",\"publisher\":{\"@id\":\"https:\/\/www.calibereurope.com\/de\/#organization\"},\"potentialAction\":[{\"@type\":\"SearchAction\",\"target\":{\"@type\":\"EntryPoint\",\"urlTemplate\":\"https:\/\/www.calibereurope.com\/de\/?s={search_term_string}\"},\"query-input\":{\"@type\":\"PropertyValueSpecification\",\"valueRequired\":true,\"valueName\":\"search_term_string\"}}],\"inLanguage\":\"de\"},{\"@type\":\"Organization\",\"@id\":\"https:\/\/www.calibereurope.com\/de\/#organization\",\"name\":\"Caliber Europe B.V.\",\"url\":\"https:\/\/www.calibereurope.com\/de\/\",\"logo\":{\"@type\":\"ImageObject\",\"inLanguage\":\"de\",\"@id\":\"https:\/\/www.calibereurope.com\/de\/#\/schema\/logo\/image\/\",\"url\":\"https:\/\/www.calibereurope.com\/wp-content\/uploads\/2019\/11\/Logo-Caliber-e1574846289621.png\",\"contentUrl\":\"https:\/\/www.calibereurope.com\/wp-content\/uploads\/2019\/11\/Logo-Caliber-e1574846289621.png\",\"width\":400,\"height\":69,\"caption\":\"Caliber Europe B.V.\"},\"image\":{\"@id\":\"https:\/\/www.calibereurope.com\/de\/#\/schema\/logo\/image\/\"},\"sameAs\":[\"https:\/\/facebook.com\/CaliberEurope\/\",\"https:\/\/x.com\/calibereurope\",\"https:\/\/www.instagram.com\/calibereurope\/\"]}]}<\/script>\n<meta property=\"product:price:amount\" content=\"49.95\" \/>\n<meta property=\"product:price:currency\" content=\"EUR\" \/>\n<meta property=\"og:availability\" content=\"out of stock\" \/>\n<meta property=\"product:availability\" content=\"out of stock\" \/>\n<meta property=\"product:retailer_item_id\" content=\"HBC434DAB-BT\" \/>\n<meta property=\"product:condition\" content=\"new\" \/>\n<!-- \/ Yoast SEO plugin. -->","yoast_head_json":{"title":"Radio CD-Player mit Bluetooth und DAB+ - USB - AUX - LED-Display - Weckerfunktion (HBC434DAB-BT) | Caliber","robots":{"index":"index","follow":"follow","max-snippet":"max-snippet:-1","max-image-preview":"max-image-preview:large","max-video-preview":"max-video-preview:-1"},"canonical":"https:\/\/www.calibereurope.com\/de\/produkt\/HBC434DAB-BT-de_DE\/","og_locale":"de_DE","og_type":"article","og_title":"Radio CD-Player mit Bluetooth und DAB+ - USB - AUX - LED-Display - Weckerfunktion (HBC434DAB-BT) | Caliber","og_description":"Mit dem Caliber HBC434DAB-BT Radio-CD-Player mit Bluetooth\u00ae haben Sie Ihre Lieblingsmusik immer griffbereit. Verbinden Sie Ihr Telefon mit Bluetooth\u00ae, um Ihre Lieblingssongs oder Podcasts jederzeit abspielen zu k\u00f6nnen. Verf\u00fcgt Ihr Telefon nicht \u00fcber Bluetooth? Dann k\u00f6nnen Sie Ihr Telefon \u00fcber USB oder AUX anschlie\u00dfen. Nat\u00fcrlich k\u00f6nnen Sie mit dem DAB+ und FM-Radio auch einfach nur [&hellip;]","og_url":"https:\/\/www.calibereurope.com\/de\/produkt\/HBC434DAB-BT-de_DE\/","og_site_name":"Caliber","article_publisher":"https:\/\/facebook.com\/CaliberEurope\/","article_modified_time":"2025-12-25T16:54:21+00:00","og_image":[{"width":1024,"height":768,"url":"https:\/\/www.calibereurope.com\/wp-content\/uploads\/2023\/01\/9f3a5c6a3a1b4f4a64394034f5fb6d90404647b1_HBC434DAB_BT_Beautiful_from_this_Angel_web-7.jpg","type":"image\/jpeg"}],"twitter_card":"summary_large_image","twitter_site":"@calibereurope","twitter_misc":{"Preis":"49,95","Availability":"Out of stock"},"schema":{"@context":"https:\/\/schema.org","@graph":[{"@type":"WebPage","@id":"https:\/\/www.calibereurope.com\/de\/produkt\/HBC434DAB-BT-de_DE\/","url":"https:\/\/www.calibereurope.com\/de\/produkt\/HBC434DAB-BT-de_DE\/","name":"Radio CD-Player mit Bluetooth und DAB+ - USB - AUX - LED-Display - Weckerfunktion (HBC434DAB-BT) | Caliber","isPartOf":{"@id":"https:\/\/www.calibereurope.com\/de\/#website"},"primaryImageOfPage":{"@id":"https:\/\/www.calibereurope.com\/de\/produkt\/HBC434DAB-BT-de_DE\/#primaryimage"},"image":{"@id":"https:\/\/www.calibereurope.com\/de\/produkt\/HBC434DAB-BT-de_DE\/#primaryimage"},"thumbnailUrl":"https:\/\/www.calibereurope.com\/wp-content\/uploads\/2023\/02\/9f3a5c6a3a1b4f4a64394034f5fb6d90404647b1_HBC434DAB_BT_Beautiful_from_this_Angel_web-3.jpg","datePublished":"2024-06-04T00:00:00+00:00","dateModified":"2025-12-25T16:54:21+00:00","breadcrumb":{"@id":"https:\/\/www.calibereurope.com\/de\/produkt\/HBC434DAB-BT-de_DE\/#breadcrumb"},"inLanguage":"de","potentialAction":[{"@type":"ReadAction","target":["https:\/\/www.calibereurope.com\/de\/produkt\/HBC434DAB-BT-de_DE\/"]}]},{"@type":"ImageObject","inLanguage":"de","@id":"https:\/\/www.calibereurope.com\/de\/produkt\/HBC434DAB-BT-de_DE\/#primaryimage","url":"https:\/\/www.calibereurope.com\/wp-content\/uploads\/2023\/02\/9f3a5c6a3a1b4f4a64394034f5fb6d90404647b1_HBC434DAB_BT_Beautiful_from_this_Angel_web-3.jpg","contentUrl":"https:\/\/www.calibereurope.com\/wp-content\/uploads\/2023\/02\/9f3a5c6a3a1b4f4a64394034f5fb6d90404647b1_HBC434DAB_BT_Beautiful_from_this_Angel_web-3.jpg","width":1024,"height":768},{"@type":"BreadcrumbList","@id":"https:\/\/www.calibereurope.com\/de\/produkt\/HBC434DAB-BT-de_DE\/#breadcrumb","itemListElement":[{"@type":"ListItem","position":1,"name":"Home","item":"https:\/\/www.calibereurope.com\/de\/"},{"@type":"ListItem","position":2,"name":"Webshop","item":"https:\/\/www.calibereurope.com\/de\/webshop\/"},{"@type":"ListItem","position":3,"name":"Ton","item":"https:\/\/www.calibereurope.com\/de\/geluid_de_DE\/"},{"@type":"ListItem","position":4,"name":"Radios","item":"https:\/\/www.calibereurope.com\/de\/geluid_de_DE\/radios_geluid_de_DE\/"},{"@type":"ListItem","position":5,"name":"Radio -CD -Player mit Bluetooth und DAB+ &#8211; USB &#8211; Aux &#8211; LED -Anzeige &#8211; WEKKER -Funktion (HBC434DAB -BT)"}]},{"@type":"WebSite","@id":"https:\/\/www.calibereurope.com\/de\/#website","url":"https:\/\/www.calibereurope.com\/de\/","name":"Caliber","description":"Sounds good!","publisher":{"@id":"https:\/\/www.calibereurope.com\/de\/#organization"},"potentialAction":[{"@type":"SearchAction","target":{"@type":"EntryPoint","urlTemplate":"https:\/\/www.calibereurope.com\/de\/?s={search_term_string}"},"query-input":{"@type":"PropertyValueSpecification","valueRequired":true,"valueName":"search_term_string"}}],"inLanguage":"de"},{"@type":"Organization","@id":"https:\/\/www.calibereurope.com\/de\/#organization","name":"Caliber Europe B.V.","url":"https:\/\/www.calibereurope.com\/de\/","logo":{"@type":"ImageObject","inLanguage":"de","@id":"https:\/\/www.calibereurope.com\/de\/#\/schema\/logo\/image\/","url":"https:\/\/www.calibereurope.com\/wp-content\/uploads\/2019\/11\/Logo-Caliber-e1574846289621.png","contentUrl":"https:\/\/www.calibereurope.com\/wp-content\/uploads\/2019\/11\/Logo-Caliber-e1574846289621.png","width":400,"height":69,"caption":"Caliber Europe B.V."},"image":{"@id":"https:\/\/www.calibereurope.com\/de\/#\/schema\/logo\/image\/"},"sameAs":["https:\/\/facebook.com\/CaliberEurope\/","https:\/\/x.com\/calibereurope","https:\/\/www.instagram.com\/calibereurope\/"]}]},"product_price_amount":"49.95","product_price_currency":"EUR","og_availability":"out of stock","product_availability":"out of stock","product_retailer_item_id":"HBC434DAB-BT","product_condition":"new"},"_links":{"self":[{"href":"https:\/\/www.calibereurope.com\/de\/wp-json\/wp\/v2\/product\/79249","targetHints":{"allow":["GET"]}}],"collection":[{"href":"https:\/\/www.calibereurope.com\/de\/wp-json\/wp\/v2\/product"}],"about":[{"href":"https:\/\/www.calibereurope.com\/de\/wp-json\/wp\/v2\/types\/product"}],"replies":[{"embeddable":true,"href":"https:\/\/www.calibereurope.com\/de\/wp-json\/wp\/v2\/comments?post=79249"}],"wp:featuredmedia":[{"embeddable":true,"href":"https:\/\/www.calibereurope.com\/de\/wp-json\/wp\/v2\/media\/1455309"}],"wp:attachment":[{"href":"https:\/\/www.calibereurope.com\/de\/wp-json\/wp\/v2\/media?parent=79249"}],"wp:term":[{"taxonomy":"product_brand","embeddable":true,"href":"https:\/\/www.calibereurope.com\/de\/wp-json\/wp\/v2\/product_brand?post=79249"},{"taxonomy":"product_cat","embeddable":true,"href":"https:\/\/www.calibereurope.com\/de\/wp-json\/wp\/v2\/product_cat?post=79249"},{"taxonomy":"product_tag","embeddable":true,"href":"https:\/\/www.calibereurope.com\/de\/wp-json\/wp\/v2\/product_tag?post=79249"}],"curies":[{"name":"wp","href":"https:\/\/api.w.org\/{rel}","templated":true}]}}