{"id":798719,"date":"2023-03-22T01:00:00","date_gmt":"2023-03-22T00:00:00","guid":{"rendered":""},"modified":"2025-07-07T15:45:23","modified_gmt":"2025-07-07T13:45:23","slug":"SP-MPD2010T-R1-de_DE","status":"publish","type":"product","link":"https:\/\/www.calibereurope.com\/de\/produkt\/SP-MPD2010T-R1-de_DE\/","title":{"rendered":"Fernbedienungs-Remote f\u00fcr DVD-Player Auto MPD2010T und MDP298 (SP-MPD2010T-R1)"},"content":{"rendered":"<p> Erstellen Sie dank des Calibers SP-MPD-DC2-Netzkabel <strong> f\u00fcr den DVD-Player im Auto <\/strong> nie unerwartet eine leere Batterie. Dieses Stromkabel wurde speziell f\u00fcr die MPD -Serie <\/strong> <strong> Caliber entwickelt. Das Kabel <strong> Dual <\/strong> kann den DVD -Spielern im Auto ausreichend Strom liefern, sodass Sie weiter ungest\u00f6rt aussehen k\u00f6nnen. Sie k\u00f6nnen das Netzkabel <Rong> 12 Volt <\/strong> einfach \u00fcber das Zigaretten -Feuerzeug verwenden. Das Stromkabel ist <strong> 1,2 Meter lang <\/strong>. Dank dieser praktischen L\u00e4nge haben Sie immer genug Platz im Auto, um das Kabel zu verbinden. <\/p>\n<p> <strong> Eigenschaften: <\/strong> <\/p>\n<ul>\n<li> Dual -Ladungskabel\n<li> Geeignet f\u00fcr die Caliber MPD -Serie <L> 12 Volt < LI> L\u00e4nge: 1,2 Meter\n<li> Gewicht: 94 Gramm\n<li> Passend in das Zigarettenleichter <\/li>\n<\/ul>\n<p> <strong> Hinweis: <\/strong> Nur mit Caliber MPD178, MPD278, MPD278T kompatibel , MPD298 und MPD2010T <\/p>\n<h3> Schauen Sie weiter <\/h3>\n<p> mit den DVD -Serien der Caliber -MPD -Serie, die Sie Ihre Lieblings -DVDs in Ihrer Freizeit ansehen k\u00f6nnen. Die tragbaren DVD -Spieler k\u00f6nnen im Auto, auf dem Campingplatz oder im Park eingesetzt werden. Mit diesem Stromkabel f\u00fcr den DVD -Player halten Sie Kinder auf langen Autofahrten unterhalten, weil sie immer weiter suchen k\u00f6nnen. Ein langer Stau ist kein Problem mehr. <\/p>\n<h3> Einfach angeschlossenes <\/h3>\n<p> Das Stromkabel ist einfach im Auto angeschlossen. Das Kabel hat eine L\u00e4nge von 1,2 Metern, so dass Sie gen\u00fcgend Platz haben und spielen, um das Stromkabel an einem praktischen Ort zu legen. Das 12 -Volt -Kabel kann verwendet werden, indem Sie es in das Zigarettenanz\u00fcnder legen. Wenn Sie fahren, wird der Strom an die beiden DVD -Spieler geliefert. <\/p>\n<h3> kompatibel mit Caliberbildschirmen <\/h3>\n<p> Das Stromkabel ist f\u00fcr die Caliber -DVD -Bildschirme aus der MPD -Serie geeignet. In dieser Serie finden Sie zahlreiche praktische DVD -Player, die auf dem Weg stundenlang im Auto zur Unterhaltung verwendet werden k\u00f6nnen. Ein absolutes Must-Have in jedem Urlaub oder in jeder langen Fahrt. <\/p>\n","protected":false},"excerpt":{"rendered":"<p>Erstellen Sie dank des Calibers SP-MPD-DC2-Netzkabel f\u00fcr den DVD-Player im Auto nie unerwartet eine leere Batterie. Dieses Stromkabel wurde speziell f\u00fcr die MPD -Serie Caliber entwickelt. Das Kabel Dual kann den DVD -Spielern im Auto ausreichend Strom liefern, sodass Sie weiter ungest\u00f6rt aussehen k\u00f6nnen. Sie k\u00f6nnen das Netzkabel 12 Volt einfach \u00fcber das Zigaretten -Feuerzeug [&hellip;]<\/p>\n","protected":false},"featured_media":1470869,"comment_status":"open","ping_status":"closed","template":"","meta":{"inline_featured_image":false},"product_brand":[],"product_cat":[7816],"product_tag":[],"class_list":{"0":"post-798719","1":"product","2":"type-product","3":"status-publish","4":"has-post-thumbnail","6":"product_cat-beeld_de_DE","8":"first","9":"instock","10":"taxable","11":"shipping-taxable","12":"purchasable","13":"product-type-simple"},"yoast_head":"<!-- This site is optimized with the Yoast SEO plugin v24.4 - https:\/\/yoast.com\/wordpress\/plugins\/seo\/ -->\n<title>Fernbedienungs-Remote f\u00fcr DVD-Player Auto MPD2010T und MDP298 (SP-MPD2010T-R1) | Caliber<\/title>\n<meta name=\"robots\" content=\"index, follow, max-snippet:-1, max-image-preview:large, max-video-preview:-1\" \/>\n<link rel=\"canonical\" href=\"https:\/\/www.calibereurope.com\/de\/produkt\/SP-MPD2010T-R1-de_DE\/\" \/>\n<meta property=\"og:locale\" content=\"de_DE\" \/>\n<meta property=\"og:type\" content=\"article\" \/>\n<meta property=\"og:title\" content=\"Fernbedienungs-Remote f\u00fcr DVD-Player Auto MPD2010T und MDP298 (SP-MPD2010T-R1) | Caliber\" \/>\n<meta property=\"og:description\" content=\"Erstellen Sie dank des Calibers SP-MPD-DC2-Netzkabel f\u00fcr den DVD-Player im Auto nie unerwartet eine leere Batterie. Dieses Stromkabel wurde speziell f\u00fcr die MPD -Serie Caliber entwickelt. Das Kabel Dual kann den DVD -Spielern im Auto ausreichend Strom liefern, sodass Sie weiter ungest\u00f6rt aussehen k\u00f6nnen. Sie k\u00f6nnen das Netzkabel 12 Volt einfach \u00fcber das Zigaretten -Feuerzeug [&hellip;]\" \/>\n<meta property=\"og:url\" content=\"https:\/\/www.calibereurope.com\/de\/produkt\/SP-MPD2010T-R1-de_DE\/\" \/>\n<meta property=\"og:site_name\" content=\"Caliber\" \/>\n<meta property=\"article:publisher\" content=\"https:\/\/facebook.com\/CaliberEurope\/\" \/>\n<meta property=\"article:modified_time\" content=\"2025-07-07T13:45:23+00:00\" \/>\n<meta property=\"og:image\" content=\"https:\/\/www.calibereurope.com\/wp-content\/uploads\/2022\/09\/3ee6d8ae7718f80744465471262378806e57da64_MPD2010T_remote-8.jpg\" \/>\n\t<meta property=\"og:image:width\" content=\"1024\" \/>\n\t<meta property=\"og:image:height\" content=\"768\" \/>\n\t<meta property=\"og:image:type\" content=\"image\/jpeg\" \/>\n<meta name=\"twitter:card\" content=\"summary_large_image\" \/>\n<meta name=\"twitter:site\" content=\"@calibereurope\" \/>\n<meta name=\"twitter:label1\" content=\"Preis\" \/>\n\t<meta name=\"twitter:data1\" content=\"19,95\" \/>\n\t<meta name=\"twitter:label2\" content=\"Availability\" \/>\n\t<meta name=\"twitter:data2\" content=\"In stock\" \/>\n<script type=\"application\/ld+json\" class=\"yoast-schema-graph\">{\"@context\":\"https:\/\/schema.org\",\"@graph\":[{\"@type\":\"WebPage\",\"@id\":\"https:\/\/www.calibereurope.com\/de\/produkt\/SP-MPD2010T-R1-de_DE\/\",\"url\":\"https:\/\/www.calibereurope.com\/de\/produkt\/SP-MPD2010T-R1-de_DE\/\",\"name\":\"Fernbedienungs-Remote f\u00fcr DVD-Player Auto MPD2010T und MDP298 (SP-MPD2010T-R1) | Caliber\",\"isPartOf\":{\"@id\":\"https:\/\/www.calibereurope.com\/de\/#website\"},\"primaryImageOfPage\":{\"@id\":\"https:\/\/www.calibereurope.com\/de\/produkt\/SP-MPD2010T-R1-de_DE\/#primaryimage\"},\"image\":{\"@id\":\"https:\/\/www.calibereurope.com\/de\/produkt\/SP-MPD2010T-R1-de_DE\/#primaryimage\"},\"thumbnailUrl\":\"https:\/\/www.calibereurope.com\/wp-content\/uploads\/2023\/03\/3ee6d8ae7718f80744465471262378806e57da64_MPD2010T_remote.jpg\",\"datePublished\":\"2023-03-22T00:00:00+00:00\",\"dateModified\":\"2025-07-07T13:45:23+00:00\",\"breadcrumb\":{\"@id\":\"https:\/\/www.calibereurope.com\/de\/produkt\/SP-MPD2010T-R1-de_DE\/#breadcrumb\"},\"inLanguage\":\"de\",\"potentialAction\":[{\"@type\":\"ReadAction\",\"target\":[\"https:\/\/www.calibereurope.com\/de\/produkt\/SP-MPD2010T-R1-de_DE\/\"]}]},{\"@type\":\"ImageObject\",\"inLanguage\":\"de\",\"@id\":\"https:\/\/www.calibereurope.com\/de\/produkt\/SP-MPD2010T-R1-de_DE\/#primaryimage\",\"url\":\"https:\/\/www.calibereurope.com\/wp-content\/uploads\/2023\/03\/3ee6d8ae7718f80744465471262378806e57da64_MPD2010T_remote.jpg\",\"contentUrl\":\"https:\/\/www.calibereurope.com\/wp-content\/uploads\/2023\/03\/3ee6d8ae7718f80744465471262378806e57da64_MPD2010T_remote.jpg\",\"width\":1024,\"height\":768},{\"@type\":\"BreadcrumbList\",\"@id\":\"https:\/\/www.calibereurope.com\/de\/produkt\/SP-MPD2010T-R1-de_DE\/#breadcrumb\",\"itemListElement\":[{\"@type\":\"ListItem\",\"position\":1,\"name\":\"Home\",\"item\":\"https:\/\/www.calibereurope.com\/de\/\"},{\"@type\":\"ListItem\",\"position\":2,\"name\":\"Webshop\",\"item\":\"https:\/\/www.calibereurope.com\/de\/webshop\/\"},{\"@type\":\"ListItem\",\"position\":3,\"name\":\"Bild\",\"item\":\"https:\/\/www.calibereurope.com\/de\/beeld_de_DE\/\"},{\"@type\":\"ListItem\",\"position\":4,\"name\":\"Fernbedienungs-Remote f\u00fcr DVD-Player Auto MPD2010T und MDP298 (SP-MPD2010T-R1)\"}]},{\"@type\":\"WebSite\",\"@id\":\"https:\/\/www.calibereurope.com\/de\/#website\",\"url\":\"https:\/\/www.calibereurope.com\/de\/\",\"name\":\"Caliber\",\"description\":\"Sounds good!\",\"publisher\":{\"@id\":\"https:\/\/www.calibereurope.com\/de\/#organization\"},\"potentialAction\":[{\"@type\":\"SearchAction\",\"target\":{\"@type\":\"EntryPoint\",\"urlTemplate\":\"https:\/\/www.calibereurope.com\/de\/?s={search_term_string}\"},\"query-input\":{\"@type\":\"PropertyValueSpecification\",\"valueRequired\":true,\"valueName\":\"search_term_string\"}}],\"inLanguage\":\"de\"},{\"@type\":\"Organization\",\"@id\":\"https:\/\/www.calibereurope.com\/de\/#organization\",\"name\":\"Caliber Europe B.V.\",\"url\":\"https:\/\/www.calibereurope.com\/de\/\",\"logo\":{\"@type\":\"ImageObject\",\"inLanguage\":\"de\",\"@id\":\"https:\/\/www.calibereurope.com\/de\/#\/schema\/logo\/image\/\",\"url\":\"https:\/\/www.calibereurope.com\/wp-content\/uploads\/2019\/11\/Logo-Caliber-e1574846289621.png\",\"contentUrl\":\"https:\/\/www.calibereurope.com\/wp-content\/uploads\/2019\/11\/Logo-Caliber-e1574846289621.png\",\"width\":400,\"height\":69,\"caption\":\"Caliber Europe B.V.\"},\"image\":{\"@id\":\"https:\/\/www.calibereurope.com\/de\/#\/schema\/logo\/image\/\"},\"sameAs\":[\"https:\/\/facebook.com\/CaliberEurope\/\",\"https:\/\/x.com\/calibereurope\",\"https:\/\/www.instagram.com\/calibereurope\/\"]}]}<\/script>\n<meta property=\"product:price:amount\" content=\"19.95\" \/>\n<meta property=\"product:price:currency\" content=\"EUR\" \/>\n<meta property=\"og:availability\" content=\"instock\" \/>\n<meta property=\"product:availability\" content=\"instock\" \/>\n<meta property=\"product:retailer_item_id\" content=\"SP-MPD2010T-R1\" \/>\n<meta property=\"product:condition\" content=\"new\" \/>\n<!-- \/ Yoast SEO plugin. -->","yoast_head_json":{"title":"Fernbedienungs-Remote f\u00fcr DVD-Player Auto MPD2010T und MDP298 (SP-MPD2010T-R1) | Caliber","robots":{"index":"index","follow":"follow","max-snippet":"max-snippet:-1","max-image-preview":"max-image-preview:large","max-video-preview":"max-video-preview:-1"},"canonical":"https:\/\/www.calibereurope.com\/de\/produkt\/SP-MPD2010T-R1-de_DE\/","og_locale":"de_DE","og_type":"article","og_title":"Fernbedienungs-Remote f\u00fcr DVD-Player Auto MPD2010T und MDP298 (SP-MPD2010T-R1) | Caliber","og_description":"Erstellen Sie dank des Calibers SP-MPD-DC2-Netzkabel f\u00fcr den DVD-Player im Auto nie unerwartet eine leere Batterie. Dieses Stromkabel wurde speziell f\u00fcr die MPD -Serie Caliber entwickelt. Das Kabel Dual kann den DVD -Spielern im Auto ausreichend Strom liefern, sodass Sie weiter ungest\u00f6rt aussehen k\u00f6nnen. Sie k\u00f6nnen das Netzkabel 12 Volt einfach \u00fcber das Zigaretten -Feuerzeug [&hellip;]","og_url":"https:\/\/www.calibereurope.com\/de\/produkt\/SP-MPD2010T-R1-de_DE\/","og_site_name":"Caliber","article_publisher":"https:\/\/facebook.com\/CaliberEurope\/","article_modified_time":"2025-07-07T13:45:23+00:00","og_image":[{"width":1024,"height":768,"url":"https:\/\/www.calibereurope.com\/wp-content\/uploads\/2022\/09\/3ee6d8ae7718f80744465471262378806e57da64_MPD2010T_remote-8.jpg","type":"image\/jpeg"}],"twitter_card":"summary_large_image","twitter_site":"@calibereurope","twitter_misc":{"Preis":"19,95","Availability":"In stock"},"schema":{"@context":"https:\/\/schema.org","@graph":[{"@type":"WebPage","@id":"https:\/\/www.calibereurope.com\/de\/produkt\/SP-MPD2010T-R1-de_DE\/","url":"https:\/\/www.calibereurope.com\/de\/produkt\/SP-MPD2010T-R1-de_DE\/","name":"Fernbedienungs-Remote f\u00fcr DVD-Player Auto MPD2010T und MDP298 (SP-MPD2010T-R1) | Caliber","isPartOf":{"@id":"https:\/\/www.calibereurope.com\/de\/#website"},"primaryImageOfPage":{"@id":"https:\/\/www.calibereurope.com\/de\/produkt\/SP-MPD2010T-R1-de_DE\/#primaryimage"},"image":{"@id":"https:\/\/www.calibereurope.com\/de\/produkt\/SP-MPD2010T-R1-de_DE\/#primaryimage"},"thumbnailUrl":"https:\/\/www.calibereurope.com\/wp-content\/uploads\/2023\/03\/3ee6d8ae7718f80744465471262378806e57da64_MPD2010T_remote.jpg","datePublished":"2023-03-22T00:00:00+00:00","dateModified":"2025-07-07T13:45:23+00:00","breadcrumb":{"@id":"https:\/\/www.calibereurope.com\/de\/produkt\/SP-MPD2010T-R1-de_DE\/#breadcrumb"},"inLanguage":"de","potentialAction":[{"@type":"ReadAction","target":["https:\/\/www.calibereurope.com\/de\/produkt\/SP-MPD2010T-R1-de_DE\/"]}]},{"@type":"ImageObject","inLanguage":"de","@id":"https:\/\/www.calibereurope.com\/de\/produkt\/SP-MPD2010T-R1-de_DE\/#primaryimage","url":"https:\/\/www.calibereurope.com\/wp-content\/uploads\/2023\/03\/3ee6d8ae7718f80744465471262378806e57da64_MPD2010T_remote.jpg","contentUrl":"https:\/\/www.calibereurope.com\/wp-content\/uploads\/2023\/03\/3ee6d8ae7718f80744465471262378806e57da64_MPD2010T_remote.jpg","width":1024,"height":768},{"@type":"BreadcrumbList","@id":"https:\/\/www.calibereurope.com\/de\/produkt\/SP-MPD2010T-R1-de_DE\/#breadcrumb","itemListElement":[{"@type":"ListItem","position":1,"name":"Home","item":"https:\/\/www.calibereurope.com\/de\/"},{"@type":"ListItem","position":2,"name":"Webshop","item":"https:\/\/www.calibereurope.com\/de\/webshop\/"},{"@type":"ListItem","position":3,"name":"Bild","item":"https:\/\/www.calibereurope.com\/de\/beeld_de_DE\/"},{"@type":"ListItem","position":4,"name":"Fernbedienungs-Remote f\u00fcr DVD-Player Auto MPD2010T und MDP298 (SP-MPD2010T-R1)"}]},{"@type":"WebSite","@id":"https:\/\/www.calibereurope.com\/de\/#website","url":"https:\/\/www.calibereurope.com\/de\/","name":"Caliber","description":"Sounds good!","publisher":{"@id":"https:\/\/www.calibereurope.com\/de\/#organization"},"potentialAction":[{"@type":"SearchAction","target":{"@type":"EntryPoint","urlTemplate":"https:\/\/www.calibereurope.com\/de\/?s={search_term_string}"},"query-input":{"@type":"PropertyValueSpecification","valueRequired":true,"valueName":"search_term_string"}}],"inLanguage":"de"},{"@type":"Organization","@id":"https:\/\/www.calibereurope.com\/de\/#organization","name":"Caliber Europe B.V.","url":"https:\/\/www.calibereurope.com\/de\/","logo":{"@type":"ImageObject","inLanguage":"de","@id":"https:\/\/www.calibereurope.com\/de\/#\/schema\/logo\/image\/","url":"https:\/\/www.calibereurope.com\/wp-content\/uploads\/2019\/11\/Logo-Caliber-e1574846289621.png","contentUrl":"https:\/\/www.calibereurope.com\/wp-content\/uploads\/2019\/11\/Logo-Caliber-e1574846289621.png","width":400,"height":69,"caption":"Caliber Europe B.V."},"image":{"@id":"https:\/\/www.calibereurope.com\/de\/#\/schema\/logo\/image\/"},"sameAs":["https:\/\/facebook.com\/CaliberEurope\/","https:\/\/x.com\/calibereurope","https:\/\/www.instagram.com\/calibereurope\/"]}]},"product_price_amount":"19.95","product_price_currency":"EUR","og_availability":"instock","product_availability":"instock","product_retailer_item_id":"SP-MPD2010T-R1","product_condition":"new"},"_links":{"self":[{"href":"https:\/\/www.calibereurope.com\/de\/wp-json\/wp\/v2\/product\/798719","targetHints":{"allow":["GET"]}}],"collection":[{"href":"https:\/\/www.calibereurope.com\/de\/wp-json\/wp\/v2\/product"}],"about":[{"href":"https:\/\/www.calibereurope.com\/de\/wp-json\/wp\/v2\/types\/product"}],"replies":[{"embeddable":true,"href":"https:\/\/www.calibereurope.com\/de\/wp-json\/wp\/v2\/comments?post=798719"}],"wp:featuredmedia":[{"embeddable":true,"href":"https:\/\/www.calibereurope.com\/de\/wp-json\/wp\/v2\/media\/1470869"}],"wp:attachment":[{"href":"https:\/\/www.calibereurope.com\/de\/wp-json\/wp\/v2\/media?parent=798719"}],"wp:term":[{"taxonomy":"product_brand","embeddable":true,"href":"https:\/\/www.calibereurope.com\/de\/wp-json\/wp\/v2\/product_brand?post=798719"},{"taxonomy":"product_cat","embeddable":true,"href":"https:\/\/www.calibereurope.com\/de\/wp-json\/wp\/v2\/product_cat?post=798719"},{"taxonomy":"product_tag","embeddable":true,"href":"https:\/\/www.calibereurope.com\/de\/wp-json\/wp\/v2\/product_tag?post=798719"}],"curies":[{"name":"wp","href":"https:\/\/api.w.org\/{rel}","templated":true}]}}