{"id":83161,"date":"2024-08-13T02:00:00","date_gmt":"2024-08-13T00:00:00","guid":{"rendered":""},"modified":"2024-08-13T07:06:05","modified_gmt":"2024-08-13T05:06:05","slug":"ATF301-de_DE","status":"publish","type":"product","link":"https:\/\/www.calibereurope.com\/de\/produkt\/ATF301-de_DE\/","title":{"rendered":"Tischl\u00fcfter 23 cm Durchmesser, Leistung 30W (ATF301)"},"content":{"rendered":"<p>Die Sommermonate bedeuten immer h\u00e4ufiger, dass man sich gegen die sengende Hitze wehren muss und nach einer L\u00f6sung sucht, um sich an hei\u00dfen Tagen im B\u00fcro oder bei der Arbeit von zu Hause aus abzuk\u00fchlen. Ein Tischventilator ist f\u00fcr solche Gelegenheiten ideal, wenn er direkt auf dem Schreibtisch platziert wird, ohne andere Mitarbeiter oder die Familie zu Hause zu st\u00f6ren und ohne viel Platz auf dem Boden einzunehmen.<\/p>\n<p><\/p>\n<p>Der Tischventilator ATF301 von Blaupunkt mit einem Durchmesser von 23 cm ist Ihr leiser Verb\u00fcndeter an hei\u00dfen Tagen und passt dank seines klassischen Designs perfekt auf Ihren Schreibtisch.<\/p>\n<p><\/p>\n<p>Indem Sie den Ventilator auf eine von zwei verf\u00fcgbaren Geschwindigkeiten einstellen, k\u00f6nnen Sie die St\u00e4rke der Luftk\u00fchlung an Ihre Bed\u00fcrfnisse anpassen. Der leistungsstarke Kupfermotor sorgt f\u00fcr einen kr\u00e4ftigen Luftstrom, w\u00e4hrend die Oszillation daf\u00fcr sorgt, dass die Luft gleichm\u00e4\u00dfig im Raum verteilt wird. Je gr\u00f6\u00dfer der Raum ist und je mehr Personen den k\u00fchlenden Luftstrom des Ventilators sp\u00fcren sollen, desto breiter kann der Oszillationsbereich eingestellt werden.<\/p>\n<p><\/p>\n<p>Indem Sie die Neigung Ihres Ventilators einstellen, k\u00f6nnen Sie die Richtung des Luftstroms \u00e4ndern und seinen Betrieb an Ihre Bed\u00fcrfnisse anpassen.<\/p>\n<p><\/p>\n<p>Dieses zuverl\u00e4ssige und leise Modell st\u00f6rt weder Ihre Familie zu Hause noch Ihre Mitarbeiter in einem Gesch\u00e4ftsraum, da der Ger\u00e4uschpegel dank der speziell entwickelten Form der L\u00fcfterbl\u00e4tter reduziert ist. Bei der niedrigsten Geschwindigkeit liegt die Lautst\u00e4rke unter 40 dB.<\/p>\n<p><\/p>\n<p>Ein Kunststoffgitter auf der R\u00fcckseite des Ger\u00e4ts und ein starres Metallgitter auf der Vorderseite sorgen f\u00fcr Sicherheit bei der Benutzung.<\/p>\n<p><\/p>\n<p>Dank seiner klassischen Farbe passt der Ventilator in jedes moderne Interieur.<\/p>\n<p><\/p>\n<p><\/p>\n","protected":false},"excerpt":{"rendered":"<p>Die Sommermonate bedeuten immer h\u00e4ufiger, dass man sich gegen die sengende Hitze wehren muss und nach einer L\u00f6sung sucht, um sich an hei\u00dfen Tagen im B\u00fcro oder bei der Arbeit von zu Hause aus abzuk\u00fchlen. Ein Tischventilator ist f\u00fcr solche Gelegenheiten ideal, wenn er direkt auf dem Schreibtisch platziert wird, ohne andere Mitarbeiter oder die [&hellip;]<\/p>\n","protected":false},"featured_media":1355434,"comment_status":"open","ping_status":"closed","template":"","meta":{"inline_featured_image":false},"product_brand":[],"product_cat":[7915,7885],"product_tag":[],"class_list":{"0":"post-83161","1":"product","2":"type-product","3":"status-publish","4":"has-post-thumbnail","6":"product_cat-huishoudelijke_apparaten_de_DE","7":"product_cat-wonen_de_DE","9":"first","10":"outofstock","11":"taxable","12":"shipping-taxable","13":"purchasable","14":"product-type-simple"},"yoast_head":"<!-- This site is optimized with the Yoast SEO plugin v24.4 - https:\/\/yoast.com\/wordpress\/plugins\/seo\/ -->\n<title>Tischl\u00fcfter 23 cm Durchmesser, Leistung 30W (ATF301) | Caliber<\/title>\n<meta name=\"robots\" content=\"index, follow, max-snippet:-1, max-image-preview:large, max-video-preview:-1\" \/>\n<link rel=\"canonical\" href=\"https:\/\/www.calibereurope.com\/de\/produkt\/ATF301-de_DE\/\" \/>\n<meta property=\"og:locale\" content=\"de_DE\" \/>\n<meta property=\"og:type\" content=\"article\" \/>\n<meta property=\"og:title\" content=\"Tischl\u00fcfter 23 cm Durchmesser, Leistung 30W (ATF301) | Caliber\" \/>\n<meta property=\"og:description\" content=\"Die Sommermonate bedeuten immer h\u00e4ufiger, dass man sich gegen die sengende Hitze wehren muss und nach einer L\u00f6sung sucht, um sich an hei\u00dfen Tagen im B\u00fcro oder bei der Arbeit von zu Hause aus abzuk\u00fchlen. Ein Tischventilator ist f\u00fcr solche Gelegenheiten ideal, wenn er direkt auf dem Schreibtisch platziert wird, ohne andere Mitarbeiter oder die [&hellip;]\" \/>\n<meta property=\"og:url\" content=\"https:\/\/www.calibereurope.com\/de\/produkt\/ATF301-de_DE\/\" \/>\n<meta property=\"og:site_name\" content=\"Caliber\" \/>\n<meta property=\"article:publisher\" content=\"https:\/\/facebook.com\/CaliberEurope\/\" \/>\n<meta property=\"article:modified_time\" content=\"2024-08-13T05:06:05+00:00\" \/>\n<meta property=\"og:image\" content=\"https:\/\/www.calibereurope.com\/wp-content\/uploads\/2022\/10\/212f52a2006a41818311d1d8c15f14b508ab71b8_ATF301_side-3.jpg\" \/>\n\t<meta property=\"og:image:width\" content=\"1024\" \/>\n\t<meta property=\"og:image:height\" content=\"768\" \/>\n\t<meta property=\"og:image:type\" content=\"image\/jpeg\" \/>\n<meta name=\"twitter:card\" content=\"summary_large_image\" \/>\n<meta name=\"twitter:site\" content=\"@calibereurope\" \/>\n<meta name=\"twitter:label1\" content=\"Preis\" \/>\n\t<meta name=\"twitter:data1\" content=\"29,99\" \/>\n\t<meta name=\"twitter:label2\" content=\"Availability\" \/>\n\t<meta name=\"twitter:data2\" content=\"Out of stock\" \/>\n<script type=\"application\/ld+json\" class=\"yoast-schema-graph\">{\"@context\":\"https:\/\/schema.org\",\"@graph\":[{\"@type\":\"WebPage\",\"@id\":\"https:\/\/www.calibereurope.com\/de\/produkt\/ATF301-de_DE\/\",\"url\":\"https:\/\/www.calibereurope.com\/de\/produkt\/ATF301-de_DE\/\",\"name\":\"Tischl\u00fcfter 23 cm Durchmesser, Leistung 30W (ATF301) | Caliber\",\"isPartOf\":{\"@id\":\"https:\/\/www.calibereurope.com\/de\/#website\"},\"primaryImageOfPage\":{\"@id\":\"https:\/\/www.calibereurope.com\/de\/produkt\/ATF301-de_DE\/#primaryimage\"},\"image\":{\"@id\":\"https:\/\/www.calibereurope.com\/de\/produkt\/ATF301-de_DE\/#primaryimage\"},\"thumbnailUrl\":\"https:\/\/www.calibereurope.com\/wp-content\/uploads\/2022\/10\/212f52a2006a41818311d1d8c15f14b508ab71b8_ATF301_side-3.jpg\",\"datePublished\":\"2024-08-13T00:00:00+00:00\",\"dateModified\":\"2024-08-13T05:06:05+00:00\",\"breadcrumb\":{\"@id\":\"https:\/\/www.calibereurope.com\/de\/produkt\/ATF301-de_DE\/#breadcrumb\"},\"inLanguage\":\"de\",\"potentialAction\":[{\"@type\":\"ReadAction\",\"target\":[\"https:\/\/www.calibereurope.com\/de\/produkt\/ATF301-de_DE\/\"]}]},{\"@type\":\"ImageObject\",\"inLanguage\":\"de\",\"@id\":\"https:\/\/www.calibereurope.com\/de\/produkt\/ATF301-de_DE\/#primaryimage\",\"url\":\"https:\/\/www.calibereurope.com\/wp-content\/uploads\/2022\/10\/212f52a2006a41818311d1d8c15f14b508ab71b8_ATF301_side-3.jpg\",\"contentUrl\":\"https:\/\/www.calibereurope.com\/wp-content\/uploads\/2022\/10\/212f52a2006a41818311d1d8c15f14b508ab71b8_ATF301_side-3.jpg\",\"width\":1024,\"height\":768},{\"@type\":\"BreadcrumbList\",\"@id\":\"https:\/\/www.calibereurope.com\/de\/produkt\/ATF301-de_DE\/#breadcrumb\",\"itemListElement\":[{\"@type\":\"ListItem\",\"position\":1,\"name\":\"Home\",\"item\":\"https:\/\/www.calibereurope.com\/de\/\"},{\"@type\":\"ListItem\",\"position\":2,\"name\":\"Webshop\",\"item\":\"https:\/\/www.calibereurope.com\/de\/webshop\/\"},{\"@type\":\"ListItem\",\"position\":3,\"name\":\"Leben\",\"item\":\"https:\/\/www.calibereurope.com\/de\/wonen_de_DE\/\"},{\"@type\":\"ListItem\",\"position\":4,\"name\":\"Haushaltsger\u00e4te\",\"item\":\"https:\/\/www.calibereurope.com\/de\/wonen_de_DE\/huishoudelijke_apparaten_de_DE\/\"},{\"@type\":\"ListItem\",\"position\":5,\"name\":\"Tischl\u00fcfter 23 cm Durchmesser, Leistung 30W (ATF301)\"}]},{\"@type\":\"WebSite\",\"@id\":\"https:\/\/www.calibereurope.com\/de\/#website\",\"url\":\"https:\/\/www.calibereurope.com\/de\/\",\"name\":\"Caliber\",\"description\":\"Sounds good!\",\"publisher\":{\"@id\":\"https:\/\/www.calibereurope.com\/de\/#organization\"},\"potentialAction\":[{\"@type\":\"SearchAction\",\"target\":{\"@type\":\"EntryPoint\",\"urlTemplate\":\"https:\/\/www.calibereurope.com\/de\/?s={search_term_string}\"},\"query-input\":{\"@type\":\"PropertyValueSpecification\",\"valueRequired\":true,\"valueName\":\"search_term_string\"}}],\"inLanguage\":\"de\"},{\"@type\":\"Organization\",\"@id\":\"https:\/\/www.calibereurope.com\/de\/#organization\",\"name\":\"Caliber Europe B.V.\",\"url\":\"https:\/\/www.calibereurope.com\/de\/\",\"logo\":{\"@type\":\"ImageObject\",\"inLanguage\":\"de\",\"@id\":\"https:\/\/www.calibereurope.com\/de\/#\/schema\/logo\/image\/\",\"url\":\"https:\/\/www.calibereurope.com\/wp-content\/uploads\/2019\/11\/Logo-Caliber-e1574846289621.png\",\"contentUrl\":\"https:\/\/www.calibereurope.com\/wp-content\/uploads\/2019\/11\/Logo-Caliber-e1574846289621.png\",\"width\":400,\"height\":69,\"caption\":\"Caliber Europe B.V.\"},\"image\":{\"@id\":\"https:\/\/www.calibereurope.com\/de\/#\/schema\/logo\/image\/\"},\"sameAs\":[\"https:\/\/facebook.com\/CaliberEurope\/\",\"https:\/\/x.com\/calibereurope\",\"https:\/\/www.instagram.com\/calibereurope\/\"]}]}<\/script>\n<meta property=\"product:price:amount\" content=\"29.99\" \/>\n<meta property=\"product:price:currency\" content=\"EUR\" \/>\n<meta property=\"og:availability\" content=\"out of stock\" \/>\n<meta property=\"product:availability\" content=\"out of stock\" \/>\n<meta property=\"product:retailer_item_id\" content=\"ATF301\" \/>\n<meta property=\"product:condition\" content=\"new\" \/>\n<!-- \/ Yoast SEO plugin. -->","yoast_head_json":{"title":"Tischl\u00fcfter 23 cm Durchmesser, Leistung 30W (ATF301) | Caliber","robots":{"index":"index","follow":"follow","max-snippet":"max-snippet:-1","max-image-preview":"max-image-preview:large","max-video-preview":"max-video-preview:-1"},"canonical":"https:\/\/www.calibereurope.com\/de\/produkt\/ATF301-de_DE\/","og_locale":"de_DE","og_type":"article","og_title":"Tischl\u00fcfter 23 cm Durchmesser, Leistung 30W (ATF301) | Caliber","og_description":"Die Sommermonate bedeuten immer h\u00e4ufiger, dass man sich gegen die sengende Hitze wehren muss und nach einer L\u00f6sung sucht, um sich an hei\u00dfen Tagen im B\u00fcro oder bei der Arbeit von zu Hause aus abzuk\u00fchlen. Ein Tischventilator ist f\u00fcr solche Gelegenheiten ideal, wenn er direkt auf dem Schreibtisch platziert wird, ohne andere Mitarbeiter oder die [&hellip;]","og_url":"https:\/\/www.calibereurope.com\/de\/produkt\/ATF301-de_DE\/","og_site_name":"Caliber","article_publisher":"https:\/\/facebook.com\/CaliberEurope\/","article_modified_time":"2024-08-13T05:06:05+00:00","og_image":[{"width":1024,"height":768,"url":"https:\/\/www.calibereurope.com\/wp-content\/uploads\/2022\/10\/212f52a2006a41818311d1d8c15f14b508ab71b8_ATF301_side-3.jpg","type":"image\/jpeg"}],"twitter_card":"summary_large_image","twitter_site":"@calibereurope","twitter_misc":{"Preis":"29,99","Availability":"Out of stock"},"schema":{"@context":"https:\/\/schema.org","@graph":[{"@type":"WebPage","@id":"https:\/\/www.calibereurope.com\/de\/produkt\/ATF301-de_DE\/","url":"https:\/\/www.calibereurope.com\/de\/produkt\/ATF301-de_DE\/","name":"Tischl\u00fcfter 23 cm Durchmesser, Leistung 30W (ATF301) | Caliber","isPartOf":{"@id":"https:\/\/www.calibereurope.com\/de\/#website"},"primaryImageOfPage":{"@id":"https:\/\/www.calibereurope.com\/de\/produkt\/ATF301-de_DE\/#primaryimage"},"image":{"@id":"https:\/\/www.calibereurope.com\/de\/produkt\/ATF301-de_DE\/#primaryimage"},"thumbnailUrl":"https:\/\/www.calibereurope.com\/wp-content\/uploads\/2022\/10\/212f52a2006a41818311d1d8c15f14b508ab71b8_ATF301_side-3.jpg","datePublished":"2024-08-13T00:00:00+00:00","dateModified":"2024-08-13T05:06:05+00:00","breadcrumb":{"@id":"https:\/\/www.calibereurope.com\/de\/produkt\/ATF301-de_DE\/#breadcrumb"},"inLanguage":"de","potentialAction":[{"@type":"ReadAction","target":["https:\/\/www.calibereurope.com\/de\/produkt\/ATF301-de_DE\/"]}]},{"@type":"ImageObject","inLanguage":"de","@id":"https:\/\/www.calibereurope.com\/de\/produkt\/ATF301-de_DE\/#primaryimage","url":"https:\/\/www.calibereurope.com\/wp-content\/uploads\/2022\/10\/212f52a2006a41818311d1d8c15f14b508ab71b8_ATF301_side-3.jpg","contentUrl":"https:\/\/www.calibereurope.com\/wp-content\/uploads\/2022\/10\/212f52a2006a41818311d1d8c15f14b508ab71b8_ATF301_side-3.jpg","width":1024,"height":768},{"@type":"BreadcrumbList","@id":"https:\/\/www.calibereurope.com\/de\/produkt\/ATF301-de_DE\/#breadcrumb","itemListElement":[{"@type":"ListItem","position":1,"name":"Home","item":"https:\/\/www.calibereurope.com\/de\/"},{"@type":"ListItem","position":2,"name":"Webshop","item":"https:\/\/www.calibereurope.com\/de\/webshop\/"},{"@type":"ListItem","position":3,"name":"Leben","item":"https:\/\/www.calibereurope.com\/de\/wonen_de_DE\/"},{"@type":"ListItem","position":4,"name":"Haushaltsger\u00e4te","item":"https:\/\/www.calibereurope.com\/de\/wonen_de_DE\/huishoudelijke_apparaten_de_DE\/"},{"@type":"ListItem","position":5,"name":"Tischl\u00fcfter 23 cm Durchmesser, Leistung 30W (ATF301)"}]},{"@type":"WebSite","@id":"https:\/\/www.calibereurope.com\/de\/#website","url":"https:\/\/www.calibereurope.com\/de\/","name":"Caliber","description":"Sounds good!","publisher":{"@id":"https:\/\/www.calibereurope.com\/de\/#organization"},"potentialAction":[{"@type":"SearchAction","target":{"@type":"EntryPoint","urlTemplate":"https:\/\/www.calibereurope.com\/de\/?s={search_term_string}"},"query-input":{"@type":"PropertyValueSpecification","valueRequired":true,"valueName":"search_term_string"}}],"inLanguage":"de"},{"@type":"Organization","@id":"https:\/\/www.calibereurope.com\/de\/#organization","name":"Caliber Europe B.V.","url":"https:\/\/www.calibereurope.com\/de\/","logo":{"@type":"ImageObject","inLanguage":"de","@id":"https:\/\/www.calibereurope.com\/de\/#\/schema\/logo\/image\/","url":"https:\/\/www.calibereurope.com\/wp-content\/uploads\/2019\/11\/Logo-Caliber-e1574846289621.png","contentUrl":"https:\/\/www.calibereurope.com\/wp-content\/uploads\/2019\/11\/Logo-Caliber-e1574846289621.png","width":400,"height":69,"caption":"Caliber Europe B.V."},"image":{"@id":"https:\/\/www.calibereurope.com\/de\/#\/schema\/logo\/image\/"},"sameAs":["https:\/\/facebook.com\/CaliberEurope\/","https:\/\/x.com\/calibereurope","https:\/\/www.instagram.com\/calibereurope\/"]}]},"product_price_amount":"29.99","product_price_currency":"EUR","og_availability":"out of stock","product_availability":"out of stock","product_retailer_item_id":"ATF301","product_condition":"new"},"_links":{"self":[{"href":"https:\/\/www.calibereurope.com\/de\/wp-json\/wp\/v2\/product\/83161","targetHints":{"allow":["GET"]}}],"collection":[{"href":"https:\/\/www.calibereurope.com\/de\/wp-json\/wp\/v2\/product"}],"about":[{"href":"https:\/\/www.calibereurope.com\/de\/wp-json\/wp\/v2\/types\/product"}],"replies":[{"embeddable":true,"href":"https:\/\/www.calibereurope.com\/de\/wp-json\/wp\/v2\/comments?post=83161"}],"wp:featuredmedia":[{"embeddable":true,"href":"https:\/\/www.calibereurope.com\/de\/wp-json\/wp\/v2\/media\/1355434"}],"wp:attachment":[{"href":"https:\/\/www.calibereurope.com\/de\/wp-json\/wp\/v2\/media?parent=83161"}],"wp:term":[{"taxonomy":"product_brand","embeddable":true,"href":"https:\/\/www.calibereurope.com\/de\/wp-json\/wp\/v2\/product_brand?post=83161"},{"taxonomy":"product_cat","embeddable":true,"href":"https:\/\/www.calibereurope.com\/de\/wp-json\/wp\/v2\/product_cat?post=83161"},{"taxonomy":"product_tag","embeddable":true,"href":"https:\/\/www.calibereurope.com\/de\/wp-json\/wp\/v2\/product_tag?post=83161"}],"curies":[{"name":"wp","href":"https:\/\/api.w.org\/{rel}","templated":true}]}}