{"id":83164,"date":"2024-08-13T02:00:00","date_gmt":"2024-08-13T00:00:00","guid":{"rendered":""},"modified":"2024-08-13T07:06:11","modified_gmt":"2024-08-13T05:06:11","slug":"ATF401-de_DE","status":"publish","type":"product","link":"https:\/\/www.calibereurope.com\/de\/produkt\/ATF401-de_DE\/","title":{"rendered":"Tischventilator 30 cm Durchmesser, Leistung 45W (ATF401)"},"content":{"rendered":"<p>Die Sommermonate bedeuten immer h\u00e4ufiger, dass man mit sengender Hitze zurechtkommen muss, und das gilt auch f\u00fcr B\u00fcros oder bei der Arbeit von zu Hause aus, wenn keine Klimaanlage installiert werden kann. Ein Tischventilator erweist sich bei solchen Gelegenheiten als ideal, wenn er direkt vor dem Benutzer aufgestellt wird, ohne andere Mitarbeiter oder die Familie zu Hause zu st\u00f6ren.<\/p>\n<p><\/p>\n<p>Der Tischventilator ATF401 von Blaupunkt mit einem Durchmesser von 30 cm ist Ihr Verb\u00fcndeter an hei\u00dfen Tagen und f\u00fcgt sich dank seines klassischen Designs perfekt in die B\u00fcroumgebung ein.<\/p>\n<p><\/p>\n<p>Indem Sie den Ventilator auf eine der drei verf\u00fcgbaren Geschwindigkeiten einstellen, k\u00f6nnen Sie die K\u00fchlkraft der Luft an Ihre Bed\u00fcrfnisse anpassen. Der leistungsstarke Kupfermotor sorgt f\u00fcr einen starken Luftstrom, w\u00e4hrend die Oszillation daf\u00fcr sorgt, dass die Luft gleichm\u00e4\u00dfig im Raum verteilt wird. Je gr\u00f6\u00dfer der Raum ist und je mehr Personen den k\u00fchlenden Luftstrom des Ventilators sp\u00fcren sollen, desto breiter kann der Oszillationsbereich eingestellt werden.<\/p>\n<p><\/p>\n<p>Durch Einstellen der Neigung Ihres Ventilators k\u00f6nnen Sie die Richtung des Luftstroms \u00e4ndern und den Betrieb an Ihre Bed\u00fcrfnisse anpassen.<\/p>\n<p><\/p>\n<p>Dieses zuverl\u00e4ssige und leise Modell st\u00f6rt weder Ihre Familie zu Hause noch Ihre Mitarbeiter in einem Gesch\u00e4ftsraum, da der Ger\u00e4uschpegel dank der speziell entwickelten Form der Ventilatorbl\u00e4tter reduziert ist. Bei der niedrigsten Geschwindigkeit liegt die Lautst\u00e4rke unter 40 dB.<\/p>\n<p><\/p>\n<p>Ein Kunststoffgitter auf der R\u00fcckseite des Ger\u00e4ts und ein starres Metallgitter auf der Vorderseite sorgen f\u00fcr Sicherheit bei der Benutzung.<\/p>\n<p><\/p>\n<p>Dank seines klassischen Aussehens passt der Ventilator in jedes Interieur.<\/p>\n","protected":false},"excerpt":{"rendered":"<p>Die Sommermonate bedeuten immer h\u00e4ufiger, dass man mit sengender Hitze zurechtkommen muss, und das gilt auch f\u00fcr B\u00fcros oder bei der Arbeit von zu Hause aus, wenn keine Klimaanlage installiert werden kann. Ein Tischventilator erweist sich bei solchen Gelegenheiten als ideal, wenn er direkt vor dem Benutzer aufgestellt wird, ohne andere Mitarbeiter oder die Familie [&hellip;]<\/p>\n","protected":false},"featured_media":1355466,"comment_status":"open","ping_status":"closed","template":"","meta":{"inline_featured_image":false},"product_brand":[],"product_cat":[7915,7885],"product_tag":[],"class_list":{"0":"post-83164","1":"product","2":"type-product","3":"status-publish","4":"has-post-thumbnail","6":"product_cat-huishoudelijke_apparaten_de_DE","7":"product_cat-wonen_de_DE","9":"first","10":"outofstock","11":"taxable","12":"shipping-taxable","13":"purchasable","14":"product-type-simple"},"yoast_head":"<!-- This site is optimized with the Yoast SEO plugin v24.4 - https:\/\/yoast.com\/wordpress\/plugins\/seo\/ -->\n<title>Tischventilator 30 cm Durchmesser, Leistung 45W (ATF401) | Caliber<\/title>\n<meta name=\"robots\" content=\"index, follow, max-snippet:-1, max-image-preview:large, max-video-preview:-1\" \/>\n<link rel=\"canonical\" href=\"https:\/\/www.calibereurope.com\/de\/produkt\/ATF401-de_DE\/\" \/>\n<meta property=\"og:locale\" content=\"de_DE\" \/>\n<meta property=\"og:type\" content=\"article\" \/>\n<meta property=\"og:title\" content=\"Tischventilator 30 cm Durchmesser, Leistung 45W (ATF401) | Caliber\" \/>\n<meta property=\"og:description\" content=\"Die Sommermonate bedeuten immer h\u00e4ufiger, dass man mit sengender Hitze zurechtkommen muss, und das gilt auch f\u00fcr B\u00fcros oder bei der Arbeit von zu Hause aus, wenn keine Klimaanlage installiert werden kann. Ein Tischventilator erweist sich bei solchen Gelegenheiten als ideal, wenn er direkt vor dem Benutzer aufgestellt wird, ohne andere Mitarbeiter oder die Familie [&hellip;]\" \/>\n<meta property=\"og:url\" content=\"https:\/\/www.calibereurope.com\/de\/produkt\/ATF401-de_DE\/\" \/>\n<meta property=\"og:site_name\" content=\"Caliber\" \/>\n<meta property=\"article:publisher\" content=\"https:\/\/facebook.com\/CaliberEurope\/\" \/>\n<meta property=\"article:modified_time\" content=\"2024-08-13T05:06:11+00:00\" \/>\n<meta property=\"og:image\" content=\"https:\/\/www.calibereurope.com\/wp-content\/uploads\/2022\/10\/60b05c106f7e98b98e174c46318675e561382f66_ATF401_side-3.jpg\" \/>\n\t<meta property=\"og:image:width\" content=\"1024\" \/>\n\t<meta property=\"og:image:height\" content=\"768\" \/>\n\t<meta property=\"og:image:type\" content=\"image\/jpeg\" \/>\n<meta name=\"twitter:card\" content=\"summary_large_image\" \/>\n<meta name=\"twitter:site\" content=\"@calibereurope\" \/>\n<meta name=\"twitter:label1\" content=\"Preis\" \/>\n\t<meta name=\"twitter:data1\" content=\"39,99\" \/>\n\t<meta name=\"twitter:label2\" content=\"Availability\" \/>\n\t<meta name=\"twitter:data2\" content=\"Out of stock\" \/>\n<script type=\"application\/ld+json\" class=\"yoast-schema-graph\">{\"@context\":\"https:\/\/schema.org\",\"@graph\":[{\"@type\":\"WebPage\",\"@id\":\"https:\/\/www.calibereurope.com\/de\/produkt\/ATF401-de_DE\/\",\"url\":\"https:\/\/www.calibereurope.com\/de\/produkt\/ATF401-de_DE\/\",\"name\":\"Tischventilator 30 cm Durchmesser, Leistung 45W (ATF401) | Caliber\",\"isPartOf\":{\"@id\":\"https:\/\/www.calibereurope.com\/de\/#website\"},\"primaryImageOfPage\":{\"@id\":\"https:\/\/www.calibereurope.com\/de\/produkt\/ATF401-de_DE\/#primaryimage\"},\"image\":{\"@id\":\"https:\/\/www.calibereurope.com\/de\/produkt\/ATF401-de_DE\/#primaryimage\"},\"thumbnailUrl\":\"https:\/\/www.calibereurope.com\/wp-content\/uploads\/2022\/10\/60b05c106f7e98b98e174c46318675e561382f66_ATF401_side-3.jpg\",\"datePublished\":\"2024-08-13T00:00:00+00:00\",\"dateModified\":\"2024-08-13T05:06:11+00:00\",\"breadcrumb\":{\"@id\":\"https:\/\/www.calibereurope.com\/de\/produkt\/ATF401-de_DE\/#breadcrumb\"},\"inLanguage\":\"de\",\"potentialAction\":[{\"@type\":\"ReadAction\",\"target\":[\"https:\/\/www.calibereurope.com\/de\/produkt\/ATF401-de_DE\/\"]}]},{\"@type\":\"ImageObject\",\"inLanguage\":\"de\",\"@id\":\"https:\/\/www.calibereurope.com\/de\/produkt\/ATF401-de_DE\/#primaryimage\",\"url\":\"https:\/\/www.calibereurope.com\/wp-content\/uploads\/2022\/10\/60b05c106f7e98b98e174c46318675e561382f66_ATF401_side-3.jpg\",\"contentUrl\":\"https:\/\/www.calibereurope.com\/wp-content\/uploads\/2022\/10\/60b05c106f7e98b98e174c46318675e561382f66_ATF401_side-3.jpg\",\"width\":1024,\"height\":768},{\"@type\":\"BreadcrumbList\",\"@id\":\"https:\/\/www.calibereurope.com\/de\/produkt\/ATF401-de_DE\/#breadcrumb\",\"itemListElement\":[{\"@type\":\"ListItem\",\"position\":1,\"name\":\"Home\",\"item\":\"https:\/\/www.calibereurope.com\/de\/\"},{\"@type\":\"ListItem\",\"position\":2,\"name\":\"Webshop\",\"item\":\"https:\/\/www.calibereurope.com\/de\/webshop\/\"},{\"@type\":\"ListItem\",\"position\":3,\"name\":\"Leben\",\"item\":\"https:\/\/www.calibereurope.com\/de\/wonen_de_DE\/\"},{\"@type\":\"ListItem\",\"position\":4,\"name\":\"Haushaltsger\u00e4te\",\"item\":\"https:\/\/www.calibereurope.com\/de\/wonen_de_DE\/huishoudelijke_apparaten_de_DE\/\"},{\"@type\":\"ListItem\",\"position\":5,\"name\":\"Tischventilator 30 cm Durchmesser, Leistung 45W (ATF401)\"}]},{\"@type\":\"WebSite\",\"@id\":\"https:\/\/www.calibereurope.com\/de\/#website\",\"url\":\"https:\/\/www.calibereurope.com\/de\/\",\"name\":\"Caliber\",\"description\":\"Sounds good!\",\"publisher\":{\"@id\":\"https:\/\/www.calibereurope.com\/de\/#organization\"},\"potentialAction\":[{\"@type\":\"SearchAction\",\"target\":{\"@type\":\"EntryPoint\",\"urlTemplate\":\"https:\/\/www.calibereurope.com\/de\/?s={search_term_string}\"},\"query-input\":{\"@type\":\"PropertyValueSpecification\",\"valueRequired\":true,\"valueName\":\"search_term_string\"}}],\"inLanguage\":\"de\"},{\"@type\":\"Organization\",\"@id\":\"https:\/\/www.calibereurope.com\/de\/#organization\",\"name\":\"Caliber Europe B.V.\",\"url\":\"https:\/\/www.calibereurope.com\/de\/\",\"logo\":{\"@type\":\"ImageObject\",\"inLanguage\":\"de\",\"@id\":\"https:\/\/www.calibereurope.com\/de\/#\/schema\/logo\/image\/\",\"url\":\"https:\/\/www.calibereurope.com\/wp-content\/uploads\/2019\/11\/Logo-Caliber-e1574846289621.png\",\"contentUrl\":\"https:\/\/www.calibereurope.com\/wp-content\/uploads\/2019\/11\/Logo-Caliber-e1574846289621.png\",\"width\":400,\"height\":69,\"caption\":\"Caliber Europe B.V.\"},\"image\":{\"@id\":\"https:\/\/www.calibereurope.com\/de\/#\/schema\/logo\/image\/\"},\"sameAs\":[\"https:\/\/facebook.com\/CaliberEurope\/\",\"https:\/\/x.com\/calibereurope\",\"https:\/\/www.instagram.com\/calibereurope\/\"]}]}<\/script>\n<meta property=\"product:price:amount\" content=\"39.99\" \/>\n<meta property=\"product:price:currency\" content=\"EUR\" \/>\n<meta property=\"og:availability\" content=\"out of stock\" \/>\n<meta property=\"product:availability\" content=\"out of stock\" \/>\n<meta property=\"product:retailer_item_id\" content=\"ATF401\" \/>\n<meta property=\"product:condition\" content=\"new\" \/>\n<!-- \/ Yoast SEO plugin. -->","yoast_head_json":{"title":"Tischventilator 30 cm Durchmesser, Leistung 45W (ATF401) | Caliber","robots":{"index":"index","follow":"follow","max-snippet":"max-snippet:-1","max-image-preview":"max-image-preview:large","max-video-preview":"max-video-preview:-1"},"canonical":"https:\/\/www.calibereurope.com\/de\/produkt\/ATF401-de_DE\/","og_locale":"de_DE","og_type":"article","og_title":"Tischventilator 30 cm Durchmesser, Leistung 45W (ATF401) | Caliber","og_description":"Die Sommermonate bedeuten immer h\u00e4ufiger, dass man mit sengender Hitze zurechtkommen muss, und das gilt auch f\u00fcr B\u00fcros oder bei der Arbeit von zu Hause aus, wenn keine Klimaanlage installiert werden kann. Ein Tischventilator erweist sich bei solchen Gelegenheiten als ideal, wenn er direkt vor dem Benutzer aufgestellt wird, ohne andere Mitarbeiter oder die Familie [&hellip;]","og_url":"https:\/\/www.calibereurope.com\/de\/produkt\/ATF401-de_DE\/","og_site_name":"Caliber","article_publisher":"https:\/\/facebook.com\/CaliberEurope\/","article_modified_time":"2024-08-13T05:06:11+00:00","og_image":[{"width":1024,"height":768,"url":"https:\/\/www.calibereurope.com\/wp-content\/uploads\/2022\/10\/60b05c106f7e98b98e174c46318675e561382f66_ATF401_side-3.jpg","type":"image\/jpeg"}],"twitter_card":"summary_large_image","twitter_site":"@calibereurope","twitter_misc":{"Preis":"39,99","Availability":"Out of stock"},"schema":{"@context":"https:\/\/schema.org","@graph":[{"@type":"WebPage","@id":"https:\/\/www.calibereurope.com\/de\/produkt\/ATF401-de_DE\/","url":"https:\/\/www.calibereurope.com\/de\/produkt\/ATF401-de_DE\/","name":"Tischventilator 30 cm Durchmesser, Leistung 45W (ATF401) | Caliber","isPartOf":{"@id":"https:\/\/www.calibereurope.com\/de\/#website"},"primaryImageOfPage":{"@id":"https:\/\/www.calibereurope.com\/de\/produkt\/ATF401-de_DE\/#primaryimage"},"image":{"@id":"https:\/\/www.calibereurope.com\/de\/produkt\/ATF401-de_DE\/#primaryimage"},"thumbnailUrl":"https:\/\/www.calibereurope.com\/wp-content\/uploads\/2022\/10\/60b05c106f7e98b98e174c46318675e561382f66_ATF401_side-3.jpg","datePublished":"2024-08-13T00:00:00+00:00","dateModified":"2024-08-13T05:06:11+00:00","breadcrumb":{"@id":"https:\/\/www.calibereurope.com\/de\/produkt\/ATF401-de_DE\/#breadcrumb"},"inLanguage":"de","potentialAction":[{"@type":"ReadAction","target":["https:\/\/www.calibereurope.com\/de\/produkt\/ATF401-de_DE\/"]}]},{"@type":"ImageObject","inLanguage":"de","@id":"https:\/\/www.calibereurope.com\/de\/produkt\/ATF401-de_DE\/#primaryimage","url":"https:\/\/www.calibereurope.com\/wp-content\/uploads\/2022\/10\/60b05c106f7e98b98e174c46318675e561382f66_ATF401_side-3.jpg","contentUrl":"https:\/\/www.calibereurope.com\/wp-content\/uploads\/2022\/10\/60b05c106f7e98b98e174c46318675e561382f66_ATF401_side-3.jpg","width":1024,"height":768},{"@type":"BreadcrumbList","@id":"https:\/\/www.calibereurope.com\/de\/produkt\/ATF401-de_DE\/#breadcrumb","itemListElement":[{"@type":"ListItem","position":1,"name":"Home","item":"https:\/\/www.calibereurope.com\/de\/"},{"@type":"ListItem","position":2,"name":"Webshop","item":"https:\/\/www.calibereurope.com\/de\/webshop\/"},{"@type":"ListItem","position":3,"name":"Leben","item":"https:\/\/www.calibereurope.com\/de\/wonen_de_DE\/"},{"@type":"ListItem","position":4,"name":"Haushaltsger\u00e4te","item":"https:\/\/www.calibereurope.com\/de\/wonen_de_DE\/huishoudelijke_apparaten_de_DE\/"},{"@type":"ListItem","position":5,"name":"Tischventilator 30 cm Durchmesser, Leistung 45W (ATF401)"}]},{"@type":"WebSite","@id":"https:\/\/www.calibereurope.com\/de\/#website","url":"https:\/\/www.calibereurope.com\/de\/","name":"Caliber","description":"Sounds good!","publisher":{"@id":"https:\/\/www.calibereurope.com\/de\/#organization"},"potentialAction":[{"@type":"SearchAction","target":{"@type":"EntryPoint","urlTemplate":"https:\/\/www.calibereurope.com\/de\/?s={search_term_string}"},"query-input":{"@type":"PropertyValueSpecification","valueRequired":true,"valueName":"search_term_string"}}],"inLanguage":"de"},{"@type":"Organization","@id":"https:\/\/www.calibereurope.com\/de\/#organization","name":"Caliber Europe B.V.","url":"https:\/\/www.calibereurope.com\/de\/","logo":{"@type":"ImageObject","inLanguage":"de","@id":"https:\/\/www.calibereurope.com\/de\/#\/schema\/logo\/image\/","url":"https:\/\/www.calibereurope.com\/wp-content\/uploads\/2019\/11\/Logo-Caliber-e1574846289621.png","contentUrl":"https:\/\/www.calibereurope.com\/wp-content\/uploads\/2019\/11\/Logo-Caliber-e1574846289621.png","width":400,"height":69,"caption":"Caliber Europe B.V."},"image":{"@id":"https:\/\/www.calibereurope.com\/de\/#\/schema\/logo\/image\/"},"sameAs":["https:\/\/facebook.com\/CaliberEurope\/","https:\/\/x.com\/calibereurope","https:\/\/www.instagram.com\/calibereurope\/"]}]},"product_price_amount":"39.99","product_price_currency":"EUR","og_availability":"out of stock","product_availability":"out of stock","product_retailer_item_id":"ATF401","product_condition":"new"},"_links":{"self":[{"href":"https:\/\/www.calibereurope.com\/de\/wp-json\/wp\/v2\/product\/83164","targetHints":{"allow":["GET"]}}],"collection":[{"href":"https:\/\/www.calibereurope.com\/de\/wp-json\/wp\/v2\/product"}],"about":[{"href":"https:\/\/www.calibereurope.com\/de\/wp-json\/wp\/v2\/types\/product"}],"replies":[{"embeddable":true,"href":"https:\/\/www.calibereurope.com\/de\/wp-json\/wp\/v2\/comments?post=83164"}],"wp:featuredmedia":[{"embeddable":true,"href":"https:\/\/www.calibereurope.com\/de\/wp-json\/wp\/v2\/media\/1355466"}],"wp:attachment":[{"href":"https:\/\/www.calibereurope.com\/de\/wp-json\/wp\/v2\/media?parent=83164"}],"wp:term":[{"taxonomy":"product_brand","embeddable":true,"href":"https:\/\/www.calibereurope.com\/de\/wp-json\/wp\/v2\/product_brand?post=83164"},{"taxonomy":"product_cat","embeddable":true,"href":"https:\/\/www.calibereurope.com\/de\/wp-json\/wp\/v2\/product_cat?post=83164"},{"taxonomy":"product_tag","embeddable":true,"href":"https:\/\/www.calibereurope.com\/de\/wp-json\/wp\/v2\/product_tag?post=83164"}],"curies":[{"name":"wp","href":"https:\/\/api.w.org\/{rel}","templated":true}]}}