{"id":877567,"date":"2021-06-17T00:00:00","date_gmt":"2021-06-17T00:00:00","guid":{"rendered":""},"modified":"2021-06-17T14:28:41","modified_gmt":"2021-06-17T12:28:41","slug":"HPG540BT(BOLD)-de_DE","status":"publish","type":"product","link":"https:\/\/www.calibereurope.com\/de\/produkt\/HPG540BT(BOLD)-de_DE\/","title":{"rendered":"Bluetooth-Lautsprecher mit zus\u00e4tzlichen B\u00e4ssen &#8211; AUX USB &#8211; RGB-LEDs &#8211; Schwarz (BOLD)"},"content":{"rendered":"<p>Das Kaliber BOLD ist ein robuster tragbarer Bluetooth-Lautsprecher. Es ist IPx5-zertifiziert, was bedeutet, dass es spritzwassergesch\u00fctzt ist. So k\u00f6nnen Sie den Referenten problemlos mit an den Strand, an den Pool oder zu einer Party nehmen. Mit einer Ausgangsleistung von 240 Watt kann der Lautsprecher von einer gro\u00dfen Gruppe von Menschen sowohl in Innenr\u00e4umen als auch im Freien geh\u00f6rt werden.<\/p>\n<p><strong>Bluetooth-Verbindung<\/strong><br \/>Via bluetooth verbindet den Lautsprecher mit Ihrem Smartphone, Tablet oder Computer, so dass Sie Ihre Lieblingsmusik \u00fcberall wiedergeben k\u00f6nnen. Die Bluetooth-Profile A2DP und AVRCP sorgen f\u00fcr eine gute Verbindung zu Ihrem Bluetooth-Ger\u00e4t, so dass Ihre Musik klar und deutlich klingt.<\/p>\n<p><strong>Koppeln Sie zwei Lautsprecher f\u00fcr mehr Leistung<\/strong><br \/>Dank der True Wireless Stereo (TWS)-Funktion koppeln Sie zwei BOLD-Lautsprecher. Dadurch k\u00f6nnen Sie mehr Lautst\u00e4rke und einen breiteren Stereoklang genie\u00dfen. Das BOLD eignet sich perfekt, wenn Sie eine gr\u00f6\u00dfere Party oder mit einer gro\u00dfen Gruppe im Park oder am Strand feiern.<\/p>\n<p><strong>Extra-Bass und Stimmungsbeleuchtung<\/strong><br \/>Das BOLD eignet sich dank der passiven Tieft\u00f6ner sehr gut f\u00fcr eine Party. Diese Tieft\u00f6ner lassen die B\u00e4sse Ihrer Lieblingslieder bis zum Bauch hinunter laufen und bringen die Leute auf Ihrer Party zum Tanzen. Werden Sie bis in die sp\u00e4ten Abendstunden weitermachen? Schaffen Sie dann eine Partyatmosph\u00e4re und schalten Sie die eingebaute RGB-LED-Beleuchtung mit dem speziellen Schalter ein. <\/p>\n<p><strong>Stecker und Akku<\/strong><br \/>M\u00f6chten Sie ein Ger\u00e4t auf die alte Weise an den Lautsprecher anschlie\u00dfen? Verwenden Sie dann den 3,5-mm-Aux-Eingang. Sie haben auch die M\u00f6glichkeit, ein Mikrofon an den 6,3-mm-Eingang anzuschlie\u00dfen. Praktisch, wenn Sie sich w\u00e4hrend einer Party unterhalten wollen oder wenn Sie daraus eine Karaoke-Party machen wollen. Das BOLDhat eine eingebaute wiederaufladbare Batterie, die bis zu 6 Stunden h\u00e4lt. Ein spezielles Aux-Kabel und ein Mikro-USB-Ladekabel geh\u00f6ren zur Standardausstattung des Lautsprechers.<\/p>\n","protected":false},"excerpt":{"rendered":"<p>Das Kaliber BOLD ist ein robuster tragbarer Bluetooth-Lautsprecher. Es ist IPx5-zertifiziert, was bedeutet, dass es spritzwassergesch\u00fctzt ist. So k\u00f6nnen Sie den Referenten problemlos mit an den Strand, an den Pool oder zu einer Party nehmen. Mit einer Ausgangsleistung von 240 Watt kann der Lautsprecher von einer gro\u00dfen Gruppe von Menschen sowohl in Innenr\u00e4umen als auch [&hellip;]<\/p>\n","protected":false},"featured_media":897444,"comment_status":"open","ping_status":"open","template":"","meta":{"inline_featured_image":false},"product_brand":[],"product_cat":[7876,7861],"product_tag":[],"class_list":{"0":"post-877567","1":"product","2":"type-product","3":"status-publish","4":"has-post-thumbnail","6":"product_cat-bluetooth_speakers_geluid_de_DE","7":"product_cat-geluid_de_DE","9":"first","10":"outofstock","11":"taxable","12":"shipping-taxable","13":"purchasable","14":"product-type-simple"},"yoast_head":"<!-- This site is optimized with the Yoast SEO plugin v24.4 - https:\/\/yoast.com\/wordpress\/plugins\/seo\/ -->\n<title>Bluetooth-Lautsprecher mit zus\u00e4tzlichen B\u00e4ssen - AUX USB - RGB-LEDs - Schwarz (BOLD) | Caliber<\/title>\n<meta name=\"robots\" content=\"index, follow, max-snippet:-1, max-image-preview:large, max-video-preview:-1\" \/>\n<link rel=\"canonical\" href=\"https:\/\/www.calibereurope.com\/de\/produkt\/HPG540BT(BOLD)-de_DE\/\" \/>\n<meta property=\"og:locale\" content=\"de_DE\" \/>\n<meta property=\"og:type\" content=\"article\" \/>\n<meta property=\"og:title\" content=\"Bluetooth-Lautsprecher mit zus\u00e4tzlichen B\u00e4ssen - AUX USB - RGB-LEDs - Schwarz (BOLD) | Caliber\" \/>\n<meta property=\"og:description\" content=\"Das Kaliber BOLD ist ein robuster tragbarer Bluetooth-Lautsprecher. Es ist IPx5-zertifiziert, was bedeutet, dass es spritzwassergesch\u00fctzt ist. So k\u00f6nnen Sie den Referenten problemlos mit an den Strand, an den Pool oder zu einer Party nehmen. Mit einer Ausgangsleistung von 240 Watt kann der Lautsprecher von einer gro\u00dfen Gruppe von Menschen sowohl in Innenr\u00e4umen als auch [&hellip;]\" \/>\n<meta property=\"og:url\" content=\"https:\/\/www.calibereurope.com\/de\/produkt\/HPG540BT(BOLD)-de_DE\/\" \/>\n<meta property=\"og:site_name\" content=\"Caliber\" \/>\n<meta property=\"article:publisher\" content=\"https:\/\/facebook.com\/CaliberEurope\/\" \/>\n<meta property=\"article:modified_time\" content=\"2021-06-17T12:28:41+00:00\" \/>\n<meta property=\"og:image\" content=\"https:\/\/www.calibereurope.com\/wp-content\/uploads\/2023\/05\/Caliber-logo-opengraphs.jpg\" \/>\n\t<meta property=\"og:image:width\" content=\"1050\" \/>\n\t<meta property=\"og:image:height\" content=\"525\" \/>\n\t<meta property=\"og:image:type\" content=\"image\/jpeg\" \/>\n<meta name=\"twitter:card\" content=\"summary_large_image\" \/>\n<meta name=\"twitter:site\" content=\"@calibereurope\" \/>\n<meta name=\"twitter:label1\" content=\"Preis\" \/>\n\t<meta name=\"twitter:data1\" content=\"99,95\" \/>\n\t<meta name=\"twitter:label2\" content=\"Availability\" \/>\n\t<meta name=\"twitter:data2\" content=\"Out of stock\" \/>\n<script type=\"application\/ld+json\" class=\"yoast-schema-graph\">{\"@context\":\"https:\/\/schema.org\",\"@graph\":[{\"@type\":\"WebPage\",\"@id\":\"https:\/\/www.calibereurope.com\/de\/produkt\/HPG540BT(BOLD)-de_DE\/\",\"url\":\"https:\/\/www.calibereurope.com\/de\/produkt\/HPG540BT(BOLD)-de_DE\/\",\"name\":\"Bluetooth-Lautsprecher mit zus\u00e4tzlichen B\u00e4ssen - AUX USB - RGB-LEDs - Schwarz (BOLD) | Caliber\",\"isPartOf\":{\"@id\":\"https:\/\/www.calibereurope.com\/de\/#website\"},\"primaryImageOfPage\":{\"@id\":\"https:\/\/www.calibereurope.com\/de\/produkt\/HPG540BT(BOLD)-de_DE\/#primaryimage\"},\"image\":{\"@id\":\"https:\/\/www.calibereurope.com\/de\/produkt\/HPG540BT(BOLD)-de_DE\/#primaryimage\"},\"thumbnailUrl\":\"\",\"datePublished\":\"2021-06-17T00:00:00+00:00\",\"dateModified\":\"2021-06-17T12:28:41+00:00\",\"breadcrumb\":{\"@id\":\"https:\/\/www.calibereurope.com\/de\/produkt\/HPG540BT(BOLD)-de_DE\/#breadcrumb\"},\"inLanguage\":\"de\",\"potentialAction\":[{\"@type\":\"ReadAction\",\"target\":[\"https:\/\/www.calibereurope.com\/de\/produkt\/HPG540BT(BOLD)-de_DE\/\"]}]},{\"@type\":\"ImageObject\",\"inLanguage\":\"de\",\"@id\":\"https:\/\/www.calibereurope.com\/de\/produkt\/HPG540BT(BOLD)-de_DE\/#primaryimage\",\"url\":\"\",\"contentUrl\":\"\"},{\"@type\":\"BreadcrumbList\",\"@id\":\"https:\/\/www.calibereurope.com\/de\/produkt\/HPG540BT(BOLD)-de_DE\/#breadcrumb\",\"itemListElement\":[{\"@type\":\"ListItem\",\"position\":1,\"name\":\"Home\",\"item\":\"https:\/\/www.calibereurope.com\/de\/\"},{\"@type\":\"ListItem\",\"position\":2,\"name\":\"Webshop\",\"item\":\"https:\/\/www.calibereurope.com\/de\/webshop\/\"},{\"@type\":\"ListItem\",\"position\":3,\"name\":\"Ton\",\"item\":\"https:\/\/www.calibereurope.com\/de\/geluid_de_DE\/\"},{\"@type\":\"ListItem\",\"position\":4,\"name\":\"Bluetooth-Lautsprecher\",\"item\":\"https:\/\/www.calibereurope.com\/de\/geluid_de_DE\/bluetooth_speakers_geluid_de_DE\/\"},{\"@type\":\"ListItem\",\"position\":5,\"name\":\"Bluetooth-Lautsprecher mit zus\u00e4tzlichen B\u00e4ssen &#8211; AUX USB &#8211; RGB-LEDs &#8211; Schwarz (BOLD)\"}]},{\"@type\":\"WebSite\",\"@id\":\"https:\/\/www.calibereurope.com\/de\/#website\",\"url\":\"https:\/\/www.calibereurope.com\/de\/\",\"name\":\"Caliber\",\"description\":\"Sounds good!\",\"publisher\":{\"@id\":\"https:\/\/www.calibereurope.com\/de\/#organization\"},\"potentialAction\":[{\"@type\":\"SearchAction\",\"target\":{\"@type\":\"EntryPoint\",\"urlTemplate\":\"https:\/\/www.calibereurope.com\/de\/?s={search_term_string}\"},\"query-input\":{\"@type\":\"PropertyValueSpecification\",\"valueRequired\":true,\"valueName\":\"search_term_string\"}}],\"inLanguage\":\"de\"},{\"@type\":\"Organization\",\"@id\":\"https:\/\/www.calibereurope.com\/de\/#organization\",\"name\":\"Caliber Europe B.V.\",\"url\":\"https:\/\/www.calibereurope.com\/de\/\",\"logo\":{\"@type\":\"ImageObject\",\"inLanguage\":\"de\",\"@id\":\"https:\/\/www.calibereurope.com\/de\/#\/schema\/logo\/image\/\",\"url\":\"https:\/\/www.calibereurope.com\/wp-content\/uploads\/2019\/11\/Logo-Caliber-e1574846289621.png\",\"contentUrl\":\"https:\/\/www.calibereurope.com\/wp-content\/uploads\/2019\/11\/Logo-Caliber-e1574846289621.png\",\"width\":400,\"height\":69,\"caption\":\"Caliber Europe B.V.\"},\"image\":{\"@id\":\"https:\/\/www.calibereurope.com\/de\/#\/schema\/logo\/image\/\"},\"sameAs\":[\"https:\/\/facebook.com\/CaliberEurope\/\",\"https:\/\/x.com\/calibereurope\",\"https:\/\/www.instagram.com\/calibereurope\/\"]}]}<\/script>\n<meta property=\"product:price:amount\" content=\"99.95\" \/>\n<meta property=\"product:price:currency\" content=\"EUR\" \/>\n<meta property=\"og:availability\" content=\"out of stock\" \/>\n<meta property=\"product:availability\" content=\"out of stock\" \/>\n<meta property=\"product:retailer_item_id\" content=\"HPG540BT(BOLD)\" \/>\n<meta property=\"product:condition\" content=\"new\" \/>\n<!-- \/ Yoast SEO plugin. -->","yoast_head_json":{"title":"Bluetooth-Lautsprecher mit zus\u00e4tzlichen B\u00e4ssen - AUX USB - RGB-LEDs - Schwarz (BOLD) | Caliber","robots":{"index":"index","follow":"follow","max-snippet":"max-snippet:-1","max-image-preview":"max-image-preview:large","max-video-preview":"max-video-preview:-1"},"canonical":"https:\/\/www.calibereurope.com\/de\/produkt\/HPG540BT(BOLD)-de_DE\/","og_locale":"de_DE","og_type":"article","og_title":"Bluetooth-Lautsprecher mit zus\u00e4tzlichen B\u00e4ssen - AUX USB - RGB-LEDs - Schwarz (BOLD) | Caliber","og_description":"Das Kaliber BOLD ist ein robuster tragbarer Bluetooth-Lautsprecher. Es ist IPx5-zertifiziert, was bedeutet, dass es spritzwassergesch\u00fctzt ist. So k\u00f6nnen Sie den Referenten problemlos mit an den Strand, an den Pool oder zu einer Party nehmen. Mit einer Ausgangsleistung von 240 Watt kann der Lautsprecher von einer gro\u00dfen Gruppe von Menschen sowohl in Innenr\u00e4umen als auch [&hellip;]","og_url":"https:\/\/www.calibereurope.com\/de\/produkt\/HPG540BT(BOLD)-de_DE\/","og_site_name":"Caliber","article_publisher":"https:\/\/facebook.com\/CaliberEurope\/","article_modified_time":"2021-06-17T12:28:41+00:00","og_image":[{"width":1050,"height":525,"url":"https:\/\/www.calibereurope.com\/wp-content\/uploads\/2023\/05\/Caliber-logo-opengraphs.jpg","type":"image\/jpeg"}],"twitter_card":"summary_large_image","twitter_site":"@calibereurope","twitter_misc":{"Preis":"99,95","Availability":"Out of stock"},"schema":{"@context":"https:\/\/schema.org","@graph":[{"@type":"WebPage","@id":"https:\/\/www.calibereurope.com\/de\/produkt\/HPG540BT(BOLD)-de_DE\/","url":"https:\/\/www.calibereurope.com\/de\/produkt\/HPG540BT(BOLD)-de_DE\/","name":"Bluetooth-Lautsprecher mit zus\u00e4tzlichen B\u00e4ssen - AUX USB - RGB-LEDs - Schwarz (BOLD) | Caliber","isPartOf":{"@id":"https:\/\/www.calibereurope.com\/de\/#website"},"primaryImageOfPage":{"@id":"https:\/\/www.calibereurope.com\/de\/produkt\/HPG540BT(BOLD)-de_DE\/#primaryimage"},"image":{"@id":"https:\/\/www.calibereurope.com\/de\/produkt\/HPG540BT(BOLD)-de_DE\/#primaryimage"},"thumbnailUrl":"","datePublished":"2021-06-17T00:00:00+00:00","dateModified":"2021-06-17T12:28:41+00:00","breadcrumb":{"@id":"https:\/\/www.calibereurope.com\/de\/produkt\/HPG540BT(BOLD)-de_DE\/#breadcrumb"},"inLanguage":"de","potentialAction":[{"@type":"ReadAction","target":["https:\/\/www.calibereurope.com\/de\/produkt\/HPG540BT(BOLD)-de_DE\/"]}]},{"@type":"ImageObject","inLanguage":"de","@id":"https:\/\/www.calibereurope.com\/de\/produkt\/HPG540BT(BOLD)-de_DE\/#primaryimage","url":"","contentUrl":""},{"@type":"BreadcrumbList","@id":"https:\/\/www.calibereurope.com\/de\/produkt\/HPG540BT(BOLD)-de_DE\/#breadcrumb","itemListElement":[{"@type":"ListItem","position":1,"name":"Home","item":"https:\/\/www.calibereurope.com\/de\/"},{"@type":"ListItem","position":2,"name":"Webshop","item":"https:\/\/www.calibereurope.com\/de\/webshop\/"},{"@type":"ListItem","position":3,"name":"Ton","item":"https:\/\/www.calibereurope.com\/de\/geluid_de_DE\/"},{"@type":"ListItem","position":4,"name":"Bluetooth-Lautsprecher","item":"https:\/\/www.calibereurope.com\/de\/geluid_de_DE\/bluetooth_speakers_geluid_de_DE\/"},{"@type":"ListItem","position":5,"name":"Bluetooth-Lautsprecher mit zus\u00e4tzlichen B\u00e4ssen &#8211; AUX USB &#8211; RGB-LEDs &#8211; Schwarz (BOLD)"}]},{"@type":"WebSite","@id":"https:\/\/www.calibereurope.com\/de\/#website","url":"https:\/\/www.calibereurope.com\/de\/","name":"Caliber","description":"Sounds good!","publisher":{"@id":"https:\/\/www.calibereurope.com\/de\/#organization"},"potentialAction":[{"@type":"SearchAction","target":{"@type":"EntryPoint","urlTemplate":"https:\/\/www.calibereurope.com\/de\/?s={search_term_string}"},"query-input":{"@type":"PropertyValueSpecification","valueRequired":true,"valueName":"search_term_string"}}],"inLanguage":"de"},{"@type":"Organization","@id":"https:\/\/www.calibereurope.com\/de\/#organization","name":"Caliber Europe B.V.","url":"https:\/\/www.calibereurope.com\/de\/","logo":{"@type":"ImageObject","inLanguage":"de","@id":"https:\/\/www.calibereurope.com\/de\/#\/schema\/logo\/image\/","url":"https:\/\/www.calibereurope.com\/wp-content\/uploads\/2019\/11\/Logo-Caliber-e1574846289621.png","contentUrl":"https:\/\/www.calibereurope.com\/wp-content\/uploads\/2019\/11\/Logo-Caliber-e1574846289621.png","width":400,"height":69,"caption":"Caliber Europe B.V."},"image":{"@id":"https:\/\/www.calibereurope.com\/de\/#\/schema\/logo\/image\/"},"sameAs":["https:\/\/facebook.com\/CaliberEurope\/","https:\/\/x.com\/calibereurope","https:\/\/www.instagram.com\/calibereurope\/"]}]},"product_price_amount":"99.95","product_price_currency":"EUR","og_availability":"out of stock","product_availability":"out of stock","product_retailer_item_id":"HPG540BT(BOLD)","product_condition":"new"},"_links":{"self":[{"href":"https:\/\/www.calibereurope.com\/de\/wp-json\/wp\/v2\/product\/877567","targetHints":{"allow":["GET"]}}],"collection":[{"href":"https:\/\/www.calibereurope.com\/de\/wp-json\/wp\/v2\/product"}],"about":[{"href":"https:\/\/www.calibereurope.com\/de\/wp-json\/wp\/v2\/types\/product"}],"replies":[{"embeddable":true,"href":"https:\/\/www.calibereurope.com\/de\/wp-json\/wp\/v2\/comments?post=877567"}],"wp:featuredmedia":[{"embeddable":true,"href":"https:\/\/www.calibereurope.com\/de\/wp-json\/"}],"wp:attachment":[{"href":"https:\/\/www.calibereurope.com\/de\/wp-json\/wp\/v2\/media?parent=877567"}],"wp:term":[{"taxonomy":"product_brand","embeddable":true,"href":"https:\/\/www.calibereurope.com\/de\/wp-json\/wp\/v2\/product_brand?post=877567"},{"taxonomy":"product_cat","embeddable":true,"href":"https:\/\/www.calibereurope.com\/de\/wp-json\/wp\/v2\/product_cat?post=877567"},{"taxonomy":"product_tag","embeddable":true,"href":"https:\/\/www.calibereurope.com\/de\/wp-json\/wp\/v2\/product_tag?post=877567"}],"curies":[{"name":"wp","href":"https:\/\/api.w.org\/{rel}","templated":true}]}}