{"id":108163,"date":"2020-09-18T13:08:45","date_gmt":"2020-09-18T11:08:45","guid":{"rendered":"https:\/\/www.calibereurope.com\/fm-transmitters\/"},"modified":"2020-09-18T13:09:00","modified_gmt":"2020-09-18T11:09:00","slug":"fm-transmitters","status":"publish","type":"page","link":"https:\/\/www.calibereurope.com\/fr\/fm-transmitters\/","title":{"rendered":"FM Transmitters"},"content":{"rendered":"<div class=\"wpb-content-wrapper\"><p>[vc_row][vc_column][vc_single_image image=&#8221;108153&#8243; img_size=&#8221;full&#8221; alignment=&#8221;center&#8221; label=&#8221;&#8221;][\/vc_column][\/vc_row][vc_row][vc_column]<div class=\"woocommerce columns-4 \"><\/div>[\/vc_column][\/vc_row]<\/p>\n<\/div>","protected":false},"excerpt":{"rendered":"<p>[vc_row][vc_column][vc_single_image image=&#8221;108153&#8243; img_size=&#8221;full&#8221; alignment=&#8221;center&#8221; label=&#8221;&#8221;][\/vc_column][\/vc_row][vc_row][vc_column][\/vc_column][\/vc_row]<\/p>\n","protected":false},"author":1,"featured_media":0,"parent":0,"menu_order":0,"comment_status":"closed","ping_status":"closed","template":"","meta":{"inline_featured_image":false,"footnotes":""},"class_list":["post-108163","page","type-page","status-publish","hentry"],"yoast_head":"<!-- This site is optimized with the Yoast SEO plugin v24.4 - https:\/\/yoast.com\/wordpress\/plugins\/seo\/ -->\n<title>Vous voulez acheter un \u00e9metteur FM ? Tous les \u00e9metteurs FM se trouvent ici ! | Livraison rapide<\/title>\n<meta name=\"description\" content=\"Commandez votre \u00e9metteur FM ici et diffusez votre propre musique en qualit\u00e9 optimale sur votre autoradio. Livraison gratuite* !\" \/>\n<meta name=\"robots\" content=\"index, follow, max-snippet:-1, max-image-preview:large, max-video-preview:-1\" \/>\n<link rel=\"canonical\" href=\"https:\/\/www.calibereurope.com\/fr\/fm-transmitters\/\" \/>\n<meta property=\"og:locale\" content=\"fr_FR\" \/>\n<meta property=\"og:type\" content=\"article\" \/>\n<meta property=\"og:title\" content=\"Vous voulez acheter un \u00e9metteur FM ? Tous les \u00e9metteurs FM se trouvent ici ! | Livraison rapide\" \/>\n<meta property=\"og:description\" content=\"Commandez votre \u00e9metteur FM ici et diffusez votre propre musique en qualit\u00e9 optimale sur votre autoradio. Livraison gratuite* !\" \/>\n<meta property=\"og:url\" content=\"https:\/\/www.calibereurope.com\/fr\/fm-transmitters\/\" \/>\n<meta property=\"og:site_name\" content=\"Caliber\" \/>\n<meta property=\"article:publisher\" content=\"https:\/\/facebook.com\/CaliberEurope\/\" \/>\n<meta property=\"article:modified_time\" content=\"2020-09-18T11:09:00+00:00\" \/>\n<meta property=\"og:image\" content=\"https:\/\/www.calibereurope.com\/wp-content\/uploads\/2023\/05\/Caliber-logo-opengraphs.jpg\" \/>\n\t<meta property=\"og:image:width\" content=\"1050\" \/>\n\t<meta property=\"og:image:height\" content=\"525\" \/>\n\t<meta property=\"og:image:type\" content=\"image\/jpeg\" \/>\n<meta name=\"twitter:card\" content=\"summary_large_image\" \/>\n<meta name=\"twitter:site\" content=\"@calibereurope\" \/>\n<script type=\"application\/ld+json\" class=\"yoast-schema-graph\">{\"@context\":\"https:\/\/schema.org\",\"@graph\":[{\"@type\":\"WebPage\",\"@id\":\"https:\/\/www.calibereurope.com\/fr\/fm-transmitters\/\",\"url\":\"https:\/\/www.calibereurope.com\/fr\/fm-transmitters\/\",\"name\":\"Vous voulez acheter un \u00e9metteur FM ? Tous les \u00e9metteurs FM se trouvent ici ! | Livraison rapide\",\"isPartOf\":{\"@id\":\"https:\/\/www.calibereurope.com\/fr\/#website\"},\"datePublished\":\"2020-09-18T11:08:45+00:00\",\"dateModified\":\"2020-09-18T11:09:00+00:00\",\"description\":\"Commandez votre \u00e9metteur FM ici et diffusez votre propre musique en qualit\u00e9 optimale sur votre autoradio. Livraison gratuite* !\",\"breadcrumb\":{\"@id\":\"https:\/\/www.calibereurope.com\/fr\/fm-transmitters\/#breadcrumb\"},\"inLanguage\":\"fr-FR\",\"potentialAction\":[{\"@type\":\"ReadAction\",\"target\":[\"https:\/\/www.calibereurope.com\/fr\/fm-transmitters\/\"]}]},{\"@type\":\"BreadcrumbList\",\"@id\":\"https:\/\/www.calibereurope.com\/fr\/fm-transmitters\/#breadcrumb\",\"itemListElement\":[{\"@type\":\"ListItem\",\"position\":1,\"name\":\"Home\",\"item\":\"https:\/\/www.calibereurope.com\/fr\/\"},{\"@type\":\"ListItem\",\"position\":2,\"name\":\"FM Transmitters\"}]},{\"@type\":\"WebSite\",\"@id\":\"https:\/\/www.calibereurope.com\/fr\/#website\",\"url\":\"https:\/\/www.calibereurope.com\/fr\/\",\"name\":\"Caliber\",\"description\":\"Sounds good!\",\"publisher\":{\"@id\":\"https:\/\/www.calibereurope.com\/fr\/#organization\"},\"potentialAction\":[{\"@type\":\"SearchAction\",\"target\":{\"@type\":\"EntryPoint\",\"urlTemplate\":\"https:\/\/www.calibereurope.com\/fr\/?s={search_term_string}\"},\"query-input\":{\"@type\":\"PropertyValueSpecification\",\"valueRequired\":true,\"valueName\":\"search_term_string\"}}],\"inLanguage\":\"fr-FR\"},{\"@type\":\"Organization\",\"@id\":\"https:\/\/www.calibereurope.com\/fr\/#organization\",\"name\":\"Caliber Europe B.V.\",\"url\":\"https:\/\/www.calibereurope.com\/fr\/\",\"logo\":{\"@type\":\"ImageObject\",\"inLanguage\":\"fr-FR\",\"@id\":\"https:\/\/www.calibereurope.com\/fr\/#\/schema\/logo\/image\/\",\"url\":\"https:\/\/www.calibereurope.com\/wp-content\/uploads\/2019\/11\/Logo-Caliber-e1574846289621.png\",\"contentUrl\":\"https:\/\/www.calibereurope.com\/wp-content\/uploads\/2019\/11\/Logo-Caliber-e1574846289621.png\",\"width\":400,\"height\":69,\"caption\":\"Caliber Europe B.V.\"},\"image\":{\"@id\":\"https:\/\/www.calibereurope.com\/fr\/#\/schema\/logo\/image\/\"},\"sameAs\":[\"https:\/\/facebook.com\/CaliberEurope\/\",\"https:\/\/x.com\/calibereurope\",\"https:\/\/www.instagram.com\/calibereurope\/\"]}]}<\/script>\n<!-- \/ Yoast SEO plugin. -->","yoast_head_json":{"title":"Vous voulez acheter un \u00e9metteur FM ? Tous les \u00e9metteurs FM se trouvent ici ! | Livraison rapide","description":"Commandez votre \u00e9metteur FM ici et diffusez votre propre musique en qualit\u00e9 optimale sur votre autoradio. Livraison gratuite* !","robots":{"index":"index","follow":"follow","max-snippet":"max-snippet:-1","max-image-preview":"max-image-preview:large","max-video-preview":"max-video-preview:-1"},"canonical":"https:\/\/www.calibereurope.com\/fr\/fm-transmitters\/","og_locale":"fr_FR","og_type":"article","og_title":"Vous voulez acheter un \u00e9metteur FM ? Tous les \u00e9metteurs FM se trouvent ici ! | Livraison rapide","og_description":"Commandez votre \u00e9metteur FM ici et diffusez votre propre musique en qualit\u00e9 optimale sur votre autoradio. Livraison gratuite* !","og_url":"https:\/\/www.calibereurope.com\/fr\/fm-transmitters\/","og_site_name":"Caliber","article_publisher":"https:\/\/facebook.com\/CaliberEurope\/","article_modified_time":"2020-09-18T11:09:00+00:00","og_image":[{"width":1050,"height":525,"url":"https:\/\/www.calibereurope.com\/wp-content\/uploads\/2023\/05\/Caliber-logo-opengraphs.jpg","type":"image\/jpeg"}],"twitter_card":"summary_large_image","twitter_site":"@calibereurope","schema":{"@context":"https:\/\/schema.org","@graph":[{"@type":"WebPage","@id":"https:\/\/www.calibereurope.com\/fr\/fm-transmitters\/","url":"https:\/\/www.calibereurope.com\/fr\/fm-transmitters\/","name":"Vous voulez acheter un \u00e9metteur FM ? Tous les \u00e9metteurs FM se trouvent ici ! | Livraison rapide","isPartOf":{"@id":"https:\/\/www.calibereurope.com\/fr\/#website"},"datePublished":"2020-09-18T11:08:45+00:00","dateModified":"2020-09-18T11:09:00+00:00","description":"Commandez votre \u00e9metteur FM ici et diffusez votre propre musique en qualit\u00e9 optimale sur votre autoradio. Livraison gratuite* !","breadcrumb":{"@id":"https:\/\/www.calibereurope.com\/fr\/fm-transmitters\/#breadcrumb"},"inLanguage":"fr-FR","potentialAction":[{"@type":"ReadAction","target":["https:\/\/www.calibereurope.com\/fr\/fm-transmitters\/"]}]},{"@type":"BreadcrumbList","@id":"https:\/\/www.calibereurope.com\/fr\/fm-transmitters\/#breadcrumb","itemListElement":[{"@type":"ListItem","position":1,"name":"Home","item":"https:\/\/www.calibereurope.com\/fr\/"},{"@type":"ListItem","position":2,"name":"FM Transmitters"}]},{"@type":"WebSite","@id":"https:\/\/www.calibereurope.com\/fr\/#website","url":"https:\/\/www.calibereurope.com\/fr\/","name":"Caliber","description":"Sounds good!","publisher":{"@id":"https:\/\/www.calibereurope.com\/fr\/#organization"},"potentialAction":[{"@type":"SearchAction","target":{"@type":"EntryPoint","urlTemplate":"https:\/\/www.calibereurope.com\/fr\/?s={search_term_string}"},"query-input":{"@type":"PropertyValueSpecification","valueRequired":true,"valueName":"search_term_string"}}],"inLanguage":"fr-FR"},{"@type":"Organization","@id":"https:\/\/www.calibereurope.com\/fr\/#organization","name":"Caliber Europe B.V.","url":"https:\/\/www.calibereurope.com\/fr\/","logo":{"@type":"ImageObject","inLanguage":"fr-FR","@id":"https:\/\/www.calibereurope.com\/fr\/#\/schema\/logo\/image\/","url":"https:\/\/www.calibereurope.com\/wp-content\/uploads\/2019\/11\/Logo-Caliber-e1574846289621.png","contentUrl":"https:\/\/www.calibereurope.com\/wp-content\/uploads\/2019\/11\/Logo-Caliber-e1574846289621.png","width":400,"height":69,"caption":"Caliber Europe B.V."},"image":{"@id":"https:\/\/www.calibereurope.com\/fr\/#\/schema\/logo\/image\/"},"sameAs":["https:\/\/facebook.com\/CaliberEurope\/","https:\/\/x.com\/calibereurope","https:\/\/www.instagram.com\/calibereurope\/"]}]}},"_links":{"self":[{"href":"https:\/\/www.calibereurope.com\/fr\/wp-json\/wp\/v2\/pages\/108163","targetHints":{"allow":["GET"]}}],"collection":[{"href":"https:\/\/www.calibereurope.com\/fr\/wp-json\/wp\/v2\/pages"}],"about":[{"href":"https:\/\/www.calibereurope.com\/fr\/wp-json\/wp\/v2\/types\/page"}],"author":[{"embeddable":true,"href":"https:\/\/www.calibereurope.com\/fr\/wp-json\/wp\/v2\/users\/1"}],"replies":[{"embeddable":true,"href":"https:\/\/www.calibereurope.com\/fr\/wp-json\/wp\/v2\/comments?post=108163"}],"version-history":[{"count":5,"href":"https:\/\/www.calibereurope.com\/fr\/wp-json\/wp\/v2\/pages\/108163\/revisions"}],"predecessor-version":[{"id":108169,"href":"https:\/\/www.calibereurope.com\/fr\/wp-json\/wp\/v2\/pages\/108163\/revisions\/108169"}],"wp:attachment":[{"href":"https:\/\/www.calibereurope.com\/fr\/wp-json\/wp\/v2\/media?parent=108163"}],"curies":[{"name":"wp","href":"https:\/\/api.w.org\/{rel}","templated":true}]}}