{"id":1495531,"date":"2023-06-19T10:37:19","date_gmt":"2023-06-19T08:37:19","guid":{"rendered":"https:\/\/www.calibereurope.com\/raybeats\/"},"modified":"2023-06-19T10:37:28","modified_gmt":"2023-06-19T08:37:28","slug":"raybeats","status":"publish","type":"page","link":"https:\/\/www.calibereurope.com\/fr\/raybeats\/","title":{"rendered":"RayBeats"},"content":{"rendered":"<div class=\"wpb-content-wrapper\"><p>[vc_row][vc_column]<div class=\"porto-u-heading  wpb_custom_e50c15969205f00343c9f80f17261e0b porto-u-ad87e2eaf3f9c495180fe0156ddf3eb0 \"><div class=\"porto-u-main-heading\"><h2  >RayBeats<\/h2><\/div><style>.porto-u-ad87e2eaf3f9c495180fe0156ddf3eb0.porto-u-heading{text-align:left}<\/style><\/div>[\/vc_column][\/vc_row][vc_row][vc_column width=&#8221;1\/2&#8243;][vc_single_image image=&#8221;1494017&#8243; img_size=&#8221;full&#8221; label=&#8221;&#8221;][\/vc_column][vc_column width=&#8221;1\/2&#8243;][vc_column_text]D\u00e9couvrez le gadget ultime qui vous permet <strong>de diffuser de la musique<\/strong> et de <strong>passer des appels mains libres<\/strong> : ces incroyables lunettes de soleil Bluetooth\u00ae ! Avec ces lunettes fantastiques, vous pouvez non seulement profiter de votre musique pr\u00e9f\u00e9r\u00e9e, mais aussi passer des appels t\u00e9l\u00e9phoniques sans effort, sans utiliser vos mains. <\/p>\n<p>Il a une dur\u00e9e de lecture <strong>maximale de 6 heures<\/strong>, donc vous n&#8217;avez pas \u00e0 vous inqui\u00e9ter de vous retrouver sans musique. De plus, vous pouvez passer des appels i<strong>ninterrompus pendant jusqu&#8217;\u00e0 5 heures<\/strong>. Avec une <strong>autonomie en veille de 200 heures<\/strong>, vous n&#8217;avez pas besoin de recharger constamment. Et la meilleure nouvelle est qu&#8217;il peut \u00eatre compl\u00e8tement <strong>recharg\u00e9 en seulement 1,5 \u00e0 2 heures<\/strong> avec le c\u00e2ble Micro USB inclus.   <\/p>\n<p>Avec un <strong>poids l\u00e9ger de seulement 31 grammes<\/strong>, les lunettes de soleil ne sont pas plus lourdes qu&#8217;une paire de lunettes de soleil normale.[\/vc_column_text][\/vc_column][\/vc_row][vc_row conditional_render=&#8221;%5B%7B%22condition_a%22%3A%22device%22%2C%22comparative_operator%22%3A%22equal%22%2C%22value_device%22%3A%22desktop%22%2C%22value_role%22%3A%22administrator%22%2C%22condition_operator%22%3A%22or%22%7D%2C%7B%22condition_a%22%3A%22device%22%2C%22comparative_operator%22%3A%22equal%22%2C%22value_device%22%3A%22tablet%22%2C%22value_role%22%3A%22administrator%22%7D%5D&#8221;][vc_column][vc_empty_space height=&#8221;50&#8243;][\/vc_column][\/vc_row][vc_row conditional_render=&#8221;%5B%5D&#8221;][vc_column][vc_column_text]<div class=\"woocommerce columns-3 \"><ul class=\"products products-container grid pcols-lg-3 pcols-md-3 pcols-xs-2 pcols-ls-2 pwidth-lg-3 pwidth-md-3 pwidth-xs-2 pwidth-ls-1 is-shortcode\"\r\n\t data-product_layout=\"product-default\">\r\n\r\n<li class=\"product-col product-default product type-product post-1486794 status-publish first instock product_cat-geen-categorie has-post-thumbnail taxable shipping-taxable purchasable product-type-simple\">\r\n<div class=\"product-inner\">\r\n\t\r\n\t<div class=\"product-image\">\r\n\r\n\t\t<a  href=\"https:\/\/www.calibereurope.com\/fr\/produit\/SSG-BLACK-fr_FR\/\" aria-label=\"product\">\r\n\t\t\t<div data-link=\"https:\/\/www.calibereurope.com\/fr\/panier-dachat\/\" class=\"viewcart viewcart-1486794\" title=\"Voir le panier\"><\/div><div class=\"inner img-effect\"><img loading=\"lazy\" decoding=\"async\" width=\"300\" height=\"225\" src=\"https:\/\/www.calibereurope.com\/wp-content\/uploads\/2026\/01\/5d343366ead1ab605c6953ad4b2f5385d7248ede_SSG_BLACK_main-2-300x225.jpg\" class=\"attachment-woocommerce_thumbnail size-woocommerce_thumbnail\" alt=\"\" \/><img loading=\"lazy\" decoding=\"async\" width=\"300\" height=\"225\" src=\"https:\/\/www.calibereurope.com\/wp-content\/uploads\/2026\/01\/0f38fea4e07d7ebf133e328671dd9b23dfd42998_SSG_Black_model-300x225.jpg\" class=\"hover-image\" alt=\"\" \/><\/div>\t\t<\/a>\r\n\t\t\t<\/div>\r\n\r\n\t<div class=\"product-content\">\r\n\t\t\r\n\t\t\t<a class=\"product-loop-title\"  href=\"https:\/\/www.calibereurope.com\/fr\/produit\/SSG-BLACK-fr_FR\/\">\r\n\t<h3 class=\"woocommerce-loop-product__title\">Soundglasses Lunettes de soleil Bluetooth intelligentes &#8211; Verres polaris\u00e9s &#8211; Facilit\u00e9 d&#8217;utilisation &#8211; Microphone &#8211; Noir<\/h3>\t<\/a>\r\n\t\r\n\t\t\r\n\r\n<div class=\"rating-wrap\">\r\n\t<div class=\"rating-content\"><div class=\"star-rating\" title=\"4.17\"><span style=\"width:83.4%\"><strong class=\"rating\">4.17<\/strong> out of 5<\/span><\/div><\/div>\r\n<\/div>\r\n\r\n\n\t<span class=\"price\"><span class=\"woocommerce-Price-amount amount\"><bdi><span class=\"woocommerce-Price-currencySymbol\"><\/span>49,95<\/bdi><\/span><\/span>\n\r\n\t\t<div class=\"add-links-wrap\">\r\n\t<div class=\"add-links no-effect clearfix\">\r\n\t\t<a href=\"?add-to-cart=1486794\" aria-describedby=\"woocommerce_loop_add_to_cart_link_describedby_1486794\" data-quantity=\"1\" class=\"viewcart-style-1 button product_type_simple add_to_cart_button ajax_add_to_cart\" data-product_id=\"1486794\" data-product_sku=\"SSG-BLACK\" aria-label=\"Ajouter au panier\u00a0: &ldquo;Soundglasses Lunettes de soleil Bluetooth intelligentes - Verres polaris\u00e9s - Facilit\u00e9 d&#039;utilisation - Microphone - Noir&rdquo;\" rel=\"nofollow\" data-success_message=\"\u00ab\u00a0Soundglasses Lunettes de soleil Bluetooth intelligentes - Verres polaris\u00e9s - Facilit\u00e9 d&#039;utilisation - Microphone - Noir\u00a0\u00bb a \u00e9t\u00e9 ajout\u00e9 \u00e0 votre panier\"><\/a>\t\t<span id=\"woocommerce_loop_add_to_cart_link_describedby_1486794\" class=\"screen-reader-text\">\r\n\t\t\t<\/span>\r\n\t\t\t<\/div>\r\n\t<\/div>\r\n<span class=\"gtm4wp_productdata\" style=\"display:none; visibility:hidden;\" data-gtm4wp_product_data=\"{&quot;internal_id&quot;:1486794,&quot;item_id&quot;:1486794,&quot;item_name&quot;:&quot;Soundglasses Lunettes de soleil Bluetooth intelligentes - Verres polaris\\u00e9s - Facilit\\u00e9 d&#039;utilisation - Microphone - Noir&quot;,&quot;sku&quot;:&quot;SSG-BLACK&quot;,&quot;price&quot;:49.95,&quot;stocklevel&quot;:4454,&quot;stockstatus&quot;:&quot;instock&quot;,&quot;google_business_vertical&quot;:&quot;retail&quot;,&quot;item_category&quot;:&quot;Geen categorie&quot;,&quot;id&quot;:1486794,&quot;productlink&quot;:&quot;https:\\\/\\\/www.calibereurope.com\\\/fr\\\/produit\\\/SSG-BLACK-fr_FR\\\/&quot;,&quot;item_list_name&quot;:&quot;Liste g\\u00e9n\\u00e9rale des produits&quot;,&quot;index&quot;:1,&quot;product_type&quot;:&quot;simple&quot;,&quot;item_brand&quot;:&quot;&quot;}\"><\/span>\t<\/div>\r\n<\/div>\r\n\r\n<\/li>\r\n\r\n<li class=\"product-col product-default product type-product post-1486814 status-publish instock product_cat-geen-categorie has-post-thumbnail taxable shipping-taxable purchasable product-type-simple\">\r\n<div class=\"product-inner\">\r\n\t\r\n\t<div class=\"product-image\">\r\n\r\n\t\t<a  href=\"https:\/\/www.calibereurope.com\/fr\/produit\/SSG-BLUE-fr_FR\/\" aria-label=\"product\">\r\n\t\t\t<div data-link=\"https:\/\/www.calibereurope.com\/fr\/panier-dachat\/\" class=\"viewcart viewcart-1486814\" title=\"Voir le panier\"><\/div><div class=\"inner img-effect\"><img loading=\"lazy\" decoding=\"async\" width=\"300\" height=\"225\" src=\"https:\/\/www.calibereurope.com\/wp-content\/uploads\/2026\/01\/b1816c8cc96cea105062e36a7688e864705f40e9_SSG_BLUE_main-2-300x225.jpg\" class=\"attachment-woocommerce_thumbnail size-woocommerce_thumbnail\" alt=\"\" \/><img loading=\"lazy\" decoding=\"async\" width=\"300\" height=\"225\" src=\"https:\/\/www.calibereurope.com\/wp-content\/uploads\/2026\/01\/e13ae77038a000cc057893b9777fee0620f7b208_SSG_BLUE_model-300x225.jpg\" class=\"hover-image\" alt=\"\" \/><\/div>\t\t<\/a>\r\n\t\t\t<\/div>\r\n\r\n\t<div class=\"product-content\">\r\n\t\t\r\n\t\t\t<a class=\"product-loop-title\"  href=\"https:\/\/www.calibereurope.com\/fr\/produit\/SSG-BLUE-fr_FR\/\">\r\n\t<h3 class=\"woocommerce-loop-product__title\">Soundglasses Lunettes de soleil Bluetooth intelligentes &#8211; Verres polaris\u00e9s &#8211; Facilit\u00e9 d&#8217;utilisation &#8211; Microphone &#8211; Bleu<\/h3>\t<\/a>\r\n\t\r\n\t\t\r\n\r\n<div class=\"rating-wrap\">\r\n\t<div class=\"rating-content\"><div class=\"star-rating\" title=\"4.22\"><span style=\"width:84.4%\"><strong class=\"rating\">4.22<\/strong> out of 5<\/span><\/div><\/div>\r\n<\/div>\r\n\r\n\n\t<span class=\"price\"><span class=\"woocommerce-Price-amount amount\"><bdi><span class=\"woocommerce-Price-currencySymbol\"><\/span>49,95<\/bdi><\/span><\/span>\n\r\n\t\t<div class=\"add-links-wrap\">\r\n\t<div class=\"add-links no-effect clearfix\">\r\n\t\t<a href=\"?add-to-cart=1486814\" aria-describedby=\"woocommerce_loop_add_to_cart_link_describedby_1486814\" data-quantity=\"1\" class=\"viewcart-style-1 button product_type_simple add_to_cart_button ajax_add_to_cart\" data-product_id=\"1486814\" data-product_sku=\"SSG-BLUE\" aria-label=\"Ajouter au panier\u00a0: &ldquo;Soundglasses Lunettes de soleil Bluetooth intelligentes - Verres polaris\u00e9s - Facilit\u00e9 d&#039;utilisation - Microphone - Bleu&rdquo;\" rel=\"nofollow\" data-success_message=\"\u00ab\u00a0Soundglasses Lunettes de soleil Bluetooth intelligentes - Verres polaris\u00e9s - Facilit\u00e9 d&#039;utilisation - Microphone - Bleu\u00a0\u00bb a \u00e9t\u00e9 ajout\u00e9 \u00e0 votre panier\"><\/a>\t\t<span id=\"woocommerce_loop_add_to_cart_link_describedby_1486814\" class=\"screen-reader-text\">\r\n\t\t\t<\/span>\r\n\t\t\t<\/div>\r\n\t<\/div>\r\n<span class=\"gtm4wp_productdata\" style=\"display:none; visibility:hidden;\" data-gtm4wp_product_data=\"{&quot;internal_id&quot;:1486814,&quot;item_id&quot;:1486814,&quot;item_name&quot;:&quot;Soundglasses Lunettes de soleil Bluetooth intelligentes - Verres polaris\\u00e9s - Facilit\\u00e9 d&#039;utilisation - Microphone - Bleu&quot;,&quot;sku&quot;:&quot;SSG-BLUE&quot;,&quot;price&quot;:49.95,&quot;stocklevel&quot;:286,&quot;stockstatus&quot;:&quot;instock&quot;,&quot;google_business_vertical&quot;:&quot;retail&quot;,&quot;item_category&quot;:&quot;Geen categorie&quot;,&quot;id&quot;:1486814,&quot;productlink&quot;:&quot;https:\\\/\\\/www.calibereurope.com\\\/fr\\\/produit\\\/SSG-BLUE-fr_FR\\\/&quot;,&quot;item_list_name&quot;:&quot;Liste g\\u00e9n\\u00e9rale des produits&quot;,&quot;index&quot;:2,&quot;product_type&quot;:&quot;simple&quot;,&quot;item_brand&quot;:&quot;&quot;}\"><\/span>\t<\/div>\r\n<\/div>\r\n\r\n<\/li>\r\n\r\n<li class=\"product-col product-default product type-product post-1486834 status-publish last instock product_cat-geen-categorie has-post-thumbnail taxable shipping-taxable purchasable product-type-simple\">\r\n<div class=\"product-inner\">\r\n\t\r\n\t<div class=\"product-image\">\r\n\r\n\t\t<a  href=\"https:\/\/www.calibereurope.com\/fr\/produit\/SSG-RED-fr_FR\/\" aria-label=\"product\">\r\n\t\t\t<div data-link=\"https:\/\/www.calibereurope.com\/fr\/panier-dachat\/\" class=\"viewcart viewcart-1486834\" title=\"Voir le panier\"><\/div><div class=\"inner img-effect\"><img loading=\"lazy\" decoding=\"async\" width=\"300\" height=\"225\" src=\"https:\/\/www.calibereurope.com\/wp-content\/uploads\/2026\/01\/b091a70eca89c9c15c3f413cfeaf9695a312b31a_SSG_RED_main-2-300x225.jpg\" class=\"attachment-woocommerce_thumbnail size-woocommerce_thumbnail\" alt=\"\" \/><img loading=\"lazy\" decoding=\"async\" width=\"300\" height=\"225\" src=\"https:\/\/www.calibereurope.com\/wp-content\/uploads\/2026\/01\/009e9ca42781e33541a99d5f16e09fbfeed3dd3a_SSG_RED_model-300x225.jpg\" class=\"hover-image\" alt=\"\" \/><\/div>\t\t<\/a>\r\n\t\t\t<\/div>\r\n\r\n\t<div class=\"product-content\">\r\n\t\t\r\n\t\t\t<a class=\"product-loop-title\"  href=\"https:\/\/www.calibereurope.com\/fr\/produit\/SSG-RED-fr_FR\/\">\r\n\t<h3 class=\"woocommerce-loop-product__title\">Soundglasses Lunettes de soleil Bluetooth intelligentes &#8211; Verres polaris\u00e9s &#8211; Facilit\u00e9 d&#8217;utilisation &#8211; Microphone &#8211; Rouge<\/h3>\t<\/a>\r\n\t\r\n\t\t\r\n\r\n<div class=\"rating-wrap\">\r\n\t<div class=\"rating-content\"><div class=\"star-rating\" title=\"4.50\"><span style=\"width:90%\"><strong class=\"rating\">4.50<\/strong> out of 5<\/span><\/div><\/div>\r\n<\/div>\r\n\r\n\n\t<span class=\"price\"><span class=\"woocommerce-Price-amount amount\"><bdi><span class=\"woocommerce-Price-currencySymbol\"><\/span>49,95<\/bdi><\/span><\/span>\n\r\n\t\t<div class=\"add-links-wrap\">\r\n\t<div class=\"add-links no-effect clearfix\">\r\n\t\t<a href=\"?add-to-cart=1486834\" aria-describedby=\"woocommerce_loop_add_to_cart_link_describedby_1486834\" data-quantity=\"1\" class=\"viewcart-style-1 button product_type_simple add_to_cart_button ajax_add_to_cart\" data-product_id=\"1486834\" data-product_sku=\"SSG-RED\" aria-label=\"Ajouter au panier\u00a0: &ldquo;Soundglasses Lunettes de soleil Bluetooth intelligentes - Verres polaris\u00e9s - Facilit\u00e9 d&#039;utilisation - Microphone - Rouge&rdquo;\" rel=\"nofollow\" data-success_message=\"\u00ab\u00a0Soundglasses Lunettes de soleil Bluetooth intelligentes - Verres polaris\u00e9s - Facilit\u00e9 d&#039;utilisation - Microphone - Rouge\u00a0\u00bb a \u00e9t\u00e9 ajout\u00e9 \u00e0 votre panier\"><\/a>\t\t<span id=\"woocommerce_loop_add_to_cart_link_describedby_1486834\" class=\"screen-reader-text\">\r\n\t\t\t<\/span>\r\n\t\t\t<\/div>\r\n\t<\/div>\r\n<span class=\"gtm4wp_productdata\" style=\"display:none; visibility:hidden;\" data-gtm4wp_product_data=\"{&quot;internal_id&quot;:1486834,&quot;item_id&quot;:1486834,&quot;item_name&quot;:&quot;Soundglasses Lunettes de soleil Bluetooth intelligentes - Verres polaris\\u00e9s - Facilit\\u00e9 d&#039;utilisation - Microphone - Rouge&quot;,&quot;sku&quot;:&quot;SSG-RED&quot;,&quot;price&quot;:49.95,&quot;stocklevel&quot;:759,&quot;stockstatus&quot;:&quot;instock&quot;,&quot;google_business_vertical&quot;:&quot;retail&quot;,&quot;item_category&quot;:&quot;Geen categorie&quot;,&quot;id&quot;:1486834,&quot;productlink&quot;:&quot;https:\\\/\\\/www.calibereurope.com\\\/fr\\\/produit\\\/SSG-RED-fr_FR\\\/&quot;,&quot;item_list_name&quot;:&quot;Liste g\\u00e9n\\u00e9rale des produits&quot;,&quot;index&quot;:3,&quot;product_type&quot;:&quot;simple&quot;,&quot;item_brand&quot;:&quot;&quot;}\"><\/span>\t<\/div>\r\n<\/div>\r\n\r\n<\/li>\r\n<\/ul>\r\n<\/div>[\/vc_column_text][\/vc_column][\/vc_row]<\/p>\n<\/div>","protected":false},"excerpt":{"rendered":"<p>[vc_row][vc_column][\/vc_column][\/vc_row][vc_row][vc_column width=&#8221;1\/2&#8243;][vc_single_image image=&#8221;1494017&#8243; img_size=&#8221;full&#8221; label=&#8221;&#8221;][\/vc_column][vc_column width=&#8221;1\/2&#8243;][vc_column_text]D\u00e9couvrez le gadget ultime qui vous permet de diffuser de la musique et de passer des appels mains libres : ces incroyables lunettes de soleil Bluetooth\u00ae ! Avec ces lunettes fantastiques, vous pouvez non seulement profiter de votre musique pr\u00e9f\u00e9r\u00e9e, mais aussi passer des appels t\u00e9l\u00e9phoniques sans effort, sans utiliser [&hellip;]<\/p>\n","protected":false},"author":1,"featured_media":0,"parent":0,"menu_order":0,"comment_status":"closed","ping_status":"closed","template":"","meta":{"inline_featured_image":false,"footnotes":""},"class_list":["post-1495531","page","type-page","status-publish","hentry"],"yoast_head":"<!-- This site is optimized with the Yoast SEO plugin v24.4 - https:\/\/yoast.com\/wordpress\/plugins\/seo\/ -->\n<title>RayBeats | Caliber<\/title>\n<meta name=\"robots\" content=\"index, follow, max-snippet:-1, max-image-preview:large, max-video-preview:-1\" \/>\n<link rel=\"canonical\" href=\"https:\/\/www.calibereurope.com\/fr\/raybeats\/\" \/>\n<meta property=\"og:locale\" content=\"fr_FR\" \/>\n<meta property=\"og:type\" content=\"article\" \/>\n<meta property=\"og:title\" content=\"RayBeats | Caliber\" \/>\n<meta property=\"og:description\" content=\"[vc_row][vc_column][\/vc_column][\/vc_row][vc_row][vc_column width=&#8221;1\/2&#8243;][vc_single_image image=&#8221;1494017&#8243; img_size=&#8221;full&#8221; label=&#8221;&#8221;][\/vc_column][vc_column width=&#8221;1\/2&#8243;][vc_column_text]D\u00e9couvrez le gadget ultime qui vous permet de diffuser de la musique et de passer des appels mains libres : ces incroyables lunettes de soleil Bluetooth\u00ae ! Avec ces lunettes fantastiques, vous pouvez non seulement profiter de votre musique pr\u00e9f\u00e9r\u00e9e, mais aussi passer des appels t\u00e9l\u00e9phoniques sans effort, sans utiliser [&hellip;]\" \/>\n<meta property=\"og:url\" content=\"https:\/\/www.calibereurope.com\/fr\/raybeats\/\" \/>\n<meta property=\"og:site_name\" content=\"Caliber\" \/>\n<meta property=\"article:publisher\" content=\"https:\/\/facebook.com\/CaliberEurope\/\" \/>\n<meta property=\"article:modified_time\" content=\"2023-06-19T08:37:28+00:00\" \/>\n<meta property=\"og:image\" content=\"https:\/\/www.calibereurope.com\/wp-content\/uploads\/2023\/05\/Caliber-logo-opengraphs.jpg\" \/>\n\t<meta property=\"og:image:width\" content=\"1050\" \/>\n\t<meta property=\"og:image:height\" content=\"525\" \/>\n\t<meta property=\"og:image:type\" content=\"image\/jpeg\" \/>\n<meta name=\"twitter:card\" content=\"summary_large_image\" \/>\n<meta name=\"twitter:site\" content=\"@calibereurope\" \/>\n<meta name=\"twitter:label1\" content=\"Dur\u00e9e de lecture estim\u00e9e\" \/>\n\t<meta name=\"twitter:data1\" content=\"2 minutes\" \/>\n<script type=\"application\/ld+json\" class=\"yoast-schema-graph\">{\"@context\":\"https:\/\/schema.org\",\"@graph\":[{\"@type\":\"WebPage\",\"@id\":\"https:\/\/www.calibereurope.com\/fr\/raybeats\/\",\"url\":\"https:\/\/www.calibereurope.com\/fr\/raybeats\/\",\"name\":\"RayBeats | Caliber\",\"isPartOf\":{\"@id\":\"https:\/\/www.calibereurope.com\/fr\/#website\"},\"datePublished\":\"2023-06-19T08:37:19+00:00\",\"dateModified\":\"2023-06-19T08:37:28+00:00\",\"breadcrumb\":{\"@id\":\"https:\/\/www.calibereurope.com\/fr\/raybeats\/#breadcrumb\"},\"inLanguage\":\"fr-FR\",\"potentialAction\":[{\"@type\":\"ReadAction\",\"target\":[\"https:\/\/www.calibereurope.com\/fr\/raybeats\/\"]}]},{\"@type\":\"BreadcrumbList\",\"@id\":\"https:\/\/www.calibereurope.com\/fr\/raybeats\/#breadcrumb\",\"itemListElement\":[{\"@type\":\"ListItem\",\"position\":1,\"name\":\"Home\",\"item\":\"https:\/\/www.calibereurope.com\/fr\/\"},{\"@type\":\"ListItem\",\"position\":2,\"name\":\"RayBeats\"}]},{\"@type\":\"WebSite\",\"@id\":\"https:\/\/www.calibereurope.com\/fr\/#website\",\"url\":\"https:\/\/www.calibereurope.com\/fr\/\",\"name\":\"Caliber\",\"description\":\"Sounds good!\",\"publisher\":{\"@id\":\"https:\/\/www.calibereurope.com\/fr\/#organization\"},\"potentialAction\":[{\"@type\":\"SearchAction\",\"target\":{\"@type\":\"EntryPoint\",\"urlTemplate\":\"https:\/\/www.calibereurope.com\/fr\/?s={search_term_string}\"},\"query-input\":{\"@type\":\"PropertyValueSpecification\",\"valueRequired\":true,\"valueName\":\"search_term_string\"}}],\"inLanguage\":\"fr-FR\"},{\"@type\":\"Organization\",\"@id\":\"https:\/\/www.calibereurope.com\/fr\/#organization\",\"name\":\"Caliber Europe B.V.\",\"url\":\"https:\/\/www.calibereurope.com\/fr\/\",\"logo\":{\"@type\":\"ImageObject\",\"inLanguage\":\"fr-FR\",\"@id\":\"https:\/\/www.calibereurope.com\/fr\/#\/schema\/logo\/image\/\",\"url\":\"https:\/\/www.calibereurope.com\/wp-content\/uploads\/2019\/11\/Logo-Caliber-e1574846289621.png\",\"contentUrl\":\"https:\/\/www.calibereurope.com\/wp-content\/uploads\/2019\/11\/Logo-Caliber-e1574846289621.png\",\"width\":400,\"height\":69,\"caption\":\"Caliber Europe B.V.\"},\"image\":{\"@id\":\"https:\/\/www.calibereurope.com\/fr\/#\/schema\/logo\/image\/\"},\"sameAs\":[\"https:\/\/facebook.com\/CaliberEurope\/\",\"https:\/\/x.com\/calibereurope\",\"https:\/\/www.instagram.com\/calibereurope\/\"]}]}<\/script>\n<!-- \/ Yoast SEO plugin. -->","yoast_head_json":{"title":"RayBeats | Caliber","robots":{"index":"index","follow":"follow","max-snippet":"max-snippet:-1","max-image-preview":"max-image-preview:large","max-video-preview":"max-video-preview:-1"},"canonical":"https:\/\/www.calibereurope.com\/fr\/raybeats\/","og_locale":"fr_FR","og_type":"article","og_title":"RayBeats | Caliber","og_description":"[vc_row][vc_column][\/vc_column][\/vc_row][vc_row][vc_column width=&#8221;1\/2&#8243;][vc_single_image image=&#8221;1494017&#8243; img_size=&#8221;full&#8221; label=&#8221;&#8221;][\/vc_column][vc_column width=&#8221;1\/2&#8243;][vc_column_text]D\u00e9couvrez le gadget ultime qui vous permet de diffuser de la musique et de passer des appels mains libres : ces incroyables lunettes de soleil Bluetooth\u00ae ! Avec ces lunettes fantastiques, vous pouvez non seulement profiter de votre musique pr\u00e9f\u00e9r\u00e9e, mais aussi passer des appels t\u00e9l\u00e9phoniques sans effort, sans utiliser [&hellip;]","og_url":"https:\/\/www.calibereurope.com\/fr\/raybeats\/","og_site_name":"Caliber","article_publisher":"https:\/\/facebook.com\/CaliberEurope\/","article_modified_time":"2023-06-19T08:37:28+00:00","og_image":[{"width":1050,"height":525,"url":"https:\/\/www.calibereurope.com\/wp-content\/uploads\/2023\/05\/Caliber-logo-opengraphs.jpg","type":"image\/jpeg"}],"twitter_card":"summary_large_image","twitter_site":"@calibereurope","twitter_misc":{"Dur\u00e9e de lecture estim\u00e9e":"2 minutes"},"schema":{"@context":"https:\/\/schema.org","@graph":[{"@type":"WebPage","@id":"https:\/\/www.calibereurope.com\/fr\/raybeats\/","url":"https:\/\/www.calibereurope.com\/fr\/raybeats\/","name":"RayBeats | Caliber","isPartOf":{"@id":"https:\/\/www.calibereurope.com\/fr\/#website"},"datePublished":"2023-06-19T08:37:19+00:00","dateModified":"2023-06-19T08:37:28+00:00","breadcrumb":{"@id":"https:\/\/www.calibereurope.com\/fr\/raybeats\/#breadcrumb"},"inLanguage":"fr-FR","potentialAction":[{"@type":"ReadAction","target":["https:\/\/www.calibereurope.com\/fr\/raybeats\/"]}]},{"@type":"BreadcrumbList","@id":"https:\/\/www.calibereurope.com\/fr\/raybeats\/#breadcrumb","itemListElement":[{"@type":"ListItem","position":1,"name":"Home","item":"https:\/\/www.calibereurope.com\/fr\/"},{"@type":"ListItem","position":2,"name":"RayBeats"}]},{"@type":"WebSite","@id":"https:\/\/www.calibereurope.com\/fr\/#website","url":"https:\/\/www.calibereurope.com\/fr\/","name":"Caliber","description":"Sounds good!","publisher":{"@id":"https:\/\/www.calibereurope.com\/fr\/#organization"},"potentialAction":[{"@type":"SearchAction","target":{"@type":"EntryPoint","urlTemplate":"https:\/\/www.calibereurope.com\/fr\/?s={search_term_string}"},"query-input":{"@type":"PropertyValueSpecification","valueRequired":true,"valueName":"search_term_string"}}],"inLanguage":"fr-FR"},{"@type":"Organization","@id":"https:\/\/www.calibereurope.com\/fr\/#organization","name":"Caliber Europe B.V.","url":"https:\/\/www.calibereurope.com\/fr\/","logo":{"@type":"ImageObject","inLanguage":"fr-FR","@id":"https:\/\/www.calibereurope.com\/fr\/#\/schema\/logo\/image\/","url":"https:\/\/www.calibereurope.com\/wp-content\/uploads\/2019\/11\/Logo-Caliber-e1574846289621.png","contentUrl":"https:\/\/www.calibereurope.com\/wp-content\/uploads\/2019\/11\/Logo-Caliber-e1574846289621.png","width":400,"height":69,"caption":"Caliber Europe B.V."},"image":{"@id":"https:\/\/www.calibereurope.com\/fr\/#\/schema\/logo\/image\/"},"sameAs":["https:\/\/facebook.com\/CaliberEurope\/","https:\/\/x.com\/calibereurope","https:\/\/www.instagram.com\/calibereurope\/"]}]}},"_links":{"self":[{"href":"https:\/\/www.calibereurope.com\/fr\/wp-json\/wp\/v2\/pages\/1495531","targetHints":{"allow":["GET"]}}],"collection":[{"href":"https:\/\/www.calibereurope.com\/fr\/wp-json\/wp\/v2\/pages"}],"about":[{"href":"https:\/\/www.calibereurope.com\/fr\/wp-json\/wp\/v2\/types\/page"}],"author":[{"embeddable":true,"href":"https:\/\/www.calibereurope.com\/fr\/wp-json\/wp\/v2\/users\/1"}],"replies":[{"embeddable":true,"href":"https:\/\/www.calibereurope.com\/fr\/wp-json\/wp\/v2\/comments?post=1495531"}],"version-history":[{"count":5,"href":"https:\/\/www.calibereurope.com\/fr\/wp-json\/wp\/v2\/pages\/1495531\/revisions"}],"predecessor-version":[{"id":1495538,"href":"https:\/\/www.calibereurope.com\/fr\/wp-json\/wp\/v2\/pages\/1495531\/revisions\/1495538"}],"wp:attachment":[{"href":"https:\/\/www.calibereurope.com\/fr\/wp-json\/wp\/v2\/media?parent=1495531"}],"curies":[{"name":"wp","href":"https:\/\/api.w.org\/{rel}","templated":true}]}}