{"id":41110,"date":"2020-05-28T11:49:23","date_gmt":"2020-05-28T09:49:23","guid":{"rendered":"https:\/\/www.calibereurope.com\/formulaire-de-retour\/"},"modified":"2020-05-28T11:49:26","modified_gmt":"2020-05-28T09:49:26","slug":"formulaire-de-retour","status":"publish","type":"page","link":"https:\/\/www.calibereurope.com\/fr\/formulaire-de-retour\/","title":{"rendered":"Formulaire de retour"},"content":{"rendered":"<div class=\"wpforms-container wpforms-container-full\" id=\"wpforms-25236\"><form id=\"wpforms-form-25236\" class=\"wpforms-validate wpforms-form\" data-formid=\"25236\" method=\"post\" enctype=\"multipart\/form-data\" action=\"\/fr\/wp-json\/wp\/v2\/pages\/41110?wpforms_form_id=25236\" data-token=\"c23808e61bdacede538606b851c41250\" data-token-time=\"1777594088\"><div class=\"wpforms-head-container\"><div class=\"wpforms-title\">Formulaire de retour<\/div><\/div><noscript class=\"wpforms-error-noscript\">Veuillez activer JavaScript dans votre navigateur pour remplir ce formulaire.<\/noscript><div class=\"wpforms-field-container\"><div id=\"wpforms-25236-field_1-container\" class=\"wpforms-field wpforms-field-name\" data-field-id=\"1\"><label class=\"wpforms-field-label\">Nom <span class=\"wpforms-required-label\">*<\/span><\/label><div class=\"wpforms-field-row wpforms-field-medium\"><div class=\"wpforms-field-row-block wpforms-first wpforms-one-half\"><input type=\"text\" id=\"wpforms-25236-field_1\" class=\"wpforms-field-name-first wpforms-field-required\" name=\"wpforms[fields][1][first]\" required><label for=\"wpforms-25236-field_1\" class=\"wpforms-field-sublabel after\">Pr\u00e9nom<\/label><\/div><div class=\"wpforms-field-row-block wpforms-one-half\"><input type=\"text\" id=\"wpforms-25236-field_1-last\" class=\"wpforms-field-name-last wpforms-field-required\" name=\"wpforms[fields][1][last]\" required><label for=\"wpforms-25236-field_1-last\" class=\"wpforms-field-sublabel after\">Nom<\/label><\/div><\/div><\/div><div id=\"wpforms-25236-field_2-container\" class=\"wpforms-field wpforms-field-email\" data-field-id=\"2\"><label class=\"wpforms-field-label\" for=\"wpforms-25236-field_2\">Courrier \u00e9lectronique <span class=\"wpforms-required-label\">*<\/span><\/label><input type=\"email\" id=\"wpforms-25236-field_2\" class=\"wpforms-field-medium wpforms-field-required\" name=\"wpforms[fields][2]\" spellcheck=\"false\" required><\/div><div id=\"wpforms-25236-field_3-container\" class=\"wpforms-field wpforms-field-text\" data-field-id=\"3\"><label class=\"wpforms-field-label\" for=\"wpforms-25236-field_3\">Num\u00e9ro d&#039;ordre <span class=\"wpforms-required-label\">*<\/span><\/label><input type=\"text\" id=\"wpforms-25236-field_3\" class=\"wpforms-field-medium wpforms-field-required wpforms-limit-characters-enabled\" data-form-id=\"25236\" data-field-id=\"3\" data-text-limit=\"7\" name=\"wpforms[fields][3]\" maxlength=\"7\" required><\/div><div id=\"wpforms-25236-field_15-container\" class=\"wpforms-field wpforms-field-text wpforms-conditional-trigger\" data-field-id=\"15\"><label class=\"wpforms-field-label\" for=\"wpforms-25236-field_15\">Quel(s) produit(s) sont concern\u00e9s ? <span class=\"wpforms-required-label\">*<\/span><\/label><input type=\"text\" id=\"wpforms-25236-field_15\" class=\"wpforms-field-medium wpforms-field-required\" name=\"wpforms[fields][15]\" placeholder=\"Par exemple : 1 x num\u00e9ro d&#039;article\" required><\/div><div id=\"wpforms-25236-field_17-container\" class=\"wpforms-field wpforms-field-text wpforms-conditional-field wpforms-conditional-show wpforms-conditional-trigger\" data-field-id=\"17\" style=\"display:none;\"><input type=\"text\" id=\"wpforms-25236-field_17\" class=\"wpforms-field-medium\" name=\"wpforms[fields][17]\" ><\/div><div id=\"wpforms-25236-field_18-container\" class=\"wpforms-field wpforms-field-text wpforms-conditional-field wpforms-conditional-show wpforms-conditional-trigger\" data-field-id=\"18\" style=\"display:none;\"><input type=\"text\" id=\"wpforms-25236-field_18\" class=\"wpforms-field-medium\" name=\"wpforms[fields][18]\" ><\/div><div id=\"wpforms-25236-field_19-container\" class=\"wpforms-field wpforms-field-text wpforms-conditional-field wpforms-conditional-show wpforms-conditional-trigger\" data-field-id=\"19\" style=\"display:none;\"><input type=\"text\" id=\"wpforms-25236-field_19\" class=\"wpforms-field-medium\" name=\"wpforms[fields][19]\" ><\/div><div id=\"wpforms-25236-field_20-container\" class=\"wpforms-field wpforms-field-text wpforms-conditional-field wpforms-conditional-show wpforms-conditional-trigger\" data-field-id=\"20\" style=\"display:none;\"><input type=\"text\" id=\"wpforms-25236-field_20\" class=\"wpforms-field-medium\" name=\"wpforms[fields][20]\" ><\/div><div id=\"wpforms-25236-field_21-container\" class=\"wpforms-field wpforms-field-text wpforms-conditional-field wpforms-conditional-show wpforms-conditional-trigger\" data-field-id=\"21\" style=\"display:none;\"><input type=\"text\" id=\"wpforms-25236-field_21\" class=\"wpforms-field-medium\" name=\"wpforms[fields][21]\" ><\/div><div id=\"wpforms-25236-field_22-container\" class=\"wpforms-field wpforms-field-text wpforms-conditional-field wpforms-conditional-show wpforms-conditional-trigger\" data-field-id=\"22\" style=\"display:none;\"><input type=\"text\" id=\"wpforms-25236-field_22\" class=\"wpforms-field-medium\" name=\"wpforms[fields][22]\" ><\/div><div id=\"wpforms-25236-field_23-container\" class=\"wpforms-field wpforms-field-text wpforms-conditional-field wpforms-conditional-show\" data-field-id=\"23\" style=\"display:none;\"><input type=\"text\" id=\"wpforms-25236-field_23\" class=\"wpforms-field-medium\" name=\"wpforms[fields][23]\" ><\/div><div id=\"wpforms-25236-field_9-container\" class=\"wpforms-field wpforms-field-divider\" data-field-id=\"9\"><h3 id=\"wpforms-25236-field_9\">Raison du retour<\/h3><\/div><div id=\"wpforms-25236-field_4-container\" class=\"wpforms-field wpforms-field-radio\" data-field-id=\"4\"><label class=\"wpforms-field-label\">Pourquoi voulez-vous retourner le produit ?<\/label><ul id=\"wpforms-25236-field_4\"><li class=\"choice-1 depth-1\"><input type=\"radio\" id=\"wpforms-25236-field_4_1\" name=\"wpforms[fields][4]\" value=\"N&#039;est pas \u00e0 la hauteur des attentes\"  ><label class=\"wpforms-field-label-inline\" for=\"wpforms-25236-field_4_1\">N'est pas \u00e0 la hauteur des attentes<\/label><\/li><li class=\"choice-2 depth-1\"><input type=\"radio\" id=\"wpforms-25236-field_4_2\" name=\"wpforms[fields][4]\" value=\"D\u00e9faut\"  ><label class=\"wpforms-field-label-inline\" for=\"wpforms-25236-field_4_2\">D\u00e9faut<\/label><\/li><li class=\"choice-3 depth-1\"><input type=\"radio\" id=\"wpforms-25236-field_4_3\" name=\"wpforms[fields][4]\" value=\"Plainte concernant la livraison\"  ><label class=\"wpforms-field-label-inline\" for=\"wpforms-25236-field_4_3\">Plainte concernant la livraison<\/label><\/li><li class=\"choice-5 depth-1\"><input type=\"radio\" id=\"wpforms-25236-field_4_5\" name=\"wpforms[fields][4]\" value=\"Sinon, \u00e0 savoir\"  ><label class=\"wpforms-field-label-inline\" for=\"wpforms-25236-field_4_5\">Sinon, \u00e0 savoir<\/label><\/li><\/ul><\/div><div id=\"wpforms-25236-field_7-container\" class=\"wpforms-field wpforms-field-text\" data-field-id=\"7\"><label class=\"wpforms-field-label\" for=\"wpforms-25236-field_7\">Discours<\/label><input type=\"text\" id=\"wpforms-25236-field_7\" class=\"wpforms-field-medium\" name=\"wpforms[fields][7]\" placeholder=\"Entrez votre raison ici\" ><\/div><div id=\"wpforms-25236-field_10-container\" class=\"wpforms-field wpforms-field-divider\" data-field-id=\"10\"><h3 id=\"wpforms-25236-field_10\">Extra&#039;s<\/h3><\/div><div id=\"wpforms-25236-field_13-container\" class=\"wpforms-field wpforms-field-textarea\" data-field-id=\"13\"><label class=\"wpforms-field-label\" for=\"wpforms-25236-field_13\">Remarques compl\u00e9mentaires<\/label><textarea id=\"wpforms-25236-field_13\" class=\"wpforms-field-medium\" name=\"wpforms[fields][13]\" ><\/textarea><\/div><div id=\"wpforms-25236-field_11-container\" class=\"wpforms-field wpforms-field-file-upload\" data-field-id=\"11\"><label class=\"wpforms-field-label\" for=\"wpforms-25236-field_11\">T\u00e9l\u00e9chargement de fichiers<\/label><div\n\t\tclass=\"wpforms-uploader\"\n\t\tdata-field-id=\"11\"\n\t\tdata-form-id=\"25236\"\n\t\tdata-input-name=\"wpforms_25236_11\"\n\t\tdata-extensions=\"png,gif,jpg,jpeg\"\n\t\tdata-max-size=\"134217728\"\n\t\tdata-max-file-number=\"5\"\n\t\tdata-post-max-size=\"134217728\"\n\t\tdata-max-parallel-uploads=\"4\"\n\t\tdata-parallel-uploads=\"true\"\n\t\tdata-file-chunk-size=\"2097152\">\n\t<div class=\"dz-message\">\n\t\t<svg viewBox=\"0 0 1024 1024\" focusable=\"false\" data-icon=\"inbox\" width=\"50px\" height=\"50px\" fill=\"currentColor\" aria-hidden=\"true\">\n\t\t\t<path d=\"M885.2 446.3l-.2-.8-112.2-285.1c-5-16.1-19.9-27.2-36.8-27.2H281.2c-17 0-32.1 11.3-36.9 27.6L139.4 443l-.3.7-.2.8c-1.3 4.9-1.7 9.9-1 14.8-.1 1.6-.2 3.2-.2 4.8V830a60.9 60.9 0 0 0 60.8 60.8h627.2c33.5 0 60.8-27.3 60.9-60.8V464.1c0-1.3 0-2.6-.1-3.7.4-4.9 0-9.6-1.3-14.1zm-295.8-43l-.3 15.7c-.8 44.9-31.8 75.1-77.1 75.1-22.1 0-41.1-7.1-54.8-20.6S436 441.2 435.6 419l-.3-15.7H229.5L309 210h399.2l81.7 193.3H589.4zm-375 76.8h157.3c24.3 57.1 76 90.8 140.4 90.8 33.7 0 65-9.4 90.3-27.2 22.2-15.6 39.5-37.4 50.7-63.6h156.5V814H214.4V480.1z\"><\/path>\n\t\t<\/svg>\n\t\t<span class=\"modern-title\">Cliquez ou d\u00e9placez les fichiers vers cette zone pour les t\u00e9l\u00e9verser.<\/span>\n\n\t\t\t\t\t<span class=\"modern-hint\">Vous pouvez t\u00e9l\u00e9verser jusqu\u2019\u00e0 5 fichiers.<\/span>\n\t\t\t<\/div>\n<\/div>\n<input\n\t\ttype=\"text\"\n\t\tautocomplete=\"off\"\n\t\treadonly\n\t\tclass=\"dropzone-input\"\n\t\tstyle=\"position:absolute!important;clip:rect(0,0,0,0)!important;height:1px!important;width:1px!important;border:0!important;overflow:hidden!important;padding:0!important;margin:0!important;\"\n\t\tid=\"wpforms-25236-field_11\"\n\t\tname=\"wpforms_25236_11\" \t\tvalue=\"\">\n<div class=\"wpforms-field-description\">T\u00e9l\u00e9chargez ici les photos susceptibles d'int\u00e9resser votre plainte. <\/div><\/div><\/div><!-- .wpforms-field-container --><div class=\"wpforms-field wpforms-field-hp\"><label for=\"wpforms-25236-field-hp\" class=\"wpforms-field-label\">Phone<\/label><input type=\"text\" name=\"wpforms[hp]\" id=\"wpforms-25236-field-hp\" class=\"wpforms-field-medium\"><\/div><div class=\"wpforms-recaptcha-container wpforms-is-recaptcha wpforms-is-recaptcha-type-invisible\" ><div class=\"g-recaptcha\" data-sitekey=\"6LeGoN4UAAAAAEcqmVKtdtmf3iSrkbMWcb45nNjL\" data-size=\"invisible\"><\/div><\/div><div class=\"wpforms-submit-container\" ><input type=\"hidden\" name=\"wpforms[id]\" value=\"25236\"><input type=\"hidden\" name=\"page_title\" value=\"\"><input type=\"hidden\" name=\"page_url\" value=\"https:\/\/www.calibereurope.com\/fr\/wp-json\/wp\/v2\/pages\/41110\"><button type=\"submit\" name=\"wpforms[submit]\" id=\"wpforms-submit-25236\" class=\"wpforms-submit\" data-alt-text=\"L&#039;envoi...\" data-submit-text=\"Envoyer la demande\" aria-live=\"assertive\" value=\"wpforms-submit\">Envoyer la demande<\/button><\/div><\/form><\/div>  <!-- .wpforms-container -->\n","protected":false},"excerpt":{"rendered":"Formulaire de retourVeuillez activer JavaScript dans votre navigateur pour remplir ce formulaire.Nom *Pr\u00e9nomNomCourrier \u00e9lectronique *Num\u00e9ro d&#039;ordre *Quel(s) produit(s) sont concern\u00e9s ? *Raison du retourPourquoi voulez-vous retourner le produit ?N'est pas \u00e0 la hauteur des attentesD\u00e9fautPlainte concernant la livraisonSinon, \u00e0 savoirDiscoursExtra&#039;sRemarques compl\u00e9mentairesT\u00e9l\u00e9chargement de fichiers Cliquez ou d\u00e9placez les fichiers vers cette zone pour les t\u00e9l\u00e9verser. Vous [...]","protected":false},"author":1,"featured_media":0,"parent":0,"menu_order":0,"comment_status":"closed","ping_status":"closed","template":"","meta":{"inline_featured_image":false,"footnotes":""},"class_list":["post-41110","page","type-page","status-publish","hentry"],"yoast_head":"<!-- This site is optimized with the Yoast SEO plugin v24.4 - https:\/\/yoast.com\/wordpress\/plugins\/seo\/ -->\n<title>Formulaire de retour | Caliber<\/title>\n<meta name=\"robots\" content=\"index, follow, max-snippet:-1, max-image-preview:large, max-video-preview:-1\" \/>\n<link rel=\"canonical\" href=\"https:\/\/www.calibereurope.com\/fr\/formulaire-de-retour\/\" \/>\n<meta property=\"og:locale\" content=\"fr_FR\" \/>\n<meta property=\"og:type\" content=\"article\" \/>\n<meta property=\"og:title\" content=\"Formulaire de retour | Caliber\" \/>\n<meta property=\"og:url\" content=\"https:\/\/www.calibereurope.com\/fr\/formulaire-de-retour\/\" \/>\n<meta property=\"og:site_name\" content=\"Caliber\" \/>\n<meta property=\"article:publisher\" content=\"https:\/\/facebook.com\/CaliberEurope\/\" \/>\n<meta property=\"article:modified_time\" content=\"2020-05-28T09:49:26+00:00\" \/>\n<meta property=\"og:image\" content=\"https:\/\/www.calibereurope.com\/wp-content\/uploads\/2023\/05\/Caliber-logo-opengraphs.jpg\" \/>\n\t<meta property=\"og:image:width\" content=\"1050\" \/>\n\t<meta property=\"og:image:height\" content=\"525\" \/>\n\t<meta property=\"og:image:type\" content=\"image\/jpeg\" \/>\n<meta name=\"twitter:card\" content=\"summary_large_image\" \/>\n<meta name=\"twitter:site\" content=\"@calibereurope\" \/>\n<script type=\"application\/ld+json\" class=\"yoast-schema-graph\">{\"@context\":\"https:\/\/schema.org\",\"@graph\":[{\"@type\":\"WebPage\",\"@id\":\"https:\/\/www.calibereurope.com\/fr\/formulaire-de-retour\/\",\"url\":\"https:\/\/www.calibereurope.com\/fr\/formulaire-de-retour\/\",\"name\":\"Formulaire de retour | Caliber\",\"isPartOf\":{\"@id\":\"https:\/\/www.calibereurope.com\/fr\/#website\"},\"datePublished\":\"2020-05-28T09:49:23+00:00\",\"dateModified\":\"2020-05-28T09:49:26+00:00\",\"breadcrumb\":{\"@id\":\"https:\/\/www.calibereurope.com\/fr\/formulaire-de-retour\/#breadcrumb\"},\"inLanguage\":\"fr-FR\",\"potentialAction\":[{\"@type\":\"ReadAction\",\"target\":[\"https:\/\/www.calibereurope.com\/fr\/formulaire-de-retour\/\"]}]},{\"@type\":\"BreadcrumbList\",\"@id\":\"https:\/\/www.calibereurope.com\/fr\/formulaire-de-retour\/#breadcrumb\",\"itemListElement\":[{\"@type\":\"ListItem\",\"position\":1,\"name\":\"Home\",\"item\":\"https:\/\/www.calibereurope.com\/fr\/\"},{\"@type\":\"ListItem\",\"position\":2,\"name\":\"Formulaire de retour\"}]},{\"@type\":\"WebSite\",\"@id\":\"https:\/\/www.calibereurope.com\/fr\/#website\",\"url\":\"https:\/\/www.calibereurope.com\/fr\/\",\"name\":\"Caliber\",\"description\":\"Sounds good!\",\"publisher\":{\"@id\":\"https:\/\/www.calibereurope.com\/fr\/#organization\"},\"potentialAction\":[{\"@type\":\"SearchAction\",\"target\":{\"@type\":\"EntryPoint\",\"urlTemplate\":\"https:\/\/www.calibereurope.com\/fr\/?s={search_term_string}\"},\"query-input\":{\"@type\":\"PropertyValueSpecification\",\"valueRequired\":true,\"valueName\":\"search_term_string\"}}],\"inLanguage\":\"fr-FR\"},{\"@type\":\"Organization\",\"@id\":\"https:\/\/www.calibereurope.com\/fr\/#organization\",\"name\":\"Caliber Europe B.V.\",\"url\":\"https:\/\/www.calibereurope.com\/fr\/\",\"logo\":{\"@type\":\"ImageObject\",\"inLanguage\":\"fr-FR\",\"@id\":\"https:\/\/www.calibereurope.com\/fr\/#\/schema\/logo\/image\/\",\"url\":\"https:\/\/www.calibereurope.com\/wp-content\/uploads\/2019\/11\/Logo-Caliber-e1574846289621.png\",\"contentUrl\":\"https:\/\/www.calibereurope.com\/wp-content\/uploads\/2019\/11\/Logo-Caliber-e1574846289621.png\",\"width\":400,\"height\":69,\"caption\":\"Caliber Europe B.V.\"},\"image\":{\"@id\":\"https:\/\/www.calibereurope.com\/fr\/#\/schema\/logo\/image\/\"},\"sameAs\":[\"https:\/\/facebook.com\/CaliberEurope\/\",\"https:\/\/x.com\/calibereurope\",\"https:\/\/www.instagram.com\/calibereurope\/\"]}]}<\/script>\n<!-- \/ Yoast SEO plugin. -->","yoast_head_json":{"title":"Formulaire de retour | Caliber","robots":{"index":"index","follow":"follow","max-snippet":"max-snippet:-1","max-image-preview":"max-image-preview:large","max-video-preview":"max-video-preview:-1"},"canonical":"https:\/\/www.calibereurope.com\/fr\/formulaire-de-retour\/","og_locale":"fr_FR","og_type":"article","og_title":"Formulaire de retour | Caliber","og_url":"https:\/\/www.calibereurope.com\/fr\/formulaire-de-retour\/","og_site_name":"Caliber","article_publisher":"https:\/\/facebook.com\/CaliberEurope\/","article_modified_time":"2020-05-28T09:49:26+00:00","og_image":[{"width":1050,"height":525,"url":"https:\/\/www.calibereurope.com\/wp-content\/uploads\/2023\/05\/Caliber-logo-opengraphs.jpg","type":"image\/jpeg"}],"twitter_card":"summary_large_image","twitter_site":"@calibereurope","schema":{"@context":"https:\/\/schema.org","@graph":[{"@type":"WebPage","@id":"https:\/\/www.calibereurope.com\/fr\/formulaire-de-retour\/","url":"https:\/\/www.calibereurope.com\/fr\/formulaire-de-retour\/","name":"Formulaire de retour | Caliber","isPartOf":{"@id":"https:\/\/www.calibereurope.com\/fr\/#website"},"datePublished":"2020-05-28T09:49:23+00:00","dateModified":"2020-05-28T09:49:26+00:00","breadcrumb":{"@id":"https:\/\/www.calibereurope.com\/fr\/formulaire-de-retour\/#breadcrumb"},"inLanguage":"fr-FR","potentialAction":[{"@type":"ReadAction","target":["https:\/\/www.calibereurope.com\/fr\/formulaire-de-retour\/"]}]},{"@type":"BreadcrumbList","@id":"https:\/\/www.calibereurope.com\/fr\/formulaire-de-retour\/#breadcrumb","itemListElement":[{"@type":"ListItem","position":1,"name":"Home","item":"https:\/\/www.calibereurope.com\/fr\/"},{"@type":"ListItem","position":2,"name":"Formulaire de retour"}]},{"@type":"WebSite","@id":"https:\/\/www.calibereurope.com\/fr\/#website","url":"https:\/\/www.calibereurope.com\/fr\/","name":"Caliber","description":"Sounds good!","publisher":{"@id":"https:\/\/www.calibereurope.com\/fr\/#organization"},"potentialAction":[{"@type":"SearchAction","target":{"@type":"EntryPoint","urlTemplate":"https:\/\/www.calibereurope.com\/fr\/?s={search_term_string}"},"query-input":{"@type":"PropertyValueSpecification","valueRequired":true,"valueName":"search_term_string"}}],"inLanguage":"fr-FR"},{"@type":"Organization","@id":"https:\/\/www.calibereurope.com\/fr\/#organization","name":"Caliber Europe B.V.","url":"https:\/\/www.calibereurope.com\/fr\/","logo":{"@type":"ImageObject","inLanguage":"fr-FR","@id":"https:\/\/www.calibereurope.com\/fr\/#\/schema\/logo\/image\/","url":"https:\/\/www.calibereurope.com\/wp-content\/uploads\/2019\/11\/Logo-Caliber-e1574846289621.png","contentUrl":"https:\/\/www.calibereurope.com\/wp-content\/uploads\/2019\/11\/Logo-Caliber-e1574846289621.png","width":400,"height":69,"caption":"Caliber Europe B.V."},"image":{"@id":"https:\/\/www.calibereurope.com\/fr\/#\/schema\/logo\/image\/"},"sameAs":["https:\/\/facebook.com\/CaliberEurope\/","https:\/\/x.com\/calibereurope","https:\/\/www.instagram.com\/calibereurope\/"]}]}},"_links":{"self":[{"href":"https:\/\/www.calibereurope.com\/fr\/wp-json\/wp\/v2\/pages\/41110","targetHints":{"allow":["GET"]}}],"collection":[{"href":"https:\/\/www.calibereurope.com\/fr\/wp-json\/wp\/v2\/pages"}],"about":[{"href":"https:\/\/www.calibereurope.com\/fr\/wp-json\/wp\/v2\/types\/page"}],"author":[{"embeddable":true,"href":"https:\/\/www.calibereurope.com\/fr\/wp-json\/wp\/v2\/users\/1"}],"replies":[{"embeddable":true,"href":"https:\/\/www.calibereurope.com\/fr\/wp-json\/wp\/v2\/comments?post=41110"}],"version-history":[{"count":1,"href":"https:\/\/www.calibereurope.com\/fr\/wp-json\/wp\/v2\/pages\/41110\/revisions"}],"predecessor-version":[{"id":41111,"href":"https:\/\/www.calibereurope.com\/fr\/wp-json\/wp\/v2\/pages\/41110\/revisions\/41111"}],"wp:attachment":[{"href":"https:\/\/www.calibereurope.com\/fr\/wp-json\/wp\/v2\/media?parent=41110"}],"curies":[{"name":"wp","href":"https:\/\/api.w.org\/{rel}","templated":true}]}}