{"id":41205,"date":"2020-05-29T08:39:49","date_gmt":"2020-05-29T06:39:49","guid":{"rendered":"https:\/\/www.calibereurope.com\/panier-dachat\/"},"modified":"2023-03-29T07:57:44","modified_gmt":"2023-03-29T05:57:44","slug":"panier-dachat","status":"publish","type":"page","link":"https:\/\/www.calibereurope.com\/fr\/panier-dachat\/","title":{"rendered":"Panier d&#8217;achat"},"content":{"rendered":"<div class=\"wpb-content-wrapper\"><p>[vc_row][vc_column][vc_separator]<div class=\"porto-u-heading  wpb_custom_95aa9a11c17ad45cfabaf210d84ee7cc porto-u-ad87e2eaf3f9c495180fe0156ddf3eb0 \"><div class=\"porto-u-main-heading\"><h3   style=\"font-weight:600;font-size:20px;\">Avez-vous vu ces produits ? <\/h3><\/div><style>.porto-u-ad87e2eaf3f9c495180fe0156ddf3eb0.porto-u-heading{text-align:left}<\/style><\/div><div class=\"woocommerce columns-8 \"><ul class=\"products products-container grid gap-narrow pcols-lg-8 pcols-md-6 pcols-xs-4 pcols-ls-2 pwidth-lg-8 pwidth-md-6 pwidth-xs-3 pwidth-ls-2 is-shortcode\"\r\n\t data-product_layout=\"product-default\">\r\n\r\n<li class=\"product-col product-default product type-product post-70741 status-publish first instock product_cat-subwoofers_fr_FR product_cat-auto_fr_FR has-post-thumbnail featured taxable shipping-taxable purchasable product-type-simple\">\r\n<div class=\"product-inner\">\r\n\t\r\n\t<div class=\"product-image\">\r\n\r\n\t\t<a  href=\"https:\/\/www.calibereurope.com\/fr\/produit\/BC112SA-fr_FR\/\" aria-label=\"product\">\r\n\t\t\t<div class=\"labels\"><div class=\"onhot\">Hot<\/div><\/div><div data-link=\"https:\/\/www.calibereurope.com\/fr\/panier-dachat\/\" class=\"viewcart viewcart-70741\" title=\"Voir le panier\"><\/div><div class=\"inner img-effect\"><img loading=\"lazy\" decoding=\"async\" width=\"300\" height=\"225\" src=\"https:\/\/www.calibereurope.com\/wp-content\/uploads\/2026\/04\/199d0629f22e02e6ab9f8c2a5687bd64afb8002a_BC112SA_Prime-300x225.jpg\" class=\"attachment-woocommerce_thumbnail size-woocommerce_thumbnail\" alt=\"\" \/><img loading=\"lazy\" decoding=\"async\" width=\"300\" height=\"225\" src=\"https:\/\/www.calibereurope.com\/wp-content\/uploads\/2026\/04\/fcc0876c8a51939089b6e4538edbfca6a2e90ad9_BC112SA_Prime_Amp-300x225.jpg\" class=\"hover-image\" alt=\"\" \/><\/div>\t\t<\/a>\r\n\t\t\t<\/div>\r\n\r\n\t<div class=\"product-content\">\r\n\t\t\r\n\t\t\t<a class=\"product-loop-title\"  href=\"https:\/\/www.calibereurope.com\/fr\/produit\/BC112SA-fr_FR\/\">\r\n\t<h3 class=\"woocommerce-loop-product__title\">Subwoofer avec Amplificateur int\u00e9gr\u00e9 600 Watt &#8211; Woofer 30 cm &#8211; Filtre 25 \u00e0 3500 Hz &#8211; RCA (BC112SA)<\/h3>\t<\/a>\r\n\t\r\n\t\t\r\n\r\n<div class=\"rating-wrap\">\r\n\t<div class=\"rating-content\"><div class=\"star-rating\" title=\"5.00\"><span style=\"width:100%\"><strong class=\"rating\">5.00<\/strong> out of 5<\/span><\/div><\/div>\r\n<\/div>\r\n\r\n\n\t<span class=\"price\"><span class=\"woocommerce-Price-amount amount\"><bdi><span class=\"woocommerce-Price-currencySymbol\"><\/span>109,00<\/bdi><\/span><\/span>\n\r\n\t\t<div class=\"add-links-wrap\">\r\n\t<div class=\"add-links no-effect clearfix\">\r\n\t\t<a href=\"?add-to-cart=70741\" aria-describedby=\"woocommerce_loop_add_to_cart_link_describedby_70741\" data-quantity=\"1\" class=\"viewcart-style-1 button product_type_simple add_to_cart_button ajax_add_to_cart\" data-product_id=\"70741\" data-product_sku=\"BC112SA\" aria-label=\"Ajouter au panier\u00a0: &ldquo;Subwoofer avec Amplificateur int\u00e9gr\u00e9 600 Watt - Woofer 30 cm - Filtre 25 \u00e0 3500 Hz - RCA (BC112SA)&rdquo;\" rel=\"nofollow\" data-success_message=\"\u00ab\u00a0Subwoofer avec Amplificateur int\u00e9gr\u00e9 600 Watt - Woofer 30 cm - Filtre 25 \u00e0 3500 Hz - RCA (BC112SA)\u00a0\u00bb a \u00e9t\u00e9 ajout\u00e9 \u00e0 votre panier\"><\/a>\t\t<span id=\"woocommerce_loop_add_to_cart_link_describedby_70741\" class=\"screen-reader-text\">\r\n\t\t\t<\/span>\r\n\t\t\t<\/div>\r\n\t<\/div>\r\n<span class=\"gtm4wp_productdata\" style=\"display:none; visibility:hidden;\" data-gtm4wp_product_data=\"{&quot;internal_id&quot;:70741,&quot;item_id&quot;:70741,&quot;item_name&quot;:&quot;Subwoofer avec Amplificateur int\\u00e9gr\\u00e9 600 Watt - Woofer 30 cm - Filtre 25 \\u00e0 3500 Hz - RCA (BC112SA)&quot;,&quot;sku&quot;:&quot;BC112SA&quot;,&quot;price&quot;:109,&quot;stocklevel&quot;:374,&quot;stockstatus&quot;:&quot;instock&quot;,&quot;google_business_vertical&quot;:&quot;retail&quot;,&quot;item_category&quot;:&quot;Subwoofers&quot;,&quot;id&quot;:70741,&quot;productlink&quot;:&quot;https:\\\/\\\/www.calibereurope.com\\\/fr\\\/produit\\\/BC112SA-fr_FR\\\/&quot;,&quot;item_list_name&quot;:&quot;Produits mis en avant&quot;,&quot;index&quot;:1,&quot;product_type&quot;:&quot;simple&quot;,&quot;item_brand&quot;:&quot;&quot;}\"><\/span>\t<\/div>\r\n<\/div>\r\n\r\n<\/li>\r\n\r\n<li class=\"product-col product-default product type-product post-69753 status-publish instock product_cat-wekker_radios_fr_FR product_cat-wonen_fr_FR has-post-thumbnail featured taxable shipping-taxable purchasable product-type-simple\">\r\n<div class=\"product-inner\">\r\n\t\r\n\t<div class=\"product-image\">\r\n\r\n\t\t<a  href=\"https:\/\/www.calibereurope.com\/fr\/produit\/HCG006-fr_FR\/\" aria-label=\"product\">\r\n\t\t\t<div class=\"labels\"><div class=\"onhot\">Hot<\/div><\/div><div data-link=\"https:\/\/www.calibereurope.com\/fr\/panier-dachat\/\" class=\"viewcart viewcart-69753\" title=\"Voir le panier\"><\/div><div class=\"inner\"><img loading=\"lazy\" decoding=\"async\" width=\"300\" height=\"225\" src=\"https:\/\/www.calibereurope.com\/wp-content\/uploads\/2026\/04\/01de54635f9df388f0f2e80880103dffa882b748_HCG006_top_right-2-300x225.jpg\" class=\"attachment-woocommerce_thumbnail size-woocommerce_thumbnail\" alt=\"\" \/><\/div>\t\t<\/a>\r\n\t\t\t<\/div>\r\n\r\n\t<div class=\"product-content\">\r\n\t\t\r\n\t\t\t<a class=\"product-loop-title\"  href=\"https:\/\/www.calibereurope.com\/fr\/produit\/HCG006-fr_FR\/\">\r\n\t<h3 class=\"woocommerce-loop-product__title\">R\u00e9veil num\u00e9rique avec fonction snooze &#8211; Double alarme &#8211; Grand \u00e9cran rouge &#8211; Design \u00e9l\u00e9gant (HCG006)<\/h3>\t<\/a>\r\n\t\r\n\t\t\r\n\r\n<div class=\"rating-wrap\">\r\n\t<div class=\"rating-content\"><div class=\"star-rating\" title=\"4.85\"><span style=\"width:97%\"><strong class=\"rating\">4.85<\/strong> out of 5<\/span><\/div><\/div>\r\n<\/div>\r\n\r\n\n\t<span class=\"price\"><span class=\"woocommerce-Price-amount amount\"><bdi><span class=\"woocommerce-Price-currencySymbol\"><\/span>22,00<\/bdi><\/span><\/span>\n\r\n\t\t<div class=\"add-links-wrap\">\r\n\t<div class=\"add-links no-effect clearfix\">\r\n\t\t<a href=\"?add-to-cart=69753\" aria-describedby=\"woocommerce_loop_add_to_cart_link_describedby_69753\" data-quantity=\"1\" class=\"viewcart-style-1 button product_type_simple add_to_cart_button ajax_add_to_cart\" data-product_id=\"69753\" data-product_sku=\"HCG006\" aria-label=\"Ajouter au panier\u00a0: &ldquo;R\u00e9veil num\u00e9rique avec fonction snooze - Double alarme - Grand \u00e9cran rouge - Design \u00e9l\u00e9gant (HCG006)&rdquo;\" rel=\"nofollow\" data-success_message=\"\u00ab\u00a0R\u00e9veil num\u00e9rique avec fonction snooze - Double alarme - Grand \u00e9cran rouge - Design \u00e9l\u00e9gant (HCG006)\u00a0\u00bb a \u00e9t\u00e9 ajout\u00e9 \u00e0 votre panier\"><\/a>\t\t<span id=\"woocommerce_loop_add_to_cart_link_describedby_69753\" class=\"screen-reader-text\">\r\n\t\t\t<\/span>\r\n\t\t\t<\/div>\r\n\t<\/div>\r\n<span class=\"gtm4wp_productdata\" style=\"display:none; visibility:hidden;\" data-gtm4wp_product_data=\"{&quot;internal_id&quot;:69753,&quot;item_id&quot;:69753,&quot;item_name&quot;:&quot;R\\u00e9veil num\\u00e9rique avec fonction snooze - Double alarme - Grand \\u00e9cran rouge - Design \\u00e9l\\u00e9gant (HCG006)&quot;,&quot;sku&quot;:&quot;HCG006&quot;,&quot;price&quot;:22,&quot;stocklevel&quot;:1952,&quot;stockstatus&quot;:&quot;instock&quot;,&quot;google_business_vertical&quot;:&quot;retail&quot;,&quot;item_category&quot;:&quot;R\\u00e9veil (radios)&quot;,&quot;id&quot;:69753,&quot;productlink&quot;:&quot;https:\\\/\\\/www.calibereurope.com\\\/fr\\\/produit\\\/HCG006-fr_FR\\\/&quot;,&quot;item_list_name&quot;:&quot;Produits mis en avant&quot;,&quot;index&quot;:2,&quot;product_type&quot;:&quot;simple&quot;,&quot;item_brand&quot;:&quot;&quot;}\"><\/span>\t<\/div>\r\n<\/div>\r\n\r\n<\/li>\r\n\r\n<li class=\"product-col product-default product type-product post-81633 status-publish instock product_cat-radios_geluid_fr_FR product_cat-geluid_fr_FR has-post-thumbnail featured taxable shipping-taxable purchasable product-type-simple\">\r\n<div class=\"product-inner\">\r\n\t\r\n\t<div class=\"product-image\">\r\n\r\n\t\t<a  href=\"https:\/\/www.calibereurope.com\/fr\/produit\/HPG317R-fr_FR\/\" aria-label=\"product\">\r\n\t\t\t<div class=\"labels\"><div class=\"onhot\">Hot<\/div><\/div><div data-link=\"https:\/\/www.calibereurope.com\/fr\/panier-dachat\/\" class=\"viewcart viewcart-81633\" title=\"Voir le panier\"><\/div><div class=\"inner\"><img loading=\"lazy\" decoding=\"async\" width=\"300\" height=\"225\" src=\"https:\/\/www.calibereurope.com\/wp-content\/uploads\/2026\/01\/613967de50ff27825ef8af8cb3c4ed4216e1a56d_HPG317R-300x225.jpg\" class=\"attachment-woocommerce_thumbnail size-woocommerce_thumbnail\" alt=\"\" \/><\/div>\t\t<\/a>\r\n\t\t\t<\/div>\r\n\r\n\t<div class=\"product-content\">\r\n\t\t\r\n\t\t\t<a class=\"product-loop-title\"  href=\"https:\/\/www.calibereurope.com\/fr\/produit\/HPG317R-fr_FR\/\">\r\n\t<h3 class=\"woocommerce-loop-product__title\">Radio Portable &#8211; Piles ou Cordon d&#8217;Alimentation &#8211; Radio AM\/FM avec Poign\u00e9e et Prise casque (HPG317R)<\/h3>\t<\/a>\r\n\t\r\n\t\t\r\n\r\n<div class=\"rating-wrap\">\r\n\t<div class=\"rating-content\"><div class=\"star-rating\" title=\"5.00\"><span style=\"width:100%\"><strong class=\"rating\">5.00<\/strong> out of 5<\/span><\/div><\/div>\r\n<\/div>\r\n\r\n\n\t<span class=\"price\"><span class=\"woocommerce-Price-amount amount\"><bdi><span class=\"woocommerce-Price-currencySymbol\"><\/span>29,95<\/bdi><\/span><\/span>\n\r\n\t\t<div class=\"add-links-wrap\">\r\n\t<div class=\"add-links no-effect clearfix\">\r\n\t\t<a href=\"?add-to-cart=81633\" aria-describedby=\"woocommerce_loop_add_to_cart_link_describedby_81633\" data-quantity=\"1\" class=\"viewcart-style-1 button product_type_simple add_to_cart_button ajax_add_to_cart\" data-product_id=\"81633\" data-product_sku=\"HPG317R\" aria-label=\"Ajouter au panier\u00a0: &ldquo;Radio Portable - Piles ou Cordon d&#039;Alimentation - Radio AM\/FM avec Poign\u00e9e et Prise casque (HPG317R)&rdquo;\" rel=\"nofollow\" data-success_message=\"\u00ab\u00a0Radio Portable - Piles ou Cordon d&#039;Alimentation - Radio AM\/FM avec Poign\u00e9e et Prise casque (HPG317R)\u00a0\u00bb a \u00e9t\u00e9 ajout\u00e9 \u00e0 votre panier\"><\/a>\t\t<span id=\"woocommerce_loop_add_to_cart_link_describedby_81633\" class=\"screen-reader-text\">\r\n\t\t\t<\/span>\r\n\t\t\t<\/div>\r\n\t<\/div>\r\n<span class=\"gtm4wp_productdata\" style=\"display:none; visibility:hidden;\" data-gtm4wp_product_data=\"{&quot;internal_id&quot;:81633,&quot;item_id&quot;:81633,&quot;item_name&quot;:&quot;Radio Portable - Piles ou Cordon d&#039;Alimentation - Radio AM\\\/FM avec Poign\\u00e9e et Prise casque (HPG317R)&quot;,&quot;sku&quot;:&quot;HPG317R&quot;,&quot;price&quot;:29.95,&quot;stocklevel&quot;:497,&quot;stockstatus&quot;:&quot;instock&quot;,&quot;google_business_vertical&quot;:&quot;retail&quot;,&quot;item_category&quot;:&quot;Radios&quot;,&quot;id&quot;:81633,&quot;productlink&quot;:&quot;https:\\\/\\\/www.calibereurope.com\\\/fr\\\/produit\\\/HPG317R-fr_FR\\\/&quot;,&quot;item_list_name&quot;:&quot;Produits mis en avant&quot;,&quot;index&quot;:3,&quot;product_type&quot;:&quot;simple&quot;,&quot;item_brand&quot;:&quot;&quot;}\"><\/span>\t<\/div>\r\n<\/div>\r\n\r\n<\/li>\r\n\r\n<li class=\"product-col product-default product type-product post-219524 status-publish instock product_cat-multimedia_en_GB product_cat-multimedia_fr_FR product_cat-geluid_fr_FR product_cat-geluid_en_GB has-post-thumbnail featured taxable shipping-taxable purchasable product-type-simple\">\r\n<div class=\"product-inner\">\r\n\t\r\n\t<div class=\"product-image\">\r\n\r\n\t\t<a  href=\"https:\/\/www.calibereurope.com\/fr\/produit\/PMT061BT-en_GB\/\" aria-label=\"product\">\r\n\t\t\t<div class=\"labels\"><div class=\"onhot\">Hot<\/div><\/div><div data-link=\"https:\/\/www.calibereurope.com\/fr\/panier-dachat\/\" class=\"viewcart viewcart-219524\" title=\"Voir le panier\"><\/div><div class=\"inner img-effect\"><img loading=\"lazy\" decoding=\"async\" width=\"300\" height=\"225\" src=\"https:\/\/www.calibereurope.com\/wp-content\/uploads\/2026\/01\/35fee6e16ddb5797aac0ba10094973a60e069d47_PMT061BT-1-300x225.jpg\" class=\"attachment-woocommerce_thumbnail size-woocommerce_thumbnail\" alt=\"\" \/><img loading=\"lazy\" decoding=\"async\" width=\"300\" height=\"225\" src=\"https:\/\/www.calibereurope.com\/wp-content\/uploads\/2026\/01\/09165475867fc798a2d6459331c7b1dc17e41014_PMT061BT_fakir-300x225.jpg\" class=\"hover-image\" alt=\"\" \/><\/div>\t\t<\/a>\r\n\t\t\t<\/div>\r\n\r\n\t<div class=\"product-content\">\r\n\t\t\r\n\t\t\t<a class=\"product-loop-title\"  href=\"https:\/\/www.calibereurope.com\/fr\/produit\/PMT061BT-en_GB\/\">\r\n\t<h3 class=\"woocommerce-loop-product__title\">Bluetooth receiver for car radio &#8211; Hands -free calling &#8211; AUX &#8211; Car Kit for Auto &#8211; A2DP, AVRCP (PMT061BT)<\/h3>\t<\/a>\r\n\t\r\n\t\t\r\n\r\n<div class=\"rating-wrap\">\r\n\t<div class=\"rating-content\"><div class=\"star-rating\" title=\"4.22\"><span style=\"width:84.4%\"><strong class=\"rating\">4.22<\/strong> out of 5<\/span><\/div><\/div>\r\n<\/div>\r\n\r\n\n\t<span class=\"price\"><span class=\"woocommerce-Price-amount amount\"><bdi><span class=\"woocommerce-Price-currencySymbol\"><\/span>20,00<\/bdi><\/span><\/span>\n\r\n\t\t<div class=\"add-links-wrap\">\r\n\t<div class=\"add-links no-effect clearfix\">\r\n\t\t<a href=\"?add-to-cart=219524\" aria-describedby=\"woocommerce_loop_add_to_cart_link_describedby_219524\" data-quantity=\"1\" class=\"viewcart-style-1 button product_type_simple add_to_cart_button ajax_add_to_cart\" data-product_id=\"219524\" data-product_sku=\"PMT061BT\" aria-label=\"Ajouter au panier\u00a0: &ldquo;Bluetooth receiver for car radio - Hands -free calling - AUX - Car Kit for Auto - A2DP, AVRCP (PMT061BT)&rdquo;\" rel=\"nofollow\" data-success_message=\"\u00ab\u00a0Bluetooth receiver for car radio - Hands -free calling - AUX - Car Kit for Auto - A2DP, AVRCP (PMT061BT)\u00a0\u00bb a \u00e9t\u00e9 ajout\u00e9 \u00e0 votre panier\"><\/a>\t\t<span id=\"woocommerce_loop_add_to_cart_link_describedby_219524\" class=\"screen-reader-text\">\r\n\t\t\t<\/span>\r\n\t\t\t<\/div>\r\n\t<\/div>\r\n<span class=\"gtm4wp_productdata\" style=\"display:none; visibility:hidden;\" data-gtm4wp_product_data=\"{&quot;internal_id&quot;:219524,&quot;item_id&quot;:219524,&quot;item_name&quot;:&quot;Bluetooth receiver for car radio - Hands -free calling - AUX - Car Kit for Auto - A2DP, AVRCP (PMT061BT)&quot;,&quot;sku&quot;:&quot;PMT061BT&quot;,&quot;price&quot;:20,&quot;stocklevel&quot;:1307,&quot;stockstatus&quot;:&quot;instock&quot;,&quot;google_business_vertical&quot;:&quot;retail&quot;,&quot;item_category&quot;:&quot;Multim\\u00e9dia&quot;,&quot;id&quot;:219524,&quot;productlink&quot;:&quot;https:\\\/\\\/www.calibereurope.com\\\/fr\\\/produit\\\/PMT061BT-en_GB\\\/&quot;,&quot;item_list_name&quot;:&quot;Produits mis en avant&quot;,&quot;index&quot;:4,&quot;product_type&quot;:&quot;simple&quot;,&quot;item_brand&quot;:&quot;&quot;}\"><\/span>\t<\/div>\r\n<\/div>\r\n\r\n<\/li>\r\n<\/ul>\r\n<\/div>[vc_separator][\/vc_column][\/vc_row]<\/p>\n<\/div>","protected":false},"excerpt":{"rendered":"<p>[vc_row][vc_column][vc_separator][vc_separator][\/vc_column][\/vc_row]<\/p>\n","protected":false},"author":1,"featured_media":0,"parent":0,"menu_order":0,"comment_status":"closed","ping_status":"closed","template":"","meta":{"inline_featured_image":false,"footnotes":""},"class_list":["post-41205","page","type-page","status-publish","hentry"],"yoast_head":"<!-- This site is optimized with the Yoast SEO plugin v24.4 - https:\/\/yoast.com\/wordpress\/plugins\/seo\/ -->\n<title>Panier d&#039;achat | Caliber<\/title>\n<meta name=\"robots\" content=\"index, follow, max-snippet:-1, max-image-preview:large, max-video-preview:-1\" \/>\n<link rel=\"canonical\" href=\"https:\/\/www.calibereurope.com\/fr\/panier-dachat\/\" \/>\n<meta property=\"og:locale\" content=\"fr_FR\" \/>\n<meta property=\"og:type\" content=\"article\" \/>\n<meta property=\"og:title\" content=\"Panier d&#039;achat | Caliber\" \/>\n<meta property=\"og:description\" content=\"[vc_row][vc_column][vc_separator][vc_separator][\/vc_column][\/vc_row]\" \/>\n<meta property=\"og:url\" content=\"https:\/\/www.calibereurope.com\/fr\/panier-dachat\/\" \/>\n<meta property=\"og:site_name\" content=\"Caliber\" \/>\n<meta property=\"article:publisher\" content=\"https:\/\/facebook.com\/CaliberEurope\/\" \/>\n<meta property=\"article:modified_time\" content=\"2023-03-29T05:57:44+00:00\" \/>\n<meta property=\"og:image\" content=\"https:\/\/www.calibereurope.com\/wp-content\/uploads\/2023\/05\/Caliber-logo-opengraphs.jpg\" \/>\n\t<meta property=\"og:image:width\" content=\"1050\" \/>\n\t<meta property=\"og:image:height\" content=\"525\" \/>\n\t<meta property=\"og:image:type\" content=\"image\/jpeg\" \/>\n<meta name=\"twitter:card\" content=\"summary_large_image\" \/>\n<meta name=\"twitter:site\" content=\"@calibereurope\" \/>\n<meta name=\"twitter:label1\" content=\"Dur\u00e9e de lecture estim\u00e9e\" \/>\n\t<meta name=\"twitter:data1\" content=\"1 minute\" \/>\n<script type=\"application\/ld+json\" class=\"yoast-schema-graph\">{\"@context\":\"https:\/\/schema.org\",\"@graph\":[{\"@type\":\"WebPage\",\"@id\":\"https:\/\/www.calibereurope.com\/fr\/panier-dachat\/\",\"url\":\"https:\/\/www.calibereurope.com\/fr\/panier-dachat\/\",\"name\":\"Panier d'achat | Caliber\",\"isPartOf\":{\"@id\":\"https:\/\/www.calibereurope.com\/fr\/#website\"},\"datePublished\":\"2020-05-29T06:39:49+00:00\",\"dateModified\":\"2023-03-29T05:57:44+00:00\",\"breadcrumb\":{\"@id\":\"https:\/\/www.calibereurope.com\/fr\/panier-dachat\/#breadcrumb\"},\"inLanguage\":\"fr-FR\",\"potentialAction\":[{\"@type\":\"ReadAction\",\"target\":[\"https:\/\/www.calibereurope.com\/fr\/panier-dachat\/\"]}]},{\"@type\":\"BreadcrumbList\",\"@id\":\"https:\/\/www.calibereurope.com\/fr\/panier-dachat\/#breadcrumb\",\"itemListElement\":[{\"@type\":\"ListItem\",\"position\":1,\"name\":\"Home\",\"item\":\"https:\/\/www.calibereurope.com\/fr\/\"},{\"@type\":\"ListItem\",\"position\":2,\"name\":\"Panier d&#8217;achat\"}]},{\"@type\":\"WebSite\",\"@id\":\"https:\/\/www.calibereurope.com\/fr\/#website\",\"url\":\"https:\/\/www.calibereurope.com\/fr\/\",\"name\":\"Caliber\",\"description\":\"Sounds good!\",\"publisher\":{\"@id\":\"https:\/\/www.calibereurope.com\/fr\/#organization\"},\"potentialAction\":[{\"@type\":\"SearchAction\",\"target\":{\"@type\":\"EntryPoint\",\"urlTemplate\":\"https:\/\/www.calibereurope.com\/fr\/?s={search_term_string}\"},\"query-input\":{\"@type\":\"PropertyValueSpecification\",\"valueRequired\":true,\"valueName\":\"search_term_string\"}}],\"inLanguage\":\"fr-FR\"},{\"@type\":\"Organization\",\"@id\":\"https:\/\/www.calibereurope.com\/fr\/#organization\",\"name\":\"Caliber Europe B.V.\",\"url\":\"https:\/\/www.calibereurope.com\/fr\/\",\"logo\":{\"@type\":\"ImageObject\",\"inLanguage\":\"fr-FR\",\"@id\":\"https:\/\/www.calibereurope.com\/fr\/#\/schema\/logo\/image\/\",\"url\":\"https:\/\/www.calibereurope.com\/wp-content\/uploads\/2019\/11\/Logo-Caliber-e1574846289621.png\",\"contentUrl\":\"https:\/\/www.calibereurope.com\/wp-content\/uploads\/2019\/11\/Logo-Caliber-e1574846289621.png\",\"width\":400,\"height\":69,\"caption\":\"Caliber Europe B.V.\"},\"image\":{\"@id\":\"https:\/\/www.calibereurope.com\/fr\/#\/schema\/logo\/image\/\"},\"sameAs\":[\"https:\/\/facebook.com\/CaliberEurope\/\",\"https:\/\/x.com\/calibereurope\",\"https:\/\/www.instagram.com\/calibereurope\/\"]}]}<\/script>\n<!-- \/ Yoast SEO plugin. -->","yoast_head_json":{"title":"Panier d'achat | Caliber","robots":{"index":"index","follow":"follow","max-snippet":"max-snippet:-1","max-image-preview":"max-image-preview:large","max-video-preview":"max-video-preview:-1"},"canonical":"https:\/\/www.calibereurope.com\/fr\/panier-dachat\/","og_locale":"fr_FR","og_type":"article","og_title":"Panier d'achat | Caliber","og_description":"[vc_row][vc_column][vc_separator][vc_separator][\/vc_column][\/vc_row]","og_url":"https:\/\/www.calibereurope.com\/fr\/panier-dachat\/","og_site_name":"Caliber","article_publisher":"https:\/\/facebook.com\/CaliberEurope\/","article_modified_time":"2023-03-29T05:57:44+00:00","og_image":[{"width":1050,"height":525,"url":"https:\/\/www.calibereurope.com\/wp-content\/uploads\/2023\/05\/Caliber-logo-opengraphs.jpg","type":"image\/jpeg"}],"twitter_card":"summary_large_image","twitter_site":"@calibereurope","twitter_misc":{"Dur\u00e9e de lecture estim\u00e9e":"1 minute"},"schema":{"@context":"https:\/\/schema.org","@graph":[{"@type":"WebPage","@id":"https:\/\/www.calibereurope.com\/fr\/panier-dachat\/","url":"https:\/\/www.calibereurope.com\/fr\/panier-dachat\/","name":"Panier d'achat | Caliber","isPartOf":{"@id":"https:\/\/www.calibereurope.com\/fr\/#website"},"datePublished":"2020-05-29T06:39:49+00:00","dateModified":"2023-03-29T05:57:44+00:00","breadcrumb":{"@id":"https:\/\/www.calibereurope.com\/fr\/panier-dachat\/#breadcrumb"},"inLanguage":"fr-FR","potentialAction":[{"@type":"ReadAction","target":["https:\/\/www.calibereurope.com\/fr\/panier-dachat\/"]}]},{"@type":"BreadcrumbList","@id":"https:\/\/www.calibereurope.com\/fr\/panier-dachat\/#breadcrumb","itemListElement":[{"@type":"ListItem","position":1,"name":"Home","item":"https:\/\/www.calibereurope.com\/fr\/"},{"@type":"ListItem","position":2,"name":"Panier d&#8217;achat"}]},{"@type":"WebSite","@id":"https:\/\/www.calibereurope.com\/fr\/#website","url":"https:\/\/www.calibereurope.com\/fr\/","name":"Caliber","description":"Sounds good!","publisher":{"@id":"https:\/\/www.calibereurope.com\/fr\/#organization"},"potentialAction":[{"@type":"SearchAction","target":{"@type":"EntryPoint","urlTemplate":"https:\/\/www.calibereurope.com\/fr\/?s={search_term_string}"},"query-input":{"@type":"PropertyValueSpecification","valueRequired":true,"valueName":"search_term_string"}}],"inLanguage":"fr-FR"},{"@type":"Organization","@id":"https:\/\/www.calibereurope.com\/fr\/#organization","name":"Caliber Europe B.V.","url":"https:\/\/www.calibereurope.com\/fr\/","logo":{"@type":"ImageObject","inLanguage":"fr-FR","@id":"https:\/\/www.calibereurope.com\/fr\/#\/schema\/logo\/image\/","url":"https:\/\/www.calibereurope.com\/wp-content\/uploads\/2019\/11\/Logo-Caliber-e1574846289621.png","contentUrl":"https:\/\/www.calibereurope.com\/wp-content\/uploads\/2019\/11\/Logo-Caliber-e1574846289621.png","width":400,"height":69,"caption":"Caliber Europe B.V."},"image":{"@id":"https:\/\/www.calibereurope.com\/fr\/#\/schema\/logo\/image\/"},"sameAs":["https:\/\/facebook.com\/CaliberEurope\/","https:\/\/x.com\/calibereurope","https:\/\/www.instagram.com\/calibereurope\/"]}]}},"_links":{"self":[{"href":"https:\/\/www.calibereurope.com\/fr\/wp-json\/wp\/v2\/pages\/41205","targetHints":{"allow":["GET"]}}],"collection":[{"href":"https:\/\/www.calibereurope.com\/fr\/wp-json\/wp\/v2\/pages"}],"about":[{"href":"https:\/\/www.calibereurope.com\/fr\/wp-json\/wp\/v2\/types\/page"}],"author":[{"embeddable":true,"href":"https:\/\/www.calibereurope.com\/fr\/wp-json\/wp\/v2\/users\/1"}],"replies":[{"embeddable":true,"href":"https:\/\/www.calibereurope.com\/fr\/wp-json\/wp\/v2\/comments?post=41205"}],"version-history":[{"count":4,"href":"https:\/\/www.calibereurope.com\/fr\/wp-json\/wp\/v2\/pages\/41205\/revisions"}],"predecessor-version":[{"id":1480800,"href":"https:\/\/www.calibereurope.com\/fr\/wp-json\/wp\/v2\/pages\/41205\/revisions\/1480800"}],"wp:attachment":[{"href":"https:\/\/www.calibereurope.com\/fr\/wp-json\/wp\/v2\/media?parent=41205"}],"curies":[{"name":"wp","href":"https:\/\/api.w.org\/{rel}","templated":true}]}}