{"id":1013388,"date":"2025-10-27T01:00:00","date_gmt":"2025-10-27T00:00:00","guid":{"rendered":""},"modified":"2026-02-25T15:47:36","modified_gmt":"2026-02-25T14:47:36","slug":"M-DL7000D-fr_FR","status":"publish","type":"product","link":"https:\/\/www.calibereurope.com\/fr\/produit\/M-DL7000D-fr_FR\/","title":{"rendered":"Macrom M-DL7000D- Autoradio Double Din 4x40W avec \u00c9cran 6,8 pouces CarPlay Android Auto"},"content":{"rendered":"<p>Le M-DL7000D est un autoradio double din 4x40Watt avec \u00e9cran 6,8 pouces avec CarPlay, Android Auto et navigation en ligne.<br \/>Con\u00e7u pour ceux qui veulent une int\u00e9gration parfaite du smartphone avec le syst\u00e8me d&#39;infodivertissement. Le M-DL7000D vous permet de connecter la derni\u00e8re g\u00e9n\u00e9ration de smartphones via CarPlay\u2122 et<br \/>Android Auto \u2122. <br \/> Le M-DL7000 est \u00e9quip\u00e9 de la radio DAB \/ DAB+, de la radio FM avec rds, TP et AF. Pour la r\u00e9ception DAB\/DAB+, une antenne DAB est n\u00e9cessaire, elle est livr\u00e9e en standard avec un adaptateur fakra.<\/p>\n<p>Bluetooth :<br \/> Le M-DL7000D est \u00e9quip\u00e9 de Bluetooth pour appeler et \u00e9couter de la musique, pour appeler un carnet d&#39;adresses est possible <\/p>\n<p>Fonctionnalit\u00e9s suppl\u00e9mentaires :<br \/> Pour faciliter le stationnement, une cam\u00e9ra de recul en option peut \u00eatre connect\u00e9e. Il est \u00e9galement possible de connecter des commandes au volant si votre voiture en est \u00e9quip\u00e9e <br \/> Gr\u00e2ce \u00e0 l&#39;USB, vous pouvez facilement lire votre musique ou vos vid\u00e9os. L&#39;USB prend en charge les formats audio : MP3 \/ WMA \/ FLAC et formats vid\u00e9o : MPEG \/ AVI \/ DIVX \/ JPG <br \/> L&#39;appareil dispose \u00e9galement de 4 sorties rca et d&#39;une sortie subwoofer, la fr\u00e9quence de la sortie subwoofer est r\u00e9glable depuis l&#39;appareil.<\/p>\n","protected":false},"excerpt":{"rendered":"<p>Le M-DL7000D est un autoradio double din 4x40Watt avec \u00e9cran 6,8 pouces avec CarPlay, Android Auto et navigation en ligne.Con\u00e7u pour ceux qui veulent une int\u00e9gration parfaite du smartphone avec le syst\u00e8me d&#39;infodivertissement. Le M-DL7000D vous permet de connecter la derni\u00e8re g\u00e9n\u00e9ration de smartphones via CarPlay\u2122 etAndroid Auto \u2122. Le M-DL7000 est \u00e9quip\u00e9 de la [&hellip;]<\/p>\n","protected":false},"featured_media":1679759,"comment_status":"open","ping_status":"closed","template":"","meta":{"inline_featured_image":false},"product_brand":[],"product_cat":[7806,7767],"product_tag":[],"class_list":{"0":"post-1013388","1":"product","2":"type-product","3":"status-publish","4":"has-post-thumbnail","6":"product_cat-radios_auto_fr_FR","7":"product_cat-auto_fr_FR","9":"first","10":"instock","11":"taxable","12":"shipping-taxable","13":"purchasable","14":"product-type-simple"},"yoast_head":"<!-- This site is optimized with the Yoast SEO plugin v24.4 - https:\/\/yoast.com\/wordpress\/plugins\/seo\/ -->\n<title>Macrom M-DL7000D- Autoradio Double Din 4x40W avec \u00c9cran 6,8 pouces CarPlay Android Auto | Caliber<\/title>\n<meta name=\"robots\" content=\"index, follow, max-snippet:-1, max-image-preview:large, max-video-preview:-1\" \/>\n<link rel=\"canonical\" href=\"https:\/\/www.calibereurope.com\/fr\/produit\/M-DL7000D-fr_FR\/\" \/>\n<meta property=\"og:locale\" content=\"fr_FR\" \/>\n<meta property=\"og:type\" content=\"article\" \/>\n<meta property=\"og:title\" content=\"Macrom M-DL7000D- Autoradio Double Din 4x40W avec \u00c9cran 6,8 pouces CarPlay Android Auto | Caliber\" \/>\n<meta property=\"og:description\" content=\"Le M-DL7000D est un autoradio double din 4x40Watt avec \u00e9cran 6,8 pouces avec CarPlay, Android Auto et navigation en ligne.Con\u00e7u pour ceux qui veulent une int\u00e9gration parfaite du smartphone avec le syst\u00e8me d&#039;infodivertissement. Le M-DL7000D vous permet de connecter la derni\u00e8re g\u00e9n\u00e9ration de smartphones via CarPlay\u2122 etAndroid Auto \u2122. Le M-DL7000 est \u00e9quip\u00e9 de la [&hellip;]\" \/>\n<meta property=\"og:url\" content=\"https:\/\/www.calibereurope.com\/fr\/produit\/M-DL7000D-fr_FR\/\" \/>\n<meta property=\"og:site_name\" content=\"Caliber\" \/>\n<meta property=\"article:publisher\" content=\"https:\/\/facebook.com\/CaliberEurope\/\" \/>\n<meta property=\"article:modified_time\" content=\"2026-02-25T14:47:36+00:00\" \/>\n<meta property=\"og:image\" content=\"https:\/\/www.calibereurope.com\/wp-content\/uploads\/2022\/12\/10bba0cd9f1b69fd78816ff840f2f088243a6d7b_M_DL7000_lato.png\" \/>\n\t<meta property=\"og:image:width\" content=\"1000\" \/>\n\t<meta property=\"og:image:height\" content=\"740\" \/>\n\t<meta property=\"og:image:type\" content=\"image\/png\" \/>\n<meta name=\"twitter:card\" content=\"summary_large_image\" \/>\n<meta name=\"twitter:site\" content=\"@calibereurope\" \/>\n<meta name=\"twitter:label1\" content=\"Prix\" \/>\n\t<meta name=\"twitter:data1\" content=\"399,00\" \/>\n\t<meta name=\"twitter:label2\" content=\"Availability\" \/>\n\t<meta name=\"twitter:data2\" content=\"In stock\" \/>\n<script type=\"application\/ld+json\" class=\"yoast-schema-graph\">{\"@context\":\"https:\/\/schema.org\",\"@graph\":[{\"@type\":\"WebPage\",\"@id\":\"https:\/\/www.calibereurope.com\/fr\/produit\/M-DL7000D-fr_FR\/\",\"url\":\"https:\/\/www.calibereurope.com\/fr\/produit\/M-DL7000D-fr_FR\/\",\"name\":\"Macrom M-DL7000D- Autoradio Double Din 4x40W avec \u00c9cran 6,8 pouces CarPlay Android Auto | Caliber\",\"isPartOf\":{\"@id\":\"https:\/\/www.calibereurope.com\/fr\/#website\"},\"primaryImageOfPage\":{\"@id\":\"https:\/\/www.calibereurope.com\/fr\/produit\/M-DL7000D-fr_FR\/#primaryimage\"},\"image\":{\"@id\":\"https:\/\/www.calibereurope.com\/fr\/produit\/M-DL7000D-fr_FR\/#primaryimage\"},\"thumbnailUrl\":\"https:\/\/www.calibereurope.com\/wp-content\/uploads\/2025\/10\/10bba0cd9f1b69fd78816ff840f2f088243a6d7b_M_DL7000_lato.png\",\"datePublished\":\"2025-10-27T00:00:00+00:00\",\"dateModified\":\"2026-02-25T14:47:36+00:00\",\"breadcrumb\":{\"@id\":\"https:\/\/www.calibereurope.com\/fr\/produit\/M-DL7000D-fr_FR\/#breadcrumb\"},\"inLanguage\":\"fr-FR\",\"potentialAction\":[{\"@type\":\"ReadAction\",\"target\":[\"https:\/\/www.calibereurope.com\/fr\/produit\/M-DL7000D-fr_FR\/\"]}]},{\"@type\":\"ImageObject\",\"inLanguage\":\"fr-FR\",\"@id\":\"https:\/\/www.calibereurope.com\/fr\/produit\/M-DL7000D-fr_FR\/#primaryimage\",\"url\":\"https:\/\/www.calibereurope.com\/wp-content\/uploads\/2025\/10\/10bba0cd9f1b69fd78816ff840f2f088243a6d7b_M_DL7000_lato.png\",\"contentUrl\":\"https:\/\/www.calibereurope.com\/wp-content\/uploads\/2025\/10\/10bba0cd9f1b69fd78816ff840f2f088243a6d7b_M_DL7000_lato.png\",\"width\":1000,\"height\":740},{\"@type\":\"BreadcrumbList\",\"@id\":\"https:\/\/www.calibereurope.com\/fr\/produit\/M-DL7000D-fr_FR\/#breadcrumb\",\"itemListElement\":[{\"@type\":\"ListItem\",\"position\":1,\"name\":\"Home\",\"item\":\"https:\/\/www.calibereurope.com\/fr\/\"},{\"@type\":\"ListItem\",\"position\":2,\"name\":\"Boutique en ligne\",\"item\":\"https:\/\/www.calibereurope.com\/fr\/boutique-en-ligne\/\"},{\"@type\":\"ListItem\",\"position\":3,\"name\":\"Voiture\",\"item\":\"https:\/\/www.calibereurope.com\/fr\/auto_fr_FR\/\"},{\"@type\":\"ListItem\",\"position\":4,\"name\":\"Radios\",\"item\":\"https:\/\/www.calibereurope.com\/fr\/auto_fr_FR\/radios_auto_fr_FR\/\"},{\"@type\":\"ListItem\",\"position\":5,\"name\":\"Macrom M-DL7000D- Autoradio Double Din 4x40W avec \u00c9cran 6,8 pouces CarPlay Android Auto\"}]},{\"@type\":\"WebSite\",\"@id\":\"https:\/\/www.calibereurope.com\/fr\/#website\",\"url\":\"https:\/\/www.calibereurope.com\/fr\/\",\"name\":\"Caliber\",\"description\":\"Sounds good!\",\"publisher\":{\"@id\":\"https:\/\/www.calibereurope.com\/fr\/#organization\"},\"potentialAction\":[{\"@type\":\"SearchAction\",\"target\":{\"@type\":\"EntryPoint\",\"urlTemplate\":\"https:\/\/www.calibereurope.com\/fr\/?s={search_term_string}\"},\"query-input\":{\"@type\":\"PropertyValueSpecification\",\"valueRequired\":true,\"valueName\":\"search_term_string\"}}],\"inLanguage\":\"fr-FR\"},{\"@type\":\"Organization\",\"@id\":\"https:\/\/www.calibereurope.com\/fr\/#organization\",\"name\":\"Caliber Europe B.V.\",\"url\":\"https:\/\/www.calibereurope.com\/fr\/\",\"logo\":{\"@type\":\"ImageObject\",\"inLanguage\":\"fr-FR\",\"@id\":\"https:\/\/www.calibereurope.com\/fr\/#\/schema\/logo\/image\/\",\"url\":\"https:\/\/www.calibereurope.com\/wp-content\/uploads\/2019\/11\/Logo-Caliber-e1574846289621.png\",\"contentUrl\":\"https:\/\/www.calibereurope.com\/wp-content\/uploads\/2019\/11\/Logo-Caliber-e1574846289621.png\",\"width\":400,\"height\":69,\"caption\":\"Caliber Europe B.V.\"},\"image\":{\"@id\":\"https:\/\/www.calibereurope.com\/fr\/#\/schema\/logo\/image\/\"},\"sameAs\":[\"https:\/\/facebook.com\/CaliberEurope\/\",\"https:\/\/x.com\/calibereurope\",\"https:\/\/www.instagram.com\/calibereurope\/\"]}]}<\/script>\n<meta property=\"product:price:amount\" content=\"399.00\" \/>\n<meta property=\"product:price:currency\" content=\"EUR\" \/>\n<meta property=\"og:availability\" content=\"instock\" \/>\n<meta property=\"product:availability\" content=\"instock\" \/>\n<meta property=\"product:retailer_item_id\" content=\"M-DL7000D\" \/>\n<meta property=\"product:condition\" content=\"new\" \/>\n<!-- \/ Yoast SEO plugin. -->","yoast_head_json":{"title":"Macrom M-DL7000D- Autoradio Double Din 4x40W avec \u00c9cran 6,8 pouces CarPlay Android Auto | Caliber","robots":{"index":"index","follow":"follow","max-snippet":"max-snippet:-1","max-image-preview":"max-image-preview:large","max-video-preview":"max-video-preview:-1"},"canonical":"https:\/\/www.calibereurope.com\/fr\/produit\/M-DL7000D-fr_FR\/","og_locale":"fr_FR","og_type":"article","og_title":"Macrom M-DL7000D- Autoradio Double Din 4x40W avec \u00c9cran 6,8 pouces CarPlay Android Auto | Caliber","og_description":"Le M-DL7000D est un autoradio double din 4x40Watt avec \u00e9cran 6,8 pouces avec CarPlay, Android Auto et navigation en ligne.Con\u00e7u pour ceux qui veulent une int\u00e9gration parfaite du smartphone avec le syst\u00e8me d&#39;infodivertissement. Le M-DL7000D vous permet de connecter la derni\u00e8re g\u00e9n\u00e9ration de smartphones via CarPlay\u2122 etAndroid Auto \u2122. Le M-DL7000 est \u00e9quip\u00e9 de la [&hellip;]","og_url":"https:\/\/www.calibereurope.com\/fr\/produit\/M-DL7000D-fr_FR\/","og_site_name":"Caliber","article_publisher":"https:\/\/facebook.com\/CaliberEurope\/","article_modified_time":"2026-02-25T14:47:36+00:00","og_image":[{"width":1000,"height":740,"url":"https:\/\/www.calibereurope.com\/wp-content\/uploads\/2022\/12\/10bba0cd9f1b69fd78816ff840f2f088243a6d7b_M_DL7000_lato.png","type":"image\/png"}],"twitter_card":"summary_large_image","twitter_site":"@calibereurope","twitter_misc":{"Prix":"399,00","Availability":"In stock"},"schema":{"@context":"https:\/\/schema.org","@graph":[{"@type":"WebPage","@id":"https:\/\/www.calibereurope.com\/fr\/produit\/M-DL7000D-fr_FR\/","url":"https:\/\/www.calibereurope.com\/fr\/produit\/M-DL7000D-fr_FR\/","name":"Macrom M-DL7000D- Autoradio Double Din 4x40W avec \u00c9cran 6,8 pouces CarPlay Android Auto | Caliber","isPartOf":{"@id":"https:\/\/www.calibereurope.com\/fr\/#website"},"primaryImageOfPage":{"@id":"https:\/\/www.calibereurope.com\/fr\/produit\/M-DL7000D-fr_FR\/#primaryimage"},"image":{"@id":"https:\/\/www.calibereurope.com\/fr\/produit\/M-DL7000D-fr_FR\/#primaryimage"},"thumbnailUrl":"https:\/\/www.calibereurope.com\/wp-content\/uploads\/2025\/10\/10bba0cd9f1b69fd78816ff840f2f088243a6d7b_M_DL7000_lato.png","datePublished":"2025-10-27T00:00:00+00:00","dateModified":"2026-02-25T14:47:36+00:00","breadcrumb":{"@id":"https:\/\/www.calibereurope.com\/fr\/produit\/M-DL7000D-fr_FR\/#breadcrumb"},"inLanguage":"fr-FR","potentialAction":[{"@type":"ReadAction","target":["https:\/\/www.calibereurope.com\/fr\/produit\/M-DL7000D-fr_FR\/"]}]},{"@type":"ImageObject","inLanguage":"fr-FR","@id":"https:\/\/www.calibereurope.com\/fr\/produit\/M-DL7000D-fr_FR\/#primaryimage","url":"https:\/\/www.calibereurope.com\/wp-content\/uploads\/2025\/10\/10bba0cd9f1b69fd78816ff840f2f088243a6d7b_M_DL7000_lato.png","contentUrl":"https:\/\/www.calibereurope.com\/wp-content\/uploads\/2025\/10\/10bba0cd9f1b69fd78816ff840f2f088243a6d7b_M_DL7000_lato.png","width":1000,"height":740},{"@type":"BreadcrumbList","@id":"https:\/\/www.calibereurope.com\/fr\/produit\/M-DL7000D-fr_FR\/#breadcrumb","itemListElement":[{"@type":"ListItem","position":1,"name":"Home","item":"https:\/\/www.calibereurope.com\/fr\/"},{"@type":"ListItem","position":2,"name":"Boutique en ligne","item":"https:\/\/www.calibereurope.com\/fr\/boutique-en-ligne\/"},{"@type":"ListItem","position":3,"name":"Voiture","item":"https:\/\/www.calibereurope.com\/fr\/auto_fr_FR\/"},{"@type":"ListItem","position":4,"name":"Radios","item":"https:\/\/www.calibereurope.com\/fr\/auto_fr_FR\/radios_auto_fr_FR\/"},{"@type":"ListItem","position":5,"name":"Macrom M-DL7000D- Autoradio Double Din 4x40W avec \u00c9cran 6,8 pouces CarPlay Android Auto"}]},{"@type":"WebSite","@id":"https:\/\/www.calibereurope.com\/fr\/#website","url":"https:\/\/www.calibereurope.com\/fr\/","name":"Caliber","description":"Sounds good!","publisher":{"@id":"https:\/\/www.calibereurope.com\/fr\/#organization"},"potentialAction":[{"@type":"SearchAction","target":{"@type":"EntryPoint","urlTemplate":"https:\/\/www.calibereurope.com\/fr\/?s={search_term_string}"},"query-input":{"@type":"PropertyValueSpecification","valueRequired":true,"valueName":"search_term_string"}}],"inLanguage":"fr-FR"},{"@type":"Organization","@id":"https:\/\/www.calibereurope.com\/fr\/#organization","name":"Caliber Europe B.V.","url":"https:\/\/www.calibereurope.com\/fr\/","logo":{"@type":"ImageObject","inLanguage":"fr-FR","@id":"https:\/\/www.calibereurope.com\/fr\/#\/schema\/logo\/image\/","url":"https:\/\/www.calibereurope.com\/wp-content\/uploads\/2019\/11\/Logo-Caliber-e1574846289621.png","contentUrl":"https:\/\/www.calibereurope.com\/wp-content\/uploads\/2019\/11\/Logo-Caliber-e1574846289621.png","width":400,"height":69,"caption":"Caliber Europe B.V."},"image":{"@id":"https:\/\/www.calibereurope.com\/fr\/#\/schema\/logo\/image\/"},"sameAs":["https:\/\/facebook.com\/CaliberEurope\/","https:\/\/x.com\/calibereurope","https:\/\/www.instagram.com\/calibereurope\/"]}]},"product_price_amount":"399.00","product_price_currency":"EUR","og_availability":"instock","product_availability":"instock","product_retailer_item_id":"M-DL7000D","product_condition":"new"},"_links":{"self":[{"href":"https:\/\/www.calibereurope.com\/fr\/wp-json\/wp\/v2\/product\/1013388","targetHints":{"allow":["GET"]}}],"collection":[{"href":"https:\/\/www.calibereurope.com\/fr\/wp-json\/wp\/v2\/product"}],"about":[{"href":"https:\/\/www.calibereurope.com\/fr\/wp-json\/wp\/v2\/types\/product"}],"replies":[{"embeddable":true,"href":"https:\/\/www.calibereurope.com\/fr\/wp-json\/wp\/v2\/comments?post=1013388"}],"wp:featuredmedia":[{"embeddable":true,"href":"https:\/\/www.calibereurope.com\/fr\/wp-json\/wp\/v2\/media\/1679759"}],"wp:attachment":[{"href":"https:\/\/www.calibereurope.com\/fr\/wp-json\/wp\/v2\/media?parent=1013388"}],"wp:term":[{"taxonomy":"product_brand","embeddable":true,"href":"https:\/\/www.calibereurope.com\/fr\/wp-json\/wp\/v2\/product_brand?post=1013388"},{"taxonomy":"product_cat","embeddable":true,"href":"https:\/\/www.calibereurope.com\/fr\/wp-json\/wp\/v2\/product_cat?post=1013388"},{"taxonomy":"product_tag","embeddable":true,"href":"https:\/\/www.calibereurope.com\/fr\/wp-json\/wp\/v2\/product_tag?post=1013388"}],"curies":[{"name":"wp","href":"https:\/\/api.w.org\/{rel}","templated":true}]}}