{"id":1092413,"date":"2024-02-20T01:00:00","date_gmt":"2023-01-12T00:00:00","guid":{"rendered":""},"modified":"2026-02-27T08:53:53","modified_gmt":"2026-02-27T07:53:53","slug":"hpg240bt-fr_fr","status":"publish","type":"product","link":"https:\/\/www.calibereurope.com\/fr\/produit\/hpg240bt-fr_fr\/","title":{"rendered":"Enceinte Bluetooth \u00ab Travel \u00bb \u2013 Meilleure enceinte portable &#8211; AUX, SD et USB (HPG240BT)"},"content":{"rendered":"<p> Amenez l&#39;enceinte bluetooth Caliber Travel  HPG240BT \u00e0 une f\u00eate et mettez de l&#39;ambiance ! Que ce soit \u00e0 la maison, \u00e0 la plage ou au parc, la poign\u00e9e en cuir de l&#39;enceinte sans fil la rend facilement <strong>portable <\/strong> et vous pouvez l&#39;emmener partout. \u00c9coutez de la musique via <strong>Bluetooth, USB, SD ou<\/strong> <strong>AUX. <\/strong>La<strong> batterie int\u00e9gr\u00e9e <\/strong> offre <strong> jusqu&#39;\u00e0 16 heures d&#39;autonomie <\/strong>, ce qui vous permet de continuer jusqu&#39;au petit matin. La <strong> fonction d\u2019appairage TWS<\/strong> vous permet d&#39;appairer sans fil deux enceintes Bluetooth Caliber pour distribuer et amplifier le son. <\/p>\n<p> <strong> Caract\u00e9ristiques :<\/strong> <\/p>\n<ul>\n<li> Technologie Bluetooth 5.0<\/li>\n<li> Capacit\u00e9 de lecture USB<\/li>\n<li>Entr\u00e9e pour carte Micro SD Prise auxiliaire (3,5 mm)<\/li>\n<li> Jusqu&#39;\u00e0 16 heures d&#39;autonomie sans fil<\/li>\n<li> Couplez 2 enceintes \u00ab Travel \u00bb ensemble<\/li>\n<li> Poign\u00e9e en cuir pour plus de confort<\/li>\n<li> Volume total maximal des enceintes 20W <\/li>\n<\/ul>\n<h3> \u00c9coutez de la musique \u00e0 tout moment et en tout lieu <\/h3>\n<p> Vous \u00eates en d\u00e9placement ? Alors, gr\u00e2ce \u00e0 la poign\u00e9e int\u00e9gr\u00e9e, vous pouvez facilement emporter l&#39;enceinte portable avec vous pour \u00e9couter de la musique o\u00f9 que vous soyez. Gr\u00e2ce \u00e0 sa batterie int\u00e9gr\u00e9e, l&#39;enceinte Bluetooth est \u00e9galement id\u00e9ale pour une garden-party ou une pool-party. Avec une batterie enti\u00e8rement charg\u00e9e, vous pouvez profiter de vos morceaux pr\u00e9f\u00e9r\u00e9s comme musique de fond, pour chanter \u00e0 voix haute ou pour danser pendant 16 heures sans interruption.  <\/p>\n<h3> Cr\u00e9ez le son parfait gr\u00e2ce \u00e0 la meilleure enceinte Bluetooth<\/h3>\n<p> L\u2019enceinte Bluetooth a une sortie de 20 watts, ce qui permet de bien entendre la musique lors d&#39;une petite f\u00eate. M\u00eame lorsque vous utilisez l&#39;enceinte de f\u00eate \u00e0 l&#39;ext\u00e9rieur, elle offre un volume suffisant. Vous voulez jouer des rythmes puissants ou vous \u00eates nombreux ? Dans ce cas, la fonction d&#39;appairage TWS de l&#39;enceinte sans fil est id\u00e9ale. Elle vous permet de connecter facilement 2 de ces haut-parleurs Caliber Travel HPG240BT pour amplifier le son sous plusieurs angles et volumes. <\/p>\n<h3> Choisissez la fa\u00e7on dont vous voulez jouer le speaker Bluetooth<\/h3>\n<p> Gr\u00e2ce \u00e0 la technologie Bluetooth 5.0, vous pouvez facilement connecter n&#39;importe quel appareil \u00e0 cette enceinte sans fil. La batterie de votre smartphone est faible ou le bluetooth n&#39;est pas optimal pour une autre raison ? Choisissez alors USB, SD ou AUX et lisez la musique via l&#39;une de ces options de lecture. Avec cette enceinte, vous pouvez toujours \u00e9couter vos listes de hits ou podcasts pr\u00e9f\u00e9r\u00e9s !<\/p>\n<p> <strong><br \/> Inclus :<\/strong> <\/p>\n<ul>\n<li> Caliber Travel HPG240BT<\/li>\n<li> C\u00e2ble audio 3,5 mm<\/li>\n<li> C\u00e2ble de chargement Micro USB<\/li>\n<\/ul>\n<p>\u2003<\/p>\n","protected":false},"excerpt":{"rendered":"<ul>\n<li>Technologie Bluetooth 5.0<\/li>\n<li>Capacit\u00e9 de lecture USB<\/li>\n<li>Entr\u00e9e pour carte Micro SD Prise auxiliaire (3,5 mm)<\/li>\n<li>Jusqu&#8217;\u00e0 16 heures d&#8217;autonomie sans fil<\/li>\n<li>Couplez 2 enceintes \u00ab Travel \u00bb ensemble<\/li>\n<li>Poign\u00e9e en cuir pour plus de confort<\/li>\n<li>Volume total maximal des enceintes 20W<\/li>\n<\/ul>\n","protected":false},"featured_media":1451979,"comment_status":"open","ping_status":"closed","template":"","meta":{"inline_featured_image":false},"product_brand":[],"product_cat":[7875,7860],"product_tag":[],"class_list":{"0":"post-1092413","1":"product","2":"type-product","3":"status-publish","4":"has-post-thumbnail","6":"product_cat-bluetooth_speakers_geluid_fr_FR","7":"product_cat-geluid_fr_FR","9":"first","10":"outofstock","11":"taxable","12":"shipping-taxable","13":"purchasable","14":"product-type-simple"},"yoast_head":"<!-- This site is optimized with the Yoast SEO plugin v24.4 - https:\/\/yoast.com\/wordpress\/plugins\/seo\/ -->\n<title>Enceinte Bluetooth \u00ab Travel \u00bb \u2013 Meilleure enceinte portable - AUX, SD et USB (HPG240BT) | Caliber<\/title>\n<meta name=\"robots\" content=\"index, follow, max-snippet:-1, max-image-preview:large, max-video-preview:-1\" \/>\n<link rel=\"canonical\" href=\"https:\/\/www.calibereurope.com\/fr\/produit\/hpg240bt-fr_fr\/\" \/>\n<meta property=\"og:locale\" content=\"fr_FR\" \/>\n<meta property=\"og:type\" content=\"article\" \/>\n<meta property=\"og:title\" content=\"Enceinte Bluetooth \u00ab Travel \u00bb \u2013 Meilleure enceinte portable - AUX, SD et USB (HPG240BT) | Caliber\" \/>\n<meta property=\"og:description\" content=\"Technologie Bluetooth 5.0Capacit\u00e9 de lecture USBEntr\u00e9e pour carte Micro SD Prise auxiliaire (3,5 mm)Jusqu&#039;\u00e0 16 heures d&#039;autonomie sans filCouplez 2 enceintes \u00ab Travel \u00bb ensemblePoign\u00e9e en cuir pour plus de confortVolume total maximal des enceintes 20W\" \/>\n<meta property=\"og:url\" content=\"https:\/\/www.calibereurope.com\/fr\/produit\/hpg240bt-fr_fr\/\" \/>\n<meta property=\"og:site_name\" content=\"Caliber\" \/>\n<meta property=\"article:publisher\" content=\"https:\/\/facebook.com\/CaliberEurope\/\" \/>\n<meta property=\"article:modified_time\" content=\"2026-02-27T07:53:53+00:00\" \/>\n<meta property=\"og:image\" content=\"https:\/\/www.calibereurope.com\/wp-content\/uploads\/2023\/01\/a25d6922f085779ff443d76b76442d19540229b1_HPG240BT_web-10.jpg\" \/>\n\t<meta property=\"og:image:width\" content=\"1024\" \/>\n\t<meta property=\"og:image:height\" content=\"768\" \/>\n\t<meta property=\"og:image:type\" content=\"image\/jpeg\" \/>\n<meta name=\"twitter:card\" content=\"summary_large_image\" \/>\n<meta name=\"twitter:site\" content=\"@calibereurope\" \/>\n<meta name=\"twitter:label1\" content=\"Prix\" \/>\n\t<meta name=\"twitter:data1\" content=\"29,95\" \/>\n\t<meta name=\"twitter:label2\" content=\"Availability\" \/>\n\t<meta name=\"twitter:data2\" content=\"Out of stock\" \/>\n<script type=\"application\/ld+json\" class=\"yoast-schema-graph\">{\"@context\":\"https:\/\/schema.org\",\"@graph\":[{\"@type\":\"WebPage\",\"@id\":\"https:\/\/www.calibereurope.com\/fr\/produit\/hpg240bt-fr_fr\/\",\"url\":\"https:\/\/www.calibereurope.com\/fr\/produit\/hpg240bt-fr_fr\/\",\"name\":\"Enceinte Bluetooth \u00ab Travel \u00bb \u2013 Meilleure enceinte portable - AUX, SD et USB (HPG240BT) | Caliber\",\"isPartOf\":{\"@id\":\"https:\/\/www.calibereurope.com\/fr\/#website\"},\"primaryImageOfPage\":{\"@id\":\"https:\/\/www.calibereurope.com\/fr\/produit\/hpg240bt-fr_fr\/#primaryimage\"},\"image\":{\"@id\":\"https:\/\/www.calibereurope.com\/fr\/produit\/hpg240bt-fr_fr\/#primaryimage\"},\"thumbnailUrl\":\"https:\/\/www.calibereurope.com\/wp-content\/uploads\/2023\/02\/a25d6922f085779ff443d76b76442d19540229b1_HPG240BT_web-2.jpg\",\"datePublished\":\"2023-01-12T00:00:00+00:00\",\"dateModified\":\"2026-02-27T07:53:53+00:00\",\"breadcrumb\":{\"@id\":\"https:\/\/www.calibereurope.com\/fr\/produit\/hpg240bt-fr_fr\/#breadcrumb\"},\"inLanguage\":\"fr-FR\",\"potentialAction\":[{\"@type\":\"ReadAction\",\"target\":[\"https:\/\/www.calibereurope.com\/fr\/produit\/hpg240bt-fr_fr\/\"]}]},{\"@type\":\"ImageObject\",\"inLanguage\":\"fr-FR\",\"@id\":\"https:\/\/www.calibereurope.com\/fr\/produit\/hpg240bt-fr_fr\/#primaryimage\",\"url\":\"https:\/\/www.calibereurope.com\/wp-content\/uploads\/2023\/02\/a25d6922f085779ff443d76b76442d19540229b1_HPG240BT_web-2.jpg\",\"contentUrl\":\"https:\/\/www.calibereurope.com\/wp-content\/uploads\/2023\/02\/a25d6922f085779ff443d76b76442d19540229b1_HPG240BT_web-2.jpg\",\"width\":1024,\"height\":768},{\"@type\":\"BreadcrumbList\",\"@id\":\"https:\/\/www.calibereurope.com\/fr\/produit\/hpg240bt-fr_fr\/#breadcrumb\",\"itemListElement\":[{\"@type\":\"ListItem\",\"position\":1,\"name\":\"Home\",\"item\":\"https:\/\/www.calibereurope.com\/fr\/\"},{\"@type\":\"ListItem\",\"position\":2,\"name\":\"Boutique en ligne\",\"item\":\"https:\/\/www.calibereurope.com\/fr\/boutique-en-ligne\/\"},{\"@type\":\"ListItem\",\"position\":3,\"name\":\"Son\",\"item\":\"https:\/\/www.calibereurope.com\/fr\/geluid_fr_FR\/\"},{\"@type\":\"ListItem\",\"position\":4,\"name\":\"Haut-parleurs Bluetooth\",\"item\":\"https:\/\/www.calibereurope.com\/fr\/geluid_fr_FR\/bluetooth_speakers_geluid_fr_FR\/\"},{\"@type\":\"ListItem\",\"position\":5,\"name\":\"Enceinte Bluetooth \u00ab Travel \u00bb \u2013 Meilleure enceinte portable &#8211; AUX, SD et USB (HPG240BT)\"}]},{\"@type\":\"WebSite\",\"@id\":\"https:\/\/www.calibereurope.com\/fr\/#website\",\"url\":\"https:\/\/www.calibereurope.com\/fr\/\",\"name\":\"Caliber\",\"description\":\"Sounds good!\",\"publisher\":{\"@id\":\"https:\/\/www.calibereurope.com\/fr\/#organization\"},\"potentialAction\":[{\"@type\":\"SearchAction\",\"target\":{\"@type\":\"EntryPoint\",\"urlTemplate\":\"https:\/\/www.calibereurope.com\/fr\/?s={search_term_string}\"},\"query-input\":{\"@type\":\"PropertyValueSpecification\",\"valueRequired\":true,\"valueName\":\"search_term_string\"}}],\"inLanguage\":\"fr-FR\"},{\"@type\":\"Organization\",\"@id\":\"https:\/\/www.calibereurope.com\/fr\/#organization\",\"name\":\"Caliber Europe B.V.\",\"url\":\"https:\/\/www.calibereurope.com\/fr\/\",\"logo\":{\"@type\":\"ImageObject\",\"inLanguage\":\"fr-FR\",\"@id\":\"https:\/\/www.calibereurope.com\/fr\/#\/schema\/logo\/image\/\",\"url\":\"https:\/\/www.calibereurope.com\/wp-content\/uploads\/2019\/11\/Logo-Caliber-e1574846289621.png\",\"contentUrl\":\"https:\/\/www.calibereurope.com\/wp-content\/uploads\/2019\/11\/Logo-Caliber-e1574846289621.png\",\"width\":400,\"height\":69,\"caption\":\"Caliber Europe B.V.\"},\"image\":{\"@id\":\"https:\/\/www.calibereurope.com\/fr\/#\/schema\/logo\/image\/\"},\"sameAs\":[\"https:\/\/facebook.com\/CaliberEurope\/\",\"https:\/\/x.com\/calibereurope\",\"https:\/\/www.instagram.com\/calibereurope\/\"]}]}<\/script>\n<meta property=\"product:price:amount\" content=\"29.95\" \/>\n<meta property=\"product:price:currency\" content=\"EUR\" \/>\n<meta property=\"og:availability\" content=\"out of stock\" \/>\n<meta property=\"product:availability\" content=\"out of stock\" \/>\n<meta property=\"product:retailer_item_id\" content=\"HPG240BT\" \/>\n<meta property=\"product:condition\" content=\"new\" \/>\n<!-- \/ Yoast SEO plugin. -->","yoast_head_json":{"title":"Enceinte Bluetooth \u00ab Travel \u00bb \u2013 Meilleure enceinte portable - AUX, SD et USB (HPG240BT) | Caliber","robots":{"index":"index","follow":"follow","max-snippet":"max-snippet:-1","max-image-preview":"max-image-preview:large","max-video-preview":"max-video-preview:-1"},"canonical":"https:\/\/www.calibereurope.com\/fr\/produit\/hpg240bt-fr_fr\/","og_locale":"fr_FR","og_type":"article","og_title":"Enceinte Bluetooth \u00ab Travel \u00bb \u2013 Meilleure enceinte portable - AUX, SD et USB (HPG240BT) | Caliber","og_description":"Technologie Bluetooth 5.0Capacit\u00e9 de lecture USBEntr\u00e9e pour carte Micro SD Prise auxiliaire (3,5 mm)Jusqu'\u00e0 16 heures d'autonomie sans filCouplez 2 enceintes \u00ab Travel \u00bb ensemblePoign\u00e9e en cuir pour plus de confortVolume total maximal des enceintes 20W","og_url":"https:\/\/www.calibereurope.com\/fr\/produit\/hpg240bt-fr_fr\/","og_site_name":"Caliber","article_publisher":"https:\/\/facebook.com\/CaliberEurope\/","article_modified_time":"2026-02-27T07:53:53+00:00","og_image":[{"width":1024,"height":768,"url":"https:\/\/www.calibereurope.com\/wp-content\/uploads\/2023\/01\/a25d6922f085779ff443d76b76442d19540229b1_HPG240BT_web-10.jpg","type":"image\/jpeg"}],"twitter_card":"summary_large_image","twitter_site":"@calibereurope","twitter_misc":{"Prix":"29,95","Availability":"Out of stock"},"schema":{"@context":"https:\/\/schema.org","@graph":[{"@type":"WebPage","@id":"https:\/\/www.calibereurope.com\/fr\/produit\/hpg240bt-fr_fr\/","url":"https:\/\/www.calibereurope.com\/fr\/produit\/hpg240bt-fr_fr\/","name":"Enceinte Bluetooth \u00ab Travel \u00bb \u2013 Meilleure enceinte portable - AUX, SD et USB (HPG240BT) | Caliber","isPartOf":{"@id":"https:\/\/www.calibereurope.com\/fr\/#website"},"primaryImageOfPage":{"@id":"https:\/\/www.calibereurope.com\/fr\/produit\/hpg240bt-fr_fr\/#primaryimage"},"image":{"@id":"https:\/\/www.calibereurope.com\/fr\/produit\/hpg240bt-fr_fr\/#primaryimage"},"thumbnailUrl":"https:\/\/www.calibereurope.com\/wp-content\/uploads\/2023\/02\/a25d6922f085779ff443d76b76442d19540229b1_HPG240BT_web-2.jpg","datePublished":"2023-01-12T00:00:00+00:00","dateModified":"2026-02-27T07:53:53+00:00","breadcrumb":{"@id":"https:\/\/www.calibereurope.com\/fr\/produit\/hpg240bt-fr_fr\/#breadcrumb"},"inLanguage":"fr-FR","potentialAction":[{"@type":"ReadAction","target":["https:\/\/www.calibereurope.com\/fr\/produit\/hpg240bt-fr_fr\/"]}]},{"@type":"ImageObject","inLanguage":"fr-FR","@id":"https:\/\/www.calibereurope.com\/fr\/produit\/hpg240bt-fr_fr\/#primaryimage","url":"https:\/\/www.calibereurope.com\/wp-content\/uploads\/2023\/02\/a25d6922f085779ff443d76b76442d19540229b1_HPG240BT_web-2.jpg","contentUrl":"https:\/\/www.calibereurope.com\/wp-content\/uploads\/2023\/02\/a25d6922f085779ff443d76b76442d19540229b1_HPG240BT_web-2.jpg","width":1024,"height":768},{"@type":"BreadcrumbList","@id":"https:\/\/www.calibereurope.com\/fr\/produit\/hpg240bt-fr_fr\/#breadcrumb","itemListElement":[{"@type":"ListItem","position":1,"name":"Home","item":"https:\/\/www.calibereurope.com\/fr\/"},{"@type":"ListItem","position":2,"name":"Boutique en ligne","item":"https:\/\/www.calibereurope.com\/fr\/boutique-en-ligne\/"},{"@type":"ListItem","position":3,"name":"Son","item":"https:\/\/www.calibereurope.com\/fr\/geluid_fr_FR\/"},{"@type":"ListItem","position":4,"name":"Haut-parleurs Bluetooth","item":"https:\/\/www.calibereurope.com\/fr\/geluid_fr_FR\/bluetooth_speakers_geluid_fr_FR\/"},{"@type":"ListItem","position":5,"name":"Enceinte Bluetooth \u00ab Travel \u00bb \u2013 Meilleure enceinte portable &#8211; AUX, SD et USB (HPG240BT)"}]},{"@type":"WebSite","@id":"https:\/\/www.calibereurope.com\/fr\/#website","url":"https:\/\/www.calibereurope.com\/fr\/","name":"Caliber","description":"Sounds good!","publisher":{"@id":"https:\/\/www.calibereurope.com\/fr\/#organization"},"potentialAction":[{"@type":"SearchAction","target":{"@type":"EntryPoint","urlTemplate":"https:\/\/www.calibereurope.com\/fr\/?s={search_term_string}"},"query-input":{"@type":"PropertyValueSpecification","valueRequired":true,"valueName":"search_term_string"}}],"inLanguage":"fr-FR"},{"@type":"Organization","@id":"https:\/\/www.calibereurope.com\/fr\/#organization","name":"Caliber Europe B.V.","url":"https:\/\/www.calibereurope.com\/fr\/","logo":{"@type":"ImageObject","inLanguage":"fr-FR","@id":"https:\/\/www.calibereurope.com\/fr\/#\/schema\/logo\/image\/","url":"https:\/\/www.calibereurope.com\/wp-content\/uploads\/2019\/11\/Logo-Caliber-e1574846289621.png","contentUrl":"https:\/\/www.calibereurope.com\/wp-content\/uploads\/2019\/11\/Logo-Caliber-e1574846289621.png","width":400,"height":69,"caption":"Caliber Europe B.V."},"image":{"@id":"https:\/\/www.calibereurope.com\/fr\/#\/schema\/logo\/image\/"},"sameAs":["https:\/\/facebook.com\/CaliberEurope\/","https:\/\/x.com\/calibereurope","https:\/\/www.instagram.com\/calibereurope\/"]}]},"product_price_amount":"29.95","product_price_currency":"EUR","og_availability":"out of stock","product_availability":"out of stock","product_retailer_item_id":"HPG240BT","product_condition":"new"},"_links":{"self":[{"href":"https:\/\/www.calibereurope.com\/fr\/wp-json\/wp\/v2\/product\/1092413","targetHints":{"allow":["GET"]}}],"collection":[{"href":"https:\/\/www.calibereurope.com\/fr\/wp-json\/wp\/v2\/product"}],"about":[{"href":"https:\/\/www.calibereurope.com\/fr\/wp-json\/wp\/v2\/types\/product"}],"replies":[{"embeddable":true,"href":"https:\/\/www.calibereurope.com\/fr\/wp-json\/wp\/v2\/comments?post=1092413"}],"wp:featuredmedia":[{"embeddable":true,"href":"https:\/\/www.calibereurope.com\/fr\/wp-json\/wp\/v2\/media\/1451979"}],"wp:attachment":[{"href":"https:\/\/www.calibereurope.com\/fr\/wp-json\/wp\/v2\/media?parent=1092413"}],"wp:term":[{"taxonomy":"product_brand","embeddable":true,"href":"https:\/\/www.calibereurope.com\/fr\/wp-json\/wp\/v2\/product_brand?post=1092413"},{"taxonomy":"product_cat","embeddable":true,"href":"https:\/\/www.calibereurope.com\/fr\/wp-json\/wp\/v2\/product_cat?post=1092413"},{"taxonomy":"product_tag","embeddable":true,"href":"https:\/\/www.calibereurope.com\/fr\/wp-json\/wp\/v2\/product_tag?post=1092413"}],"curies":[{"name":"wp","href":"https:\/\/api.w.org\/{rel}","templated":true}]}}