{"id":1096237,"date":"2024-07-15T02:00:00","date_gmt":"2022-11-11T00:00:00","guid":{"rendered":""},"modified":"2024-07-15T08:25:05","modified_gmt":"2024-07-15T06:25:05","slug":"RMD061DAB-BT-fr_FR","status":"publish","type":"product","link":"https:\/\/www.calibereurope.com\/fr\/produit\/RMD061DAB-BT-fr_FR\/","title":{"rendered":"Autoradio &#8211; FM DAB+ Tuner Bluetooth\u00ae technologie USB SD 4x 75Watt &#8211; Noir (RMD061DAB-BT)"},"content":{"rendered":"<p>Le Caliber RMD061DAB-BT est un autoradio DAB+ Bluetooth\u00ae technologie. Vous recevez ainsi un signal radio de haute qualit\u00e9. Cette radio moderne est adapt\u00e9e \u00e0 la lecture de musique sans fil et aux appels mains libres via Bluetooth\u00ae technologie.<\/p>\n<p><\/p>\n<p><span style=\"font-weight: bold;\">Qualit\u00e9 DAB<\/span><\/p>\n<p>La DAB + a une meilleure qualit\u00e9 sonore que l&#39;ancienne FM. La r\u00e9ception est meilleure et il y a moins de bruit. Le DAB+ offre une meilleure d\u00e9finition du son, ce qui vous permet d&#39;appr\u00e9cier davantage vos tubes et \u00e9missions de radio pr\u00e9f\u00e9r\u00e9s. R\u00e9glez 18 stations DAB+ et passez facilement de l&#39;une \u00e0 l&#39;autre de vos stations de radio pr\u00e9f\u00e9r\u00e9es.<\/p>\n<p><\/p>\n<p><span style=\"font-weight: bold;\">Lecture de la musique<\/span><\/p>\n<p>Le RMD061DAB-BT poss\u00e8de plusieurs connexions physiques. Vous pouvez connecter une cl\u00e9 USB, une carte SD avec jusqu&#39;\u00e0 32 Go de m\u00e9moire ou un c\u00e2ble auxiliaire. Il est \u00e9galement possible de charger votre smartphone via le port USB. Le streaming Bluetooth\u00ae technologie est clair et d\u00e9fini gr\u00e2ce aux profils A2DP et AVRCP. Avec une puissance de 4 x 75 watts, vous ne manquerez pas de volume pour profiter de vos tubes pr\u00e9f\u00e9r\u00e9s en conduisant.<\/p>\n<p><\/p>\n<p><span style=\"font-weight: bold;\">Caract\u00e9ristiques suppl\u00e9mentaires<\/span><\/p>\n<p>Cette unit\u00e9 principale dispose d&#39;une sortie RCA qui vous permet de connecter un amplificateur s\u00e9par\u00e9 pour vos haut-parleurs. Cela vous permet de personnaliser le son de votre voiture. RDS EON affiche des informations utiles \u00e0 l&#39;\u00e9cran, comme le titre du programme ou le nom de la station que vous \u00e9coutez. Cette fonction vous permet \u00e9galement de relayer des informations sur le trafic, par exemple. Cet autoradio a la taille standard 1-DIN, vous pouvez donc facilement remplacer votre ancien autoradio.<\/p>\n","protected":false},"excerpt":{"rendered":"<p>Le Caliber RMD061DAB-BT est un autoradio DAB+ Bluetooth\u00ae technologie. Vous recevez ainsi un signal radio de haute qualit\u00e9. Cette radio moderne est adapt\u00e9e \u00e0 la lecture de musique sans fil et aux appels mains libres via Bluetooth\u00ae technologie. Qualit\u00e9 DAB La DAB + a une meilleure qualit\u00e9 sonore que l&#39;ancienne FM. La r\u00e9ception est meilleure [&hellip;]<\/p>\n","protected":false},"featured_media":1611719,"comment_status":"open","ping_status":"closed","template":"","meta":{"inline_featured_image":false},"product_brand":[],"product_cat":[7806,7767],"product_tag":[],"class_list":{"0":"post-1096237","1":"product","2":"type-product","3":"status-publish","4":"has-post-thumbnail","6":"product_cat-radios_auto_fr_FR","7":"product_cat-auto_fr_FR","9":"first","10":"outofstock","11":"taxable","12":"shipping-taxable","13":"purchasable","14":"product-type-simple"},"yoast_head":"<!-- This site is optimized with the Yoast SEO plugin v24.4 - https:\/\/yoast.com\/wordpress\/plugins\/seo\/ -->\n<title>Autoradio - FM DAB+ Tuner Bluetooth\u00ae technologie USB SD 4x 75Watt - Noir (RMD061DAB-BT) | Caliber<\/title>\n<meta name=\"robots\" content=\"index, follow, max-snippet:-1, max-image-preview:large, max-video-preview:-1\" \/>\n<link rel=\"canonical\" href=\"https:\/\/www.calibereurope.com\/fr\/produit\/RMD061DAB-BT-fr_FR\/\" \/>\n<meta property=\"og:locale\" content=\"fr_FR\" \/>\n<meta property=\"og:type\" content=\"article\" \/>\n<meta property=\"og:title\" content=\"Autoradio - FM DAB+ Tuner Bluetooth\u00ae technologie USB SD 4x 75Watt - Noir (RMD061DAB-BT) | Caliber\" \/>\n<meta property=\"og:description\" content=\"Le Caliber RMD061DAB-BT est un autoradio DAB+ Bluetooth\u00ae technologie. Vous recevez ainsi un signal radio de haute qualit\u00e9. Cette radio moderne est adapt\u00e9e \u00e0 la lecture de musique sans fil et aux appels mains libres via Bluetooth\u00ae technologie. Qualit\u00e9 DAB La DAB + a une meilleure qualit\u00e9 sonore que l&#039;ancienne FM. La r\u00e9ception est meilleure [&hellip;]\" \/>\n<meta property=\"og:url\" content=\"https:\/\/www.calibereurope.com\/fr\/produit\/RMD061DAB-BT-fr_FR\/\" \/>\n<meta property=\"og:site_name\" content=\"Caliber\" \/>\n<meta property=\"article:publisher\" content=\"https:\/\/facebook.com\/CaliberEurope\/\" \/>\n<meta property=\"article:modified_time\" content=\"2024-07-15T06:25:05+00:00\" \/>\n<meta property=\"og:image\" content=\"https:\/\/www.calibereurope.com\/wp-content\/uploads\/2022\/11\/373f0aa6f903ab09cef9d55e5bd96970017d493d_RMD061DAB_BT_blue-scaled.jpg\" \/>\n\t<meta property=\"og:image:width\" content=\"2560\" \/>\n\t<meta property=\"og:image:height\" content=\"1920\" \/>\n\t<meta property=\"og:image:type\" content=\"image\/jpeg\" \/>\n<meta name=\"twitter:card\" content=\"summary_large_image\" \/>\n<meta name=\"twitter:site\" content=\"@calibereurope\" \/>\n<meta name=\"twitter:label1\" content=\"Prix\" \/>\n\t<meta name=\"twitter:data1\" content=\"69,95\" \/>\n\t<meta name=\"twitter:label2\" content=\"Availability\" \/>\n\t<meta name=\"twitter:data2\" content=\"Out of stock\" \/>\n<script type=\"application\/ld+json\" class=\"yoast-schema-graph\">{\"@context\":\"https:\/\/schema.org\",\"@graph\":[{\"@type\":\"WebPage\",\"@id\":\"https:\/\/www.calibereurope.com\/fr\/produit\/RMD061DAB-BT-fr_FR\/\",\"url\":\"https:\/\/www.calibereurope.com\/fr\/produit\/RMD061DAB-BT-fr_FR\/\",\"name\":\"Autoradio - FM DAB+ Tuner Bluetooth\u00ae technologie USB SD 4x 75Watt - Noir (RMD061DAB-BT) | Caliber\",\"isPartOf\":{\"@id\":\"https:\/\/www.calibereurope.com\/fr\/#website\"},\"primaryImageOfPage\":{\"@id\":\"https:\/\/www.calibereurope.com\/fr\/produit\/RMD061DAB-BT-fr_FR\/#primaryimage\"},\"image\":{\"@id\":\"https:\/\/www.calibereurope.com\/fr\/produit\/RMD061DAB-BT-fr_FR\/#primaryimage\"},\"thumbnailUrl\":\"https:\/\/www.calibereurope.com\/wp-content\/uploads\/2024\/07\/373f0aa6f903ab09cef9d55e5bd96970017d493d_RMD061DAB_BT_blue-scaled.jpg\",\"datePublished\":\"2022-11-11T00:00:00+00:00\",\"dateModified\":\"2024-07-15T06:25:05+00:00\",\"breadcrumb\":{\"@id\":\"https:\/\/www.calibereurope.com\/fr\/produit\/RMD061DAB-BT-fr_FR\/#breadcrumb\"},\"inLanguage\":\"fr-FR\",\"potentialAction\":[{\"@type\":\"ReadAction\",\"target\":[\"https:\/\/www.calibereurope.com\/fr\/produit\/RMD061DAB-BT-fr_FR\/\"]}]},{\"@type\":\"ImageObject\",\"inLanguage\":\"fr-FR\",\"@id\":\"https:\/\/www.calibereurope.com\/fr\/produit\/RMD061DAB-BT-fr_FR\/#primaryimage\",\"url\":\"https:\/\/www.calibereurope.com\/wp-content\/uploads\/2024\/07\/373f0aa6f903ab09cef9d55e5bd96970017d493d_RMD061DAB_BT_blue-scaled.jpg\",\"contentUrl\":\"https:\/\/www.calibereurope.com\/wp-content\/uploads\/2024\/07\/373f0aa6f903ab09cef9d55e5bd96970017d493d_RMD061DAB_BT_blue-scaled.jpg\",\"width\":2560,\"height\":1920},{\"@type\":\"BreadcrumbList\",\"@id\":\"https:\/\/www.calibereurope.com\/fr\/produit\/RMD061DAB-BT-fr_FR\/#breadcrumb\",\"itemListElement\":[{\"@type\":\"ListItem\",\"position\":1,\"name\":\"Home\",\"item\":\"https:\/\/www.calibereurope.com\/fr\/\"},{\"@type\":\"ListItem\",\"position\":2,\"name\":\"Boutique en ligne\",\"item\":\"https:\/\/www.calibereurope.com\/fr\/boutique-en-ligne\/\"},{\"@type\":\"ListItem\",\"position\":3,\"name\":\"Voiture\",\"item\":\"https:\/\/www.calibereurope.com\/fr\/auto_fr_FR\/\"},{\"@type\":\"ListItem\",\"position\":4,\"name\":\"Radios\",\"item\":\"https:\/\/www.calibereurope.com\/fr\/auto_fr_FR\/radios_auto_fr_FR\/\"},{\"@type\":\"ListItem\",\"position\":5,\"name\":\"Autoradio &#8211; FM DAB+ Tuner Bluetooth\u00ae technologie USB SD 4x 75Watt &#8211; Noir (RMD061DAB-BT)\"}]},{\"@type\":\"WebSite\",\"@id\":\"https:\/\/www.calibereurope.com\/fr\/#website\",\"url\":\"https:\/\/www.calibereurope.com\/fr\/\",\"name\":\"Caliber\",\"description\":\"Sounds good!\",\"publisher\":{\"@id\":\"https:\/\/www.calibereurope.com\/fr\/#organization\"},\"potentialAction\":[{\"@type\":\"SearchAction\",\"target\":{\"@type\":\"EntryPoint\",\"urlTemplate\":\"https:\/\/www.calibereurope.com\/fr\/?s={search_term_string}\"},\"query-input\":{\"@type\":\"PropertyValueSpecification\",\"valueRequired\":true,\"valueName\":\"search_term_string\"}}],\"inLanguage\":\"fr-FR\"},{\"@type\":\"Organization\",\"@id\":\"https:\/\/www.calibereurope.com\/fr\/#organization\",\"name\":\"Caliber Europe B.V.\",\"url\":\"https:\/\/www.calibereurope.com\/fr\/\",\"logo\":{\"@type\":\"ImageObject\",\"inLanguage\":\"fr-FR\",\"@id\":\"https:\/\/www.calibereurope.com\/fr\/#\/schema\/logo\/image\/\",\"url\":\"https:\/\/www.calibereurope.com\/wp-content\/uploads\/2019\/11\/Logo-Caliber-e1574846289621.png\",\"contentUrl\":\"https:\/\/www.calibereurope.com\/wp-content\/uploads\/2019\/11\/Logo-Caliber-e1574846289621.png\",\"width\":400,\"height\":69,\"caption\":\"Caliber Europe B.V.\"},\"image\":{\"@id\":\"https:\/\/www.calibereurope.com\/fr\/#\/schema\/logo\/image\/\"},\"sameAs\":[\"https:\/\/facebook.com\/CaliberEurope\/\",\"https:\/\/x.com\/calibereurope\",\"https:\/\/www.instagram.com\/calibereurope\/\"]}]}<\/script>\n<meta property=\"product:price:amount\" content=\"69.95\" \/>\n<meta property=\"product:price:currency\" content=\"EUR\" \/>\n<meta property=\"og:availability\" content=\"out of stock\" \/>\n<meta property=\"product:availability\" content=\"out of stock\" \/>\n<meta property=\"product:retailer_item_id\" content=\"RMD061DAB-BT\" \/>\n<meta property=\"product:condition\" content=\"new\" \/>\n<!-- \/ Yoast SEO plugin. -->","yoast_head_json":{"title":"Autoradio - FM DAB+ Tuner Bluetooth\u00ae technologie USB SD 4x 75Watt - Noir (RMD061DAB-BT) | Caliber","robots":{"index":"index","follow":"follow","max-snippet":"max-snippet:-1","max-image-preview":"max-image-preview:large","max-video-preview":"max-video-preview:-1"},"canonical":"https:\/\/www.calibereurope.com\/fr\/produit\/RMD061DAB-BT-fr_FR\/","og_locale":"fr_FR","og_type":"article","og_title":"Autoradio - FM DAB+ Tuner Bluetooth\u00ae technologie USB SD 4x 75Watt - Noir (RMD061DAB-BT) | Caliber","og_description":"Le Caliber RMD061DAB-BT est un autoradio DAB+ Bluetooth\u00ae technologie. Vous recevez ainsi un signal radio de haute qualit\u00e9. Cette radio moderne est adapt\u00e9e \u00e0 la lecture de musique sans fil et aux appels mains libres via Bluetooth\u00ae technologie. Qualit\u00e9 DAB La DAB + a une meilleure qualit\u00e9 sonore que l&#39;ancienne FM. La r\u00e9ception est meilleure [&hellip;]","og_url":"https:\/\/www.calibereurope.com\/fr\/produit\/RMD061DAB-BT-fr_FR\/","og_site_name":"Caliber","article_publisher":"https:\/\/facebook.com\/CaliberEurope\/","article_modified_time":"2024-07-15T06:25:05+00:00","og_image":[{"width":2560,"height":1920,"url":"https:\/\/www.calibereurope.com\/wp-content\/uploads\/2022\/11\/373f0aa6f903ab09cef9d55e5bd96970017d493d_RMD061DAB_BT_blue-scaled.jpg","type":"image\/jpeg"}],"twitter_card":"summary_large_image","twitter_site":"@calibereurope","twitter_misc":{"Prix":"69,95","Availability":"Out of stock"},"schema":{"@context":"https:\/\/schema.org","@graph":[{"@type":"WebPage","@id":"https:\/\/www.calibereurope.com\/fr\/produit\/RMD061DAB-BT-fr_FR\/","url":"https:\/\/www.calibereurope.com\/fr\/produit\/RMD061DAB-BT-fr_FR\/","name":"Autoradio - FM DAB+ Tuner Bluetooth\u00ae technologie USB SD 4x 75Watt - Noir (RMD061DAB-BT) | Caliber","isPartOf":{"@id":"https:\/\/www.calibereurope.com\/fr\/#website"},"primaryImageOfPage":{"@id":"https:\/\/www.calibereurope.com\/fr\/produit\/RMD061DAB-BT-fr_FR\/#primaryimage"},"image":{"@id":"https:\/\/www.calibereurope.com\/fr\/produit\/RMD061DAB-BT-fr_FR\/#primaryimage"},"thumbnailUrl":"https:\/\/www.calibereurope.com\/wp-content\/uploads\/2024\/07\/373f0aa6f903ab09cef9d55e5bd96970017d493d_RMD061DAB_BT_blue-scaled.jpg","datePublished":"2022-11-11T00:00:00+00:00","dateModified":"2024-07-15T06:25:05+00:00","breadcrumb":{"@id":"https:\/\/www.calibereurope.com\/fr\/produit\/RMD061DAB-BT-fr_FR\/#breadcrumb"},"inLanguage":"fr-FR","potentialAction":[{"@type":"ReadAction","target":["https:\/\/www.calibereurope.com\/fr\/produit\/RMD061DAB-BT-fr_FR\/"]}]},{"@type":"ImageObject","inLanguage":"fr-FR","@id":"https:\/\/www.calibereurope.com\/fr\/produit\/RMD061DAB-BT-fr_FR\/#primaryimage","url":"https:\/\/www.calibereurope.com\/wp-content\/uploads\/2024\/07\/373f0aa6f903ab09cef9d55e5bd96970017d493d_RMD061DAB_BT_blue-scaled.jpg","contentUrl":"https:\/\/www.calibereurope.com\/wp-content\/uploads\/2024\/07\/373f0aa6f903ab09cef9d55e5bd96970017d493d_RMD061DAB_BT_blue-scaled.jpg","width":2560,"height":1920},{"@type":"BreadcrumbList","@id":"https:\/\/www.calibereurope.com\/fr\/produit\/RMD061DAB-BT-fr_FR\/#breadcrumb","itemListElement":[{"@type":"ListItem","position":1,"name":"Home","item":"https:\/\/www.calibereurope.com\/fr\/"},{"@type":"ListItem","position":2,"name":"Boutique en ligne","item":"https:\/\/www.calibereurope.com\/fr\/boutique-en-ligne\/"},{"@type":"ListItem","position":3,"name":"Voiture","item":"https:\/\/www.calibereurope.com\/fr\/auto_fr_FR\/"},{"@type":"ListItem","position":4,"name":"Radios","item":"https:\/\/www.calibereurope.com\/fr\/auto_fr_FR\/radios_auto_fr_FR\/"},{"@type":"ListItem","position":5,"name":"Autoradio &#8211; FM DAB+ Tuner Bluetooth\u00ae technologie USB SD 4x 75Watt &#8211; Noir (RMD061DAB-BT)"}]},{"@type":"WebSite","@id":"https:\/\/www.calibereurope.com\/fr\/#website","url":"https:\/\/www.calibereurope.com\/fr\/","name":"Caliber","description":"Sounds good!","publisher":{"@id":"https:\/\/www.calibereurope.com\/fr\/#organization"},"potentialAction":[{"@type":"SearchAction","target":{"@type":"EntryPoint","urlTemplate":"https:\/\/www.calibereurope.com\/fr\/?s={search_term_string}"},"query-input":{"@type":"PropertyValueSpecification","valueRequired":true,"valueName":"search_term_string"}}],"inLanguage":"fr-FR"},{"@type":"Organization","@id":"https:\/\/www.calibereurope.com\/fr\/#organization","name":"Caliber Europe B.V.","url":"https:\/\/www.calibereurope.com\/fr\/","logo":{"@type":"ImageObject","inLanguage":"fr-FR","@id":"https:\/\/www.calibereurope.com\/fr\/#\/schema\/logo\/image\/","url":"https:\/\/www.calibereurope.com\/wp-content\/uploads\/2019\/11\/Logo-Caliber-e1574846289621.png","contentUrl":"https:\/\/www.calibereurope.com\/wp-content\/uploads\/2019\/11\/Logo-Caliber-e1574846289621.png","width":400,"height":69,"caption":"Caliber Europe B.V."},"image":{"@id":"https:\/\/www.calibereurope.com\/fr\/#\/schema\/logo\/image\/"},"sameAs":["https:\/\/facebook.com\/CaliberEurope\/","https:\/\/x.com\/calibereurope","https:\/\/www.instagram.com\/calibereurope\/"]}]},"product_price_amount":"69.95","product_price_currency":"EUR","og_availability":"out of stock","product_availability":"out of stock","product_retailer_item_id":"RMD061DAB-BT","product_condition":"new"},"_links":{"self":[{"href":"https:\/\/www.calibereurope.com\/fr\/wp-json\/wp\/v2\/product\/1096237","targetHints":{"allow":["GET"]}}],"collection":[{"href":"https:\/\/www.calibereurope.com\/fr\/wp-json\/wp\/v2\/product"}],"about":[{"href":"https:\/\/www.calibereurope.com\/fr\/wp-json\/wp\/v2\/types\/product"}],"replies":[{"embeddable":true,"href":"https:\/\/www.calibereurope.com\/fr\/wp-json\/wp\/v2\/comments?post=1096237"}],"wp:featuredmedia":[{"embeddable":true,"href":"https:\/\/www.calibereurope.com\/fr\/wp-json\/wp\/v2\/media\/1611719"}],"wp:attachment":[{"href":"https:\/\/www.calibereurope.com\/fr\/wp-json\/wp\/v2\/media?parent=1096237"}],"wp:term":[{"taxonomy":"product_brand","embeddable":true,"href":"https:\/\/www.calibereurope.com\/fr\/wp-json\/wp\/v2\/product_brand?post=1096237"},{"taxonomy":"product_cat","embeddable":true,"href":"https:\/\/www.calibereurope.com\/fr\/wp-json\/wp\/v2\/product_cat?post=1096237"},{"taxonomy":"product_tag","embeddable":true,"href":"https:\/\/www.calibereurope.com\/fr\/wp-json\/wp\/v2\/product_tag?post=1096237"}],"curies":[{"name":"wp","href":"https:\/\/api.w.org\/{rel}","templated":true}]}}