{"id":1111425,"date":"2025-02-05T01:00:00","date_gmt":"2025-02-05T00:00:00","guid":{"rendered":""},"modified":"2025-03-03T10:06:20","modified_gmt":"2025-03-03T09:06:20","slug":"RMD055DAB-BT-fr_FR","status":"publish","type":"product","link":"https:\/\/www.calibereurope.com\/fr\/produit\/RMD055DAB-BT-fr_FR\/","title":{"rendered":"Autoradio Bluetooth &#8211; DAB+ et radio FM &#8211; USB &#8211; AUX &#8211; 1 DIN &#8211; 4 x 74Watt (RMD055DAB-BT)"},"content":{"rendered":"<p> Profitez d&#39;une excellente qualit\u00e9 sonore avec l&#39;autoradio Caliber RMD055DAB-BT Bluetooth ! L&#39;autoradio <strong>bluetooth<\/strong> vous offre la possibilit\u00e9 d&#39;<strong>appeler en mains libres<\/strong> et de diffuser votre musique pr\u00e9f\u00e9r\u00e9e depuis votre t\u00e9l\u00e9phone. L&#39;autoradio <strong>DAB+<\/strong> avec une <strong>puissance de 4 x 75 watts<\/strong> offre une bonne qualit\u00e9 sonore sans bruit. Voulez-vous utiliser la <strong>radio FM<\/strong> ?<strong> <\/strong>Vous pouvez alors choisir parmi <strong>54 cha\u00eenes<\/strong>. Vous pouvez \u00e9galement \u00e9couter votre propre musique avec une <strong>cl\u00e9 USB<\/strong>, un <strong>c\u00e2ble AUX<\/strong> ou une <strong>carte SD<\/strong>. Vous pouvez m\u00eame recharger votre smartphone via le <strong>port USB<\/strong> !<\/p>\n<p><\/p>\n<\/p>\n<p> <strong>Caract\u00e9ristiques :<\/strong> <\/p>\n<ul>\n<li>Bluetooth <\/li>\n<li>Appels mains libres via un microphone externe <\/li>\n<li>Radio FM \/ DAB+ <\/li>\n<li>Antenne DAB+ incluse <\/li>\n<li>54 \u00e9metteurs FM <\/li>\n<li>Connexion USB, AUX et SD <\/li>\n<li>Puissance 4 x 75 watts <\/li>\n<li>1 format DIN <\/li>\n<\/ul>\n<h3>Musique de bonne qualit\u00e9 <\/h3>\n<p> Avec cet autoradio, vous pouvez profiter de la meilleure musique \u00e0 chaque trajet. Avec l&#39;autoradio DAB+, les signaux sonores sont transmis num\u00e9riquement, ce qui garantit un meilleur signal et une excellente qualit\u00e9 sonore. Vous pouvez \u00e9galement choisir d&#39;\u00e9couter l&#39;une des 54 stations FM. De plus, l&#39;autoradio avec USB et Bluetooth a une puissance de 4 x 75 watts. De cette fa\u00e7on, vous pouvez toujours \u00e9couter votre musique pr\u00e9f\u00e9r\u00e9e tout en conduisant sans \u00eatre d\u00e9rang\u00e9 par les bruits de la route. <\/p>\n<h3>\u00c9couter de la musique sans fil<\/h3>\n<p>Gr\u00e2ce \u00e0 la fonction Bluetooth, vous pouvez facilement connecter votre t\u00e9l\u00e9phone \u00e0 la radio si vous pr\u00e9f\u00e9rez \u00e9couter votre propre musique au lieu de la radio DAB+ ou FM. Avec la fonction Bluetooth, vous avez \u00e9galement la possibilit\u00e9 d&#39;appeler en mains libres, id\u00e9al si vous \u00eates souvent sur la route ! <\/p>\n<h3>De nombreuses options de connexion<\/h3>\n<p> L&#39;autoradio avec Bluetooth dispose de plusieurs options de connexion. Par exemple, vous pouvez \u00e9couter votre playlist pr\u00e9f\u00e9r\u00e9e sur l&#39;autoradio via l&#39;entr\u00e9e USB, l&#39;entr\u00e9e AUX ou le lecteur de carte SD. Vous pouvez m\u00eame recharger votre smartphone pendant la conduite via le port USB. L&#39;autoradio 1 DIN est facile \u00e0 installer dans diff\u00e9rents types de voitures. De plus, l&#39;autoradio dispose d&#39;une sortie RCA, avec laquelle vous pouvez connecter un amplificateur s\u00e9par\u00e9 pour vos haut-parleurs.<\/p>\n<p><\/p>\n<\/p>\n<p> <strong>Inclus :<\/strong> <\/p>\n<ul>\n<li>RMD055DAB-BT <\/li>\n<li>Manuel d&#39;utilisation <\/li>\n<li>Antenne DAB+ <\/li>\n<li>Microphone externe <\/li>\n<li>T\u00e9l\u00e9commande &lt; \/li&gt; <\/li>\n<\/ul>\n","protected":false},"excerpt":{"rendered":"<ul>\n<li>Bluetooth<\/li>\n<li>Appels mains libres via un microphone externe<\/li>\n<li>Radio FM \/ DAB+<\/li>\n<li>Antenne DAB+ incluse<\/li>\n<li>54 \u00e9metteurs FM<\/li>\n<li>Connexion USB, AUX et SD<\/li>\n<li>Puissance 4 x 75 watts<\/li>\n<li>1 format DIN<\/li>\n<\/ul>\n","protected":false},"featured_media":1675917,"comment_status":"open","ping_status":"closed","template":"","meta":{"inline_featured_image":false},"product_brand":[],"product_cat":[7806,7767],"product_tag":[],"class_list":{"0":"post-1111425","1":"product","2":"type-product","3":"status-publish","4":"has-post-thumbnail","6":"product_cat-radios_auto_fr_FR","7":"product_cat-auto_fr_FR","9":"first","10":"outofstock","11":"taxable","12":"shipping-taxable","13":"purchasable","14":"product-type-simple"},"yoast_head":"<!-- This site is optimized with the Yoast SEO plugin v24.4 - https:\/\/yoast.com\/wordpress\/plugins\/seo\/ -->\n<title>Autoradio Bluetooth - DAB+ et radio FM - USB - AUX - 1 DIN - 4 x 74Watt (RMD055DAB-BT) | Caliber<\/title>\n<meta name=\"robots\" content=\"index, follow, max-snippet:-1, max-image-preview:large, max-video-preview:-1\" \/>\n<link rel=\"canonical\" href=\"https:\/\/www.calibereurope.com\/fr\/produit\/RMD055DAB-BT-fr_FR\/\" \/>\n<meta property=\"og:locale\" content=\"fr_FR\" \/>\n<meta property=\"og:type\" content=\"article\" \/>\n<meta property=\"og:title\" content=\"Autoradio Bluetooth - DAB+ et radio FM - USB - AUX - 1 DIN - 4 x 74Watt (RMD055DAB-BT) | Caliber\" \/>\n<meta property=\"og:description\" content=\"BluetoothAppels mains libres via un microphone externeRadio FM \/ DAB+Antenne DAB+ incluse54 \u00e9metteurs FMConnexion USB, AUX et SDPuissance 4 x 75 watts1 format DIN\" \/>\n<meta property=\"og:url\" content=\"https:\/\/www.calibereurope.com\/fr\/produit\/RMD055DAB-BT-fr_FR\/\" \/>\n<meta property=\"og:site_name\" content=\"Caliber\" \/>\n<meta property=\"article:publisher\" content=\"https:\/\/facebook.com\/CaliberEurope\/\" \/>\n<meta property=\"article:modified_time\" content=\"2025-03-03T09:06:20+00:00\" \/>\n<meta property=\"og:image\" content=\"https:\/\/www.calibereurope.com\/wp-content\/uploads\/2022\/11\/4fa4c26f1d4b1d61627256ae6b850a44ec032d8f_RMD055DAB_BT.jpg\" \/>\n\t<meta property=\"og:image:width\" content=\"1024\" \/>\n\t<meta property=\"og:image:height\" content=\"768\" \/>\n\t<meta property=\"og:image:type\" content=\"image\/jpeg\" \/>\n<meta name=\"twitter:card\" content=\"summary_large_image\" \/>\n<meta name=\"twitter:site\" content=\"@calibereurope\" \/>\n<meta name=\"twitter:label1\" content=\"Prix\" \/>\n\t<meta name=\"twitter:data1\" content=\"59,00\" \/>\n\t<meta name=\"twitter:label2\" content=\"Availability\" \/>\n\t<meta name=\"twitter:data2\" content=\"Out of stock\" \/>\n<script type=\"application\/ld+json\" class=\"yoast-schema-graph\">{\"@context\":\"https:\/\/schema.org\",\"@graph\":[{\"@type\":\"WebPage\",\"@id\":\"https:\/\/www.calibereurope.com\/fr\/produit\/RMD055DAB-BT-fr_FR\/\",\"url\":\"https:\/\/www.calibereurope.com\/fr\/produit\/RMD055DAB-BT-fr_FR\/\",\"name\":\"Autoradio Bluetooth - DAB+ et radio FM - USB - AUX - 1 DIN - 4 x 74Watt (RMD055DAB-BT) | Caliber\",\"isPartOf\":{\"@id\":\"https:\/\/www.calibereurope.com\/fr\/#website\"},\"primaryImageOfPage\":{\"@id\":\"https:\/\/www.calibereurope.com\/fr\/produit\/RMD055DAB-BT-fr_FR\/#primaryimage\"},\"image\":{\"@id\":\"https:\/\/www.calibereurope.com\/fr\/produit\/RMD055DAB-BT-fr_FR\/#primaryimage\"},\"thumbnailUrl\":\"https:\/\/www.calibereurope.com\/wp-content\/uploads\/2025\/02\/4fa4c26f1d4b1d61627256ae6b850a44ec032d8f_RMD055DAB_BT.jpg\",\"datePublished\":\"2025-02-05T00:00:00+00:00\",\"dateModified\":\"2025-03-03T09:06:20+00:00\",\"breadcrumb\":{\"@id\":\"https:\/\/www.calibereurope.com\/fr\/produit\/RMD055DAB-BT-fr_FR\/#breadcrumb\"},\"inLanguage\":\"fr-FR\",\"potentialAction\":[{\"@type\":\"ReadAction\",\"target\":[\"https:\/\/www.calibereurope.com\/fr\/produit\/RMD055DAB-BT-fr_FR\/\"]}]},{\"@type\":\"ImageObject\",\"inLanguage\":\"fr-FR\",\"@id\":\"https:\/\/www.calibereurope.com\/fr\/produit\/RMD055DAB-BT-fr_FR\/#primaryimage\",\"url\":\"https:\/\/www.calibereurope.com\/wp-content\/uploads\/2025\/02\/4fa4c26f1d4b1d61627256ae6b850a44ec032d8f_RMD055DAB_BT.jpg\",\"contentUrl\":\"https:\/\/www.calibereurope.com\/wp-content\/uploads\/2025\/02\/4fa4c26f1d4b1d61627256ae6b850a44ec032d8f_RMD055DAB_BT.jpg\",\"width\":1024,\"height\":768},{\"@type\":\"BreadcrumbList\",\"@id\":\"https:\/\/www.calibereurope.com\/fr\/produit\/RMD055DAB-BT-fr_FR\/#breadcrumb\",\"itemListElement\":[{\"@type\":\"ListItem\",\"position\":1,\"name\":\"Home\",\"item\":\"https:\/\/www.calibereurope.com\/fr\/\"},{\"@type\":\"ListItem\",\"position\":2,\"name\":\"Boutique en ligne\",\"item\":\"https:\/\/www.calibereurope.com\/fr\/boutique-en-ligne\/\"},{\"@type\":\"ListItem\",\"position\":3,\"name\":\"Voiture\",\"item\":\"https:\/\/www.calibereurope.com\/fr\/auto_fr_FR\/\"},{\"@type\":\"ListItem\",\"position\":4,\"name\":\"Radios\",\"item\":\"https:\/\/www.calibereurope.com\/fr\/auto_fr_FR\/radios_auto_fr_FR\/\"},{\"@type\":\"ListItem\",\"position\":5,\"name\":\"Autoradio avec DAB+ Bluetooth\u00ae technologie FM USB 4x 75Watt &#8211; Ecran couleur (RMD055DAB-BT)\"}]},{\"@type\":\"WebSite\",\"@id\":\"https:\/\/www.calibereurope.com\/fr\/#website\",\"url\":\"https:\/\/www.calibereurope.com\/fr\/\",\"name\":\"Caliber\",\"description\":\"Sounds good!\",\"publisher\":{\"@id\":\"https:\/\/www.calibereurope.com\/fr\/#organization\"},\"potentialAction\":[{\"@type\":\"SearchAction\",\"target\":{\"@type\":\"EntryPoint\",\"urlTemplate\":\"https:\/\/www.calibereurope.com\/fr\/?s={search_term_string}\"},\"query-input\":{\"@type\":\"PropertyValueSpecification\",\"valueRequired\":true,\"valueName\":\"search_term_string\"}}],\"inLanguage\":\"fr-FR\"},{\"@type\":\"Organization\",\"@id\":\"https:\/\/www.calibereurope.com\/fr\/#organization\",\"name\":\"Caliber Europe B.V.\",\"url\":\"https:\/\/www.calibereurope.com\/fr\/\",\"logo\":{\"@type\":\"ImageObject\",\"inLanguage\":\"fr-FR\",\"@id\":\"https:\/\/www.calibereurope.com\/fr\/#\/schema\/logo\/image\/\",\"url\":\"https:\/\/www.calibereurope.com\/wp-content\/uploads\/2019\/11\/Logo-Caliber-e1574846289621.png\",\"contentUrl\":\"https:\/\/www.calibereurope.com\/wp-content\/uploads\/2019\/11\/Logo-Caliber-e1574846289621.png\",\"width\":400,\"height\":69,\"caption\":\"Caliber Europe B.V.\"},\"image\":{\"@id\":\"https:\/\/www.calibereurope.com\/fr\/#\/schema\/logo\/image\/\"},\"sameAs\":[\"https:\/\/facebook.com\/CaliberEurope\/\",\"https:\/\/x.com\/calibereurope\",\"https:\/\/www.instagram.com\/calibereurope\/\"]}]}<\/script>\n<meta property=\"product:price:amount\" content=\"59.00\" \/>\n<meta property=\"product:price:currency\" content=\"EUR\" \/>\n<meta property=\"og:availability\" content=\"out of stock\" \/>\n<meta property=\"product:availability\" content=\"out of stock\" \/>\n<meta property=\"product:retailer_item_id\" content=\"RMD055DAB-BT\" \/>\n<meta property=\"product:condition\" content=\"new\" \/>\n<!-- \/ Yoast SEO plugin. -->","yoast_head_json":{"title":"Autoradio Bluetooth - DAB+ et radio FM - USB - AUX - 1 DIN - 4 x 74Watt (RMD055DAB-BT) | Caliber","robots":{"index":"index","follow":"follow","max-snippet":"max-snippet:-1","max-image-preview":"max-image-preview:large","max-video-preview":"max-video-preview:-1"},"canonical":"https:\/\/www.calibereurope.com\/fr\/produit\/RMD055DAB-BT-fr_FR\/","og_locale":"fr_FR","og_type":"article","og_title":"Autoradio Bluetooth - DAB+ et radio FM - USB - AUX - 1 DIN - 4 x 74Watt (RMD055DAB-BT) | Caliber","og_description":"BluetoothAppels mains libres via un microphone externeRadio FM \/ DAB+Antenne DAB+ incluse54 \u00e9metteurs FMConnexion USB, AUX et SDPuissance 4 x 75 watts1 format DIN","og_url":"https:\/\/www.calibereurope.com\/fr\/produit\/RMD055DAB-BT-fr_FR\/","og_site_name":"Caliber","article_publisher":"https:\/\/facebook.com\/CaliberEurope\/","article_modified_time":"2025-03-03T09:06:20+00:00","og_image":[{"width":1024,"height":768,"url":"https:\/\/www.calibereurope.com\/wp-content\/uploads\/2022\/11\/4fa4c26f1d4b1d61627256ae6b850a44ec032d8f_RMD055DAB_BT.jpg","type":"image\/jpeg"}],"twitter_card":"summary_large_image","twitter_site":"@calibereurope","twitter_misc":{"Prix":"59,00","Availability":"Out of stock"},"schema":{"@context":"https:\/\/schema.org","@graph":[{"@type":"WebPage","@id":"https:\/\/www.calibereurope.com\/fr\/produit\/RMD055DAB-BT-fr_FR\/","url":"https:\/\/www.calibereurope.com\/fr\/produit\/RMD055DAB-BT-fr_FR\/","name":"Autoradio Bluetooth - DAB+ et radio FM - USB - AUX - 1 DIN - 4 x 74Watt (RMD055DAB-BT) | Caliber","isPartOf":{"@id":"https:\/\/www.calibereurope.com\/fr\/#website"},"primaryImageOfPage":{"@id":"https:\/\/www.calibereurope.com\/fr\/produit\/RMD055DAB-BT-fr_FR\/#primaryimage"},"image":{"@id":"https:\/\/www.calibereurope.com\/fr\/produit\/RMD055DAB-BT-fr_FR\/#primaryimage"},"thumbnailUrl":"https:\/\/www.calibereurope.com\/wp-content\/uploads\/2025\/02\/4fa4c26f1d4b1d61627256ae6b850a44ec032d8f_RMD055DAB_BT.jpg","datePublished":"2025-02-05T00:00:00+00:00","dateModified":"2025-03-03T09:06:20+00:00","breadcrumb":{"@id":"https:\/\/www.calibereurope.com\/fr\/produit\/RMD055DAB-BT-fr_FR\/#breadcrumb"},"inLanguage":"fr-FR","potentialAction":[{"@type":"ReadAction","target":["https:\/\/www.calibereurope.com\/fr\/produit\/RMD055DAB-BT-fr_FR\/"]}]},{"@type":"ImageObject","inLanguage":"fr-FR","@id":"https:\/\/www.calibereurope.com\/fr\/produit\/RMD055DAB-BT-fr_FR\/#primaryimage","url":"https:\/\/www.calibereurope.com\/wp-content\/uploads\/2025\/02\/4fa4c26f1d4b1d61627256ae6b850a44ec032d8f_RMD055DAB_BT.jpg","contentUrl":"https:\/\/www.calibereurope.com\/wp-content\/uploads\/2025\/02\/4fa4c26f1d4b1d61627256ae6b850a44ec032d8f_RMD055DAB_BT.jpg","width":1024,"height":768},{"@type":"BreadcrumbList","@id":"https:\/\/www.calibereurope.com\/fr\/produit\/RMD055DAB-BT-fr_FR\/#breadcrumb","itemListElement":[{"@type":"ListItem","position":1,"name":"Home","item":"https:\/\/www.calibereurope.com\/fr\/"},{"@type":"ListItem","position":2,"name":"Boutique en ligne","item":"https:\/\/www.calibereurope.com\/fr\/boutique-en-ligne\/"},{"@type":"ListItem","position":3,"name":"Voiture","item":"https:\/\/www.calibereurope.com\/fr\/auto_fr_FR\/"},{"@type":"ListItem","position":4,"name":"Radios","item":"https:\/\/www.calibereurope.com\/fr\/auto_fr_FR\/radios_auto_fr_FR\/"},{"@type":"ListItem","position":5,"name":"Autoradio avec DAB+ Bluetooth\u00ae technologie FM USB 4x 75Watt &#8211; Ecran couleur (RMD055DAB-BT)"}]},{"@type":"WebSite","@id":"https:\/\/www.calibereurope.com\/fr\/#website","url":"https:\/\/www.calibereurope.com\/fr\/","name":"Caliber","description":"Sounds good!","publisher":{"@id":"https:\/\/www.calibereurope.com\/fr\/#organization"},"potentialAction":[{"@type":"SearchAction","target":{"@type":"EntryPoint","urlTemplate":"https:\/\/www.calibereurope.com\/fr\/?s={search_term_string}"},"query-input":{"@type":"PropertyValueSpecification","valueRequired":true,"valueName":"search_term_string"}}],"inLanguage":"fr-FR"},{"@type":"Organization","@id":"https:\/\/www.calibereurope.com\/fr\/#organization","name":"Caliber Europe B.V.","url":"https:\/\/www.calibereurope.com\/fr\/","logo":{"@type":"ImageObject","inLanguage":"fr-FR","@id":"https:\/\/www.calibereurope.com\/fr\/#\/schema\/logo\/image\/","url":"https:\/\/www.calibereurope.com\/wp-content\/uploads\/2019\/11\/Logo-Caliber-e1574846289621.png","contentUrl":"https:\/\/www.calibereurope.com\/wp-content\/uploads\/2019\/11\/Logo-Caliber-e1574846289621.png","width":400,"height":69,"caption":"Caliber Europe B.V."},"image":{"@id":"https:\/\/www.calibereurope.com\/fr\/#\/schema\/logo\/image\/"},"sameAs":["https:\/\/facebook.com\/CaliberEurope\/","https:\/\/x.com\/calibereurope","https:\/\/www.instagram.com\/calibereurope\/"]}]},"product_price_amount":"59.00","product_price_currency":"EUR","og_availability":"out of stock","product_availability":"out of stock","product_retailer_item_id":"RMD055DAB-BT","product_condition":"new"},"_links":{"self":[{"href":"https:\/\/www.calibereurope.com\/fr\/wp-json\/wp\/v2\/product\/1111425","targetHints":{"allow":["GET"]}}],"collection":[{"href":"https:\/\/www.calibereurope.com\/fr\/wp-json\/wp\/v2\/product"}],"about":[{"href":"https:\/\/www.calibereurope.com\/fr\/wp-json\/wp\/v2\/types\/product"}],"replies":[{"embeddable":true,"href":"https:\/\/www.calibereurope.com\/fr\/wp-json\/wp\/v2\/comments?post=1111425"}],"wp:featuredmedia":[{"embeddable":true,"href":"https:\/\/www.calibereurope.com\/fr\/wp-json\/wp\/v2\/media\/1675917"}],"wp:attachment":[{"href":"https:\/\/www.calibereurope.com\/fr\/wp-json\/wp\/v2\/media?parent=1111425"}],"wp:term":[{"taxonomy":"product_brand","embeddable":true,"href":"https:\/\/www.calibereurope.com\/fr\/wp-json\/wp\/v2\/product_brand?post=1111425"},{"taxonomy":"product_cat","embeddable":true,"href":"https:\/\/www.calibereurope.com\/fr\/wp-json\/wp\/v2\/product_cat?post=1111425"},{"taxonomy":"product_tag","embeddable":true,"href":"https:\/\/www.calibereurope.com\/fr\/wp-json\/wp\/v2\/product_tag?post=1111425"}],"curies":[{"name":"wp","href":"https:\/\/api.w.org\/{rel}","templated":true}]}}