{"id":1281179,"date":"2024-06-19T02:00:00","date_gmt":"2024-06-19T00:00:00","guid":{"rendered":""},"modified":"2025-07-01T14:09:21","modified_gmt":"2025-07-01T12:09:21","slug":"RMD805BT-fr_FR","status":"publish","type":"product","link":"https:\/\/www.calibereurope.com\/fr\/produit\/RMD805BT-fr_FR\/","title":{"rendered":"Autoradio Bluetooth &#8211; USB &#8211; AUX &#8211; 4 x 75 Watt &#8211; Radio AM \/ FM &#8211; Mirrorlink &#8211; 2 Din avec \u00e9cran tactile (RMD805BT)"},"content":{"rendered":"<p> \u00c9coutez de nombreuses stations de radio et listes de lecture lors de chaque trajet en voiture avec l&#39;autoradio Caliber RMD805BT avec Bluetooth. Via <strong>bluetooth<\/strong>, vous pouvez facilement diffuser des listes de lecture, des podcasts ou d&#39;autres musiques. Vous pouvez \u00e9galement utiliser la <strong>radio FM\/AM<\/strong> pour \u00e9couter diff\u00e9rentes stations de radio. Besoin de plus d&#39;options d&#39;\u00e9coute ? \u00e9coutez de la musique via <strong>AUX, micro SD ou USB<\/strong>. L&#39;autoradio a une puissance de <strong>4 x 75 watts<\/strong>. Vous pouvez facilement contr\u00f4ler la radio via <strong>l\u2019\u00e9cran tactile TFT-LCD de 6,2 pouces<\/strong> ou la <strong>t\u00e9l\u00e9commande<\/strong>.<\/p>\n<p><\/p>\n<\/p>\n<p> <strong>Caract\u00e9ristiques :<\/strong> <\/p>\n<ul>\n<li>Avec t\u00e9l\u00e9commande <\/li>\n<li>Puissance maximale de 4 x 75 watts <\/li>\n<li>\u00c9cran tactile TFT-LCD 6,2&#8243; <\/li>\n<li>USB, micro SD, AUX <\/li>\n<li>MP3, MPEG4, DivX, WMA et JPEG <\/li>\n<li>Technologie Bluetooth <\/li>\n<li>Mirrorlink iOS \/ Android <\/li>\n<li>Radio AM\/FM <\/li>\n<li>RCA <\/li>\n<li>Taille standard 2 DIN<\/li>\n<\/ul>\n<h3>Facile \u00e0 utiliser<\/h3>\n<p> L&#39;autoradio avec Bluetooth est \u00e9quip\u00e9 d&#39;un \u00e9cran tactile TFT-LCD de 6,2&#8243;. Via l&#39;\u00e9cran, vous pouvez facilement r\u00e9gler le volume, choisir une autre station de radio ou changer de chanson. L&#39;autoradio est livr\u00e9 avec une t\u00e9l\u00e9commande, de sorte que les passagers \u00e0 l&#39;arri\u00e8re peuvent \u00e9galement contr\u00f4ler facilement la musique. <\/p>\n<h3>Possibilit\u00e9s d&#39;\u00e9coute infinies<\/h3>\n<p> Que vous pr\u00e9f\u00e9riez \u00e9couter vos propres chansons via Bluetooth ou profiter des diff\u00e9rents canaux de radio : vous pouvez le faire avec cet autoradio Bluetooth. Par exemple, \u00e9coutez des listes de lecture Spotify ou mettez un podcast int\u00e9ressant. Outre la possibilit\u00e9 d&#39;\u00e9couter diff\u00e9rentes cha\u00eenes AM et FM, vous pouvez \u00e9galement \u00e9couter via USB, micro SD et AUX. L&#39;autoradio lit les formats de fichiers suivants : MP3, MPEG4, DivX, WMA et JPEG. <\/p>\n<h3>Pour de nombreuses voitures<\/h3>\n<p> L&#39;autoradio avec \u00e9cran a une taille standard de 2 DIN. Cela signifie que l&#39;autoradio avec USB et Bluetooth convient \u00e0 de nombreux mod\u00e8les de voiture. De plus, l&#39;autoradio double DIN est \u00e9galement \u00e9quip\u00e9 de RCA, vous pouvez donc connecter un amplificateur si vous voulez encore plus de volume. L&#39;autoradio avec USB et Bluetooth fournit 4 x 75 watts de puissance.<\/p>\n<p><\/p>\n<\/p>\n<p> <strong>Inclus :<\/strong> <\/p>\n<ul>\n<li>Autoradio Caliber RMD805BT avec Bluetooth <\/li>\n<li>T\u00e9l\u00e9commande <\/li>\n<\/ul>\n","protected":false},"excerpt":{"rendered":"<ul>\n<li>Avec t\u00e9l\u00e9commande<\/li>\n<li>Puissance maximale de 4 x 75 watts<\/li>\n<li>\u00c9cran tactile TFT-LCD 6,2&#8243;<\/li>\n<li>USB, micro SD, AUX<\/li>\n<li>MP3, MPEG4, DivX, WMA et JPEG<\/li>\n<li>Technologie Bluetooth<\/li>\n<li>Mirrorlink iOS \/ Android<\/li>\n<li>Radio AM\/FM<\/li>\n<li>RCA<\/li>\n<li>Taille standard 2 DIN<\/li>\n<\/ul>\n","protected":false},"featured_media":1603254,"comment_status":"open","ping_status":"closed","template":"","meta":{"inline_featured_image":false},"product_brand":[],"product_cat":[7806,7767],"product_tag":[],"class_list":{"0":"post-1281179","1":"product","2":"type-product","3":"status-publish","4":"has-post-thumbnail","6":"product_cat-radios_auto_fr_FR","7":"product_cat-auto_fr_FR","9":"first","10":"instock","11":"taxable","12":"shipping-taxable","13":"purchasable","14":"product-type-simple"},"yoast_head":"<!-- This site is optimized with the Yoast SEO plugin v24.4 - https:\/\/yoast.com\/wordpress\/plugins\/seo\/ -->\n<title>Autoradio Bluetooth - USB - AUX - 4 x 75 Watt - Radio AM \/ FM - Mirrorlink - 2 Din avec \u00e9cran tactile (RMD805BT) | Caliber<\/title>\n<meta name=\"robots\" content=\"index, follow, max-snippet:-1, max-image-preview:large, max-video-preview:-1\" \/>\n<link rel=\"canonical\" href=\"https:\/\/www.calibereurope.com\/fr\/produit\/RMD805BT-fr_FR\/\" \/>\n<meta property=\"og:locale\" content=\"fr_FR\" \/>\n<meta property=\"og:type\" content=\"article\" \/>\n<meta property=\"og:title\" content=\"Autoradio Bluetooth - USB - AUX - 4 x 75 Watt - Radio AM \/ FM - Mirrorlink - 2 Din avec \u00e9cran tactile (RMD805BT) | Caliber\" \/>\n<meta property=\"og:description\" content=\"Avec t\u00e9l\u00e9commandePuissance maximale de 4 x 75 watts\u00c9cran tactile TFT-LCD 6,2&quot;USB, micro SD, AUXMP3, MPEG4, DivX, WMA et JPEGTechnologie BluetoothMirrorlink iOS \/ AndroidRadio AM\/FMRCATaille standard 2 DIN\" \/>\n<meta property=\"og:url\" content=\"https:\/\/www.calibereurope.com\/fr\/produit\/RMD805BT-fr_FR\/\" \/>\n<meta property=\"og:site_name\" content=\"Caliber\" \/>\n<meta property=\"article:publisher\" content=\"https:\/\/facebook.com\/CaliberEurope\/\" \/>\n<meta property=\"article:modified_time\" content=\"2025-07-01T12:09:21+00:00\" \/>\n<meta property=\"og:image\" content=\"https:\/\/www.calibereurope.com\/wp-content\/uploads\/2022\/11\/a066ca9a9b0a0e877f2951356d711f7ee7bee5b9_RMD805BT_Front_dvd-4.jpg\" \/>\n\t<meta property=\"og:image:width\" content=\"1024\" \/>\n\t<meta property=\"og:image:height\" content=\"768\" \/>\n\t<meta property=\"og:image:type\" content=\"image\/jpeg\" \/>\n<meta name=\"twitter:card\" content=\"summary_large_image\" \/>\n<meta name=\"twitter:site\" content=\"@calibereurope\" \/>\n<meta name=\"twitter:label1\" content=\"Prix\" \/>\n\t<meta name=\"twitter:data1\" content=\"69,00\" \/>\n\t<meta name=\"twitter:label2\" content=\"Availability\" \/>\n\t<meta name=\"twitter:data2\" content=\"In stock\" \/>\n<script type=\"application\/ld+json\" class=\"yoast-schema-graph\">{\"@context\":\"https:\/\/schema.org\",\"@graph\":[{\"@type\":\"WebPage\",\"@id\":\"https:\/\/www.calibereurope.com\/fr\/produit\/RMD805BT-fr_FR\/\",\"url\":\"https:\/\/www.calibereurope.com\/fr\/produit\/RMD805BT-fr_FR\/\",\"name\":\"Autoradio Bluetooth - USB - AUX - 4 x 75 Watt - Radio AM \/ FM - Mirrorlink - 2 Din avec \u00e9cran tactile (RMD805BT) | Caliber\",\"isPartOf\":{\"@id\":\"https:\/\/www.calibereurope.com\/fr\/#website\"},\"primaryImageOfPage\":{\"@id\":\"https:\/\/www.calibereurope.com\/fr\/produit\/RMD805BT-fr_FR\/#primaryimage\"},\"image\":{\"@id\":\"https:\/\/www.calibereurope.com\/fr\/produit\/RMD805BT-fr_FR\/#primaryimage\"},\"thumbnailUrl\":\"https:\/\/www.calibereurope.com\/wp-content\/uploads\/2024\/06\/a066ca9a9b0a0e877f2951356d711f7ee7bee5b9_RMD805BT_Front_dvd.jpg\",\"datePublished\":\"2024-06-19T00:00:00+00:00\",\"dateModified\":\"2025-07-01T12:09:21+00:00\",\"breadcrumb\":{\"@id\":\"https:\/\/www.calibereurope.com\/fr\/produit\/RMD805BT-fr_FR\/#breadcrumb\"},\"inLanguage\":\"fr-FR\",\"potentialAction\":[{\"@type\":\"ReadAction\",\"target\":[\"https:\/\/www.calibereurope.com\/fr\/produit\/RMD805BT-fr_FR\/\"]}]},{\"@type\":\"ImageObject\",\"inLanguage\":\"fr-FR\",\"@id\":\"https:\/\/www.calibereurope.com\/fr\/produit\/RMD805BT-fr_FR\/#primaryimage\",\"url\":\"https:\/\/www.calibereurope.com\/wp-content\/uploads\/2024\/06\/a066ca9a9b0a0e877f2951356d711f7ee7bee5b9_RMD805BT_Front_dvd.jpg\",\"contentUrl\":\"https:\/\/www.calibereurope.com\/wp-content\/uploads\/2024\/06\/a066ca9a9b0a0e877f2951356d711f7ee7bee5b9_RMD805BT_Front_dvd.jpg\",\"width\":1024,\"height\":768},{\"@type\":\"BreadcrumbList\",\"@id\":\"https:\/\/www.calibereurope.com\/fr\/produit\/RMD805BT-fr_FR\/#breadcrumb\",\"itemListElement\":[{\"@type\":\"ListItem\",\"position\":1,\"name\":\"Home\",\"item\":\"https:\/\/www.calibereurope.com\/fr\/\"},{\"@type\":\"ListItem\",\"position\":2,\"name\":\"Boutique en ligne\",\"item\":\"https:\/\/www.calibereurope.com\/fr\/boutique-en-ligne\/\"},{\"@type\":\"ListItem\",\"position\":3,\"name\":\"Voiture\",\"item\":\"https:\/\/www.calibereurope.com\/fr\/auto_fr_FR\/\"},{\"@type\":\"ListItem\",\"position\":4,\"name\":\"Radios\",\"item\":\"https:\/\/www.calibereurope.com\/fr\/auto_fr_FR\/radios_auto_fr_FR\/\"},{\"@type\":\"ListItem\",\"position\":5,\"name\":\"Autoradio st\u00e9r\u00e9o avec technologie Bluetooth\u00ae &#8211; 2 DIN &#8211; \u00e9cran tactile de 6,2&Prime; &#8211; AM\/FM &#8211; USB &#8211; SD &#8211; AUX (RMD805BT)\"}]},{\"@type\":\"WebSite\",\"@id\":\"https:\/\/www.calibereurope.com\/fr\/#website\",\"url\":\"https:\/\/www.calibereurope.com\/fr\/\",\"name\":\"Caliber\",\"description\":\"Sounds good!\",\"publisher\":{\"@id\":\"https:\/\/www.calibereurope.com\/fr\/#organization\"},\"potentialAction\":[{\"@type\":\"SearchAction\",\"target\":{\"@type\":\"EntryPoint\",\"urlTemplate\":\"https:\/\/www.calibereurope.com\/fr\/?s={search_term_string}\"},\"query-input\":{\"@type\":\"PropertyValueSpecification\",\"valueRequired\":true,\"valueName\":\"search_term_string\"}}],\"inLanguage\":\"fr-FR\"},{\"@type\":\"Organization\",\"@id\":\"https:\/\/www.calibereurope.com\/fr\/#organization\",\"name\":\"Caliber Europe B.V.\",\"url\":\"https:\/\/www.calibereurope.com\/fr\/\",\"logo\":{\"@type\":\"ImageObject\",\"inLanguage\":\"fr-FR\",\"@id\":\"https:\/\/www.calibereurope.com\/fr\/#\/schema\/logo\/image\/\",\"url\":\"https:\/\/www.calibereurope.com\/wp-content\/uploads\/2019\/11\/Logo-Caliber-e1574846289621.png\",\"contentUrl\":\"https:\/\/www.calibereurope.com\/wp-content\/uploads\/2019\/11\/Logo-Caliber-e1574846289621.png\",\"width\":400,\"height\":69,\"caption\":\"Caliber Europe B.V.\"},\"image\":{\"@id\":\"https:\/\/www.calibereurope.com\/fr\/#\/schema\/logo\/image\/\"},\"sameAs\":[\"https:\/\/facebook.com\/CaliberEurope\/\",\"https:\/\/x.com\/calibereurope\",\"https:\/\/www.instagram.com\/calibereurope\/\"]}]}<\/script>\n<meta property=\"product:price:amount\" content=\"69.00\" \/>\n<meta property=\"product:price:currency\" content=\"EUR\" \/>\n<meta property=\"og:availability\" content=\"instock\" \/>\n<meta property=\"product:availability\" content=\"instock\" \/>\n<meta property=\"product:retailer_item_id\" content=\"RMD805BT\" \/>\n<meta property=\"product:condition\" content=\"new\" \/>\n<!-- \/ Yoast SEO plugin. -->","yoast_head_json":{"title":"Autoradio Bluetooth - USB - AUX - 4 x 75 Watt - Radio AM \/ FM - Mirrorlink - 2 Din avec \u00e9cran tactile (RMD805BT) | Caliber","robots":{"index":"index","follow":"follow","max-snippet":"max-snippet:-1","max-image-preview":"max-image-preview:large","max-video-preview":"max-video-preview:-1"},"canonical":"https:\/\/www.calibereurope.com\/fr\/produit\/RMD805BT-fr_FR\/","og_locale":"fr_FR","og_type":"article","og_title":"Autoradio Bluetooth - USB - AUX - 4 x 75 Watt - Radio AM \/ FM - Mirrorlink - 2 Din avec \u00e9cran tactile (RMD805BT) | Caliber","og_description":"Avec t\u00e9l\u00e9commandePuissance maximale de 4 x 75 watts\u00c9cran tactile TFT-LCD 6,2\"USB, micro SD, AUXMP3, MPEG4, DivX, WMA et JPEGTechnologie BluetoothMirrorlink iOS \/ AndroidRadio AM\/FMRCATaille standard 2 DIN","og_url":"https:\/\/www.calibereurope.com\/fr\/produit\/RMD805BT-fr_FR\/","og_site_name":"Caliber","article_publisher":"https:\/\/facebook.com\/CaliberEurope\/","article_modified_time":"2025-07-01T12:09:21+00:00","og_image":[{"width":1024,"height":768,"url":"https:\/\/www.calibereurope.com\/wp-content\/uploads\/2022\/11\/a066ca9a9b0a0e877f2951356d711f7ee7bee5b9_RMD805BT_Front_dvd-4.jpg","type":"image\/jpeg"}],"twitter_card":"summary_large_image","twitter_site":"@calibereurope","twitter_misc":{"Prix":"69,00","Availability":"In stock"},"schema":{"@context":"https:\/\/schema.org","@graph":[{"@type":"WebPage","@id":"https:\/\/www.calibereurope.com\/fr\/produit\/RMD805BT-fr_FR\/","url":"https:\/\/www.calibereurope.com\/fr\/produit\/RMD805BT-fr_FR\/","name":"Autoradio Bluetooth - USB - AUX - 4 x 75 Watt - Radio AM \/ FM - Mirrorlink - 2 Din avec \u00e9cran tactile (RMD805BT) | Caliber","isPartOf":{"@id":"https:\/\/www.calibereurope.com\/fr\/#website"},"primaryImageOfPage":{"@id":"https:\/\/www.calibereurope.com\/fr\/produit\/RMD805BT-fr_FR\/#primaryimage"},"image":{"@id":"https:\/\/www.calibereurope.com\/fr\/produit\/RMD805BT-fr_FR\/#primaryimage"},"thumbnailUrl":"https:\/\/www.calibereurope.com\/wp-content\/uploads\/2024\/06\/a066ca9a9b0a0e877f2951356d711f7ee7bee5b9_RMD805BT_Front_dvd.jpg","datePublished":"2024-06-19T00:00:00+00:00","dateModified":"2025-07-01T12:09:21+00:00","breadcrumb":{"@id":"https:\/\/www.calibereurope.com\/fr\/produit\/RMD805BT-fr_FR\/#breadcrumb"},"inLanguage":"fr-FR","potentialAction":[{"@type":"ReadAction","target":["https:\/\/www.calibereurope.com\/fr\/produit\/RMD805BT-fr_FR\/"]}]},{"@type":"ImageObject","inLanguage":"fr-FR","@id":"https:\/\/www.calibereurope.com\/fr\/produit\/RMD805BT-fr_FR\/#primaryimage","url":"https:\/\/www.calibereurope.com\/wp-content\/uploads\/2024\/06\/a066ca9a9b0a0e877f2951356d711f7ee7bee5b9_RMD805BT_Front_dvd.jpg","contentUrl":"https:\/\/www.calibereurope.com\/wp-content\/uploads\/2024\/06\/a066ca9a9b0a0e877f2951356d711f7ee7bee5b9_RMD805BT_Front_dvd.jpg","width":1024,"height":768},{"@type":"BreadcrumbList","@id":"https:\/\/www.calibereurope.com\/fr\/produit\/RMD805BT-fr_FR\/#breadcrumb","itemListElement":[{"@type":"ListItem","position":1,"name":"Home","item":"https:\/\/www.calibereurope.com\/fr\/"},{"@type":"ListItem","position":2,"name":"Boutique en ligne","item":"https:\/\/www.calibereurope.com\/fr\/boutique-en-ligne\/"},{"@type":"ListItem","position":3,"name":"Voiture","item":"https:\/\/www.calibereurope.com\/fr\/auto_fr_FR\/"},{"@type":"ListItem","position":4,"name":"Radios","item":"https:\/\/www.calibereurope.com\/fr\/auto_fr_FR\/radios_auto_fr_FR\/"},{"@type":"ListItem","position":5,"name":"Autoradio st\u00e9r\u00e9o avec technologie Bluetooth\u00ae &#8211; 2 DIN &#8211; \u00e9cran tactile de 6,2&Prime; &#8211; AM\/FM &#8211; USB &#8211; SD &#8211; AUX (RMD805BT)"}]},{"@type":"WebSite","@id":"https:\/\/www.calibereurope.com\/fr\/#website","url":"https:\/\/www.calibereurope.com\/fr\/","name":"Caliber","description":"Sounds good!","publisher":{"@id":"https:\/\/www.calibereurope.com\/fr\/#organization"},"potentialAction":[{"@type":"SearchAction","target":{"@type":"EntryPoint","urlTemplate":"https:\/\/www.calibereurope.com\/fr\/?s={search_term_string}"},"query-input":{"@type":"PropertyValueSpecification","valueRequired":true,"valueName":"search_term_string"}}],"inLanguage":"fr-FR"},{"@type":"Organization","@id":"https:\/\/www.calibereurope.com\/fr\/#organization","name":"Caliber Europe B.V.","url":"https:\/\/www.calibereurope.com\/fr\/","logo":{"@type":"ImageObject","inLanguage":"fr-FR","@id":"https:\/\/www.calibereurope.com\/fr\/#\/schema\/logo\/image\/","url":"https:\/\/www.calibereurope.com\/wp-content\/uploads\/2019\/11\/Logo-Caliber-e1574846289621.png","contentUrl":"https:\/\/www.calibereurope.com\/wp-content\/uploads\/2019\/11\/Logo-Caliber-e1574846289621.png","width":400,"height":69,"caption":"Caliber Europe B.V."},"image":{"@id":"https:\/\/www.calibereurope.com\/fr\/#\/schema\/logo\/image\/"},"sameAs":["https:\/\/facebook.com\/CaliberEurope\/","https:\/\/x.com\/calibereurope","https:\/\/www.instagram.com\/calibereurope\/"]}]},"product_price_amount":"69.00","product_price_currency":"EUR","og_availability":"instock","product_availability":"instock","product_retailer_item_id":"RMD805BT","product_condition":"new"},"_links":{"self":[{"href":"https:\/\/www.calibereurope.com\/fr\/wp-json\/wp\/v2\/product\/1281179","targetHints":{"allow":["GET"]}}],"collection":[{"href":"https:\/\/www.calibereurope.com\/fr\/wp-json\/wp\/v2\/product"}],"about":[{"href":"https:\/\/www.calibereurope.com\/fr\/wp-json\/wp\/v2\/types\/product"}],"replies":[{"embeddable":true,"href":"https:\/\/www.calibereurope.com\/fr\/wp-json\/wp\/v2\/comments?post=1281179"}],"wp:featuredmedia":[{"embeddable":true,"href":"https:\/\/www.calibereurope.com\/fr\/wp-json\/wp\/v2\/media\/1603254"}],"wp:attachment":[{"href":"https:\/\/www.calibereurope.com\/fr\/wp-json\/wp\/v2\/media?parent=1281179"}],"wp:term":[{"taxonomy":"product_brand","embeddable":true,"href":"https:\/\/www.calibereurope.com\/fr\/wp-json\/wp\/v2\/product_brand?post=1281179"},{"taxonomy":"product_cat","embeddable":true,"href":"https:\/\/www.calibereurope.com\/fr\/wp-json\/wp\/v2\/product_cat?post=1281179"},{"taxonomy":"product_tag","embeddable":true,"href":"https:\/\/www.calibereurope.com\/fr\/wp-json\/wp\/v2\/product_tag?post=1281179"}],"curies":[{"name":"wp","href":"https:\/\/api.w.org\/{rel}","templated":true}]}}