{"id":1345284,"date":"2026-01-05T01:00:00","date_gmt":"2026-01-05T00:00:00","guid":{"rendered":"0"},"modified":"2026-01-05T14:10:35","modified_gmt":"2026-01-05T13:10:35","slug":"BC121US-fr_FR","status":"publish","type":"product","link":"https:\/\/www.calibereurope.com\/fr\/produit\/BC121US-fr_FR\/","title":{"rendered":"Subwoofer sous le si\u00e8ge avec amplificateur pour auto &#8211; Entr\u00e9e RCA &#8211; Max 500 Watt &#8211; 100 Watt RMS &#8211; Woofer 8 pouces (BC121US)"},"content":{"rendered":"<p> Am\u00e9liorez encore le son de votre voiture avec ce subwoofer Caliber BC121US <strong>sous le si\u00e8ge<\/strong> avec amplificateur. Le subwoofer a une <strong>taille compacte<\/strong>, ce qui le rend facile \u00e0 placer sous les si\u00e8ges de voiture. Le <strong>mat\u00e9riel de connexion est inclus<\/strong>, vous pouvez donc placer le subwoofer en un laps de temps. Gr\u00e2ce \u00e0 <strong>l\u2019amplificateur int\u00e9gr\u00e9<\/strong>, vous pouvez profiter d&#39;un son exceptionnel \u00e0 chaque trajet en voiture. Vous commandez l&#39;amplificateur depuis n&#39;importe o\u00f9 dans la voiture avec la <strong>t\u00e9l\u00e9commande incluse<\/strong>. Le subwoofer a une <strong>puissance de 100 watts RMS<\/strong>.<\/p>\n<p><\/p>\n<\/p>\n<p> <strong>Caract\u00e9ristiques :<\/strong> <\/p>\n<ul>\n<li> subwoofer actif sous le si\u00e8ge <\/li>\n<li>Avec amplificateur int\u00e9gr\u00e9 <\/li>\n<li>500 watts max \/ 100 watts RMS <\/li>\n<li> Tr\u00e8s compact : 29 x 21 x 7,2 cm <\/li>\n<li>Avec t\u00e9l\u00e9commande filaire (5 m) <\/li>\n<li>Mat\u00e9riel de connexion fusible inclus <\/li>\n<li>Entr\u00e9e RCA : 130 mV &#8211; 2 V <\/li>\n<li>Gamme compl\u00e8te : 50 Hz &#8211; 150 Hz &lt; li&gt; Commutateur de phase 0\/180 degr\u00e9s <\/li>\n<li>Bass boost 0-12 DB, 45 Hz<\/li>\n<\/ul>\n<h3>Entour\u00e9 d&#39;un bon son<\/h3>\n<p> Si vous aimez \u00e9couter votre musique pr\u00e9f\u00e9r\u00e9e chansons pendant vos trajets en voiture. En ajoutant ce subwoofer \u00e0 votre installation audio, vous am\u00e9liorez v\u00e9ritablement le son de votre voiture. Le subwoofer de voiture garantit que les basses de la musique sortent encore mieux. De cette fa\u00e7on, vous b\u00e9n\u00e9ficiez de la meilleure exp\u00e9rience sonore \u00e0 chaque trajet. <\/p>\n<h3>Peut \u00eatre utilis\u00e9 sous n&#39;importe quel angle<\/h3>\n<p>Le subwoofer a une puissance de 100 watts RMS et une puissance maximale de 500 watts. Cela signifie que votre musique est puissamment distribu\u00e9e dans toute la voiture. Gr\u00e2ce \u00e0 l&#39;entr\u00e9e RCA, vous pouvez \u00e9galement connecter un amplificateur de voiture suppl\u00e9mentaire. De cette fa\u00e7on, vous cr\u00e9ez encore plus de son. Vous commandez le subwoofer de voiture via la t\u00e9l\u00e9commande fournie. Le c\u00e2ble de la t\u00e9l\u00e9commande ne mesure pas moins de 5 m\u00e8tres de long, de sorte que le subwoofer peut \u00eatre command\u00e9 depuis n&#39;importe quel si\u00e8ge. <\/p>\n<h3>Facile \u00e0 installer<\/h3>\n<p> Le subwoofer de voiture avec amplificateur est tr\u00e8s compact, vous pouvez donc facilement le placer sous un si\u00e8ge ou dans le coffre de presque toutes les voitures. Gr\u00e2ce \u00e0 sa petite taille, le subwoofer prend tr\u00e8s peu de place, laissant beaucoup de place aux passagers et aux bagages. Le subwoofer de voiture est livr\u00e9 avec un mat\u00e9riel de connexion s\u00e9curis\u00e9, avec lequel vous pouvez connecter le subwoofer en un laps de temps.<\/p>\n<p><\/p>\n<\/p>\n<p> <strong>Inclus :<\/strong> <\/p>\n<ul>\n<li> subwoofer de voiture Caliber BC121US sous le si\u00e8ge avec amplificateur <\/li>\n<li>T\u00e9l\u00e9commande <\/li>\n<li>mat\u00e9riel de connexion \u00e0 fusible et prot\u00e9g\u00e9 thermiquement <\/li>\n<\/ul>\n","protected":false},"excerpt":{"rendered":"<ul>\n<li>subwoofer actif sous le si\u00e8ge<\/li>\n<li>Avec amplificateur int\u00e9gr\u00e9<\/li>\n<li>500 watts max \/ 100 watts RMS<\/li>\n<li>Tr\u00e8s compact : 29 x 21 x 7,2 cm<\/li>\n<li>Avec t\u00e9l\u00e9commande filaire (5 m)<\/li>\n<li>Mat\u00e9riel de connexion fusible inclus<\/li>\n<li>Entr\u00e9e RCA : 130 mV &#8211; 2 V<\/li>\n<li>Gamme compl\u00e8te : 50 Hz &#8211; 150 Hz &lt; li&gt; Commutateur de phase 0\/180 degr\u00e9s<\/li>\n<li>Bass boost 0-12 DB, 45 Hz<\/li>\n<\/ul>\n","protected":false},"featured_media":1682078,"comment_status":"open","ping_status":"closed","template":"","meta":{"inline_featured_image":false},"product_brand":[],"product_cat":[12360,7767],"product_tag":[],"class_list":{"0":"post-1345284","1":"product","2":"type-product","3":"status-publish","4":"has-post-thumbnail","6":"product_cat-subwoofers_fr_FR","7":"product_cat-auto_fr_FR","9":"first","10":"instock","11":"taxable","12":"shipping-taxable","13":"purchasable","14":"product-type-simple"},"yoast_head":"<!-- This site is optimized with the Yoast SEO plugin v24.4 - https:\/\/yoast.com\/wordpress\/plugins\/seo\/ -->\n<title>Subwoofer sous le si\u00e8ge avec amplificateur pour auto - Entr\u00e9e RCA - Max 500 Watt - 100 Watt RMS - Woofer 8 pouces (BC121US) | Caliber<\/title>\n<meta name=\"robots\" content=\"index, follow, max-snippet:-1, max-image-preview:large, max-video-preview:-1\" \/>\n<link rel=\"canonical\" href=\"https:\/\/www.calibereurope.com\/fr\/produit\/BC121US-fr_FR\/\" \/>\n<meta property=\"og:locale\" content=\"fr_FR\" \/>\n<meta property=\"og:type\" content=\"article\" \/>\n<meta property=\"og:title\" content=\"Subwoofer sous le si\u00e8ge avec amplificateur pour auto - Entr\u00e9e RCA - Max 500 Watt - 100 Watt RMS - Woofer 8 pouces (BC121US) | Caliber\" \/>\n<meta property=\"og:description\" content=\"subwoofer actif sous le si\u00e8geAvec amplificateur int\u00e9gr\u00e9500 watts max \/ 100 watts RMSTr\u00e8s compact : 29 x 21 x 7,2 cmAvec t\u00e9l\u00e9commande filaire (5 m)Mat\u00e9riel de connexion fusible inclusEntr\u00e9e RCA : 130 mV - 2 VGamme compl\u00e8te : 50 Hz - 150 Hz &lt; li&gt; Commutateur de phase 0\/180 degr\u00e9sBass boost 0-12 DB, 45 Hz\" \/>\n<meta property=\"og:url\" content=\"https:\/\/www.calibereurope.com\/fr\/produit\/BC121US-fr_FR\/\" \/>\n<meta property=\"og:site_name\" content=\"Caliber\" \/>\n<meta property=\"article:publisher\" content=\"https:\/\/facebook.com\/CaliberEurope\/\" \/>\n<meta property=\"article:modified_time\" content=\"2026-01-05T13:10:35+00:00\" \/>\n<meta property=\"og:image\" content=\"https:\/\/www.calibereurope.com\/wp-content\/uploads\/2022\/12\/4fe0dc865f17f52518f4f9ac8cfc40a47b498409_BC120US_Top.jpg\" \/>\n\t<meta property=\"og:image:width\" content=\"1024\" \/>\n\t<meta property=\"og:image:height\" content=\"768\" \/>\n\t<meta property=\"og:image:type\" content=\"image\/jpeg\" \/>\n<meta name=\"twitter:card\" content=\"summary_large_image\" \/>\n<meta name=\"twitter:site\" content=\"@calibereurope\" \/>\n<meta name=\"twitter:label1\" content=\"Prix\" \/>\n\t<meta name=\"twitter:data1\" content=\"129,00\" \/>\n\t<meta name=\"twitter:label2\" content=\"Availability\" \/>\n\t<meta name=\"twitter:data2\" content=\"In stock\" \/>\n<script type=\"application\/ld+json\" class=\"yoast-schema-graph\">{\"@context\":\"https:\/\/schema.org\",\"@graph\":[{\"@type\":\"WebPage\",\"@id\":\"https:\/\/www.calibereurope.com\/fr\/produit\/BC121US-fr_FR\/\",\"url\":\"https:\/\/www.calibereurope.com\/fr\/produit\/BC121US-fr_FR\/\",\"name\":\"Subwoofer sous le si\u00e8ge avec amplificateur pour auto - Entr\u00e9e RCA - Max 500 Watt - 100 Watt RMS - Woofer 8 pouces (BC121US) | Caliber\",\"isPartOf\":{\"@id\":\"https:\/\/www.calibereurope.com\/fr\/#website\"},\"primaryImageOfPage\":{\"@id\":\"https:\/\/www.calibereurope.com\/fr\/produit\/BC121US-fr_FR\/#primaryimage\"},\"image\":{\"@id\":\"https:\/\/www.calibereurope.com\/fr\/produit\/BC121US-fr_FR\/#primaryimage\"},\"thumbnailUrl\":\"https:\/\/www.calibereurope.com\/wp-content\/uploads\/2026\/01\/4fe0dc865f17f52518f4f9ac8cfc40a47b498409_BC120US_Top.jpg\",\"datePublished\":\"2026-01-05T00:00:00+00:00\",\"dateModified\":\"2026-01-05T13:10:35+00:00\",\"breadcrumb\":{\"@id\":\"https:\/\/www.calibereurope.com\/fr\/produit\/BC121US-fr_FR\/#breadcrumb\"},\"inLanguage\":\"fr-FR\",\"potentialAction\":[{\"@type\":\"ReadAction\",\"target\":[\"https:\/\/www.calibereurope.com\/fr\/produit\/BC121US-fr_FR\/\"]}]},{\"@type\":\"ImageObject\",\"inLanguage\":\"fr-FR\",\"@id\":\"https:\/\/www.calibereurope.com\/fr\/produit\/BC121US-fr_FR\/#primaryimage\",\"url\":\"https:\/\/www.calibereurope.com\/wp-content\/uploads\/2026\/01\/4fe0dc865f17f52518f4f9ac8cfc40a47b498409_BC120US_Top.jpg\",\"contentUrl\":\"https:\/\/www.calibereurope.com\/wp-content\/uploads\/2026\/01\/4fe0dc865f17f52518f4f9ac8cfc40a47b498409_BC120US_Top.jpg\",\"width\":1024,\"height\":768},{\"@type\":\"BreadcrumbList\",\"@id\":\"https:\/\/www.calibereurope.com\/fr\/produit\/BC121US-fr_FR\/#breadcrumb\",\"itemListElement\":[{\"@type\":\"ListItem\",\"position\":1,\"name\":\"Home\",\"item\":\"https:\/\/www.calibereurope.com\/fr\/\"},{\"@type\":\"ListItem\",\"position\":2,\"name\":\"Boutique en ligne\",\"item\":\"https:\/\/www.calibereurope.com\/fr\/boutique-en-ligne\/\"},{\"@type\":\"ListItem\",\"position\":3,\"name\":\"Voiture\",\"item\":\"https:\/\/www.calibereurope.com\/fr\/auto_fr_FR\/\"},{\"@type\":\"ListItem\",\"position\":4,\"name\":\"Subwoofers\",\"item\":\"https:\/\/www.calibereurope.com\/fr\/auto_fr_FR\/subwoofers_fr_FR\/\"},{\"@type\":\"ListItem\",\"position\":5,\"name\":\"Subwoofer actif voiture &#8211; Underseat &#8211; 500 Watt &#8211; 8 Inch &#8211; Noir (BC121US)\"}]},{\"@type\":\"WebSite\",\"@id\":\"https:\/\/www.calibereurope.com\/fr\/#website\",\"url\":\"https:\/\/www.calibereurope.com\/fr\/\",\"name\":\"Caliber\",\"description\":\"Sounds good!\",\"publisher\":{\"@id\":\"https:\/\/www.calibereurope.com\/fr\/#organization\"},\"potentialAction\":[{\"@type\":\"SearchAction\",\"target\":{\"@type\":\"EntryPoint\",\"urlTemplate\":\"https:\/\/www.calibereurope.com\/fr\/?s={search_term_string}\"},\"query-input\":{\"@type\":\"PropertyValueSpecification\",\"valueRequired\":true,\"valueName\":\"search_term_string\"}}],\"inLanguage\":\"fr-FR\"},{\"@type\":\"Organization\",\"@id\":\"https:\/\/www.calibereurope.com\/fr\/#organization\",\"name\":\"Caliber Europe B.V.\",\"url\":\"https:\/\/www.calibereurope.com\/fr\/\",\"logo\":{\"@type\":\"ImageObject\",\"inLanguage\":\"fr-FR\",\"@id\":\"https:\/\/www.calibereurope.com\/fr\/#\/schema\/logo\/image\/\",\"url\":\"https:\/\/www.calibereurope.com\/wp-content\/uploads\/2019\/11\/Logo-Caliber-e1574846289621.png\",\"contentUrl\":\"https:\/\/www.calibereurope.com\/wp-content\/uploads\/2019\/11\/Logo-Caliber-e1574846289621.png\",\"width\":400,\"height\":69,\"caption\":\"Caliber Europe B.V.\"},\"image\":{\"@id\":\"https:\/\/www.calibereurope.com\/fr\/#\/schema\/logo\/image\/\"},\"sameAs\":[\"https:\/\/facebook.com\/CaliberEurope\/\",\"https:\/\/x.com\/calibereurope\",\"https:\/\/www.instagram.com\/calibereurope\/\"]}]}<\/script>\n<meta property=\"product:price:amount\" content=\"129.00\" \/>\n<meta property=\"product:price:currency\" content=\"EUR\" \/>\n<meta property=\"og:availability\" content=\"instock\" \/>\n<meta property=\"product:availability\" content=\"instock\" \/>\n<meta property=\"product:retailer_item_id\" content=\"BC121US\" \/>\n<meta property=\"product:condition\" content=\"new\" \/>\n<!-- \/ Yoast SEO plugin. -->","yoast_head_json":{"title":"Subwoofer sous le si\u00e8ge avec amplificateur pour auto - Entr\u00e9e RCA - Max 500 Watt - 100 Watt RMS - Woofer 8 pouces (BC121US) | Caliber","robots":{"index":"index","follow":"follow","max-snippet":"max-snippet:-1","max-image-preview":"max-image-preview:large","max-video-preview":"max-video-preview:-1"},"canonical":"https:\/\/www.calibereurope.com\/fr\/produit\/BC121US-fr_FR\/","og_locale":"fr_FR","og_type":"article","og_title":"Subwoofer sous le si\u00e8ge avec amplificateur pour auto - Entr\u00e9e RCA - Max 500 Watt - 100 Watt RMS - Woofer 8 pouces (BC121US) | Caliber","og_description":"subwoofer actif sous le si\u00e8geAvec amplificateur int\u00e9gr\u00e9500 watts max \/ 100 watts RMSTr\u00e8s compact : 29 x 21 x 7,2 cmAvec t\u00e9l\u00e9commande filaire (5 m)Mat\u00e9riel de connexion fusible inclusEntr\u00e9e RCA : 130 mV - 2 VGamme compl\u00e8te : 50 Hz - 150 Hz &lt; li&gt; Commutateur de phase 0\/180 degr\u00e9sBass boost 0-12 DB, 45 Hz","og_url":"https:\/\/www.calibereurope.com\/fr\/produit\/BC121US-fr_FR\/","og_site_name":"Caliber","article_publisher":"https:\/\/facebook.com\/CaliberEurope\/","article_modified_time":"2026-01-05T13:10:35+00:00","og_image":[{"width":1024,"height":768,"url":"https:\/\/www.calibereurope.com\/wp-content\/uploads\/2022\/12\/4fe0dc865f17f52518f4f9ac8cfc40a47b498409_BC120US_Top.jpg","type":"image\/jpeg"}],"twitter_card":"summary_large_image","twitter_site":"@calibereurope","twitter_misc":{"Prix":"129,00","Availability":"In stock"},"schema":{"@context":"https:\/\/schema.org","@graph":[{"@type":"WebPage","@id":"https:\/\/www.calibereurope.com\/fr\/produit\/BC121US-fr_FR\/","url":"https:\/\/www.calibereurope.com\/fr\/produit\/BC121US-fr_FR\/","name":"Subwoofer sous le si\u00e8ge avec amplificateur pour auto - Entr\u00e9e RCA - Max 500 Watt - 100 Watt RMS - Woofer 8 pouces (BC121US) | Caliber","isPartOf":{"@id":"https:\/\/www.calibereurope.com\/fr\/#website"},"primaryImageOfPage":{"@id":"https:\/\/www.calibereurope.com\/fr\/produit\/BC121US-fr_FR\/#primaryimage"},"image":{"@id":"https:\/\/www.calibereurope.com\/fr\/produit\/BC121US-fr_FR\/#primaryimage"},"thumbnailUrl":"https:\/\/www.calibereurope.com\/wp-content\/uploads\/2026\/01\/4fe0dc865f17f52518f4f9ac8cfc40a47b498409_BC120US_Top.jpg","datePublished":"2026-01-05T00:00:00+00:00","dateModified":"2026-01-05T13:10:35+00:00","breadcrumb":{"@id":"https:\/\/www.calibereurope.com\/fr\/produit\/BC121US-fr_FR\/#breadcrumb"},"inLanguage":"fr-FR","potentialAction":[{"@type":"ReadAction","target":["https:\/\/www.calibereurope.com\/fr\/produit\/BC121US-fr_FR\/"]}]},{"@type":"ImageObject","inLanguage":"fr-FR","@id":"https:\/\/www.calibereurope.com\/fr\/produit\/BC121US-fr_FR\/#primaryimage","url":"https:\/\/www.calibereurope.com\/wp-content\/uploads\/2026\/01\/4fe0dc865f17f52518f4f9ac8cfc40a47b498409_BC120US_Top.jpg","contentUrl":"https:\/\/www.calibereurope.com\/wp-content\/uploads\/2026\/01\/4fe0dc865f17f52518f4f9ac8cfc40a47b498409_BC120US_Top.jpg","width":1024,"height":768},{"@type":"BreadcrumbList","@id":"https:\/\/www.calibereurope.com\/fr\/produit\/BC121US-fr_FR\/#breadcrumb","itemListElement":[{"@type":"ListItem","position":1,"name":"Home","item":"https:\/\/www.calibereurope.com\/fr\/"},{"@type":"ListItem","position":2,"name":"Boutique en ligne","item":"https:\/\/www.calibereurope.com\/fr\/boutique-en-ligne\/"},{"@type":"ListItem","position":3,"name":"Voiture","item":"https:\/\/www.calibereurope.com\/fr\/auto_fr_FR\/"},{"@type":"ListItem","position":4,"name":"Subwoofers","item":"https:\/\/www.calibereurope.com\/fr\/auto_fr_FR\/subwoofers_fr_FR\/"},{"@type":"ListItem","position":5,"name":"Subwoofer actif voiture &#8211; Underseat &#8211; 500 Watt &#8211; 8 Inch &#8211; Noir (BC121US)"}]},{"@type":"WebSite","@id":"https:\/\/www.calibereurope.com\/fr\/#website","url":"https:\/\/www.calibereurope.com\/fr\/","name":"Caliber","description":"Sounds good!","publisher":{"@id":"https:\/\/www.calibereurope.com\/fr\/#organization"},"potentialAction":[{"@type":"SearchAction","target":{"@type":"EntryPoint","urlTemplate":"https:\/\/www.calibereurope.com\/fr\/?s={search_term_string}"},"query-input":{"@type":"PropertyValueSpecification","valueRequired":true,"valueName":"search_term_string"}}],"inLanguage":"fr-FR"},{"@type":"Organization","@id":"https:\/\/www.calibereurope.com\/fr\/#organization","name":"Caliber Europe B.V.","url":"https:\/\/www.calibereurope.com\/fr\/","logo":{"@type":"ImageObject","inLanguage":"fr-FR","@id":"https:\/\/www.calibereurope.com\/fr\/#\/schema\/logo\/image\/","url":"https:\/\/www.calibereurope.com\/wp-content\/uploads\/2019\/11\/Logo-Caliber-e1574846289621.png","contentUrl":"https:\/\/www.calibereurope.com\/wp-content\/uploads\/2019\/11\/Logo-Caliber-e1574846289621.png","width":400,"height":69,"caption":"Caliber Europe B.V."},"image":{"@id":"https:\/\/www.calibereurope.com\/fr\/#\/schema\/logo\/image\/"},"sameAs":["https:\/\/facebook.com\/CaliberEurope\/","https:\/\/x.com\/calibereurope","https:\/\/www.instagram.com\/calibereurope\/"]}]},"product_price_amount":"129.00","product_price_currency":"EUR","og_availability":"instock","product_availability":"instock","product_retailer_item_id":"BC121US","product_condition":"new"},"_links":{"self":[{"href":"https:\/\/www.calibereurope.com\/fr\/wp-json\/wp\/v2\/product\/1345284","targetHints":{"allow":["GET"]}}],"collection":[{"href":"https:\/\/www.calibereurope.com\/fr\/wp-json\/wp\/v2\/product"}],"about":[{"href":"https:\/\/www.calibereurope.com\/fr\/wp-json\/wp\/v2\/types\/product"}],"replies":[{"embeddable":true,"href":"https:\/\/www.calibereurope.com\/fr\/wp-json\/wp\/v2\/comments?post=1345284"}],"wp:featuredmedia":[{"embeddable":true,"href":"https:\/\/www.calibereurope.com\/fr\/wp-json\/wp\/v2\/media\/1682078"}],"wp:attachment":[{"href":"https:\/\/www.calibereurope.com\/fr\/wp-json\/wp\/v2\/media?parent=1345284"}],"wp:term":[{"taxonomy":"product_brand","embeddable":true,"href":"https:\/\/www.calibereurope.com\/fr\/wp-json\/wp\/v2\/product_brand?post=1345284"},{"taxonomy":"product_cat","embeddable":true,"href":"https:\/\/www.calibereurope.com\/fr\/wp-json\/wp\/v2\/product_cat?post=1345284"},{"taxonomy":"product_tag","embeddable":true,"href":"https:\/\/www.calibereurope.com\/fr\/wp-json\/wp\/v2\/product_tag?post=1345284"}],"curies":[{"name":"wp","href":"https:\/\/api.w.org\/{rel}","templated":true}]}}