{"id":1356834,"date":"2026-01-05T01:00:00","date_gmt":"2026-01-05T00:00:00","guid":{"rendered":"0"},"modified":"2026-01-05T14:12:01","modified_gmt":"2026-01-05T13:12:01","slug":"CDS5-fr_FR","status":"publish","type":"product","link":"https:\/\/www.calibereurope.com\/fr\/produit\/CDS5-fr_FR\/","title":{"rendered":"Ensemble de haut-parleurs &#8211; 13 cm &#8211; 100W Max &#8211; 40W RMS &#8211; Tweeters de n\u00e9odyme de 30 mm &#8211; 2 haut-parleurs coaxiaux routiers (CDS5)"},"content":{"rendered":"<p> L&#39;ensemble d&#39;enceintes CDS5 de calibre est disponible dans un ensemble <strong> de deux. <\/strong> Les deux haut-parleurs sont <strong> 13 cm chacun <\/strong>. \u00c9coutez maintenant tous vos succ\u00e8s pr\u00e9f\u00e9r\u00e9s avec ces haut-parleurs pour la voiture. Gr\u00e2ce aux tweeters de n\u00e9odyme <strong> 30 mm <\/strong>, vous pouvez profiter de mani\u00e8re optimale de tous les tons hauts de la musique. Les haut-parleurs de voiture ont un syst\u00e8me routier <strong> 2 <\/strong> pour que les tons hauts et bas de la musique soient bien distingu\u00e9s. Avec un son de <strong> maximum 100 watts et 40 watt rms <\/strong>, vous \u00eates toujours assur\u00e9 de la meilleure qualit\u00e9 son.<\/p>\n<p><\/p>\n<\/p>\n<p> <strong> Caract\u00e9ristiques: <\/strong> <\/p>\n<ul>\n<li> haut-parleurs de voiture de 13 cm <\/li>\n<li> haut-parleurs coaxiaux <\/li>\n<li> Tweeters de n\u00e9odyme de 30 mm <\/li>\n<li> 40 watts RMS <\/li>\n<li> Pouvoir maximum: 100 watts <\/li>\n<li> Sensibilit\u00e9: 92db \/ w \/ m <\/li>\n<li> Profondeur d&#39;assemblage : 47 mm <\/li>\n<li> Diam\u00e8tre int\u00e9gr\u00e9: 120 mm <\/li>\n<li> Avec IMPP-Kegel dans Kevlar Look <\/li>\n<\/ul>\n<h3> Fusion dans la musique <\/h3>\n<p> Si vous recherchez des haut-parleurs qui assurent un son optimal dans votre voiture, vous \u00eates au bon endroit avec cet ensemble. Les tweeters de n\u00e9odyme de 30 mm distinguent les tons hauts des tons bas. Gr\u00e2ce aux haut-parleurs coaxiaux et aux tweeters, vous pouvez entendre tous les d\u00e9tails de la musique. <\/p>\n<h3> Sound puissant <\/h3>\n<p> Les haut-parleurs de voiture de 13 cm sont \u00e9quip\u00e9s d&#39;une puissance maximale de 100 watts et d&#39;une puissance minimale de 40 watts RMS. Assurez-vous que les haut-parleurs de voiture n&#39;ont pas le volume maximal en cas d&#39;exposition \u00e0 long terme. Ce n&#39;est pas non plus n\u00e9cessaire pour profiter pleinement de vos chansons pr\u00e9f\u00e9r\u00e9es. Les sons des haut-parleurs de voiture peuvent \u00eatre entendus, que vous ayez le volume faible ou \u00e9lev\u00e9. <\/p>\n<h3> Facile \u00e0 installer <\/h3>\n<p> Gr\u00e2ce aux mat\u00e9riaux fournis, les haut-parleurs sont faciles \u00e0 installer. Vous pouvez facilement placer l&#39;ensemble d&#39;enceintes avec une profondeur d&#39;installation de 47 mm et un diam\u00e8tre construit de 120 mm dans votre voiture. Vous pouvez ensuite les attacher avec les vis fournies et les clips de montage. <\/p>\n<p> <\/p>\n<\/p>\n<p> <strong> inclus: <\/strong> <\/p>\n<ul>\n<li> Ensemble de haut-parleurs CDS5 de calibre <\/li>\n<li> Fasters: vis et clips <\/li>\n<\/ul>\n","protected":false},"excerpt":{"rendered":"<p>L&#39;ensemble d&#39;enceintes CDS5 de calibre est disponible dans un ensemble de deux. Les deux haut-parleurs sont 13 cm chacun . \u00c9coutez maintenant tous vos succ\u00e8s pr\u00e9f\u00e9r\u00e9s avec ces haut-parleurs pour la voiture. Gr\u00e2ce aux tweeters de n\u00e9odyme 30 mm , vous pouvez profiter de mani\u00e8re optimale de tous les tons hauts de la musique. Les [&hellip;]<\/p>\n","protected":false},"featured_media":1682494,"comment_status":"open","ping_status":"closed","template":"","meta":{"inline_featured_image":false},"product_brand":[],"product_cat":[7803],"product_tag":[],"class_list":{"0":"post-1356834","1":"product","2":"type-product","3":"status-publish","4":"has-post-thumbnail","6":"product_cat-luidsprekers_auto_fr_FR","8":"first","9":"instock","10":"taxable","11":"shipping-taxable","12":"purchasable","13":"product-type-simple"},"yoast_head":"<!-- This site is optimized with the Yoast SEO plugin v24.4 - https:\/\/yoast.com\/wordpress\/plugins\/seo\/ -->\n<title>Ensemble de haut-parleurs - 13 cm - 100W Max - 40W RMS - Tweeters de n\u00e9odyme de 30 mm - 2 haut-parleurs coaxiaux routiers (CDS5) | Caliber<\/title>\n<meta name=\"robots\" content=\"index, follow, max-snippet:-1, max-image-preview:large, max-video-preview:-1\" \/>\n<link rel=\"canonical\" href=\"https:\/\/www.calibereurope.com\/fr\/produit\/CDS5-fr_FR\/\" \/>\n<meta property=\"og:locale\" content=\"fr_FR\" \/>\n<meta property=\"og:type\" content=\"article\" \/>\n<meta property=\"og:title\" content=\"Ensemble de haut-parleurs - 13 cm - 100W Max - 40W RMS - Tweeters de n\u00e9odyme de 30 mm - 2 haut-parleurs coaxiaux routiers (CDS5) | Caliber\" \/>\n<meta property=\"og:description\" content=\"L&#039;ensemble d&#039;enceintes CDS5 de calibre est disponible dans un ensemble de deux. Les deux haut-parleurs sont 13 cm chacun . \u00c9coutez maintenant tous vos succ\u00e8s pr\u00e9f\u00e9r\u00e9s avec ces haut-parleurs pour la voiture. Gr\u00e2ce aux tweeters de n\u00e9odyme 30 mm , vous pouvez profiter de mani\u00e8re optimale de tous les tons hauts de la musique. Les [&hellip;]\" \/>\n<meta property=\"og:url\" content=\"https:\/\/www.calibereurope.com\/fr\/produit\/CDS5-fr_FR\/\" \/>\n<meta property=\"og:site_name\" content=\"Caliber\" \/>\n<meta property=\"article:publisher\" content=\"https:\/\/facebook.com\/CaliberEurope\/\" \/>\n<meta property=\"article:modified_time\" content=\"2026-01-05T13:12:01+00:00\" \/>\n<meta property=\"og:image\" content=\"https:\/\/www.calibereurope.com\/wp-content\/uploads\/2023\/01\/f5321a2f48b694ab58840718c2883941879ac7c5_CDS5_top.jpg\" \/>\n\t<meta property=\"og:image:width\" content=\"1024\" \/>\n\t<meta property=\"og:image:height\" content=\"768\" \/>\n\t<meta property=\"og:image:type\" content=\"image\/jpeg\" \/>\n<meta name=\"twitter:card\" content=\"summary_large_image\" \/>\n<meta name=\"twitter:site\" content=\"@calibereurope\" \/>\n<meta name=\"twitter:label1\" content=\"Prix\" \/>\n\t<meta name=\"twitter:data1\" content=\"26,95\" \/>\n\t<meta name=\"twitter:label2\" content=\"Availability\" \/>\n\t<meta name=\"twitter:data2\" content=\"In stock\" \/>\n<script type=\"application\/ld+json\" class=\"yoast-schema-graph\">{\"@context\":\"https:\/\/schema.org\",\"@graph\":[{\"@type\":\"WebPage\",\"@id\":\"https:\/\/www.calibereurope.com\/fr\/produit\/CDS5-fr_FR\/\",\"url\":\"https:\/\/www.calibereurope.com\/fr\/produit\/CDS5-fr_FR\/\",\"name\":\"Ensemble de haut-parleurs - 13 cm - 100W Max - 40W RMS - Tweeters de n\u00e9odyme de 30 mm - 2 haut-parleurs coaxiaux routiers (CDS5) | Caliber\",\"isPartOf\":{\"@id\":\"https:\/\/www.calibereurope.com\/fr\/#website\"},\"primaryImageOfPage\":{\"@id\":\"https:\/\/www.calibereurope.com\/fr\/produit\/CDS5-fr_FR\/#primaryimage\"},\"image\":{\"@id\":\"https:\/\/www.calibereurope.com\/fr\/produit\/CDS5-fr_FR\/#primaryimage\"},\"thumbnailUrl\":\"https:\/\/www.calibereurope.com\/wp-content\/uploads\/2026\/01\/f5321a2f48b694ab58840718c2883941879ac7c5_CDS5_top.jpg\",\"datePublished\":\"2026-01-05T00:00:00+00:00\",\"dateModified\":\"2026-01-05T13:12:01+00:00\",\"breadcrumb\":{\"@id\":\"https:\/\/www.calibereurope.com\/fr\/produit\/CDS5-fr_FR\/#breadcrumb\"},\"inLanguage\":\"fr-FR\",\"potentialAction\":[{\"@type\":\"ReadAction\",\"target\":[\"https:\/\/www.calibereurope.com\/fr\/produit\/CDS5-fr_FR\/\"]}]},{\"@type\":\"ImageObject\",\"inLanguage\":\"fr-FR\",\"@id\":\"https:\/\/www.calibereurope.com\/fr\/produit\/CDS5-fr_FR\/#primaryimage\",\"url\":\"https:\/\/www.calibereurope.com\/wp-content\/uploads\/2026\/01\/f5321a2f48b694ab58840718c2883941879ac7c5_CDS5_top.jpg\",\"contentUrl\":\"https:\/\/www.calibereurope.com\/wp-content\/uploads\/2026\/01\/f5321a2f48b694ab58840718c2883941879ac7c5_CDS5_top.jpg\",\"width\":1024,\"height\":768},{\"@type\":\"BreadcrumbList\",\"@id\":\"https:\/\/www.calibereurope.com\/fr\/produit\/CDS5-fr_FR\/#breadcrumb\",\"itemListElement\":[{\"@type\":\"ListItem\",\"position\":1,\"name\":\"Home\",\"item\":\"https:\/\/www.calibereurope.com\/fr\/\"},{\"@type\":\"ListItem\",\"position\":2,\"name\":\"Boutique en ligne\",\"item\":\"https:\/\/www.calibereurope.com\/fr\/boutique-en-ligne\/\"},{\"@type\":\"ListItem\",\"position\":3,\"name\":\"Voiture\",\"item\":\"https:\/\/www.calibereurope.com\/fr\/auto_fr_FR\/\"},{\"@type\":\"ListItem\",\"position\":4,\"name\":\"Intervenants\",\"item\":\"https:\/\/www.calibereurope.com\/fr\/auto_fr_FR\/luidsprekers_auto_fr_FR\/\"},{\"@type\":\"ListItem\",\"position\":5,\"name\":\"CDS5\"}]},{\"@type\":\"WebSite\",\"@id\":\"https:\/\/www.calibereurope.com\/fr\/#website\",\"url\":\"https:\/\/www.calibereurope.com\/fr\/\",\"name\":\"Caliber\",\"description\":\"Sounds good!\",\"publisher\":{\"@id\":\"https:\/\/www.calibereurope.com\/fr\/#organization\"},\"potentialAction\":[{\"@type\":\"SearchAction\",\"target\":{\"@type\":\"EntryPoint\",\"urlTemplate\":\"https:\/\/www.calibereurope.com\/fr\/?s={search_term_string}\"},\"query-input\":{\"@type\":\"PropertyValueSpecification\",\"valueRequired\":true,\"valueName\":\"search_term_string\"}}],\"inLanguage\":\"fr-FR\"},{\"@type\":\"Organization\",\"@id\":\"https:\/\/www.calibereurope.com\/fr\/#organization\",\"name\":\"Caliber Europe B.V.\",\"url\":\"https:\/\/www.calibereurope.com\/fr\/\",\"logo\":{\"@type\":\"ImageObject\",\"inLanguage\":\"fr-FR\",\"@id\":\"https:\/\/www.calibereurope.com\/fr\/#\/schema\/logo\/image\/\",\"url\":\"https:\/\/www.calibereurope.com\/wp-content\/uploads\/2019\/11\/Logo-Caliber-e1574846289621.png\",\"contentUrl\":\"https:\/\/www.calibereurope.com\/wp-content\/uploads\/2019\/11\/Logo-Caliber-e1574846289621.png\",\"width\":400,\"height\":69,\"caption\":\"Caliber Europe B.V.\"},\"image\":{\"@id\":\"https:\/\/www.calibereurope.com\/fr\/#\/schema\/logo\/image\/\"},\"sameAs\":[\"https:\/\/facebook.com\/CaliberEurope\/\",\"https:\/\/x.com\/calibereurope\",\"https:\/\/www.instagram.com\/calibereurope\/\"]}]}<\/script>\n<meta property=\"product:price:amount\" content=\"26.95\" \/>\n<meta property=\"product:price:currency\" content=\"EUR\" \/>\n<meta property=\"og:availability\" content=\"instock\" \/>\n<meta property=\"product:availability\" content=\"instock\" \/>\n<meta property=\"product:retailer_item_id\" content=\"CDS5\" \/>\n<meta property=\"product:condition\" content=\"new\" \/>\n<!-- \/ Yoast SEO plugin. -->","yoast_head_json":{"title":"Ensemble de haut-parleurs - 13 cm - 100W Max - 40W RMS - Tweeters de n\u00e9odyme de 30 mm - 2 haut-parleurs coaxiaux routiers (CDS5) | Caliber","robots":{"index":"index","follow":"follow","max-snippet":"max-snippet:-1","max-image-preview":"max-image-preview:large","max-video-preview":"max-video-preview:-1"},"canonical":"https:\/\/www.calibereurope.com\/fr\/produit\/CDS5-fr_FR\/","og_locale":"fr_FR","og_type":"article","og_title":"Ensemble de haut-parleurs - 13 cm - 100W Max - 40W RMS - Tweeters de n\u00e9odyme de 30 mm - 2 haut-parleurs coaxiaux routiers (CDS5) | Caliber","og_description":"L&#39;ensemble d&#39;enceintes CDS5 de calibre est disponible dans un ensemble de deux. Les deux haut-parleurs sont 13 cm chacun . \u00c9coutez maintenant tous vos succ\u00e8s pr\u00e9f\u00e9r\u00e9s avec ces haut-parleurs pour la voiture. Gr\u00e2ce aux tweeters de n\u00e9odyme 30 mm , vous pouvez profiter de mani\u00e8re optimale de tous les tons hauts de la musique. Les [&hellip;]","og_url":"https:\/\/www.calibereurope.com\/fr\/produit\/CDS5-fr_FR\/","og_site_name":"Caliber","article_publisher":"https:\/\/facebook.com\/CaliberEurope\/","article_modified_time":"2026-01-05T13:12:01+00:00","og_image":[{"width":1024,"height":768,"url":"https:\/\/www.calibereurope.com\/wp-content\/uploads\/2023\/01\/f5321a2f48b694ab58840718c2883941879ac7c5_CDS5_top.jpg","type":"image\/jpeg"}],"twitter_card":"summary_large_image","twitter_site":"@calibereurope","twitter_misc":{"Prix":"26,95","Availability":"In stock"},"schema":{"@context":"https:\/\/schema.org","@graph":[{"@type":"WebPage","@id":"https:\/\/www.calibereurope.com\/fr\/produit\/CDS5-fr_FR\/","url":"https:\/\/www.calibereurope.com\/fr\/produit\/CDS5-fr_FR\/","name":"Ensemble de haut-parleurs - 13 cm - 100W Max - 40W RMS - Tweeters de n\u00e9odyme de 30 mm - 2 haut-parleurs coaxiaux routiers (CDS5) | Caliber","isPartOf":{"@id":"https:\/\/www.calibereurope.com\/fr\/#website"},"primaryImageOfPage":{"@id":"https:\/\/www.calibereurope.com\/fr\/produit\/CDS5-fr_FR\/#primaryimage"},"image":{"@id":"https:\/\/www.calibereurope.com\/fr\/produit\/CDS5-fr_FR\/#primaryimage"},"thumbnailUrl":"https:\/\/www.calibereurope.com\/wp-content\/uploads\/2026\/01\/f5321a2f48b694ab58840718c2883941879ac7c5_CDS5_top.jpg","datePublished":"2026-01-05T00:00:00+00:00","dateModified":"2026-01-05T13:12:01+00:00","breadcrumb":{"@id":"https:\/\/www.calibereurope.com\/fr\/produit\/CDS5-fr_FR\/#breadcrumb"},"inLanguage":"fr-FR","potentialAction":[{"@type":"ReadAction","target":["https:\/\/www.calibereurope.com\/fr\/produit\/CDS5-fr_FR\/"]}]},{"@type":"ImageObject","inLanguage":"fr-FR","@id":"https:\/\/www.calibereurope.com\/fr\/produit\/CDS5-fr_FR\/#primaryimage","url":"https:\/\/www.calibereurope.com\/wp-content\/uploads\/2026\/01\/f5321a2f48b694ab58840718c2883941879ac7c5_CDS5_top.jpg","contentUrl":"https:\/\/www.calibereurope.com\/wp-content\/uploads\/2026\/01\/f5321a2f48b694ab58840718c2883941879ac7c5_CDS5_top.jpg","width":1024,"height":768},{"@type":"BreadcrumbList","@id":"https:\/\/www.calibereurope.com\/fr\/produit\/CDS5-fr_FR\/#breadcrumb","itemListElement":[{"@type":"ListItem","position":1,"name":"Home","item":"https:\/\/www.calibereurope.com\/fr\/"},{"@type":"ListItem","position":2,"name":"Boutique en ligne","item":"https:\/\/www.calibereurope.com\/fr\/boutique-en-ligne\/"},{"@type":"ListItem","position":3,"name":"Voiture","item":"https:\/\/www.calibereurope.com\/fr\/auto_fr_FR\/"},{"@type":"ListItem","position":4,"name":"Intervenants","item":"https:\/\/www.calibereurope.com\/fr\/auto_fr_FR\/luidsprekers_auto_fr_FR\/"},{"@type":"ListItem","position":5,"name":"CDS5"}]},{"@type":"WebSite","@id":"https:\/\/www.calibereurope.com\/fr\/#website","url":"https:\/\/www.calibereurope.com\/fr\/","name":"Caliber","description":"Sounds good!","publisher":{"@id":"https:\/\/www.calibereurope.com\/fr\/#organization"},"potentialAction":[{"@type":"SearchAction","target":{"@type":"EntryPoint","urlTemplate":"https:\/\/www.calibereurope.com\/fr\/?s={search_term_string}"},"query-input":{"@type":"PropertyValueSpecification","valueRequired":true,"valueName":"search_term_string"}}],"inLanguage":"fr-FR"},{"@type":"Organization","@id":"https:\/\/www.calibereurope.com\/fr\/#organization","name":"Caliber Europe B.V.","url":"https:\/\/www.calibereurope.com\/fr\/","logo":{"@type":"ImageObject","inLanguage":"fr-FR","@id":"https:\/\/www.calibereurope.com\/fr\/#\/schema\/logo\/image\/","url":"https:\/\/www.calibereurope.com\/wp-content\/uploads\/2019\/11\/Logo-Caliber-e1574846289621.png","contentUrl":"https:\/\/www.calibereurope.com\/wp-content\/uploads\/2019\/11\/Logo-Caliber-e1574846289621.png","width":400,"height":69,"caption":"Caliber Europe B.V."},"image":{"@id":"https:\/\/www.calibereurope.com\/fr\/#\/schema\/logo\/image\/"},"sameAs":["https:\/\/facebook.com\/CaliberEurope\/","https:\/\/x.com\/calibereurope","https:\/\/www.instagram.com\/calibereurope\/"]}]},"product_price_amount":"26.95","product_price_currency":"EUR","og_availability":"instock","product_availability":"instock","product_retailer_item_id":"CDS5","product_condition":"new"},"_links":{"self":[{"href":"https:\/\/www.calibereurope.com\/fr\/wp-json\/wp\/v2\/product\/1356834","targetHints":{"allow":["GET"]}}],"collection":[{"href":"https:\/\/www.calibereurope.com\/fr\/wp-json\/wp\/v2\/product"}],"about":[{"href":"https:\/\/www.calibereurope.com\/fr\/wp-json\/wp\/v2\/types\/product"}],"replies":[{"embeddable":true,"href":"https:\/\/www.calibereurope.com\/fr\/wp-json\/wp\/v2\/comments?post=1356834"}],"wp:featuredmedia":[{"embeddable":true,"href":"https:\/\/www.calibereurope.com\/fr\/wp-json\/wp\/v2\/media\/1682494"}],"wp:attachment":[{"href":"https:\/\/www.calibereurope.com\/fr\/wp-json\/wp\/v2\/media?parent=1356834"}],"wp:term":[{"taxonomy":"product_brand","embeddable":true,"href":"https:\/\/www.calibereurope.com\/fr\/wp-json\/wp\/v2\/product_brand?post=1356834"},{"taxonomy":"product_cat","embeddable":true,"href":"https:\/\/www.calibereurope.com\/fr\/wp-json\/wp\/v2\/product_cat?post=1356834"},{"taxonomy":"product_tag","embeddable":true,"href":"https:\/\/www.calibereurope.com\/fr\/wp-json\/wp\/v2\/product_tag?post=1356834"}],"curies":[{"name":"wp","href":"https:\/\/api.w.org\/{rel}","templated":true}]}}