{"id":1486834,"date":"2026-01-05T01:00:00","date_gmt":"2026-01-05T00:00:00","guid":{"rendered":"0"},"modified":"2026-01-05T14:14:18","modified_gmt":"2026-01-05T13:14:18","slug":"SSG-RED-fr_FR","status":"publish","type":"product","link":"https:\/\/www.calibereurope.com\/fr\/produit\/SSG-RED-fr_FR\/","title":{"rendered":"Soundglasses Lunettes de soleil Bluetooth intelligentes &#8211; Verres polaris\u00e9s &#8211; Facilit\u00e9 d&#8217;utilisation &#8211; Microphone &#8211; Rouge"},"content":{"rendered":"<p>D\u00e9couvrez l&#39;ultime gadget qui vous permet de&nbsp;<b>diffuser de la musique<\/b>&nbsp;et&nbsp;<b>passer des appels mains libres<\/b> : ces incroyables lunettes de soleil Bluetooth\u00ae! Avec ces lunettes incroyables, vous pouvez non seulement profiter de votre musique pr\u00e9f\u00e9r\u00e9e, mais aussi passer des appels t\u00e9l\u00e9phoniques sans effort, sans utiliser vos mains. Elles offrent une&nbsp;<b>autonomie allant jusqu&#39;\u00e0 6 heures,<\/b>&nbsp;vous n&#39;avez donc pas \u00e0 vous soucier de manquer de musique. De plus, vous pouvez&nbsp;<b>passer des appels ininterrompus pendant 5 heures<\/b>. Avec une&nbsp;<b>autonomie en veille de 200 heures<\/b>, vous n&#39;avez pas besoin de recharger constamment. Et la meilleure nouvelle, c&#39;est qu&#39;elles peuvent \u00eatre enti\u00e8rement recharg\u00e9es en seulement 1,5 \u00e0 2 heures avec le c\u00e2ble micro-USB inclus. Avec un <b>poids l\u00e9ger de seulement 31 grammes<\/b>, les lunettes de soleil ne sont pas plus lourdes qu&#39;une paire de lunettes de soleil normale.<\/p>\n<p><b>Caract\u00e9ristiques<\/b><\/p>\n<ul>\n<li>Diffusion de musique et appels mains libres<\/li>\n<li>Verres polaris\u00e9s rouges UV400<\/li>\n<li>Autonomie musicale jusqu&#39;\u00e0 6 heures<\/li>\n<li>Temps d&#39;appel jusqu&#39;\u00e0 5 heures<\/li>\n<li>Autonomie en veille de 200 heures<\/li>\n<li>Temps de charge de 1,5 \u00e0 2 heures<\/li>\n<li>Recharge via le c\u00e2ble micro-USB inclus<\/li>\n<li>Port\u00e9e Bluetooth\u00ae de 10 \u00e0 15 m\u00e8tres<\/li>\n<li>L\u00e9g\u00e8res, seulement 31 grammes<\/li>\n<li>\u00c9tui \u00e0 lunettes inclus<\/li>\n<\/ul>\n<h3>Diffusion et appels via Bluetooth<\/h3>\n<p>Gr\u00e2ce \u00e0 la technologie Bluetooth\u00ae int\u00e9gr\u00e9e, vous pouvez diffuser sans fil de la musique depuis votre t\u00e9l\u00e9phone, votre tablette ou tout autre appareil compatible. Avec une port\u00e9e de 10 \u00e0 15 m\u00e8tres, vous pouvez ranger votre t\u00e9l\u00e9phone en toute s\u00e9curit\u00e9 tout en profitant de votre musique. Et comme si cela ne suffisait pas, vous pouvez \u00e9galement passer des appels mains libres sans vous emb\u00eater \u00e0 tenir votre t\u00e9l\u00e9phone. C&#39;est super pratique et vous permet de vous d\u00e9placer librement tout en restant en contact avec vos amis et votre famille.<\/p>\n<h3>Verres polaris\u00e9s<\/h3>\n<p>Mais nos lunettes de soleil ne sont pas seulement fonctionnelles, elles ont \u00e9galement fi\u00e8re allure avec leurs verres polaris\u00e9s UV400. Ces verres r\u00e9duisent les reflets et am\u00e9liorent le contraste, vous offrant une vision claire et nette m\u00eame les jours ensoleill\u00e9s. De plus, ils prot\u00e8gent vos yeux des rayons UV nocifs. Avec ces lunettes, vous associez style et protection oculaire de mani\u00e8re intelligente. Un v\u00e9ritable coup gagnant !<\/p>\n<h3>L\u00e9g\u00e8res et confortables<\/h3>\n<p>Ces lunettes de soleil pratiques sont parfaites pour toutes sortes d&#39;activit\u00e9s. Que vous fassiez une promenade et souhaitiez profiter d&#39;un podcast captivant ou que vous soyez en voiture et souhaitiez passer des appels mains libres, ces lunettes offrent la solution id\u00e9ale. Elles sont le mariage parfait entre des lunettes de soleil et des \u00e9couteurs sans fil, sans les tracas li\u00e9s \u00e0 plusieurs appareils. Avec un poids de seulement 31 grammes, elles sont \u00e9galement l\u00e9g\u00e8res et confortables \u00e0 porter. Profitez donc de la commodit\u00e9 et de la libert\u00e9 offertes par nos lunettes de soleil Bluetooth tout en pratiquant vos activit\u00e9s pr\u00e9f\u00e9r\u00e9es en toute libert\u00e9.<\/p>\n<p><b>Inclus :<\/b><\/p>\n<p><!-- x-tinymce\/html --><\/p>\n<ul>\n<li>Lunettes de soleil<\/li>\n<li>C\u00e2ble de charge micro-USB<\/li>\n<li>\u00c9tui \u00e0 lunettes<\/li>\n<\/ul>\n","protected":false},"excerpt":{"rendered":"<p>D\u00e9couvrez l&#39;ultime gadget qui vous permet de&nbsp;diffuser de la musique&nbsp;et&nbsp;passer des appels mains libres : ces incroyables lunettes de soleil Bluetooth\u00ae! Avec ces lunettes incroyables, vous pouvez non seulement profiter de votre musique pr\u00e9f\u00e9r\u00e9e, mais aussi passer des appels t\u00e9l\u00e9phoniques sans effort, sans utiliser vos mains. Elles offrent une&nbsp;autonomie allant jusqu&#39;\u00e0 6 heures,&nbsp;vous n&#39;avez donc [&hellip;]<\/p>\n","protected":false},"featured_media":1683252,"comment_status":"open","ping_status":"closed","template":"","meta":{"inline_featured_image":false},"product_brand":[],"product_cat":[2353],"product_tag":[],"class_list":{"0":"post-1486834","1":"product","2":"type-product","3":"status-publish","4":"has-post-thumbnail","6":"product_cat-geen-categorie","8":"first","9":"instock","10":"taxable","11":"shipping-taxable","12":"purchasable","13":"product-type-simple"},"yoast_head":"<!-- This site is optimized with the Yoast SEO plugin v24.4 - https:\/\/yoast.com\/wordpress\/plugins\/seo\/ -->\n<title>Soundglasses Lunettes de soleil Bluetooth intelligentes - Verres polaris\u00e9s - Facilit\u00e9 d&#039;utilisation - Microphone - Rouge | Caliber<\/title>\n<meta name=\"robots\" content=\"index, follow, max-snippet:-1, max-image-preview:large, max-video-preview:-1\" \/>\n<link rel=\"canonical\" href=\"https:\/\/www.calibereurope.com\/fr\/produit\/SSG-RED-fr_FR\/\" \/>\n<meta property=\"og:locale\" content=\"fr_FR\" \/>\n<meta property=\"og:type\" content=\"article\" \/>\n<meta property=\"og:title\" content=\"Soundglasses Lunettes de soleil Bluetooth intelligentes - Verres polaris\u00e9s - Facilit\u00e9 d&#039;utilisation - Microphone - Rouge | Caliber\" \/>\n<meta property=\"og:description\" content=\"D\u00e9couvrez l&#039;ultime gadget qui vous permet de&nbsp;diffuser de la musique&nbsp;et&nbsp;passer des appels mains libres : ces incroyables lunettes de soleil Bluetooth\u00ae! Avec ces lunettes incroyables, vous pouvez non seulement profiter de votre musique pr\u00e9f\u00e9r\u00e9e, mais aussi passer des appels t\u00e9l\u00e9phoniques sans effort, sans utiliser vos mains. Elles offrent une&nbsp;autonomie allant jusqu&#039;\u00e0 6 heures,&nbsp;vous n&#039;avez donc [&hellip;]\" \/>\n<meta property=\"og:url\" content=\"https:\/\/www.calibereurope.com\/fr\/produit\/SSG-RED-fr_FR\/\" \/>\n<meta property=\"og:site_name\" content=\"Caliber\" \/>\n<meta property=\"article:publisher\" content=\"https:\/\/facebook.com\/CaliberEurope\/\" \/>\n<meta property=\"article:modified_time\" content=\"2026-01-05T13:14:18+00:00\" \/>\n<meta property=\"og:image\" content=\"https:\/\/www.calibereurope.com\/wp-content\/uploads\/2023\/05\/76c3f7584d81c8e6ea0c37f9c7bd5343c3691334_GS01__11_-3.jpg\" \/>\n\t<meta property=\"og:image:width\" content=\"1066\" \/>\n\t<meta property=\"og:image:height\" content=\"800\" \/>\n\t<meta property=\"og:image:type\" content=\"image\/jpeg\" \/>\n<meta name=\"twitter:card\" content=\"summary_large_image\" \/>\n<meta name=\"twitter:site\" content=\"@calibereurope\" \/>\n<meta name=\"twitter:label1\" content=\"Prix\" \/>\n\t<meta name=\"twitter:data1\" content=\"49,95\" \/>\n\t<meta name=\"twitter:label2\" content=\"Availability\" \/>\n\t<meta name=\"twitter:data2\" content=\"In stock\" \/>\n<script type=\"application\/ld+json\" class=\"yoast-schema-graph\">{\"@context\":\"https:\/\/schema.org\",\"@graph\":[{\"@type\":\"WebPage\",\"@id\":\"https:\/\/www.calibereurope.com\/fr\/produit\/SSG-RED-fr_FR\/\",\"url\":\"https:\/\/www.calibereurope.com\/fr\/produit\/SSG-RED-fr_FR\/\",\"name\":\"Soundglasses Lunettes de soleil Bluetooth intelligentes - Verres polaris\u00e9s - Facilit\u00e9 d'utilisation - Microphone - Rouge | Caliber\",\"isPartOf\":{\"@id\":\"https:\/\/www.calibereurope.com\/fr\/#website\"},\"primaryImageOfPage\":{\"@id\":\"https:\/\/www.calibereurope.com\/fr\/produit\/SSG-RED-fr_FR\/#primaryimage\"},\"image\":{\"@id\":\"https:\/\/www.calibereurope.com\/fr\/produit\/SSG-RED-fr_FR\/#primaryimage\"},\"thumbnailUrl\":\"https:\/\/www.calibereurope.com\/wp-content\/uploads\/2026\/01\/b091a70eca89c9c15c3f413cfeaf9695a312b31a_SSG_RED_main-2.jpg\",\"datePublished\":\"2026-01-05T00:00:00+00:00\",\"dateModified\":\"2026-01-05T13:14:18+00:00\",\"breadcrumb\":{\"@id\":\"https:\/\/www.calibereurope.com\/fr\/produit\/SSG-RED-fr_FR\/#breadcrumb\"},\"inLanguage\":\"fr-FR\",\"potentialAction\":[{\"@type\":\"ReadAction\",\"target\":[\"https:\/\/www.calibereurope.com\/fr\/produit\/SSG-RED-fr_FR\/\"]}]},{\"@type\":\"ImageObject\",\"inLanguage\":\"fr-FR\",\"@id\":\"https:\/\/www.calibereurope.com\/fr\/produit\/SSG-RED-fr_FR\/#primaryimage\",\"url\":\"https:\/\/www.calibereurope.com\/wp-content\/uploads\/2026\/01\/b091a70eca89c9c15c3f413cfeaf9695a312b31a_SSG_RED_main-2.jpg\",\"contentUrl\":\"https:\/\/www.calibereurope.com\/wp-content\/uploads\/2026\/01\/b091a70eca89c9c15c3f413cfeaf9695a312b31a_SSG_RED_main-2.jpg\",\"width\":1052,\"height\":789},{\"@type\":\"BreadcrumbList\",\"@id\":\"https:\/\/www.calibereurope.com\/fr\/produit\/SSG-RED-fr_FR\/#breadcrumb\",\"itemListElement\":[{\"@type\":\"ListItem\",\"position\":1,\"name\":\"Home\",\"item\":\"https:\/\/www.calibereurope.com\/fr\/\"},{\"@type\":\"ListItem\",\"position\":2,\"name\":\"Boutique en ligne\",\"item\":\"https:\/\/www.calibereurope.com\/fr\/boutique-en-ligne\/\"},{\"@type\":\"ListItem\",\"position\":3,\"name\":\"Lunettes de soleil intelligentes Bluetooth &#8211; Verres polaris\u00e9s &#8211; Commande facile &#8211; Microphone &#8211; Rouge\"}]},{\"@type\":\"WebSite\",\"@id\":\"https:\/\/www.calibereurope.com\/fr\/#website\",\"url\":\"https:\/\/www.calibereurope.com\/fr\/\",\"name\":\"Caliber\",\"description\":\"Sounds good!\",\"publisher\":{\"@id\":\"https:\/\/www.calibereurope.com\/fr\/#organization\"},\"potentialAction\":[{\"@type\":\"SearchAction\",\"target\":{\"@type\":\"EntryPoint\",\"urlTemplate\":\"https:\/\/www.calibereurope.com\/fr\/?s={search_term_string}\"},\"query-input\":{\"@type\":\"PropertyValueSpecification\",\"valueRequired\":true,\"valueName\":\"search_term_string\"}}],\"inLanguage\":\"fr-FR\"},{\"@type\":\"Organization\",\"@id\":\"https:\/\/www.calibereurope.com\/fr\/#organization\",\"name\":\"Caliber Europe B.V.\",\"url\":\"https:\/\/www.calibereurope.com\/fr\/\",\"logo\":{\"@type\":\"ImageObject\",\"inLanguage\":\"fr-FR\",\"@id\":\"https:\/\/www.calibereurope.com\/fr\/#\/schema\/logo\/image\/\",\"url\":\"https:\/\/www.calibereurope.com\/wp-content\/uploads\/2019\/11\/Logo-Caliber-e1574846289621.png\",\"contentUrl\":\"https:\/\/www.calibereurope.com\/wp-content\/uploads\/2019\/11\/Logo-Caliber-e1574846289621.png\",\"width\":400,\"height\":69,\"caption\":\"Caliber Europe B.V.\"},\"image\":{\"@id\":\"https:\/\/www.calibereurope.com\/fr\/#\/schema\/logo\/image\/\"},\"sameAs\":[\"https:\/\/facebook.com\/CaliberEurope\/\",\"https:\/\/x.com\/calibereurope\",\"https:\/\/www.instagram.com\/calibereurope\/\"]}]}<\/script>\n<meta property=\"product:price:amount\" content=\"49.95\" \/>\n<meta property=\"product:price:currency\" content=\"EUR\" \/>\n<meta property=\"og:availability\" content=\"instock\" \/>\n<meta property=\"product:availability\" content=\"instock\" \/>\n<meta property=\"product:retailer_item_id\" content=\"SSG-RED\" \/>\n<meta property=\"product:condition\" content=\"new\" \/>\n<!-- \/ Yoast SEO plugin. -->","yoast_head_json":{"title":"Soundglasses Lunettes de soleil Bluetooth intelligentes - Verres polaris\u00e9s - Facilit\u00e9 d'utilisation - Microphone - Rouge | Caliber","robots":{"index":"index","follow":"follow","max-snippet":"max-snippet:-1","max-image-preview":"max-image-preview:large","max-video-preview":"max-video-preview:-1"},"canonical":"https:\/\/www.calibereurope.com\/fr\/produit\/SSG-RED-fr_FR\/","og_locale":"fr_FR","og_type":"article","og_title":"Soundglasses Lunettes de soleil Bluetooth intelligentes - Verres polaris\u00e9s - Facilit\u00e9 d'utilisation - Microphone - Rouge | Caliber","og_description":"D\u00e9couvrez l&#39;ultime gadget qui vous permet de&nbsp;diffuser de la musique&nbsp;et&nbsp;passer des appels mains libres : ces incroyables lunettes de soleil Bluetooth\u00ae! Avec ces lunettes incroyables, vous pouvez non seulement profiter de votre musique pr\u00e9f\u00e9r\u00e9e, mais aussi passer des appels t\u00e9l\u00e9phoniques sans effort, sans utiliser vos mains. Elles offrent une&nbsp;autonomie allant jusqu&#39;\u00e0 6 heures,&nbsp;vous n&#39;avez donc [&hellip;]","og_url":"https:\/\/www.calibereurope.com\/fr\/produit\/SSG-RED-fr_FR\/","og_site_name":"Caliber","article_publisher":"https:\/\/facebook.com\/CaliberEurope\/","article_modified_time":"2026-01-05T13:14:18+00:00","og_image":[{"width":1066,"height":800,"url":"https:\/\/www.calibereurope.com\/wp-content\/uploads\/2023\/05\/76c3f7584d81c8e6ea0c37f9c7bd5343c3691334_GS01__11_-3.jpg","type":"image\/jpeg"}],"twitter_card":"summary_large_image","twitter_site":"@calibereurope","twitter_misc":{"Prix":"49,95","Availability":"In stock"},"schema":{"@context":"https:\/\/schema.org","@graph":[{"@type":"WebPage","@id":"https:\/\/www.calibereurope.com\/fr\/produit\/SSG-RED-fr_FR\/","url":"https:\/\/www.calibereurope.com\/fr\/produit\/SSG-RED-fr_FR\/","name":"Soundglasses Lunettes de soleil Bluetooth intelligentes - Verres polaris\u00e9s - Facilit\u00e9 d'utilisation - Microphone - Rouge | Caliber","isPartOf":{"@id":"https:\/\/www.calibereurope.com\/fr\/#website"},"primaryImageOfPage":{"@id":"https:\/\/www.calibereurope.com\/fr\/produit\/SSG-RED-fr_FR\/#primaryimage"},"image":{"@id":"https:\/\/www.calibereurope.com\/fr\/produit\/SSG-RED-fr_FR\/#primaryimage"},"thumbnailUrl":"https:\/\/www.calibereurope.com\/wp-content\/uploads\/2026\/01\/b091a70eca89c9c15c3f413cfeaf9695a312b31a_SSG_RED_main-2.jpg","datePublished":"2026-01-05T00:00:00+00:00","dateModified":"2026-01-05T13:14:18+00:00","breadcrumb":{"@id":"https:\/\/www.calibereurope.com\/fr\/produit\/SSG-RED-fr_FR\/#breadcrumb"},"inLanguage":"fr-FR","potentialAction":[{"@type":"ReadAction","target":["https:\/\/www.calibereurope.com\/fr\/produit\/SSG-RED-fr_FR\/"]}]},{"@type":"ImageObject","inLanguage":"fr-FR","@id":"https:\/\/www.calibereurope.com\/fr\/produit\/SSG-RED-fr_FR\/#primaryimage","url":"https:\/\/www.calibereurope.com\/wp-content\/uploads\/2026\/01\/b091a70eca89c9c15c3f413cfeaf9695a312b31a_SSG_RED_main-2.jpg","contentUrl":"https:\/\/www.calibereurope.com\/wp-content\/uploads\/2026\/01\/b091a70eca89c9c15c3f413cfeaf9695a312b31a_SSG_RED_main-2.jpg","width":1052,"height":789},{"@type":"BreadcrumbList","@id":"https:\/\/www.calibereurope.com\/fr\/produit\/SSG-RED-fr_FR\/#breadcrumb","itemListElement":[{"@type":"ListItem","position":1,"name":"Home","item":"https:\/\/www.calibereurope.com\/fr\/"},{"@type":"ListItem","position":2,"name":"Boutique en ligne","item":"https:\/\/www.calibereurope.com\/fr\/boutique-en-ligne\/"},{"@type":"ListItem","position":3,"name":"Lunettes de soleil intelligentes Bluetooth &#8211; Verres polaris\u00e9s &#8211; Commande facile &#8211; Microphone &#8211; Rouge"}]},{"@type":"WebSite","@id":"https:\/\/www.calibereurope.com\/fr\/#website","url":"https:\/\/www.calibereurope.com\/fr\/","name":"Caliber","description":"Sounds good!","publisher":{"@id":"https:\/\/www.calibereurope.com\/fr\/#organization"},"potentialAction":[{"@type":"SearchAction","target":{"@type":"EntryPoint","urlTemplate":"https:\/\/www.calibereurope.com\/fr\/?s={search_term_string}"},"query-input":{"@type":"PropertyValueSpecification","valueRequired":true,"valueName":"search_term_string"}}],"inLanguage":"fr-FR"},{"@type":"Organization","@id":"https:\/\/www.calibereurope.com\/fr\/#organization","name":"Caliber Europe B.V.","url":"https:\/\/www.calibereurope.com\/fr\/","logo":{"@type":"ImageObject","inLanguage":"fr-FR","@id":"https:\/\/www.calibereurope.com\/fr\/#\/schema\/logo\/image\/","url":"https:\/\/www.calibereurope.com\/wp-content\/uploads\/2019\/11\/Logo-Caliber-e1574846289621.png","contentUrl":"https:\/\/www.calibereurope.com\/wp-content\/uploads\/2019\/11\/Logo-Caliber-e1574846289621.png","width":400,"height":69,"caption":"Caliber Europe B.V."},"image":{"@id":"https:\/\/www.calibereurope.com\/fr\/#\/schema\/logo\/image\/"},"sameAs":["https:\/\/facebook.com\/CaliberEurope\/","https:\/\/x.com\/calibereurope","https:\/\/www.instagram.com\/calibereurope\/"]}]},"product_price_amount":"49.95","product_price_currency":"EUR","og_availability":"instock","product_availability":"instock","product_retailer_item_id":"SSG-RED","product_condition":"new"},"_links":{"self":[{"href":"https:\/\/www.calibereurope.com\/fr\/wp-json\/wp\/v2\/product\/1486834","targetHints":{"allow":["GET"]}}],"collection":[{"href":"https:\/\/www.calibereurope.com\/fr\/wp-json\/wp\/v2\/product"}],"about":[{"href":"https:\/\/www.calibereurope.com\/fr\/wp-json\/wp\/v2\/types\/product"}],"replies":[{"embeddable":true,"href":"https:\/\/www.calibereurope.com\/fr\/wp-json\/wp\/v2\/comments?post=1486834"}],"wp:featuredmedia":[{"embeddable":true,"href":"https:\/\/www.calibereurope.com\/fr\/wp-json\/wp\/v2\/media\/1683252"}],"wp:attachment":[{"href":"https:\/\/www.calibereurope.com\/fr\/wp-json\/wp\/v2\/media?parent=1486834"}],"wp:term":[{"taxonomy":"product_brand","embeddable":true,"href":"https:\/\/www.calibereurope.com\/fr\/wp-json\/wp\/v2\/product_brand?post=1486834"},{"taxonomy":"product_cat","embeddable":true,"href":"https:\/\/www.calibereurope.com\/fr\/wp-json\/wp\/v2\/product_cat?post=1486834"},{"taxonomy":"product_tag","embeddable":true,"href":"https:\/\/www.calibereurope.com\/fr\/wp-json\/wp\/v2\/product_tag?post=1486834"}],"curies":[{"name":"wp","href":"https:\/\/api.w.org\/{rel}","templated":true}]}}