{"id":1524246,"date":"2025-10-27T01:00:00","date_gmt":"2025-10-27T00:00:00","guid":{"rendered":""},"modified":"2025-10-27T12:33:54","modified_gmt":"2025-10-27T11:33:54","slug":"EM-SU-fr_FR","status":"publish","type":"product","link":"https:\/\/www.calibereurope.com\/fr\/produit\/EM-SU-fr_FR\/","title":{"rendered":"iRing Easy Lock Mount &#8211; Pied \u00e0 ventouse standard &#8211; Convient pour le bras de montage iRing Easy Mount &#8211; Fixez facilement sur toute surface lisse."},"content":{"rendered":"<p>La plaque de montage iRing EasyMount est le compl\u00e9ment parfait pour votre bras de montage iRing Easy Lock et votre support universel pour t\u00e9l\u00e9phone ou tablette. Avec cette plaque de montage pratique, vous pouvez poser et fixer votre smartphone ou tablette sur presque toutes les surfaces planes. Que ce soit sur votre bureau, votre table de nuit ou votre plan de travail de cuisine, cette plaque de montage garantit que votre appareil est toujours \u00e0 port\u00e9e de main.<\/p>\n<p><strong>Caract\u00e9ristiques :<\/strong><\/p>\n<ul>\n<li>Plaque de montage pratique<\/li>\n<li>Convient \u00e0 presque toutes les surfaces planes<\/li>\n<li>Facile \u00e0 d\u00e9placer et \u00e0 poser<\/li>\n<li>Compatible avec le bras de montage iRing Easy Lock<\/li>\n<\/ul>\n<h3>Positionnement s\u00fbr et stable<\/h3>\n<p>Gr\u00e2ce \u00e0 la conception innovante de la plaque de montage iRing EasyMount, vous pouvez poser votre appareil en toute s\u00e9curit\u00e9 et stabilit\u00e9. Placez la plaque de montage sur la surface plane souhait\u00e9e, assurez-vous qu&#39;elle est bien fix\u00e9e et verrouillez votre bras de montage iRing Easy Lock d&#39;un simple mouvement.<\/p>\n<h3>Compatible avec le bras de montage iRing Easy Lock<\/h3>\n<p>La plaque de montage iRing EasyMount est sp\u00e9cialement con\u00e7ue pour fonctionner avec le bras de montage iRing Easy Lock. Cela vous permet de passer facilement entre diff\u00e9rents supports de montage en fonction de vos besoins. Associez la plaque de montage avec le bras pour une flexibilit\u00e9 ultime.<\/p>\n<h3>Adh\u00e9rence solide<\/h3>\n<p>La plaque de montage iRing EasyMount offre une adh\u00e9rence solide sur les surfaces planes, maintenant votre appareil en place en toute s\u00e9curit\u00e9, m\u00eame lors de l&#39;utilisation de l&#39;\u00e9cran tactile ou de la saisie. Profitez d&#39;une utilisation mains libres de votre smartphone ou tablette dans diff\u00e9rentes pi\u00e8ces de la maison ou au bureau.<\/p>\n<h3>Facile \u00e0 d\u00e9placer<\/h3>\n<p>La plaque de montage est facile \u00e0 d\u00e9placer et \u00e0 poser \u00e0 diff\u00e9rents endroits sans tracas. Cela vous permet de placer votre appareil dans la position la plus confortable, o\u00f9 que vous soyez. Parfait pour regarder des vid\u00e9os, lire des recettes pendant la cuisine ou suivre des cours en ligne.<\/p>\n<p><strong>Inclus :<\/strong><\/p>\n<p>1 x plaque de montage iRing EasyMount<\/p>\n<p><strong>Important :<\/strong> le bras de montage iRing Easy Lock et le support universel pour t\u00e9l\u00e9phone ou tablette sont vendus s\u00e9par\u00e9ment et ne sont pas inclus avec cette plaque de montage.<\/p>\n","protected":false},"excerpt":{"rendered":"<p>La plaque de montage iRing EasyMount est le compl\u00e9ment parfait pour votre bras de montage iRing Easy Lock et votre support universel pour t\u00e9l\u00e9phone ou tablette. Avec cette plaque de montage pratique, vous pouvez poser et fixer votre smartphone ou tablette sur presque toutes les surfaces planes. Que ce soit sur votre bureau, votre table [&hellip;]<\/p>\n","protected":false},"featured_media":1680543,"comment_status":"open","ping_status":"closed","template":"","meta":{"inline_featured_image":false},"product_brand":[],"product_cat":[7928,7925],"product_tag":[],"class_list":{"0":"post-1524246","1":"product","2":"type-product","3":"status-publish","4":"has-post-thumbnail","6":"product_cat-accessoires_navigatie_telefonie_fr_FR","7":"product_cat-navigatie_telefonie_fr_FR","9":"first","10":"instock","11":"taxable","12":"shipping-taxable","13":"purchasable","14":"product-type-simple"},"yoast_head":"<!-- This site is optimized with the Yoast SEO plugin v24.4 - https:\/\/yoast.com\/wordpress\/plugins\/seo\/ -->\n<title>iRing Easy Lock Mount - Pied \u00e0 ventouse standard - Convient pour le bras de montage iRing Easy Mount - Fixez facilement sur toute surface lisse. | Caliber<\/title>\n<meta name=\"robots\" content=\"index, follow, max-snippet:-1, max-image-preview:large, max-video-preview:-1\" \/>\n<link rel=\"canonical\" href=\"https:\/\/www.calibereurope.com\/fr\/produit\/EM-SU-fr_FR\/\" \/>\n<meta property=\"og:locale\" content=\"fr_FR\" \/>\n<meta property=\"og:type\" content=\"article\" \/>\n<meta property=\"og:title\" content=\"iRing Easy Lock Mount - Pied \u00e0 ventouse standard - Convient pour le bras de montage iRing Easy Mount - Fixez facilement sur toute surface lisse. | Caliber\" \/>\n<meta property=\"og:description\" content=\"La plaque de montage iRing EasyMount est le compl\u00e9ment parfait pour votre bras de montage iRing Easy Lock et votre support universel pour t\u00e9l\u00e9phone ou tablette. Avec cette plaque de montage pratique, vous pouvez poser et fixer votre smartphone ou tablette sur presque toutes les surfaces planes. Que ce soit sur votre bureau, votre table [&hellip;]\" \/>\n<meta property=\"og:url\" content=\"https:\/\/www.calibereurope.com\/fr\/produit\/EM-SU-fr_FR\/\" \/>\n<meta property=\"og:site_name\" content=\"Caliber\" \/>\n<meta property=\"article:publisher\" content=\"https:\/\/facebook.com\/CaliberEurope\/\" \/>\n<meta property=\"article:modified_time\" content=\"2025-10-27T11:33:54+00:00\" \/>\n<meta property=\"og:image\" content=\"https:\/\/www.calibereurope.com\/wp-content\/uploads\/2023\/10\/b3f7edb790bdfebaa6cfa195fe1e78269ccbcabd_SuctionCup_ArmHolder.jpg\" \/>\n\t<meta property=\"og:image:width\" content=\"2500\" \/>\n\t<meta property=\"og:image:height\" content=\"1875\" \/>\n\t<meta property=\"og:image:type\" content=\"image\/jpeg\" \/>\n<meta name=\"twitter:card\" content=\"summary_large_image\" \/>\n<meta name=\"twitter:site\" content=\"@calibereurope\" \/>\n<meta name=\"twitter:label1\" content=\"Prix\" \/>\n\t<meta name=\"twitter:data1\" content=\"19,00\" \/>\n\t<meta name=\"twitter:label2\" content=\"Availability\" \/>\n\t<meta name=\"twitter:data2\" content=\"In stock\" \/>\n<script type=\"application\/ld+json\" class=\"yoast-schema-graph\">{\"@context\":\"https:\/\/schema.org\",\"@graph\":[{\"@type\":\"WebPage\",\"@id\":\"https:\/\/www.calibereurope.com\/fr\/produit\/EM-SU-fr_FR\/\",\"url\":\"https:\/\/www.calibereurope.com\/fr\/produit\/EM-SU-fr_FR\/\",\"name\":\"iRing Easy Lock Mount - Pied \u00e0 ventouse standard - Convient pour le bras de montage iRing Easy Mount - Fixez facilement sur toute surface lisse. | Caliber\",\"isPartOf\":{\"@id\":\"https:\/\/www.calibereurope.com\/fr\/#website\"},\"primaryImageOfPage\":{\"@id\":\"https:\/\/www.calibereurope.com\/fr\/produit\/EM-SU-fr_FR\/#primaryimage\"},\"image\":{\"@id\":\"https:\/\/www.calibereurope.com\/fr\/produit\/EM-SU-fr_FR\/#primaryimage\"},\"thumbnailUrl\":\"https:\/\/www.calibereurope.com\/wp-content\/uploads\/2025\/10\/b3f7edb790bdfebaa6cfa195fe1e78269ccbcabd_SuctionCup_ArmHolder.jpg\",\"datePublished\":\"2025-10-27T00:00:00+00:00\",\"dateModified\":\"2025-10-27T11:33:54+00:00\",\"breadcrumb\":{\"@id\":\"https:\/\/www.calibereurope.com\/fr\/produit\/EM-SU-fr_FR\/#breadcrumb\"},\"inLanguage\":\"fr-FR\",\"potentialAction\":[{\"@type\":\"ReadAction\",\"target\":[\"https:\/\/www.calibereurope.com\/fr\/produit\/EM-SU-fr_FR\/\"]}]},{\"@type\":\"ImageObject\",\"inLanguage\":\"fr-FR\",\"@id\":\"https:\/\/www.calibereurope.com\/fr\/produit\/EM-SU-fr_FR\/#primaryimage\",\"url\":\"https:\/\/www.calibereurope.com\/wp-content\/uploads\/2025\/10\/b3f7edb790bdfebaa6cfa195fe1e78269ccbcabd_SuctionCup_ArmHolder.jpg\",\"contentUrl\":\"https:\/\/www.calibereurope.com\/wp-content\/uploads\/2025\/10\/b3f7edb790bdfebaa6cfa195fe1e78269ccbcabd_SuctionCup_ArmHolder.jpg\",\"width\":2500,\"height\":1875},{\"@type\":\"BreadcrumbList\",\"@id\":\"https:\/\/www.calibereurope.com\/fr\/produit\/EM-SU-fr_FR\/#breadcrumb\",\"itemListElement\":[{\"@type\":\"ListItem\",\"position\":1,\"name\":\"Home\",\"item\":\"https:\/\/www.calibereurope.com\/fr\/\"},{\"@type\":\"ListItem\",\"position\":2,\"name\":\"Boutique en ligne\",\"item\":\"https:\/\/www.calibereurope.com\/fr\/boutique-en-ligne\/\"},{\"@type\":\"ListItem\",\"position\":3,\"name\":\"Navigation et t\u00e9l\u00e9phonie\",\"item\":\"https:\/\/www.calibereurope.com\/fr\/navigatie_telefonie_fr_FR\/\"},{\"@type\":\"ListItem\",\"position\":4,\"name\":\"Accessoires\",\"item\":\"https:\/\/www.calibereurope.com\/fr\/navigatie_telefonie_fr_FR\/accessoires_navigatie_telefonie_fr_FR\/\"},{\"@type\":\"ListItem\",\"position\":5,\"name\":\"iRing Easy Lock Mount &#8211; Pied \u00e0 ventouse standard &#8211; Convient pour le bras de montage iRing Easy Mount &#8211; Fixez facilement sur toute surface lisse.\"}]},{\"@type\":\"WebSite\",\"@id\":\"https:\/\/www.calibereurope.com\/fr\/#website\",\"url\":\"https:\/\/www.calibereurope.com\/fr\/\",\"name\":\"Caliber\",\"description\":\"Sounds good!\",\"publisher\":{\"@id\":\"https:\/\/www.calibereurope.com\/fr\/#organization\"},\"potentialAction\":[{\"@type\":\"SearchAction\",\"target\":{\"@type\":\"EntryPoint\",\"urlTemplate\":\"https:\/\/www.calibereurope.com\/fr\/?s={search_term_string}\"},\"query-input\":{\"@type\":\"PropertyValueSpecification\",\"valueRequired\":true,\"valueName\":\"search_term_string\"}}],\"inLanguage\":\"fr-FR\"},{\"@type\":\"Organization\",\"@id\":\"https:\/\/www.calibereurope.com\/fr\/#organization\",\"name\":\"Caliber Europe B.V.\",\"url\":\"https:\/\/www.calibereurope.com\/fr\/\",\"logo\":{\"@type\":\"ImageObject\",\"inLanguage\":\"fr-FR\",\"@id\":\"https:\/\/www.calibereurope.com\/fr\/#\/schema\/logo\/image\/\",\"url\":\"https:\/\/www.calibereurope.com\/wp-content\/uploads\/2019\/11\/Logo-Caliber-e1574846289621.png\",\"contentUrl\":\"https:\/\/www.calibereurope.com\/wp-content\/uploads\/2019\/11\/Logo-Caliber-e1574846289621.png\",\"width\":400,\"height\":69,\"caption\":\"Caliber Europe B.V.\"},\"image\":{\"@id\":\"https:\/\/www.calibereurope.com\/fr\/#\/schema\/logo\/image\/\"},\"sameAs\":[\"https:\/\/facebook.com\/CaliberEurope\/\",\"https:\/\/x.com\/calibereurope\",\"https:\/\/www.instagram.com\/calibereurope\/\"]}]}<\/script>\n<meta property=\"product:price:amount\" content=\"19.00\" \/>\n<meta property=\"product:price:currency\" content=\"EUR\" \/>\n<meta property=\"og:availability\" content=\"instock\" \/>\n<meta property=\"product:availability\" content=\"instock\" \/>\n<meta property=\"product:retailer_item_id\" content=\"EM-SU\" \/>\n<meta property=\"product:condition\" content=\"new\" \/>\n<!-- \/ Yoast SEO plugin. -->","yoast_head_json":{"title":"iRing Easy Lock Mount - Pied \u00e0 ventouse standard - Convient pour le bras de montage iRing Easy Mount - Fixez facilement sur toute surface lisse. | Caliber","robots":{"index":"index","follow":"follow","max-snippet":"max-snippet:-1","max-image-preview":"max-image-preview:large","max-video-preview":"max-video-preview:-1"},"canonical":"https:\/\/www.calibereurope.com\/fr\/produit\/EM-SU-fr_FR\/","og_locale":"fr_FR","og_type":"article","og_title":"iRing Easy Lock Mount - Pied \u00e0 ventouse standard - Convient pour le bras de montage iRing Easy Mount - Fixez facilement sur toute surface lisse. | Caliber","og_description":"La plaque de montage iRing EasyMount est le compl\u00e9ment parfait pour votre bras de montage iRing Easy Lock et votre support universel pour t\u00e9l\u00e9phone ou tablette. Avec cette plaque de montage pratique, vous pouvez poser et fixer votre smartphone ou tablette sur presque toutes les surfaces planes. Que ce soit sur votre bureau, votre table [&hellip;]","og_url":"https:\/\/www.calibereurope.com\/fr\/produit\/EM-SU-fr_FR\/","og_site_name":"Caliber","article_publisher":"https:\/\/facebook.com\/CaliberEurope\/","article_modified_time":"2025-10-27T11:33:54+00:00","og_image":[{"width":2500,"height":1875,"url":"https:\/\/www.calibereurope.com\/wp-content\/uploads\/2023\/10\/b3f7edb790bdfebaa6cfa195fe1e78269ccbcabd_SuctionCup_ArmHolder.jpg","type":"image\/jpeg"}],"twitter_card":"summary_large_image","twitter_site":"@calibereurope","twitter_misc":{"Prix":"19,00","Availability":"In stock"},"schema":{"@context":"https:\/\/schema.org","@graph":[{"@type":"WebPage","@id":"https:\/\/www.calibereurope.com\/fr\/produit\/EM-SU-fr_FR\/","url":"https:\/\/www.calibereurope.com\/fr\/produit\/EM-SU-fr_FR\/","name":"iRing Easy Lock Mount - Pied \u00e0 ventouse standard - Convient pour le bras de montage iRing Easy Mount - Fixez facilement sur toute surface lisse. | Caliber","isPartOf":{"@id":"https:\/\/www.calibereurope.com\/fr\/#website"},"primaryImageOfPage":{"@id":"https:\/\/www.calibereurope.com\/fr\/produit\/EM-SU-fr_FR\/#primaryimage"},"image":{"@id":"https:\/\/www.calibereurope.com\/fr\/produit\/EM-SU-fr_FR\/#primaryimage"},"thumbnailUrl":"https:\/\/www.calibereurope.com\/wp-content\/uploads\/2025\/10\/b3f7edb790bdfebaa6cfa195fe1e78269ccbcabd_SuctionCup_ArmHolder.jpg","datePublished":"2025-10-27T00:00:00+00:00","dateModified":"2025-10-27T11:33:54+00:00","breadcrumb":{"@id":"https:\/\/www.calibereurope.com\/fr\/produit\/EM-SU-fr_FR\/#breadcrumb"},"inLanguage":"fr-FR","potentialAction":[{"@type":"ReadAction","target":["https:\/\/www.calibereurope.com\/fr\/produit\/EM-SU-fr_FR\/"]}]},{"@type":"ImageObject","inLanguage":"fr-FR","@id":"https:\/\/www.calibereurope.com\/fr\/produit\/EM-SU-fr_FR\/#primaryimage","url":"https:\/\/www.calibereurope.com\/wp-content\/uploads\/2025\/10\/b3f7edb790bdfebaa6cfa195fe1e78269ccbcabd_SuctionCup_ArmHolder.jpg","contentUrl":"https:\/\/www.calibereurope.com\/wp-content\/uploads\/2025\/10\/b3f7edb790bdfebaa6cfa195fe1e78269ccbcabd_SuctionCup_ArmHolder.jpg","width":2500,"height":1875},{"@type":"BreadcrumbList","@id":"https:\/\/www.calibereurope.com\/fr\/produit\/EM-SU-fr_FR\/#breadcrumb","itemListElement":[{"@type":"ListItem","position":1,"name":"Home","item":"https:\/\/www.calibereurope.com\/fr\/"},{"@type":"ListItem","position":2,"name":"Boutique en ligne","item":"https:\/\/www.calibereurope.com\/fr\/boutique-en-ligne\/"},{"@type":"ListItem","position":3,"name":"Navigation et t\u00e9l\u00e9phonie","item":"https:\/\/www.calibereurope.com\/fr\/navigatie_telefonie_fr_FR\/"},{"@type":"ListItem","position":4,"name":"Accessoires","item":"https:\/\/www.calibereurope.com\/fr\/navigatie_telefonie_fr_FR\/accessoires_navigatie_telefonie_fr_FR\/"},{"@type":"ListItem","position":5,"name":"iRing Easy Lock Mount &#8211; Pied \u00e0 ventouse standard &#8211; Convient pour le bras de montage iRing Easy Mount &#8211; Fixez facilement sur toute surface lisse."}]},{"@type":"WebSite","@id":"https:\/\/www.calibereurope.com\/fr\/#website","url":"https:\/\/www.calibereurope.com\/fr\/","name":"Caliber","description":"Sounds good!","publisher":{"@id":"https:\/\/www.calibereurope.com\/fr\/#organization"},"potentialAction":[{"@type":"SearchAction","target":{"@type":"EntryPoint","urlTemplate":"https:\/\/www.calibereurope.com\/fr\/?s={search_term_string}"},"query-input":{"@type":"PropertyValueSpecification","valueRequired":true,"valueName":"search_term_string"}}],"inLanguage":"fr-FR"},{"@type":"Organization","@id":"https:\/\/www.calibereurope.com\/fr\/#organization","name":"Caliber Europe B.V.","url":"https:\/\/www.calibereurope.com\/fr\/","logo":{"@type":"ImageObject","inLanguage":"fr-FR","@id":"https:\/\/www.calibereurope.com\/fr\/#\/schema\/logo\/image\/","url":"https:\/\/www.calibereurope.com\/wp-content\/uploads\/2019\/11\/Logo-Caliber-e1574846289621.png","contentUrl":"https:\/\/www.calibereurope.com\/wp-content\/uploads\/2019\/11\/Logo-Caliber-e1574846289621.png","width":400,"height":69,"caption":"Caliber Europe B.V."},"image":{"@id":"https:\/\/www.calibereurope.com\/fr\/#\/schema\/logo\/image\/"},"sameAs":["https:\/\/facebook.com\/CaliberEurope\/","https:\/\/x.com\/calibereurope","https:\/\/www.instagram.com\/calibereurope\/"]}]},"product_price_amount":"19.00","product_price_currency":"EUR","og_availability":"instock","product_availability":"instock","product_retailer_item_id":"EM-SU","product_condition":"new"},"_links":{"self":[{"href":"https:\/\/www.calibereurope.com\/fr\/wp-json\/wp\/v2\/product\/1524246","targetHints":{"allow":["GET"]}}],"collection":[{"href":"https:\/\/www.calibereurope.com\/fr\/wp-json\/wp\/v2\/product"}],"about":[{"href":"https:\/\/www.calibereurope.com\/fr\/wp-json\/wp\/v2\/types\/product"}],"replies":[{"embeddable":true,"href":"https:\/\/www.calibereurope.com\/fr\/wp-json\/wp\/v2\/comments?post=1524246"}],"wp:featuredmedia":[{"embeddable":true,"href":"https:\/\/www.calibereurope.com\/fr\/wp-json\/wp\/v2\/media\/1680543"}],"wp:attachment":[{"href":"https:\/\/www.calibereurope.com\/fr\/wp-json\/wp\/v2\/media?parent=1524246"}],"wp:term":[{"taxonomy":"product_brand","embeddable":true,"href":"https:\/\/www.calibereurope.com\/fr\/wp-json\/wp\/v2\/product_brand?post=1524246"},{"taxonomy":"product_cat","embeddable":true,"href":"https:\/\/www.calibereurope.com\/fr\/wp-json\/wp\/v2\/product_cat?post=1524246"},{"taxonomy":"product_tag","embeddable":true,"href":"https:\/\/www.calibereurope.com\/fr\/wp-json\/wp\/v2\/product_tag?post=1524246"}],"curies":[{"name":"wp","href":"https:\/\/api.w.org\/{rel}","templated":true}]}}