{"id":162235,"date":"2023-08-30T02:00:00","date_gmt":"2023-08-30T00:00:00","guid":{"rendered":""},"modified":"2023-08-30T12:31:22","modified_gmt":"2023-08-30T10:31:22","slug":"PSQ10-B-fr_FR","status":"publish","type":"product","link":"https:\/\/www.calibereurope.com\/fr\/produit\/PSQ10-B-fr_FR\/","title":{"rendered":"Chargeur sans fil Qi &#8211; Noir (PSQ10\/B) (PSQ10-B)"},"content":{"rendered":"<p>Avec le chargeur certifi\u00e9 Caliber PSQ10\/B QI, charger votre t\u00e9l\u00e9phone sans fil est un jeu d&#39;enfant. Le chargeur sans fil peut \u00eatre utilis\u00e9 de mani\u00e8re universelle et convient donc aux smartphones tels que ceux d&#39;Apple, Samsung, Nokia et d&#39;autres marques qui prennent en charge le chargement sans fil. <\/p>\n<p> La recharge sans fil est id\u00e9ale lorsque vous utilisez beaucoup votre t\u00e9l\u00e9phone. Placez la plateforme de chargement sur votre bureau, par exemple. Avec une petite hauteur de 4 mm, il prend \u00e9galement peu de place. Il suffit de placer votre t\u00e9l\u00e9phone sur le plateau lorsque vous ne l&#39;utilisez pas. Si vous recevez un message ou un appel, vous d\u00e9crochez l&#39;appareil tout aussi facilement. Pas de probl\u00e8me avec les prises et les c\u00e2bles de charge trop courts. Placez \u00e9galement un chargeur rapide sans fil Caliber sur une table ou un rebord de fen\u00eatre pr\u00e8s de votre salon. Placez-en un \u00e0 c\u00f4t\u00e9 de votre lit ou dans la cuisine. N&#39;importe qui dans la famille peut y mettre son t\u00e9l\u00e9phone. Plus de c\u00e2bles l\u00e2ches et plus de t\u00e9l\u00e9phones vides.<\/p>\n","protected":false},"excerpt":{"rendered":"<p>Avec le chargeur certifi\u00e9 Caliber PSQ10\/B QI, charger votre t\u00e9l\u00e9phone sans fil est un jeu d&#39;enfant. Le chargeur sans fil peut \u00eatre utilis\u00e9 de mani\u00e8re universelle et convient donc aux smartphones tels que ceux d&#39;Apple, Samsung, Nokia et d&#39;autres marques qui prennent en charge le chargement sans fil. La recharge sans fil est id\u00e9ale lorsque [&hellip;]<\/p>\n","protected":false},"featured_media":1441441,"comment_status":"open","ping_status":"closed","template":"","meta":{"inline_featured_image":false},"product_brand":[],"product_cat":[7899,7884],"product_tag":[],"class_list":{"0":"post-162235","1":"product","2":"type-product","3":"status-publish","4":"has-post-thumbnail","6":"product_cat-voeding_en_opladen_fr_FR","7":"product_cat-wonen_fr_FR","9":"first","10":"instock","11":"taxable","12":"shipping-taxable","13":"purchasable","14":"product-type-simple"},"yoast_head":"<!-- This site is optimized with the Yoast SEO plugin v24.4 - https:\/\/yoast.com\/wordpress\/plugins\/seo\/ -->\n<title>Chargeur sans fil Qi - Noir (PSQ10\/B) (PSQ10-B) | Caliber<\/title>\n<meta name=\"robots\" content=\"index, follow, max-snippet:-1, max-image-preview:large, max-video-preview:-1\" \/>\n<link rel=\"canonical\" href=\"https:\/\/www.calibereurope.com\/fr\/produit\/PSQ10-B-fr_FR\/\" \/>\n<meta property=\"og:locale\" content=\"fr_FR\" \/>\n<meta property=\"og:type\" content=\"article\" \/>\n<meta property=\"og:title\" content=\"Chargeur sans fil Qi - Noir (PSQ10\/B) (PSQ10-B) | Caliber\" \/>\n<meta property=\"og:description\" content=\"Avec le chargeur certifi\u00e9 Caliber PSQ10\/B QI, charger votre t\u00e9l\u00e9phone sans fil est un jeu d&#039;enfant. Le chargeur sans fil peut \u00eatre utilis\u00e9 de mani\u00e8re universelle et convient donc aux smartphones tels que ceux d&#039;Apple, Samsung, Nokia et d&#039;autres marques qui prennent en charge le chargement sans fil. La recharge sans fil est id\u00e9ale lorsque [&hellip;]\" \/>\n<meta property=\"og:url\" content=\"https:\/\/www.calibereurope.com\/fr\/produit\/PSQ10-B-fr_FR\/\" \/>\n<meta property=\"og:site_name\" content=\"Caliber\" \/>\n<meta property=\"article:publisher\" content=\"https:\/\/facebook.com\/CaliberEurope\/\" \/>\n<meta property=\"article:modified_time\" content=\"2023-08-30T10:31:22+00:00\" \/>\n<meta property=\"og:image\" content=\"https:\/\/www.calibereurope.com\/wp-content\/uploads\/2023\/01\/8250c4e642ee9af0219ed6e6ce26d01df38c0487_PSQ10_B_web-2.jpg\" \/>\n\t<meta property=\"og:image:width\" content=\"1024\" \/>\n\t<meta property=\"og:image:height\" content=\"768\" \/>\n\t<meta property=\"og:image:type\" content=\"image\/jpeg\" \/>\n<meta name=\"twitter:card\" content=\"summary_large_image\" \/>\n<meta name=\"twitter:site\" content=\"@calibereurope\" \/>\n<meta name=\"twitter:label1\" content=\"Prix\" \/>\n\t<meta name=\"twitter:data1\" content=\"12,95\" \/>\n\t<meta name=\"twitter:label2\" content=\"Availability\" \/>\n\t<meta name=\"twitter:data2\" content=\"In stock\" \/>\n<script type=\"application\/ld+json\" class=\"yoast-schema-graph\">{\"@context\":\"https:\/\/schema.org\",\"@graph\":[{\"@type\":\"WebPage\",\"@id\":\"https:\/\/www.calibereurope.com\/fr\/produit\/PSQ10-B-fr_FR\/\",\"url\":\"https:\/\/www.calibereurope.com\/fr\/produit\/PSQ10-B-fr_FR\/\",\"name\":\"Chargeur sans fil Qi - Noir (PSQ10\/B) (PSQ10-B) | Caliber\",\"isPartOf\":{\"@id\":\"https:\/\/www.calibereurope.com\/fr\/#website\"},\"primaryImageOfPage\":{\"@id\":\"https:\/\/www.calibereurope.com\/fr\/produit\/PSQ10-B-fr_FR\/#primaryimage\"},\"image\":{\"@id\":\"https:\/\/www.calibereurope.com\/fr\/produit\/PSQ10-B-fr_FR\/#primaryimage\"},\"thumbnailUrl\":\"https:\/\/www.calibereurope.com\/wp-content\/uploads\/2023\/01\/8250c4e642ee9af0219ed6e6ce26d01df38c0487_PSQ10_B_web-6.jpg\",\"datePublished\":\"2023-08-30T00:00:00+00:00\",\"dateModified\":\"2023-08-30T10:31:22+00:00\",\"breadcrumb\":{\"@id\":\"https:\/\/www.calibereurope.com\/fr\/produit\/PSQ10-B-fr_FR\/#breadcrumb\"},\"inLanguage\":\"fr-FR\",\"potentialAction\":[{\"@type\":\"ReadAction\",\"target\":[\"https:\/\/www.calibereurope.com\/fr\/produit\/PSQ10-B-fr_FR\/\"]}]},{\"@type\":\"ImageObject\",\"inLanguage\":\"fr-FR\",\"@id\":\"https:\/\/www.calibereurope.com\/fr\/produit\/PSQ10-B-fr_FR\/#primaryimage\",\"url\":\"https:\/\/www.calibereurope.com\/wp-content\/uploads\/2023\/01\/8250c4e642ee9af0219ed6e6ce26d01df38c0487_PSQ10_B_web-6.jpg\",\"contentUrl\":\"https:\/\/www.calibereurope.com\/wp-content\/uploads\/2023\/01\/8250c4e642ee9af0219ed6e6ce26d01df38c0487_PSQ10_B_web-6.jpg\",\"width\":1024,\"height\":768},{\"@type\":\"BreadcrumbList\",\"@id\":\"https:\/\/www.calibereurope.com\/fr\/produit\/PSQ10-B-fr_FR\/#breadcrumb\",\"itemListElement\":[{\"@type\":\"ListItem\",\"position\":1,\"name\":\"Home\",\"item\":\"https:\/\/www.calibereurope.com\/fr\/\"},{\"@type\":\"ListItem\",\"position\":2,\"name\":\"Boutique en ligne\",\"item\":\"https:\/\/www.calibereurope.com\/fr\/boutique-en-ligne\/\"},{\"@type\":\"ListItem\",\"position\":3,\"name\":\"Vivre\",\"item\":\"https:\/\/www.calibereurope.com\/fr\/wonen_fr_FR\/\"},{\"@type\":\"ListItem\",\"position\":4,\"name\":\"Alimentation et charge\",\"item\":\"https:\/\/www.calibereurope.com\/fr\/wonen_fr_FR\/voeding_en_opladen_fr_FR\/\"},{\"@type\":\"ListItem\",\"position\":5,\"name\":\"Chargeur sans fil Qi &#8211; Noir (PSQ10\/B) (PSQ10-B)\"}]},{\"@type\":\"WebSite\",\"@id\":\"https:\/\/www.calibereurope.com\/fr\/#website\",\"url\":\"https:\/\/www.calibereurope.com\/fr\/\",\"name\":\"Caliber\",\"description\":\"Sounds good!\",\"publisher\":{\"@id\":\"https:\/\/www.calibereurope.com\/fr\/#organization\"},\"potentialAction\":[{\"@type\":\"SearchAction\",\"target\":{\"@type\":\"EntryPoint\",\"urlTemplate\":\"https:\/\/www.calibereurope.com\/fr\/?s={search_term_string}\"},\"query-input\":{\"@type\":\"PropertyValueSpecification\",\"valueRequired\":true,\"valueName\":\"search_term_string\"}}],\"inLanguage\":\"fr-FR\"},{\"@type\":\"Organization\",\"@id\":\"https:\/\/www.calibereurope.com\/fr\/#organization\",\"name\":\"Caliber Europe B.V.\",\"url\":\"https:\/\/www.calibereurope.com\/fr\/\",\"logo\":{\"@type\":\"ImageObject\",\"inLanguage\":\"fr-FR\",\"@id\":\"https:\/\/www.calibereurope.com\/fr\/#\/schema\/logo\/image\/\",\"url\":\"https:\/\/www.calibereurope.com\/wp-content\/uploads\/2019\/11\/Logo-Caliber-e1574846289621.png\",\"contentUrl\":\"https:\/\/www.calibereurope.com\/wp-content\/uploads\/2019\/11\/Logo-Caliber-e1574846289621.png\",\"width\":400,\"height\":69,\"caption\":\"Caliber Europe B.V.\"},\"image\":{\"@id\":\"https:\/\/www.calibereurope.com\/fr\/#\/schema\/logo\/image\/\"},\"sameAs\":[\"https:\/\/facebook.com\/CaliberEurope\/\",\"https:\/\/x.com\/calibereurope\",\"https:\/\/www.instagram.com\/calibereurope\/\"]}]}<\/script>\n<meta property=\"product:price:amount\" content=\"12.95\" \/>\n<meta property=\"product:price:currency\" content=\"EUR\" \/>\n<meta property=\"og:availability\" content=\"instock\" \/>\n<meta property=\"product:availability\" content=\"instock\" \/>\n<meta property=\"product:retailer_item_id\" content=\"PSQ10-B\" \/>\n<meta property=\"product:condition\" content=\"new\" \/>\n<!-- \/ Yoast SEO plugin. -->","yoast_head_json":{"title":"Chargeur sans fil Qi - Noir (PSQ10\/B) (PSQ10-B) | Caliber","robots":{"index":"index","follow":"follow","max-snippet":"max-snippet:-1","max-image-preview":"max-image-preview:large","max-video-preview":"max-video-preview:-1"},"canonical":"https:\/\/www.calibereurope.com\/fr\/produit\/PSQ10-B-fr_FR\/","og_locale":"fr_FR","og_type":"article","og_title":"Chargeur sans fil Qi - Noir (PSQ10\/B) (PSQ10-B) | Caliber","og_description":"Avec le chargeur certifi\u00e9 Caliber PSQ10\/B QI, charger votre t\u00e9l\u00e9phone sans fil est un jeu d&#39;enfant. Le chargeur sans fil peut \u00eatre utilis\u00e9 de mani\u00e8re universelle et convient donc aux smartphones tels que ceux d&#39;Apple, Samsung, Nokia et d&#39;autres marques qui prennent en charge le chargement sans fil. La recharge sans fil est id\u00e9ale lorsque [&hellip;]","og_url":"https:\/\/www.calibereurope.com\/fr\/produit\/PSQ10-B-fr_FR\/","og_site_name":"Caliber","article_publisher":"https:\/\/facebook.com\/CaliberEurope\/","article_modified_time":"2023-08-30T10:31:22+00:00","og_image":[{"width":1024,"height":768,"url":"https:\/\/www.calibereurope.com\/wp-content\/uploads\/2023\/01\/8250c4e642ee9af0219ed6e6ce26d01df38c0487_PSQ10_B_web-2.jpg","type":"image\/jpeg"}],"twitter_card":"summary_large_image","twitter_site":"@calibereurope","twitter_misc":{"Prix":"12,95","Availability":"In stock"},"schema":{"@context":"https:\/\/schema.org","@graph":[{"@type":"WebPage","@id":"https:\/\/www.calibereurope.com\/fr\/produit\/PSQ10-B-fr_FR\/","url":"https:\/\/www.calibereurope.com\/fr\/produit\/PSQ10-B-fr_FR\/","name":"Chargeur sans fil Qi - Noir (PSQ10\/B) (PSQ10-B) | Caliber","isPartOf":{"@id":"https:\/\/www.calibereurope.com\/fr\/#website"},"primaryImageOfPage":{"@id":"https:\/\/www.calibereurope.com\/fr\/produit\/PSQ10-B-fr_FR\/#primaryimage"},"image":{"@id":"https:\/\/www.calibereurope.com\/fr\/produit\/PSQ10-B-fr_FR\/#primaryimage"},"thumbnailUrl":"https:\/\/www.calibereurope.com\/wp-content\/uploads\/2023\/01\/8250c4e642ee9af0219ed6e6ce26d01df38c0487_PSQ10_B_web-6.jpg","datePublished":"2023-08-30T00:00:00+00:00","dateModified":"2023-08-30T10:31:22+00:00","breadcrumb":{"@id":"https:\/\/www.calibereurope.com\/fr\/produit\/PSQ10-B-fr_FR\/#breadcrumb"},"inLanguage":"fr-FR","potentialAction":[{"@type":"ReadAction","target":["https:\/\/www.calibereurope.com\/fr\/produit\/PSQ10-B-fr_FR\/"]}]},{"@type":"ImageObject","inLanguage":"fr-FR","@id":"https:\/\/www.calibereurope.com\/fr\/produit\/PSQ10-B-fr_FR\/#primaryimage","url":"https:\/\/www.calibereurope.com\/wp-content\/uploads\/2023\/01\/8250c4e642ee9af0219ed6e6ce26d01df38c0487_PSQ10_B_web-6.jpg","contentUrl":"https:\/\/www.calibereurope.com\/wp-content\/uploads\/2023\/01\/8250c4e642ee9af0219ed6e6ce26d01df38c0487_PSQ10_B_web-6.jpg","width":1024,"height":768},{"@type":"BreadcrumbList","@id":"https:\/\/www.calibereurope.com\/fr\/produit\/PSQ10-B-fr_FR\/#breadcrumb","itemListElement":[{"@type":"ListItem","position":1,"name":"Home","item":"https:\/\/www.calibereurope.com\/fr\/"},{"@type":"ListItem","position":2,"name":"Boutique en ligne","item":"https:\/\/www.calibereurope.com\/fr\/boutique-en-ligne\/"},{"@type":"ListItem","position":3,"name":"Vivre","item":"https:\/\/www.calibereurope.com\/fr\/wonen_fr_FR\/"},{"@type":"ListItem","position":4,"name":"Alimentation et charge","item":"https:\/\/www.calibereurope.com\/fr\/wonen_fr_FR\/voeding_en_opladen_fr_FR\/"},{"@type":"ListItem","position":5,"name":"Chargeur sans fil Qi &#8211; Noir (PSQ10\/B) (PSQ10-B)"}]},{"@type":"WebSite","@id":"https:\/\/www.calibereurope.com\/fr\/#website","url":"https:\/\/www.calibereurope.com\/fr\/","name":"Caliber","description":"Sounds good!","publisher":{"@id":"https:\/\/www.calibereurope.com\/fr\/#organization"},"potentialAction":[{"@type":"SearchAction","target":{"@type":"EntryPoint","urlTemplate":"https:\/\/www.calibereurope.com\/fr\/?s={search_term_string}"},"query-input":{"@type":"PropertyValueSpecification","valueRequired":true,"valueName":"search_term_string"}}],"inLanguage":"fr-FR"},{"@type":"Organization","@id":"https:\/\/www.calibereurope.com\/fr\/#organization","name":"Caliber Europe B.V.","url":"https:\/\/www.calibereurope.com\/fr\/","logo":{"@type":"ImageObject","inLanguage":"fr-FR","@id":"https:\/\/www.calibereurope.com\/fr\/#\/schema\/logo\/image\/","url":"https:\/\/www.calibereurope.com\/wp-content\/uploads\/2019\/11\/Logo-Caliber-e1574846289621.png","contentUrl":"https:\/\/www.calibereurope.com\/wp-content\/uploads\/2019\/11\/Logo-Caliber-e1574846289621.png","width":400,"height":69,"caption":"Caliber Europe B.V."},"image":{"@id":"https:\/\/www.calibereurope.com\/fr\/#\/schema\/logo\/image\/"},"sameAs":["https:\/\/facebook.com\/CaliberEurope\/","https:\/\/x.com\/calibereurope","https:\/\/www.instagram.com\/calibereurope\/"]}]},"product_price_amount":"12.95","product_price_currency":"EUR","og_availability":"instock","product_availability":"instock","product_retailer_item_id":"PSQ10-B","product_condition":"new"},"_links":{"self":[{"href":"https:\/\/www.calibereurope.com\/fr\/wp-json\/wp\/v2\/product\/162235","targetHints":{"allow":["GET"]}}],"collection":[{"href":"https:\/\/www.calibereurope.com\/fr\/wp-json\/wp\/v2\/product"}],"about":[{"href":"https:\/\/www.calibereurope.com\/fr\/wp-json\/wp\/v2\/types\/product"}],"replies":[{"embeddable":true,"href":"https:\/\/www.calibereurope.com\/fr\/wp-json\/wp\/v2\/comments?post=162235"}],"wp:featuredmedia":[{"embeddable":true,"href":"https:\/\/www.calibereurope.com\/fr\/wp-json\/wp\/v2\/media\/1441441"}],"wp:attachment":[{"href":"https:\/\/www.calibereurope.com\/fr\/wp-json\/wp\/v2\/media?parent=162235"}],"wp:term":[{"taxonomy":"product_brand","embeddable":true,"href":"https:\/\/www.calibereurope.com\/fr\/wp-json\/wp\/v2\/product_brand?post=162235"},{"taxonomy":"product_cat","embeddable":true,"href":"https:\/\/www.calibereurope.com\/fr\/wp-json\/wp\/v2\/product_cat?post=162235"},{"taxonomy":"product_tag","embeddable":true,"href":"https:\/\/www.calibereurope.com\/fr\/wp-json\/wp\/v2\/product_tag?post=162235"}],"curies":[{"name":"wp","href":"https:\/\/api.w.org\/{rel}","templated":true}]}}