{"id":162562,"date":"2023-11-14T01:00:00","date_gmt":"2022-11-11T00:00:00","guid":{"rendered":""},"modified":"2023-11-14T10:18:48","modified_gmt":"2023-11-14T09:18:48","slug":"RCD120BT-B-fr_FR","status":"publish","type":"product","link":"https:\/\/www.calibereurope.com\/fr\/produit\/RCD120BT-B-fr_FR\/","title":{"rendered":"Radio retro 4x75W avec FM, CD, technologie Bluetooth\u00ae en USB -Noir (RCD120BT-B)"},"content":{"rendered":"<p>Le Caliber RCD120BT-B est la version noire de l&#39;autoradio RCD120BT avec technologie Bluetooth\u00ae. \u00c9coutez votre musique pr\u00e9f\u00e9r\u00e9e depuis votre smartphone grace \u00e0 la technologie Bluetooth\u00ae ou utilisez la radio comme un kit mains libres. Vous passez des appels via les haut-parleurs de votre voiture.&nbsp;<\/p>\n<p><\/p>\n<p><span style=\"font-weight: bold;\">Lecture musicale multidirectionnelle<\/span><\/p>\n<p>Le RCD120BT-B est dot\u00e9 d&#39;une entr\u00e9e USB et d&#39;une entr\u00e9e auxiliaire, de sorte que vous pouvez \u00e9galement lire la musique de votre t\u00e9l\u00e9phone via ces ports. Derri\u00e8re le panneau frontal rabattable se trouvent un lecteur de CD et un lecteur de carte SD. Grace \u00e0 la puissance maximale de 4x 75 Watt, le bruit de votre voiture ne noie jamais votre musique. En outre, le profil Bluetooth\u00ae A2DP garantit une diffusion fluide et une bonne qualit\u00e9 sonore.<\/p>\n<p><\/p>\n<p><span style=\"font-weight: bold;\">Radio<\/span><\/p>\n<p>\u00c9coutez la radio et r\u00e9glez 18 pr\u00e9s\u00e9lections FM. De cette fa\u00e7on, vous pouvez facilement passer d&#39;une station \u00e0 l&#39;autre. La fonction RDS EON vous donne toujours des informations routi\u00e8res actualis\u00e9es lorsque la radio est allum\u00e9e. Cet autoradio a la taille standard 1-DIN, vous pouvez donc facilement remplacer votre ancien autoradio.<\/p>\n","protected":false},"excerpt":{"rendered":"<p>Le Caliber RCD120BT-B est la version noire de l&#39;autoradio RCD120BT avec technologie Bluetooth\u00ae. \u00c9coutez votre musique pr\u00e9f\u00e9r\u00e9e depuis votre smartphone grace \u00e0 la technologie Bluetooth\u00ae ou utilisez la radio comme un kit mains libres. Vous passez des appels via les haut-parleurs de votre voiture.&nbsp; Lecture musicale multidirectionnelle Le RCD120BT-B est dot\u00e9 d&#39;une entr\u00e9e USB et [&hellip;]<\/p>\n","protected":false},"featured_media":1448805,"comment_status":"open","ping_status":"closed","template":"","meta":{"inline_featured_image":false},"product_brand":[],"product_cat":[7806,7767],"product_tag":[],"class_list":{"0":"post-162562","1":"product","2":"type-product","3":"status-publish","4":"has-post-thumbnail","6":"product_cat-radios_auto_fr_FR","7":"product_cat-auto_fr_FR","9":"first","10":"outofstock","11":"taxable","12":"shipping-taxable","13":"purchasable","14":"product-type-simple"},"yoast_head":"<!-- This site is optimized with the Yoast SEO plugin v24.4 - https:\/\/yoast.com\/wordpress\/plugins\/seo\/ -->\n<title>Radio retro 4x75W avec FM, CD, technologie Bluetooth\u00ae en USB -Noir (RCD120BT-B) | Caliber<\/title>\n<meta name=\"robots\" content=\"index, follow, max-snippet:-1, max-image-preview:large, max-video-preview:-1\" \/>\n<link rel=\"canonical\" href=\"https:\/\/www.calibereurope.com\/fr\/produit\/RCD120BT-B-fr_FR\/\" \/>\n<meta property=\"og:locale\" content=\"fr_FR\" \/>\n<meta property=\"og:type\" content=\"article\" \/>\n<meta property=\"og:title\" content=\"Radio retro 4x75W avec FM, CD, technologie Bluetooth\u00ae en USB -Noir (RCD120BT-B) | Caliber\" \/>\n<meta property=\"og:description\" content=\"Le Caliber RCD120BT-B est la version noire de l&#039;autoradio RCD120BT avec technologie Bluetooth\u00ae. \u00c9coutez votre musique pr\u00e9f\u00e9r\u00e9e depuis votre smartphone grace \u00e0 la technologie Bluetooth\u00ae ou utilisez la radio comme un kit mains libres. Vous passez des appels via les haut-parleurs de votre voiture.&nbsp; Lecture musicale multidirectionnelle Le RCD120BT-B est dot\u00e9 d&#039;une entr\u00e9e USB et [&hellip;]\" \/>\n<meta property=\"og:url\" content=\"https:\/\/www.calibereurope.com\/fr\/produit\/RCD120BT-B-fr_FR\/\" \/>\n<meta property=\"og:site_name\" content=\"Caliber\" \/>\n<meta property=\"article:publisher\" content=\"https:\/\/facebook.com\/CaliberEurope\/\" \/>\n<meta property=\"article:modified_time\" content=\"2023-11-14T09:18:48+00:00\" \/>\n<meta property=\"og:image\" content=\"https:\/\/www.calibereurope.com\/wp-content\/uploads\/2022\/11\/46bd6699f2f5e808ef22a3d2bdfb29ce2f1615ee_RCD120BT_B-2.jpg\" \/>\n\t<meta property=\"og:image:width\" content=\"640\" \/>\n\t<meta property=\"og:image:height\" content=\"480\" \/>\n\t<meta property=\"og:image:type\" content=\"image\/jpeg\" \/>\n<meta name=\"twitter:card\" content=\"summary_large_image\" \/>\n<meta name=\"twitter:site\" content=\"@calibereurope\" \/>\n<meta name=\"twitter:label1\" content=\"Prix\" \/>\n\t<meta name=\"twitter:data1\" content=\"129,00\" \/>\n\t<meta name=\"twitter:label2\" content=\"Availability\" \/>\n\t<meta name=\"twitter:data2\" content=\"Out of stock\" \/>\n<script type=\"application\/ld+json\" class=\"yoast-schema-graph\">{\"@context\":\"https:\/\/schema.org\",\"@graph\":[{\"@type\":\"WebPage\",\"@id\":\"https:\/\/www.calibereurope.com\/fr\/produit\/RCD120BT-B-fr_FR\/\",\"url\":\"https:\/\/www.calibereurope.com\/fr\/produit\/RCD120BT-B-fr_FR\/\",\"name\":\"Radio retro 4x75W avec FM, CD, technologie Bluetooth\u00ae en USB -Noir (RCD120BT-B) | Caliber\",\"isPartOf\":{\"@id\":\"https:\/\/www.calibereurope.com\/fr\/#website\"},\"primaryImageOfPage\":{\"@id\":\"https:\/\/www.calibereurope.com\/fr\/produit\/RCD120BT-B-fr_FR\/#primaryimage\"},\"image\":{\"@id\":\"https:\/\/www.calibereurope.com\/fr\/produit\/RCD120BT-B-fr_FR\/#primaryimage\"},\"thumbnailUrl\":\"https:\/\/www.calibereurope.com\/wp-content\/uploads\/2023\/02\/46bd6699f2f5e808ef22a3d2bdfb29ce2f1615ee_RCD120BT_B-2.jpg\",\"datePublished\":\"2022-11-11T00:00:00+00:00\",\"dateModified\":\"2023-11-14T09:18:48+00:00\",\"breadcrumb\":{\"@id\":\"https:\/\/www.calibereurope.com\/fr\/produit\/RCD120BT-B-fr_FR\/#breadcrumb\"},\"inLanguage\":\"fr-FR\",\"potentialAction\":[{\"@type\":\"ReadAction\",\"target\":[\"https:\/\/www.calibereurope.com\/fr\/produit\/RCD120BT-B-fr_FR\/\"]}]},{\"@type\":\"ImageObject\",\"inLanguage\":\"fr-FR\",\"@id\":\"https:\/\/www.calibereurope.com\/fr\/produit\/RCD120BT-B-fr_FR\/#primaryimage\",\"url\":\"https:\/\/www.calibereurope.com\/wp-content\/uploads\/2023\/02\/46bd6699f2f5e808ef22a3d2bdfb29ce2f1615ee_RCD120BT_B-2.jpg\",\"contentUrl\":\"https:\/\/www.calibereurope.com\/wp-content\/uploads\/2023\/02\/46bd6699f2f5e808ef22a3d2bdfb29ce2f1615ee_RCD120BT_B-2.jpg\",\"width\":640,\"height\":480},{\"@type\":\"BreadcrumbList\",\"@id\":\"https:\/\/www.calibereurope.com\/fr\/produit\/RCD120BT-B-fr_FR\/#breadcrumb\",\"itemListElement\":[{\"@type\":\"ListItem\",\"position\":1,\"name\":\"Home\",\"item\":\"https:\/\/www.calibereurope.com\/fr\/\"},{\"@type\":\"ListItem\",\"position\":2,\"name\":\"Boutique en ligne\",\"item\":\"https:\/\/www.calibereurope.com\/fr\/boutique-en-ligne\/\"},{\"@type\":\"ListItem\",\"position\":3,\"name\":\"Voiture\",\"item\":\"https:\/\/www.calibereurope.com\/fr\/auto_fr_FR\/\"},{\"@type\":\"ListItem\",\"position\":4,\"name\":\"Radios\",\"item\":\"https:\/\/www.calibereurope.com\/fr\/auto_fr_FR\/radios_auto_fr_FR\/\"},{\"@type\":\"ListItem\",\"position\":5,\"name\":\"Radio retro 4x75W avec FM, CD, technologie Bluetooth\u00ae en USB -Noir (RCD120BT-B)\"}]},{\"@type\":\"WebSite\",\"@id\":\"https:\/\/www.calibereurope.com\/fr\/#website\",\"url\":\"https:\/\/www.calibereurope.com\/fr\/\",\"name\":\"Caliber\",\"description\":\"Sounds good!\",\"publisher\":{\"@id\":\"https:\/\/www.calibereurope.com\/fr\/#organization\"},\"potentialAction\":[{\"@type\":\"SearchAction\",\"target\":{\"@type\":\"EntryPoint\",\"urlTemplate\":\"https:\/\/www.calibereurope.com\/fr\/?s={search_term_string}\"},\"query-input\":{\"@type\":\"PropertyValueSpecification\",\"valueRequired\":true,\"valueName\":\"search_term_string\"}}],\"inLanguage\":\"fr-FR\"},{\"@type\":\"Organization\",\"@id\":\"https:\/\/www.calibereurope.com\/fr\/#organization\",\"name\":\"Caliber Europe B.V.\",\"url\":\"https:\/\/www.calibereurope.com\/fr\/\",\"logo\":{\"@type\":\"ImageObject\",\"inLanguage\":\"fr-FR\",\"@id\":\"https:\/\/www.calibereurope.com\/fr\/#\/schema\/logo\/image\/\",\"url\":\"https:\/\/www.calibereurope.com\/wp-content\/uploads\/2019\/11\/Logo-Caliber-e1574846289621.png\",\"contentUrl\":\"https:\/\/www.calibereurope.com\/wp-content\/uploads\/2019\/11\/Logo-Caliber-e1574846289621.png\",\"width\":400,\"height\":69,\"caption\":\"Caliber Europe B.V.\"},\"image\":{\"@id\":\"https:\/\/www.calibereurope.com\/fr\/#\/schema\/logo\/image\/\"},\"sameAs\":[\"https:\/\/facebook.com\/CaliberEurope\/\",\"https:\/\/x.com\/calibereurope\",\"https:\/\/www.instagram.com\/calibereurope\/\"]}]}<\/script>\n<meta property=\"product:price:amount\" content=\"129.00\" \/>\n<meta property=\"product:price:currency\" content=\"EUR\" \/>\n<meta property=\"og:availability\" content=\"out of stock\" \/>\n<meta property=\"product:availability\" content=\"out of stock\" \/>\n<meta property=\"product:retailer_item_id\" content=\"RCD120BT-B\" \/>\n<meta property=\"product:condition\" content=\"new\" \/>\n<!-- \/ Yoast SEO plugin. -->","yoast_head_json":{"title":"Radio retro 4x75W avec FM, CD, technologie Bluetooth\u00ae en USB -Noir (RCD120BT-B) | Caliber","robots":{"index":"index","follow":"follow","max-snippet":"max-snippet:-1","max-image-preview":"max-image-preview:large","max-video-preview":"max-video-preview:-1"},"canonical":"https:\/\/www.calibereurope.com\/fr\/produit\/RCD120BT-B-fr_FR\/","og_locale":"fr_FR","og_type":"article","og_title":"Radio retro 4x75W avec FM, CD, technologie Bluetooth\u00ae en USB -Noir (RCD120BT-B) | Caliber","og_description":"Le Caliber RCD120BT-B est la version noire de l&#39;autoradio RCD120BT avec technologie Bluetooth\u00ae. \u00c9coutez votre musique pr\u00e9f\u00e9r\u00e9e depuis votre smartphone grace \u00e0 la technologie Bluetooth\u00ae ou utilisez la radio comme un kit mains libres. Vous passez des appels via les haut-parleurs de votre voiture.&nbsp; Lecture musicale multidirectionnelle Le RCD120BT-B est dot\u00e9 d&#39;une entr\u00e9e USB et [&hellip;]","og_url":"https:\/\/www.calibereurope.com\/fr\/produit\/RCD120BT-B-fr_FR\/","og_site_name":"Caliber","article_publisher":"https:\/\/facebook.com\/CaliberEurope\/","article_modified_time":"2023-11-14T09:18:48+00:00","og_image":[{"width":640,"height":480,"url":"https:\/\/www.calibereurope.com\/wp-content\/uploads\/2022\/11\/46bd6699f2f5e808ef22a3d2bdfb29ce2f1615ee_RCD120BT_B-2.jpg","type":"image\/jpeg"}],"twitter_card":"summary_large_image","twitter_site":"@calibereurope","twitter_misc":{"Prix":"129,00","Availability":"Out of stock"},"schema":{"@context":"https:\/\/schema.org","@graph":[{"@type":"WebPage","@id":"https:\/\/www.calibereurope.com\/fr\/produit\/RCD120BT-B-fr_FR\/","url":"https:\/\/www.calibereurope.com\/fr\/produit\/RCD120BT-B-fr_FR\/","name":"Radio retro 4x75W avec FM, CD, technologie Bluetooth\u00ae en USB -Noir (RCD120BT-B) | Caliber","isPartOf":{"@id":"https:\/\/www.calibereurope.com\/fr\/#website"},"primaryImageOfPage":{"@id":"https:\/\/www.calibereurope.com\/fr\/produit\/RCD120BT-B-fr_FR\/#primaryimage"},"image":{"@id":"https:\/\/www.calibereurope.com\/fr\/produit\/RCD120BT-B-fr_FR\/#primaryimage"},"thumbnailUrl":"https:\/\/www.calibereurope.com\/wp-content\/uploads\/2023\/02\/46bd6699f2f5e808ef22a3d2bdfb29ce2f1615ee_RCD120BT_B-2.jpg","datePublished":"2022-11-11T00:00:00+00:00","dateModified":"2023-11-14T09:18:48+00:00","breadcrumb":{"@id":"https:\/\/www.calibereurope.com\/fr\/produit\/RCD120BT-B-fr_FR\/#breadcrumb"},"inLanguage":"fr-FR","potentialAction":[{"@type":"ReadAction","target":["https:\/\/www.calibereurope.com\/fr\/produit\/RCD120BT-B-fr_FR\/"]}]},{"@type":"ImageObject","inLanguage":"fr-FR","@id":"https:\/\/www.calibereurope.com\/fr\/produit\/RCD120BT-B-fr_FR\/#primaryimage","url":"https:\/\/www.calibereurope.com\/wp-content\/uploads\/2023\/02\/46bd6699f2f5e808ef22a3d2bdfb29ce2f1615ee_RCD120BT_B-2.jpg","contentUrl":"https:\/\/www.calibereurope.com\/wp-content\/uploads\/2023\/02\/46bd6699f2f5e808ef22a3d2bdfb29ce2f1615ee_RCD120BT_B-2.jpg","width":640,"height":480},{"@type":"BreadcrumbList","@id":"https:\/\/www.calibereurope.com\/fr\/produit\/RCD120BT-B-fr_FR\/#breadcrumb","itemListElement":[{"@type":"ListItem","position":1,"name":"Home","item":"https:\/\/www.calibereurope.com\/fr\/"},{"@type":"ListItem","position":2,"name":"Boutique en ligne","item":"https:\/\/www.calibereurope.com\/fr\/boutique-en-ligne\/"},{"@type":"ListItem","position":3,"name":"Voiture","item":"https:\/\/www.calibereurope.com\/fr\/auto_fr_FR\/"},{"@type":"ListItem","position":4,"name":"Radios","item":"https:\/\/www.calibereurope.com\/fr\/auto_fr_FR\/radios_auto_fr_FR\/"},{"@type":"ListItem","position":5,"name":"Radio retro 4x75W avec FM, CD, technologie Bluetooth\u00ae en USB -Noir (RCD120BT-B)"}]},{"@type":"WebSite","@id":"https:\/\/www.calibereurope.com\/fr\/#website","url":"https:\/\/www.calibereurope.com\/fr\/","name":"Caliber","description":"Sounds good!","publisher":{"@id":"https:\/\/www.calibereurope.com\/fr\/#organization"},"potentialAction":[{"@type":"SearchAction","target":{"@type":"EntryPoint","urlTemplate":"https:\/\/www.calibereurope.com\/fr\/?s={search_term_string}"},"query-input":{"@type":"PropertyValueSpecification","valueRequired":true,"valueName":"search_term_string"}}],"inLanguage":"fr-FR"},{"@type":"Organization","@id":"https:\/\/www.calibereurope.com\/fr\/#organization","name":"Caliber Europe B.V.","url":"https:\/\/www.calibereurope.com\/fr\/","logo":{"@type":"ImageObject","inLanguage":"fr-FR","@id":"https:\/\/www.calibereurope.com\/fr\/#\/schema\/logo\/image\/","url":"https:\/\/www.calibereurope.com\/wp-content\/uploads\/2019\/11\/Logo-Caliber-e1574846289621.png","contentUrl":"https:\/\/www.calibereurope.com\/wp-content\/uploads\/2019\/11\/Logo-Caliber-e1574846289621.png","width":400,"height":69,"caption":"Caliber Europe B.V."},"image":{"@id":"https:\/\/www.calibereurope.com\/fr\/#\/schema\/logo\/image\/"},"sameAs":["https:\/\/facebook.com\/CaliberEurope\/","https:\/\/x.com\/calibereurope","https:\/\/www.instagram.com\/calibereurope\/"]}]},"product_price_amount":"129.00","product_price_currency":"EUR","og_availability":"out of stock","product_availability":"out of stock","product_retailer_item_id":"RCD120BT-B","product_condition":"new"},"_links":{"self":[{"href":"https:\/\/www.calibereurope.com\/fr\/wp-json\/wp\/v2\/product\/162562","targetHints":{"allow":["GET"]}}],"collection":[{"href":"https:\/\/www.calibereurope.com\/fr\/wp-json\/wp\/v2\/product"}],"about":[{"href":"https:\/\/www.calibereurope.com\/fr\/wp-json\/wp\/v2\/types\/product"}],"replies":[{"embeddable":true,"href":"https:\/\/www.calibereurope.com\/fr\/wp-json\/wp\/v2\/comments?post=162562"}],"wp:featuredmedia":[{"embeddable":true,"href":"https:\/\/www.calibereurope.com\/fr\/wp-json\/wp\/v2\/media\/1448805"}],"wp:attachment":[{"href":"https:\/\/www.calibereurope.com\/fr\/wp-json\/wp\/v2\/media?parent=162562"}],"wp:term":[{"taxonomy":"product_brand","embeddable":true,"href":"https:\/\/www.calibereurope.com\/fr\/wp-json\/wp\/v2\/product_brand?post=162562"},{"taxonomy":"product_cat","embeddable":true,"href":"https:\/\/www.calibereurope.com\/fr\/wp-json\/wp\/v2\/product_cat?post=162562"},{"taxonomy":"product_tag","embeddable":true,"href":"https:\/\/www.calibereurope.com\/fr\/wp-json\/wp\/v2\/product_tag?post=162562"}],"curies":[{"name":"wp","href":"https:\/\/api.w.org\/{rel}","templated":true}]}}