{"id":163560,"date":"2023-10-04T02:00:00","date_gmt":"2023-10-04T00:00:00","guid":{"rendered":""},"modified":"2024-12-16T18:23:36","modified_gmt":"2024-12-16T17:23:36","slug":"HCG019QI-B-fr_FR","status":"publish","type":"product","link":"https:\/\/www.calibereurope.com\/fr\/produit\/HCG019QI-B-fr_FR\/","title":{"rendered":"R\u00e9veil Num\u00e9rique avec Chargeur Sans Fil &#8211; R\u00e9veil avec Lumi\u00e8re de R\u00e9veil &#8211; Technologie Qi (HCG019QI-B)"},"content":{"rendered":"<p>Chargez votre smartphone, \u00e9clairez votre chambre et r\u00e9veillez-vous repos\u00e9 avec le r\u00e9veil num\u00e9rique Caliber avec <strong>chargeur sans fil<\/strong>. La <strong>technologie Qi <\/strong> garantit que le chargeur de r\u00e9veil recharge votre t\u00e9l\u00e9phone sans fil et rapidement. Le r\u00e9veil num\u00e9rique est \u00e9galement \u00e9quip\u00e9 d&#39;une <strong>fonction &#8220;snooze&#8221;<\/strong>, ce qui vous permet de vous rendormir avec plaisir le matin. Le <strong>grand \u00e9cran blanc<\/strong> avec <strong>fonction de gradation<\/strong> vous permet de toujours lire l&#39;heure facilement. Utilisez <strong>la veilleuse<\/strong> la nuit dans <strong>diff\u00e9rentes couleurs<\/strong> pour cr\u00e9er l&#39;ambiance que vous souhaitez. <\/p>\n<p><strong>Caract\u00e9ristiques :<\/strong><\/p>\n<ul>\n<li>Chargeur de t\u00e9l\u00e9phone sans fil\n<li>Grand \u00e9cran blanc\n<li>2 heures d&#39;alarme\n<li>Fonction Snooze\n<li>display graduable\n<li>Veilleuse de diff\u00e9rentes couleurs\n<li>Lumi\u00e8re de r\u00e9veil\n<li>Batterie de secours\n<li>Couleur : noir <\/li>\n<\/ul>\n<p><strong>Attention : <\/strong>pas de fonction FM <\/p>\n<h3>R\u00e9veillez-vous avec une batterie pleine <\/h3>\n<h3>Rien n&#39;est plus ennuyeux que de se r\u00e9veiller avec un t\u00e9l\u00e9phone \u00e0 plat. C&#39;est pourquoi vous pouvez \u00e9galement utiliser ce r\u00e9veil pour charger votre t\u00e9l\u00e9phone. En effet, ce r\u00e9veil num\u00e9rique est \u00e9quip\u00e9 de la technologie Qi intelligente. Cela vous permet de charger votre t\u00e9l\u00e9phone sans fil. Il suffit de placer votre smartphone sur le dessus du r\u00e9veil pour qu&#39;il se recharge imm\u00e9diatement ! Notez simplement que votre t\u00e9l\u00e9phone doit prendre en charge la technologie Qi pour utiliser cette fonction de chargeur. M\u00eame si ce n&#39;est pas le cas, vous pouvez toujours recharger votre t\u00e9l\u00e9phone avec ce r\u00e9veil num\u00e9rique. Dans ce cas, vous pouvez le faire via le port USB situ\u00e9 \u00e0 l&#39;arri\u00e8re. <\/h3>\n<h3>Sortez du lit repos\u00e9 gr\u00e2ce \u00e0 ce r\u00e9veil <\/h3>\n<p>Avez-vous r\u00e9guli\u00e8rement des difficult\u00e9s \u00e0 sortir du lit le matin ? Dans ce cas, une lumi\u00e8re de r\u00e9veil peut vous aider \u00e0 vous r\u00e9veiller repos\u00e9 le matin. La lumi\u00e8re de r\u00e9veil du r\u00e9veil Caliber devient de plus en plus brillante avant l&#39;heure de l&#39;alarme et imite le lever du soleil. Cela signale naturellement \u00e0 votre corps qu&#39;il est temps de se r\u00e9veiller. Ainsi, avec l&#39;aide de ce r\u00e9veil num\u00e9rique, vous vous r\u00e9veillerez beaucoup plus heureux ! Vous voulez rester au lit un peu plus longtemps ? Utilisez alors la fonction &#8220;snooze&#8221; pour une demi-heure ou un quart d&#39;heure suppl\u00e9mentaire au lit. Remarque : ce r\u00e9veil n&#39;a pas de fonction FM et vous r\u00e9veille avec une sonnerie. Vous pouvez r\u00e9gler jusqu&#39;\u00e0 deux heures d&#39;alarme, de sorte que vous et votre partenaire puissiez \u00eatre r\u00e9veill\u00e9s en douceur \u00e0 votre propre heure par ce r\u00e9veil intelligent. <\/p>\n<h3>R\u00e9veil qui cr\u00e9\u00e9 une ambiance suppl\u00e9mentaire dans la chambre \u00e0 coucher <\/h3>\n<p>Le r\u00e9veil Caliber est \u00e9galement dot\u00e9 d&#39;une veilleuse que vous pouvez r\u00e9gler en diff\u00e9rentes couleurs. Choisissez une lumi\u00e8re jaune chaude, par exemple, ou cr\u00e9ez une atmosph\u00e8re stimulante avec une lumi\u00e8re rouge ou violette. <\/p>\n","protected":false},"excerpt":{"rendered":"<p>Chargez votre smartphone, \u00e9clairez votre chambre et r\u00e9veillez-vous repos\u00e9 avec le r\u00e9veil num\u00e9rique Caliber avec chargeur sans fil. La technologie Qi garantit que le chargeur de r\u00e9veil recharge votre t\u00e9l\u00e9phone sans fil et rapidement. Le r\u00e9veil num\u00e9rique est \u00e9galement \u00e9quip\u00e9 d&#39;une fonction &#8220;snooze&#8221;, ce qui vous permet de vous rendormir avec plaisir le matin. Le [&hellip;]<\/p>\n","protected":false},"featured_media":1455461,"comment_status":"open","ping_status":"closed","template":"","meta":{"inline_featured_image":false},"product_brand":[],"product_cat":[7902,7884],"product_tag":[],"class_list":{"0":"post-163560","1":"product","2":"type-product","3":"status-publish","4":"has-post-thumbnail","6":"product_cat-wekker_radios_fr_FR","7":"product_cat-wonen_fr_FR","9":"first","10":"outofstock","11":"featured","12":"taxable","13":"shipping-taxable","14":"purchasable","15":"product-type-simple"},"yoast_head":"<!-- This site is optimized with the Yoast SEO plugin v24.4 - https:\/\/yoast.com\/wordpress\/plugins\/seo\/ -->\n<title>R\u00e9veil Num\u00e9rique avec Chargeur Sans Fil - R\u00e9veil avec Lumi\u00e8re de R\u00e9veil - Technologie Qi (HCG019QI-B) | Caliber<\/title>\n<meta name=\"robots\" content=\"index, follow, max-snippet:-1, max-image-preview:large, max-video-preview:-1\" \/>\n<link rel=\"canonical\" href=\"https:\/\/www.calibereurope.com\/fr\/produit\/HCG019QI-B-fr_FR\/\" \/>\n<meta property=\"og:locale\" content=\"fr_FR\" \/>\n<meta property=\"og:type\" content=\"article\" \/>\n<meta property=\"og:title\" content=\"R\u00e9veil Num\u00e9rique avec Chargeur Sans Fil - R\u00e9veil avec Lumi\u00e8re de R\u00e9veil - Technologie Qi (HCG019QI-B) | Caliber\" \/>\n<meta property=\"og:description\" content=\"Chargez votre smartphone, \u00e9clairez votre chambre et r\u00e9veillez-vous repos\u00e9 avec le r\u00e9veil num\u00e9rique Caliber avec chargeur sans fil. La technologie Qi garantit que le chargeur de r\u00e9veil recharge votre t\u00e9l\u00e9phone sans fil et rapidement. Le r\u00e9veil num\u00e9rique est \u00e9galement \u00e9quip\u00e9 d&#039;une fonction &#8220;snooze&#8221;, ce qui vous permet de vous rendormir avec plaisir le matin. Le [&hellip;]\" \/>\n<meta property=\"og:url\" content=\"https:\/\/www.calibereurope.com\/fr\/produit\/HCG019QI-B-fr_FR\/\" \/>\n<meta property=\"og:site_name\" content=\"Caliber\" \/>\n<meta property=\"article:publisher\" content=\"https:\/\/facebook.com\/CaliberEurope\/\" \/>\n<meta property=\"article:modified_time\" content=\"2024-12-16T17:23:36+00:00\" \/>\n<meta property=\"og:image\" content=\"https:\/\/www.calibereurope.com\/wp-content\/uploads\/2023\/01\/4ecf85abd091fee2f79294235d585f1c45f0b31e_HCG019Qi_View2_B-2.jpg\" \/>\n\t<meta property=\"og:image:width\" content=\"1024\" \/>\n\t<meta property=\"og:image:height\" content=\"768\" \/>\n\t<meta property=\"og:image:type\" content=\"image\/jpeg\" \/>\n<meta name=\"twitter:card\" content=\"summary_large_image\" \/>\n<meta name=\"twitter:site\" content=\"@calibereurope\" \/>\n<meta name=\"twitter:label1\" content=\"Prix\" \/>\n\t<meta name=\"twitter:data1\" content=\"35,00\" \/>\n\t<meta name=\"twitter:label2\" content=\"Availability\" \/>\n\t<meta name=\"twitter:data2\" content=\"Out of stock\" \/>\n<script type=\"application\/ld+json\" class=\"yoast-schema-graph\">{\"@context\":\"https:\/\/schema.org\",\"@graph\":[{\"@type\":\"WebPage\",\"@id\":\"https:\/\/www.calibereurope.com\/fr\/produit\/HCG019QI-B-fr_FR\/\",\"url\":\"https:\/\/www.calibereurope.com\/fr\/produit\/HCG019QI-B-fr_FR\/\",\"name\":\"R\u00e9veil Num\u00e9rique avec Chargeur Sans Fil - R\u00e9veil avec Lumi\u00e8re de R\u00e9veil - Technologie Qi (HCG019QI-B) | Caliber\",\"isPartOf\":{\"@id\":\"https:\/\/www.calibereurope.com\/fr\/#website\"},\"primaryImageOfPage\":{\"@id\":\"https:\/\/www.calibereurope.com\/fr\/produit\/HCG019QI-B-fr_FR\/#primaryimage\"},\"image\":{\"@id\":\"https:\/\/www.calibereurope.com\/fr\/produit\/HCG019QI-B-fr_FR\/#primaryimage\"},\"thumbnailUrl\":\"https:\/\/www.calibereurope.com\/wp-content\/uploads\/2023\/02\/4ecf85abd091fee2f79294235d585f1c45f0b31e_HCG019Qi_View2_B-2.jpg\",\"datePublished\":\"2023-10-04T00:00:00+00:00\",\"dateModified\":\"2024-12-16T17:23:36+00:00\",\"breadcrumb\":{\"@id\":\"https:\/\/www.calibereurope.com\/fr\/produit\/HCG019QI-B-fr_FR\/#breadcrumb\"},\"inLanguage\":\"fr-FR\",\"potentialAction\":[{\"@type\":\"ReadAction\",\"target\":[\"https:\/\/www.calibereurope.com\/fr\/produit\/HCG019QI-B-fr_FR\/\"]}]},{\"@type\":\"ImageObject\",\"inLanguage\":\"fr-FR\",\"@id\":\"https:\/\/www.calibereurope.com\/fr\/produit\/HCG019QI-B-fr_FR\/#primaryimage\",\"url\":\"https:\/\/www.calibereurope.com\/wp-content\/uploads\/2023\/02\/4ecf85abd091fee2f79294235d585f1c45f0b31e_HCG019Qi_View2_B-2.jpg\",\"contentUrl\":\"https:\/\/www.calibereurope.com\/wp-content\/uploads\/2023\/02\/4ecf85abd091fee2f79294235d585f1c45f0b31e_HCG019Qi_View2_B-2.jpg\",\"width\":1024,\"height\":768},{\"@type\":\"BreadcrumbList\",\"@id\":\"https:\/\/www.calibereurope.com\/fr\/produit\/HCG019QI-B-fr_FR\/#breadcrumb\",\"itemListElement\":[{\"@type\":\"ListItem\",\"position\":1,\"name\":\"Home\",\"item\":\"https:\/\/www.calibereurope.com\/fr\/\"},{\"@type\":\"ListItem\",\"position\":2,\"name\":\"Boutique en ligne\",\"item\":\"https:\/\/www.calibereurope.com\/fr\/boutique-en-ligne\/\"},{\"@type\":\"ListItem\",\"position\":3,\"name\":\"Vivre\",\"item\":\"https:\/\/www.calibereurope.com\/fr\/wonen_fr_FR\/\"},{\"@type\":\"ListItem\",\"position\":4,\"name\":\"R\u00e9veil (radios)\",\"item\":\"https:\/\/www.calibereurope.com\/fr\/wonen_fr_FR\/wekker_radios_fr_FR\/\"},{\"@type\":\"ListItem\",\"position\":5,\"name\":\"R\u00e9veil Num\u00e9rique avec Chargeur Sans Fil &#8211; R\u00e9veil avec Lumi\u00e8re de R\u00e9veil &#8211; Technologie Qi (HCG019QI-B)\"}]},{\"@type\":\"WebSite\",\"@id\":\"https:\/\/www.calibereurope.com\/fr\/#website\",\"url\":\"https:\/\/www.calibereurope.com\/fr\/\",\"name\":\"Caliber\",\"description\":\"Sounds good!\",\"publisher\":{\"@id\":\"https:\/\/www.calibereurope.com\/fr\/#organization\"},\"potentialAction\":[{\"@type\":\"SearchAction\",\"target\":{\"@type\":\"EntryPoint\",\"urlTemplate\":\"https:\/\/www.calibereurope.com\/fr\/?s={search_term_string}\"},\"query-input\":{\"@type\":\"PropertyValueSpecification\",\"valueRequired\":true,\"valueName\":\"search_term_string\"}}],\"inLanguage\":\"fr-FR\"},{\"@type\":\"Organization\",\"@id\":\"https:\/\/www.calibereurope.com\/fr\/#organization\",\"name\":\"Caliber Europe B.V.\",\"url\":\"https:\/\/www.calibereurope.com\/fr\/\",\"logo\":{\"@type\":\"ImageObject\",\"inLanguage\":\"fr-FR\",\"@id\":\"https:\/\/www.calibereurope.com\/fr\/#\/schema\/logo\/image\/\",\"url\":\"https:\/\/www.calibereurope.com\/wp-content\/uploads\/2019\/11\/Logo-Caliber-e1574846289621.png\",\"contentUrl\":\"https:\/\/www.calibereurope.com\/wp-content\/uploads\/2019\/11\/Logo-Caliber-e1574846289621.png\",\"width\":400,\"height\":69,\"caption\":\"Caliber Europe B.V.\"},\"image\":{\"@id\":\"https:\/\/www.calibereurope.com\/fr\/#\/schema\/logo\/image\/\"},\"sameAs\":[\"https:\/\/facebook.com\/CaliberEurope\/\",\"https:\/\/x.com\/calibereurope\",\"https:\/\/www.instagram.com\/calibereurope\/\"]}]}<\/script>\n<meta property=\"product:price:amount\" content=\"35.00\" \/>\n<meta property=\"product:price:currency\" content=\"EUR\" \/>\n<meta property=\"og:availability\" content=\"out of stock\" \/>\n<meta property=\"product:availability\" content=\"out of stock\" \/>\n<meta property=\"product:retailer_item_id\" content=\"HCG019QI-B\" \/>\n<meta property=\"product:condition\" content=\"new\" \/>\n<!-- \/ Yoast SEO plugin. -->","yoast_head_json":{"title":"R\u00e9veil Num\u00e9rique avec Chargeur Sans Fil - R\u00e9veil avec Lumi\u00e8re de R\u00e9veil - Technologie Qi (HCG019QI-B) | Caliber","robots":{"index":"index","follow":"follow","max-snippet":"max-snippet:-1","max-image-preview":"max-image-preview:large","max-video-preview":"max-video-preview:-1"},"canonical":"https:\/\/www.calibereurope.com\/fr\/produit\/HCG019QI-B-fr_FR\/","og_locale":"fr_FR","og_type":"article","og_title":"R\u00e9veil Num\u00e9rique avec Chargeur Sans Fil - R\u00e9veil avec Lumi\u00e8re de R\u00e9veil - Technologie Qi (HCG019QI-B) | Caliber","og_description":"Chargez votre smartphone, \u00e9clairez votre chambre et r\u00e9veillez-vous repos\u00e9 avec le r\u00e9veil num\u00e9rique Caliber avec chargeur sans fil. La technologie Qi garantit que le chargeur de r\u00e9veil recharge votre t\u00e9l\u00e9phone sans fil et rapidement. Le r\u00e9veil num\u00e9rique est \u00e9galement \u00e9quip\u00e9 d&#39;une fonction &#8220;snooze&#8221;, ce qui vous permet de vous rendormir avec plaisir le matin. Le [&hellip;]","og_url":"https:\/\/www.calibereurope.com\/fr\/produit\/HCG019QI-B-fr_FR\/","og_site_name":"Caliber","article_publisher":"https:\/\/facebook.com\/CaliberEurope\/","article_modified_time":"2024-12-16T17:23:36+00:00","og_image":[{"width":1024,"height":768,"url":"https:\/\/www.calibereurope.com\/wp-content\/uploads\/2023\/01\/4ecf85abd091fee2f79294235d585f1c45f0b31e_HCG019Qi_View2_B-2.jpg","type":"image\/jpeg"}],"twitter_card":"summary_large_image","twitter_site":"@calibereurope","twitter_misc":{"Prix":"35,00","Availability":"Out of stock"},"schema":{"@context":"https:\/\/schema.org","@graph":[{"@type":"WebPage","@id":"https:\/\/www.calibereurope.com\/fr\/produit\/HCG019QI-B-fr_FR\/","url":"https:\/\/www.calibereurope.com\/fr\/produit\/HCG019QI-B-fr_FR\/","name":"R\u00e9veil Num\u00e9rique avec Chargeur Sans Fil - R\u00e9veil avec Lumi\u00e8re de R\u00e9veil - Technologie Qi (HCG019QI-B) | Caliber","isPartOf":{"@id":"https:\/\/www.calibereurope.com\/fr\/#website"},"primaryImageOfPage":{"@id":"https:\/\/www.calibereurope.com\/fr\/produit\/HCG019QI-B-fr_FR\/#primaryimage"},"image":{"@id":"https:\/\/www.calibereurope.com\/fr\/produit\/HCG019QI-B-fr_FR\/#primaryimage"},"thumbnailUrl":"https:\/\/www.calibereurope.com\/wp-content\/uploads\/2023\/02\/4ecf85abd091fee2f79294235d585f1c45f0b31e_HCG019Qi_View2_B-2.jpg","datePublished":"2023-10-04T00:00:00+00:00","dateModified":"2024-12-16T17:23:36+00:00","breadcrumb":{"@id":"https:\/\/www.calibereurope.com\/fr\/produit\/HCG019QI-B-fr_FR\/#breadcrumb"},"inLanguage":"fr-FR","potentialAction":[{"@type":"ReadAction","target":["https:\/\/www.calibereurope.com\/fr\/produit\/HCG019QI-B-fr_FR\/"]}]},{"@type":"ImageObject","inLanguage":"fr-FR","@id":"https:\/\/www.calibereurope.com\/fr\/produit\/HCG019QI-B-fr_FR\/#primaryimage","url":"https:\/\/www.calibereurope.com\/wp-content\/uploads\/2023\/02\/4ecf85abd091fee2f79294235d585f1c45f0b31e_HCG019Qi_View2_B-2.jpg","contentUrl":"https:\/\/www.calibereurope.com\/wp-content\/uploads\/2023\/02\/4ecf85abd091fee2f79294235d585f1c45f0b31e_HCG019Qi_View2_B-2.jpg","width":1024,"height":768},{"@type":"BreadcrumbList","@id":"https:\/\/www.calibereurope.com\/fr\/produit\/HCG019QI-B-fr_FR\/#breadcrumb","itemListElement":[{"@type":"ListItem","position":1,"name":"Home","item":"https:\/\/www.calibereurope.com\/fr\/"},{"@type":"ListItem","position":2,"name":"Boutique en ligne","item":"https:\/\/www.calibereurope.com\/fr\/boutique-en-ligne\/"},{"@type":"ListItem","position":3,"name":"Vivre","item":"https:\/\/www.calibereurope.com\/fr\/wonen_fr_FR\/"},{"@type":"ListItem","position":4,"name":"R\u00e9veil (radios)","item":"https:\/\/www.calibereurope.com\/fr\/wonen_fr_FR\/wekker_radios_fr_FR\/"},{"@type":"ListItem","position":5,"name":"R\u00e9veil Num\u00e9rique avec Chargeur Sans Fil &#8211; R\u00e9veil avec Lumi\u00e8re de R\u00e9veil &#8211; Technologie Qi (HCG019QI-B)"}]},{"@type":"WebSite","@id":"https:\/\/www.calibereurope.com\/fr\/#website","url":"https:\/\/www.calibereurope.com\/fr\/","name":"Caliber","description":"Sounds good!","publisher":{"@id":"https:\/\/www.calibereurope.com\/fr\/#organization"},"potentialAction":[{"@type":"SearchAction","target":{"@type":"EntryPoint","urlTemplate":"https:\/\/www.calibereurope.com\/fr\/?s={search_term_string}"},"query-input":{"@type":"PropertyValueSpecification","valueRequired":true,"valueName":"search_term_string"}}],"inLanguage":"fr-FR"},{"@type":"Organization","@id":"https:\/\/www.calibereurope.com\/fr\/#organization","name":"Caliber Europe B.V.","url":"https:\/\/www.calibereurope.com\/fr\/","logo":{"@type":"ImageObject","inLanguage":"fr-FR","@id":"https:\/\/www.calibereurope.com\/fr\/#\/schema\/logo\/image\/","url":"https:\/\/www.calibereurope.com\/wp-content\/uploads\/2019\/11\/Logo-Caliber-e1574846289621.png","contentUrl":"https:\/\/www.calibereurope.com\/wp-content\/uploads\/2019\/11\/Logo-Caliber-e1574846289621.png","width":400,"height":69,"caption":"Caliber Europe B.V."},"image":{"@id":"https:\/\/www.calibereurope.com\/fr\/#\/schema\/logo\/image\/"},"sameAs":["https:\/\/facebook.com\/CaliberEurope\/","https:\/\/x.com\/calibereurope","https:\/\/www.instagram.com\/calibereurope\/"]}]},"product_price_amount":"35.00","product_price_currency":"EUR","og_availability":"out of stock","product_availability":"out of stock","product_retailer_item_id":"HCG019QI-B","product_condition":"new"},"_links":{"self":[{"href":"https:\/\/www.calibereurope.com\/fr\/wp-json\/wp\/v2\/product\/163560","targetHints":{"allow":["GET"]}}],"collection":[{"href":"https:\/\/www.calibereurope.com\/fr\/wp-json\/wp\/v2\/product"}],"about":[{"href":"https:\/\/www.calibereurope.com\/fr\/wp-json\/wp\/v2\/types\/product"}],"replies":[{"embeddable":true,"href":"https:\/\/www.calibereurope.com\/fr\/wp-json\/wp\/v2\/comments?post=163560"}],"wp:featuredmedia":[{"embeddable":true,"href":"https:\/\/www.calibereurope.com\/fr\/wp-json\/wp\/v2\/media\/1455461"}],"wp:attachment":[{"href":"https:\/\/www.calibereurope.com\/fr\/wp-json\/wp\/v2\/media?parent=163560"}],"wp:term":[{"taxonomy":"product_brand","embeddable":true,"href":"https:\/\/www.calibereurope.com\/fr\/wp-json\/wp\/v2\/product_brand?post=163560"},{"taxonomy":"product_cat","embeddable":true,"href":"https:\/\/www.calibereurope.com\/fr\/wp-json\/wp\/v2\/product_cat?post=163560"},{"taxonomy":"product_tag","embeddable":true,"href":"https:\/\/www.calibereurope.com\/fr\/wp-json\/wp\/v2\/product_tag?post=163560"}],"curies":[{"name":"wp","href":"https:\/\/api.w.org\/{rel}","templated":true}]}}