{"id":164096,"date":"2021-09-21T02:00:00","date_gmt":"2020-09-28T00:00:00","guid":{"rendered":"https:\/\/www.calibereurope.com\/product\/hsb402bt-w-fr_fr\/"},"modified":"2024-07-25T15:56:32","modified_gmt":"2024-07-25T13:56:32","slug":"hsb402bt-w-fr_fr","status":"publish","type":"product","link":"https:\/\/www.calibereurope.com\/fr\/produit\/hsb402bt-w-fr_fr\/","title":{"rendered":"Ensemble de haut-parleurs d&#8217;ext\u00e9rieur avec Bluetooth et entr\u00e9e auxiliaire &#8211; Blanc (HSB402BT\/W)"},"content":{"rendered":"<p>Le HSB402BT\/W est un ensemble de haut-parleurs d&#8217;ext\u00e9rieur en bo\u00eetier renforc\u00e9 \u00e0 2 voies avec la technologie sans fil Bluetooth\u00ae dans la couleur noire. Ce kit HSB402BT contient : un haut-parleur actif et un haut-parleur passif qui sont reli\u00e9s au moyen d&#8217;un c\u00e2ble de haut-parleur (c\u00e2ble de haut-parleur de 3,5 m fourni) r\u00e9sistant \u00e0 l&#8217;eau (IPX6), avec des supports de montage et un rev\u00eatement anti-UV.<\/p>\n","protected":false},"excerpt":{"rendered":"<p>Le HSB402BT\/W est un ensemble de haut-parleurs d&#8217;ext\u00e9rieur en bo\u00eetier renforc\u00e9 \u00e0 2 voies avec la technologie sans fil Bluetooth\u00ae dans la couleur noire. Ce kit HSB402BT contient : un haut-parleur actif et un haut-parleur passif qui sont reli\u00e9s au moyen d&#8217;un c\u00e2ble de haut-parleur (c\u00e2ble de haut-parleur de 3,5 m fourni) r\u00e9sistant \u00e0 l&#8217;eau [&hellip;]<\/p>\n","protected":false},"featured_media":1226993,"comment_status":"open","ping_status":"open","template":"","meta":{"inline_featured_image":false},"product_brand":[],"product_cat":[7890,7884],"product_tag":[],"class_list":{"0":"post-164096","1":"product","2":"type-product","3":"status-publish","4":"has-post-thumbnail","6":"product_cat-bluetooth_speakers_fr_FR","7":"product_cat-wonen_fr_FR","9":"first","10":"outofstock","11":"taxable","12":"shipping-taxable","13":"purchasable","14":"product-type-simple"},"yoast_head":"<!-- This site is optimized with the Yoast SEO plugin v24.4 - https:\/\/yoast.com\/wordpress\/plugins\/seo\/ -->\n<title>Ensemble de haut-parleurs d&#039;ext\u00e9rieur avec Bluetooth et entr\u00e9e auxiliaire - Blanc (HSB402BT\/W) | Caliber<\/title>\n<meta name=\"robots\" content=\"index, follow, max-snippet:-1, max-image-preview:large, max-video-preview:-1\" \/>\n<link rel=\"canonical\" href=\"https:\/\/www.calibereurope.com\/fr\/produit\/hsb402bt-w-fr_fr\/\" \/>\n<meta property=\"og:locale\" content=\"fr_FR\" \/>\n<meta property=\"og:type\" content=\"article\" \/>\n<meta property=\"og:title\" content=\"Ensemble de haut-parleurs d&#039;ext\u00e9rieur avec Bluetooth et entr\u00e9e auxiliaire - Blanc (HSB402BT\/W) | Caliber\" \/>\n<meta property=\"og:description\" content=\"Le HSB402BT\/W est un ensemble de haut-parleurs d&#8217;ext\u00e9rieur en bo\u00eetier renforc\u00e9 \u00e0 2 voies avec la technologie sans fil Bluetooth\u00ae dans la couleur noire. Ce kit HSB402BT contient : un haut-parleur actif et un haut-parleur passif qui sont reli\u00e9s au moyen d&#8217;un c\u00e2ble de haut-parleur (c\u00e2ble de haut-parleur de 3,5 m fourni) r\u00e9sistant \u00e0 l&#8217;eau [&hellip;]\" \/>\n<meta property=\"og:url\" content=\"https:\/\/www.calibereurope.com\/fr\/produit\/hsb402bt-w-fr_fr\/\" \/>\n<meta property=\"og:site_name\" content=\"Caliber\" \/>\n<meta property=\"article:publisher\" content=\"https:\/\/facebook.com\/CaliberEurope\/\" \/>\n<meta property=\"article:modified_time\" content=\"2024-07-25T13:56:32+00:00\" \/>\n<meta property=\"og:image\" content=\"https:\/\/www.calibereurope.com\/wp-content\/uploads\/2022\/05\/12d57d4631509a433312797c655a61b6f8dca888_HSB402BT_W-2.jpg\" \/>\n\t<meta property=\"og:image:width\" content=\"768\" \/>\n\t<meta property=\"og:image:height\" content=\"607\" \/>\n\t<meta property=\"og:image:type\" content=\"image\/jpeg\" \/>\n<meta name=\"twitter:card\" content=\"summary_large_image\" \/>\n<meta name=\"twitter:site\" content=\"@calibereurope\" \/>\n<meta name=\"twitter:label1\" content=\"Prix\" \/>\n\t<meta name=\"twitter:data1\" content=\"119,00\" \/>\n\t<meta name=\"twitter:label2\" content=\"Availability\" \/>\n\t<meta name=\"twitter:data2\" content=\"Out of stock\" \/>\n<script type=\"application\/ld+json\" class=\"yoast-schema-graph\">{\"@context\":\"https:\/\/schema.org\",\"@graph\":[{\"@type\":\"WebPage\",\"@id\":\"https:\/\/www.calibereurope.com\/fr\/produit\/hsb402bt-w-fr_fr\/\",\"url\":\"https:\/\/www.calibereurope.com\/fr\/produit\/hsb402bt-w-fr_fr\/\",\"name\":\"Ensemble de haut-parleurs d'ext\u00e9rieur avec Bluetooth et entr\u00e9e auxiliaire - Blanc (HSB402BT\/W) | Caliber\",\"isPartOf\":{\"@id\":\"https:\/\/www.calibereurope.com\/fr\/#website\"},\"primaryImageOfPage\":{\"@id\":\"https:\/\/www.calibereurope.com\/fr\/produit\/hsb402bt-w-fr_fr\/#primaryimage\"},\"image\":{\"@id\":\"https:\/\/www.calibereurope.com\/fr\/produit\/hsb402bt-w-fr_fr\/#primaryimage\"},\"thumbnailUrl\":\"https:\/\/www.calibereurope.com\/wp-content\/uploads\/2022\/05\/12d57d4631509a433312797c655a61b6f8dca888_HSB402BT_W-2.jpg\",\"datePublished\":\"2020-09-28T00:00:00+00:00\",\"dateModified\":\"2024-07-25T13:56:32+00:00\",\"breadcrumb\":{\"@id\":\"https:\/\/www.calibereurope.com\/fr\/produit\/hsb402bt-w-fr_fr\/#breadcrumb\"},\"inLanguage\":\"fr-FR\",\"potentialAction\":[{\"@type\":\"ReadAction\",\"target\":[\"https:\/\/www.calibereurope.com\/fr\/produit\/hsb402bt-w-fr_fr\/\"]}]},{\"@type\":\"ImageObject\",\"inLanguage\":\"fr-FR\",\"@id\":\"https:\/\/www.calibereurope.com\/fr\/produit\/hsb402bt-w-fr_fr\/#primaryimage\",\"url\":\"https:\/\/www.calibereurope.com\/wp-content\/uploads\/2022\/05\/12d57d4631509a433312797c655a61b6f8dca888_HSB402BT_W-2.jpg\",\"contentUrl\":\"https:\/\/www.calibereurope.com\/wp-content\/uploads\/2022\/05\/12d57d4631509a433312797c655a61b6f8dca888_HSB402BT_W-2.jpg\",\"width\":768,\"height\":607},{\"@type\":\"BreadcrumbList\",\"@id\":\"https:\/\/www.calibereurope.com\/fr\/produit\/hsb402bt-w-fr_fr\/#breadcrumb\",\"itemListElement\":[{\"@type\":\"ListItem\",\"position\":1,\"name\":\"Home\",\"item\":\"https:\/\/www.calibereurope.com\/fr\/\"},{\"@type\":\"ListItem\",\"position\":2,\"name\":\"Boutique en ligne\",\"item\":\"https:\/\/www.calibereurope.com\/fr\/boutique-en-ligne\/\"},{\"@type\":\"ListItem\",\"position\":3,\"name\":\"Vivre\",\"item\":\"https:\/\/www.calibereurope.com\/fr\/wonen_fr_FR\/\"},{\"@type\":\"ListItem\",\"position\":4,\"name\":\"Haut-parleurs Bluetooth\",\"item\":\"https:\/\/www.calibereurope.com\/fr\/wonen_fr_FR\/bluetooth_speakers_fr_FR\/\"},{\"@type\":\"ListItem\",\"position\":5,\"name\":\"Ensemble de haut-parleurs d&rsquo;ext\u00e9rieur avec Bluetooth et entr\u00e9e auxiliaire &#8211; Blanc (HSB402BT\/W)\"}]},{\"@type\":\"WebSite\",\"@id\":\"https:\/\/www.calibereurope.com\/fr\/#website\",\"url\":\"https:\/\/www.calibereurope.com\/fr\/\",\"name\":\"Caliber\",\"description\":\"Sounds good!\",\"publisher\":{\"@id\":\"https:\/\/www.calibereurope.com\/fr\/#organization\"},\"potentialAction\":[{\"@type\":\"SearchAction\",\"target\":{\"@type\":\"EntryPoint\",\"urlTemplate\":\"https:\/\/www.calibereurope.com\/fr\/?s={search_term_string}\"},\"query-input\":{\"@type\":\"PropertyValueSpecification\",\"valueRequired\":true,\"valueName\":\"search_term_string\"}}],\"inLanguage\":\"fr-FR\"},{\"@type\":\"Organization\",\"@id\":\"https:\/\/www.calibereurope.com\/fr\/#organization\",\"name\":\"Caliber Europe B.V.\",\"url\":\"https:\/\/www.calibereurope.com\/fr\/\",\"logo\":{\"@type\":\"ImageObject\",\"inLanguage\":\"fr-FR\",\"@id\":\"https:\/\/www.calibereurope.com\/fr\/#\/schema\/logo\/image\/\",\"url\":\"https:\/\/www.calibereurope.com\/wp-content\/uploads\/2019\/11\/Logo-Caliber-e1574846289621.png\",\"contentUrl\":\"https:\/\/www.calibereurope.com\/wp-content\/uploads\/2019\/11\/Logo-Caliber-e1574846289621.png\",\"width\":400,\"height\":69,\"caption\":\"Caliber Europe B.V.\"},\"image\":{\"@id\":\"https:\/\/www.calibereurope.com\/fr\/#\/schema\/logo\/image\/\"},\"sameAs\":[\"https:\/\/facebook.com\/CaliberEurope\/\",\"https:\/\/x.com\/calibereurope\",\"https:\/\/www.instagram.com\/calibereurope\/\"]}]}<\/script>\n<meta property=\"product:price:amount\" content=\"119.00\" \/>\n<meta property=\"product:price:currency\" content=\"EUR\" \/>\n<meta property=\"og:availability\" content=\"out of stock\" \/>\n<meta property=\"product:availability\" content=\"out of stock\" \/>\n<meta property=\"product:retailer_item_id\" content=\"HSB402BT-W\" \/>\n<meta property=\"product:condition\" content=\"new\" \/>\n<!-- \/ Yoast SEO plugin. -->","yoast_head_json":{"title":"Ensemble de haut-parleurs d'ext\u00e9rieur avec Bluetooth et entr\u00e9e auxiliaire - Blanc (HSB402BT\/W) | Caliber","robots":{"index":"index","follow":"follow","max-snippet":"max-snippet:-1","max-image-preview":"max-image-preview:large","max-video-preview":"max-video-preview:-1"},"canonical":"https:\/\/www.calibereurope.com\/fr\/produit\/hsb402bt-w-fr_fr\/","og_locale":"fr_FR","og_type":"article","og_title":"Ensemble de haut-parleurs d'ext\u00e9rieur avec Bluetooth et entr\u00e9e auxiliaire - Blanc (HSB402BT\/W) | Caliber","og_description":"Le HSB402BT\/W est un ensemble de haut-parleurs d&#8217;ext\u00e9rieur en bo\u00eetier renforc\u00e9 \u00e0 2 voies avec la technologie sans fil Bluetooth\u00ae dans la couleur noire. Ce kit HSB402BT contient : un haut-parleur actif et un haut-parleur passif qui sont reli\u00e9s au moyen d&#8217;un c\u00e2ble de haut-parleur (c\u00e2ble de haut-parleur de 3,5 m fourni) r\u00e9sistant \u00e0 l&#8217;eau [&hellip;]","og_url":"https:\/\/www.calibereurope.com\/fr\/produit\/hsb402bt-w-fr_fr\/","og_site_name":"Caliber","article_publisher":"https:\/\/facebook.com\/CaliberEurope\/","article_modified_time":"2024-07-25T13:56:32+00:00","og_image":[{"width":768,"height":607,"url":"https:\/\/www.calibereurope.com\/wp-content\/uploads\/2022\/05\/12d57d4631509a433312797c655a61b6f8dca888_HSB402BT_W-2.jpg","type":"image\/jpeg"}],"twitter_card":"summary_large_image","twitter_site":"@calibereurope","twitter_misc":{"Prix":"119,00","Availability":"Out of stock"},"schema":{"@context":"https:\/\/schema.org","@graph":[{"@type":"WebPage","@id":"https:\/\/www.calibereurope.com\/fr\/produit\/hsb402bt-w-fr_fr\/","url":"https:\/\/www.calibereurope.com\/fr\/produit\/hsb402bt-w-fr_fr\/","name":"Ensemble de haut-parleurs d'ext\u00e9rieur avec Bluetooth et entr\u00e9e auxiliaire - Blanc (HSB402BT\/W) | Caliber","isPartOf":{"@id":"https:\/\/www.calibereurope.com\/fr\/#website"},"primaryImageOfPage":{"@id":"https:\/\/www.calibereurope.com\/fr\/produit\/hsb402bt-w-fr_fr\/#primaryimage"},"image":{"@id":"https:\/\/www.calibereurope.com\/fr\/produit\/hsb402bt-w-fr_fr\/#primaryimage"},"thumbnailUrl":"https:\/\/www.calibereurope.com\/wp-content\/uploads\/2022\/05\/12d57d4631509a433312797c655a61b6f8dca888_HSB402BT_W-2.jpg","datePublished":"2020-09-28T00:00:00+00:00","dateModified":"2024-07-25T13:56:32+00:00","breadcrumb":{"@id":"https:\/\/www.calibereurope.com\/fr\/produit\/hsb402bt-w-fr_fr\/#breadcrumb"},"inLanguage":"fr-FR","potentialAction":[{"@type":"ReadAction","target":["https:\/\/www.calibereurope.com\/fr\/produit\/hsb402bt-w-fr_fr\/"]}]},{"@type":"ImageObject","inLanguage":"fr-FR","@id":"https:\/\/www.calibereurope.com\/fr\/produit\/hsb402bt-w-fr_fr\/#primaryimage","url":"https:\/\/www.calibereurope.com\/wp-content\/uploads\/2022\/05\/12d57d4631509a433312797c655a61b6f8dca888_HSB402BT_W-2.jpg","contentUrl":"https:\/\/www.calibereurope.com\/wp-content\/uploads\/2022\/05\/12d57d4631509a433312797c655a61b6f8dca888_HSB402BT_W-2.jpg","width":768,"height":607},{"@type":"BreadcrumbList","@id":"https:\/\/www.calibereurope.com\/fr\/produit\/hsb402bt-w-fr_fr\/#breadcrumb","itemListElement":[{"@type":"ListItem","position":1,"name":"Home","item":"https:\/\/www.calibereurope.com\/fr\/"},{"@type":"ListItem","position":2,"name":"Boutique en ligne","item":"https:\/\/www.calibereurope.com\/fr\/boutique-en-ligne\/"},{"@type":"ListItem","position":3,"name":"Vivre","item":"https:\/\/www.calibereurope.com\/fr\/wonen_fr_FR\/"},{"@type":"ListItem","position":4,"name":"Haut-parleurs Bluetooth","item":"https:\/\/www.calibereurope.com\/fr\/wonen_fr_FR\/bluetooth_speakers_fr_FR\/"},{"@type":"ListItem","position":5,"name":"Ensemble de haut-parleurs d&rsquo;ext\u00e9rieur avec Bluetooth et entr\u00e9e auxiliaire &#8211; Blanc (HSB402BT\/W)"}]},{"@type":"WebSite","@id":"https:\/\/www.calibereurope.com\/fr\/#website","url":"https:\/\/www.calibereurope.com\/fr\/","name":"Caliber","description":"Sounds good!","publisher":{"@id":"https:\/\/www.calibereurope.com\/fr\/#organization"},"potentialAction":[{"@type":"SearchAction","target":{"@type":"EntryPoint","urlTemplate":"https:\/\/www.calibereurope.com\/fr\/?s={search_term_string}"},"query-input":{"@type":"PropertyValueSpecification","valueRequired":true,"valueName":"search_term_string"}}],"inLanguage":"fr-FR"},{"@type":"Organization","@id":"https:\/\/www.calibereurope.com\/fr\/#organization","name":"Caliber Europe B.V.","url":"https:\/\/www.calibereurope.com\/fr\/","logo":{"@type":"ImageObject","inLanguage":"fr-FR","@id":"https:\/\/www.calibereurope.com\/fr\/#\/schema\/logo\/image\/","url":"https:\/\/www.calibereurope.com\/wp-content\/uploads\/2019\/11\/Logo-Caliber-e1574846289621.png","contentUrl":"https:\/\/www.calibereurope.com\/wp-content\/uploads\/2019\/11\/Logo-Caliber-e1574846289621.png","width":400,"height":69,"caption":"Caliber Europe B.V."},"image":{"@id":"https:\/\/www.calibereurope.com\/fr\/#\/schema\/logo\/image\/"},"sameAs":["https:\/\/facebook.com\/CaliberEurope\/","https:\/\/x.com\/calibereurope","https:\/\/www.instagram.com\/calibereurope\/"]}]},"product_price_amount":"119.00","product_price_currency":"EUR","og_availability":"out of stock","product_availability":"out of stock","product_retailer_item_id":"HSB402BT-W","product_condition":"new"},"_links":{"self":[{"href":"https:\/\/www.calibereurope.com\/fr\/wp-json\/wp\/v2\/product\/164096","targetHints":{"allow":["GET"]}}],"collection":[{"href":"https:\/\/www.calibereurope.com\/fr\/wp-json\/wp\/v2\/product"}],"about":[{"href":"https:\/\/www.calibereurope.com\/fr\/wp-json\/wp\/v2\/types\/product"}],"replies":[{"embeddable":true,"href":"https:\/\/www.calibereurope.com\/fr\/wp-json\/wp\/v2\/comments?post=164096"}],"wp:featuredmedia":[{"embeddable":true,"href":"https:\/\/www.calibereurope.com\/fr\/wp-json\/wp\/v2\/media\/1226993"}],"wp:attachment":[{"href":"https:\/\/www.calibereurope.com\/fr\/wp-json\/wp\/v2\/media?parent=164096"}],"wp:term":[{"taxonomy":"product_brand","embeddable":true,"href":"https:\/\/www.calibereurope.com\/fr\/wp-json\/wp\/v2\/product_brand?post=164096"},{"taxonomy":"product_cat","embeddable":true,"href":"https:\/\/www.calibereurope.com\/fr\/wp-json\/wp\/v2\/product_cat?post=164096"},{"taxonomy":"product_tag","embeddable":true,"href":"https:\/\/www.calibereurope.com\/fr\/wp-json\/wp\/v2\/product_tag?post=164096"}],"curies":[{"name":"wp","href":"https:\/\/api.w.org\/{rel}","templated":true}]}}