{"id":169665,"date":"2025-06-25T02:00:00","date_gmt":"2020-09-28T00:00:00","guid":{"rendered":"https:\/\/www.calibereurope.com\/product\/ir-eye-fr_fr\/"},"modified":"2025-06-25T07:16:19","modified_gmt":"2025-06-25T05:16:19","slug":"ir-eye-fr_fr","status":"publish","type":"product","link":"https:\/\/www.calibereurope.com\/fr\/produit\/ir-eye-fr_fr\/","title":{"rendered":"Yeux IR suppl\u00e9mentaires pour distributeur d&#8217;infrarouges (IR EYE)"},"content":{"rendered":"<p>Le Caliber IR Eye est un ensemble suppl\u00e9mentaire d&#8217;yeux infrarouges pour votre Caliber IR Hide Away. Vous utilisez un ensemble suppl\u00e9mentaire si vous voulez contr\u00f4ler un appareil qui se trouve \u00e0 distance du reste de vos appareils. Cela est utile si vos appareils se trouvent dans une grande armoire.<\/p>\n","protected":false},"excerpt":{"rendered":"<p>Le Caliber IR Eye est un ensemble suppl\u00e9mentaire d&#8217;yeux infrarouges pour votre Caliber IR Hide Away. Vous utilisez un ensemble suppl\u00e9mentaire si vous voulez contr\u00f4ler un appareil qui se trouve \u00e0 distance du reste de vos appareils. Cela est utile si vos appareils se trouvent dans une grande armoire.<\/p>\n","protected":false},"featured_media":1679010,"comment_status":"open","ping_status":"closed","template":"","meta":{"inline_featured_image":false},"product_brand":[],"product_cat":[7833,7815],"product_tag":[],"class_list":{"0":"post-169665","1":"product","2":"type-product","3":"status-publish","4":"has-post-thumbnail","6":"product_cat-accessoires_beeld_fr_FR","7":"product_cat-beeld_fr_FR","9":"first","10":"instock","11":"taxable","12":"shipping-taxable","13":"purchasable","14":"product-type-simple"},"yoast_head":"<!-- This site is optimized with the Yoast SEO plugin v24.4 - https:\/\/yoast.com\/wordpress\/plugins\/seo\/ -->\n<title>Yeux IR suppl\u00e9mentaires pour distributeur d&#039;infrarouges (IR EYE) | Caliber<\/title>\n<meta name=\"robots\" content=\"index, follow, max-snippet:-1, max-image-preview:large, max-video-preview:-1\" \/>\n<link rel=\"canonical\" href=\"https:\/\/www.calibereurope.com\/fr\/produit\/ir-eye-fr_fr\/\" \/>\n<meta property=\"og:locale\" content=\"fr_FR\" \/>\n<meta property=\"og:type\" content=\"article\" \/>\n<meta property=\"og:title\" content=\"Yeux IR suppl\u00e9mentaires pour distributeur d&#039;infrarouges (IR EYE) | Caliber\" \/>\n<meta property=\"og:description\" content=\"Le Caliber IR Eye est un ensemble suppl\u00e9mentaire d&#8217;yeux infrarouges pour votre Caliber IR Hide Away. Vous utilisez un ensemble suppl\u00e9mentaire si vous voulez contr\u00f4ler un appareil qui se trouve \u00e0 distance du reste de vos appareils. Cela est utile si vos appareils se trouvent dans une grande armoire.\" \/>\n<meta property=\"og:url\" content=\"https:\/\/www.calibereurope.com\/fr\/produit\/ir-eye-fr_fr\/\" \/>\n<meta property=\"og:site_name\" content=\"Caliber\" \/>\n<meta property=\"article:publisher\" content=\"https:\/\/facebook.com\/CaliberEurope\/\" \/>\n<meta property=\"article:modified_time\" content=\"2025-06-25T05:16:19+00:00\" \/>\n<meta property=\"og:image\" content=\"https:\/\/www.calibereurope.com\/wp-content\/uploads\/2023\/01\/a6c4f009269978dc9e294babcd7ebb87faddb927_IR_EYE-2.jpg\" \/>\n\t<meta property=\"og:image:width\" content=\"2560\" \/>\n\t<meta property=\"og:image:height\" content=\"1870\" \/>\n\t<meta property=\"og:image:type\" content=\"image\/jpeg\" \/>\n<meta name=\"twitter:card\" content=\"summary_large_image\" \/>\n<meta name=\"twitter:site\" content=\"@calibereurope\" \/>\n<meta name=\"twitter:label1\" content=\"Prix\" \/>\n\t<meta name=\"twitter:data1\" content=\"19,95\" \/>\n\t<meta name=\"twitter:label2\" content=\"Availability\" \/>\n\t<meta name=\"twitter:data2\" content=\"In stock\" \/>\n<script type=\"application\/ld+json\" class=\"yoast-schema-graph\">{\"@context\":\"https:\/\/schema.org\",\"@graph\":[{\"@type\":\"WebPage\",\"@id\":\"https:\/\/www.calibereurope.com\/fr\/produit\/ir-eye-fr_fr\/\",\"url\":\"https:\/\/www.calibereurope.com\/fr\/produit\/ir-eye-fr_fr\/\",\"name\":\"Yeux IR suppl\u00e9mentaires pour distributeur d'infrarouges (IR EYE) | Caliber\",\"isPartOf\":{\"@id\":\"https:\/\/www.calibereurope.com\/fr\/#website\"},\"primaryImageOfPage\":{\"@id\":\"https:\/\/www.calibereurope.com\/fr\/produit\/ir-eye-fr_fr\/#primaryimage\"},\"image\":{\"@id\":\"https:\/\/www.calibereurope.com\/fr\/produit\/ir-eye-fr_fr\/#primaryimage\"},\"thumbnailUrl\":\"https:\/\/www.calibereurope.com\/wp-content\/uploads\/2025\/06\/a6c4f009269978dc9e294babcd7ebb87faddb927_IR_EYE.jpg\",\"datePublished\":\"2020-09-28T00:00:00+00:00\",\"dateModified\":\"2025-06-25T05:16:19+00:00\",\"breadcrumb\":{\"@id\":\"https:\/\/www.calibereurope.com\/fr\/produit\/ir-eye-fr_fr\/#breadcrumb\"},\"inLanguage\":\"fr-FR\",\"potentialAction\":[{\"@type\":\"ReadAction\",\"target\":[\"https:\/\/www.calibereurope.com\/fr\/produit\/ir-eye-fr_fr\/\"]}]},{\"@type\":\"ImageObject\",\"inLanguage\":\"fr-FR\",\"@id\":\"https:\/\/www.calibereurope.com\/fr\/produit\/ir-eye-fr_fr\/#primaryimage\",\"url\":\"https:\/\/www.calibereurope.com\/wp-content\/uploads\/2025\/06\/a6c4f009269978dc9e294babcd7ebb87faddb927_IR_EYE.jpg\",\"contentUrl\":\"https:\/\/www.calibereurope.com\/wp-content\/uploads\/2025\/06\/a6c4f009269978dc9e294babcd7ebb87faddb927_IR_EYE.jpg\",\"width\":2560,\"height\":1870},{\"@type\":\"BreadcrumbList\",\"@id\":\"https:\/\/www.calibereurope.com\/fr\/produit\/ir-eye-fr_fr\/#breadcrumb\",\"itemListElement\":[{\"@type\":\"ListItem\",\"position\":1,\"name\":\"Home\",\"item\":\"https:\/\/www.calibereurope.com\/fr\/\"},{\"@type\":\"ListItem\",\"position\":2,\"name\":\"Boutique en ligne\",\"item\":\"https:\/\/www.calibereurope.com\/fr\/boutique-en-ligne\/\"},{\"@type\":\"ListItem\",\"position\":3,\"name\":\"Image\",\"item\":\"https:\/\/www.calibereurope.com\/fr\/beeld_fr_FR\/\"},{\"@type\":\"ListItem\",\"position\":4,\"name\":\"Accessoires\",\"item\":\"https:\/\/www.calibereurope.com\/fr\/beeld_fr_FR\/accessoires_beeld_fr_FR\/\"},{\"@type\":\"ListItem\",\"position\":5,\"name\":\"Yeux IR suppl\u00e9mentaires pour distributeur d&rsquo;infrarouges (IR EYE)\"}]},{\"@type\":\"WebSite\",\"@id\":\"https:\/\/www.calibereurope.com\/fr\/#website\",\"url\":\"https:\/\/www.calibereurope.com\/fr\/\",\"name\":\"Caliber\",\"description\":\"Sounds good!\",\"publisher\":{\"@id\":\"https:\/\/www.calibereurope.com\/fr\/#organization\"},\"potentialAction\":[{\"@type\":\"SearchAction\",\"target\":{\"@type\":\"EntryPoint\",\"urlTemplate\":\"https:\/\/www.calibereurope.com\/fr\/?s={search_term_string}\"},\"query-input\":{\"@type\":\"PropertyValueSpecification\",\"valueRequired\":true,\"valueName\":\"search_term_string\"}}],\"inLanguage\":\"fr-FR\"},{\"@type\":\"Organization\",\"@id\":\"https:\/\/www.calibereurope.com\/fr\/#organization\",\"name\":\"Caliber Europe B.V.\",\"url\":\"https:\/\/www.calibereurope.com\/fr\/\",\"logo\":{\"@type\":\"ImageObject\",\"inLanguage\":\"fr-FR\",\"@id\":\"https:\/\/www.calibereurope.com\/fr\/#\/schema\/logo\/image\/\",\"url\":\"https:\/\/www.calibereurope.com\/wp-content\/uploads\/2019\/11\/Logo-Caliber-e1574846289621.png\",\"contentUrl\":\"https:\/\/www.calibereurope.com\/wp-content\/uploads\/2019\/11\/Logo-Caliber-e1574846289621.png\",\"width\":400,\"height\":69,\"caption\":\"Caliber Europe B.V.\"},\"image\":{\"@id\":\"https:\/\/www.calibereurope.com\/fr\/#\/schema\/logo\/image\/\"},\"sameAs\":[\"https:\/\/facebook.com\/CaliberEurope\/\",\"https:\/\/x.com\/calibereurope\",\"https:\/\/www.instagram.com\/calibereurope\/\"]}]}<\/script>\n<meta property=\"product:price:amount\" content=\"19.95\" \/>\n<meta property=\"product:price:currency\" content=\"EUR\" \/>\n<meta property=\"og:availability\" content=\"instock\" \/>\n<meta property=\"product:availability\" content=\"instock\" \/>\n<meta property=\"product:retailer_item_id\" content=\"IR-EYE\" \/>\n<meta property=\"product:condition\" content=\"new\" \/>\n<!-- \/ Yoast SEO plugin. -->","yoast_head_json":{"title":"Yeux IR suppl\u00e9mentaires pour distributeur d'infrarouges (IR EYE) | Caliber","robots":{"index":"index","follow":"follow","max-snippet":"max-snippet:-1","max-image-preview":"max-image-preview:large","max-video-preview":"max-video-preview:-1"},"canonical":"https:\/\/www.calibereurope.com\/fr\/produit\/ir-eye-fr_fr\/","og_locale":"fr_FR","og_type":"article","og_title":"Yeux IR suppl\u00e9mentaires pour distributeur d'infrarouges (IR EYE) | Caliber","og_description":"Le Caliber IR Eye est un ensemble suppl\u00e9mentaire d&#8217;yeux infrarouges pour votre Caliber IR Hide Away. Vous utilisez un ensemble suppl\u00e9mentaire si vous voulez contr\u00f4ler un appareil qui se trouve \u00e0 distance du reste de vos appareils. Cela est utile si vos appareils se trouvent dans une grande armoire.","og_url":"https:\/\/www.calibereurope.com\/fr\/produit\/ir-eye-fr_fr\/","og_site_name":"Caliber","article_publisher":"https:\/\/facebook.com\/CaliberEurope\/","article_modified_time":"2025-06-25T05:16:19+00:00","og_image":[{"width":2560,"height":1870,"url":"https:\/\/www.calibereurope.com\/wp-content\/uploads\/2023\/01\/a6c4f009269978dc9e294babcd7ebb87faddb927_IR_EYE-2.jpg","type":"image\/jpeg"}],"twitter_card":"summary_large_image","twitter_site":"@calibereurope","twitter_misc":{"Prix":"19,95","Availability":"In stock"},"schema":{"@context":"https:\/\/schema.org","@graph":[{"@type":"WebPage","@id":"https:\/\/www.calibereurope.com\/fr\/produit\/ir-eye-fr_fr\/","url":"https:\/\/www.calibereurope.com\/fr\/produit\/ir-eye-fr_fr\/","name":"Yeux IR suppl\u00e9mentaires pour distributeur d'infrarouges (IR EYE) | Caliber","isPartOf":{"@id":"https:\/\/www.calibereurope.com\/fr\/#website"},"primaryImageOfPage":{"@id":"https:\/\/www.calibereurope.com\/fr\/produit\/ir-eye-fr_fr\/#primaryimage"},"image":{"@id":"https:\/\/www.calibereurope.com\/fr\/produit\/ir-eye-fr_fr\/#primaryimage"},"thumbnailUrl":"https:\/\/www.calibereurope.com\/wp-content\/uploads\/2025\/06\/a6c4f009269978dc9e294babcd7ebb87faddb927_IR_EYE.jpg","datePublished":"2020-09-28T00:00:00+00:00","dateModified":"2025-06-25T05:16:19+00:00","breadcrumb":{"@id":"https:\/\/www.calibereurope.com\/fr\/produit\/ir-eye-fr_fr\/#breadcrumb"},"inLanguage":"fr-FR","potentialAction":[{"@type":"ReadAction","target":["https:\/\/www.calibereurope.com\/fr\/produit\/ir-eye-fr_fr\/"]}]},{"@type":"ImageObject","inLanguage":"fr-FR","@id":"https:\/\/www.calibereurope.com\/fr\/produit\/ir-eye-fr_fr\/#primaryimage","url":"https:\/\/www.calibereurope.com\/wp-content\/uploads\/2025\/06\/a6c4f009269978dc9e294babcd7ebb87faddb927_IR_EYE.jpg","contentUrl":"https:\/\/www.calibereurope.com\/wp-content\/uploads\/2025\/06\/a6c4f009269978dc9e294babcd7ebb87faddb927_IR_EYE.jpg","width":2560,"height":1870},{"@type":"BreadcrumbList","@id":"https:\/\/www.calibereurope.com\/fr\/produit\/ir-eye-fr_fr\/#breadcrumb","itemListElement":[{"@type":"ListItem","position":1,"name":"Home","item":"https:\/\/www.calibereurope.com\/fr\/"},{"@type":"ListItem","position":2,"name":"Boutique en ligne","item":"https:\/\/www.calibereurope.com\/fr\/boutique-en-ligne\/"},{"@type":"ListItem","position":3,"name":"Image","item":"https:\/\/www.calibereurope.com\/fr\/beeld_fr_FR\/"},{"@type":"ListItem","position":4,"name":"Accessoires","item":"https:\/\/www.calibereurope.com\/fr\/beeld_fr_FR\/accessoires_beeld_fr_FR\/"},{"@type":"ListItem","position":5,"name":"Yeux IR suppl\u00e9mentaires pour distributeur d&rsquo;infrarouges (IR EYE)"}]},{"@type":"WebSite","@id":"https:\/\/www.calibereurope.com\/fr\/#website","url":"https:\/\/www.calibereurope.com\/fr\/","name":"Caliber","description":"Sounds good!","publisher":{"@id":"https:\/\/www.calibereurope.com\/fr\/#organization"},"potentialAction":[{"@type":"SearchAction","target":{"@type":"EntryPoint","urlTemplate":"https:\/\/www.calibereurope.com\/fr\/?s={search_term_string}"},"query-input":{"@type":"PropertyValueSpecification","valueRequired":true,"valueName":"search_term_string"}}],"inLanguage":"fr-FR"},{"@type":"Organization","@id":"https:\/\/www.calibereurope.com\/fr\/#organization","name":"Caliber Europe B.V.","url":"https:\/\/www.calibereurope.com\/fr\/","logo":{"@type":"ImageObject","inLanguage":"fr-FR","@id":"https:\/\/www.calibereurope.com\/fr\/#\/schema\/logo\/image\/","url":"https:\/\/www.calibereurope.com\/wp-content\/uploads\/2019\/11\/Logo-Caliber-e1574846289621.png","contentUrl":"https:\/\/www.calibereurope.com\/wp-content\/uploads\/2019\/11\/Logo-Caliber-e1574846289621.png","width":400,"height":69,"caption":"Caliber Europe B.V."},"image":{"@id":"https:\/\/www.calibereurope.com\/fr\/#\/schema\/logo\/image\/"},"sameAs":["https:\/\/facebook.com\/CaliberEurope\/","https:\/\/x.com\/calibereurope","https:\/\/www.instagram.com\/calibereurope\/"]}]},"product_price_amount":"19.95","product_price_currency":"EUR","og_availability":"instock","product_availability":"instock","product_retailer_item_id":"IR-EYE","product_condition":"new"},"_links":{"self":[{"href":"https:\/\/www.calibereurope.com\/fr\/wp-json\/wp\/v2\/product\/169665","targetHints":{"allow":["GET"]}}],"collection":[{"href":"https:\/\/www.calibereurope.com\/fr\/wp-json\/wp\/v2\/product"}],"about":[{"href":"https:\/\/www.calibereurope.com\/fr\/wp-json\/wp\/v2\/types\/product"}],"replies":[{"embeddable":true,"href":"https:\/\/www.calibereurope.com\/fr\/wp-json\/wp\/v2\/comments?post=169665"}],"wp:featuredmedia":[{"embeddable":true,"href":"https:\/\/www.calibereurope.com\/fr\/wp-json\/wp\/v2\/media\/1679010"}],"wp:attachment":[{"href":"https:\/\/www.calibereurope.com\/fr\/wp-json\/wp\/v2\/media?parent=169665"}],"wp:term":[{"taxonomy":"product_brand","embeddable":true,"href":"https:\/\/www.calibereurope.com\/fr\/wp-json\/wp\/v2\/product_brand?post=169665"},{"taxonomy":"product_cat","embeddable":true,"href":"https:\/\/www.calibereurope.com\/fr\/wp-json\/wp\/v2\/product_cat?post=169665"},{"taxonomy":"product_tag","embeddable":true,"href":"https:\/\/www.calibereurope.com\/fr\/wp-json\/wp\/v2\/product_tag?post=169665"}],"curies":[{"name":"wp","href":"https:\/\/api.w.org\/{rel}","templated":true}]}}