{"id":173053,"date":"2024-08-13T02:00:00","date_gmt":"2024-08-13T00:00:00","guid":{"rendered":""},"modified":"2024-08-22T10:29:53","modified_gmt":"2024-08-22T08:29:53","slug":"MIVUE-J85-WIFI-GPS-fr_FR","status":"publish","type":"product","link":"https:\/\/www.calibereurope.com\/fr\/produit\/MIVUE-J85-WIFI-GPS-fr_FR\/","title":{"rendered":"Mio Mivue J85 Dashcam, 2,5k QHD 1600P, GPS, Capteur G, WiFi, Notification de la cam\u00e9ra Flash, Sony Starvis"},"content":{"rendered":"<p>Le MIVUE J85 est un DASHCAM qui garantit des enregistrements de haute qualit\u00e9 en qualit\u00e9 de 1600p pendant la journ\u00e9e et la nuit \u00e0 la fois pour et derri\u00e8re la voiture. Le MIVUE est \u00e9quip\u00e9 d&#39;un capteur Starvis CMOS pour des vid\u00e9os avec contraste sup\u00e9rieur et couleurs lumineuses et profondes, m\u00eame \u00e0 la lumi\u00e8re basse. Avec des images vid\u00e9o de haute qualit\u00e9, vous d\u00e9finissez des souvenirs et supportez facilement votre compagnie d&#39;assurance avec votre compagnie d&#39;assurance. Le J85 est con\u00e7u pour confirmer derri\u00e8re le r\u00e9troviseur, de sorte que le Dashcam ne pose pas votre vision. Gr\u00e2ce au WiFi, vous synchronisez les enregistrements en temps r\u00e9el avec votre smartphone. Le capteur G prend directement des mouvements soudains et stocke les enregistrements de cette promotion. Ce dashcam a un angle de cam\u00e9ra r\u00e9glable de moins de 150 degr\u00e9s. Gr\u00e2ce au GPS int\u00e9gr\u00e9, votre vitesse et votre emplacement sont enregistr\u00e9s \u00e0 tous les enregistrements. De cette fa\u00e7on, vous montrez que, en cas d&#39;accident, vous ne conduisez pas trop vite. Avez-vous peur que vous fassiez cela? Ensuite, vous recevrez des avertissements d&#39;alerte Flash avec Smart Alert. Le MIVUE prend \u00e9galement en compte votre s\u00e9curit\u00e9. De cette fa\u00e7on, vous obtenez un avertissement si vous \u00eates dangereux de fatigu\u00e9 et que DashCam vous attire \u00e0 la suite d&#39;un \u00e9ventuel affrontement. M\u00eame si votre voiture est gar\u00e9e, le MIVUE se d\u00e9place coinc\u00e9. C&#39;est ainsi que votre mat\u00e9riel d&#39;image collecte si un cambrioleur est actif. Pour cela, vous avez besoin d&#39;une smartbox (non incluse).<\/p>\n","protected":false},"excerpt":{"rendered":"<p>Le MIVUE J85 est un DASHCAM qui garantit des enregistrements de haute qualit\u00e9 en qualit\u00e9 de 1600p pendant la journ\u00e9e et la nuit \u00e0 la fois pour et derri\u00e8re la voiture. Le MIVUE est \u00e9quip\u00e9 d&#39;un capteur Starvis CMOS pour des vid\u00e9os avec contraste sup\u00e9rieur et couleurs lumineuses et profondes, m\u00eame \u00e0 la lumi\u00e8re basse. [&hellip;]<\/p>\n","protected":false},"featured_media":1621227,"comment_status":"open","ping_status":"closed","template":"","meta":{"inline_featured_image":false},"product_brand":[],"product_cat":[7821,7815],"product_tag":[],"class_list":{"0":"post-173053","1":"product","2":"type-product","3":"status-publish","4":"has-post-thumbnail","6":"product_cat-dashcams_fr_FR","7":"product_cat-beeld_fr_FR","9":"first","10":"outofstock","11":"taxable","12":"shipping-taxable","13":"purchasable","14":"product-type-simple"},"yoast_head":"<!-- This site is optimized with the Yoast SEO plugin v24.4 - https:\/\/yoast.com\/wordpress\/plugins\/seo\/ -->\n<title>Mio Mivue J85 Dashcam, 2,5k QHD 1600P, GPS, Capteur G, WiFi, Notification de la cam\u00e9ra Flash, Sony Starvis | Caliber<\/title>\n<meta name=\"robots\" content=\"index, follow, max-snippet:-1, max-image-preview:large, max-video-preview:-1\" \/>\n<link rel=\"canonical\" href=\"https:\/\/www.calibereurope.com\/fr\/produit\/MIVUE-J85-WIFI-GPS-fr_FR\/\" \/>\n<meta property=\"og:locale\" content=\"fr_FR\" \/>\n<meta property=\"og:type\" content=\"article\" \/>\n<meta property=\"og:title\" content=\"Mio Mivue J85 Dashcam, 2,5k QHD 1600P, GPS, Capteur G, WiFi, Notification de la cam\u00e9ra Flash, Sony Starvis | Caliber\" \/>\n<meta property=\"og:description\" content=\"Le MIVUE J85 est un DASHCAM qui garantit des enregistrements de haute qualit\u00e9 en qualit\u00e9 de 1600p pendant la journ\u00e9e et la nuit \u00e0 la fois pour et derri\u00e8re la voiture. Le MIVUE est \u00e9quip\u00e9 d&#039;un capteur Starvis CMOS pour des vid\u00e9os avec contraste sup\u00e9rieur et couleurs lumineuses et profondes, m\u00eame \u00e0 la lumi\u00e8re basse. [&hellip;]\" \/>\n<meta property=\"og:url\" content=\"https:\/\/www.calibereurope.com\/fr\/produit\/MIVUE-J85-WIFI-GPS-fr_FR\/\" \/>\n<meta property=\"og:site_name\" content=\"Caliber\" \/>\n<meta property=\"article:publisher\" content=\"https:\/\/facebook.com\/CaliberEurope\/\" \/>\n<meta property=\"article:modified_time\" content=\"2024-08-22T08:29:53+00:00\" \/>\n<meta property=\"og:image\" content=\"https:\/\/www.calibereurope.com\/wp-content\/uploads\/2022\/05\/4fe6b763887e9e3f1c6ac1d1bd60c439f7d0b6cd_MiVueJ85_camera_front.png\" \/>\n\t<meta property=\"og:image:width\" content=\"1024\" \/>\n\t<meta property=\"og:image:height\" content=\"687\" \/>\n\t<meta property=\"og:image:type\" content=\"image\/png\" \/>\n<meta name=\"twitter:card\" content=\"summary_large_image\" \/>\n<meta name=\"twitter:site\" content=\"@calibereurope\" \/>\n<meta name=\"twitter:label1\" content=\"Prix\" \/>\n\t<meta name=\"twitter:data1\" content=\"169,99\" \/>\n\t<meta name=\"twitter:label2\" content=\"Availability\" \/>\n\t<meta name=\"twitter:data2\" content=\"Out of stock\" \/>\n<script type=\"application\/ld+json\" class=\"yoast-schema-graph\">{\"@context\":\"https:\/\/schema.org\",\"@graph\":[{\"@type\":\"WebPage\",\"@id\":\"https:\/\/www.calibereurope.com\/fr\/produit\/MIVUE-J85-WIFI-GPS-fr_FR\/\",\"url\":\"https:\/\/www.calibereurope.com\/fr\/produit\/MIVUE-J85-WIFI-GPS-fr_FR\/\",\"name\":\"Mio Mivue J85 Dashcam, 2,5k QHD 1600P, GPS, Capteur G, WiFi, Notification de la cam\u00e9ra Flash, Sony Starvis | Caliber\",\"isPartOf\":{\"@id\":\"https:\/\/www.calibereurope.com\/fr\/#website\"},\"primaryImageOfPage\":{\"@id\":\"https:\/\/www.calibereurope.com\/fr\/produit\/MIVUE-J85-WIFI-GPS-fr_FR\/#primaryimage\"},\"image\":{\"@id\":\"https:\/\/www.calibereurope.com\/fr\/produit\/MIVUE-J85-WIFI-GPS-fr_FR\/#primaryimage\"},\"thumbnailUrl\":\"https:\/\/www.calibereurope.com\/wp-content\/uploads\/2024\/08\/4fe6b763887e9e3f1c6ac1d1bd60c439f7d0b6cd_MiVueJ85_camera_front.png\",\"datePublished\":\"2024-08-13T00:00:00+00:00\",\"dateModified\":\"2024-08-22T08:29:53+00:00\",\"breadcrumb\":{\"@id\":\"https:\/\/www.calibereurope.com\/fr\/produit\/MIVUE-J85-WIFI-GPS-fr_FR\/#breadcrumb\"},\"inLanguage\":\"fr-FR\",\"potentialAction\":[{\"@type\":\"ReadAction\",\"target\":[\"https:\/\/www.calibereurope.com\/fr\/produit\/MIVUE-J85-WIFI-GPS-fr_FR\/\"]}]},{\"@type\":\"ImageObject\",\"inLanguage\":\"fr-FR\",\"@id\":\"https:\/\/www.calibereurope.com\/fr\/produit\/MIVUE-J85-WIFI-GPS-fr_FR\/#primaryimage\",\"url\":\"https:\/\/www.calibereurope.com\/wp-content\/uploads\/2024\/08\/4fe6b763887e9e3f1c6ac1d1bd60c439f7d0b6cd_MiVueJ85_camera_front.png\",\"contentUrl\":\"https:\/\/www.calibereurope.com\/wp-content\/uploads\/2024\/08\/4fe6b763887e9e3f1c6ac1d1bd60c439f7d0b6cd_MiVueJ85_camera_front.png\",\"width\":1024,\"height\":687},{\"@type\":\"BreadcrumbList\",\"@id\":\"https:\/\/www.calibereurope.com\/fr\/produit\/MIVUE-J85-WIFI-GPS-fr_FR\/#breadcrumb\",\"itemListElement\":[{\"@type\":\"ListItem\",\"position\":1,\"name\":\"Home\",\"item\":\"https:\/\/www.calibereurope.com\/fr\/\"},{\"@type\":\"ListItem\",\"position\":2,\"name\":\"Boutique en ligne\",\"item\":\"https:\/\/www.calibereurope.com\/fr\/boutique-en-ligne\/\"},{\"@type\":\"ListItem\",\"position\":3,\"name\":\"Image\",\"item\":\"https:\/\/www.calibereurope.com\/fr\/beeld_fr_FR\/\"},{\"@type\":\"ListItem\",\"position\":4,\"name\":\"Dashcams\",\"item\":\"https:\/\/www.calibereurope.com\/fr\/beeld_fr_FR\/dashcams_fr_FR\/\"},{\"@type\":\"ListItem\",\"position\":5,\"name\":\"MIVUE J85 WIFI GPS Dashcam (MIVUE-J85-WIFI-GPS)\"}]},{\"@type\":\"WebSite\",\"@id\":\"https:\/\/www.calibereurope.com\/fr\/#website\",\"url\":\"https:\/\/www.calibereurope.com\/fr\/\",\"name\":\"Caliber\",\"description\":\"Sounds good!\",\"publisher\":{\"@id\":\"https:\/\/www.calibereurope.com\/fr\/#organization\"},\"potentialAction\":[{\"@type\":\"SearchAction\",\"target\":{\"@type\":\"EntryPoint\",\"urlTemplate\":\"https:\/\/www.calibereurope.com\/fr\/?s={search_term_string}\"},\"query-input\":{\"@type\":\"PropertyValueSpecification\",\"valueRequired\":true,\"valueName\":\"search_term_string\"}}],\"inLanguage\":\"fr-FR\"},{\"@type\":\"Organization\",\"@id\":\"https:\/\/www.calibereurope.com\/fr\/#organization\",\"name\":\"Caliber Europe B.V.\",\"url\":\"https:\/\/www.calibereurope.com\/fr\/\",\"logo\":{\"@type\":\"ImageObject\",\"inLanguage\":\"fr-FR\",\"@id\":\"https:\/\/www.calibereurope.com\/fr\/#\/schema\/logo\/image\/\",\"url\":\"https:\/\/www.calibereurope.com\/wp-content\/uploads\/2019\/11\/Logo-Caliber-e1574846289621.png\",\"contentUrl\":\"https:\/\/www.calibereurope.com\/wp-content\/uploads\/2019\/11\/Logo-Caliber-e1574846289621.png\",\"width\":400,\"height\":69,\"caption\":\"Caliber Europe B.V.\"},\"image\":{\"@id\":\"https:\/\/www.calibereurope.com\/fr\/#\/schema\/logo\/image\/\"},\"sameAs\":[\"https:\/\/facebook.com\/CaliberEurope\/\",\"https:\/\/x.com\/calibereurope\",\"https:\/\/www.instagram.com\/calibereurope\/\"]}]}<\/script>\n<meta property=\"product:price:amount\" content=\"169.99\" \/>\n<meta property=\"product:price:currency\" content=\"EUR\" \/>\n<meta property=\"og:availability\" content=\"out of stock\" \/>\n<meta property=\"product:availability\" content=\"out of stock\" \/>\n<meta property=\"product:retailer_item_id\" content=\"MIVUE-J85-WIFI-GPS\" \/>\n<meta property=\"product:condition\" content=\"new\" \/>\n<!-- \/ Yoast SEO plugin. -->","yoast_head_json":{"title":"Mio Mivue J85 Dashcam, 2,5k QHD 1600P, GPS, Capteur G, WiFi, Notification de la cam\u00e9ra Flash, Sony Starvis | Caliber","robots":{"index":"index","follow":"follow","max-snippet":"max-snippet:-1","max-image-preview":"max-image-preview:large","max-video-preview":"max-video-preview:-1"},"canonical":"https:\/\/www.calibereurope.com\/fr\/produit\/MIVUE-J85-WIFI-GPS-fr_FR\/","og_locale":"fr_FR","og_type":"article","og_title":"Mio Mivue J85 Dashcam, 2,5k QHD 1600P, GPS, Capteur G, WiFi, Notification de la cam\u00e9ra Flash, Sony Starvis | Caliber","og_description":"Le MIVUE J85 est un DASHCAM qui garantit des enregistrements de haute qualit\u00e9 en qualit\u00e9 de 1600p pendant la journ\u00e9e et la nuit \u00e0 la fois pour et derri\u00e8re la voiture. Le MIVUE est \u00e9quip\u00e9 d&#39;un capteur Starvis CMOS pour des vid\u00e9os avec contraste sup\u00e9rieur et couleurs lumineuses et profondes, m\u00eame \u00e0 la lumi\u00e8re basse. [&hellip;]","og_url":"https:\/\/www.calibereurope.com\/fr\/produit\/MIVUE-J85-WIFI-GPS-fr_FR\/","og_site_name":"Caliber","article_publisher":"https:\/\/facebook.com\/CaliberEurope\/","article_modified_time":"2024-08-22T08:29:53+00:00","og_image":[{"width":1024,"height":687,"url":"https:\/\/www.calibereurope.com\/wp-content\/uploads\/2022\/05\/4fe6b763887e9e3f1c6ac1d1bd60c439f7d0b6cd_MiVueJ85_camera_front.png","type":"image\/png"}],"twitter_card":"summary_large_image","twitter_site":"@calibereurope","twitter_misc":{"Prix":"169,99","Availability":"Out of stock"},"schema":{"@context":"https:\/\/schema.org","@graph":[{"@type":"WebPage","@id":"https:\/\/www.calibereurope.com\/fr\/produit\/MIVUE-J85-WIFI-GPS-fr_FR\/","url":"https:\/\/www.calibereurope.com\/fr\/produit\/MIVUE-J85-WIFI-GPS-fr_FR\/","name":"Mio Mivue J85 Dashcam, 2,5k QHD 1600P, GPS, Capteur G, WiFi, Notification de la cam\u00e9ra Flash, Sony Starvis | Caliber","isPartOf":{"@id":"https:\/\/www.calibereurope.com\/fr\/#website"},"primaryImageOfPage":{"@id":"https:\/\/www.calibereurope.com\/fr\/produit\/MIVUE-J85-WIFI-GPS-fr_FR\/#primaryimage"},"image":{"@id":"https:\/\/www.calibereurope.com\/fr\/produit\/MIVUE-J85-WIFI-GPS-fr_FR\/#primaryimage"},"thumbnailUrl":"https:\/\/www.calibereurope.com\/wp-content\/uploads\/2024\/08\/4fe6b763887e9e3f1c6ac1d1bd60c439f7d0b6cd_MiVueJ85_camera_front.png","datePublished":"2024-08-13T00:00:00+00:00","dateModified":"2024-08-22T08:29:53+00:00","breadcrumb":{"@id":"https:\/\/www.calibereurope.com\/fr\/produit\/MIVUE-J85-WIFI-GPS-fr_FR\/#breadcrumb"},"inLanguage":"fr-FR","potentialAction":[{"@type":"ReadAction","target":["https:\/\/www.calibereurope.com\/fr\/produit\/MIVUE-J85-WIFI-GPS-fr_FR\/"]}]},{"@type":"ImageObject","inLanguage":"fr-FR","@id":"https:\/\/www.calibereurope.com\/fr\/produit\/MIVUE-J85-WIFI-GPS-fr_FR\/#primaryimage","url":"https:\/\/www.calibereurope.com\/wp-content\/uploads\/2024\/08\/4fe6b763887e9e3f1c6ac1d1bd60c439f7d0b6cd_MiVueJ85_camera_front.png","contentUrl":"https:\/\/www.calibereurope.com\/wp-content\/uploads\/2024\/08\/4fe6b763887e9e3f1c6ac1d1bd60c439f7d0b6cd_MiVueJ85_camera_front.png","width":1024,"height":687},{"@type":"BreadcrumbList","@id":"https:\/\/www.calibereurope.com\/fr\/produit\/MIVUE-J85-WIFI-GPS-fr_FR\/#breadcrumb","itemListElement":[{"@type":"ListItem","position":1,"name":"Home","item":"https:\/\/www.calibereurope.com\/fr\/"},{"@type":"ListItem","position":2,"name":"Boutique en ligne","item":"https:\/\/www.calibereurope.com\/fr\/boutique-en-ligne\/"},{"@type":"ListItem","position":3,"name":"Image","item":"https:\/\/www.calibereurope.com\/fr\/beeld_fr_FR\/"},{"@type":"ListItem","position":4,"name":"Dashcams","item":"https:\/\/www.calibereurope.com\/fr\/beeld_fr_FR\/dashcams_fr_FR\/"},{"@type":"ListItem","position":5,"name":"MIVUE J85 WIFI GPS Dashcam (MIVUE-J85-WIFI-GPS)"}]},{"@type":"WebSite","@id":"https:\/\/www.calibereurope.com\/fr\/#website","url":"https:\/\/www.calibereurope.com\/fr\/","name":"Caliber","description":"Sounds good!","publisher":{"@id":"https:\/\/www.calibereurope.com\/fr\/#organization"},"potentialAction":[{"@type":"SearchAction","target":{"@type":"EntryPoint","urlTemplate":"https:\/\/www.calibereurope.com\/fr\/?s={search_term_string}"},"query-input":{"@type":"PropertyValueSpecification","valueRequired":true,"valueName":"search_term_string"}}],"inLanguage":"fr-FR"},{"@type":"Organization","@id":"https:\/\/www.calibereurope.com\/fr\/#organization","name":"Caliber Europe B.V.","url":"https:\/\/www.calibereurope.com\/fr\/","logo":{"@type":"ImageObject","inLanguage":"fr-FR","@id":"https:\/\/www.calibereurope.com\/fr\/#\/schema\/logo\/image\/","url":"https:\/\/www.calibereurope.com\/wp-content\/uploads\/2019\/11\/Logo-Caliber-e1574846289621.png","contentUrl":"https:\/\/www.calibereurope.com\/wp-content\/uploads\/2019\/11\/Logo-Caliber-e1574846289621.png","width":400,"height":69,"caption":"Caliber Europe B.V."},"image":{"@id":"https:\/\/www.calibereurope.com\/fr\/#\/schema\/logo\/image\/"},"sameAs":["https:\/\/facebook.com\/CaliberEurope\/","https:\/\/x.com\/calibereurope","https:\/\/www.instagram.com\/calibereurope\/"]}]},"product_price_amount":"169.99","product_price_currency":"EUR","og_availability":"out of stock","product_availability":"out of stock","product_retailer_item_id":"MIVUE-J85-WIFI-GPS","product_condition":"new"},"_links":{"self":[{"href":"https:\/\/www.calibereurope.com\/fr\/wp-json\/wp\/v2\/product\/173053","targetHints":{"allow":["GET"]}}],"collection":[{"href":"https:\/\/www.calibereurope.com\/fr\/wp-json\/wp\/v2\/product"}],"about":[{"href":"https:\/\/www.calibereurope.com\/fr\/wp-json\/wp\/v2\/types\/product"}],"replies":[{"embeddable":true,"href":"https:\/\/www.calibereurope.com\/fr\/wp-json\/wp\/v2\/comments?post=173053"}],"wp:featuredmedia":[{"embeddable":true,"href":"https:\/\/www.calibereurope.com\/fr\/wp-json\/wp\/v2\/media\/1621227"}],"wp:attachment":[{"href":"https:\/\/www.calibereurope.com\/fr\/wp-json\/wp\/v2\/media?parent=173053"}],"wp:term":[{"taxonomy":"product_brand","embeddable":true,"href":"https:\/\/www.calibereurope.com\/fr\/wp-json\/wp\/v2\/product_brand?post=173053"},{"taxonomy":"product_cat","embeddable":true,"href":"https:\/\/www.calibereurope.com\/fr\/wp-json\/wp\/v2\/product_cat?post=173053"},{"taxonomy":"product_tag","embeddable":true,"href":"https:\/\/www.calibereurope.com\/fr\/wp-json\/wp\/v2\/product_tag?post=173053"}],"curies":[{"name":"wp","href":"https:\/\/api.w.org\/{rel}","templated":true}]}}