{"id":224281,"date":"2026-01-05T01:00:00","date_gmt":"2026-01-05T00:00:00","guid":{"rendered":"0"},"modified":"2026-01-05T14:34:57","modified_gmt":"2026-01-05T13:34:57","slug":"HCG022-fr_FR","status":"publish","type":"product","link":"https:\/\/www.calibereurope.com\/fr\/produit\/HCG022-fr_FR\/","title":{"rendered":"R\u00e9veil num\u00e9rique \u00ab Slim-line \u00bb &#8211; R\u00e9veil double &#8211; Grand \u00e9cran rouge &#8211; Port USB (HCG022)"},"content":{"rendered":"<p> Ne vous rendormez plus jamais avec cet \u00e9l\u00e9gant r\u00e9veil num\u00e9rique Caliber HCG022. Gr\u00e2ce \u00e0 son <strong> design extra fin <\/strong> le r\u00e9veil prend peu de place et peut \u00eatre accroch\u00e9 au mur. Vous pouvez <strong> charger votre t\u00e9l\u00e9phone <\/strong>via le <strong> port USB <\/strong>. Outre la <strong> fonction de r\u00e9p\u00e9tition <\/strong>, bien connue, ce r\u00e9veil vous permet de r\u00e9gler <strong> deux heures d&#39;alarme <\/strong>. Id\u00e9al comme r\u00e9veil suppl\u00e9mentaire pour vous- ou pour d\u00e9finir des heures de r\u00e9veil distinctes pour vous et votre partenaire. La luminosit\u00e9 du <strong> grand \u00e9cran rouge <\/strong> est <strong> r\u00e9glable <\/strong>, ce qui vous permet de r\u00e9gler vous-m\u00eame la luminosit\u00e9. Gr\u00e2ce \u00e0 la <strong> batterie de secours <\/strong> vous \u00eates toujours s\u00fbr d\u2019\u00eatre r\u00e9veill\u00e9 m\u00eame en cas de coupure de courant. <\/p>\n<p> <strong>Caract\u00e9ristiques :<\/strong> <\/p>\n<ul>\n<li>Grand \u00e9cran rouge<\/li>\n<li>Design extra-plat<\/li>\n<li>Luminosit\u00e9 r\u00e9glable<\/li>\n<li>2 heures d&#39;alarme<\/li>\n<li>Fonction Snooze<\/li>\n<li>Batterie de secours<\/li>\n<li>Peut \u00eatre utilis\u00e9 aussi bien debout que fix\u00e9 au mur<\/li>\n<li>Sortie USB (1A) pour la recharge<\/li>\n<li>Pas de fonction FM<\/li>\n<\/ul>\n<h3> Une alarme avec diverses fonctions de r\u00e9veil <\/h3>\n<p> Gr\u00e2ce \u00e0 la fonction double alarme, vous pouvez r\u00e9gler deux heures d&#39;alarme sur ce r\u00e9veil avec prise. Vous n&#39;avez donc besoin que d&#39;un seul r\u00e9veil pour vous r\u00e9veiller, vous et votre partenaire, au bon moment. Utilisez la fonction &#8220;snooze&#8221; pour vous retourner un peu plus dans votre lit lorsque l&#39;alarme a sonn\u00e9. Vous pouvez d\u00e9finir le d\u00e9lai apr\u00e8s lequel l&#39;alarme se d\u00e9clenche \u00e0 nouveau si vous vous \u00eates rendormis. Alors que les r\u00e9veils num\u00e9riques disposent parfois d&#39;une fonction FM, ce r\u00e9veil Caliber n&#39;en dispose pas. Vous vous r\u00e9veillez avec un signal sonore <\/p>\n<h3>Un r\u00e9veil avec en design \u00e9l\u00e9gant<\/h3>\n<p> Avec ce r\u00e9veil num\u00e9rique, vous disposez non seulement d&#39;un r\u00e9veil fonctionnel mais aussi d&#39;un r\u00e9veil \u00e9l\u00e9gant. Le design moderne et extra-fin vous permet \u00e9galement de gagner de la place sur votre table de chevet. Le r\u00e9veil num\u00e9rique est dot\u00e9 d&#39;un port de charge USB 1A, ce qui vous permet \u00e9galement de gagner de la place dans la prise murale. Vous pouvez simplement charger votre t\u00e9l\u00e9phone la nuit gr\u00e2ce au r\u00e9veil avec prise. Vous pr\u00e9f\u00e9rez accrocher le r\u00e9veil avec des chiffres rouges au mur ? Pas de probl\u00e8me ! Vous pouvez simplement le placer sur le support fourni ou le fixer au mur.   <\/p>\n<h3> Toujours bien visible <\/h3>\n<p> Sur le grand \u00e9cran rouge de ce r\u00e9veil Caliber \u00e0 chiffres rouges, l&#39;heure est toujours bien lisible. Vous pouvez r\u00e9gler la luminosit\u00e9 de l&#39;\u00e9cran sur trois niveaux de luminosit\u00e9. Outre l&#39;heure, ce r\u00e9veil filaire peut \u00e9galement afficher la date et la temp\u00e9rature. En cas de panne de courant, vous \u00eates toujours assur\u00e9 que l\u2019alarme fonctionne gr\u00e2ce \u00e0 la batterie de secours incluse. Le r\u00e9veil restera allum\u00e9, de sorte que vous serez r\u00e9veill\u00e9, m\u00eame dans cette situation, et que vous pourrez toujours voir l&#39;heure. <\/p>\n<p>\u2003<\/p>\n","protected":false},"excerpt":{"rendered":"<ul>\n<li>Grand \u00e9cran rouge<\/li>\n<li>Design extra-plat<\/li>\n<li>Luminosit\u00e9 r\u00e9glable<\/li>\n<li>2 heures d&#8217;alarme<\/li>\n<li>Fonction Snooze<\/li>\n<li>Batterie de secours<\/li>\n<li>Peut \u00eatre utilis\u00e9 aussi bien debout que fix\u00e9 au mur<\/li>\n<li>Sortie USB (1A) pour la recharge<\/li>\n<li>Pas de fonction FM<\/li>\n<\/ul>\n","protected":false},"featured_media":1686224,"comment_status":"open","ping_status":"closed","template":"","meta":{"inline_featured_image":false},"product_brand":[],"product_cat":[7902,7884],"product_tag":[],"class_list":{"0":"post-224281","1":"product","2":"type-product","3":"status-publish","4":"has-post-thumbnail","6":"product_cat-wekker_radios_fr_FR","7":"product_cat-wonen_fr_FR","9":"first","10":"instock","11":"taxable","12":"shipping-taxable","13":"purchasable","14":"product-type-simple"},"yoast_head":"<!-- This site is optimized with the Yoast SEO plugin v24.4 - https:\/\/yoast.com\/wordpress\/plugins\/seo\/ -->\n<title>R\u00e9veil num\u00e9rique \u00ab Slim-line \u00bb - R\u00e9veil double - Grand \u00e9cran rouge - Port USB (HCG022) | Caliber<\/title>\n<meta name=\"robots\" content=\"index, follow, max-snippet:-1, max-image-preview:large, max-video-preview:-1\" \/>\n<link rel=\"canonical\" href=\"https:\/\/www.calibereurope.com\/fr\/produit\/HCG022-fr_FR\/\" \/>\n<meta property=\"og:locale\" content=\"fr_FR\" \/>\n<meta property=\"og:type\" content=\"article\" \/>\n<meta property=\"og:title\" content=\"R\u00e9veil num\u00e9rique \u00ab Slim-line \u00bb - R\u00e9veil double - Grand \u00e9cran rouge - Port USB (HCG022) | Caliber\" \/>\n<meta property=\"og:description\" content=\"Grand \u00e9cran rougeDesign extra-platLuminosit\u00e9 r\u00e9glable2 heures d&#039;alarmeFonction SnoozeBatterie de secoursPeut \u00eatre utilis\u00e9 aussi bien debout que fix\u00e9 au murSortie USB (1A) pour la rechargePas de fonction FM\" \/>\n<meta property=\"og:url\" content=\"https:\/\/www.calibereurope.com\/fr\/produit\/HCG022-fr_FR\/\" \/>\n<meta property=\"og:site_name\" content=\"Caliber\" \/>\n<meta property=\"article:publisher\" content=\"https:\/\/facebook.com\/CaliberEurope\/\" \/>\n<meta property=\"article:modified_time\" content=\"2026-01-05T13:34:57+00:00\" \/>\n<meta property=\"og:image\" content=\"https:\/\/www.calibereurope.com\/wp-content\/uploads\/2023\/01\/23fdbb81e8dc5e2cac5eededad68fd93d2e23aa3_HCG022-14.jpg\" \/>\n\t<meta property=\"og:image:width\" content=\"1024\" \/>\n\t<meta property=\"og:image:height\" content=\"768\" \/>\n\t<meta property=\"og:image:type\" content=\"image\/jpeg\" \/>\n<meta name=\"twitter:card\" content=\"summary_large_image\" \/>\n<meta name=\"twitter:site\" content=\"@calibereurope\" \/>\n<meta name=\"twitter:label1\" content=\"Prix\" \/>\n\t<meta name=\"twitter:data1\" content=\"19,95\" \/>\n\t<meta name=\"twitter:label2\" content=\"Availability\" \/>\n\t<meta name=\"twitter:data2\" content=\"In stock\" \/>\n<script type=\"application\/ld+json\" class=\"yoast-schema-graph\">{\"@context\":\"https:\/\/schema.org\",\"@graph\":[{\"@type\":\"WebPage\",\"@id\":\"https:\/\/www.calibereurope.com\/fr\/produit\/HCG022-fr_FR\/\",\"url\":\"https:\/\/www.calibereurope.com\/fr\/produit\/HCG022-fr_FR\/\",\"name\":\"R\u00e9veil num\u00e9rique \u00ab Slim-line \u00bb - R\u00e9veil double - Grand \u00e9cran rouge - Port USB (HCG022) | Caliber\",\"isPartOf\":{\"@id\":\"https:\/\/www.calibereurope.com\/fr\/#website\"},\"primaryImageOfPage\":{\"@id\":\"https:\/\/www.calibereurope.com\/fr\/produit\/HCG022-fr_FR\/#primaryimage\"},\"image\":{\"@id\":\"https:\/\/www.calibereurope.com\/fr\/produit\/HCG022-fr_FR\/#primaryimage\"},\"thumbnailUrl\":\"https:\/\/www.calibereurope.com\/wp-content\/uploads\/2026\/01\/23fdbb81e8dc5e2cac5eededad68fd93d2e23aa3_HCG022-2.jpg\",\"datePublished\":\"2026-01-05T00:00:00+00:00\",\"dateModified\":\"2026-01-05T13:34:57+00:00\",\"breadcrumb\":{\"@id\":\"https:\/\/www.calibereurope.com\/fr\/produit\/HCG022-fr_FR\/#breadcrumb\"},\"inLanguage\":\"fr-FR\",\"potentialAction\":[{\"@type\":\"ReadAction\",\"target\":[\"https:\/\/www.calibereurope.com\/fr\/produit\/HCG022-fr_FR\/\"]}]},{\"@type\":\"ImageObject\",\"inLanguage\":\"fr-FR\",\"@id\":\"https:\/\/www.calibereurope.com\/fr\/produit\/HCG022-fr_FR\/#primaryimage\",\"url\":\"https:\/\/www.calibereurope.com\/wp-content\/uploads\/2026\/01\/23fdbb81e8dc5e2cac5eededad68fd93d2e23aa3_HCG022-2.jpg\",\"contentUrl\":\"https:\/\/www.calibereurope.com\/wp-content\/uploads\/2026\/01\/23fdbb81e8dc5e2cac5eededad68fd93d2e23aa3_HCG022-2.jpg\",\"width\":1024,\"height\":768},{\"@type\":\"BreadcrumbList\",\"@id\":\"https:\/\/www.calibereurope.com\/fr\/produit\/HCG022-fr_FR\/#breadcrumb\",\"itemListElement\":[{\"@type\":\"ListItem\",\"position\":1,\"name\":\"Home\",\"item\":\"https:\/\/www.calibereurope.com\/fr\/\"},{\"@type\":\"ListItem\",\"position\":2,\"name\":\"Boutique en ligne\",\"item\":\"https:\/\/www.calibereurope.com\/fr\/boutique-en-ligne\/\"},{\"@type\":\"ListItem\",\"position\":3,\"name\":\"Vivre\",\"item\":\"https:\/\/www.calibereurope.com\/fr\/wonen_fr_FR\/\"},{\"@type\":\"ListItem\",\"position\":4,\"name\":\"R\u00e9veil (radios)\",\"item\":\"https:\/\/www.calibereurope.com\/fr\/wonen_fr_FR\/wekker_radios_fr_FR\/\"},{\"@type\":\"ListItem\",\"position\":5,\"name\":\"R\u00e9veil num\u00e9rique \u00ab Slim-line \u00bb &#8211; R\u00e9veil double &#8211; Grand \u00e9cran rouge &#8211; Port USB (HCG022)\"}]},{\"@type\":\"WebSite\",\"@id\":\"https:\/\/www.calibereurope.com\/fr\/#website\",\"url\":\"https:\/\/www.calibereurope.com\/fr\/\",\"name\":\"Caliber\",\"description\":\"Sounds good!\",\"publisher\":{\"@id\":\"https:\/\/www.calibereurope.com\/fr\/#organization\"},\"potentialAction\":[{\"@type\":\"SearchAction\",\"target\":{\"@type\":\"EntryPoint\",\"urlTemplate\":\"https:\/\/www.calibereurope.com\/fr\/?s={search_term_string}\"},\"query-input\":{\"@type\":\"PropertyValueSpecification\",\"valueRequired\":true,\"valueName\":\"search_term_string\"}}],\"inLanguage\":\"fr-FR\"},{\"@type\":\"Organization\",\"@id\":\"https:\/\/www.calibereurope.com\/fr\/#organization\",\"name\":\"Caliber Europe B.V.\",\"url\":\"https:\/\/www.calibereurope.com\/fr\/\",\"logo\":{\"@type\":\"ImageObject\",\"inLanguage\":\"fr-FR\",\"@id\":\"https:\/\/www.calibereurope.com\/fr\/#\/schema\/logo\/image\/\",\"url\":\"https:\/\/www.calibereurope.com\/wp-content\/uploads\/2019\/11\/Logo-Caliber-e1574846289621.png\",\"contentUrl\":\"https:\/\/www.calibereurope.com\/wp-content\/uploads\/2019\/11\/Logo-Caliber-e1574846289621.png\",\"width\":400,\"height\":69,\"caption\":\"Caliber Europe B.V.\"},\"image\":{\"@id\":\"https:\/\/www.calibereurope.com\/fr\/#\/schema\/logo\/image\/\"},\"sameAs\":[\"https:\/\/facebook.com\/CaliberEurope\/\",\"https:\/\/x.com\/calibereurope\",\"https:\/\/www.instagram.com\/calibereurope\/\"]}]}<\/script>\n<meta property=\"product:price:amount\" content=\"19.95\" \/>\n<meta property=\"product:price:currency\" content=\"EUR\" \/>\n<meta property=\"og:availability\" content=\"instock\" \/>\n<meta property=\"product:availability\" content=\"instock\" \/>\n<meta property=\"product:retailer_item_id\" content=\"HCG022\" \/>\n<meta property=\"product:condition\" content=\"new\" \/>\n<!-- \/ Yoast SEO plugin. -->","yoast_head_json":{"title":"R\u00e9veil num\u00e9rique \u00ab Slim-line \u00bb - R\u00e9veil double - Grand \u00e9cran rouge - Port USB (HCG022) | Caliber","robots":{"index":"index","follow":"follow","max-snippet":"max-snippet:-1","max-image-preview":"max-image-preview:large","max-video-preview":"max-video-preview:-1"},"canonical":"https:\/\/www.calibereurope.com\/fr\/produit\/HCG022-fr_FR\/","og_locale":"fr_FR","og_type":"article","og_title":"R\u00e9veil num\u00e9rique \u00ab Slim-line \u00bb - R\u00e9veil double - Grand \u00e9cran rouge - Port USB (HCG022) | Caliber","og_description":"Grand \u00e9cran rougeDesign extra-platLuminosit\u00e9 r\u00e9glable2 heures d'alarmeFonction SnoozeBatterie de secoursPeut \u00eatre utilis\u00e9 aussi bien debout que fix\u00e9 au murSortie USB (1A) pour la rechargePas de fonction FM","og_url":"https:\/\/www.calibereurope.com\/fr\/produit\/HCG022-fr_FR\/","og_site_name":"Caliber","article_publisher":"https:\/\/facebook.com\/CaliberEurope\/","article_modified_time":"2026-01-05T13:34:57+00:00","og_image":[{"width":1024,"height":768,"url":"https:\/\/www.calibereurope.com\/wp-content\/uploads\/2023\/01\/23fdbb81e8dc5e2cac5eededad68fd93d2e23aa3_HCG022-14.jpg","type":"image\/jpeg"}],"twitter_card":"summary_large_image","twitter_site":"@calibereurope","twitter_misc":{"Prix":"19,95","Availability":"In stock"},"schema":{"@context":"https:\/\/schema.org","@graph":[{"@type":"WebPage","@id":"https:\/\/www.calibereurope.com\/fr\/produit\/HCG022-fr_FR\/","url":"https:\/\/www.calibereurope.com\/fr\/produit\/HCG022-fr_FR\/","name":"R\u00e9veil num\u00e9rique \u00ab Slim-line \u00bb - R\u00e9veil double - Grand \u00e9cran rouge - Port USB (HCG022) | Caliber","isPartOf":{"@id":"https:\/\/www.calibereurope.com\/fr\/#website"},"primaryImageOfPage":{"@id":"https:\/\/www.calibereurope.com\/fr\/produit\/HCG022-fr_FR\/#primaryimage"},"image":{"@id":"https:\/\/www.calibereurope.com\/fr\/produit\/HCG022-fr_FR\/#primaryimage"},"thumbnailUrl":"https:\/\/www.calibereurope.com\/wp-content\/uploads\/2026\/01\/23fdbb81e8dc5e2cac5eededad68fd93d2e23aa3_HCG022-2.jpg","datePublished":"2026-01-05T00:00:00+00:00","dateModified":"2026-01-05T13:34:57+00:00","breadcrumb":{"@id":"https:\/\/www.calibereurope.com\/fr\/produit\/HCG022-fr_FR\/#breadcrumb"},"inLanguage":"fr-FR","potentialAction":[{"@type":"ReadAction","target":["https:\/\/www.calibereurope.com\/fr\/produit\/HCG022-fr_FR\/"]}]},{"@type":"ImageObject","inLanguage":"fr-FR","@id":"https:\/\/www.calibereurope.com\/fr\/produit\/HCG022-fr_FR\/#primaryimage","url":"https:\/\/www.calibereurope.com\/wp-content\/uploads\/2026\/01\/23fdbb81e8dc5e2cac5eededad68fd93d2e23aa3_HCG022-2.jpg","contentUrl":"https:\/\/www.calibereurope.com\/wp-content\/uploads\/2026\/01\/23fdbb81e8dc5e2cac5eededad68fd93d2e23aa3_HCG022-2.jpg","width":1024,"height":768},{"@type":"BreadcrumbList","@id":"https:\/\/www.calibereurope.com\/fr\/produit\/HCG022-fr_FR\/#breadcrumb","itemListElement":[{"@type":"ListItem","position":1,"name":"Home","item":"https:\/\/www.calibereurope.com\/fr\/"},{"@type":"ListItem","position":2,"name":"Boutique en ligne","item":"https:\/\/www.calibereurope.com\/fr\/boutique-en-ligne\/"},{"@type":"ListItem","position":3,"name":"Vivre","item":"https:\/\/www.calibereurope.com\/fr\/wonen_fr_FR\/"},{"@type":"ListItem","position":4,"name":"R\u00e9veil (radios)","item":"https:\/\/www.calibereurope.com\/fr\/wonen_fr_FR\/wekker_radios_fr_FR\/"},{"@type":"ListItem","position":5,"name":"R\u00e9veil num\u00e9rique \u00ab Slim-line \u00bb &#8211; R\u00e9veil double &#8211; Grand \u00e9cran rouge &#8211; Port USB (HCG022)"}]},{"@type":"WebSite","@id":"https:\/\/www.calibereurope.com\/fr\/#website","url":"https:\/\/www.calibereurope.com\/fr\/","name":"Caliber","description":"Sounds good!","publisher":{"@id":"https:\/\/www.calibereurope.com\/fr\/#organization"},"potentialAction":[{"@type":"SearchAction","target":{"@type":"EntryPoint","urlTemplate":"https:\/\/www.calibereurope.com\/fr\/?s={search_term_string}"},"query-input":{"@type":"PropertyValueSpecification","valueRequired":true,"valueName":"search_term_string"}}],"inLanguage":"fr-FR"},{"@type":"Organization","@id":"https:\/\/www.calibereurope.com\/fr\/#organization","name":"Caliber Europe B.V.","url":"https:\/\/www.calibereurope.com\/fr\/","logo":{"@type":"ImageObject","inLanguage":"fr-FR","@id":"https:\/\/www.calibereurope.com\/fr\/#\/schema\/logo\/image\/","url":"https:\/\/www.calibereurope.com\/wp-content\/uploads\/2019\/11\/Logo-Caliber-e1574846289621.png","contentUrl":"https:\/\/www.calibereurope.com\/wp-content\/uploads\/2019\/11\/Logo-Caliber-e1574846289621.png","width":400,"height":69,"caption":"Caliber Europe B.V."},"image":{"@id":"https:\/\/www.calibereurope.com\/fr\/#\/schema\/logo\/image\/"},"sameAs":["https:\/\/facebook.com\/CaliberEurope\/","https:\/\/x.com\/calibereurope","https:\/\/www.instagram.com\/calibereurope\/"]}]},"product_price_amount":"19.95","product_price_currency":"EUR","og_availability":"instock","product_availability":"instock","product_retailer_item_id":"HCG022","product_condition":"new"},"_links":{"self":[{"href":"https:\/\/www.calibereurope.com\/fr\/wp-json\/wp\/v2\/product\/224281","targetHints":{"allow":["GET"]}}],"collection":[{"href":"https:\/\/www.calibereurope.com\/fr\/wp-json\/wp\/v2\/product"}],"about":[{"href":"https:\/\/www.calibereurope.com\/fr\/wp-json\/wp\/v2\/types\/product"}],"replies":[{"embeddable":true,"href":"https:\/\/www.calibereurope.com\/fr\/wp-json\/wp\/v2\/comments?post=224281"}],"wp:featuredmedia":[{"embeddable":true,"href":"https:\/\/www.calibereurope.com\/fr\/wp-json\/wp\/v2\/media\/1686224"}],"wp:attachment":[{"href":"https:\/\/www.calibereurope.com\/fr\/wp-json\/wp\/v2\/media?parent=224281"}],"wp:term":[{"taxonomy":"product_brand","embeddable":true,"href":"https:\/\/www.calibereurope.com\/fr\/wp-json\/wp\/v2\/product_brand?post=224281"},{"taxonomy":"product_cat","embeddable":true,"href":"https:\/\/www.calibereurope.com\/fr\/wp-json\/wp\/v2\/product_cat?post=224281"},{"taxonomy":"product_tag","embeddable":true,"href":"https:\/\/www.calibereurope.com\/fr\/wp-json\/wp\/v2\/product_tag?post=224281"}],"curies":[{"name":"wp","href":"https:\/\/api.w.org\/{rel}","templated":true}]}}